{"id":3763,"date":"2023-11-01T13:02:14","date_gmt":"2023-11-01T13:02:14","guid":{"rendered":"https:\/\/fullsolutionsequip.com\/?post_type=product&#038;p=3763"},"modified":"2024-02-19T16:15:58","modified_gmt":"2024-02-19T16:15:58","slug":"chalmit-nexled","status":"publish","type":"product","link":"https:\/\/fullsolutions.info\/en\/product\/chalmit-nexled\/","title":{"rendered":"Chalmit NexLED"},"content":{"rendered":"<div class=\"elementor-element elementor-element-b17befe elementor-widget elementor-widget-heading\" data-id=\"b17befe\" data-element_type=\"widget\" data-widget_type=\"heading.default\">\n<div class=\"elementor-widget-container\">\n<p class=\"elementor-heading-title elementor-size-default\"><strong>Descri\u00e7\u00e3o<\/strong><\/p>\n<\/div>\n<\/div>\n<div class=\"elementor-element elementor-element-2dbd9d0 elementor-widget elementor-widget-text-editor\" data-id=\"2dbd9d0\" data-element_type=\"widget\" data-widget_type=\"text-editor.default\">\n<div class=\"elementor-widget-container\">\n<div class=\"elementor-text-editor elementor-clearfix\">\n<p>A lumin\u00e1ria NexLED bulkhead utiliza diodos emissores de luz (LED) de 1 Watt de alta sa\u00edda que fornecem uma luz branca instant\u00e2nea que \u00e9 altamente vis\u00edvel.\u00a0Projetado para aplica\u00e7\u00f5es de baixo perfil, o anteparo pode ser montado em paredes, corrim\u00e3os e tetos, tornando-o ideal para passarelas ou \u00e1reas de altura restrita.\u00a0Sua excelente faixa de temperatura de -45 \u00b0 C a + 55 \u00b0 C o torna uma solu\u00e7\u00e3o de ilumina\u00e7\u00e3o global, fornecendo ilumina\u00e7\u00e3o de alta qualidade em temperaturas extremas.\u00a0A op\u00e7\u00e3o de LED verde tamb\u00e9m est\u00e1 dispon\u00edvel.<\/p>\n<ul>\n<li>Instala\u00e7\u00e3o para grupos de g\u00e1s IIA, IIB e IIC.<\/li>\n<li>Luz instant\u00e2nea altamente vis\u00edvel.<\/li>\n<li>F\u00e1cil de instalar e manter.<\/li>\n<li>Vida ultralonga, sem necessidade de re-lamping.<\/li>\n<li>Mais de 60.000 horas * de opera\u00e7\u00e3o cont\u00ednua.<\/li>\n<li>Consumo de energia muito baixo.<\/li>\n<li>Altamente eficiente em termos de energia.<\/li>\n<li>\u00a0Aplicativos de baixo perfil<\/li>\n<li>Exe<\/li>\n<li>Passarelas<\/li>\n<li>\u00c1reas de Altura Restrita<\/li>\n<li>Aplica\u00e7\u00f5es de temperatura extrema<\/li>\n<\/ul>\n<p>Os anteparos oferecem uma solu\u00e7\u00e3o compacta e vers\u00e1til para muitas aplica\u00e7\u00f5es, especialmente em condi\u00e7\u00f5es expostas com altos n\u00edveis de poeira e umidade.<\/p>\n<\/div>\n<\/div>\n<\/div>","protected":false},"excerpt":{"rendered":"<p>Descri\u00e7\u00e3o A lumin\u00e1ria NexLED bulkhead utiliza diodos emissores de luz (LED) de 1 Watt de alta sa\u00edda que fornecem uma luz branca instant\u00e2nea que \u00e9 altamente vis\u00edvel.\u00a0Projetado para aplica\u00e7\u00f5es de baixo perfil, o anteparo pode ser montado em paredes, corrim\u00e3os e tetos, tornando-o ideal para passarelas ou \u00e1reas de altura restrita.\u00a0Sua excelente faixa de temperatura de -45 \u00b0 C a + 55 \u00b0 C o torna uma solu\u00e7\u00e3o de ilumina\u00e7\u00e3o global, fornecendo ilumina\u00e7\u00e3o de alta qualidade em temperaturas extremas.\u00a0A op\u00e7\u00e3o de LED verde tamb\u00e9m est\u00e1 dispon\u00edvel. Instala\u00e7\u00e3o para grupos de g\u00e1s IIA, IIB e IIC. Luz instant\u00e2nea altamente vis\u00edvel. F\u00e1cil de instalar e manter. Vida ultralonga, sem necessidade de re-lamping. Mais de 60.000 horas * de opera\u00e7\u00e3o cont\u00ednua. Consumo de energia muito baixo. Altamente eficiente em termos de energia. \u00a0Aplicativos de baixo perfil Exe Passarelas \u00c1reas de Altura Restrita Aplica\u00e7\u00f5es de temperatura extrema Os anteparos oferecem uma solu\u00e7\u00e3o compacta e vers\u00e1til para muitas aplica\u00e7\u00f5es, especialmente em condi\u00e7\u00f5es expostas com altos n\u00edveis de poeira e umidade.<\/p>","protected":false},"featured_media":3764,"comment_status":"open","ping_status":"closed","template":"","meta":{"_joinchat":[]},"product_brand":[],"product_cat":[135],"product_tag":[],"marca":[83],"class_list":{"0":"post-3763","1":"product","2":"type-product","3":"status-publish","4":"has-post-thumbnail","6":"product_cat-iluminacao","7":"marca-chalmit","9":"first","10":"instock","11":"shipping-taxable","12":"purchasable","13":"product-type-simple"},"yoast_head":"<!-- This site is optimized with the Yoast SEO plugin v27.2 - https:\/\/yoast.com\/product\/yoast-seo-wordpress\/ -->\n<title>Chalmit NexLED - Full Solutions<\/title>\n<meta name=\"robots\" content=\"index, follow, max-snippet:-1, max-image-preview:large, max-video-preview:-1\" \/>\n<link rel=\"canonical\" href=\"https:\/\/fullsolutions.info\/en\/product\/chalmit-nexled\/\" \/>\n<meta property=\"og:locale\" content=\"en_US\" \/>\n<meta property=\"og:type\" content=\"article\" \/>\n<meta property=\"og:title\" content=\"Chalmit NexLED - Full Solutions\" \/>\n<meta property=\"og:description\" content=\"Descri\u00e7\u00e3o A lumin\u00e1ria NexLED bulkhead utiliza diodos emissores de luz (LED) de 1 Watt de alta sa\u00edda que fornecem uma luz branca instant\u00e2nea que \u00e9 altamente vis\u00edvel.\u00a0Projetado para aplica\u00e7\u00f5es de baixo perfil, o anteparo pode ser montado em paredes, corrim\u00e3os e tetos, tornando-o ideal para passarelas ou \u00e1reas de altura restrita.\u00a0Sua excelente faixa de temperatura de -45 \u00b0 C a + 55 \u00b0 C o torna uma solu\u00e7\u00e3o de ilumina\u00e7\u00e3o global, fornecendo ilumina\u00e7\u00e3o de alta qualidade em temperaturas extremas.\u00a0A op\u00e7\u00e3o de LED verde tamb\u00e9m est\u00e1 dispon\u00edvel. Instala\u00e7\u00e3o para grupos de g\u00e1s IIA, IIB e IIC. Luz instant\u00e2nea altamente vis\u00edvel. F\u00e1cil de instalar e manter. Vida ultralonga, sem necessidade de re-lamping. Mais de 60.000 horas * de opera\u00e7\u00e3o cont\u00ednua. Consumo de energia muito baixo. Altamente eficiente em termos de energia. \u00a0Aplicativos de baixo perfil Exe Passarelas \u00c1reas de Altura Restrita Aplica\u00e7\u00f5es de temperatura extrema Os anteparos oferecem uma solu\u00e7\u00e3o compacta e vers\u00e1til para muitas aplica\u00e7\u00f5es, especialmente em condi\u00e7\u00f5es expostas com altos n\u00edveis de poeira e umidade.\" \/>\n<meta property=\"og:url\" content=\"https:\/\/fullsolutions.info\/en\/product\/chalmit-nexled\/\" \/>\n<meta property=\"og:site_name\" content=\"Full Solutions\" \/>\n<meta property=\"article:modified_time\" content=\"2024-02-19T16:15:58+00:00\" \/>\n<meta property=\"og:image\" content=\"https:\/\/mlhff0prgoxu.i.optimole.com\/cb:s0sM.767\/w:auto\/h:auto\/q:mauto\/f:best\/https:\/\/fullsolutions.info\/wp-content\/uploads\/2023\/11\/9-2.png\" \/>\n\t<meta property=\"og:image:width\" content=\"560\" \/>\n\t<meta property=\"og:image:height\" content=\"315\" \/>\n\t<meta property=\"og:image:type\" content=\"image\/png\" \/>\n<meta name=\"twitter:card\" content=\"summary_large_image\" \/>\n<meta name=\"twitter:label1\" content=\"Est. reading time\" \/>\n\t<meta name=\"twitter:data1\" content=\"1 minute\" \/>\n<script type=\"application\/ld+json\" class=\"yoast-schema-graph\">{\"@context\":\"https:\/\/schema.org\",\"@graph\":[{\"@type\":\"WebPage\",\"@id\":\"https:\/\/fullsolutions.info\/produto\/chalmit-nexled\/\",\"url\":\"https:\/\/fullsolutions.info\/produto\/chalmit-nexled\/\",\"name\":\"Chalmit NexLED - Full Solutions\",\"isPartOf\":{\"@id\":\"https:\/\/fullsolutions.info\/#website\"},\"primaryImageOfPage\":{\"@id\":\"https:\/\/fullsolutions.info\/produto\/chalmit-nexled\/#primaryimage\"},\"image\":{\"@id\":\"https:\/\/fullsolutions.info\/produto\/chalmit-nexled\/#primaryimage\"},\"thumbnailUrl\":\"https:\/\/mlhff0prgoxu.i.optimole.com\/cb:s0sM.767\/w:auto\/h:auto\/q:mauto\/f:best\/https:\/\/fullsolutions.info\/wp-content\/uploads\/2023\/11\/9-2.png\",\"datePublished\":\"2023-11-01T13:02:14+00:00\",\"dateModified\":\"2024-02-19T16:15:58+00:00\",\"breadcrumb\":{\"@id\":\"https:\/\/fullsolutions.info\/produto\/chalmit-nexled\/#breadcrumb\"},\"inLanguage\":\"en-US\",\"potentialAction\":[{\"@type\":\"ReadAction\",\"target\":[\"https:\/\/fullsolutions.info\/produto\/chalmit-nexled\/\"]}]},{\"@type\":\"ImageObject\",\"inLanguage\":\"en-US\",\"@id\":\"https:\/\/fullsolutions.info\/produto\/chalmit-nexled\/#primaryimage\",\"url\":\"https:\/\/mlhff0prgoxu.i.optimole.com\/cb:s0sM.767\/w:auto\/h:auto\/q:mauto\/f:best\/https:\/\/fullsolutions.info\/wp-content\/uploads\/2023\/11\/9-2.png\",\"contentUrl\":\"https:\/\/mlhff0prgoxu.i.optimole.com\/cb:s0sM.767\/w:auto\/h:auto\/q:mauto\/f:best\/https:\/\/fullsolutions.info\/wp-content\/uploads\/2023\/11\/9-2.png\",\"width\":560,\"height\":315},{\"@type\":\"BreadcrumbList\",\"@id\":\"https:\/\/fullsolutions.info\/produto\/chalmit-nexled\/#breadcrumb\",\"itemListElement\":[{\"@type\":\"ListItem\",\"position\":1,\"name\":\"In\u00edcio\",\"item\":\"https:\/\/fullsolutions.info\/\"},{\"@type\":\"ListItem\",\"position\":2,\"name\":\"Produtos\",\"item\":\"https:\/\/fullsolutions.info\/shop\/\"},{\"@type\":\"ListItem\",\"position\":3,\"name\":\"Chalmit NexLED\"}]},{\"@type\":\"WebSite\",\"@id\":\"https:\/\/fullsolutions.info\/#website\",\"url\":\"https:\/\/fullsolutions.info\/\",\"name\":\"Full Solutions\",\"description\":\"Empresa na \u00c1rea de Procurement\",\"publisher\":{\"@id\":\"https:\/\/fullsolutions.info\/#organization\"},\"potentialAction\":[{\"@type\":\"SearchAction\",\"target\":{\"@type\":\"EntryPoint\",\"urlTemplate\":\"https:\/\/fullsolutions.info\/?s={search_term_string}\"},\"query-input\":{\"@type\":\"PropertyValueSpecification\",\"valueRequired\":true,\"valueName\":\"search_term_string\"}}],\"inLanguage\":\"en-US\"},{\"@type\":\"Organization\",\"@id\":\"https:\/\/fullsolutions.info\/#organization\",\"name\":\"Full Solutions\",\"url\":\"https:\/\/fullsolutions.info\/\",\"logo\":{\"@type\":\"ImageObject\",\"inLanguage\":\"en-US\",\"@id\":\"https:\/\/fullsolutions.info\/#\/schema\/logo\/image\/\",\"url\":\"https:\/\/mlhff0prgoxu.i.optimole.com\/cb:s0sM.767\/w:auto\/h:auto\/q:mauto\/f:best\/https:\/\/fullsolutions.info\/wp-content\/uploads\/2021\/07\/cropped-Design-sem-nome-300x193-1-e1627062664782.png\",\"contentUrl\":\"https:\/\/mlhff0prgoxu.i.optimole.com\/cb:s0sM.767\/w:auto\/h:auto\/q:mauto\/f:best\/https:\/\/fullsolutions.info\/wp-content\/uploads\/2021\/07\/cropped-Design-sem-nome-300x193-1-e1627062664782.png\",\"width\":202,\"height\":155,\"caption\":\"Full Solutions\"},\"image\":{\"@id\":\"https:\/\/fullsolutions.info\/#\/schema\/logo\/image\/\"},\"sameAs\":[\"https:\/\/www.linkedin.com\/company\/full-solutions-equipment\"]}]}<\/script>\n<!-- \/ Yoast SEO plugin. -->","yoast_head_json":{"title":"Chalmit NexLED - Full Solutions","robots":{"index":"index","follow":"follow","max-snippet":"max-snippet:-1","max-image-preview":"max-image-preview:large","max-video-preview":"max-video-preview:-1"},"canonical":"https:\/\/fullsolutions.info\/en\/product\/chalmit-nexled\/","og_locale":"en_US","og_type":"article","og_title":"Chalmit NexLED - Full Solutions","og_description":"Descri\u00e7\u00e3o A lumin\u00e1ria NexLED bulkhead utiliza diodos emissores de luz (LED) de 1 Watt de alta sa\u00edda que fornecem uma luz branca instant\u00e2nea que \u00e9 altamente vis\u00edvel.\u00a0Projetado para aplica\u00e7\u00f5es de baixo perfil, o anteparo pode ser montado em paredes, corrim\u00e3os e tetos, tornando-o ideal para passarelas ou \u00e1reas de altura restrita.\u00a0Sua excelente faixa de temperatura de -45 \u00b0 C a + 55 \u00b0 C o torna uma solu\u00e7\u00e3o de ilumina\u00e7\u00e3o global, fornecendo ilumina\u00e7\u00e3o de alta qualidade em temperaturas extremas.\u00a0A op\u00e7\u00e3o de LED verde tamb\u00e9m est\u00e1 dispon\u00edvel. Instala\u00e7\u00e3o para grupos de g\u00e1s IIA, IIB e IIC. Luz instant\u00e2nea altamente vis\u00edvel. F\u00e1cil de instalar e manter. Vida ultralonga, sem necessidade de re-lamping. Mais de 60.000 horas * de opera\u00e7\u00e3o cont\u00ednua. Consumo de energia muito baixo. Altamente eficiente em termos de energia. \u00a0Aplicativos de baixo perfil Exe Passarelas \u00c1reas de Altura Restrita Aplica\u00e7\u00f5es de temperatura extrema Os anteparos oferecem uma solu\u00e7\u00e3o compacta e vers\u00e1til para muitas aplica\u00e7\u00f5es, especialmente em condi\u00e7\u00f5es expostas com altos n\u00edveis de poeira e umidade.","og_url":"https:\/\/fullsolutions.info\/en\/product\/chalmit-nexled\/","og_site_name":"Full Solutions","article_modified_time":"2024-02-19T16:15:58+00:00","og_image":[{"width":560,"height":315,"url":"https:\/\/mlhff0prgoxu.i.optimole.com\/cb:s0sM.767\/w:auto\/h:auto\/q:mauto\/f:best\/https:\/\/fullsolutions.info\/wp-content\/uploads\/2023\/11\/9-2.png","type":"image\/png"}],"twitter_card":"summary_large_image","twitter_misc":{"Est. reading time":"1 minute"},"schema":{"@context":"https:\/\/schema.org","@graph":[{"@type":"WebPage","@id":"https:\/\/fullsolutions.info\/produto\/chalmit-nexled\/","url":"https:\/\/fullsolutions.info\/produto\/chalmit-nexled\/","name":"Chalmit NexLED - Full Solutions","isPartOf":{"@id":"https:\/\/fullsolutions.info\/#website"},"primaryImageOfPage":{"@id":"https:\/\/fullsolutions.info\/produto\/chalmit-nexled\/#primaryimage"},"image":{"@id":"https:\/\/fullsolutions.info\/produto\/chalmit-nexled\/#primaryimage"},"thumbnailUrl":"https:\/\/mlhff0prgoxu.i.optimole.com\/cb:s0sM.767\/w:auto\/h:auto\/q:mauto\/f:best\/https:\/\/fullsolutions.info\/wp-content\/uploads\/2023\/11\/9-2.png","datePublished":"2023-11-01T13:02:14+00:00","dateModified":"2024-02-19T16:15:58+00:00","breadcrumb":{"@id":"https:\/\/fullsolutions.info\/produto\/chalmit-nexled\/#breadcrumb"},"inLanguage":"en-US","potentialAction":[{"@type":"ReadAction","target":["https:\/\/fullsolutions.info\/produto\/chalmit-nexled\/"]}]},{"@type":"ImageObject","inLanguage":"en-US","@id":"https:\/\/fullsolutions.info\/produto\/chalmit-nexled\/#primaryimage","url":"https:\/\/mlhff0prgoxu.i.optimole.com\/cb:s0sM.767\/w:auto\/h:auto\/q:mauto\/f:best\/https:\/\/fullsolutions.info\/wp-content\/uploads\/2023\/11\/9-2.png","contentUrl":"https:\/\/mlhff0prgoxu.i.optimole.com\/cb:s0sM.767\/w:auto\/h:auto\/q:mauto\/f:best\/https:\/\/fullsolutions.info\/wp-content\/uploads\/2023\/11\/9-2.png","width":560,"height":315},{"@type":"BreadcrumbList","@id":"https:\/\/fullsolutions.info\/produto\/chalmit-nexled\/#breadcrumb","itemListElement":[{"@type":"ListItem","position":1,"name":"In\u00edcio","item":"https:\/\/fullsolutions.info\/"},{"@type":"ListItem","position":2,"name":"Produtos","item":"https:\/\/fullsolutions.info\/shop\/"},{"@type":"ListItem","position":3,"name":"Chalmit NexLED"}]},{"@type":"WebSite","@id":"https:\/\/fullsolutions.info\/#website","url":"https:\/\/fullsolutions.info\/","name":"Full Solutions","description":"Empresa na \u00c1rea de Procurement","publisher":{"@id":"https:\/\/fullsolutions.info\/#organization"},"potentialAction":[{"@type":"SearchAction","target":{"@type":"EntryPoint","urlTemplate":"https:\/\/fullsolutions.info\/?s={search_term_string}"},"query-input":{"@type":"PropertyValueSpecification","valueRequired":true,"valueName":"search_term_string"}}],"inLanguage":"en-US"},{"@type":"Organization","@id":"https:\/\/fullsolutions.info\/#organization","name":"Full Solutions","url":"https:\/\/fullsolutions.info\/","logo":{"@type":"ImageObject","inLanguage":"en-US","@id":"https:\/\/fullsolutions.info\/#\/schema\/logo\/image\/","url":"https:\/\/mlhff0prgoxu.i.optimole.com\/cb:s0sM.767\/w:auto\/h:auto\/q:mauto\/f:best\/https:\/\/fullsolutions.info\/wp-content\/uploads\/2021\/07\/cropped-Design-sem-nome-300x193-1-e1627062664782.png","contentUrl":"https:\/\/mlhff0prgoxu.i.optimole.com\/cb:s0sM.767\/w:auto\/h:auto\/q:mauto\/f:best\/https:\/\/fullsolutions.info\/wp-content\/uploads\/2021\/07\/cropped-Design-sem-nome-300x193-1-e1627062664782.png","width":202,"height":155,"caption":"Full Solutions"},"image":{"@id":"https:\/\/fullsolutions.info\/#\/schema\/logo\/image\/"},"sameAs":["https:\/\/www.linkedin.com\/company\/full-solutions-equipment"]}]}},"_links":{"self":[{"href":"https:\/\/fullsolutions.info\/en\/wp-json\/wp\/v2\/product\/3763","targetHints":{"allow":["GET"]}}],"collection":[{"href":"https:\/\/fullsolutions.info\/en\/wp-json\/wp\/v2\/product"}],"about":[{"href":"https:\/\/fullsolutions.info\/en\/wp-json\/wp\/v2\/types\/product"}],"replies":[{"embeddable":true,"href":"https:\/\/fullsolutions.info\/en\/wp-json\/wp\/v2\/comments?post=3763"}],"wp:featuredmedia":[{"embeddable":true,"href":"https:\/\/fullsolutions.info\/en\/wp-json\/wp\/v2\/media\/3764"}],"wp:attachment":[{"href":"https:\/\/fullsolutions.info\/en\/wp-json\/wp\/v2\/media?parent=3763"}],"wp:term":[{"taxonomy":"product_brand","embeddable":true,"href":"https:\/\/fullsolutions.info\/en\/wp-json\/wp\/v2\/product_brand?post=3763"},{"taxonomy":"product_cat","embeddable":true,"href":"https:\/\/fullsolutions.info\/en\/wp-json\/wp\/v2\/product_cat?post=3763"},{"taxonomy":"product_tag","embeddable":true,"href":"https:\/\/fullsolutions.info\/en\/wp-json\/wp\/v2\/product_tag?post=3763"},{"taxonomy":"marca","embeddable":true,"href":"https:\/\/fullsolutions.info\/en\/wp-json\/wp\/v2\/marca?post=3763"}],"curies":[{"name":"wp","href":"https:\/\/api.w.org\/{rel}","templated":true}]}}