{"id":3750,"date":"2023-11-01T12:58:23","date_gmt":"2023-11-01T12:58:23","guid":{"rendered":"https:\/\/fullsolutionsequip.com\/?post_type=product&#038;p=3750"},"modified":"2024-02-19T16:15:58","modified_gmt":"2024-02-19T16:15:58","slug":"chalmit-238-wellglass","status":"publish","type":"product","link":"https:\/\/fullsolutions.info\/en\/product\/chalmit-238-wellglass\/","title":{"rendered":"Chalmit 238 Wellglass"},"content":{"rendered":"<div class=\"elementor-element elementor-element-b17befe elementor-widget elementor-widget-heading\" data-id=\"b17befe\" data-element_type=\"widget\" data-widget_type=\"heading.default\">\n<div class=\"elementor-widget-container\">\n<p class=\"elementor-heading-title elementor-size-default\"><strong>Descri\u00e7\u00e3o<\/strong><\/p>\n<\/div>\n<\/div>\n<div class=\"elementor-element elementor-element-2dbd9d0 elementor-widget elementor-widget-text-editor\" data-id=\"2dbd9d0\" data-element_type=\"widget\" data-widget_type=\"text-editor.default\">\n<div class=\"elementor-widget-container\">\n<div class=\"elementor-text-editor elementor-clearfix\">\n<p>A lumin\u00e1ria de vidro de 238 \u00e9 ideal para uso onde uma fonte compacta e poderosa de ilumina\u00e7\u00e3o de \u00e1rea \u00e9 necess\u00e1ria.\u00a0A faixa de \u00e1rea de risco acomoda l\u00e2mpadas de descarga de alta press\u00e3o de at\u00e9 250W.\u00a0Refletores externos est\u00e3o dispon\u00edveis para fornecer controle de luz para opera\u00e7\u00e3o eficiente de altura baixa e m\u00e9dia.\u00a0A lumin\u00e1ria \u00e9 feita de liga de alum\u00ednio resistente \u00e0 corros\u00e3o e vidro de boro-silicato temperado com fechos de a\u00e7o inoxid\u00e1vel.\u00a0Ele tem uma classifica\u00e7\u00e3o IP66 \/ 67.\u00a0A lumin\u00e1ria apresenta uma grande c\u00e2mara de terminal de seguran\u00e7a montada lateralmente, eliminando a necessidade de prensa-cabos \u00e0 prova de chamas e permitindo montagem embutida.<\/p>\n<ul>\n<li>Instala\u00e7\u00e3o para grupos de g\u00e1s IIA e IIB.<\/li>\n<li>Entradas de cabo Ex e e looping como padr\u00e3o.<\/li>\n<li>Corrente de \u00e2ncora no conjunto da tampa de vidro.<\/li>\n<li>Prote\u00e7\u00e3o de alta entrada.<\/li>\n<li>Refletor externo (op\u00e7\u00e3o).<\/li>\n<li>Aplica\u00e7\u00f5es de baixa temperatura at\u00e9 -50 \u00b0 C.<\/li>\n<li>Constru\u00e7\u00e3o compacta.<\/li>\n<li>ATEX Certified, GOST R e CSA Approved e IECEx Compliant.<\/li>\n<\/ul>\n<p>A ampla faixa de temperatura ambiente torna o 238 adequado para condi\u00e7\u00f5es ambientais extremas.<\/p>\n<\/div>\n<\/div>\n<\/div>","protected":false},"excerpt":{"rendered":"<p>Descri\u00e7\u00e3o A lumin\u00e1ria de vidro de 238 \u00e9 ideal para uso onde uma fonte compacta e poderosa de ilumina\u00e7\u00e3o de \u00e1rea \u00e9 necess\u00e1ria.\u00a0A faixa de \u00e1rea de risco acomoda l\u00e2mpadas de descarga de alta press\u00e3o de at\u00e9 250W.\u00a0Refletores externos est\u00e3o dispon\u00edveis para fornecer controle de luz para opera\u00e7\u00e3o eficiente de altura baixa e m\u00e9dia.\u00a0A lumin\u00e1ria \u00e9 feita de liga de alum\u00ednio resistente \u00e0 corros\u00e3o e vidro de boro-silicato temperado com fechos de a\u00e7o inoxid\u00e1vel.\u00a0Ele tem uma classifica\u00e7\u00e3o IP66 \/ 67.\u00a0A lumin\u00e1ria apresenta uma grande c\u00e2mara de terminal de seguran\u00e7a montada lateralmente, eliminando a necessidade de prensa-cabos \u00e0 prova de chamas e permitindo montagem embutida. Instala\u00e7\u00e3o para grupos de g\u00e1s IIA e IIB. Entradas de cabo Ex e e looping como padr\u00e3o. Corrente de \u00e2ncora no conjunto da tampa de vidro. Prote\u00e7\u00e3o de alta entrada. Refletor externo (op\u00e7\u00e3o). Aplica\u00e7\u00f5es de baixa temperatura at\u00e9 -50 \u00b0 C. Constru\u00e7\u00e3o compacta. ATEX Certified, GOST R e CSA Approved e IECEx Compliant. A ampla faixa de temperatura ambiente torna o 238 adequado para condi\u00e7\u00f5es ambientais extremas.<\/p>","protected":false},"featured_media":3751,"comment_status":"open","ping_status":"closed","template":"","meta":{"_joinchat":[]},"product_brand":[],"product_cat":[135],"product_tag":[],"marca":[83],"class_list":{"0":"post-3750","1":"product","2":"type-product","3":"status-publish","4":"has-post-thumbnail","6":"product_cat-iluminacao","7":"marca-chalmit","9":"first","10":"instock","11":"shipping-taxable","12":"purchasable","13":"product-type-simple"},"yoast_head":"<!-- This site is optimized with the Yoast SEO plugin v27.2 - https:\/\/yoast.com\/product\/yoast-seo-wordpress\/ -->\n<title>Chalmit 238 Wellglass - Full Solutions<\/title>\n<meta name=\"robots\" content=\"index, follow, max-snippet:-1, max-image-preview:large, max-video-preview:-1\" \/>\n<link rel=\"canonical\" href=\"https:\/\/fullsolutions.info\/en\/product\/chalmit-238-wellglass\/\" \/>\n<meta property=\"og:locale\" content=\"en_US\" \/>\n<meta property=\"og:type\" content=\"article\" \/>\n<meta property=\"og:title\" content=\"Chalmit 238 Wellglass - Full Solutions\" \/>\n<meta property=\"og:description\" content=\"Descri\u00e7\u00e3o A lumin\u00e1ria de vidro de 238 \u00e9 ideal para uso onde uma fonte compacta e poderosa de ilumina\u00e7\u00e3o de \u00e1rea \u00e9 necess\u00e1ria.\u00a0A faixa de \u00e1rea de risco acomoda l\u00e2mpadas de descarga de alta press\u00e3o de at\u00e9 250W.\u00a0Refletores externos est\u00e3o dispon\u00edveis para fornecer controle de luz para opera\u00e7\u00e3o eficiente de altura baixa e m\u00e9dia.\u00a0A lumin\u00e1ria \u00e9 feita de liga de alum\u00ednio resistente \u00e0 corros\u00e3o e vidro de boro-silicato temperado com fechos de a\u00e7o inoxid\u00e1vel.\u00a0Ele tem uma classifica\u00e7\u00e3o IP66 \/ 67.\u00a0A lumin\u00e1ria apresenta uma grande c\u00e2mara de terminal de seguran\u00e7a montada lateralmente, eliminando a necessidade de prensa-cabos \u00e0 prova de chamas e permitindo montagem embutida. Instala\u00e7\u00e3o para grupos de g\u00e1s IIA e IIB. Entradas de cabo Ex e e looping como padr\u00e3o. Corrente de \u00e2ncora no conjunto da tampa de vidro. Prote\u00e7\u00e3o de alta entrada. Refletor externo (op\u00e7\u00e3o). Aplica\u00e7\u00f5es de baixa temperatura at\u00e9 -50 \u00b0 C. Constru\u00e7\u00e3o compacta. ATEX Certified, GOST R e CSA Approved e IECEx Compliant. A ampla faixa de temperatura ambiente torna o 238 adequado para condi\u00e7\u00f5es ambientais extremas.\" \/>\n<meta property=\"og:url\" content=\"https:\/\/fullsolutions.info\/en\/product\/chalmit-238-wellglass\/\" \/>\n<meta property=\"og:site_name\" content=\"Full Solutions\" \/>\n<meta property=\"article:modified_time\" content=\"2024-02-19T16:15:58+00:00\" \/>\n<meta property=\"og:image\" content=\"https:\/\/mlhff0prgoxu.i.optimole.com\/cb:s0sM.767\/w:auto\/h:auto\/q:mauto\/f:best\/https:\/\/fullsolutions.info\/wp-content\/uploads\/2023\/11\/3-2.png\" \/>\n\t<meta property=\"og:image:width\" content=\"560\" \/>\n\t<meta property=\"og:image:height\" content=\"315\" \/>\n\t<meta property=\"og:image:type\" content=\"image\/png\" \/>\n<meta name=\"twitter:card\" content=\"summary_large_image\" \/>\n<meta name=\"twitter:label1\" content=\"Est. reading time\" \/>\n\t<meta name=\"twitter:data1\" content=\"1 minute\" \/>\n<script type=\"application\/ld+json\" class=\"yoast-schema-graph\">{\"@context\":\"https:\/\/schema.org\",\"@graph\":[{\"@type\":\"WebPage\",\"@id\":\"https:\/\/fullsolutions.info\/produto\/chalmit-238-wellglass\/\",\"url\":\"https:\/\/fullsolutions.info\/produto\/chalmit-238-wellglass\/\",\"name\":\"Chalmit 238 Wellglass - Full Solutions\",\"isPartOf\":{\"@id\":\"https:\/\/fullsolutions.info\/#website\"},\"primaryImageOfPage\":{\"@id\":\"https:\/\/fullsolutions.info\/produto\/chalmit-238-wellglass\/#primaryimage\"},\"image\":{\"@id\":\"https:\/\/fullsolutions.info\/produto\/chalmit-238-wellglass\/#primaryimage\"},\"thumbnailUrl\":\"https:\/\/mlhff0prgoxu.i.optimole.com\/cb:s0sM.767\/w:auto\/h:auto\/q:mauto\/f:best\/https:\/\/fullsolutions.info\/wp-content\/uploads\/2023\/11\/3-2.png\",\"datePublished\":\"2023-11-01T12:58:23+00:00\",\"dateModified\":\"2024-02-19T16:15:58+00:00\",\"breadcrumb\":{\"@id\":\"https:\/\/fullsolutions.info\/produto\/chalmit-238-wellglass\/#breadcrumb\"},\"inLanguage\":\"en-US\",\"potentialAction\":[{\"@type\":\"ReadAction\",\"target\":[\"https:\/\/fullsolutions.info\/produto\/chalmit-238-wellglass\/\"]}]},{\"@type\":\"ImageObject\",\"inLanguage\":\"en-US\",\"@id\":\"https:\/\/fullsolutions.info\/produto\/chalmit-238-wellglass\/#primaryimage\",\"url\":\"https:\/\/mlhff0prgoxu.i.optimole.com\/cb:s0sM.767\/w:auto\/h:auto\/q:mauto\/f:best\/https:\/\/fullsolutions.info\/wp-content\/uploads\/2023\/11\/3-2.png\",\"contentUrl\":\"https:\/\/mlhff0prgoxu.i.optimole.com\/cb:s0sM.767\/w:auto\/h:auto\/q:mauto\/f:best\/https:\/\/fullsolutions.info\/wp-content\/uploads\/2023\/11\/3-2.png\",\"width\":560,\"height\":315},{\"@type\":\"BreadcrumbList\",\"@id\":\"https:\/\/fullsolutions.info\/produto\/chalmit-238-wellglass\/#breadcrumb\",\"itemListElement\":[{\"@type\":\"ListItem\",\"position\":1,\"name\":\"In\u00edcio\",\"item\":\"https:\/\/fullsolutions.info\/\"},{\"@type\":\"ListItem\",\"position\":2,\"name\":\"Produtos\",\"item\":\"https:\/\/fullsolutions.info\/shop\/\"},{\"@type\":\"ListItem\",\"position\":3,\"name\":\"Chalmit 238 Wellglass\"}]},{\"@type\":\"WebSite\",\"@id\":\"https:\/\/fullsolutions.info\/#website\",\"url\":\"https:\/\/fullsolutions.info\/\",\"name\":\"Full Solutions\",\"description\":\"Empresa na \u00c1rea de Procurement\",\"publisher\":{\"@id\":\"https:\/\/fullsolutions.info\/#organization\"},\"potentialAction\":[{\"@type\":\"SearchAction\",\"target\":{\"@type\":\"EntryPoint\",\"urlTemplate\":\"https:\/\/fullsolutions.info\/?s={search_term_string}\"},\"query-input\":{\"@type\":\"PropertyValueSpecification\",\"valueRequired\":true,\"valueName\":\"search_term_string\"}}],\"inLanguage\":\"en-US\"},{\"@type\":\"Organization\",\"@id\":\"https:\/\/fullsolutions.info\/#organization\",\"name\":\"Full Solutions\",\"url\":\"https:\/\/fullsolutions.info\/\",\"logo\":{\"@type\":\"ImageObject\",\"inLanguage\":\"en-US\",\"@id\":\"https:\/\/fullsolutions.info\/#\/schema\/logo\/image\/\",\"url\":\"https:\/\/mlhff0prgoxu.i.optimole.com\/cb:s0sM.767\/w:auto\/h:auto\/q:mauto\/f:best\/https:\/\/fullsolutions.info\/wp-content\/uploads\/2021\/07\/cropped-Design-sem-nome-300x193-1-e1627062664782.png\",\"contentUrl\":\"https:\/\/mlhff0prgoxu.i.optimole.com\/cb:s0sM.767\/w:auto\/h:auto\/q:mauto\/f:best\/https:\/\/fullsolutions.info\/wp-content\/uploads\/2021\/07\/cropped-Design-sem-nome-300x193-1-e1627062664782.png\",\"width\":202,\"height\":155,\"caption\":\"Full Solutions\"},\"image\":{\"@id\":\"https:\/\/fullsolutions.info\/#\/schema\/logo\/image\/\"},\"sameAs\":[\"https:\/\/www.linkedin.com\/company\/full-solutions-equipment\"]}]}<\/script>\n<!-- \/ Yoast SEO plugin. -->","yoast_head_json":{"title":"Chalmit 238 Wellglass - Full Solutions","robots":{"index":"index","follow":"follow","max-snippet":"max-snippet:-1","max-image-preview":"max-image-preview:large","max-video-preview":"max-video-preview:-1"},"canonical":"https:\/\/fullsolutions.info\/en\/product\/chalmit-238-wellglass\/","og_locale":"en_US","og_type":"article","og_title":"Chalmit 238 Wellglass - Full Solutions","og_description":"Descri\u00e7\u00e3o A lumin\u00e1ria de vidro de 238 \u00e9 ideal para uso onde uma fonte compacta e poderosa de ilumina\u00e7\u00e3o de \u00e1rea \u00e9 necess\u00e1ria.\u00a0A faixa de \u00e1rea de risco acomoda l\u00e2mpadas de descarga de alta press\u00e3o de at\u00e9 250W.\u00a0Refletores externos est\u00e3o dispon\u00edveis para fornecer controle de luz para opera\u00e7\u00e3o eficiente de altura baixa e m\u00e9dia.\u00a0A lumin\u00e1ria \u00e9 feita de liga de alum\u00ednio resistente \u00e0 corros\u00e3o e vidro de boro-silicato temperado com fechos de a\u00e7o inoxid\u00e1vel.\u00a0Ele tem uma classifica\u00e7\u00e3o IP66 \/ 67.\u00a0A lumin\u00e1ria apresenta uma grande c\u00e2mara de terminal de seguran\u00e7a montada lateralmente, eliminando a necessidade de prensa-cabos \u00e0 prova de chamas e permitindo montagem embutida. Instala\u00e7\u00e3o para grupos de g\u00e1s IIA e IIB. Entradas de cabo Ex e e looping como padr\u00e3o. Corrente de \u00e2ncora no conjunto da tampa de vidro. Prote\u00e7\u00e3o de alta entrada. Refletor externo (op\u00e7\u00e3o). Aplica\u00e7\u00f5es de baixa temperatura at\u00e9 -50 \u00b0 C. Constru\u00e7\u00e3o compacta. ATEX Certified, GOST R e CSA Approved e IECEx Compliant. A ampla faixa de temperatura ambiente torna o 238 adequado para condi\u00e7\u00f5es ambientais extremas.","og_url":"https:\/\/fullsolutions.info\/en\/product\/chalmit-238-wellglass\/","og_site_name":"Full Solutions","article_modified_time":"2024-02-19T16:15:58+00:00","og_image":[{"width":560,"height":315,"url":"https:\/\/mlhff0prgoxu.i.optimole.com\/cb:s0sM.767\/w:auto\/h:auto\/q:mauto\/f:best\/https:\/\/fullsolutions.info\/wp-content\/uploads\/2023\/11\/3-2.png","type":"image\/png"}],"twitter_card":"summary_large_image","twitter_misc":{"Est. reading time":"1 minute"},"schema":{"@context":"https:\/\/schema.org","@graph":[{"@type":"WebPage","@id":"https:\/\/fullsolutions.info\/produto\/chalmit-238-wellglass\/","url":"https:\/\/fullsolutions.info\/produto\/chalmit-238-wellglass\/","name":"Chalmit 238 Wellglass - Full Solutions","isPartOf":{"@id":"https:\/\/fullsolutions.info\/#website"},"primaryImageOfPage":{"@id":"https:\/\/fullsolutions.info\/produto\/chalmit-238-wellglass\/#primaryimage"},"image":{"@id":"https:\/\/fullsolutions.info\/produto\/chalmit-238-wellglass\/#primaryimage"},"thumbnailUrl":"https:\/\/mlhff0prgoxu.i.optimole.com\/cb:s0sM.767\/w:auto\/h:auto\/q:mauto\/f:best\/https:\/\/fullsolutions.info\/wp-content\/uploads\/2023\/11\/3-2.png","datePublished":"2023-11-01T12:58:23+00:00","dateModified":"2024-02-19T16:15:58+00:00","breadcrumb":{"@id":"https:\/\/fullsolutions.info\/produto\/chalmit-238-wellglass\/#breadcrumb"},"inLanguage":"en-US","potentialAction":[{"@type":"ReadAction","target":["https:\/\/fullsolutions.info\/produto\/chalmit-238-wellglass\/"]}]},{"@type":"ImageObject","inLanguage":"en-US","@id":"https:\/\/fullsolutions.info\/produto\/chalmit-238-wellglass\/#primaryimage","url":"https:\/\/mlhff0prgoxu.i.optimole.com\/cb:s0sM.767\/w:auto\/h:auto\/q:mauto\/f:best\/https:\/\/fullsolutions.info\/wp-content\/uploads\/2023\/11\/3-2.png","contentUrl":"https:\/\/mlhff0prgoxu.i.optimole.com\/cb:s0sM.767\/w:auto\/h:auto\/q:mauto\/f:best\/https:\/\/fullsolutions.info\/wp-content\/uploads\/2023\/11\/3-2.png","width":560,"height":315},{"@type":"BreadcrumbList","@id":"https:\/\/fullsolutions.info\/produto\/chalmit-238-wellglass\/#breadcrumb","itemListElement":[{"@type":"ListItem","position":1,"name":"In\u00edcio","item":"https:\/\/fullsolutions.info\/"},{"@type":"ListItem","position":2,"name":"Produtos","item":"https:\/\/fullsolutions.info\/shop\/"},{"@type":"ListItem","position":3,"name":"Chalmit 238 Wellglass"}]},{"@type":"WebSite","@id":"https:\/\/fullsolutions.info\/#website","url":"https:\/\/fullsolutions.info\/","name":"Full Solutions","description":"Empresa na \u00c1rea de Procurement","publisher":{"@id":"https:\/\/fullsolutions.info\/#organization"},"potentialAction":[{"@type":"SearchAction","target":{"@type":"EntryPoint","urlTemplate":"https:\/\/fullsolutions.info\/?s={search_term_string}"},"query-input":{"@type":"PropertyValueSpecification","valueRequired":true,"valueName":"search_term_string"}}],"inLanguage":"en-US"},{"@type":"Organization","@id":"https:\/\/fullsolutions.info\/#organization","name":"Full Solutions","url":"https:\/\/fullsolutions.info\/","logo":{"@type":"ImageObject","inLanguage":"en-US","@id":"https:\/\/fullsolutions.info\/#\/schema\/logo\/image\/","url":"https:\/\/mlhff0prgoxu.i.optimole.com\/cb:s0sM.767\/w:auto\/h:auto\/q:mauto\/f:best\/https:\/\/fullsolutions.info\/wp-content\/uploads\/2021\/07\/cropped-Design-sem-nome-300x193-1-e1627062664782.png","contentUrl":"https:\/\/mlhff0prgoxu.i.optimole.com\/cb:s0sM.767\/w:auto\/h:auto\/q:mauto\/f:best\/https:\/\/fullsolutions.info\/wp-content\/uploads\/2021\/07\/cropped-Design-sem-nome-300x193-1-e1627062664782.png","width":202,"height":155,"caption":"Full Solutions"},"image":{"@id":"https:\/\/fullsolutions.info\/#\/schema\/logo\/image\/"},"sameAs":["https:\/\/www.linkedin.com\/company\/full-solutions-equipment"]}]}},"_links":{"self":[{"href":"https:\/\/fullsolutions.info\/en\/wp-json\/wp\/v2\/product\/3750","targetHints":{"allow":["GET"]}}],"collection":[{"href":"https:\/\/fullsolutions.info\/en\/wp-json\/wp\/v2\/product"}],"about":[{"href":"https:\/\/fullsolutions.info\/en\/wp-json\/wp\/v2\/types\/product"}],"replies":[{"embeddable":true,"href":"https:\/\/fullsolutions.info\/en\/wp-json\/wp\/v2\/comments?post=3750"}],"wp:featuredmedia":[{"embeddable":true,"href":"https:\/\/fullsolutions.info\/en\/wp-json\/wp\/v2\/media\/3751"}],"wp:attachment":[{"href":"https:\/\/fullsolutions.info\/en\/wp-json\/wp\/v2\/media?parent=3750"}],"wp:term":[{"taxonomy":"product_brand","embeddable":true,"href":"https:\/\/fullsolutions.info\/en\/wp-json\/wp\/v2\/product_brand?post=3750"},{"taxonomy":"product_cat","embeddable":true,"href":"https:\/\/fullsolutions.info\/en\/wp-json\/wp\/v2\/product_cat?post=3750"},{"taxonomy":"product_tag","embeddable":true,"href":"https:\/\/fullsolutions.info\/en\/wp-json\/wp\/v2\/product_tag?post=3750"},{"taxonomy":"marca","embeddable":true,"href":"https:\/\/fullsolutions.info\/en\/wp-json\/wp\/v2\/marca?post=3750"}],"curies":[{"name":"wp","href":"https:\/\/api.w.org\/{rel}","templated":true}]}}