{"id":3739,"date":"2023-11-01T12:54:25","date_gmt":"2023-11-01T12:54:25","guid":{"rendered":"https:\/\/fullsolutionsequip.com\/?post_type=product&#038;p=3739"},"modified":"2024-02-19T16:15:59","modified_gmt":"2024-02-19T16:15:59","slug":"encaixe-pendente-ceag-ab50","status":"publish","type":"product","link":"https:\/\/fullsolutions.info\/en\/product\/encaixe-pendente-ceag-ab50\/","title":{"rendered":"Encaixe pendente CEAG AB50"},"content":{"rendered":"<div class=\"elementor-element elementor-element-b17befe elementor-widget elementor-widget-heading\" data-id=\"b17befe\" data-element_type=\"widget\" data-widget_type=\"heading.default\">\n<div class=\"elementor-widget-container\">\n<p class=\"elementor-heading-title elementor-size-default\"><strong>Descri\u00e7\u00e3o<\/strong><\/p>\n<\/div>\n<\/div>\n<div class=\"elementor-element elementor-element-2dbd9d0 elementor-widget elementor-widget-text-editor\" data-id=\"2dbd9d0\" data-element_type=\"widget\" data-widget_type=\"text-editor.default\">\n<div class=\"elementor-widget-container\">\n<div class=\"elementor-text-editor elementor-clearfix\">\n<p>Encaixe pendente incandescente adequado para Zonas 1, 2, 21 e 22<\/p>\n<p>Os acess\u00f3rios de luz suspensa com prote\u00e7\u00e3o contra explos\u00e3o para l\u00e2mpadas incandescentes e econ\u00f4micas, de descarga de alta intensidade e l\u00e2mpadas de indu\u00e7\u00e3o podem ser usados \u200b\u200bcom suas diferentes solu\u00e7\u00f5es de alojamento\u00a0em diferentes \u00e1reas.\u00a0As robustas lumin\u00e1rias \u00e0 prova de chamas t\u00eam sido utilizadas em muitas instala\u00e7\u00f5es industriais durante muitos anos e resistiram ao teste do tempo.<\/p>\n<h5><strong>Recursos<\/strong><\/h5>\n<ul>\n<li>Diferentes solu\u00e7\u00f5es de habita\u00e7\u00e3o com diferentes fontes de luz para quase todas as aplica\u00e7\u00f5es<\/li>\n<li>Design robusto para ambientes hostis<\/li>\n<li>Com grande compartimento de terminal Ex-d ou Ex-e<\/li>\n<li>Ampla faixa de temperatura ambiente dependendo da vers\u00e3o de -50 \u00b0 C a +55 \u00b0 C<\/li>\n<li>Certificado CU para a Comunidade Econ\u00f4mica da Eur\u00e1sia dispon\u00edvel<\/li>\n<li>Alto grau de prote\u00e7\u00e3o IP 66<\/li>\n<li>Atende aos mais altos requisitos de prote\u00e7\u00e3o contra corros\u00e3o e resist\u00eancia mec\u00e2nica<\/li>\n<\/ul>\n<\/div>\n<\/div>\n<\/div>","protected":false},"excerpt":{"rendered":"<p>Descri\u00e7\u00e3o Encaixe pendente incandescente adequado para Zonas 1, 2, 21 e 22 Os acess\u00f3rios de luz suspensa com prote\u00e7\u00e3o contra explos\u00e3o para l\u00e2mpadas incandescentes e econ\u00f4micas, de descarga de alta intensidade e l\u00e2mpadas de indu\u00e7\u00e3o podem ser usados \u200b\u200bcom suas diferentes solu\u00e7\u00f5es de alojamento\u00a0em diferentes \u00e1reas.\u00a0As robustas lumin\u00e1rias \u00e0 prova de chamas t\u00eam sido utilizadas em muitas instala\u00e7\u00f5es industriais durante muitos anos e resistiram ao teste do tempo. Recursos Diferentes solu\u00e7\u00f5es de habita\u00e7\u00e3o com diferentes fontes de luz para quase todas as aplica\u00e7\u00f5es Design robusto para ambientes hostis Com grande compartimento de terminal Ex-d ou Ex-e Ampla faixa de temperatura ambiente dependendo da vers\u00e3o de -50 \u00b0 C a +55 \u00b0 C Certificado CU para a Comunidade Econ\u00f4mica da Eur\u00e1sia dispon\u00edvel Alto grau de prote\u00e7\u00e3o IP 66 Atende aos mais altos requisitos de prote\u00e7\u00e3o contra corros\u00e3o e resist\u00eancia mec\u00e2nica<\/p>","protected":false},"featured_media":3740,"comment_status":"open","ping_status":"closed","template":"","meta":{"_joinchat":[]},"product_brand":[],"product_cat":[135],"product_tag":[],"marca":[84],"class_list":{"0":"post-3739","1":"product","2":"type-product","3":"status-publish","4":"has-post-thumbnail","6":"product_cat-iluminacao","7":"marca-eaton","9":"first","10":"instock","11":"shipping-taxable","12":"purchasable","13":"product-type-simple"},"yoast_head":"<!-- This site is optimized with the Yoast SEO plugin v27.2 - https:\/\/yoast.com\/product\/yoast-seo-wordpress\/ -->\n<title>Encaixe pendente CEAG AB50 - Full Solutions<\/title>\n<meta name=\"robots\" content=\"index, follow, max-snippet:-1, max-image-preview:large, max-video-preview:-1\" \/>\n<link rel=\"canonical\" href=\"https:\/\/fullsolutions.info\/en\/product\/encaixe-pendente-ceag-ab50\/\" \/>\n<meta property=\"og:locale\" content=\"en_US\" \/>\n<meta property=\"og:type\" content=\"article\" \/>\n<meta property=\"og:title\" content=\"Encaixe pendente CEAG AB50 - Full Solutions\" \/>\n<meta property=\"og:description\" content=\"Descri\u00e7\u00e3o Encaixe pendente incandescente adequado para Zonas 1, 2, 21 e 22 Os acess\u00f3rios de luz suspensa com prote\u00e7\u00e3o contra explos\u00e3o para l\u00e2mpadas incandescentes e econ\u00f4micas, de descarga de alta intensidade e l\u00e2mpadas de indu\u00e7\u00e3o podem ser usados \u200b\u200bcom suas diferentes solu\u00e7\u00f5es de alojamento\u00a0em diferentes \u00e1reas.\u00a0As robustas lumin\u00e1rias \u00e0 prova de chamas t\u00eam sido utilizadas em muitas instala\u00e7\u00f5es industriais durante muitos anos e resistiram ao teste do tempo. Recursos Diferentes solu\u00e7\u00f5es de habita\u00e7\u00e3o com diferentes fontes de luz para quase todas as aplica\u00e7\u00f5es Design robusto para ambientes hostis Com grande compartimento de terminal Ex-d ou Ex-e Ampla faixa de temperatura ambiente dependendo da vers\u00e3o de -50 \u00b0 C a +55 \u00b0 C Certificado CU para a Comunidade Econ\u00f4mica da Eur\u00e1sia dispon\u00edvel Alto grau de prote\u00e7\u00e3o IP 66 Atende aos mais altos requisitos de prote\u00e7\u00e3o contra corros\u00e3o e resist\u00eancia mec\u00e2nica\" \/>\n<meta property=\"og:url\" content=\"https:\/\/fullsolutions.info\/en\/product\/encaixe-pendente-ceag-ab50\/\" \/>\n<meta property=\"og:site_name\" content=\"Full Solutions\" \/>\n<meta property=\"article:modified_time\" content=\"2024-02-19T16:15:59+00:00\" \/>\n<meta property=\"og:image\" content=\"https:\/\/mlhff0prgoxu.i.optimole.com\/cb:s0sM.767\/w:auto\/h:auto\/q:mauto\/f:best\/https:\/\/fullsolutions.info\/wp-content\/uploads\/2023\/11\/98.png\" \/>\n\t<meta property=\"og:image:width\" content=\"560\" \/>\n\t<meta property=\"og:image:height\" content=\"315\" \/>\n\t<meta property=\"og:image:type\" content=\"image\/png\" \/>\n<meta name=\"twitter:card\" content=\"summary_large_image\" \/>\n<meta name=\"twitter:label1\" content=\"Est. reading time\" \/>\n\t<meta name=\"twitter:data1\" content=\"1 minute\" \/>\n<script type=\"application\/ld+json\" class=\"yoast-schema-graph\">{\"@context\":\"https:\/\/schema.org\",\"@graph\":[{\"@type\":\"WebPage\",\"@id\":\"https:\/\/fullsolutions.info\/produto\/encaixe-pendente-ceag-ab50\/\",\"url\":\"https:\/\/fullsolutions.info\/produto\/encaixe-pendente-ceag-ab50\/\",\"name\":\"Encaixe pendente CEAG AB50 - Full Solutions\",\"isPartOf\":{\"@id\":\"https:\/\/fullsolutions.info\/#website\"},\"primaryImageOfPage\":{\"@id\":\"https:\/\/fullsolutions.info\/produto\/encaixe-pendente-ceag-ab50\/#primaryimage\"},\"image\":{\"@id\":\"https:\/\/fullsolutions.info\/produto\/encaixe-pendente-ceag-ab50\/#primaryimage\"},\"thumbnailUrl\":\"https:\/\/mlhff0prgoxu.i.optimole.com\/cb:s0sM.767\/w:auto\/h:auto\/q:mauto\/f:best\/https:\/\/fullsolutions.info\/wp-content\/uploads\/2023\/11\/98.png\",\"datePublished\":\"2023-11-01T12:54:25+00:00\",\"dateModified\":\"2024-02-19T16:15:59+00:00\",\"breadcrumb\":{\"@id\":\"https:\/\/fullsolutions.info\/produto\/encaixe-pendente-ceag-ab50\/#breadcrumb\"},\"inLanguage\":\"en-US\",\"potentialAction\":[{\"@type\":\"ReadAction\",\"target\":[\"https:\/\/fullsolutions.info\/produto\/encaixe-pendente-ceag-ab50\/\"]}]},{\"@type\":\"ImageObject\",\"inLanguage\":\"en-US\",\"@id\":\"https:\/\/fullsolutions.info\/produto\/encaixe-pendente-ceag-ab50\/#primaryimage\",\"url\":\"https:\/\/mlhff0prgoxu.i.optimole.com\/cb:s0sM.767\/w:auto\/h:auto\/q:mauto\/f:best\/https:\/\/fullsolutions.info\/wp-content\/uploads\/2023\/11\/98.png\",\"contentUrl\":\"https:\/\/mlhff0prgoxu.i.optimole.com\/cb:s0sM.767\/w:auto\/h:auto\/q:mauto\/f:best\/https:\/\/fullsolutions.info\/wp-content\/uploads\/2023\/11\/98.png\",\"width\":560,\"height\":315},{\"@type\":\"BreadcrumbList\",\"@id\":\"https:\/\/fullsolutions.info\/produto\/encaixe-pendente-ceag-ab50\/#breadcrumb\",\"itemListElement\":[{\"@type\":\"ListItem\",\"position\":1,\"name\":\"In\u00edcio\",\"item\":\"https:\/\/fullsolutions.info\/\"},{\"@type\":\"ListItem\",\"position\":2,\"name\":\"Produtos\",\"item\":\"https:\/\/fullsolutions.info\/shop\/\"},{\"@type\":\"ListItem\",\"position\":3,\"name\":\"Encaixe pendente CEAG AB50\"}]},{\"@type\":\"WebSite\",\"@id\":\"https:\/\/fullsolutions.info\/#website\",\"url\":\"https:\/\/fullsolutions.info\/\",\"name\":\"Full Solutions\",\"description\":\"Empresa na \u00c1rea de Procurement\",\"publisher\":{\"@id\":\"https:\/\/fullsolutions.info\/#organization\"},\"potentialAction\":[{\"@type\":\"SearchAction\",\"target\":{\"@type\":\"EntryPoint\",\"urlTemplate\":\"https:\/\/fullsolutions.info\/?s={search_term_string}\"},\"query-input\":{\"@type\":\"PropertyValueSpecification\",\"valueRequired\":true,\"valueName\":\"search_term_string\"}}],\"inLanguage\":\"en-US\"},{\"@type\":\"Organization\",\"@id\":\"https:\/\/fullsolutions.info\/#organization\",\"name\":\"Full Solutions\",\"url\":\"https:\/\/fullsolutions.info\/\",\"logo\":{\"@type\":\"ImageObject\",\"inLanguage\":\"en-US\",\"@id\":\"https:\/\/fullsolutions.info\/#\/schema\/logo\/image\/\",\"url\":\"https:\/\/mlhff0prgoxu.i.optimole.com\/cb:s0sM.767\/w:auto\/h:auto\/q:mauto\/f:best\/https:\/\/fullsolutions.info\/wp-content\/uploads\/2021\/07\/cropped-Design-sem-nome-300x193-1-e1627062664782.png\",\"contentUrl\":\"https:\/\/mlhff0prgoxu.i.optimole.com\/cb:s0sM.767\/w:auto\/h:auto\/q:mauto\/f:best\/https:\/\/fullsolutions.info\/wp-content\/uploads\/2021\/07\/cropped-Design-sem-nome-300x193-1-e1627062664782.png\",\"width\":202,\"height\":155,\"caption\":\"Full Solutions\"},\"image\":{\"@id\":\"https:\/\/fullsolutions.info\/#\/schema\/logo\/image\/\"},\"sameAs\":[\"https:\/\/www.linkedin.com\/company\/full-solutions-equipment\"]}]}<\/script>\n<!-- \/ Yoast SEO plugin. -->","yoast_head_json":{"title":"Encaixe pendente CEAG AB50 - Full Solutions","robots":{"index":"index","follow":"follow","max-snippet":"max-snippet:-1","max-image-preview":"max-image-preview:large","max-video-preview":"max-video-preview:-1"},"canonical":"https:\/\/fullsolutions.info\/en\/product\/encaixe-pendente-ceag-ab50\/","og_locale":"en_US","og_type":"article","og_title":"Encaixe pendente CEAG AB50 - Full Solutions","og_description":"Descri\u00e7\u00e3o Encaixe pendente incandescente adequado para Zonas 1, 2, 21 e 22 Os acess\u00f3rios de luz suspensa com prote\u00e7\u00e3o contra explos\u00e3o para l\u00e2mpadas incandescentes e econ\u00f4micas, de descarga de alta intensidade e l\u00e2mpadas de indu\u00e7\u00e3o podem ser usados \u200b\u200bcom suas diferentes solu\u00e7\u00f5es de alojamento\u00a0em diferentes \u00e1reas.\u00a0As robustas lumin\u00e1rias \u00e0 prova de chamas t\u00eam sido utilizadas em muitas instala\u00e7\u00f5es industriais durante muitos anos e resistiram ao teste do tempo. Recursos Diferentes solu\u00e7\u00f5es de habita\u00e7\u00e3o com diferentes fontes de luz para quase todas as aplica\u00e7\u00f5es Design robusto para ambientes hostis Com grande compartimento de terminal Ex-d ou Ex-e Ampla faixa de temperatura ambiente dependendo da vers\u00e3o de -50 \u00b0 C a +55 \u00b0 C Certificado CU para a Comunidade Econ\u00f4mica da Eur\u00e1sia dispon\u00edvel Alto grau de prote\u00e7\u00e3o IP 66 Atende aos mais altos requisitos de prote\u00e7\u00e3o contra corros\u00e3o e resist\u00eancia mec\u00e2nica","og_url":"https:\/\/fullsolutions.info\/en\/product\/encaixe-pendente-ceag-ab50\/","og_site_name":"Full Solutions","article_modified_time":"2024-02-19T16:15:59+00:00","og_image":[{"width":560,"height":315,"url":"https:\/\/mlhff0prgoxu.i.optimole.com\/cb:s0sM.767\/w:auto\/h:auto\/q:mauto\/f:best\/https:\/\/fullsolutions.info\/wp-content\/uploads\/2023\/11\/98.png","type":"image\/png"}],"twitter_card":"summary_large_image","twitter_misc":{"Est. reading time":"1 minute"},"schema":{"@context":"https:\/\/schema.org","@graph":[{"@type":"WebPage","@id":"https:\/\/fullsolutions.info\/produto\/encaixe-pendente-ceag-ab50\/","url":"https:\/\/fullsolutions.info\/produto\/encaixe-pendente-ceag-ab50\/","name":"Encaixe pendente CEAG AB50 - Full Solutions","isPartOf":{"@id":"https:\/\/fullsolutions.info\/#website"},"primaryImageOfPage":{"@id":"https:\/\/fullsolutions.info\/produto\/encaixe-pendente-ceag-ab50\/#primaryimage"},"image":{"@id":"https:\/\/fullsolutions.info\/produto\/encaixe-pendente-ceag-ab50\/#primaryimage"},"thumbnailUrl":"https:\/\/mlhff0prgoxu.i.optimole.com\/cb:s0sM.767\/w:auto\/h:auto\/q:mauto\/f:best\/https:\/\/fullsolutions.info\/wp-content\/uploads\/2023\/11\/98.png","datePublished":"2023-11-01T12:54:25+00:00","dateModified":"2024-02-19T16:15:59+00:00","breadcrumb":{"@id":"https:\/\/fullsolutions.info\/produto\/encaixe-pendente-ceag-ab50\/#breadcrumb"},"inLanguage":"en-US","potentialAction":[{"@type":"ReadAction","target":["https:\/\/fullsolutions.info\/produto\/encaixe-pendente-ceag-ab50\/"]}]},{"@type":"ImageObject","inLanguage":"en-US","@id":"https:\/\/fullsolutions.info\/produto\/encaixe-pendente-ceag-ab50\/#primaryimage","url":"https:\/\/mlhff0prgoxu.i.optimole.com\/cb:s0sM.767\/w:auto\/h:auto\/q:mauto\/f:best\/https:\/\/fullsolutions.info\/wp-content\/uploads\/2023\/11\/98.png","contentUrl":"https:\/\/mlhff0prgoxu.i.optimole.com\/cb:s0sM.767\/w:auto\/h:auto\/q:mauto\/f:best\/https:\/\/fullsolutions.info\/wp-content\/uploads\/2023\/11\/98.png","width":560,"height":315},{"@type":"BreadcrumbList","@id":"https:\/\/fullsolutions.info\/produto\/encaixe-pendente-ceag-ab50\/#breadcrumb","itemListElement":[{"@type":"ListItem","position":1,"name":"In\u00edcio","item":"https:\/\/fullsolutions.info\/"},{"@type":"ListItem","position":2,"name":"Produtos","item":"https:\/\/fullsolutions.info\/shop\/"},{"@type":"ListItem","position":3,"name":"Encaixe pendente CEAG AB50"}]},{"@type":"WebSite","@id":"https:\/\/fullsolutions.info\/#website","url":"https:\/\/fullsolutions.info\/","name":"Full Solutions","description":"Empresa na \u00c1rea de Procurement","publisher":{"@id":"https:\/\/fullsolutions.info\/#organization"},"potentialAction":[{"@type":"SearchAction","target":{"@type":"EntryPoint","urlTemplate":"https:\/\/fullsolutions.info\/?s={search_term_string}"},"query-input":{"@type":"PropertyValueSpecification","valueRequired":true,"valueName":"search_term_string"}}],"inLanguage":"en-US"},{"@type":"Organization","@id":"https:\/\/fullsolutions.info\/#organization","name":"Full Solutions","url":"https:\/\/fullsolutions.info\/","logo":{"@type":"ImageObject","inLanguage":"en-US","@id":"https:\/\/fullsolutions.info\/#\/schema\/logo\/image\/","url":"https:\/\/mlhff0prgoxu.i.optimole.com\/cb:s0sM.767\/w:auto\/h:auto\/q:mauto\/f:best\/https:\/\/fullsolutions.info\/wp-content\/uploads\/2021\/07\/cropped-Design-sem-nome-300x193-1-e1627062664782.png","contentUrl":"https:\/\/mlhff0prgoxu.i.optimole.com\/cb:s0sM.767\/w:auto\/h:auto\/q:mauto\/f:best\/https:\/\/fullsolutions.info\/wp-content\/uploads\/2021\/07\/cropped-Design-sem-nome-300x193-1-e1627062664782.png","width":202,"height":155,"caption":"Full Solutions"},"image":{"@id":"https:\/\/fullsolutions.info\/#\/schema\/logo\/image\/"},"sameAs":["https:\/\/www.linkedin.com\/company\/full-solutions-equipment"]}]}},"_links":{"self":[{"href":"https:\/\/fullsolutions.info\/en\/wp-json\/wp\/v2\/product\/3739","targetHints":{"allow":["GET"]}}],"collection":[{"href":"https:\/\/fullsolutions.info\/en\/wp-json\/wp\/v2\/product"}],"about":[{"href":"https:\/\/fullsolutions.info\/en\/wp-json\/wp\/v2\/types\/product"}],"replies":[{"embeddable":true,"href":"https:\/\/fullsolutions.info\/en\/wp-json\/wp\/v2\/comments?post=3739"}],"wp:featuredmedia":[{"embeddable":true,"href":"https:\/\/fullsolutions.info\/en\/wp-json\/wp\/v2\/media\/3740"}],"wp:attachment":[{"href":"https:\/\/fullsolutions.info\/en\/wp-json\/wp\/v2\/media?parent=3739"}],"wp:term":[{"taxonomy":"product_brand","embeddable":true,"href":"https:\/\/fullsolutions.info\/en\/wp-json\/wp\/v2\/product_brand?post=3739"},{"taxonomy":"product_cat","embeddable":true,"href":"https:\/\/fullsolutions.info\/en\/wp-json\/wp\/v2\/product_cat?post=3739"},{"taxonomy":"product_tag","embeddable":true,"href":"https:\/\/fullsolutions.info\/en\/wp-json\/wp\/v2\/product_tag?post=3739"},{"taxonomy":"marca","embeddable":true,"href":"https:\/\/fullsolutions.info\/en\/wp-json\/wp\/v2\/marca?post=3739"}],"curies":[{"name":"wp","href":"https:\/\/api.w.org\/{rel}","templated":true}]}}