{"id":3737,"date":"2023-11-01T12:53:45","date_gmt":"2023-11-01T12:53:45","guid":{"rendered":"https:\/\/fullsolutionsequip.com\/?post_type=product&#038;p=3737"},"modified":"2024-02-19T16:15:59","modified_gmt":"2024-02-19T16:15:59","slug":"victor-vl100-floodlight","status":"publish","type":"product","link":"https:\/\/fullsolutions.info\/en\/product\/victor-vl100-floodlight\/","title":{"rendered":"Victor VL100 Floodlight"},"content":{"rendered":"<div class=\"elementor-element elementor-element-b17befe elementor-widget elementor-widget-heading\" data-id=\"b17befe\" data-element_type=\"widget\" data-widget_type=\"heading.default\">\n<div class=\"elementor-widget-container\">\n<p class=\"elementor-heading-title elementor-size-default\"><strong>Descri\u00e7\u00e3o<\/strong><\/p>\n<\/div>\n<\/div>\n<div class=\"elementor-element elementor-element-2dbd9d0 elementor-widget elementor-widget-text-editor\" data-id=\"2dbd9d0\" data-element_type=\"widget\" data-widget_type=\"text-editor.default\">\n<div class=\"elementor-widget-container\">\n<div class=\"elementor-text-editor elementor-clearfix\">\n<p>O projetor VL100 tem uma constru\u00e7\u00e3o compacta e discreta com reator interno.\u00a0\u00c9 constru\u00eddo em alum\u00ednio de grau mar\u00edtimo com um revestimento em p\u00f3 de ep\u00f3xi com uma tampa frontal de vidro temperado.\u00a0O VL100 est\u00e1 dispon\u00edvel em l\u00e2mpadas de halogeneto de metal de 150 W, 250 W e 400 W HPS, l\u00e2mpadas de vapor de merc\u00fario de 250 W e 400 W e op\u00e7\u00f5es de l\u00e2mpadas de halog\u00eanio de tungst\u00eanio de 500 W.\u00a0As lumin\u00e1rias tamb\u00e9m possuem uma faixa de temperatura ambiente de -50\u00baC a 50\u00baC e prote\u00e7\u00e3o de entrada IP67.<\/p>\n<ul>\n<li>Design compacto e leve.<\/li>\n<li>Engrenagem de controle integral.<\/li>\n<li>Conjunto de tampa articulada para f\u00e1cil recoloca\u00e7\u00e3o.<\/li>\n<li>Gama de op\u00e7\u00f5es de l\u00e2mpadas.<\/li>\n<\/ul>\n<p>O projetor VL100 \u00e9 ideal para aplica\u00e7\u00f5es como ind\u00fastria de petr\u00f3leo e g\u00e1s onshore e offshore, fazendas de tanques, ilumina\u00e7\u00e3o de seguran\u00e7a e per\u00edmetro, ambientes industriais.<\/p>\n<\/div>\n<\/div>\n<\/div>","protected":false},"excerpt":{"rendered":"<p>Descri\u00e7\u00e3o O projetor VL100 tem uma constru\u00e7\u00e3o compacta e discreta com reator interno.\u00a0\u00c9 constru\u00eddo em alum\u00ednio de grau mar\u00edtimo com um revestimento em p\u00f3 de ep\u00f3xi com uma tampa frontal de vidro temperado.\u00a0O VL100 est\u00e1 dispon\u00edvel em l\u00e2mpadas de halogeneto de metal de 150 W, 250 W e 400 W HPS, l\u00e2mpadas de vapor de merc\u00fario de 250 W e 400 W e op\u00e7\u00f5es de l\u00e2mpadas de halog\u00eanio de tungst\u00eanio de 500 W.\u00a0As lumin\u00e1rias tamb\u00e9m possuem uma faixa de temperatura ambiente de -50\u00baC a 50\u00baC e prote\u00e7\u00e3o de entrada IP67. Design compacto e leve. Engrenagem de controle integral. Conjunto de tampa articulada para f\u00e1cil recoloca\u00e7\u00e3o. Gama de op\u00e7\u00f5es de l\u00e2mpadas. O projetor VL100 \u00e9 ideal para aplica\u00e7\u00f5es como ind\u00fastria de petr\u00f3leo e g\u00e1s onshore e offshore, fazendas de tanques, ilumina\u00e7\u00e3o de seguran\u00e7a e per\u00edmetro, ambientes industriais.<\/p>","protected":false},"featured_media":3738,"comment_status":"open","ping_status":"closed","template":"","meta":{"_joinchat":[]},"product_brand":[],"product_cat":[135],"product_tag":[],"marca":[87],"class_list":{"0":"post-3737","1":"product","2":"type-product","3":"status-publish","4":"has-post-thumbnail","6":"product_cat-iluminacao","7":"marca-victor","9":"first","10":"instock","11":"shipping-taxable","12":"purchasable","13":"product-type-simple"},"yoast_head":"<!-- This site is optimized with the Yoast SEO plugin v27.2 - https:\/\/yoast.com\/product\/yoast-seo-wordpress\/ -->\n<title>Victor VL100 Floodlight - Full Solutions<\/title>\n<meta name=\"robots\" content=\"index, follow, max-snippet:-1, max-image-preview:large, max-video-preview:-1\" \/>\n<link rel=\"canonical\" href=\"https:\/\/fullsolutions.info\/en\/product\/victor-vl100-floodlight\/\" \/>\n<meta property=\"og:locale\" content=\"en_US\" \/>\n<meta property=\"og:type\" content=\"article\" \/>\n<meta property=\"og:title\" content=\"Victor VL100 Floodlight - Full Solutions\" \/>\n<meta property=\"og:description\" content=\"Descri\u00e7\u00e3o O projetor VL100 tem uma constru\u00e7\u00e3o compacta e discreta com reator interno.\u00a0\u00c9 constru\u00eddo em alum\u00ednio de grau mar\u00edtimo com um revestimento em p\u00f3 de ep\u00f3xi com uma tampa frontal de vidro temperado.\u00a0O VL100 est\u00e1 dispon\u00edvel em l\u00e2mpadas de halogeneto de metal de 150 W, 250 W e 400 W HPS, l\u00e2mpadas de vapor de merc\u00fario de 250 W e 400 W e op\u00e7\u00f5es de l\u00e2mpadas de halog\u00eanio de tungst\u00eanio de 500 W.\u00a0As lumin\u00e1rias tamb\u00e9m possuem uma faixa de temperatura ambiente de -50\u00baC a 50\u00baC e prote\u00e7\u00e3o de entrada IP67. Design compacto e leve. Engrenagem de controle integral. Conjunto de tampa articulada para f\u00e1cil recoloca\u00e7\u00e3o. Gama de op\u00e7\u00f5es de l\u00e2mpadas. O projetor VL100 \u00e9 ideal para aplica\u00e7\u00f5es como ind\u00fastria de petr\u00f3leo e g\u00e1s onshore e offshore, fazendas de tanques, ilumina\u00e7\u00e3o de seguran\u00e7a e per\u00edmetro, ambientes industriais.\" \/>\n<meta property=\"og:url\" content=\"https:\/\/fullsolutions.info\/en\/product\/victor-vl100-floodlight\/\" \/>\n<meta property=\"og:site_name\" content=\"Full Solutions\" \/>\n<meta property=\"article:modified_time\" content=\"2024-02-19T16:15:59+00:00\" \/>\n<meta property=\"og:image\" content=\"https:\/\/mlhff0prgoxu.i.optimole.com\/cb:s0sM.767\/w:auto\/h:auto\/q:mauto\/f:best\/https:\/\/fullsolutions.info\/wp-content\/uploads\/2023\/11\/97-min.png\" \/>\n\t<meta property=\"og:image:width\" content=\"560\" \/>\n\t<meta property=\"og:image:height\" content=\"315\" \/>\n\t<meta property=\"og:image:type\" content=\"image\/png\" \/>\n<meta name=\"twitter:card\" content=\"summary_large_image\" \/>\n<meta name=\"twitter:label1\" content=\"Est. reading time\" \/>\n\t<meta name=\"twitter:data1\" content=\"1 minute\" \/>\n<script type=\"application\/ld+json\" class=\"yoast-schema-graph\">{\"@context\":\"https:\/\/schema.org\",\"@graph\":[{\"@type\":\"WebPage\",\"@id\":\"https:\/\/fullsolutions.info\/produto\/victor-vl100-floodlight\/\",\"url\":\"https:\/\/fullsolutions.info\/produto\/victor-vl100-floodlight\/\",\"name\":\"Victor VL100 Floodlight - Full Solutions\",\"isPartOf\":{\"@id\":\"https:\/\/fullsolutions.info\/#website\"},\"primaryImageOfPage\":{\"@id\":\"https:\/\/fullsolutions.info\/produto\/victor-vl100-floodlight\/#primaryimage\"},\"image\":{\"@id\":\"https:\/\/fullsolutions.info\/produto\/victor-vl100-floodlight\/#primaryimage\"},\"thumbnailUrl\":\"https:\/\/mlhff0prgoxu.i.optimole.com\/cb:s0sM.767\/w:auto\/h:auto\/q:mauto\/f:best\/https:\/\/fullsolutions.info\/wp-content\/uploads\/2023\/11\/97-min.png\",\"datePublished\":\"2023-11-01T12:53:45+00:00\",\"dateModified\":\"2024-02-19T16:15:59+00:00\",\"breadcrumb\":{\"@id\":\"https:\/\/fullsolutions.info\/produto\/victor-vl100-floodlight\/#breadcrumb\"},\"inLanguage\":\"en-US\",\"potentialAction\":[{\"@type\":\"ReadAction\",\"target\":[\"https:\/\/fullsolutions.info\/produto\/victor-vl100-floodlight\/\"]}]},{\"@type\":\"ImageObject\",\"inLanguage\":\"en-US\",\"@id\":\"https:\/\/fullsolutions.info\/produto\/victor-vl100-floodlight\/#primaryimage\",\"url\":\"https:\/\/mlhff0prgoxu.i.optimole.com\/cb:s0sM.767\/w:auto\/h:auto\/q:mauto\/f:best\/https:\/\/fullsolutions.info\/wp-content\/uploads\/2023\/11\/97-min.png\",\"contentUrl\":\"https:\/\/mlhff0prgoxu.i.optimole.com\/cb:s0sM.767\/w:auto\/h:auto\/q:mauto\/f:best\/https:\/\/fullsolutions.info\/wp-content\/uploads\/2023\/11\/97-min.png\",\"width\":560,\"height\":315},{\"@type\":\"BreadcrumbList\",\"@id\":\"https:\/\/fullsolutions.info\/produto\/victor-vl100-floodlight\/#breadcrumb\",\"itemListElement\":[{\"@type\":\"ListItem\",\"position\":1,\"name\":\"In\u00edcio\",\"item\":\"https:\/\/fullsolutions.info\/\"},{\"@type\":\"ListItem\",\"position\":2,\"name\":\"Produtos\",\"item\":\"https:\/\/fullsolutions.info\/shop\/\"},{\"@type\":\"ListItem\",\"position\":3,\"name\":\"Victor VL100 Floodlight\"}]},{\"@type\":\"WebSite\",\"@id\":\"https:\/\/fullsolutions.info\/#website\",\"url\":\"https:\/\/fullsolutions.info\/\",\"name\":\"Full Solutions\",\"description\":\"Empresa na \u00c1rea de Procurement\",\"publisher\":{\"@id\":\"https:\/\/fullsolutions.info\/#organization\"},\"potentialAction\":[{\"@type\":\"SearchAction\",\"target\":{\"@type\":\"EntryPoint\",\"urlTemplate\":\"https:\/\/fullsolutions.info\/?s={search_term_string}\"},\"query-input\":{\"@type\":\"PropertyValueSpecification\",\"valueRequired\":true,\"valueName\":\"search_term_string\"}}],\"inLanguage\":\"en-US\"},{\"@type\":\"Organization\",\"@id\":\"https:\/\/fullsolutions.info\/#organization\",\"name\":\"Full Solutions\",\"url\":\"https:\/\/fullsolutions.info\/\",\"logo\":{\"@type\":\"ImageObject\",\"inLanguage\":\"en-US\",\"@id\":\"https:\/\/fullsolutions.info\/#\/schema\/logo\/image\/\",\"url\":\"https:\/\/mlhff0prgoxu.i.optimole.com\/cb:s0sM.767\/w:auto\/h:auto\/q:mauto\/f:best\/https:\/\/fullsolutions.info\/wp-content\/uploads\/2021\/07\/cropped-Design-sem-nome-300x193-1-e1627062664782.png\",\"contentUrl\":\"https:\/\/mlhff0prgoxu.i.optimole.com\/cb:s0sM.767\/w:auto\/h:auto\/q:mauto\/f:best\/https:\/\/fullsolutions.info\/wp-content\/uploads\/2021\/07\/cropped-Design-sem-nome-300x193-1-e1627062664782.png\",\"width\":202,\"height\":155,\"caption\":\"Full Solutions\"},\"image\":{\"@id\":\"https:\/\/fullsolutions.info\/#\/schema\/logo\/image\/\"},\"sameAs\":[\"https:\/\/www.linkedin.com\/company\/full-solutions-equipment\"]}]}<\/script>\n<!-- \/ Yoast SEO plugin. -->","yoast_head_json":{"title":"Victor VL100 Floodlight - Full Solutions","robots":{"index":"index","follow":"follow","max-snippet":"max-snippet:-1","max-image-preview":"max-image-preview:large","max-video-preview":"max-video-preview:-1"},"canonical":"https:\/\/fullsolutions.info\/en\/product\/victor-vl100-floodlight\/","og_locale":"en_US","og_type":"article","og_title":"Victor VL100 Floodlight - Full Solutions","og_description":"Descri\u00e7\u00e3o O projetor VL100 tem uma constru\u00e7\u00e3o compacta e discreta com reator interno.\u00a0\u00c9 constru\u00eddo em alum\u00ednio de grau mar\u00edtimo com um revestimento em p\u00f3 de ep\u00f3xi com uma tampa frontal de vidro temperado.\u00a0O VL100 est\u00e1 dispon\u00edvel em l\u00e2mpadas de halogeneto de metal de 150 W, 250 W e 400 W HPS, l\u00e2mpadas de vapor de merc\u00fario de 250 W e 400 W e op\u00e7\u00f5es de l\u00e2mpadas de halog\u00eanio de tungst\u00eanio de 500 W.\u00a0As lumin\u00e1rias tamb\u00e9m possuem uma faixa de temperatura ambiente de -50\u00baC a 50\u00baC e prote\u00e7\u00e3o de entrada IP67. Design compacto e leve. Engrenagem de controle integral. Conjunto de tampa articulada para f\u00e1cil recoloca\u00e7\u00e3o. Gama de op\u00e7\u00f5es de l\u00e2mpadas. O projetor VL100 \u00e9 ideal para aplica\u00e7\u00f5es como ind\u00fastria de petr\u00f3leo e g\u00e1s onshore e offshore, fazendas de tanques, ilumina\u00e7\u00e3o de seguran\u00e7a e per\u00edmetro, ambientes industriais.","og_url":"https:\/\/fullsolutions.info\/en\/product\/victor-vl100-floodlight\/","og_site_name":"Full Solutions","article_modified_time":"2024-02-19T16:15:59+00:00","og_image":[{"width":560,"height":315,"url":"https:\/\/mlhff0prgoxu.i.optimole.com\/cb:s0sM.767\/w:auto\/h:auto\/q:mauto\/f:best\/https:\/\/fullsolutions.info\/wp-content\/uploads\/2023\/11\/97-min.png","type":"image\/png"}],"twitter_card":"summary_large_image","twitter_misc":{"Est. reading time":"1 minute"},"schema":{"@context":"https:\/\/schema.org","@graph":[{"@type":"WebPage","@id":"https:\/\/fullsolutions.info\/produto\/victor-vl100-floodlight\/","url":"https:\/\/fullsolutions.info\/produto\/victor-vl100-floodlight\/","name":"Victor VL100 Floodlight - Full Solutions","isPartOf":{"@id":"https:\/\/fullsolutions.info\/#website"},"primaryImageOfPage":{"@id":"https:\/\/fullsolutions.info\/produto\/victor-vl100-floodlight\/#primaryimage"},"image":{"@id":"https:\/\/fullsolutions.info\/produto\/victor-vl100-floodlight\/#primaryimage"},"thumbnailUrl":"https:\/\/mlhff0prgoxu.i.optimole.com\/cb:s0sM.767\/w:auto\/h:auto\/q:mauto\/f:best\/https:\/\/fullsolutions.info\/wp-content\/uploads\/2023\/11\/97-min.png","datePublished":"2023-11-01T12:53:45+00:00","dateModified":"2024-02-19T16:15:59+00:00","breadcrumb":{"@id":"https:\/\/fullsolutions.info\/produto\/victor-vl100-floodlight\/#breadcrumb"},"inLanguage":"en-US","potentialAction":[{"@type":"ReadAction","target":["https:\/\/fullsolutions.info\/produto\/victor-vl100-floodlight\/"]}]},{"@type":"ImageObject","inLanguage":"en-US","@id":"https:\/\/fullsolutions.info\/produto\/victor-vl100-floodlight\/#primaryimage","url":"https:\/\/mlhff0prgoxu.i.optimole.com\/cb:s0sM.767\/w:auto\/h:auto\/q:mauto\/f:best\/https:\/\/fullsolutions.info\/wp-content\/uploads\/2023\/11\/97-min.png","contentUrl":"https:\/\/mlhff0prgoxu.i.optimole.com\/cb:s0sM.767\/w:auto\/h:auto\/q:mauto\/f:best\/https:\/\/fullsolutions.info\/wp-content\/uploads\/2023\/11\/97-min.png","width":560,"height":315},{"@type":"BreadcrumbList","@id":"https:\/\/fullsolutions.info\/produto\/victor-vl100-floodlight\/#breadcrumb","itemListElement":[{"@type":"ListItem","position":1,"name":"In\u00edcio","item":"https:\/\/fullsolutions.info\/"},{"@type":"ListItem","position":2,"name":"Produtos","item":"https:\/\/fullsolutions.info\/shop\/"},{"@type":"ListItem","position":3,"name":"Victor VL100 Floodlight"}]},{"@type":"WebSite","@id":"https:\/\/fullsolutions.info\/#website","url":"https:\/\/fullsolutions.info\/","name":"Full Solutions","description":"Empresa na \u00c1rea de Procurement","publisher":{"@id":"https:\/\/fullsolutions.info\/#organization"},"potentialAction":[{"@type":"SearchAction","target":{"@type":"EntryPoint","urlTemplate":"https:\/\/fullsolutions.info\/?s={search_term_string}"},"query-input":{"@type":"PropertyValueSpecification","valueRequired":true,"valueName":"search_term_string"}}],"inLanguage":"en-US"},{"@type":"Organization","@id":"https:\/\/fullsolutions.info\/#organization","name":"Full Solutions","url":"https:\/\/fullsolutions.info\/","logo":{"@type":"ImageObject","inLanguage":"en-US","@id":"https:\/\/fullsolutions.info\/#\/schema\/logo\/image\/","url":"https:\/\/mlhff0prgoxu.i.optimole.com\/cb:s0sM.767\/w:auto\/h:auto\/q:mauto\/f:best\/https:\/\/fullsolutions.info\/wp-content\/uploads\/2021\/07\/cropped-Design-sem-nome-300x193-1-e1627062664782.png","contentUrl":"https:\/\/mlhff0prgoxu.i.optimole.com\/cb:s0sM.767\/w:auto\/h:auto\/q:mauto\/f:best\/https:\/\/fullsolutions.info\/wp-content\/uploads\/2021\/07\/cropped-Design-sem-nome-300x193-1-e1627062664782.png","width":202,"height":155,"caption":"Full Solutions"},"image":{"@id":"https:\/\/fullsolutions.info\/#\/schema\/logo\/image\/"},"sameAs":["https:\/\/www.linkedin.com\/company\/full-solutions-equipment"]}]}},"_links":{"self":[{"href":"https:\/\/fullsolutions.info\/en\/wp-json\/wp\/v2\/product\/3737","targetHints":{"allow":["GET"]}}],"collection":[{"href":"https:\/\/fullsolutions.info\/en\/wp-json\/wp\/v2\/product"}],"about":[{"href":"https:\/\/fullsolutions.info\/en\/wp-json\/wp\/v2\/types\/product"}],"replies":[{"embeddable":true,"href":"https:\/\/fullsolutions.info\/en\/wp-json\/wp\/v2\/comments?post=3737"}],"wp:featuredmedia":[{"embeddable":true,"href":"https:\/\/fullsolutions.info\/en\/wp-json\/wp\/v2\/media\/3738"}],"wp:attachment":[{"href":"https:\/\/fullsolutions.info\/en\/wp-json\/wp\/v2\/media?parent=3737"}],"wp:term":[{"taxonomy":"product_brand","embeddable":true,"href":"https:\/\/fullsolutions.info\/en\/wp-json\/wp\/v2\/product_brand?post=3737"},{"taxonomy":"product_cat","embeddable":true,"href":"https:\/\/fullsolutions.info\/en\/wp-json\/wp\/v2\/product_cat?post=3737"},{"taxonomy":"product_tag","embeddable":true,"href":"https:\/\/fullsolutions.info\/en\/wp-json\/wp\/v2\/product_tag?post=3737"},{"taxonomy":"marca","embeddable":true,"href":"https:\/\/fullsolutions.info\/en\/wp-json\/wp\/v2\/marca?post=3737"}],"curies":[{"name":"wp","href":"https:\/\/api.w.org\/{rel}","templated":true}]}}