{"id":3728,"date":"2023-11-01T12:50:50","date_gmt":"2023-11-01T12:50:50","guid":{"rendered":"https:\/\/fullsolutionsequip.com\/?post_type=product&#038;p=3728"},"modified":"2024-02-19T16:15:59","modified_gmt":"2024-02-19T16:15:59","slug":"chalmit-hdl206ne-floodlight","status":"publish","type":"product","link":"https:\/\/fullsolutions.info\/en\/product\/chalmit-hdl206ne-floodlight\/","title":{"rendered":"Chalmit HDL206NE Floodlight"},"content":{"rendered":"<div class=\"elementor-element elementor-element-b17befe elementor-widget elementor-widget-heading\" data-id=\"b17befe\" data-element_type=\"widget\" data-widget_type=\"heading.default\">\n<div class=\"elementor-widget-container\">\n<p class=\"elementor-heading-title elementor-size-default\"><strong>Descri\u00e7\u00e3o<\/strong><\/p>\n<\/div>\n<\/div>\n<div class=\"elementor-element elementor-element-2dbd9d0 elementor-widget elementor-widget-text-editor\" data-id=\"2dbd9d0\" data-element_type=\"widget\" data-widget_type=\"text-editor.default\">\n<div class=\"elementor-widget-container\">\n<div class=\"elementor-text-editor elementor-clearfix\">\n<p>Projetor de emerg\u00eancia modular LED Ex e para Zona 2<\/p>\n<p>O holofote modular HDL206NE LED garante uma luz branca penetrante em sua sa\u00edda sem qualquer degrada\u00e7\u00e3o da luz em baixas temperaturas.\u00a0Ele oferece in\u00edcio e reativa\u00e7\u00e3o instant\u00e2neos.\u00a0Os recursos adicionados incluem baixo custo de instala\u00e7\u00e3o, opera\u00e7\u00e3o e manuten\u00e7\u00e3o.<\/p>\n<ul>\n<li>A alimenta\u00e7\u00e3o de reserva da bateria fornece 3 horas com ilumina\u00e7\u00e3o de 50% e 90 minutos com ilumina\u00e7\u00e3o total.<\/li>\n<li>A constru\u00e7\u00e3o modular permite que os m\u00f3dulos sejam fornecidos interligados entre si para fornecer maior sa\u00edda de luz.<\/li>\n<li>Pode ser usado como uma unidade \u00fanica \u2013 pequeno holofote ou anteparo ou vinculados para replicar um grande holofote de 250W \/ 400W.<\/li>\n<li>Pode ser fornecido em v\u00e1rias configura\u00e7\u00f5es de m\u00f3dulos padr\u00e3o ou de emerg\u00eancia.<\/li>\n<li>Fonte de alimenta\u00e7\u00e3o integrada.<\/li>\n<li>Baixo consumo de energia.<\/li>\n<li>Constru\u00e7\u00e3o robusta \u2013 resistente \u00e0 vibra\u00e7\u00e3o.<\/li>\n<li>Testado fotometricamente de forma independente.<\/li>\n<li>Todas as unidades s\u00e3o fornecidas com 2 entradas de cabo.\u00a0Entradas adicionais dispon\u00edveis mediante solicita\u00e7\u00e3o.<\/li>\n<li>IP66 e IP67.<\/li>\n<li>Prote\u00e7\u00e3o de fio opcional dispon\u00edvel para prote\u00e7\u00e3o extra.<\/li>\n<li>Sa\u00edda de luz de feixe estreito, m\u00e9dio, largo e extra largo dispon\u00edvel.<\/li>\n<li>V\u00e1rias op\u00e7\u00f5es de montagem dispon\u00edveis.<\/li>\n<\/ul>\n<p>Vantagens da lumin\u00e1ria LED HDL206NE sobre a lumin\u00e1ria HDL 206E inclui 17% menos consumo de energia, sa\u00edda \u00f3ptica geral aumentada em at\u00e9 68%, l\u00famens por watt aumentada em 81% e 109 LM \/ W em compara\u00e7\u00e3o com 60 LM \/ W.<\/p>\n<\/div>\n<\/div>\n<\/div>","protected":false},"excerpt":{"rendered":"<p>Descri\u00e7\u00e3o Projetor de emerg\u00eancia modular LED Ex e para Zona 2 O holofote modular HDL206NE LED garante uma luz branca penetrante em sua sa\u00edda sem qualquer degrada\u00e7\u00e3o da luz em baixas temperaturas.\u00a0Ele oferece in\u00edcio e reativa\u00e7\u00e3o instant\u00e2neos.\u00a0Os recursos adicionados incluem baixo custo de instala\u00e7\u00e3o, opera\u00e7\u00e3o e manuten\u00e7\u00e3o. A alimenta\u00e7\u00e3o de reserva da bateria fornece 3 horas com ilumina\u00e7\u00e3o de 50% e 90 minutos com ilumina\u00e7\u00e3o total. A constru\u00e7\u00e3o modular permite que os m\u00f3dulos sejam fornecidos interligados entre si para fornecer maior sa\u00edda de luz. Pode ser usado como uma unidade \u00fanica \u2013 pequeno holofote ou anteparo ou vinculados para replicar um grande holofote de 250W \/ 400W. Pode ser fornecido em v\u00e1rias configura\u00e7\u00f5es de m\u00f3dulos padr\u00e3o ou de emerg\u00eancia. Fonte de alimenta\u00e7\u00e3o integrada. Baixo consumo de energia. Constru\u00e7\u00e3o robusta \u2013 resistente \u00e0 vibra\u00e7\u00e3o. Testado fotometricamente de forma independente. Todas as unidades s\u00e3o fornecidas com 2 entradas de cabo.\u00a0Entradas adicionais dispon\u00edveis mediante solicita\u00e7\u00e3o. IP66 e IP67. Prote\u00e7\u00e3o de fio opcional dispon\u00edvel para prote\u00e7\u00e3o extra. Sa\u00edda de luz de feixe estreito, m\u00e9dio, largo e extra largo dispon\u00edvel. V\u00e1rias op\u00e7\u00f5es de montagem dispon\u00edveis. Vantagens da lumin\u00e1ria LED HDL206NE sobre a lumin\u00e1ria HDL 206E inclui 17% menos consumo de energia, sa\u00edda \u00f3ptica geral aumentada em at\u00e9 68%, l\u00famens por watt aumentada em 81% e 109 LM \/ W em compara\u00e7\u00e3o com 60 LM \/ W.<\/p>","protected":false},"featured_media":3729,"comment_status":"open","ping_status":"closed","template":"","meta":{"_joinchat":[]},"product_brand":[],"product_cat":[135],"product_tag":[],"marca":[83],"class_list":{"0":"post-3728","1":"product","2":"type-product","3":"status-publish","4":"has-post-thumbnail","6":"product_cat-iluminacao","7":"marca-chalmit","9":"first","10":"instock","11":"shipping-taxable","12":"purchasable","13":"product-type-simple"},"yoast_head":"<!-- This site is optimized with the Yoast SEO plugin v27.2 - https:\/\/yoast.com\/product\/yoast-seo-wordpress\/ -->\n<title>Chalmit HDL206NE Floodlight - Full Solutions<\/title>\n<meta name=\"robots\" content=\"index, follow, max-snippet:-1, max-image-preview:large, max-video-preview:-1\" \/>\n<link rel=\"canonical\" href=\"https:\/\/fullsolutions.info\/en\/product\/chalmit-hdl206ne-floodlight\/\" \/>\n<meta property=\"og:locale\" content=\"en_US\" \/>\n<meta property=\"og:type\" content=\"article\" \/>\n<meta property=\"og:title\" content=\"Chalmit HDL206NE Floodlight - Full Solutions\" \/>\n<meta property=\"og:description\" content=\"Descri\u00e7\u00e3o Projetor de emerg\u00eancia modular LED Ex e para Zona 2 O holofote modular HDL206NE LED garante uma luz branca penetrante em sua sa\u00edda sem qualquer degrada\u00e7\u00e3o da luz em baixas temperaturas.\u00a0Ele oferece in\u00edcio e reativa\u00e7\u00e3o instant\u00e2neos.\u00a0Os recursos adicionados incluem baixo custo de instala\u00e7\u00e3o, opera\u00e7\u00e3o e manuten\u00e7\u00e3o. A alimenta\u00e7\u00e3o de reserva da bateria fornece 3 horas com ilumina\u00e7\u00e3o de 50% e 90 minutos com ilumina\u00e7\u00e3o total. A constru\u00e7\u00e3o modular permite que os m\u00f3dulos sejam fornecidos interligados entre si para fornecer maior sa\u00edda de luz. Pode ser usado como uma unidade \u00fanica \u2013 pequeno holofote ou anteparo ou vinculados para replicar um grande holofote de 250W \/ 400W. Pode ser fornecido em v\u00e1rias configura\u00e7\u00f5es de m\u00f3dulos padr\u00e3o ou de emerg\u00eancia. Fonte de alimenta\u00e7\u00e3o integrada. Baixo consumo de energia. Constru\u00e7\u00e3o robusta \u2013 resistente \u00e0 vibra\u00e7\u00e3o. Testado fotometricamente de forma independente. Todas as unidades s\u00e3o fornecidas com 2 entradas de cabo.\u00a0Entradas adicionais dispon\u00edveis mediante solicita\u00e7\u00e3o. IP66 e IP67. Prote\u00e7\u00e3o de fio opcional dispon\u00edvel para prote\u00e7\u00e3o extra. Sa\u00edda de luz de feixe estreito, m\u00e9dio, largo e extra largo dispon\u00edvel. V\u00e1rias op\u00e7\u00f5es de montagem dispon\u00edveis. Vantagens da lumin\u00e1ria LED HDL206NE sobre a lumin\u00e1ria HDL 206E inclui 17% menos consumo de energia, sa\u00edda \u00f3ptica geral aumentada em at\u00e9 68%, l\u00famens por watt aumentada em 81% e 109 LM \/ W em compara\u00e7\u00e3o com 60 LM \/ W.\" \/>\n<meta property=\"og:url\" content=\"https:\/\/fullsolutions.info\/en\/product\/chalmit-hdl206ne-floodlight\/\" \/>\n<meta property=\"og:site_name\" content=\"Full Solutions\" \/>\n<meta property=\"article:modified_time\" content=\"2024-02-19T16:15:59+00:00\" \/>\n<meta property=\"og:image\" content=\"https:\/\/mlhff0prgoxu.i.optimole.com\/cb:s0sM.767\/w:auto\/h:auto\/q:mauto\/f:best\/https:\/\/fullsolutions.info\/wp-content\/uploads\/2023\/11\/93-min.png\" \/>\n\t<meta property=\"og:image:width\" content=\"560\" \/>\n\t<meta property=\"og:image:height\" content=\"315\" \/>\n\t<meta property=\"og:image:type\" content=\"image\/png\" \/>\n<meta name=\"twitter:card\" content=\"summary_large_image\" \/>\n<meta name=\"twitter:label1\" content=\"Est. reading time\" \/>\n\t<meta name=\"twitter:data1\" content=\"1 minute\" \/>\n<script type=\"application\/ld+json\" class=\"yoast-schema-graph\">{\"@context\":\"https:\/\/schema.org\",\"@graph\":[{\"@type\":\"WebPage\",\"@id\":\"https:\/\/fullsolutions.info\/produto\/chalmit-hdl206ne-floodlight\/\",\"url\":\"https:\/\/fullsolutions.info\/produto\/chalmit-hdl206ne-floodlight\/\",\"name\":\"Chalmit HDL206NE Floodlight - Full Solutions\",\"isPartOf\":{\"@id\":\"https:\/\/fullsolutions.info\/#website\"},\"primaryImageOfPage\":{\"@id\":\"https:\/\/fullsolutions.info\/produto\/chalmit-hdl206ne-floodlight\/#primaryimage\"},\"image\":{\"@id\":\"https:\/\/fullsolutions.info\/produto\/chalmit-hdl206ne-floodlight\/#primaryimage\"},\"thumbnailUrl\":\"https:\/\/mlhff0prgoxu.i.optimole.com\/cb:s0sM.767\/w:auto\/h:auto\/q:mauto\/f:best\/https:\/\/fullsolutions.info\/wp-content\/uploads\/2023\/11\/93-min.png\",\"datePublished\":\"2023-11-01T12:50:50+00:00\",\"dateModified\":\"2024-02-19T16:15:59+00:00\",\"breadcrumb\":{\"@id\":\"https:\/\/fullsolutions.info\/produto\/chalmit-hdl206ne-floodlight\/#breadcrumb\"},\"inLanguage\":\"en-US\",\"potentialAction\":[{\"@type\":\"ReadAction\",\"target\":[\"https:\/\/fullsolutions.info\/produto\/chalmit-hdl206ne-floodlight\/\"]}]},{\"@type\":\"ImageObject\",\"inLanguage\":\"en-US\",\"@id\":\"https:\/\/fullsolutions.info\/produto\/chalmit-hdl206ne-floodlight\/#primaryimage\",\"url\":\"https:\/\/mlhff0prgoxu.i.optimole.com\/cb:s0sM.767\/w:auto\/h:auto\/q:mauto\/f:best\/https:\/\/fullsolutions.info\/wp-content\/uploads\/2023\/11\/93-min.png\",\"contentUrl\":\"https:\/\/mlhff0prgoxu.i.optimole.com\/cb:s0sM.767\/w:auto\/h:auto\/q:mauto\/f:best\/https:\/\/fullsolutions.info\/wp-content\/uploads\/2023\/11\/93-min.png\",\"width\":560,\"height\":315},{\"@type\":\"BreadcrumbList\",\"@id\":\"https:\/\/fullsolutions.info\/produto\/chalmit-hdl206ne-floodlight\/#breadcrumb\",\"itemListElement\":[{\"@type\":\"ListItem\",\"position\":1,\"name\":\"In\u00edcio\",\"item\":\"https:\/\/fullsolutions.info\/\"},{\"@type\":\"ListItem\",\"position\":2,\"name\":\"Produtos\",\"item\":\"https:\/\/fullsolutions.info\/shop\/\"},{\"@type\":\"ListItem\",\"position\":3,\"name\":\"Chalmit HDL206NE Floodlight\"}]},{\"@type\":\"WebSite\",\"@id\":\"https:\/\/fullsolutions.info\/#website\",\"url\":\"https:\/\/fullsolutions.info\/\",\"name\":\"Full Solutions\",\"description\":\"Empresa na \u00c1rea de Procurement\",\"publisher\":{\"@id\":\"https:\/\/fullsolutions.info\/#organization\"},\"potentialAction\":[{\"@type\":\"SearchAction\",\"target\":{\"@type\":\"EntryPoint\",\"urlTemplate\":\"https:\/\/fullsolutions.info\/?s={search_term_string}\"},\"query-input\":{\"@type\":\"PropertyValueSpecification\",\"valueRequired\":true,\"valueName\":\"search_term_string\"}}],\"inLanguage\":\"en-US\"},{\"@type\":\"Organization\",\"@id\":\"https:\/\/fullsolutions.info\/#organization\",\"name\":\"Full Solutions\",\"url\":\"https:\/\/fullsolutions.info\/\",\"logo\":{\"@type\":\"ImageObject\",\"inLanguage\":\"en-US\",\"@id\":\"https:\/\/fullsolutions.info\/#\/schema\/logo\/image\/\",\"url\":\"https:\/\/mlhff0prgoxu.i.optimole.com\/cb:s0sM.767\/w:auto\/h:auto\/q:mauto\/f:best\/https:\/\/fullsolutions.info\/wp-content\/uploads\/2021\/07\/cropped-Design-sem-nome-300x193-1-e1627062664782.png\",\"contentUrl\":\"https:\/\/mlhff0prgoxu.i.optimole.com\/cb:s0sM.767\/w:auto\/h:auto\/q:mauto\/f:best\/https:\/\/fullsolutions.info\/wp-content\/uploads\/2021\/07\/cropped-Design-sem-nome-300x193-1-e1627062664782.png\",\"width\":202,\"height\":155,\"caption\":\"Full Solutions\"},\"image\":{\"@id\":\"https:\/\/fullsolutions.info\/#\/schema\/logo\/image\/\"},\"sameAs\":[\"https:\/\/www.linkedin.com\/company\/full-solutions-equipment\"]}]}<\/script>\n<!-- \/ Yoast SEO plugin. -->","yoast_head_json":{"title":"Chalmit HDL206NE Floodlight - Full Solutions","robots":{"index":"index","follow":"follow","max-snippet":"max-snippet:-1","max-image-preview":"max-image-preview:large","max-video-preview":"max-video-preview:-1"},"canonical":"https:\/\/fullsolutions.info\/en\/product\/chalmit-hdl206ne-floodlight\/","og_locale":"en_US","og_type":"article","og_title":"Chalmit HDL206NE Floodlight - Full Solutions","og_description":"Descri\u00e7\u00e3o Projetor de emerg\u00eancia modular LED Ex e para Zona 2 O holofote modular HDL206NE LED garante uma luz branca penetrante em sua sa\u00edda sem qualquer degrada\u00e7\u00e3o da luz em baixas temperaturas.\u00a0Ele oferece in\u00edcio e reativa\u00e7\u00e3o instant\u00e2neos.\u00a0Os recursos adicionados incluem baixo custo de instala\u00e7\u00e3o, opera\u00e7\u00e3o e manuten\u00e7\u00e3o. A alimenta\u00e7\u00e3o de reserva da bateria fornece 3 horas com ilumina\u00e7\u00e3o de 50% e 90 minutos com ilumina\u00e7\u00e3o total. A constru\u00e7\u00e3o modular permite que os m\u00f3dulos sejam fornecidos interligados entre si para fornecer maior sa\u00edda de luz. Pode ser usado como uma unidade \u00fanica \u2013 pequeno holofote ou anteparo ou vinculados para replicar um grande holofote de 250W \/ 400W. Pode ser fornecido em v\u00e1rias configura\u00e7\u00f5es de m\u00f3dulos padr\u00e3o ou de emerg\u00eancia. Fonte de alimenta\u00e7\u00e3o integrada. Baixo consumo de energia. Constru\u00e7\u00e3o robusta \u2013 resistente \u00e0 vibra\u00e7\u00e3o. Testado fotometricamente de forma independente. Todas as unidades s\u00e3o fornecidas com 2 entradas de cabo.\u00a0Entradas adicionais dispon\u00edveis mediante solicita\u00e7\u00e3o. IP66 e IP67. Prote\u00e7\u00e3o de fio opcional dispon\u00edvel para prote\u00e7\u00e3o extra. Sa\u00edda de luz de feixe estreito, m\u00e9dio, largo e extra largo dispon\u00edvel. V\u00e1rias op\u00e7\u00f5es de montagem dispon\u00edveis. Vantagens da lumin\u00e1ria LED HDL206NE sobre a lumin\u00e1ria HDL 206E inclui 17% menos consumo de energia, sa\u00edda \u00f3ptica geral aumentada em at\u00e9 68%, l\u00famens por watt aumentada em 81% e 109 LM \/ W em compara\u00e7\u00e3o com 60 LM \/ W.","og_url":"https:\/\/fullsolutions.info\/en\/product\/chalmit-hdl206ne-floodlight\/","og_site_name":"Full Solutions","article_modified_time":"2024-02-19T16:15:59+00:00","og_image":[{"width":560,"height":315,"url":"https:\/\/mlhff0prgoxu.i.optimole.com\/cb:s0sM.767\/w:auto\/h:auto\/q:mauto\/f:best\/https:\/\/fullsolutions.info\/wp-content\/uploads\/2023\/11\/93-min.png","type":"image\/png"}],"twitter_card":"summary_large_image","twitter_misc":{"Est. reading time":"1 minute"},"schema":{"@context":"https:\/\/schema.org","@graph":[{"@type":"WebPage","@id":"https:\/\/fullsolutions.info\/produto\/chalmit-hdl206ne-floodlight\/","url":"https:\/\/fullsolutions.info\/produto\/chalmit-hdl206ne-floodlight\/","name":"Chalmit HDL206NE Floodlight - Full Solutions","isPartOf":{"@id":"https:\/\/fullsolutions.info\/#website"},"primaryImageOfPage":{"@id":"https:\/\/fullsolutions.info\/produto\/chalmit-hdl206ne-floodlight\/#primaryimage"},"image":{"@id":"https:\/\/fullsolutions.info\/produto\/chalmit-hdl206ne-floodlight\/#primaryimage"},"thumbnailUrl":"https:\/\/mlhff0prgoxu.i.optimole.com\/cb:s0sM.767\/w:auto\/h:auto\/q:mauto\/f:best\/https:\/\/fullsolutions.info\/wp-content\/uploads\/2023\/11\/93-min.png","datePublished":"2023-11-01T12:50:50+00:00","dateModified":"2024-02-19T16:15:59+00:00","breadcrumb":{"@id":"https:\/\/fullsolutions.info\/produto\/chalmit-hdl206ne-floodlight\/#breadcrumb"},"inLanguage":"en-US","potentialAction":[{"@type":"ReadAction","target":["https:\/\/fullsolutions.info\/produto\/chalmit-hdl206ne-floodlight\/"]}]},{"@type":"ImageObject","inLanguage":"en-US","@id":"https:\/\/fullsolutions.info\/produto\/chalmit-hdl206ne-floodlight\/#primaryimage","url":"https:\/\/mlhff0prgoxu.i.optimole.com\/cb:s0sM.767\/w:auto\/h:auto\/q:mauto\/f:best\/https:\/\/fullsolutions.info\/wp-content\/uploads\/2023\/11\/93-min.png","contentUrl":"https:\/\/mlhff0prgoxu.i.optimole.com\/cb:s0sM.767\/w:auto\/h:auto\/q:mauto\/f:best\/https:\/\/fullsolutions.info\/wp-content\/uploads\/2023\/11\/93-min.png","width":560,"height":315},{"@type":"BreadcrumbList","@id":"https:\/\/fullsolutions.info\/produto\/chalmit-hdl206ne-floodlight\/#breadcrumb","itemListElement":[{"@type":"ListItem","position":1,"name":"In\u00edcio","item":"https:\/\/fullsolutions.info\/"},{"@type":"ListItem","position":2,"name":"Produtos","item":"https:\/\/fullsolutions.info\/shop\/"},{"@type":"ListItem","position":3,"name":"Chalmit HDL206NE Floodlight"}]},{"@type":"WebSite","@id":"https:\/\/fullsolutions.info\/#website","url":"https:\/\/fullsolutions.info\/","name":"Full Solutions","description":"Empresa na \u00c1rea de Procurement","publisher":{"@id":"https:\/\/fullsolutions.info\/#organization"},"potentialAction":[{"@type":"SearchAction","target":{"@type":"EntryPoint","urlTemplate":"https:\/\/fullsolutions.info\/?s={search_term_string}"},"query-input":{"@type":"PropertyValueSpecification","valueRequired":true,"valueName":"search_term_string"}}],"inLanguage":"en-US"},{"@type":"Organization","@id":"https:\/\/fullsolutions.info\/#organization","name":"Full Solutions","url":"https:\/\/fullsolutions.info\/","logo":{"@type":"ImageObject","inLanguage":"en-US","@id":"https:\/\/fullsolutions.info\/#\/schema\/logo\/image\/","url":"https:\/\/mlhff0prgoxu.i.optimole.com\/cb:s0sM.767\/w:auto\/h:auto\/q:mauto\/f:best\/https:\/\/fullsolutions.info\/wp-content\/uploads\/2021\/07\/cropped-Design-sem-nome-300x193-1-e1627062664782.png","contentUrl":"https:\/\/mlhff0prgoxu.i.optimole.com\/cb:s0sM.767\/w:auto\/h:auto\/q:mauto\/f:best\/https:\/\/fullsolutions.info\/wp-content\/uploads\/2021\/07\/cropped-Design-sem-nome-300x193-1-e1627062664782.png","width":202,"height":155,"caption":"Full Solutions"},"image":{"@id":"https:\/\/fullsolutions.info\/#\/schema\/logo\/image\/"},"sameAs":["https:\/\/www.linkedin.com\/company\/full-solutions-equipment"]}]}},"_links":{"self":[{"href":"https:\/\/fullsolutions.info\/en\/wp-json\/wp\/v2\/product\/3728","targetHints":{"allow":["GET"]}}],"collection":[{"href":"https:\/\/fullsolutions.info\/en\/wp-json\/wp\/v2\/product"}],"about":[{"href":"https:\/\/fullsolutions.info\/en\/wp-json\/wp\/v2\/types\/product"}],"replies":[{"embeddable":true,"href":"https:\/\/fullsolutions.info\/en\/wp-json\/wp\/v2\/comments?post=3728"}],"wp:featuredmedia":[{"embeddable":true,"href":"https:\/\/fullsolutions.info\/en\/wp-json\/wp\/v2\/media\/3729"}],"wp:attachment":[{"href":"https:\/\/fullsolutions.info\/en\/wp-json\/wp\/v2\/media?parent=3728"}],"wp:term":[{"taxonomy":"product_brand","embeddable":true,"href":"https:\/\/fullsolutions.info\/en\/wp-json\/wp\/v2\/product_brand?post=3728"},{"taxonomy":"product_cat","embeddable":true,"href":"https:\/\/fullsolutions.info\/en\/wp-json\/wp\/v2\/product_cat?post=3728"},{"taxonomy":"product_tag","embeddable":true,"href":"https:\/\/fullsolutions.info\/en\/wp-json\/wp\/v2\/product_tag?post=3728"},{"taxonomy":"marca","embeddable":true,"href":"https:\/\/fullsolutions.info\/en\/wp-json\/wp\/v2\/marca?post=3728"}],"curies":[{"name":"wp","href":"https:\/\/api.w.org\/{rel}","templated":true}]}}