{"id":3721,"date":"2023-11-01T12:48:58","date_gmt":"2023-11-01T12:48:58","guid":{"rendered":"https:\/\/fullsolutionsequip.com\/?post_type=product&#038;p=3721"},"modified":"2024-02-19T16:15:59","modified_gmt":"2024-02-19T16:15:59","slug":"chalmit-hdl106n-floodlight","status":"publish","type":"product","link":"https:\/\/fullsolutions.info\/en\/product\/chalmit-hdl106n-floodlight\/","title":{"rendered":"Chalmit HDL106N Floodlight"},"content":{"rendered":"<div class=\"elementor-element elementor-element-b17befe elementor-widget elementor-widget-heading\" data-id=\"b17befe\" data-element_type=\"widget\" data-widget_type=\"heading.default\">\n<div class=\"elementor-widget-container\">\n<p class=\"elementor-heading-title elementor-size-default\"><strong>Descri\u00e7\u00e3o<\/strong><\/p>\n<\/div>\n<\/div>\n<div class=\"elementor-element elementor-element-2dbd9d0 elementor-widget elementor-widget-text-editor\" data-id=\"2dbd9d0\" data-element_type=\"widget\" data-widget_type=\"text-editor.default\">\n<div class=\"elementor-widget-container\">\n<div class=\"elementor-text-editor elementor-clearfix\">\n<p>Projetor modular LED Ex e para Zona 1<\/p>\n<p>HDL106N possui corpo de alum\u00ednio de grau marinho com uma lente de policarbonato.\u00a0Adequado para uso em aplica\u00e7\u00f5es da Zona 1 e 21, o 106N \u00e9 f\u00e1cil de instalar, tem baixo consumo de energia e pesa apenas 6Kg.\u00a0Prote\u00e7\u00e3o de fio opcional dispon\u00edvel para prote\u00e7\u00e3o extra.<\/p>\n<ul>\n<li>Pode ser usado como uma \u00fanica unidade \u2013 pequeno holofote ou anteparo ou ser conectado para replicar um grande holofote de 250W \/ 400W.<\/li>\n<li>Fonte de alimenta\u00e7\u00e3o integrada.<\/li>\n<li>Baixo consumo de energia.<\/li>\n<li>Constru\u00e7\u00e3o robusta \u2013 resistente \u00e0 vibra\u00e7\u00e3o.<\/li>\n<li>Suporte do amortecedor do guindaste dispon\u00edvel.\u00a0Veja folha de dados para mais detalhes<\/li>\n<\/ul>\n<p>Um suporte Crane Damper projetado para minimizar as vibra\u00e7\u00f5es experimentadas quando o HDL106 \u00e9 instalado em guindastes offshore \/ mar\u00edtimos em movimento j\u00e1 est\u00e1 dispon\u00edvel.\u00a0Consulte a folha de dados na se\u00e7\u00e3o de download para obter mais detalhes.<\/p>\n<\/div>\n<\/div>\n<\/div>","protected":false},"excerpt":{"rendered":"<p>Descri\u00e7\u00e3o Projetor modular LED Ex e para Zona 1 HDL106N possui corpo de alum\u00ednio de grau marinho com uma lente de policarbonato.\u00a0Adequado para uso em aplica\u00e7\u00f5es da Zona 1 e 21, o 106N \u00e9 f\u00e1cil de instalar, tem baixo consumo de energia e pesa apenas 6Kg.\u00a0Prote\u00e7\u00e3o de fio opcional dispon\u00edvel para prote\u00e7\u00e3o extra. Pode ser usado como uma \u00fanica unidade \u2013 pequeno holofote ou anteparo ou ser conectado para replicar um grande holofote de 250W \/ 400W. Fonte de alimenta\u00e7\u00e3o integrada. Baixo consumo de energia. Constru\u00e7\u00e3o robusta \u2013 resistente \u00e0 vibra\u00e7\u00e3o. Suporte do amortecedor do guindaste dispon\u00edvel.\u00a0Veja folha de dados para mais detalhes Um suporte Crane Damper projetado para minimizar as vibra\u00e7\u00f5es experimentadas quando o HDL106 \u00e9 instalado em guindastes offshore \/ mar\u00edtimos em movimento j\u00e1 est\u00e1 dispon\u00edvel.\u00a0Consulte a folha de dados na se\u00e7\u00e3o de download para obter mais detalhes.<\/p>","protected":false},"featured_media":3722,"comment_status":"open","ping_status":"closed","template":"","meta":{"_joinchat":[]},"product_brand":[],"product_cat":[135],"product_tag":[],"marca":[83],"class_list":{"0":"post-3721","1":"product","2":"type-product","3":"status-publish","4":"has-post-thumbnail","6":"product_cat-iluminacao","7":"marca-chalmit","9":"first","10":"instock","11":"shipping-taxable","12":"purchasable","13":"product-type-simple"},"yoast_head":"<!-- This site is optimized with the Yoast SEO plugin v27.2 - https:\/\/yoast.com\/product\/yoast-seo-wordpress\/ -->\n<title>Chalmit HDL106N Floodlight - Full Solutions<\/title>\n<meta name=\"robots\" content=\"index, follow, max-snippet:-1, max-image-preview:large, max-video-preview:-1\" \/>\n<link rel=\"canonical\" href=\"https:\/\/fullsolutions.info\/en\/product\/chalmit-hdl106n-floodlight\/\" \/>\n<meta property=\"og:locale\" content=\"en_US\" \/>\n<meta property=\"og:type\" content=\"article\" \/>\n<meta property=\"og:title\" content=\"Chalmit HDL106N Floodlight - Full Solutions\" \/>\n<meta property=\"og:description\" content=\"Descri\u00e7\u00e3o Projetor modular LED Ex e para Zona 1 HDL106N possui corpo de alum\u00ednio de grau marinho com uma lente de policarbonato.\u00a0Adequado para uso em aplica\u00e7\u00f5es da Zona 1 e 21, o 106N \u00e9 f\u00e1cil de instalar, tem baixo consumo de energia e pesa apenas 6Kg.\u00a0Prote\u00e7\u00e3o de fio opcional dispon\u00edvel para prote\u00e7\u00e3o extra. Pode ser usado como uma \u00fanica unidade \u2013 pequeno holofote ou anteparo ou ser conectado para replicar um grande holofote de 250W \/ 400W. Fonte de alimenta\u00e7\u00e3o integrada. Baixo consumo de energia. Constru\u00e7\u00e3o robusta \u2013 resistente \u00e0 vibra\u00e7\u00e3o. Suporte do amortecedor do guindaste dispon\u00edvel.\u00a0Veja folha de dados para mais detalhes Um suporte Crane Damper projetado para minimizar as vibra\u00e7\u00f5es experimentadas quando o HDL106 \u00e9 instalado em guindastes offshore \/ mar\u00edtimos em movimento j\u00e1 est\u00e1 dispon\u00edvel.\u00a0Consulte a folha de dados na se\u00e7\u00e3o de download para obter mais detalhes.\" \/>\n<meta property=\"og:url\" content=\"https:\/\/fullsolutions.info\/en\/product\/chalmit-hdl106n-floodlight\/\" \/>\n<meta property=\"og:site_name\" content=\"Full Solutions\" \/>\n<meta property=\"article:modified_time\" content=\"2024-02-19T16:15:59+00:00\" \/>\n<meta property=\"og:image\" content=\"https:\/\/mlhff0prgoxu.i.optimole.com\/cb:s0sM.767\/w:auto\/h:auto\/q:mauto\/f:best\/https:\/\/fullsolutions.info\/wp-content\/uploads\/2023\/11\/90-min.png\" \/>\n\t<meta property=\"og:image:width\" content=\"560\" \/>\n\t<meta property=\"og:image:height\" content=\"315\" \/>\n\t<meta property=\"og:image:type\" content=\"image\/png\" \/>\n<meta name=\"twitter:card\" content=\"summary_large_image\" \/>\n<meta name=\"twitter:label1\" content=\"Est. reading time\" \/>\n\t<meta name=\"twitter:data1\" content=\"1 minute\" \/>\n<script type=\"application\/ld+json\" class=\"yoast-schema-graph\">{\"@context\":\"https:\/\/schema.org\",\"@graph\":[{\"@type\":\"WebPage\",\"@id\":\"https:\/\/fullsolutions.info\/produto\/chalmit-hdl106n-floodlight\/\",\"url\":\"https:\/\/fullsolutions.info\/produto\/chalmit-hdl106n-floodlight\/\",\"name\":\"Chalmit HDL106N Floodlight - Full Solutions\",\"isPartOf\":{\"@id\":\"https:\/\/fullsolutions.info\/#website\"},\"primaryImageOfPage\":{\"@id\":\"https:\/\/fullsolutions.info\/produto\/chalmit-hdl106n-floodlight\/#primaryimage\"},\"image\":{\"@id\":\"https:\/\/fullsolutions.info\/produto\/chalmit-hdl106n-floodlight\/#primaryimage\"},\"thumbnailUrl\":\"https:\/\/mlhff0prgoxu.i.optimole.com\/cb:s0sM.767\/w:auto\/h:auto\/q:mauto\/f:best\/https:\/\/fullsolutions.info\/wp-content\/uploads\/2023\/11\/90-min.png\",\"datePublished\":\"2023-11-01T12:48:58+00:00\",\"dateModified\":\"2024-02-19T16:15:59+00:00\",\"breadcrumb\":{\"@id\":\"https:\/\/fullsolutions.info\/produto\/chalmit-hdl106n-floodlight\/#breadcrumb\"},\"inLanguage\":\"en-US\",\"potentialAction\":[{\"@type\":\"ReadAction\",\"target\":[\"https:\/\/fullsolutions.info\/produto\/chalmit-hdl106n-floodlight\/\"]}]},{\"@type\":\"ImageObject\",\"inLanguage\":\"en-US\",\"@id\":\"https:\/\/fullsolutions.info\/produto\/chalmit-hdl106n-floodlight\/#primaryimage\",\"url\":\"https:\/\/mlhff0prgoxu.i.optimole.com\/cb:s0sM.767\/w:auto\/h:auto\/q:mauto\/f:best\/https:\/\/fullsolutions.info\/wp-content\/uploads\/2023\/11\/90-min.png\",\"contentUrl\":\"https:\/\/mlhff0prgoxu.i.optimole.com\/cb:s0sM.767\/w:auto\/h:auto\/q:mauto\/f:best\/https:\/\/fullsolutions.info\/wp-content\/uploads\/2023\/11\/90-min.png\",\"width\":560,\"height\":315},{\"@type\":\"BreadcrumbList\",\"@id\":\"https:\/\/fullsolutions.info\/produto\/chalmit-hdl106n-floodlight\/#breadcrumb\",\"itemListElement\":[{\"@type\":\"ListItem\",\"position\":1,\"name\":\"In\u00edcio\",\"item\":\"https:\/\/fullsolutions.info\/\"},{\"@type\":\"ListItem\",\"position\":2,\"name\":\"Produtos\",\"item\":\"https:\/\/fullsolutions.info\/shop\/\"},{\"@type\":\"ListItem\",\"position\":3,\"name\":\"Chalmit HDL106N Floodlight\"}]},{\"@type\":\"WebSite\",\"@id\":\"https:\/\/fullsolutions.info\/#website\",\"url\":\"https:\/\/fullsolutions.info\/\",\"name\":\"Full Solutions\",\"description\":\"Empresa na \u00c1rea de Procurement\",\"publisher\":{\"@id\":\"https:\/\/fullsolutions.info\/#organization\"},\"potentialAction\":[{\"@type\":\"SearchAction\",\"target\":{\"@type\":\"EntryPoint\",\"urlTemplate\":\"https:\/\/fullsolutions.info\/?s={search_term_string}\"},\"query-input\":{\"@type\":\"PropertyValueSpecification\",\"valueRequired\":true,\"valueName\":\"search_term_string\"}}],\"inLanguage\":\"en-US\"},{\"@type\":\"Organization\",\"@id\":\"https:\/\/fullsolutions.info\/#organization\",\"name\":\"Full Solutions\",\"url\":\"https:\/\/fullsolutions.info\/\",\"logo\":{\"@type\":\"ImageObject\",\"inLanguage\":\"en-US\",\"@id\":\"https:\/\/fullsolutions.info\/#\/schema\/logo\/image\/\",\"url\":\"https:\/\/mlhff0prgoxu.i.optimole.com\/cb:s0sM.767\/w:auto\/h:auto\/q:mauto\/f:best\/https:\/\/fullsolutions.info\/wp-content\/uploads\/2021\/07\/cropped-Design-sem-nome-300x193-1-e1627062664782.png\",\"contentUrl\":\"https:\/\/mlhff0prgoxu.i.optimole.com\/cb:s0sM.767\/w:auto\/h:auto\/q:mauto\/f:best\/https:\/\/fullsolutions.info\/wp-content\/uploads\/2021\/07\/cropped-Design-sem-nome-300x193-1-e1627062664782.png\",\"width\":202,\"height\":155,\"caption\":\"Full Solutions\"},\"image\":{\"@id\":\"https:\/\/fullsolutions.info\/#\/schema\/logo\/image\/\"},\"sameAs\":[\"https:\/\/www.linkedin.com\/company\/full-solutions-equipment\"]}]}<\/script>\n<!-- \/ Yoast SEO plugin. -->","yoast_head_json":{"title":"Chalmit HDL106N Floodlight - Full Solutions","robots":{"index":"index","follow":"follow","max-snippet":"max-snippet:-1","max-image-preview":"max-image-preview:large","max-video-preview":"max-video-preview:-1"},"canonical":"https:\/\/fullsolutions.info\/en\/product\/chalmit-hdl106n-floodlight\/","og_locale":"en_US","og_type":"article","og_title":"Chalmit HDL106N Floodlight - Full Solutions","og_description":"Descri\u00e7\u00e3o Projetor modular LED Ex e para Zona 1 HDL106N possui corpo de alum\u00ednio de grau marinho com uma lente de policarbonato.\u00a0Adequado para uso em aplica\u00e7\u00f5es da Zona 1 e 21, o 106N \u00e9 f\u00e1cil de instalar, tem baixo consumo de energia e pesa apenas 6Kg.\u00a0Prote\u00e7\u00e3o de fio opcional dispon\u00edvel para prote\u00e7\u00e3o extra. Pode ser usado como uma \u00fanica unidade \u2013 pequeno holofote ou anteparo ou ser conectado para replicar um grande holofote de 250W \/ 400W. Fonte de alimenta\u00e7\u00e3o integrada. Baixo consumo de energia. Constru\u00e7\u00e3o robusta \u2013 resistente \u00e0 vibra\u00e7\u00e3o. Suporte do amortecedor do guindaste dispon\u00edvel.\u00a0Veja folha de dados para mais detalhes Um suporte Crane Damper projetado para minimizar as vibra\u00e7\u00f5es experimentadas quando o HDL106 \u00e9 instalado em guindastes offshore \/ mar\u00edtimos em movimento j\u00e1 est\u00e1 dispon\u00edvel.\u00a0Consulte a folha de dados na se\u00e7\u00e3o de download para obter mais detalhes.","og_url":"https:\/\/fullsolutions.info\/en\/product\/chalmit-hdl106n-floodlight\/","og_site_name":"Full Solutions","article_modified_time":"2024-02-19T16:15:59+00:00","og_image":[{"width":560,"height":315,"url":"https:\/\/mlhff0prgoxu.i.optimole.com\/cb:s0sM.767\/w:auto\/h:auto\/q:mauto\/f:best\/https:\/\/fullsolutions.info\/wp-content\/uploads\/2023\/11\/90-min.png","type":"image\/png"}],"twitter_card":"summary_large_image","twitter_misc":{"Est. reading time":"1 minute"},"schema":{"@context":"https:\/\/schema.org","@graph":[{"@type":"WebPage","@id":"https:\/\/fullsolutions.info\/produto\/chalmit-hdl106n-floodlight\/","url":"https:\/\/fullsolutions.info\/produto\/chalmit-hdl106n-floodlight\/","name":"Chalmit HDL106N Floodlight - Full Solutions","isPartOf":{"@id":"https:\/\/fullsolutions.info\/#website"},"primaryImageOfPage":{"@id":"https:\/\/fullsolutions.info\/produto\/chalmit-hdl106n-floodlight\/#primaryimage"},"image":{"@id":"https:\/\/fullsolutions.info\/produto\/chalmit-hdl106n-floodlight\/#primaryimage"},"thumbnailUrl":"https:\/\/mlhff0prgoxu.i.optimole.com\/cb:s0sM.767\/w:auto\/h:auto\/q:mauto\/f:best\/https:\/\/fullsolutions.info\/wp-content\/uploads\/2023\/11\/90-min.png","datePublished":"2023-11-01T12:48:58+00:00","dateModified":"2024-02-19T16:15:59+00:00","breadcrumb":{"@id":"https:\/\/fullsolutions.info\/produto\/chalmit-hdl106n-floodlight\/#breadcrumb"},"inLanguage":"en-US","potentialAction":[{"@type":"ReadAction","target":["https:\/\/fullsolutions.info\/produto\/chalmit-hdl106n-floodlight\/"]}]},{"@type":"ImageObject","inLanguage":"en-US","@id":"https:\/\/fullsolutions.info\/produto\/chalmit-hdl106n-floodlight\/#primaryimage","url":"https:\/\/mlhff0prgoxu.i.optimole.com\/cb:s0sM.767\/w:auto\/h:auto\/q:mauto\/f:best\/https:\/\/fullsolutions.info\/wp-content\/uploads\/2023\/11\/90-min.png","contentUrl":"https:\/\/mlhff0prgoxu.i.optimole.com\/cb:s0sM.767\/w:auto\/h:auto\/q:mauto\/f:best\/https:\/\/fullsolutions.info\/wp-content\/uploads\/2023\/11\/90-min.png","width":560,"height":315},{"@type":"BreadcrumbList","@id":"https:\/\/fullsolutions.info\/produto\/chalmit-hdl106n-floodlight\/#breadcrumb","itemListElement":[{"@type":"ListItem","position":1,"name":"In\u00edcio","item":"https:\/\/fullsolutions.info\/"},{"@type":"ListItem","position":2,"name":"Produtos","item":"https:\/\/fullsolutions.info\/shop\/"},{"@type":"ListItem","position":3,"name":"Chalmit HDL106N Floodlight"}]},{"@type":"WebSite","@id":"https:\/\/fullsolutions.info\/#website","url":"https:\/\/fullsolutions.info\/","name":"Full Solutions","description":"Empresa na \u00c1rea de Procurement","publisher":{"@id":"https:\/\/fullsolutions.info\/#organization"},"potentialAction":[{"@type":"SearchAction","target":{"@type":"EntryPoint","urlTemplate":"https:\/\/fullsolutions.info\/?s={search_term_string}"},"query-input":{"@type":"PropertyValueSpecification","valueRequired":true,"valueName":"search_term_string"}}],"inLanguage":"en-US"},{"@type":"Organization","@id":"https:\/\/fullsolutions.info\/#organization","name":"Full Solutions","url":"https:\/\/fullsolutions.info\/","logo":{"@type":"ImageObject","inLanguage":"en-US","@id":"https:\/\/fullsolutions.info\/#\/schema\/logo\/image\/","url":"https:\/\/mlhff0prgoxu.i.optimole.com\/cb:s0sM.767\/w:auto\/h:auto\/q:mauto\/f:best\/https:\/\/fullsolutions.info\/wp-content\/uploads\/2021\/07\/cropped-Design-sem-nome-300x193-1-e1627062664782.png","contentUrl":"https:\/\/mlhff0prgoxu.i.optimole.com\/cb:s0sM.767\/w:auto\/h:auto\/q:mauto\/f:best\/https:\/\/fullsolutions.info\/wp-content\/uploads\/2021\/07\/cropped-Design-sem-nome-300x193-1-e1627062664782.png","width":202,"height":155,"caption":"Full Solutions"},"image":{"@id":"https:\/\/fullsolutions.info\/#\/schema\/logo\/image\/"},"sameAs":["https:\/\/www.linkedin.com\/company\/full-solutions-equipment"]}]}},"_links":{"self":[{"href":"https:\/\/fullsolutions.info\/en\/wp-json\/wp\/v2\/product\/3721","targetHints":{"allow":["GET"]}}],"collection":[{"href":"https:\/\/fullsolutions.info\/en\/wp-json\/wp\/v2\/product"}],"about":[{"href":"https:\/\/fullsolutions.info\/en\/wp-json\/wp\/v2\/types\/product"}],"replies":[{"embeddable":true,"href":"https:\/\/fullsolutions.info\/en\/wp-json\/wp\/v2\/comments?post=3721"}],"wp:featuredmedia":[{"embeddable":true,"href":"https:\/\/fullsolutions.info\/en\/wp-json\/wp\/v2\/media\/3722"}],"wp:attachment":[{"href":"https:\/\/fullsolutions.info\/en\/wp-json\/wp\/v2\/media?parent=3721"}],"wp:term":[{"taxonomy":"product_brand","embeddable":true,"href":"https:\/\/fullsolutions.info\/en\/wp-json\/wp\/v2\/product_brand?post=3721"},{"taxonomy":"product_cat","embeddable":true,"href":"https:\/\/fullsolutions.info\/en\/wp-json\/wp\/v2\/product_cat?post=3721"},{"taxonomy":"product_tag","embeddable":true,"href":"https:\/\/fullsolutions.info\/en\/wp-json\/wp\/v2\/product_tag?post=3721"},{"taxonomy":"marca","embeddable":true,"href":"https:\/\/fullsolutions.info\/en\/wp-json\/wp\/v2\/marca?post=3721"}],"curies":[{"name":"wp","href":"https:\/\/api.w.org\/{rel}","templated":true}]}}