{"id":3715,"date":"2023-11-01T12:47:09","date_gmt":"2023-11-01T12:47:09","guid":{"rendered":"https:\/\/fullsolutionsequip.com\/?post_type=product&#038;p=3715"},"modified":"2024-02-19T16:16:00","modified_gmt":"2024-02-19T16:16:00","slug":"chalmit-evolution-floodlight","status":"publish","type":"product","link":"https:\/\/fullsolutions.info\/en\/product\/chalmit-evolution-floodlight\/","title":{"rendered":"Chalmit Evolution Floodlight"},"content":{"rendered":"<div class=\"elementor-element elementor-element-b17befe elementor-widget elementor-widget-heading\" data-id=\"b17befe\" data-element_type=\"widget\" data-widget_type=\"heading.default\">\n<div class=\"elementor-widget-container\">\n<p class=\"elementor-heading-title elementor-size-default\"><strong>Descri\u00e7\u00e3o<\/strong><\/p>\n<\/div>\n<\/div>\n<div class=\"elementor-element elementor-element-2dbd9d0 elementor-widget elementor-widget-text-editor\" data-id=\"2dbd9d0\" data-element_type=\"widget\" data-widget_type=\"text-editor.default\">\n<div class=\"elementor-widget-container\">\n<div class=\"elementor-text-editor elementor-clearfix\">\n<p>HID Ex de Floodlight para Zona 1 e 21<\/p>\n<p>O Evolution \u00e9 um projetor altamente eficiente que combina Ex de protection com uma utiliza\u00e7\u00e3o otimizada da luz por meio de um design refletor avan\u00e7ado.\u00a0O conceito Evolution n\u00e3o tem caminhos de chamas expostos, o que torna a lumin\u00e1ria efetivamente livre de manuten\u00e7\u00e3o.\u00a0O acesso \u00e0 l\u00e2mpada e \u00e0 c\u00e2mara do terminal \u00e9 conseguido desaparafusando um \u00fanico parafuso prisioneiro.<\/p>\n<ul>\n<li>Instala\u00e7\u00e3o nos grupos de g\u00e1s IIA, IIB e IIC.<\/li>\n<li>Acesso f\u00e1cil e r\u00e1pido para manuten\u00e7\u00e3o.<\/li>\n<li>Substitui\u00e7\u00e3o simples e r\u00e1pida da l\u00e2mpada e inspe\u00e7\u00e3o do caminho da chama.<\/li>\n<li>Manuten\u00e7\u00e3o reduzida devido a nenhum caminho de chama exposto.<\/li>\n<li>Efici\u00eancia fotom\u00e9trica excepcional.<\/li>\n<li>Distribui\u00e7\u00e3o de luz eficaz para muitas aplica\u00e7\u00f5es.<\/li>\n<li>Ignitor temporizado fornecido como padr\u00e3o.<\/li>\n<\/ul>\n<p>O Evolution \u00e9 um holofote leve de liga de alum\u00ednio para uso nas zonas 1 e 21 de \u00e1reas perigosas.<\/p>\n<\/div>\n<\/div>\n<\/div>","protected":false},"excerpt":{"rendered":"<p>Descri\u00e7\u00e3o HID Ex de Floodlight para Zona 1 e 21 O Evolution \u00e9 um projetor altamente eficiente que combina Ex de protection com uma utiliza\u00e7\u00e3o otimizada da luz por meio de um design refletor avan\u00e7ado.\u00a0O conceito Evolution n\u00e3o tem caminhos de chamas expostos, o que torna a lumin\u00e1ria efetivamente livre de manuten\u00e7\u00e3o.\u00a0O acesso \u00e0 l\u00e2mpada e \u00e0 c\u00e2mara do terminal \u00e9 conseguido desaparafusando um \u00fanico parafuso prisioneiro. Instala\u00e7\u00e3o nos grupos de g\u00e1s IIA, IIB e IIC. Acesso f\u00e1cil e r\u00e1pido para manuten\u00e7\u00e3o. Substitui\u00e7\u00e3o simples e r\u00e1pida da l\u00e2mpada e inspe\u00e7\u00e3o do caminho da chama. Manuten\u00e7\u00e3o reduzida devido a nenhum caminho de chama exposto. Efici\u00eancia fotom\u00e9trica excepcional. Distribui\u00e7\u00e3o de luz eficaz para muitas aplica\u00e7\u00f5es. Ignitor temporizado fornecido como padr\u00e3o. O Evolution \u00e9 um holofote leve de liga de alum\u00ednio para uso nas zonas 1 e 21 de \u00e1reas perigosas.<\/p>","protected":false},"featured_media":3716,"comment_status":"open","ping_status":"closed","template":"","meta":{"_joinchat":[]},"product_brand":[],"product_cat":[135],"product_tag":[],"marca":[83],"class_list":{"0":"post-3715","1":"product","2":"type-product","3":"status-publish","4":"has-post-thumbnail","6":"product_cat-iluminacao","7":"marca-chalmit","9":"first","10":"instock","11":"shipping-taxable","12":"purchasable","13":"product-type-simple"},"yoast_head":"<!-- This site is optimized with the Yoast SEO plugin v27.2 - https:\/\/yoast.com\/product\/yoast-seo-wordpress\/ -->\n<title>Chalmit Evolution Floodlight - Full Solutions<\/title>\n<meta name=\"robots\" content=\"index, follow, max-snippet:-1, max-image-preview:large, max-video-preview:-1\" \/>\n<link rel=\"canonical\" href=\"https:\/\/fullsolutions.info\/en\/product\/chalmit-evolution-floodlight\/\" \/>\n<meta property=\"og:locale\" content=\"en_US\" \/>\n<meta property=\"og:type\" content=\"article\" \/>\n<meta property=\"og:title\" content=\"Chalmit Evolution Floodlight - Full Solutions\" \/>\n<meta property=\"og:description\" content=\"Descri\u00e7\u00e3o HID Ex de Floodlight para Zona 1 e 21 O Evolution \u00e9 um projetor altamente eficiente que combina Ex de protection com uma utiliza\u00e7\u00e3o otimizada da luz por meio de um design refletor avan\u00e7ado.\u00a0O conceito Evolution n\u00e3o tem caminhos de chamas expostos, o que torna a lumin\u00e1ria efetivamente livre de manuten\u00e7\u00e3o.\u00a0O acesso \u00e0 l\u00e2mpada e \u00e0 c\u00e2mara do terminal \u00e9 conseguido desaparafusando um \u00fanico parafuso prisioneiro. Instala\u00e7\u00e3o nos grupos de g\u00e1s IIA, IIB e IIC. Acesso f\u00e1cil e r\u00e1pido para manuten\u00e7\u00e3o. Substitui\u00e7\u00e3o simples e r\u00e1pida da l\u00e2mpada e inspe\u00e7\u00e3o do caminho da chama. Manuten\u00e7\u00e3o reduzida devido a nenhum caminho de chama exposto. Efici\u00eancia fotom\u00e9trica excepcional. Distribui\u00e7\u00e3o de luz eficaz para muitas aplica\u00e7\u00f5es. Ignitor temporizado fornecido como padr\u00e3o. O Evolution \u00e9 um holofote leve de liga de alum\u00ednio para uso nas zonas 1 e 21 de \u00e1reas perigosas.\" \/>\n<meta property=\"og:url\" content=\"https:\/\/fullsolutions.info\/en\/product\/chalmit-evolution-floodlight\/\" \/>\n<meta property=\"og:site_name\" content=\"Full Solutions\" \/>\n<meta property=\"article:modified_time\" content=\"2024-02-19T16:16:00+00:00\" \/>\n<meta property=\"og:image\" content=\"https:\/\/mlhff0prgoxu.i.optimole.com\/cb:s0sM.767\/w:auto\/h:auto\/q:mauto\/f:best\/https:\/\/fullsolutions.info\/wp-content\/uploads\/2023\/11\/87-min.png\" \/>\n\t<meta property=\"og:image:width\" content=\"560\" \/>\n\t<meta property=\"og:image:height\" content=\"315\" \/>\n\t<meta property=\"og:image:type\" content=\"image\/png\" \/>\n<meta name=\"twitter:card\" content=\"summary_large_image\" \/>\n<meta name=\"twitter:label1\" content=\"Est. reading time\" \/>\n\t<meta name=\"twitter:data1\" content=\"1 minute\" \/>\n<script type=\"application\/ld+json\" class=\"yoast-schema-graph\">{\"@context\":\"https:\/\/schema.org\",\"@graph\":[{\"@type\":\"WebPage\",\"@id\":\"https:\/\/fullsolutions.info\/produto\/chalmit-evolution-floodlight\/\",\"url\":\"https:\/\/fullsolutions.info\/produto\/chalmit-evolution-floodlight\/\",\"name\":\"Chalmit Evolution Floodlight - Full Solutions\",\"isPartOf\":{\"@id\":\"https:\/\/fullsolutions.info\/#website\"},\"primaryImageOfPage\":{\"@id\":\"https:\/\/fullsolutions.info\/produto\/chalmit-evolution-floodlight\/#primaryimage\"},\"image\":{\"@id\":\"https:\/\/fullsolutions.info\/produto\/chalmit-evolution-floodlight\/#primaryimage\"},\"thumbnailUrl\":\"https:\/\/mlhff0prgoxu.i.optimole.com\/cb:s0sM.767\/w:auto\/h:auto\/q:mauto\/f:best\/https:\/\/fullsolutions.info\/wp-content\/uploads\/2023\/11\/87-min.png\",\"datePublished\":\"2023-11-01T12:47:09+00:00\",\"dateModified\":\"2024-02-19T16:16:00+00:00\",\"breadcrumb\":{\"@id\":\"https:\/\/fullsolutions.info\/produto\/chalmit-evolution-floodlight\/#breadcrumb\"},\"inLanguage\":\"en-US\",\"potentialAction\":[{\"@type\":\"ReadAction\",\"target\":[\"https:\/\/fullsolutions.info\/produto\/chalmit-evolution-floodlight\/\"]}]},{\"@type\":\"ImageObject\",\"inLanguage\":\"en-US\",\"@id\":\"https:\/\/fullsolutions.info\/produto\/chalmit-evolution-floodlight\/#primaryimage\",\"url\":\"https:\/\/mlhff0prgoxu.i.optimole.com\/cb:s0sM.767\/w:auto\/h:auto\/q:mauto\/f:best\/https:\/\/fullsolutions.info\/wp-content\/uploads\/2023\/11\/87-min.png\",\"contentUrl\":\"https:\/\/mlhff0prgoxu.i.optimole.com\/cb:s0sM.767\/w:auto\/h:auto\/q:mauto\/f:best\/https:\/\/fullsolutions.info\/wp-content\/uploads\/2023\/11\/87-min.png\",\"width\":560,\"height\":315},{\"@type\":\"BreadcrumbList\",\"@id\":\"https:\/\/fullsolutions.info\/produto\/chalmit-evolution-floodlight\/#breadcrumb\",\"itemListElement\":[{\"@type\":\"ListItem\",\"position\":1,\"name\":\"In\u00edcio\",\"item\":\"https:\/\/fullsolutions.info\/\"},{\"@type\":\"ListItem\",\"position\":2,\"name\":\"Produtos\",\"item\":\"https:\/\/fullsolutions.info\/shop\/\"},{\"@type\":\"ListItem\",\"position\":3,\"name\":\"Chalmit Evolution Floodlight\"}]},{\"@type\":\"WebSite\",\"@id\":\"https:\/\/fullsolutions.info\/#website\",\"url\":\"https:\/\/fullsolutions.info\/\",\"name\":\"Full Solutions\",\"description\":\"Empresa na \u00c1rea de Procurement\",\"publisher\":{\"@id\":\"https:\/\/fullsolutions.info\/#organization\"},\"potentialAction\":[{\"@type\":\"SearchAction\",\"target\":{\"@type\":\"EntryPoint\",\"urlTemplate\":\"https:\/\/fullsolutions.info\/?s={search_term_string}\"},\"query-input\":{\"@type\":\"PropertyValueSpecification\",\"valueRequired\":true,\"valueName\":\"search_term_string\"}}],\"inLanguage\":\"en-US\"},{\"@type\":\"Organization\",\"@id\":\"https:\/\/fullsolutions.info\/#organization\",\"name\":\"Full Solutions\",\"url\":\"https:\/\/fullsolutions.info\/\",\"logo\":{\"@type\":\"ImageObject\",\"inLanguage\":\"en-US\",\"@id\":\"https:\/\/fullsolutions.info\/#\/schema\/logo\/image\/\",\"url\":\"https:\/\/mlhff0prgoxu.i.optimole.com\/cb:s0sM.767\/w:auto\/h:auto\/q:mauto\/f:best\/https:\/\/fullsolutions.info\/wp-content\/uploads\/2021\/07\/cropped-Design-sem-nome-300x193-1-e1627062664782.png\",\"contentUrl\":\"https:\/\/mlhff0prgoxu.i.optimole.com\/cb:s0sM.767\/w:auto\/h:auto\/q:mauto\/f:best\/https:\/\/fullsolutions.info\/wp-content\/uploads\/2021\/07\/cropped-Design-sem-nome-300x193-1-e1627062664782.png\",\"width\":202,\"height\":155,\"caption\":\"Full Solutions\"},\"image\":{\"@id\":\"https:\/\/fullsolutions.info\/#\/schema\/logo\/image\/\"},\"sameAs\":[\"https:\/\/www.linkedin.com\/company\/full-solutions-equipment\"]}]}<\/script>\n<!-- \/ Yoast SEO plugin. -->","yoast_head_json":{"title":"Chalmit Evolution Floodlight - Full Solutions","robots":{"index":"index","follow":"follow","max-snippet":"max-snippet:-1","max-image-preview":"max-image-preview:large","max-video-preview":"max-video-preview:-1"},"canonical":"https:\/\/fullsolutions.info\/en\/product\/chalmit-evolution-floodlight\/","og_locale":"en_US","og_type":"article","og_title":"Chalmit Evolution Floodlight - Full Solutions","og_description":"Descri\u00e7\u00e3o HID Ex de Floodlight para Zona 1 e 21 O Evolution \u00e9 um projetor altamente eficiente que combina Ex de protection com uma utiliza\u00e7\u00e3o otimizada da luz por meio de um design refletor avan\u00e7ado.\u00a0O conceito Evolution n\u00e3o tem caminhos de chamas expostos, o que torna a lumin\u00e1ria efetivamente livre de manuten\u00e7\u00e3o.\u00a0O acesso \u00e0 l\u00e2mpada e \u00e0 c\u00e2mara do terminal \u00e9 conseguido desaparafusando um \u00fanico parafuso prisioneiro. Instala\u00e7\u00e3o nos grupos de g\u00e1s IIA, IIB e IIC. Acesso f\u00e1cil e r\u00e1pido para manuten\u00e7\u00e3o. Substitui\u00e7\u00e3o simples e r\u00e1pida da l\u00e2mpada e inspe\u00e7\u00e3o do caminho da chama. Manuten\u00e7\u00e3o reduzida devido a nenhum caminho de chama exposto. Efici\u00eancia fotom\u00e9trica excepcional. Distribui\u00e7\u00e3o de luz eficaz para muitas aplica\u00e7\u00f5es. Ignitor temporizado fornecido como padr\u00e3o. O Evolution \u00e9 um holofote leve de liga de alum\u00ednio para uso nas zonas 1 e 21 de \u00e1reas perigosas.","og_url":"https:\/\/fullsolutions.info\/en\/product\/chalmit-evolution-floodlight\/","og_site_name":"Full Solutions","article_modified_time":"2024-02-19T16:16:00+00:00","og_image":[{"width":560,"height":315,"url":"https:\/\/mlhff0prgoxu.i.optimole.com\/cb:s0sM.767\/w:auto\/h:auto\/q:mauto\/f:best\/https:\/\/fullsolutions.info\/wp-content\/uploads\/2023\/11\/87-min.png","type":"image\/png"}],"twitter_card":"summary_large_image","twitter_misc":{"Est. reading time":"1 minute"},"schema":{"@context":"https:\/\/schema.org","@graph":[{"@type":"WebPage","@id":"https:\/\/fullsolutions.info\/produto\/chalmit-evolution-floodlight\/","url":"https:\/\/fullsolutions.info\/produto\/chalmit-evolution-floodlight\/","name":"Chalmit Evolution Floodlight - Full Solutions","isPartOf":{"@id":"https:\/\/fullsolutions.info\/#website"},"primaryImageOfPage":{"@id":"https:\/\/fullsolutions.info\/produto\/chalmit-evolution-floodlight\/#primaryimage"},"image":{"@id":"https:\/\/fullsolutions.info\/produto\/chalmit-evolution-floodlight\/#primaryimage"},"thumbnailUrl":"https:\/\/mlhff0prgoxu.i.optimole.com\/cb:s0sM.767\/w:auto\/h:auto\/q:mauto\/f:best\/https:\/\/fullsolutions.info\/wp-content\/uploads\/2023\/11\/87-min.png","datePublished":"2023-11-01T12:47:09+00:00","dateModified":"2024-02-19T16:16:00+00:00","breadcrumb":{"@id":"https:\/\/fullsolutions.info\/produto\/chalmit-evolution-floodlight\/#breadcrumb"},"inLanguage":"en-US","potentialAction":[{"@type":"ReadAction","target":["https:\/\/fullsolutions.info\/produto\/chalmit-evolution-floodlight\/"]}]},{"@type":"ImageObject","inLanguage":"en-US","@id":"https:\/\/fullsolutions.info\/produto\/chalmit-evolution-floodlight\/#primaryimage","url":"https:\/\/mlhff0prgoxu.i.optimole.com\/cb:s0sM.767\/w:auto\/h:auto\/q:mauto\/f:best\/https:\/\/fullsolutions.info\/wp-content\/uploads\/2023\/11\/87-min.png","contentUrl":"https:\/\/mlhff0prgoxu.i.optimole.com\/cb:s0sM.767\/w:auto\/h:auto\/q:mauto\/f:best\/https:\/\/fullsolutions.info\/wp-content\/uploads\/2023\/11\/87-min.png","width":560,"height":315},{"@type":"BreadcrumbList","@id":"https:\/\/fullsolutions.info\/produto\/chalmit-evolution-floodlight\/#breadcrumb","itemListElement":[{"@type":"ListItem","position":1,"name":"In\u00edcio","item":"https:\/\/fullsolutions.info\/"},{"@type":"ListItem","position":2,"name":"Produtos","item":"https:\/\/fullsolutions.info\/shop\/"},{"@type":"ListItem","position":3,"name":"Chalmit Evolution Floodlight"}]},{"@type":"WebSite","@id":"https:\/\/fullsolutions.info\/#website","url":"https:\/\/fullsolutions.info\/","name":"Full Solutions","description":"Empresa na \u00c1rea de Procurement","publisher":{"@id":"https:\/\/fullsolutions.info\/#organization"},"potentialAction":[{"@type":"SearchAction","target":{"@type":"EntryPoint","urlTemplate":"https:\/\/fullsolutions.info\/?s={search_term_string}"},"query-input":{"@type":"PropertyValueSpecification","valueRequired":true,"valueName":"search_term_string"}}],"inLanguage":"en-US"},{"@type":"Organization","@id":"https:\/\/fullsolutions.info\/#organization","name":"Full Solutions","url":"https:\/\/fullsolutions.info\/","logo":{"@type":"ImageObject","inLanguage":"en-US","@id":"https:\/\/fullsolutions.info\/#\/schema\/logo\/image\/","url":"https:\/\/mlhff0prgoxu.i.optimole.com\/cb:s0sM.767\/w:auto\/h:auto\/q:mauto\/f:best\/https:\/\/fullsolutions.info\/wp-content\/uploads\/2021\/07\/cropped-Design-sem-nome-300x193-1-e1627062664782.png","contentUrl":"https:\/\/mlhff0prgoxu.i.optimole.com\/cb:s0sM.767\/w:auto\/h:auto\/q:mauto\/f:best\/https:\/\/fullsolutions.info\/wp-content\/uploads\/2021\/07\/cropped-Design-sem-nome-300x193-1-e1627062664782.png","width":202,"height":155,"caption":"Full Solutions"},"image":{"@id":"https:\/\/fullsolutions.info\/#\/schema\/logo\/image\/"},"sameAs":["https:\/\/www.linkedin.com\/company\/full-solutions-equipment"]}]}},"_links":{"self":[{"href":"https:\/\/fullsolutions.info\/en\/wp-json\/wp\/v2\/product\/3715","targetHints":{"allow":["GET"]}}],"collection":[{"href":"https:\/\/fullsolutions.info\/en\/wp-json\/wp\/v2\/product"}],"about":[{"href":"https:\/\/fullsolutions.info\/en\/wp-json\/wp\/v2\/types\/product"}],"replies":[{"embeddable":true,"href":"https:\/\/fullsolutions.info\/en\/wp-json\/wp\/v2\/comments?post=3715"}],"wp:featuredmedia":[{"embeddable":true,"href":"https:\/\/fullsolutions.info\/en\/wp-json\/wp\/v2\/media\/3716"}],"wp:attachment":[{"href":"https:\/\/fullsolutions.info\/en\/wp-json\/wp\/v2\/media?parent=3715"}],"wp:term":[{"taxonomy":"product_brand","embeddable":true,"href":"https:\/\/fullsolutions.info\/en\/wp-json\/wp\/v2\/product_brand?post=3715"},{"taxonomy":"product_cat","embeddable":true,"href":"https:\/\/fullsolutions.info\/en\/wp-json\/wp\/v2\/product_cat?post=3715"},{"taxonomy":"product_tag","embeddable":true,"href":"https:\/\/fullsolutions.info\/en\/wp-json\/wp\/v2\/product_tag?post=3715"},{"taxonomy":"marca","embeddable":true,"href":"https:\/\/fullsolutions.info\/en\/wp-json\/wp\/v2\/marca?post=3715"}],"curies":[{"name":"wp","href":"https:\/\/api.w.org\/{rel}","templated":true}]}}