{"id":3698,"date":"2023-11-01T12:41:44","date_gmt":"2023-11-01T12:41:44","guid":{"rendered":"https:\/\/fullsolutionsequip.com\/?post_type=product&#038;p=3698"},"modified":"2024-02-19T16:16:00","modified_gmt":"2024-02-19T16:16:00","slug":"victor-trident-trie-standard","status":"publish","type":"product","link":"https:\/\/fullsolutions.info\/en\/product\/victor-trident-trie-standard\/","title":{"rendered":"Victor Trident (TRIE \u2013 Standard)"},"content":{"rendered":"<div class=\"elementor-element elementor-element-b17befe elementor-widget elementor-widget-heading\" data-id=\"b17befe\" data-element_type=\"widget\" data-widget_type=\"heading.default\">\n<div class=\"elementor-widget-container\">\n<p class=\"elementor-heading-title elementor-size-default\"><strong>Descri\u00e7\u00e3o<\/strong><\/p>\n<\/div>\n<\/div>\n<div class=\"elementor-element elementor-element-2dbd9d0 elementor-widget elementor-widget-text-editor\" data-id=\"2dbd9d0\" data-element_type=\"widget\" data-widget_type=\"text-editor.default\">\n<div class=\"elementor-widget-container\">\n<div class=\"elementor-text-editor elementor-clearfix\">\n<p>A gama de lumin\u00e1rias Ex e Trident traz uma solu\u00e7\u00e3o de design inovadora para a ilumina\u00e7\u00e3o de \u00e1reas perigosas.\u00a0Com seu perfil distinto, o Trident \u00e9 leve, por\u00e9m robusto e pode ser montado em qualquer orienta\u00e7\u00e3o.\u00a0Ele \u00e9 capaz de resistir aos extremos das condi\u00e7\u00f5es clim\u00e1ticas enfrentadas por operadores em todo o mundo.<\/p>\n<ul>\n<li>Prote\u00e7\u00e3o de entrada excepcional IP66, IP67 e IP68 *.<\/li>\n<li>O sistema de cassete exclusivo permite uma recoloca\u00e7\u00e3o r\u00e1pida e f\u00e1cil \u2013 sem necessidade de isolamento da rede el\u00e9trica.<\/li>\n<li>Adequado para aplica\u00e7\u00f5es em temperaturas extremas: -45oC a + 55oC.<\/li>\n<li>Prote\u00e7\u00e3o UV incompar\u00e1vel.<\/li>\n<li>Prote\u00e7\u00e3o de fim de vida (EOL) \u2013 reator certificado de acordo com EN 60079-7: 2007.<\/li>\n<li>Vers\u00e3o de montagem em poste dedicada.<\/li>\n<li>Prote\u00e7\u00e3o contra sobretens\u00e3o e distor\u00e7\u00e3o harm\u00f4nica.<\/li>\n<li>A opera\u00e7\u00e3o eficiente mant\u00e9m os custos de opera\u00e7\u00e3o em um m\u00ednimo.<\/li>\n<li>GOST e IECEx aprovados.<\/li>\n<\/ul>\n<p>Projetada para uso nos ambientes industriais mais hostis, a lumin\u00e1ria fornece uma prote\u00e7\u00e3o inigual\u00e1vel de entrada e resist\u00eancia \u00e0 radia\u00e7\u00e3o UV atrav\u00e9s do refletor de a\u00e7o inoxid\u00e1vel.\u00a0A abordagem exclusiva da \u2018Terceira l\u00e2mpada de emerg\u00eancia\u2019 oferece flexibilidade adicional no design e gerenciamento de ilumina\u00e7\u00e3o.<\/p>\n<\/div>\n<\/div>\n<\/div>","protected":false},"excerpt":{"rendered":"<p>Descri\u00e7\u00e3o A gama de lumin\u00e1rias Ex e Trident traz uma solu\u00e7\u00e3o de design inovadora para a ilumina\u00e7\u00e3o de \u00e1reas perigosas.\u00a0Com seu perfil distinto, o Trident \u00e9 leve, por\u00e9m robusto e pode ser montado em qualquer orienta\u00e7\u00e3o.\u00a0Ele \u00e9 capaz de resistir aos extremos das condi\u00e7\u00f5es clim\u00e1ticas enfrentadas por operadores em todo o mundo. Prote\u00e7\u00e3o de entrada excepcional IP66, IP67 e IP68 *. O sistema de cassete exclusivo permite uma recoloca\u00e7\u00e3o r\u00e1pida e f\u00e1cil \u2013 sem necessidade de isolamento da rede el\u00e9trica. Adequado para aplica\u00e7\u00f5es em temperaturas extremas: -45oC a + 55oC. Prote\u00e7\u00e3o UV incompar\u00e1vel. Prote\u00e7\u00e3o de fim de vida (EOL) \u2013 reator certificado de acordo com EN 60079-7: 2007. Vers\u00e3o de montagem em poste dedicada. Prote\u00e7\u00e3o contra sobretens\u00e3o e distor\u00e7\u00e3o harm\u00f4nica. A opera\u00e7\u00e3o eficiente mant\u00e9m os custos de opera\u00e7\u00e3o em um m\u00ednimo. GOST e IECEx aprovados. Projetada para uso nos ambientes industriais mais hostis, a lumin\u00e1ria fornece uma prote\u00e7\u00e3o inigual\u00e1vel de entrada e resist\u00eancia \u00e0 radia\u00e7\u00e3o UV atrav\u00e9s do refletor de a\u00e7o inoxid\u00e1vel.\u00a0A abordagem exclusiva da \u2018Terceira l\u00e2mpada de emerg\u00eancia\u2019 oferece flexibilidade adicional no design e gerenciamento de ilumina\u00e7\u00e3o.<\/p>","protected":false},"featured_media":3699,"comment_status":"open","ping_status":"closed","template":"","meta":{"_joinchat":[]},"product_brand":[],"product_cat":[135],"product_tag":[],"marca":[87],"class_list":{"0":"post-3698","1":"product","2":"type-product","3":"status-publish","4":"has-post-thumbnail","6":"product_cat-iluminacao","7":"marca-victor","9":"first","10":"instock","11":"shipping-taxable","12":"purchasable","13":"product-type-simple"},"yoast_head":"<!-- This site is optimized with the Yoast SEO plugin v27.2 - https:\/\/yoast.com\/product\/yoast-seo-wordpress\/ -->\n<title>Victor Trident (TRIE \u2013 Standard) - Full Solutions<\/title>\n<meta name=\"robots\" content=\"index, follow, max-snippet:-1, max-image-preview:large, max-video-preview:-1\" \/>\n<link rel=\"canonical\" href=\"https:\/\/fullsolutions.info\/en\/product\/victor-trident-trie-standard\/\" \/>\n<meta property=\"og:locale\" content=\"en_US\" \/>\n<meta property=\"og:type\" content=\"article\" \/>\n<meta property=\"og:title\" content=\"Victor Trident (TRIE \u2013 Standard) - Full Solutions\" \/>\n<meta property=\"og:description\" content=\"Descri\u00e7\u00e3o A gama de lumin\u00e1rias Ex e Trident traz uma solu\u00e7\u00e3o de design inovadora para a ilumina\u00e7\u00e3o de \u00e1reas perigosas.\u00a0Com seu perfil distinto, o Trident \u00e9 leve, por\u00e9m robusto e pode ser montado em qualquer orienta\u00e7\u00e3o.\u00a0Ele \u00e9 capaz de resistir aos extremos das condi\u00e7\u00f5es clim\u00e1ticas enfrentadas por operadores em todo o mundo. Prote\u00e7\u00e3o de entrada excepcional IP66, IP67 e IP68 *. O sistema de cassete exclusivo permite uma recoloca\u00e7\u00e3o r\u00e1pida e f\u00e1cil \u2013 sem necessidade de isolamento da rede el\u00e9trica. Adequado para aplica\u00e7\u00f5es em temperaturas extremas: -45oC a + 55oC. Prote\u00e7\u00e3o UV incompar\u00e1vel. Prote\u00e7\u00e3o de fim de vida (EOL) \u2013 reator certificado de acordo com EN 60079-7: 2007. Vers\u00e3o de montagem em poste dedicada. Prote\u00e7\u00e3o contra sobretens\u00e3o e distor\u00e7\u00e3o harm\u00f4nica. A opera\u00e7\u00e3o eficiente mant\u00e9m os custos de opera\u00e7\u00e3o em um m\u00ednimo. GOST e IECEx aprovados. Projetada para uso nos ambientes industriais mais hostis, a lumin\u00e1ria fornece uma prote\u00e7\u00e3o inigual\u00e1vel de entrada e resist\u00eancia \u00e0 radia\u00e7\u00e3o UV atrav\u00e9s do refletor de a\u00e7o inoxid\u00e1vel.\u00a0A abordagem exclusiva da \u2018Terceira l\u00e2mpada de emerg\u00eancia\u2019 oferece flexibilidade adicional no design e gerenciamento de ilumina\u00e7\u00e3o.\" \/>\n<meta property=\"og:url\" content=\"https:\/\/fullsolutions.info\/en\/product\/victor-trident-trie-standard\/\" \/>\n<meta property=\"og:site_name\" content=\"Full Solutions\" \/>\n<meta property=\"article:modified_time\" content=\"2024-02-19T16:16:00+00:00\" \/>\n<meta property=\"og:image\" content=\"https:\/\/mlhff0prgoxu.i.optimole.com\/cb:s0sM.767\/w:auto\/h:auto\/q:mauto\/f:best\/https:\/\/fullsolutions.info\/wp-content\/uploads\/2023\/11\/80-min.png\" \/>\n\t<meta property=\"og:image:width\" content=\"560\" \/>\n\t<meta property=\"og:image:height\" content=\"315\" \/>\n\t<meta property=\"og:image:type\" content=\"image\/png\" \/>\n<meta name=\"twitter:card\" content=\"summary_large_image\" \/>\n<meta name=\"twitter:label1\" content=\"Est. reading time\" \/>\n\t<meta name=\"twitter:data1\" content=\"1 minute\" \/>\n<script type=\"application\/ld+json\" class=\"yoast-schema-graph\">{\"@context\":\"https:\/\/schema.org\",\"@graph\":[{\"@type\":\"WebPage\",\"@id\":\"https:\/\/fullsolutions.info\/produto\/victor-trident-trie-standard\/\",\"url\":\"https:\/\/fullsolutions.info\/produto\/victor-trident-trie-standard\/\",\"name\":\"Victor Trident (TRIE \u2013 Standard) - Full Solutions\",\"isPartOf\":{\"@id\":\"https:\/\/fullsolutions.info\/#website\"},\"primaryImageOfPage\":{\"@id\":\"https:\/\/fullsolutions.info\/produto\/victor-trident-trie-standard\/#primaryimage\"},\"image\":{\"@id\":\"https:\/\/fullsolutions.info\/produto\/victor-trident-trie-standard\/#primaryimage\"},\"thumbnailUrl\":\"https:\/\/mlhff0prgoxu.i.optimole.com\/cb:s0sM.767\/w:auto\/h:auto\/q:mauto\/f:best\/https:\/\/fullsolutions.info\/wp-content\/uploads\/2023\/11\/80-min.png\",\"datePublished\":\"2023-11-01T12:41:44+00:00\",\"dateModified\":\"2024-02-19T16:16:00+00:00\",\"breadcrumb\":{\"@id\":\"https:\/\/fullsolutions.info\/produto\/victor-trident-trie-standard\/#breadcrumb\"},\"inLanguage\":\"en-US\",\"potentialAction\":[{\"@type\":\"ReadAction\",\"target\":[\"https:\/\/fullsolutions.info\/produto\/victor-trident-trie-standard\/\"]}]},{\"@type\":\"ImageObject\",\"inLanguage\":\"en-US\",\"@id\":\"https:\/\/fullsolutions.info\/produto\/victor-trident-trie-standard\/#primaryimage\",\"url\":\"https:\/\/mlhff0prgoxu.i.optimole.com\/cb:s0sM.767\/w:auto\/h:auto\/q:mauto\/f:best\/https:\/\/fullsolutions.info\/wp-content\/uploads\/2023\/11\/80-min.png\",\"contentUrl\":\"https:\/\/mlhff0prgoxu.i.optimole.com\/cb:s0sM.767\/w:auto\/h:auto\/q:mauto\/f:best\/https:\/\/fullsolutions.info\/wp-content\/uploads\/2023\/11\/80-min.png\",\"width\":560,\"height\":315},{\"@type\":\"BreadcrumbList\",\"@id\":\"https:\/\/fullsolutions.info\/produto\/victor-trident-trie-standard\/#breadcrumb\",\"itemListElement\":[{\"@type\":\"ListItem\",\"position\":1,\"name\":\"In\u00edcio\",\"item\":\"https:\/\/fullsolutions.info\/\"},{\"@type\":\"ListItem\",\"position\":2,\"name\":\"Produtos\",\"item\":\"https:\/\/fullsolutions.info\/shop\/\"},{\"@type\":\"ListItem\",\"position\":3,\"name\":\"Victor Trident (TRIE \u2013 Standard)\"}]},{\"@type\":\"WebSite\",\"@id\":\"https:\/\/fullsolutions.info\/#website\",\"url\":\"https:\/\/fullsolutions.info\/\",\"name\":\"Full Solutions\",\"description\":\"Empresa na \u00c1rea de Procurement\",\"publisher\":{\"@id\":\"https:\/\/fullsolutions.info\/#organization\"},\"potentialAction\":[{\"@type\":\"SearchAction\",\"target\":{\"@type\":\"EntryPoint\",\"urlTemplate\":\"https:\/\/fullsolutions.info\/?s={search_term_string}\"},\"query-input\":{\"@type\":\"PropertyValueSpecification\",\"valueRequired\":true,\"valueName\":\"search_term_string\"}}],\"inLanguage\":\"en-US\"},{\"@type\":\"Organization\",\"@id\":\"https:\/\/fullsolutions.info\/#organization\",\"name\":\"Full Solutions\",\"url\":\"https:\/\/fullsolutions.info\/\",\"logo\":{\"@type\":\"ImageObject\",\"inLanguage\":\"en-US\",\"@id\":\"https:\/\/fullsolutions.info\/#\/schema\/logo\/image\/\",\"url\":\"https:\/\/mlhff0prgoxu.i.optimole.com\/cb:s0sM.767\/w:auto\/h:auto\/q:mauto\/f:best\/https:\/\/fullsolutions.info\/wp-content\/uploads\/2021\/07\/cropped-Design-sem-nome-300x193-1-e1627062664782.png\",\"contentUrl\":\"https:\/\/mlhff0prgoxu.i.optimole.com\/cb:s0sM.767\/w:auto\/h:auto\/q:mauto\/f:best\/https:\/\/fullsolutions.info\/wp-content\/uploads\/2021\/07\/cropped-Design-sem-nome-300x193-1-e1627062664782.png\",\"width\":202,\"height\":155,\"caption\":\"Full Solutions\"},\"image\":{\"@id\":\"https:\/\/fullsolutions.info\/#\/schema\/logo\/image\/\"},\"sameAs\":[\"https:\/\/www.linkedin.com\/company\/full-solutions-equipment\"]}]}<\/script>\n<!-- \/ Yoast SEO plugin. -->","yoast_head_json":{"title":"Victor Trident (TRIE \u2013 Standard) - Full Solutions","robots":{"index":"index","follow":"follow","max-snippet":"max-snippet:-1","max-image-preview":"max-image-preview:large","max-video-preview":"max-video-preview:-1"},"canonical":"https:\/\/fullsolutions.info\/en\/product\/victor-trident-trie-standard\/","og_locale":"en_US","og_type":"article","og_title":"Victor Trident (TRIE \u2013 Standard) - Full Solutions","og_description":"Descri\u00e7\u00e3o A gama de lumin\u00e1rias Ex e Trident traz uma solu\u00e7\u00e3o de design inovadora para a ilumina\u00e7\u00e3o de \u00e1reas perigosas.\u00a0Com seu perfil distinto, o Trident \u00e9 leve, por\u00e9m robusto e pode ser montado em qualquer orienta\u00e7\u00e3o.\u00a0Ele \u00e9 capaz de resistir aos extremos das condi\u00e7\u00f5es clim\u00e1ticas enfrentadas por operadores em todo o mundo. Prote\u00e7\u00e3o de entrada excepcional IP66, IP67 e IP68 *. O sistema de cassete exclusivo permite uma recoloca\u00e7\u00e3o r\u00e1pida e f\u00e1cil \u2013 sem necessidade de isolamento da rede el\u00e9trica. Adequado para aplica\u00e7\u00f5es em temperaturas extremas: -45oC a + 55oC. Prote\u00e7\u00e3o UV incompar\u00e1vel. Prote\u00e7\u00e3o de fim de vida (EOL) \u2013 reator certificado de acordo com EN 60079-7: 2007. Vers\u00e3o de montagem em poste dedicada. Prote\u00e7\u00e3o contra sobretens\u00e3o e distor\u00e7\u00e3o harm\u00f4nica. A opera\u00e7\u00e3o eficiente mant\u00e9m os custos de opera\u00e7\u00e3o em um m\u00ednimo. GOST e IECEx aprovados. Projetada para uso nos ambientes industriais mais hostis, a lumin\u00e1ria fornece uma prote\u00e7\u00e3o inigual\u00e1vel de entrada e resist\u00eancia \u00e0 radia\u00e7\u00e3o UV atrav\u00e9s do refletor de a\u00e7o inoxid\u00e1vel.\u00a0A abordagem exclusiva da \u2018Terceira l\u00e2mpada de emerg\u00eancia\u2019 oferece flexibilidade adicional no design e gerenciamento de ilumina\u00e7\u00e3o.","og_url":"https:\/\/fullsolutions.info\/en\/product\/victor-trident-trie-standard\/","og_site_name":"Full Solutions","article_modified_time":"2024-02-19T16:16:00+00:00","og_image":[{"width":560,"height":315,"url":"https:\/\/mlhff0prgoxu.i.optimole.com\/cb:s0sM.767\/w:auto\/h:auto\/q:mauto\/f:best\/https:\/\/fullsolutions.info\/wp-content\/uploads\/2023\/11\/80-min.png","type":"image\/png"}],"twitter_card":"summary_large_image","twitter_misc":{"Est. reading time":"1 minute"},"schema":{"@context":"https:\/\/schema.org","@graph":[{"@type":"WebPage","@id":"https:\/\/fullsolutions.info\/produto\/victor-trident-trie-standard\/","url":"https:\/\/fullsolutions.info\/produto\/victor-trident-trie-standard\/","name":"Victor Trident (TRIE \u2013 Standard) - Full Solutions","isPartOf":{"@id":"https:\/\/fullsolutions.info\/#website"},"primaryImageOfPage":{"@id":"https:\/\/fullsolutions.info\/produto\/victor-trident-trie-standard\/#primaryimage"},"image":{"@id":"https:\/\/fullsolutions.info\/produto\/victor-trident-trie-standard\/#primaryimage"},"thumbnailUrl":"https:\/\/mlhff0prgoxu.i.optimole.com\/cb:s0sM.767\/w:auto\/h:auto\/q:mauto\/f:best\/https:\/\/fullsolutions.info\/wp-content\/uploads\/2023\/11\/80-min.png","datePublished":"2023-11-01T12:41:44+00:00","dateModified":"2024-02-19T16:16:00+00:00","breadcrumb":{"@id":"https:\/\/fullsolutions.info\/produto\/victor-trident-trie-standard\/#breadcrumb"},"inLanguage":"en-US","potentialAction":[{"@type":"ReadAction","target":["https:\/\/fullsolutions.info\/produto\/victor-trident-trie-standard\/"]}]},{"@type":"ImageObject","inLanguage":"en-US","@id":"https:\/\/fullsolutions.info\/produto\/victor-trident-trie-standard\/#primaryimage","url":"https:\/\/mlhff0prgoxu.i.optimole.com\/cb:s0sM.767\/w:auto\/h:auto\/q:mauto\/f:best\/https:\/\/fullsolutions.info\/wp-content\/uploads\/2023\/11\/80-min.png","contentUrl":"https:\/\/mlhff0prgoxu.i.optimole.com\/cb:s0sM.767\/w:auto\/h:auto\/q:mauto\/f:best\/https:\/\/fullsolutions.info\/wp-content\/uploads\/2023\/11\/80-min.png","width":560,"height":315},{"@type":"BreadcrumbList","@id":"https:\/\/fullsolutions.info\/produto\/victor-trident-trie-standard\/#breadcrumb","itemListElement":[{"@type":"ListItem","position":1,"name":"In\u00edcio","item":"https:\/\/fullsolutions.info\/"},{"@type":"ListItem","position":2,"name":"Produtos","item":"https:\/\/fullsolutions.info\/shop\/"},{"@type":"ListItem","position":3,"name":"Victor Trident (TRIE \u2013 Standard)"}]},{"@type":"WebSite","@id":"https:\/\/fullsolutions.info\/#website","url":"https:\/\/fullsolutions.info\/","name":"Full Solutions","description":"Empresa na \u00c1rea de Procurement","publisher":{"@id":"https:\/\/fullsolutions.info\/#organization"},"potentialAction":[{"@type":"SearchAction","target":{"@type":"EntryPoint","urlTemplate":"https:\/\/fullsolutions.info\/?s={search_term_string}"},"query-input":{"@type":"PropertyValueSpecification","valueRequired":true,"valueName":"search_term_string"}}],"inLanguage":"en-US"},{"@type":"Organization","@id":"https:\/\/fullsolutions.info\/#organization","name":"Full Solutions","url":"https:\/\/fullsolutions.info\/","logo":{"@type":"ImageObject","inLanguage":"en-US","@id":"https:\/\/fullsolutions.info\/#\/schema\/logo\/image\/","url":"https:\/\/mlhff0prgoxu.i.optimole.com\/cb:s0sM.767\/w:auto\/h:auto\/q:mauto\/f:best\/https:\/\/fullsolutions.info\/wp-content\/uploads\/2021\/07\/cropped-Design-sem-nome-300x193-1-e1627062664782.png","contentUrl":"https:\/\/mlhff0prgoxu.i.optimole.com\/cb:s0sM.767\/w:auto\/h:auto\/q:mauto\/f:best\/https:\/\/fullsolutions.info\/wp-content\/uploads\/2021\/07\/cropped-Design-sem-nome-300x193-1-e1627062664782.png","width":202,"height":155,"caption":"Full Solutions"},"image":{"@id":"https:\/\/fullsolutions.info\/#\/schema\/logo\/image\/"},"sameAs":["https:\/\/www.linkedin.com\/company\/full-solutions-equipment"]}]}},"_links":{"self":[{"href":"https:\/\/fullsolutions.info\/en\/wp-json\/wp\/v2\/product\/3698","targetHints":{"allow":["GET"]}}],"collection":[{"href":"https:\/\/fullsolutions.info\/en\/wp-json\/wp\/v2\/product"}],"about":[{"href":"https:\/\/fullsolutions.info\/en\/wp-json\/wp\/v2\/types\/product"}],"replies":[{"embeddable":true,"href":"https:\/\/fullsolutions.info\/en\/wp-json\/wp\/v2\/comments?post=3698"}],"wp:featuredmedia":[{"embeddable":true,"href":"https:\/\/fullsolutions.info\/en\/wp-json\/wp\/v2\/media\/3699"}],"wp:attachment":[{"href":"https:\/\/fullsolutions.info\/en\/wp-json\/wp\/v2\/media?parent=3698"}],"wp:term":[{"taxonomy":"product_brand","embeddable":true,"href":"https:\/\/fullsolutions.info\/en\/wp-json\/wp\/v2\/product_brand?post=3698"},{"taxonomy":"product_cat","embeddable":true,"href":"https:\/\/fullsolutions.info\/en\/wp-json\/wp\/v2\/product_cat?post=3698"},{"taxonomy":"product_tag","embeddable":true,"href":"https:\/\/fullsolutions.info\/en\/wp-json\/wp\/v2\/product_tag?post=3698"},{"taxonomy":"marca","embeddable":true,"href":"https:\/\/fullsolutions.info\/en\/wp-json\/wp\/v2\/marca?post=3698"}],"curies":[{"name":"wp","href":"https:\/\/api.w.org\/{rel}","templated":true}]}}