{"id":3690,"date":"2023-11-01T12:38:21","date_gmt":"2023-11-01T12:38:21","guid":{"rendered":"https:\/\/fullsolutionsequip.com\/?post_type=product&#038;p=3690"},"modified":"2024-02-19T16:16:01","modified_gmt":"2024-02-19T16:16:01","slug":"chalmit-sterling-ii-st2n-emergencia","status":"publish","type":"product","link":"https:\/\/fullsolutions.info\/en\/product\/chalmit-sterling-ii-st2n-emergencia\/","title":{"rendered":"Chalmit Sterling II (ST2N \u2013 Emerg\u00eancia)"},"content":{"rendered":"<div class=\"elementor-element elementor-element-b17befe elementor-widget elementor-widget-heading\" data-id=\"b17befe\" data-element_type=\"widget\" data-widget_type=\"heading.default\">\n<div class=\"elementor-widget-container\">\n<p class=\"elementor-heading-title elementor-size-default\"><strong>Descri\u00e7\u00e3o<\/strong><\/p>\n<\/div>\n<\/div>\n<div class=\"elementor-element elementor-element-2dbd9d0 elementor-widget elementor-widget-text-editor\" data-id=\"2dbd9d0\" data-element_type=\"widget\" data-widget_type=\"text-editor.default\">\n<div class=\"elementor-widget-container\">\n<div class=\"elementor-text-editor elementor-clearfix\">\n<p>Linear fluorescente de emerg\u00eancia com corpo GRP para Zona 2 e 22<\/p>\n<p>Projetado como um \u00fanico produto para ambientes de g\u00e1s e poeira. \u00c9 certificado com prote\u00e7\u00e3o Ex n sob a diretiva ATEX 94-9-EC para as categorias 3 G e 3 D e possui veda\u00e7\u00e3o IP65.\u00a0A faixa tamb\u00e9m \u00e9 compat\u00edvel com IECEx.\u00a0O corpo GRP e o difusor de policarbonato s\u00e3o fixados com v\u00e1rios clipes de a\u00e7o inoxid\u00e1vel para garantir boa resist\u00eancia \u00e0 corros\u00e3o e permitir acesso r\u00e1pido para instala\u00e7\u00e3o e manuten\u00e7\u00e3o.\u00a0O Sterling \u00e9 adequado para l\u00e2mpadas fluorescentes tubulares T8 nos tamanhos 18\/36 \/ 58W.<\/p>\n<ul>\n<li>Difusor em policarbonato.<\/li>\n<li>Atrav\u00e9s da fia\u00e7\u00e3o como padr\u00e3o.<\/li>\n<li>Engrenagem de controle de alta frequ\u00eancia oferece opera\u00e7\u00e3o 50\/60 Hz, corre\u00e7\u00e3o de fator de alta pot\u00eancia e regula\u00e7\u00e3o da sa\u00edda da l\u00e2mpada.<\/li>\n<li>Baterias de n\u00edquel-c\u00e1dmio de longa dura\u00e7\u00e3o.<\/li>\n<li>Fonte de alimenta\u00e7\u00e3o comut\u00e1vel para opera\u00e7\u00e3o local.<\/li>\n<li>Indicador LED de carga.<\/li>\n<li>Prote\u00e7\u00e3o contra fim de vida (EOL).<\/li>\n<\/ul>\n<\/div>\n<\/div>\n<\/div>","protected":false},"excerpt":{"rendered":"<p>Descri\u00e7\u00e3o Linear fluorescente de emerg\u00eancia com corpo GRP para Zona 2 e 22 Projetado como um \u00fanico produto para ambientes de g\u00e1s e poeira. \u00c9 certificado com prote\u00e7\u00e3o Ex n sob a diretiva ATEX 94-9-EC para as categorias 3 G e 3 D e possui veda\u00e7\u00e3o IP65.\u00a0A faixa tamb\u00e9m \u00e9 compat\u00edvel com IECEx.\u00a0O corpo GRP e o difusor de policarbonato s\u00e3o fixados com v\u00e1rios clipes de a\u00e7o inoxid\u00e1vel para garantir boa resist\u00eancia \u00e0 corros\u00e3o e permitir acesso r\u00e1pido para instala\u00e7\u00e3o e manuten\u00e7\u00e3o.\u00a0O Sterling \u00e9 adequado para l\u00e2mpadas fluorescentes tubulares T8 nos tamanhos 18\/36 \/ 58W. Difusor em policarbonato. Atrav\u00e9s da fia\u00e7\u00e3o como padr\u00e3o. Engrenagem de controle de alta frequ\u00eancia oferece opera\u00e7\u00e3o 50\/60 Hz, corre\u00e7\u00e3o de fator de alta pot\u00eancia e regula\u00e7\u00e3o da sa\u00edda da l\u00e2mpada. Baterias de n\u00edquel-c\u00e1dmio de longa dura\u00e7\u00e3o. Fonte de alimenta\u00e7\u00e3o comut\u00e1vel para opera\u00e7\u00e3o local. Indicador LED de carga. Prote\u00e7\u00e3o contra fim de vida (EOL).<\/p>","protected":false},"featured_media":3691,"comment_status":"open","ping_status":"closed","template":"","meta":{"_joinchat":[]},"product_brand":[],"product_cat":[135],"product_tag":[],"marca":[83],"class_list":{"0":"post-3690","1":"product","2":"type-product","3":"status-publish","4":"has-post-thumbnail","6":"product_cat-iluminacao","7":"marca-chalmit","9":"first","10":"instock","11":"shipping-taxable","12":"purchasable","13":"product-type-simple"},"yoast_head":"<!-- This site is optimized with the Yoast SEO plugin v27.2 - https:\/\/yoast.com\/product\/yoast-seo-wordpress\/ -->\n<title>Chalmit Sterling II (ST2N \u2013 Emerg\u00eancia) - Full Solutions<\/title>\n<meta name=\"robots\" content=\"index, follow, max-snippet:-1, max-image-preview:large, max-video-preview:-1\" \/>\n<link rel=\"canonical\" href=\"https:\/\/fullsolutions.info\/en\/product\/chalmit-sterling-ii-st2n-emergencia\/\" \/>\n<meta property=\"og:locale\" content=\"en_US\" \/>\n<meta property=\"og:type\" content=\"article\" \/>\n<meta property=\"og:title\" content=\"Chalmit Sterling II (ST2N \u2013 Emerg\u00eancia) - Full Solutions\" \/>\n<meta property=\"og:description\" content=\"Descri\u00e7\u00e3o Linear fluorescente de emerg\u00eancia com corpo GRP para Zona 2 e 22 Projetado como um \u00fanico produto para ambientes de g\u00e1s e poeira. \u00c9 certificado com prote\u00e7\u00e3o Ex n sob a diretiva ATEX 94-9-EC para as categorias 3 G e 3 D e possui veda\u00e7\u00e3o IP65.\u00a0A faixa tamb\u00e9m \u00e9 compat\u00edvel com IECEx.\u00a0O corpo GRP e o difusor de policarbonato s\u00e3o fixados com v\u00e1rios clipes de a\u00e7o inoxid\u00e1vel para garantir boa resist\u00eancia \u00e0 corros\u00e3o e permitir acesso r\u00e1pido para instala\u00e7\u00e3o e manuten\u00e7\u00e3o.\u00a0O Sterling \u00e9 adequado para l\u00e2mpadas fluorescentes tubulares T8 nos tamanhos 18\/36 \/ 58W. Difusor em policarbonato. Atrav\u00e9s da fia\u00e7\u00e3o como padr\u00e3o. Engrenagem de controle de alta frequ\u00eancia oferece opera\u00e7\u00e3o 50\/60 Hz, corre\u00e7\u00e3o de fator de alta pot\u00eancia e regula\u00e7\u00e3o da sa\u00edda da l\u00e2mpada. Baterias de n\u00edquel-c\u00e1dmio de longa dura\u00e7\u00e3o. Fonte de alimenta\u00e7\u00e3o comut\u00e1vel para opera\u00e7\u00e3o local. Indicador LED de carga. Prote\u00e7\u00e3o contra fim de vida (EOL).\" \/>\n<meta property=\"og:url\" content=\"https:\/\/fullsolutions.info\/en\/product\/chalmit-sterling-ii-st2n-emergencia\/\" \/>\n<meta property=\"og:site_name\" content=\"Full Solutions\" \/>\n<meta property=\"article:modified_time\" content=\"2024-02-19T16:16:01+00:00\" \/>\n<meta property=\"og:image\" content=\"https:\/\/mlhff0prgoxu.i.optimole.com\/cb:s0sM.767\/w:auto\/h:auto\/q:mauto\/f:best\/https:\/\/fullsolutions.info\/wp-content\/uploads\/2023\/11\/76-min.png\" \/>\n\t<meta property=\"og:image:width\" content=\"560\" \/>\n\t<meta property=\"og:image:height\" content=\"315\" \/>\n\t<meta property=\"og:image:type\" content=\"image\/png\" \/>\n<meta name=\"twitter:card\" content=\"summary_large_image\" \/>\n<meta name=\"twitter:label1\" content=\"Est. reading time\" \/>\n\t<meta name=\"twitter:data1\" content=\"1 minute\" \/>\n<script type=\"application\/ld+json\" class=\"yoast-schema-graph\">{\"@context\":\"https:\/\/schema.org\",\"@graph\":[{\"@type\":\"WebPage\",\"@id\":\"https:\/\/fullsolutions.info\/produto\/chalmit-sterling-ii-st2n-emergencia\/\",\"url\":\"https:\/\/fullsolutions.info\/produto\/chalmit-sterling-ii-st2n-emergencia\/\",\"name\":\"Chalmit Sterling II (ST2N \u2013 Emerg\u00eancia) - Full Solutions\",\"isPartOf\":{\"@id\":\"https:\/\/fullsolutions.info\/#website\"},\"primaryImageOfPage\":{\"@id\":\"https:\/\/fullsolutions.info\/produto\/chalmit-sterling-ii-st2n-emergencia\/#primaryimage\"},\"image\":{\"@id\":\"https:\/\/fullsolutions.info\/produto\/chalmit-sterling-ii-st2n-emergencia\/#primaryimage\"},\"thumbnailUrl\":\"https:\/\/mlhff0prgoxu.i.optimole.com\/cb:s0sM.767\/w:auto\/h:auto\/q:mauto\/f:best\/https:\/\/fullsolutions.info\/wp-content\/uploads\/2023\/11\/76-min.png\",\"datePublished\":\"2023-11-01T12:38:21+00:00\",\"dateModified\":\"2024-02-19T16:16:01+00:00\",\"breadcrumb\":{\"@id\":\"https:\/\/fullsolutions.info\/produto\/chalmit-sterling-ii-st2n-emergencia\/#breadcrumb\"},\"inLanguage\":\"en-US\",\"potentialAction\":[{\"@type\":\"ReadAction\",\"target\":[\"https:\/\/fullsolutions.info\/produto\/chalmit-sterling-ii-st2n-emergencia\/\"]}]},{\"@type\":\"ImageObject\",\"inLanguage\":\"en-US\",\"@id\":\"https:\/\/fullsolutions.info\/produto\/chalmit-sterling-ii-st2n-emergencia\/#primaryimage\",\"url\":\"https:\/\/mlhff0prgoxu.i.optimole.com\/cb:s0sM.767\/w:auto\/h:auto\/q:mauto\/f:best\/https:\/\/fullsolutions.info\/wp-content\/uploads\/2023\/11\/76-min.png\",\"contentUrl\":\"https:\/\/mlhff0prgoxu.i.optimole.com\/cb:s0sM.767\/w:auto\/h:auto\/q:mauto\/f:best\/https:\/\/fullsolutions.info\/wp-content\/uploads\/2023\/11\/76-min.png\",\"width\":560,\"height\":315},{\"@type\":\"BreadcrumbList\",\"@id\":\"https:\/\/fullsolutions.info\/produto\/chalmit-sterling-ii-st2n-emergencia\/#breadcrumb\",\"itemListElement\":[{\"@type\":\"ListItem\",\"position\":1,\"name\":\"In\u00edcio\",\"item\":\"https:\/\/fullsolutions.info\/\"},{\"@type\":\"ListItem\",\"position\":2,\"name\":\"Produtos\",\"item\":\"https:\/\/fullsolutions.info\/shop\/\"},{\"@type\":\"ListItem\",\"position\":3,\"name\":\"Chalmit Sterling II (ST2N \u2013 Emerg\u00eancia)\"}]},{\"@type\":\"WebSite\",\"@id\":\"https:\/\/fullsolutions.info\/#website\",\"url\":\"https:\/\/fullsolutions.info\/\",\"name\":\"Full Solutions\",\"description\":\"Empresa na \u00c1rea de Procurement\",\"publisher\":{\"@id\":\"https:\/\/fullsolutions.info\/#organization\"},\"potentialAction\":[{\"@type\":\"SearchAction\",\"target\":{\"@type\":\"EntryPoint\",\"urlTemplate\":\"https:\/\/fullsolutions.info\/?s={search_term_string}\"},\"query-input\":{\"@type\":\"PropertyValueSpecification\",\"valueRequired\":true,\"valueName\":\"search_term_string\"}}],\"inLanguage\":\"en-US\"},{\"@type\":\"Organization\",\"@id\":\"https:\/\/fullsolutions.info\/#organization\",\"name\":\"Full Solutions\",\"url\":\"https:\/\/fullsolutions.info\/\",\"logo\":{\"@type\":\"ImageObject\",\"inLanguage\":\"en-US\",\"@id\":\"https:\/\/fullsolutions.info\/#\/schema\/logo\/image\/\",\"url\":\"https:\/\/mlhff0prgoxu.i.optimole.com\/cb:s0sM.767\/w:auto\/h:auto\/q:mauto\/f:best\/https:\/\/fullsolutions.info\/wp-content\/uploads\/2021\/07\/cropped-Design-sem-nome-300x193-1-e1627062664782.png\",\"contentUrl\":\"https:\/\/mlhff0prgoxu.i.optimole.com\/cb:s0sM.767\/w:auto\/h:auto\/q:mauto\/f:best\/https:\/\/fullsolutions.info\/wp-content\/uploads\/2021\/07\/cropped-Design-sem-nome-300x193-1-e1627062664782.png\",\"width\":202,\"height\":155,\"caption\":\"Full Solutions\"},\"image\":{\"@id\":\"https:\/\/fullsolutions.info\/#\/schema\/logo\/image\/\"},\"sameAs\":[\"https:\/\/www.linkedin.com\/company\/full-solutions-equipment\"]}]}<\/script>\n<!-- \/ Yoast SEO plugin. -->","yoast_head_json":{"title":"Chalmit Sterling II (ST2N \u2013 Emerg\u00eancia) - Full Solutions","robots":{"index":"index","follow":"follow","max-snippet":"max-snippet:-1","max-image-preview":"max-image-preview:large","max-video-preview":"max-video-preview:-1"},"canonical":"https:\/\/fullsolutions.info\/en\/product\/chalmit-sterling-ii-st2n-emergencia\/","og_locale":"en_US","og_type":"article","og_title":"Chalmit Sterling II (ST2N \u2013 Emerg\u00eancia) - Full Solutions","og_description":"Descri\u00e7\u00e3o Linear fluorescente de emerg\u00eancia com corpo GRP para Zona 2 e 22 Projetado como um \u00fanico produto para ambientes de g\u00e1s e poeira. \u00c9 certificado com prote\u00e7\u00e3o Ex n sob a diretiva ATEX 94-9-EC para as categorias 3 G e 3 D e possui veda\u00e7\u00e3o IP65.\u00a0A faixa tamb\u00e9m \u00e9 compat\u00edvel com IECEx.\u00a0O corpo GRP e o difusor de policarbonato s\u00e3o fixados com v\u00e1rios clipes de a\u00e7o inoxid\u00e1vel para garantir boa resist\u00eancia \u00e0 corros\u00e3o e permitir acesso r\u00e1pido para instala\u00e7\u00e3o e manuten\u00e7\u00e3o.\u00a0O Sterling \u00e9 adequado para l\u00e2mpadas fluorescentes tubulares T8 nos tamanhos 18\/36 \/ 58W. Difusor em policarbonato. Atrav\u00e9s da fia\u00e7\u00e3o como padr\u00e3o. Engrenagem de controle de alta frequ\u00eancia oferece opera\u00e7\u00e3o 50\/60 Hz, corre\u00e7\u00e3o de fator de alta pot\u00eancia e regula\u00e7\u00e3o da sa\u00edda da l\u00e2mpada. Baterias de n\u00edquel-c\u00e1dmio de longa dura\u00e7\u00e3o. Fonte de alimenta\u00e7\u00e3o comut\u00e1vel para opera\u00e7\u00e3o local. Indicador LED de carga. Prote\u00e7\u00e3o contra fim de vida (EOL).","og_url":"https:\/\/fullsolutions.info\/en\/product\/chalmit-sterling-ii-st2n-emergencia\/","og_site_name":"Full Solutions","article_modified_time":"2024-02-19T16:16:01+00:00","og_image":[{"width":560,"height":315,"url":"https:\/\/mlhff0prgoxu.i.optimole.com\/cb:s0sM.767\/w:auto\/h:auto\/q:mauto\/f:best\/https:\/\/fullsolutions.info\/wp-content\/uploads\/2023\/11\/76-min.png","type":"image\/png"}],"twitter_card":"summary_large_image","twitter_misc":{"Est. reading time":"1 minute"},"schema":{"@context":"https:\/\/schema.org","@graph":[{"@type":"WebPage","@id":"https:\/\/fullsolutions.info\/produto\/chalmit-sterling-ii-st2n-emergencia\/","url":"https:\/\/fullsolutions.info\/produto\/chalmit-sterling-ii-st2n-emergencia\/","name":"Chalmit Sterling II (ST2N \u2013 Emerg\u00eancia) - Full Solutions","isPartOf":{"@id":"https:\/\/fullsolutions.info\/#website"},"primaryImageOfPage":{"@id":"https:\/\/fullsolutions.info\/produto\/chalmit-sterling-ii-st2n-emergencia\/#primaryimage"},"image":{"@id":"https:\/\/fullsolutions.info\/produto\/chalmit-sterling-ii-st2n-emergencia\/#primaryimage"},"thumbnailUrl":"https:\/\/mlhff0prgoxu.i.optimole.com\/cb:s0sM.767\/w:auto\/h:auto\/q:mauto\/f:best\/https:\/\/fullsolutions.info\/wp-content\/uploads\/2023\/11\/76-min.png","datePublished":"2023-11-01T12:38:21+00:00","dateModified":"2024-02-19T16:16:01+00:00","breadcrumb":{"@id":"https:\/\/fullsolutions.info\/produto\/chalmit-sterling-ii-st2n-emergencia\/#breadcrumb"},"inLanguage":"en-US","potentialAction":[{"@type":"ReadAction","target":["https:\/\/fullsolutions.info\/produto\/chalmit-sterling-ii-st2n-emergencia\/"]}]},{"@type":"ImageObject","inLanguage":"en-US","@id":"https:\/\/fullsolutions.info\/produto\/chalmit-sterling-ii-st2n-emergencia\/#primaryimage","url":"https:\/\/mlhff0prgoxu.i.optimole.com\/cb:s0sM.767\/w:auto\/h:auto\/q:mauto\/f:best\/https:\/\/fullsolutions.info\/wp-content\/uploads\/2023\/11\/76-min.png","contentUrl":"https:\/\/mlhff0prgoxu.i.optimole.com\/cb:s0sM.767\/w:auto\/h:auto\/q:mauto\/f:best\/https:\/\/fullsolutions.info\/wp-content\/uploads\/2023\/11\/76-min.png","width":560,"height":315},{"@type":"BreadcrumbList","@id":"https:\/\/fullsolutions.info\/produto\/chalmit-sterling-ii-st2n-emergencia\/#breadcrumb","itemListElement":[{"@type":"ListItem","position":1,"name":"In\u00edcio","item":"https:\/\/fullsolutions.info\/"},{"@type":"ListItem","position":2,"name":"Produtos","item":"https:\/\/fullsolutions.info\/shop\/"},{"@type":"ListItem","position":3,"name":"Chalmit Sterling II (ST2N \u2013 Emerg\u00eancia)"}]},{"@type":"WebSite","@id":"https:\/\/fullsolutions.info\/#website","url":"https:\/\/fullsolutions.info\/","name":"Full Solutions","description":"Empresa na \u00c1rea de Procurement","publisher":{"@id":"https:\/\/fullsolutions.info\/#organization"},"potentialAction":[{"@type":"SearchAction","target":{"@type":"EntryPoint","urlTemplate":"https:\/\/fullsolutions.info\/?s={search_term_string}"},"query-input":{"@type":"PropertyValueSpecification","valueRequired":true,"valueName":"search_term_string"}}],"inLanguage":"en-US"},{"@type":"Organization","@id":"https:\/\/fullsolutions.info\/#organization","name":"Full Solutions","url":"https:\/\/fullsolutions.info\/","logo":{"@type":"ImageObject","inLanguage":"en-US","@id":"https:\/\/fullsolutions.info\/#\/schema\/logo\/image\/","url":"https:\/\/mlhff0prgoxu.i.optimole.com\/cb:s0sM.767\/w:auto\/h:auto\/q:mauto\/f:best\/https:\/\/fullsolutions.info\/wp-content\/uploads\/2021\/07\/cropped-Design-sem-nome-300x193-1-e1627062664782.png","contentUrl":"https:\/\/mlhff0prgoxu.i.optimole.com\/cb:s0sM.767\/w:auto\/h:auto\/q:mauto\/f:best\/https:\/\/fullsolutions.info\/wp-content\/uploads\/2021\/07\/cropped-Design-sem-nome-300x193-1-e1627062664782.png","width":202,"height":155,"caption":"Full Solutions"},"image":{"@id":"https:\/\/fullsolutions.info\/#\/schema\/logo\/image\/"},"sameAs":["https:\/\/www.linkedin.com\/company\/full-solutions-equipment"]}]}},"_links":{"self":[{"href":"https:\/\/fullsolutions.info\/en\/wp-json\/wp\/v2\/product\/3690","targetHints":{"allow":["GET"]}}],"collection":[{"href":"https:\/\/fullsolutions.info\/en\/wp-json\/wp\/v2\/product"}],"about":[{"href":"https:\/\/fullsolutions.info\/en\/wp-json\/wp\/v2\/types\/product"}],"replies":[{"embeddable":true,"href":"https:\/\/fullsolutions.info\/en\/wp-json\/wp\/v2\/comments?post=3690"}],"wp:featuredmedia":[{"embeddable":true,"href":"https:\/\/fullsolutions.info\/en\/wp-json\/wp\/v2\/media\/3691"}],"wp:attachment":[{"href":"https:\/\/fullsolutions.info\/en\/wp-json\/wp\/v2\/media?parent=3690"}],"wp:term":[{"taxonomy":"product_brand","embeddable":true,"href":"https:\/\/fullsolutions.info\/en\/wp-json\/wp\/v2\/product_brand?post=3690"},{"taxonomy":"product_cat","embeddable":true,"href":"https:\/\/fullsolutions.info\/en\/wp-json\/wp\/v2\/product_cat?post=3690"},{"taxonomy":"product_tag","embeddable":true,"href":"https:\/\/fullsolutions.info\/en\/wp-json\/wp\/v2\/product_tag?post=3690"},{"taxonomy":"marca","embeddable":true,"href":"https:\/\/fullsolutions.info\/en\/wp-json\/wp\/v2\/marca?post=3690"}],"curies":[{"name":"wp","href":"https:\/\/api.w.org\/{rel}","templated":true}]}}