{"id":3688,"date":"2023-11-01T12:37:42","date_gmt":"2023-11-01T12:37:42","guid":{"rendered":"https:\/\/fullsolutionsequip.com\/?post_type=product&#038;p=3688"},"modified":"2024-02-19T16:16:01","modified_gmt":"2024-02-19T16:16:01","slug":"chalmit-sterling-ii-ss2n-padrao","status":"publish","type":"product","link":"https:\/\/fullsolutions.info\/en\/product\/chalmit-sterling-ii-ss2n-padrao\/","title":{"rendered":"Chalmit Sterling II (SS2N \u2013 padr\u00e3o)"},"content":{"rendered":"<div class=\"elementor-element elementor-element-b17befe elementor-widget elementor-widget-heading\" data-id=\"b17befe\" data-element_type=\"widget\" data-widget_type=\"heading.default\">\n<div class=\"elementor-widget-container\">\n<p class=\"elementor-heading-title elementor-size-default\"><strong>Descri\u00e7\u00e3o<\/strong><\/p>\n<\/div>\n<\/div>\n<div class=\"elementor-element elementor-element-2dbd9d0 elementor-widget elementor-widget-text-editor\" data-id=\"2dbd9d0\" data-element_type=\"widget\" data-widget_type=\"text-editor.default\">\n<div class=\"elementor-widget-container\">\n<div class=\"elementor-text-editor elementor-clearfix\">\n<p>Linear fluorescente com corpo de a\u00e7o inoxid\u00e1vel para Zona 2<\/p>\n<p>O padr\u00e3o de a\u00e7o inoxid\u00e1vel Sterling II \u00e9 projetado para fornecer alta resist\u00eancia ao impacto e resist\u00eancia aos produtos qu\u00edmicos que podem danificar o GRP.\u00a0A gama \u00e9 adequada para l\u00e2mpadas fluorescentes tubulares T8 de 18\/36 \/ 58W nominais.\u00a0tamanhos.\u00a0O corpo de a\u00e7o inoxid\u00e1vel e o difusor de policarbonato s\u00e3o fixados com v\u00e1rios clipes de a\u00e7o inoxid\u00e1vel e garantem excelente resist\u00eancia \u00e0 corros\u00e3o e veda\u00e7\u00e3o IP.<\/p>\n<ul>\n<li>Corpo em a\u00e7o inoxid\u00e1vel de grau marinho e difusor em policarbonato.<\/li>\n<li>Terminais de liga\u00e7\u00e3o \u00e0 rede fixos ao corpo.<\/li>\n<li>Bandeja de engrenagem suspensa e equipada com engrenagem de controle para facilitar a manuten\u00e7\u00e3o.<\/li>\n<li>Engrenagem de controle de alta frequ\u00eancia oferece opera\u00e7\u00e3o 50\/60 Hz, corre\u00e7\u00e3o de fator de alta pot\u00eancia e regula\u00e7\u00e3o da sa\u00edda da l\u00e2mpada.<\/li>\n<li>Certificado ATEX e compat\u00edvel com IECEx.<\/li>\n<\/ul>\n<p>O sterling II inoxid\u00e1vel \u00e9 uma lumin\u00e1ria robusta e de alta qualidade projetada para ambientes de Zona 2 onde existe um alto risco de danos mec\u00e2nicos.<\/p>\n<\/div>\n<\/div>\n<\/div>","protected":false},"excerpt":{"rendered":"<p>Descri\u00e7\u00e3o Linear fluorescente com corpo de a\u00e7o inoxid\u00e1vel para Zona 2 O padr\u00e3o de a\u00e7o inoxid\u00e1vel Sterling II \u00e9 projetado para fornecer alta resist\u00eancia ao impacto e resist\u00eancia aos produtos qu\u00edmicos que podem danificar o GRP.\u00a0A gama \u00e9 adequada para l\u00e2mpadas fluorescentes tubulares T8 de 18\/36 \/ 58W nominais.\u00a0tamanhos.\u00a0O corpo de a\u00e7o inoxid\u00e1vel e o difusor de policarbonato s\u00e3o fixados com v\u00e1rios clipes de a\u00e7o inoxid\u00e1vel e garantem excelente resist\u00eancia \u00e0 corros\u00e3o e veda\u00e7\u00e3o IP. Corpo em a\u00e7o inoxid\u00e1vel de grau marinho e difusor em policarbonato. Terminais de liga\u00e7\u00e3o \u00e0 rede fixos ao corpo. Bandeja de engrenagem suspensa e equipada com engrenagem de controle para facilitar a manuten\u00e7\u00e3o. Engrenagem de controle de alta frequ\u00eancia oferece opera\u00e7\u00e3o 50\/60 Hz, corre\u00e7\u00e3o de fator de alta pot\u00eancia e regula\u00e7\u00e3o da sa\u00edda da l\u00e2mpada. Certificado ATEX e compat\u00edvel com IECEx. O sterling II inoxid\u00e1vel \u00e9 uma lumin\u00e1ria robusta e de alta qualidade projetada para ambientes de Zona 2 onde existe um alto risco de danos mec\u00e2nicos.<\/p>","protected":false},"featured_media":3689,"comment_status":"open","ping_status":"closed","template":"","meta":{"_joinchat":[]},"product_brand":[],"product_cat":[135],"product_tag":[],"marca":[83],"class_list":{"0":"post-3688","1":"product","2":"type-product","3":"status-publish","4":"has-post-thumbnail","6":"product_cat-iluminacao","7":"marca-chalmit","9":"first","10":"instock","11":"shipping-taxable","12":"purchasable","13":"product-type-simple"},"yoast_head":"<!-- This site is optimized with the Yoast SEO plugin v27.2 - https:\/\/yoast.com\/product\/yoast-seo-wordpress\/ -->\n<title>Chalmit Sterling II (SS2N \u2013 padr\u00e3o) - Full Solutions<\/title>\n<meta name=\"robots\" content=\"index, follow, max-snippet:-1, max-image-preview:large, max-video-preview:-1\" \/>\n<link rel=\"canonical\" href=\"https:\/\/fullsolutions.info\/en\/product\/chalmit-sterling-ii-ss2n-padrao\/\" \/>\n<meta property=\"og:locale\" content=\"en_US\" \/>\n<meta property=\"og:type\" content=\"article\" \/>\n<meta property=\"og:title\" content=\"Chalmit Sterling II (SS2N \u2013 padr\u00e3o) - Full Solutions\" \/>\n<meta property=\"og:description\" content=\"Descri\u00e7\u00e3o Linear fluorescente com corpo de a\u00e7o inoxid\u00e1vel para Zona 2 O padr\u00e3o de a\u00e7o inoxid\u00e1vel Sterling II \u00e9 projetado para fornecer alta resist\u00eancia ao impacto e resist\u00eancia aos produtos qu\u00edmicos que podem danificar o GRP.\u00a0A gama \u00e9 adequada para l\u00e2mpadas fluorescentes tubulares T8 de 18\/36 \/ 58W nominais.\u00a0tamanhos.\u00a0O corpo de a\u00e7o inoxid\u00e1vel e o difusor de policarbonato s\u00e3o fixados com v\u00e1rios clipes de a\u00e7o inoxid\u00e1vel e garantem excelente resist\u00eancia \u00e0 corros\u00e3o e veda\u00e7\u00e3o IP. Corpo em a\u00e7o inoxid\u00e1vel de grau marinho e difusor em policarbonato. Terminais de liga\u00e7\u00e3o \u00e0 rede fixos ao corpo. Bandeja de engrenagem suspensa e equipada com engrenagem de controle para facilitar a manuten\u00e7\u00e3o. Engrenagem de controle de alta frequ\u00eancia oferece opera\u00e7\u00e3o 50\/60 Hz, corre\u00e7\u00e3o de fator de alta pot\u00eancia e regula\u00e7\u00e3o da sa\u00edda da l\u00e2mpada. Certificado ATEX e compat\u00edvel com IECEx. O sterling II inoxid\u00e1vel \u00e9 uma lumin\u00e1ria robusta e de alta qualidade projetada para ambientes de Zona 2 onde existe um alto risco de danos mec\u00e2nicos.\" \/>\n<meta property=\"og:url\" content=\"https:\/\/fullsolutions.info\/en\/product\/chalmit-sterling-ii-ss2n-padrao\/\" \/>\n<meta property=\"og:site_name\" content=\"Full Solutions\" \/>\n<meta property=\"article:modified_time\" content=\"2024-02-19T16:16:01+00:00\" \/>\n<meta property=\"og:image\" content=\"https:\/\/mlhff0prgoxu.i.optimole.com\/cb:s0sM.767\/w:auto\/h:auto\/q:mauto\/f:best\/https:\/\/fullsolutions.info\/wp-content\/uploads\/2023\/11\/75-min.png\" \/>\n\t<meta property=\"og:image:width\" content=\"560\" \/>\n\t<meta property=\"og:image:height\" content=\"315\" \/>\n\t<meta property=\"og:image:type\" content=\"image\/png\" \/>\n<meta name=\"twitter:card\" content=\"summary_large_image\" \/>\n<meta name=\"twitter:label1\" content=\"Est. reading time\" \/>\n\t<meta name=\"twitter:data1\" content=\"1 minute\" \/>\n<script type=\"application\/ld+json\" class=\"yoast-schema-graph\">{\"@context\":\"https:\/\/schema.org\",\"@graph\":[{\"@type\":\"WebPage\",\"@id\":\"https:\/\/fullsolutions.info\/produto\/chalmit-sterling-ii-ss2n-padrao\/\",\"url\":\"https:\/\/fullsolutions.info\/produto\/chalmit-sterling-ii-ss2n-padrao\/\",\"name\":\"Chalmit Sterling II (SS2N \u2013 padr\u00e3o) - Full Solutions\",\"isPartOf\":{\"@id\":\"https:\/\/fullsolutions.info\/#website\"},\"primaryImageOfPage\":{\"@id\":\"https:\/\/fullsolutions.info\/produto\/chalmit-sterling-ii-ss2n-padrao\/#primaryimage\"},\"image\":{\"@id\":\"https:\/\/fullsolutions.info\/produto\/chalmit-sterling-ii-ss2n-padrao\/#primaryimage\"},\"thumbnailUrl\":\"https:\/\/mlhff0prgoxu.i.optimole.com\/cb:s0sM.767\/w:auto\/h:auto\/q:mauto\/f:best\/https:\/\/fullsolutions.info\/wp-content\/uploads\/2023\/11\/75-min.png\",\"datePublished\":\"2023-11-01T12:37:42+00:00\",\"dateModified\":\"2024-02-19T16:16:01+00:00\",\"breadcrumb\":{\"@id\":\"https:\/\/fullsolutions.info\/produto\/chalmit-sterling-ii-ss2n-padrao\/#breadcrumb\"},\"inLanguage\":\"en-US\",\"potentialAction\":[{\"@type\":\"ReadAction\",\"target\":[\"https:\/\/fullsolutions.info\/produto\/chalmit-sterling-ii-ss2n-padrao\/\"]}]},{\"@type\":\"ImageObject\",\"inLanguage\":\"en-US\",\"@id\":\"https:\/\/fullsolutions.info\/produto\/chalmit-sterling-ii-ss2n-padrao\/#primaryimage\",\"url\":\"https:\/\/mlhff0prgoxu.i.optimole.com\/cb:s0sM.767\/w:auto\/h:auto\/q:mauto\/f:best\/https:\/\/fullsolutions.info\/wp-content\/uploads\/2023\/11\/75-min.png\",\"contentUrl\":\"https:\/\/mlhff0prgoxu.i.optimole.com\/cb:s0sM.767\/w:auto\/h:auto\/q:mauto\/f:best\/https:\/\/fullsolutions.info\/wp-content\/uploads\/2023\/11\/75-min.png\",\"width\":560,\"height\":315},{\"@type\":\"BreadcrumbList\",\"@id\":\"https:\/\/fullsolutions.info\/produto\/chalmit-sterling-ii-ss2n-padrao\/#breadcrumb\",\"itemListElement\":[{\"@type\":\"ListItem\",\"position\":1,\"name\":\"In\u00edcio\",\"item\":\"https:\/\/fullsolutions.info\/\"},{\"@type\":\"ListItem\",\"position\":2,\"name\":\"Produtos\",\"item\":\"https:\/\/fullsolutions.info\/shop\/\"},{\"@type\":\"ListItem\",\"position\":3,\"name\":\"Chalmit Sterling II (SS2N \u2013 padr\u00e3o)\"}]},{\"@type\":\"WebSite\",\"@id\":\"https:\/\/fullsolutions.info\/#website\",\"url\":\"https:\/\/fullsolutions.info\/\",\"name\":\"Full Solutions\",\"description\":\"Empresa na \u00c1rea de Procurement\",\"publisher\":{\"@id\":\"https:\/\/fullsolutions.info\/#organization\"},\"potentialAction\":[{\"@type\":\"SearchAction\",\"target\":{\"@type\":\"EntryPoint\",\"urlTemplate\":\"https:\/\/fullsolutions.info\/?s={search_term_string}\"},\"query-input\":{\"@type\":\"PropertyValueSpecification\",\"valueRequired\":true,\"valueName\":\"search_term_string\"}}],\"inLanguage\":\"en-US\"},{\"@type\":\"Organization\",\"@id\":\"https:\/\/fullsolutions.info\/#organization\",\"name\":\"Full Solutions\",\"url\":\"https:\/\/fullsolutions.info\/\",\"logo\":{\"@type\":\"ImageObject\",\"inLanguage\":\"en-US\",\"@id\":\"https:\/\/fullsolutions.info\/#\/schema\/logo\/image\/\",\"url\":\"https:\/\/mlhff0prgoxu.i.optimole.com\/cb:s0sM.767\/w:auto\/h:auto\/q:mauto\/f:best\/https:\/\/fullsolutions.info\/wp-content\/uploads\/2021\/07\/cropped-Design-sem-nome-300x193-1-e1627062664782.png\",\"contentUrl\":\"https:\/\/mlhff0prgoxu.i.optimole.com\/cb:s0sM.767\/w:auto\/h:auto\/q:mauto\/f:best\/https:\/\/fullsolutions.info\/wp-content\/uploads\/2021\/07\/cropped-Design-sem-nome-300x193-1-e1627062664782.png\",\"width\":202,\"height\":155,\"caption\":\"Full Solutions\"},\"image\":{\"@id\":\"https:\/\/fullsolutions.info\/#\/schema\/logo\/image\/\"},\"sameAs\":[\"https:\/\/www.linkedin.com\/company\/full-solutions-equipment\"]}]}<\/script>\n<!-- \/ Yoast SEO plugin. -->","yoast_head_json":{"title":"Chalmit Sterling II (SS2N \u2013 padr\u00e3o) - Full Solutions","robots":{"index":"index","follow":"follow","max-snippet":"max-snippet:-1","max-image-preview":"max-image-preview:large","max-video-preview":"max-video-preview:-1"},"canonical":"https:\/\/fullsolutions.info\/en\/product\/chalmit-sterling-ii-ss2n-padrao\/","og_locale":"en_US","og_type":"article","og_title":"Chalmit Sterling II (SS2N \u2013 padr\u00e3o) - Full Solutions","og_description":"Descri\u00e7\u00e3o Linear fluorescente com corpo de a\u00e7o inoxid\u00e1vel para Zona 2 O padr\u00e3o de a\u00e7o inoxid\u00e1vel Sterling II \u00e9 projetado para fornecer alta resist\u00eancia ao impacto e resist\u00eancia aos produtos qu\u00edmicos que podem danificar o GRP.\u00a0A gama \u00e9 adequada para l\u00e2mpadas fluorescentes tubulares T8 de 18\/36 \/ 58W nominais.\u00a0tamanhos.\u00a0O corpo de a\u00e7o inoxid\u00e1vel e o difusor de policarbonato s\u00e3o fixados com v\u00e1rios clipes de a\u00e7o inoxid\u00e1vel e garantem excelente resist\u00eancia \u00e0 corros\u00e3o e veda\u00e7\u00e3o IP. Corpo em a\u00e7o inoxid\u00e1vel de grau marinho e difusor em policarbonato. Terminais de liga\u00e7\u00e3o \u00e0 rede fixos ao corpo. Bandeja de engrenagem suspensa e equipada com engrenagem de controle para facilitar a manuten\u00e7\u00e3o. Engrenagem de controle de alta frequ\u00eancia oferece opera\u00e7\u00e3o 50\/60 Hz, corre\u00e7\u00e3o de fator de alta pot\u00eancia e regula\u00e7\u00e3o da sa\u00edda da l\u00e2mpada. Certificado ATEX e compat\u00edvel com IECEx. O sterling II inoxid\u00e1vel \u00e9 uma lumin\u00e1ria robusta e de alta qualidade projetada para ambientes de Zona 2 onde existe um alto risco de danos mec\u00e2nicos.","og_url":"https:\/\/fullsolutions.info\/en\/product\/chalmit-sterling-ii-ss2n-padrao\/","og_site_name":"Full Solutions","article_modified_time":"2024-02-19T16:16:01+00:00","og_image":[{"width":560,"height":315,"url":"https:\/\/mlhff0prgoxu.i.optimole.com\/cb:s0sM.767\/w:auto\/h:auto\/q:mauto\/f:best\/https:\/\/fullsolutions.info\/wp-content\/uploads\/2023\/11\/75-min.png","type":"image\/png"}],"twitter_card":"summary_large_image","twitter_misc":{"Est. reading time":"1 minute"},"schema":{"@context":"https:\/\/schema.org","@graph":[{"@type":"WebPage","@id":"https:\/\/fullsolutions.info\/produto\/chalmit-sterling-ii-ss2n-padrao\/","url":"https:\/\/fullsolutions.info\/produto\/chalmit-sterling-ii-ss2n-padrao\/","name":"Chalmit Sterling II (SS2N \u2013 padr\u00e3o) - Full Solutions","isPartOf":{"@id":"https:\/\/fullsolutions.info\/#website"},"primaryImageOfPage":{"@id":"https:\/\/fullsolutions.info\/produto\/chalmit-sterling-ii-ss2n-padrao\/#primaryimage"},"image":{"@id":"https:\/\/fullsolutions.info\/produto\/chalmit-sterling-ii-ss2n-padrao\/#primaryimage"},"thumbnailUrl":"https:\/\/mlhff0prgoxu.i.optimole.com\/cb:s0sM.767\/w:auto\/h:auto\/q:mauto\/f:best\/https:\/\/fullsolutions.info\/wp-content\/uploads\/2023\/11\/75-min.png","datePublished":"2023-11-01T12:37:42+00:00","dateModified":"2024-02-19T16:16:01+00:00","breadcrumb":{"@id":"https:\/\/fullsolutions.info\/produto\/chalmit-sterling-ii-ss2n-padrao\/#breadcrumb"},"inLanguage":"en-US","potentialAction":[{"@type":"ReadAction","target":["https:\/\/fullsolutions.info\/produto\/chalmit-sterling-ii-ss2n-padrao\/"]}]},{"@type":"ImageObject","inLanguage":"en-US","@id":"https:\/\/fullsolutions.info\/produto\/chalmit-sterling-ii-ss2n-padrao\/#primaryimage","url":"https:\/\/mlhff0prgoxu.i.optimole.com\/cb:s0sM.767\/w:auto\/h:auto\/q:mauto\/f:best\/https:\/\/fullsolutions.info\/wp-content\/uploads\/2023\/11\/75-min.png","contentUrl":"https:\/\/mlhff0prgoxu.i.optimole.com\/cb:s0sM.767\/w:auto\/h:auto\/q:mauto\/f:best\/https:\/\/fullsolutions.info\/wp-content\/uploads\/2023\/11\/75-min.png","width":560,"height":315},{"@type":"BreadcrumbList","@id":"https:\/\/fullsolutions.info\/produto\/chalmit-sterling-ii-ss2n-padrao\/#breadcrumb","itemListElement":[{"@type":"ListItem","position":1,"name":"In\u00edcio","item":"https:\/\/fullsolutions.info\/"},{"@type":"ListItem","position":2,"name":"Produtos","item":"https:\/\/fullsolutions.info\/shop\/"},{"@type":"ListItem","position":3,"name":"Chalmit Sterling II (SS2N \u2013 padr\u00e3o)"}]},{"@type":"WebSite","@id":"https:\/\/fullsolutions.info\/#website","url":"https:\/\/fullsolutions.info\/","name":"Full Solutions","description":"Empresa na \u00c1rea de Procurement","publisher":{"@id":"https:\/\/fullsolutions.info\/#organization"},"potentialAction":[{"@type":"SearchAction","target":{"@type":"EntryPoint","urlTemplate":"https:\/\/fullsolutions.info\/?s={search_term_string}"},"query-input":{"@type":"PropertyValueSpecification","valueRequired":true,"valueName":"search_term_string"}}],"inLanguage":"en-US"},{"@type":"Organization","@id":"https:\/\/fullsolutions.info\/#organization","name":"Full Solutions","url":"https:\/\/fullsolutions.info\/","logo":{"@type":"ImageObject","inLanguage":"en-US","@id":"https:\/\/fullsolutions.info\/#\/schema\/logo\/image\/","url":"https:\/\/mlhff0prgoxu.i.optimole.com\/cb:s0sM.767\/w:auto\/h:auto\/q:mauto\/f:best\/https:\/\/fullsolutions.info\/wp-content\/uploads\/2021\/07\/cropped-Design-sem-nome-300x193-1-e1627062664782.png","contentUrl":"https:\/\/mlhff0prgoxu.i.optimole.com\/cb:s0sM.767\/w:auto\/h:auto\/q:mauto\/f:best\/https:\/\/fullsolutions.info\/wp-content\/uploads\/2021\/07\/cropped-Design-sem-nome-300x193-1-e1627062664782.png","width":202,"height":155,"caption":"Full Solutions"},"image":{"@id":"https:\/\/fullsolutions.info\/#\/schema\/logo\/image\/"},"sameAs":["https:\/\/www.linkedin.com\/company\/full-solutions-equipment"]}]}},"_links":{"self":[{"href":"https:\/\/fullsolutions.info\/en\/wp-json\/wp\/v2\/product\/3688","targetHints":{"allow":["GET"]}}],"collection":[{"href":"https:\/\/fullsolutions.info\/en\/wp-json\/wp\/v2\/product"}],"about":[{"href":"https:\/\/fullsolutions.info\/en\/wp-json\/wp\/v2\/types\/product"}],"replies":[{"embeddable":true,"href":"https:\/\/fullsolutions.info\/en\/wp-json\/wp\/v2\/comments?post=3688"}],"wp:featuredmedia":[{"embeddable":true,"href":"https:\/\/fullsolutions.info\/en\/wp-json\/wp\/v2\/media\/3689"}],"wp:attachment":[{"href":"https:\/\/fullsolutions.info\/en\/wp-json\/wp\/v2\/media?parent=3688"}],"wp:term":[{"taxonomy":"product_brand","embeddable":true,"href":"https:\/\/fullsolutions.info\/en\/wp-json\/wp\/v2\/product_brand?post=3688"},{"taxonomy":"product_cat","embeddable":true,"href":"https:\/\/fullsolutions.info\/en\/wp-json\/wp\/v2\/product_cat?post=3688"},{"taxonomy":"product_tag","embeddable":true,"href":"https:\/\/fullsolutions.info\/en\/wp-json\/wp\/v2\/product_tag?post=3688"},{"taxonomy":"marca","embeddable":true,"href":"https:\/\/fullsolutions.info\/en\/wp-json\/wp\/v2\/marca?post=3688"}],"curies":[{"name":"wp","href":"https:\/\/api.w.org\/{rel}","templated":true}]}}