{"id":3678,"date":"2023-11-01T12:34:19","date_gmt":"2023-11-01T12:34:19","guid":{"rendered":"https:\/\/fullsolutionsequip.com\/?post_type=product&#038;p=3678"},"modified":"2024-02-19T16:16:01","modified_gmt":"2024-02-19T16:16:01","slug":"chalmit-protecta-x-prxb-padrao-e-emergencia","status":"publish","type":"product","link":"https:\/\/fullsolutions.info\/en\/product\/chalmit-protecta-x-prxb-padrao-e-emergencia\/","title":{"rendered":"Chalmit Protecta X (PRXB \u2013 Padr\u00e3o e Emerg\u00eancia)"},"content":{"rendered":"<div class=\"elementor-element elementor-element-b17befe elementor-widget elementor-widget-heading\" data-id=\"b17befe\" data-element_type=\"widget\" data-widget_type=\"heading.default\">\n<div class=\"elementor-widget-container\">\n<p class=\"elementor-heading-title elementor-size-default\"><strong>Descri\u00e7\u00e3o<\/strong><\/p>\n<\/div>\n<\/div>\n<div class=\"elementor-element elementor-element-2dbd9d0 elementor-widget elementor-widget-text-editor\" data-id=\"2dbd9d0\" data-element_type=\"widget\" data-widget_type=\"text-editor.default\">\n<div class=\"elementor-widget-container\">\n<div class=\"elementor-text-editor elementor-clearfix\">\n<p>Lumin\u00e1ria linear LED revolucion\u00e1ria para zona 1\/21<\/p>\n<ul>\n<li>Vida \u00fatil livre de manuten\u00e7\u00e3o de 120.000 horas a 25 degC<\/li>\n<li>&gt; 90.000 horas livres de manuten\u00e7\u00e3o a 60 degC<\/li>\n<li>A sa\u00edda de l\u00famen de um linear de 4 p\u00e9s em um pacote leve e fino usando \u00f3tica especializada<\/li>\n<li>Uma sa\u00edda de branco brilhante e direcionada com o m\u00ednimo de luz derramada<\/li>\n<li>Efic\u00e1cia l\u00edder de mercado de = 135 lm \/ W<\/li>\n<li>At\u00e9 50% de economia de energia em compara\u00e7\u00e3o com lumin\u00e1rias fluorescentes tradicionais<\/li>\n<li>M\u00faltiplas distribui\u00e7\u00f5es de feixe dispon\u00edveis<\/li>\n<\/ul>\n<\/div>\n<\/div>\n<\/div>","protected":false},"excerpt":{"rendered":"<p>Descri\u00e7\u00e3o Lumin\u00e1ria linear LED revolucion\u00e1ria para zona 1\/21 Vida \u00fatil livre de manuten\u00e7\u00e3o de 120.000 horas a 25 degC &gt; 90.000 horas livres de manuten\u00e7\u00e3o a 60 degC A sa\u00edda de l\u00famen de um linear de 4 p\u00e9s em um pacote leve e fino usando \u00f3tica especializada Uma sa\u00edda de branco brilhante e direcionada com o m\u00ednimo de luz derramada Efic\u00e1cia l\u00edder de mercado de = 135 lm \/ W At\u00e9 50% de economia de energia em compara\u00e7\u00e3o com lumin\u00e1rias fluorescentes tradicionais M\u00faltiplas distribui\u00e7\u00f5es de feixe dispon\u00edveis<\/p>","protected":false},"featured_media":3679,"comment_status":"open","ping_status":"closed","template":"","meta":{"_joinchat":[]},"product_brand":[],"product_cat":[135],"product_tag":[],"marca":[83],"class_list":{"0":"post-3678","1":"product","2":"type-product","3":"status-publish","4":"has-post-thumbnail","6":"product_cat-iluminacao","7":"marca-chalmit","9":"first","10":"instock","11":"shipping-taxable","12":"purchasable","13":"product-type-simple"},"yoast_head":"<!-- This site is optimized with the Yoast SEO plugin v27.2 - https:\/\/yoast.com\/product\/yoast-seo-wordpress\/ -->\n<title>Chalmit Protecta X (PRXB \u2013 Padr\u00e3o e Emerg\u00eancia) - Full Solutions<\/title>\n<meta name=\"robots\" content=\"index, follow, max-snippet:-1, max-image-preview:large, max-video-preview:-1\" \/>\n<link rel=\"canonical\" href=\"https:\/\/fullsolutions.info\/en\/product\/chalmit-protecta-x-prxb-padrao-e-emergencia\/\" \/>\n<meta property=\"og:locale\" content=\"en_US\" \/>\n<meta property=\"og:type\" content=\"article\" \/>\n<meta property=\"og:title\" content=\"Chalmit Protecta X (PRXB \u2013 Padr\u00e3o e Emerg\u00eancia) - Full Solutions\" \/>\n<meta property=\"og:description\" content=\"Descri\u00e7\u00e3o Lumin\u00e1ria linear LED revolucion\u00e1ria para zona 1\/21 Vida \u00fatil livre de manuten\u00e7\u00e3o de 120.000 horas a 25 degC &gt; 90.000 horas livres de manuten\u00e7\u00e3o a 60 degC A sa\u00edda de l\u00famen de um linear de 4 p\u00e9s em um pacote leve e fino usando \u00f3tica especializada Uma sa\u00edda de branco brilhante e direcionada com o m\u00ednimo de luz derramada Efic\u00e1cia l\u00edder de mercado de = 135 lm \/ W At\u00e9 50% de economia de energia em compara\u00e7\u00e3o com lumin\u00e1rias fluorescentes tradicionais M\u00faltiplas distribui\u00e7\u00f5es de feixe dispon\u00edveis\" \/>\n<meta property=\"og:url\" content=\"https:\/\/fullsolutions.info\/en\/product\/chalmit-protecta-x-prxb-padrao-e-emergencia\/\" \/>\n<meta property=\"og:site_name\" content=\"Full Solutions\" \/>\n<meta property=\"article:modified_time\" content=\"2024-02-19T16:16:01+00:00\" \/>\n<meta property=\"og:image\" content=\"https:\/\/mlhff0prgoxu.i.optimole.com\/cb:s0sM.767\/w:auto\/h:auto\/q:mauto\/f:best\/https:\/\/fullsolutions.info\/wp-content\/uploads\/2023\/11\/71-min.png\" \/>\n\t<meta property=\"og:image:width\" content=\"560\" \/>\n\t<meta property=\"og:image:height\" content=\"315\" \/>\n\t<meta property=\"og:image:type\" content=\"image\/png\" \/>\n<meta name=\"twitter:card\" content=\"summary_large_image\" \/>\n<script type=\"application\/ld+json\" class=\"yoast-schema-graph\">{\"@context\":\"https:\/\/schema.org\",\"@graph\":[{\"@type\":\"WebPage\",\"@id\":\"https:\/\/fullsolutions.info\/produto\/chalmit-protecta-x-prxb-padrao-e-emergencia\/\",\"url\":\"https:\/\/fullsolutions.info\/produto\/chalmit-protecta-x-prxb-padrao-e-emergencia\/\",\"name\":\"Chalmit Protecta X (PRXB \u2013 Padr\u00e3o e Emerg\u00eancia) - Full Solutions\",\"isPartOf\":{\"@id\":\"https:\/\/fullsolutions.info\/#website\"},\"primaryImageOfPage\":{\"@id\":\"https:\/\/fullsolutions.info\/produto\/chalmit-protecta-x-prxb-padrao-e-emergencia\/#primaryimage\"},\"image\":{\"@id\":\"https:\/\/fullsolutions.info\/produto\/chalmit-protecta-x-prxb-padrao-e-emergencia\/#primaryimage\"},\"thumbnailUrl\":\"https:\/\/mlhff0prgoxu.i.optimole.com\/cb:s0sM.767\/w:auto\/h:auto\/q:mauto\/f:best\/https:\/\/fullsolutions.info\/wp-content\/uploads\/2023\/11\/71-min.png\",\"datePublished\":\"2023-11-01T12:34:19+00:00\",\"dateModified\":\"2024-02-19T16:16:01+00:00\",\"breadcrumb\":{\"@id\":\"https:\/\/fullsolutions.info\/produto\/chalmit-protecta-x-prxb-padrao-e-emergencia\/#breadcrumb\"},\"inLanguage\":\"en-US\",\"potentialAction\":[{\"@type\":\"ReadAction\",\"target\":[\"https:\/\/fullsolutions.info\/produto\/chalmit-protecta-x-prxb-padrao-e-emergencia\/\"]}]},{\"@type\":\"ImageObject\",\"inLanguage\":\"en-US\",\"@id\":\"https:\/\/fullsolutions.info\/produto\/chalmit-protecta-x-prxb-padrao-e-emergencia\/#primaryimage\",\"url\":\"https:\/\/mlhff0prgoxu.i.optimole.com\/cb:s0sM.767\/w:auto\/h:auto\/q:mauto\/f:best\/https:\/\/fullsolutions.info\/wp-content\/uploads\/2023\/11\/71-min.png\",\"contentUrl\":\"https:\/\/mlhff0prgoxu.i.optimole.com\/cb:s0sM.767\/w:auto\/h:auto\/q:mauto\/f:best\/https:\/\/fullsolutions.info\/wp-content\/uploads\/2023\/11\/71-min.png\",\"width\":560,\"height\":315},{\"@type\":\"BreadcrumbList\",\"@id\":\"https:\/\/fullsolutions.info\/produto\/chalmit-protecta-x-prxb-padrao-e-emergencia\/#breadcrumb\",\"itemListElement\":[{\"@type\":\"ListItem\",\"position\":1,\"name\":\"In\u00edcio\",\"item\":\"https:\/\/fullsolutions.info\/\"},{\"@type\":\"ListItem\",\"position\":2,\"name\":\"Produtos\",\"item\":\"https:\/\/fullsolutions.info\/shop\/\"},{\"@type\":\"ListItem\",\"position\":3,\"name\":\"Chalmit Protecta X (PRXB \u2013 Padr\u00e3o e Emerg\u00eancia)\"}]},{\"@type\":\"WebSite\",\"@id\":\"https:\/\/fullsolutions.info\/#website\",\"url\":\"https:\/\/fullsolutions.info\/\",\"name\":\"Full Solutions\",\"description\":\"Empresa na \u00c1rea de Procurement\",\"publisher\":{\"@id\":\"https:\/\/fullsolutions.info\/#organization\"},\"potentialAction\":[{\"@type\":\"SearchAction\",\"target\":{\"@type\":\"EntryPoint\",\"urlTemplate\":\"https:\/\/fullsolutions.info\/?s={search_term_string}\"},\"query-input\":{\"@type\":\"PropertyValueSpecification\",\"valueRequired\":true,\"valueName\":\"search_term_string\"}}],\"inLanguage\":\"en-US\"},{\"@type\":\"Organization\",\"@id\":\"https:\/\/fullsolutions.info\/#organization\",\"name\":\"Full Solutions\",\"url\":\"https:\/\/fullsolutions.info\/\",\"logo\":{\"@type\":\"ImageObject\",\"inLanguage\":\"en-US\",\"@id\":\"https:\/\/fullsolutions.info\/#\/schema\/logo\/image\/\",\"url\":\"https:\/\/mlhff0prgoxu.i.optimole.com\/cb:s0sM.767\/w:auto\/h:auto\/q:mauto\/f:best\/https:\/\/fullsolutions.info\/wp-content\/uploads\/2021\/07\/cropped-Design-sem-nome-300x193-1-e1627062664782.png\",\"contentUrl\":\"https:\/\/mlhff0prgoxu.i.optimole.com\/cb:s0sM.767\/w:auto\/h:auto\/q:mauto\/f:best\/https:\/\/fullsolutions.info\/wp-content\/uploads\/2021\/07\/cropped-Design-sem-nome-300x193-1-e1627062664782.png\",\"width\":202,\"height\":155,\"caption\":\"Full Solutions\"},\"image\":{\"@id\":\"https:\/\/fullsolutions.info\/#\/schema\/logo\/image\/\"},\"sameAs\":[\"https:\/\/www.linkedin.com\/company\/full-solutions-equipment\"]}]}<\/script>\n<!-- \/ Yoast SEO plugin. -->","yoast_head_json":{"title":"Chalmit Protecta X (PRXB \u2013 Padr\u00e3o e Emerg\u00eancia) - Full Solutions","robots":{"index":"index","follow":"follow","max-snippet":"max-snippet:-1","max-image-preview":"max-image-preview:large","max-video-preview":"max-video-preview:-1"},"canonical":"https:\/\/fullsolutions.info\/en\/product\/chalmit-protecta-x-prxb-padrao-e-emergencia\/","og_locale":"en_US","og_type":"article","og_title":"Chalmit Protecta X (PRXB \u2013 Padr\u00e3o e Emerg\u00eancia) - Full Solutions","og_description":"Descri\u00e7\u00e3o Lumin\u00e1ria linear LED revolucion\u00e1ria para zona 1\/21 Vida \u00fatil livre de manuten\u00e7\u00e3o de 120.000 horas a 25 degC &gt; 90.000 horas livres de manuten\u00e7\u00e3o a 60 degC A sa\u00edda de l\u00famen de um linear de 4 p\u00e9s em um pacote leve e fino usando \u00f3tica especializada Uma sa\u00edda de branco brilhante e direcionada com o m\u00ednimo de luz derramada Efic\u00e1cia l\u00edder de mercado de = 135 lm \/ W At\u00e9 50% de economia de energia em compara\u00e7\u00e3o com lumin\u00e1rias fluorescentes tradicionais M\u00faltiplas distribui\u00e7\u00f5es de feixe dispon\u00edveis","og_url":"https:\/\/fullsolutions.info\/en\/product\/chalmit-protecta-x-prxb-padrao-e-emergencia\/","og_site_name":"Full Solutions","article_modified_time":"2024-02-19T16:16:01+00:00","og_image":[{"width":560,"height":315,"url":"https:\/\/mlhff0prgoxu.i.optimole.com\/cb:s0sM.767\/w:auto\/h:auto\/q:mauto\/f:best\/https:\/\/fullsolutions.info\/wp-content\/uploads\/2023\/11\/71-min.png","type":"image\/png"}],"twitter_card":"summary_large_image","schema":{"@context":"https:\/\/schema.org","@graph":[{"@type":"WebPage","@id":"https:\/\/fullsolutions.info\/produto\/chalmit-protecta-x-prxb-padrao-e-emergencia\/","url":"https:\/\/fullsolutions.info\/produto\/chalmit-protecta-x-prxb-padrao-e-emergencia\/","name":"Chalmit Protecta X (PRXB \u2013 Padr\u00e3o e Emerg\u00eancia) - Full Solutions","isPartOf":{"@id":"https:\/\/fullsolutions.info\/#website"},"primaryImageOfPage":{"@id":"https:\/\/fullsolutions.info\/produto\/chalmit-protecta-x-prxb-padrao-e-emergencia\/#primaryimage"},"image":{"@id":"https:\/\/fullsolutions.info\/produto\/chalmit-protecta-x-prxb-padrao-e-emergencia\/#primaryimage"},"thumbnailUrl":"https:\/\/mlhff0prgoxu.i.optimole.com\/cb:s0sM.767\/w:auto\/h:auto\/q:mauto\/f:best\/https:\/\/fullsolutions.info\/wp-content\/uploads\/2023\/11\/71-min.png","datePublished":"2023-11-01T12:34:19+00:00","dateModified":"2024-02-19T16:16:01+00:00","breadcrumb":{"@id":"https:\/\/fullsolutions.info\/produto\/chalmit-protecta-x-prxb-padrao-e-emergencia\/#breadcrumb"},"inLanguage":"en-US","potentialAction":[{"@type":"ReadAction","target":["https:\/\/fullsolutions.info\/produto\/chalmit-protecta-x-prxb-padrao-e-emergencia\/"]}]},{"@type":"ImageObject","inLanguage":"en-US","@id":"https:\/\/fullsolutions.info\/produto\/chalmit-protecta-x-prxb-padrao-e-emergencia\/#primaryimage","url":"https:\/\/mlhff0prgoxu.i.optimole.com\/cb:s0sM.767\/w:auto\/h:auto\/q:mauto\/f:best\/https:\/\/fullsolutions.info\/wp-content\/uploads\/2023\/11\/71-min.png","contentUrl":"https:\/\/mlhff0prgoxu.i.optimole.com\/cb:s0sM.767\/w:auto\/h:auto\/q:mauto\/f:best\/https:\/\/fullsolutions.info\/wp-content\/uploads\/2023\/11\/71-min.png","width":560,"height":315},{"@type":"BreadcrumbList","@id":"https:\/\/fullsolutions.info\/produto\/chalmit-protecta-x-prxb-padrao-e-emergencia\/#breadcrumb","itemListElement":[{"@type":"ListItem","position":1,"name":"In\u00edcio","item":"https:\/\/fullsolutions.info\/"},{"@type":"ListItem","position":2,"name":"Produtos","item":"https:\/\/fullsolutions.info\/shop\/"},{"@type":"ListItem","position":3,"name":"Chalmit Protecta X (PRXB \u2013 Padr\u00e3o e Emerg\u00eancia)"}]},{"@type":"WebSite","@id":"https:\/\/fullsolutions.info\/#website","url":"https:\/\/fullsolutions.info\/","name":"Full Solutions","description":"Empresa na \u00c1rea de Procurement","publisher":{"@id":"https:\/\/fullsolutions.info\/#organization"},"potentialAction":[{"@type":"SearchAction","target":{"@type":"EntryPoint","urlTemplate":"https:\/\/fullsolutions.info\/?s={search_term_string}"},"query-input":{"@type":"PropertyValueSpecification","valueRequired":true,"valueName":"search_term_string"}}],"inLanguage":"en-US"},{"@type":"Organization","@id":"https:\/\/fullsolutions.info\/#organization","name":"Full Solutions","url":"https:\/\/fullsolutions.info\/","logo":{"@type":"ImageObject","inLanguage":"en-US","@id":"https:\/\/fullsolutions.info\/#\/schema\/logo\/image\/","url":"https:\/\/mlhff0prgoxu.i.optimole.com\/cb:s0sM.767\/w:auto\/h:auto\/q:mauto\/f:best\/https:\/\/fullsolutions.info\/wp-content\/uploads\/2021\/07\/cropped-Design-sem-nome-300x193-1-e1627062664782.png","contentUrl":"https:\/\/mlhff0prgoxu.i.optimole.com\/cb:s0sM.767\/w:auto\/h:auto\/q:mauto\/f:best\/https:\/\/fullsolutions.info\/wp-content\/uploads\/2021\/07\/cropped-Design-sem-nome-300x193-1-e1627062664782.png","width":202,"height":155,"caption":"Full Solutions"},"image":{"@id":"https:\/\/fullsolutions.info\/#\/schema\/logo\/image\/"},"sameAs":["https:\/\/www.linkedin.com\/company\/full-solutions-equipment"]}]}},"_links":{"self":[{"href":"https:\/\/fullsolutions.info\/en\/wp-json\/wp\/v2\/product\/3678","targetHints":{"allow":["GET"]}}],"collection":[{"href":"https:\/\/fullsolutions.info\/en\/wp-json\/wp\/v2\/product"}],"about":[{"href":"https:\/\/fullsolutions.info\/en\/wp-json\/wp\/v2\/types\/product"}],"replies":[{"embeddable":true,"href":"https:\/\/fullsolutions.info\/en\/wp-json\/wp\/v2\/comments?post=3678"}],"wp:featuredmedia":[{"embeddable":true,"href":"https:\/\/fullsolutions.info\/en\/wp-json\/wp\/v2\/media\/3679"}],"wp:attachment":[{"href":"https:\/\/fullsolutions.info\/en\/wp-json\/wp\/v2\/media?parent=3678"}],"wp:term":[{"taxonomy":"product_brand","embeddable":true,"href":"https:\/\/fullsolutions.info\/en\/wp-json\/wp\/v2\/product_brand?post=3678"},{"taxonomy":"product_cat","embeddable":true,"href":"https:\/\/fullsolutions.info\/en\/wp-json\/wp\/v2\/product_cat?post=3678"},{"taxonomy":"product_tag","embeddable":true,"href":"https:\/\/fullsolutions.info\/en\/wp-json\/wp\/v2\/product_tag?post=3678"},{"taxonomy":"marca","embeddable":true,"href":"https:\/\/fullsolutions.info\/en\/wp-json\/wp\/v2\/marca?post=3678"}],"curies":[{"name":"wp","href":"https:\/\/api.w.org\/{rel}","templated":true}]}}