{"id":3674,"date":"2023-11-01T12:31:29","date_gmt":"2023-11-01T12:31:29","guid":{"rendered":"https:\/\/fullsolutionsequip.com\/?post_type=product&#038;p=3674"},"modified":"2024-02-19T16:16:01","modified_gmt":"2024-02-19T16:16:01","slug":"chalmit-protecta-iii-prse-padrao-e-emergencia","status":"publish","type":"product","link":"https:\/\/fullsolutions.info\/en\/product\/chalmit-protecta-iii-prse-padrao-e-emergencia\/","title":{"rendered":"Chalmit Protecta III (PRSE \u2013 Padr\u00e3o e Emerg\u00eancia)"},"content":{"rendered":"<div class=\"elementor-element elementor-element-b17befe elementor-widget elementor-widget-heading\" data-id=\"b17befe\" data-element_type=\"widget\" data-widget_type=\"heading.default\">\n<div class=\"elementor-widget-container\">\n<p class=\"elementor-heading-title elementor-size-default\"><strong>Descri\u00e7\u00e3o<\/strong><\/p>\n<\/div>\n<\/div>\n<div class=\"elementor-element elementor-element-2dbd9d0 elementor-widget elementor-widget-text-editor\" data-id=\"2dbd9d0\" data-element_type=\"widget\" data-widget_type=\"text-editor.default\">\n<div class=\"elementor-widget-container\">\n<div class=\"elementor-text-editor elementor-clearfix\">\n<p>Linear fluorescente com corpo de a\u00e7o inoxid\u00e1vel para Zona 1 e 21<\/p>\n<p>O Protecta III em a\u00e7o inoxid\u00e1vel de emerg\u00eancia compartilha as caracter\u00edsticas t\u00e9cnicas da linha de carrocerias GRP, mas oferece maior prote\u00e7\u00e3o mec\u00e2nica para as condi\u00e7\u00f5es ambientais mais adversas.\u00a0A durabilidade do Protecta em a\u00e7o inoxid\u00e1vel \u00e9 garantida devido \u00e0 sua constru\u00e7\u00e3o em a\u00e7o inoxid\u00e1vel de alta qualidade e um difusor em policarbonato.\u00a0O produto destina-se a aplica\u00e7\u00f5es onde exista risco de danos mec\u00e2nicos ou exposi\u00e7\u00e3o a agentes qu\u00edmicos.<\/p>\n<ul>\n<li>Corpo em a\u00e7o inoxid\u00e1vel 316 e barra de fixa\u00e7\u00e3o.<\/li>\n<li>O reator avan\u00e7ado oferece opera\u00e7\u00e3o em 50\/60 Hz, fator de corre\u00e7\u00e3o de alta pot\u00eancia e sa\u00edda de l\u00e2mpada regulada que \u00e9 20% maior a -20 \u00b0 C.<\/li>\n<li>Desenergiza\u00e7\u00e3o autom\u00e1tica da l\u00e2mpada ao abrir.<\/li>\n<li>Resist\u00eancia \u00e0s flutua\u00e7\u00f5es de tens\u00e3o.<\/li>\n<li>Gerenciamento de bateria, monitoramento e autoteste autom\u00e1tico.<\/li>\n<li>opera\u00e7\u00e3o dc.<\/li>\n<li>Capacidade de detectar e indicar o fim iminente da vida \u00fatil da l\u00e2mpada de emerg\u00eancia antes da falha real.<\/li>\n<li>Prote\u00e7\u00e3o de fim de vida (EOL) para IEC 60079-7.<\/li>\n<\/ul>\n<p>O inv\u00f3lucro de a\u00e7o inoxid\u00e1vel Protecta III oferece o alto grau de prote\u00e7\u00e3o contra entrada (IP66) necess\u00e1rio para uso em \u00e1reas perigosas da Zona 1 e Zona 21.\u00a0O projeto oferece facilidade de acesso \u00e0s l\u00e2mpadas e reatores, garantindo que a instala\u00e7\u00e3o e a manuten\u00e7\u00e3o industrial sejam conclu\u00eddas de forma r\u00e1pida e eficiente.<\/p>\n<\/div>\n<\/div>\n<\/div>","protected":false},"excerpt":{"rendered":"<p>Descri\u00e7\u00e3o Linear fluorescente com corpo de a\u00e7o inoxid\u00e1vel para Zona 1 e 21 O Protecta III em a\u00e7o inoxid\u00e1vel de emerg\u00eancia compartilha as caracter\u00edsticas t\u00e9cnicas da linha de carrocerias GRP, mas oferece maior prote\u00e7\u00e3o mec\u00e2nica para as condi\u00e7\u00f5es ambientais mais adversas.\u00a0A durabilidade do Protecta em a\u00e7o inoxid\u00e1vel \u00e9 garantida devido \u00e0 sua constru\u00e7\u00e3o em a\u00e7o inoxid\u00e1vel de alta qualidade e um difusor em policarbonato.\u00a0O produto destina-se a aplica\u00e7\u00f5es onde exista risco de danos mec\u00e2nicos ou exposi\u00e7\u00e3o a agentes qu\u00edmicos. Corpo em a\u00e7o inoxid\u00e1vel 316 e barra de fixa\u00e7\u00e3o. O reator avan\u00e7ado oferece opera\u00e7\u00e3o em 50\/60 Hz, fator de corre\u00e7\u00e3o de alta pot\u00eancia e sa\u00edda de l\u00e2mpada regulada que \u00e9 20% maior a -20 \u00b0 C. Desenergiza\u00e7\u00e3o autom\u00e1tica da l\u00e2mpada ao abrir. Resist\u00eancia \u00e0s flutua\u00e7\u00f5es de tens\u00e3o. Gerenciamento de bateria, monitoramento e autoteste autom\u00e1tico. opera\u00e7\u00e3o dc. Capacidade de detectar e indicar o fim iminente da vida \u00fatil da l\u00e2mpada de emerg\u00eancia antes da falha real. Prote\u00e7\u00e3o de fim de vida (EOL) para IEC 60079-7. O inv\u00f3lucro de a\u00e7o inoxid\u00e1vel Protecta III oferece o alto grau de prote\u00e7\u00e3o contra entrada (IP66) necess\u00e1rio para uso em \u00e1reas perigosas da Zona 1 e Zona 21.\u00a0O projeto oferece facilidade de acesso \u00e0s l\u00e2mpadas e reatores, garantindo que a instala\u00e7\u00e3o e a manuten\u00e7\u00e3o industrial sejam conclu\u00eddas de forma r\u00e1pida e eficiente.<\/p>","protected":false},"featured_media":3675,"comment_status":"open","ping_status":"closed","template":"","meta":{"_joinchat":[]},"product_brand":[],"product_cat":[135],"product_tag":[],"marca":[83],"class_list":{"0":"post-3674","1":"product","2":"type-product","3":"status-publish","4":"has-post-thumbnail","6":"product_cat-iluminacao","7":"marca-chalmit","9":"first","10":"instock","11":"shipping-taxable","12":"purchasable","13":"product-type-simple"},"yoast_head":"<!-- This site is optimized with the Yoast SEO plugin v27.2 - https:\/\/yoast.com\/product\/yoast-seo-wordpress\/ -->\n<title>Chalmit Protecta III (PRSE \u2013 Padr\u00e3o e Emerg\u00eancia) - Full Solutions<\/title>\n<meta name=\"robots\" content=\"index, follow, max-snippet:-1, max-image-preview:large, max-video-preview:-1\" \/>\n<link rel=\"canonical\" href=\"https:\/\/fullsolutions.info\/en\/product\/chalmit-protecta-iii-prse-padrao-e-emergencia\/\" \/>\n<meta property=\"og:locale\" content=\"en_US\" \/>\n<meta property=\"og:type\" content=\"article\" \/>\n<meta property=\"og:title\" content=\"Chalmit Protecta III (PRSE \u2013 Padr\u00e3o e Emerg\u00eancia) - Full Solutions\" \/>\n<meta property=\"og:description\" content=\"Descri\u00e7\u00e3o Linear fluorescente com corpo de a\u00e7o inoxid\u00e1vel para Zona 1 e 21 O Protecta III em a\u00e7o inoxid\u00e1vel de emerg\u00eancia compartilha as caracter\u00edsticas t\u00e9cnicas da linha de carrocerias GRP, mas oferece maior prote\u00e7\u00e3o mec\u00e2nica para as condi\u00e7\u00f5es ambientais mais adversas.\u00a0A durabilidade do Protecta em a\u00e7o inoxid\u00e1vel \u00e9 garantida devido \u00e0 sua constru\u00e7\u00e3o em a\u00e7o inoxid\u00e1vel de alta qualidade e um difusor em policarbonato.\u00a0O produto destina-se a aplica\u00e7\u00f5es onde exista risco de danos mec\u00e2nicos ou exposi\u00e7\u00e3o a agentes qu\u00edmicos. Corpo em a\u00e7o inoxid\u00e1vel 316 e barra de fixa\u00e7\u00e3o. O reator avan\u00e7ado oferece opera\u00e7\u00e3o em 50\/60 Hz, fator de corre\u00e7\u00e3o de alta pot\u00eancia e sa\u00edda de l\u00e2mpada regulada que \u00e9 20% maior a -20 \u00b0 C. Desenergiza\u00e7\u00e3o autom\u00e1tica da l\u00e2mpada ao abrir. Resist\u00eancia \u00e0s flutua\u00e7\u00f5es de tens\u00e3o. Gerenciamento de bateria, monitoramento e autoteste autom\u00e1tico. opera\u00e7\u00e3o dc. Capacidade de detectar e indicar o fim iminente da vida \u00fatil da l\u00e2mpada de emerg\u00eancia antes da falha real. Prote\u00e7\u00e3o de fim de vida (EOL) para IEC 60079-7. O inv\u00f3lucro de a\u00e7o inoxid\u00e1vel Protecta III oferece o alto grau de prote\u00e7\u00e3o contra entrada (IP66) necess\u00e1rio para uso em \u00e1reas perigosas da Zona 1 e Zona 21.\u00a0O projeto oferece facilidade de acesso \u00e0s l\u00e2mpadas e reatores, garantindo que a instala\u00e7\u00e3o e a manuten\u00e7\u00e3o industrial sejam conclu\u00eddas de forma r\u00e1pida e eficiente.\" \/>\n<meta property=\"og:url\" content=\"https:\/\/fullsolutions.info\/en\/product\/chalmit-protecta-iii-prse-padrao-e-emergencia\/\" \/>\n<meta property=\"og:site_name\" content=\"Full Solutions\" \/>\n<meta property=\"article:modified_time\" content=\"2024-02-19T16:16:01+00:00\" \/>\n<meta property=\"og:image\" content=\"https:\/\/mlhff0prgoxu.i.optimole.com\/cb:s0sM.767\/w:auto\/h:auto\/q:mauto\/f:best\/https:\/\/fullsolutions.info\/wp-content\/uploads\/2023\/11\/68-min.png\" \/>\n\t<meta property=\"og:image:width\" content=\"560\" \/>\n\t<meta property=\"og:image:height\" content=\"315\" \/>\n\t<meta property=\"og:image:type\" content=\"image\/png\" \/>\n<meta name=\"twitter:card\" content=\"summary_large_image\" \/>\n<meta name=\"twitter:label1\" content=\"Est. reading time\" \/>\n\t<meta name=\"twitter:data1\" content=\"1 minute\" \/>\n<script type=\"application\/ld+json\" class=\"yoast-schema-graph\">{\"@context\":\"https:\/\/schema.org\",\"@graph\":[{\"@type\":\"WebPage\",\"@id\":\"https:\/\/fullsolutions.info\/produto\/chalmit-protecta-iii-prse-padrao-e-emergencia\/\",\"url\":\"https:\/\/fullsolutions.info\/produto\/chalmit-protecta-iii-prse-padrao-e-emergencia\/\",\"name\":\"Chalmit Protecta III (PRSE \u2013 Padr\u00e3o e Emerg\u00eancia) - Full Solutions\",\"isPartOf\":{\"@id\":\"https:\/\/fullsolutions.info\/#website\"},\"primaryImageOfPage\":{\"@id\":\"https:\/\/fullsolutions.info\/produto\/chalmit-protecta-iii-prse-padrao-e-emergencia\/#primaryimage\"},\"image\":{\"@id\":\"https:\/\/fullsolutions.info\/produto\/chalmit-protecta-iii-prse-padrao-e-emergencia\/#primaryimage\"},\"thumbnailUrl\":\"https:\/\/mlhff0prgoxu.i.optimole.com\/cb:s0sM.767\/w:auto\/h:auto\/q:mauto\/f:best\/https:\/\/fullsolutions.info\/wp-content\/uploads\/2023\/11\/68-min.png\",\"datePublished\":\"2023-11-01T12:31:29+00:00\",\"dateModified\":\"2024-02-19T16:16:01+00:00\",\"breadcrumb\":{\"@id\":\"https:\/\/fullsolutions.info\/produto\/chalmit-protecta-iii-prse-padrao-e-emergencia\/#breadcrumb\"},\"inLanguage\":\"en-US\",\"potentialAction\":[{\"@type\":\"ReadAction\",\"target\":[\"https:\/\/fullsolutions.info\/produto\/chalmit-protecta-iii-prse-padrao-e-emergencia\/\"]}]},{\"@type\":\"ImageObject\",\"inLanguage\":\"en-US\",\"@id\":\"https:\/\/fullsolutions.info\/produto\/chalmit-protecta-iii-prse-padrao-e-emergencia\/#primaryimage\",\"url\":\"https:\/\/mlhff0prgoxu.i.optimole.com\/cb:s0sM.767\/w:auto\/h:auto\/q:mauto\/f:best\/https:\/\/fullsolutions.info\/wp-content\/uploads\/2023\/11\/68-min.png\",\"contentUrl\":\"https:\/\/mlhff0prgoxu.i.optimole.com\/cb:s0sM.767\/w:auto\/h:auto\/q:mauto\/f:best\/https:\/\/fullsolutions.info\/wp-content\/uploads\/2023\/11\/68-min.png\",\"width\":560,\"height\":315},{\"@type\":\"BreadcrumbList\",\"@id\":\"https:\/\/fullsolutions.info\/produto\/chalmit-protecta-iii-prse-padrao-e-emergencia\/#breadcrumb\",\"itemListElement\":[{\"@type\":\"ListItem\",\"position\":1,\"name\":\"In\u00edcio\",\"item\":\"https:\/\/fullsolutions.info\/\"},{\"@type\":\"ListItem\",\"position\":2,\"name\":\"Produtos\",\"item\":\"https:\/\/fullsolutions.info\/shop\/\"},{\"@type\":\"ListItem\",\"position\":3,\"name\":\"Chalmit Protecta III (PRSE \u2013 Padr\u00e3o e Emerg\u00eancia)\"}]},{\"@type\":\"WebSite\",\"@id\":\"https:\/\/fullsolutions.info\/#website\",\"url\":\"https:\/\/fullsolutions.info\/\",\"name\":\"Full Solutions\",\"description\":\"Empresa na \u00c1rea de Procurement\",\"publisher\":{\"@id\":\"https:\/\/fullsolutions.info\/#organization\"},\"potentialAction\":[{\"@type\":\"SearchAction\",\"target\":{\"@type\":\"EntryPoint\",\"urlTemplate\":\"https:\/\/fullsolutions.info\/?s={search_term_string}\"},\"query-input\":{\"@type\":\"PropertyValueSpecification\",\"valueRequired\":true,\"valueName\":\"search_term_string\"}}],\"inLanguage\":\"en-US\"},{\"@type\":\"Organization\",\"@id\":\"https:\/\/fullsolutions.info\/#organization\",\"name\":\"Full Solutions\",\"url\":\"https:\/\/fullsolutions.info\/\",\"logo\":{\"@type\":\"ImageObject\",\"inLanguage\":\"en-US\",\"@id\":\"https:\/\/fullsolutions.info\/#\/schema\/logo\/image\/\",\"url\":\"https:\/\/mlhff0prgoxu.i.optimole.com\/cb:s0sM.767\/w:auto\/h:auto\/q:mauto\/f:best\/https:\/\/fullsolutions.info\/wp-content\/uploads\/2021\/07\/cropped-Design-sem-nome-300x193-1-e1627062664782.png\",\"contentUrl\":\"https:\/\/mlhff0prgoxu.i.optimole.com\/cb:s0sM.767\/w:auto\/h:auto\/q:mauto\/f:best\/https:\/\/fullsolutions.info\/wp-content\/uploads\/2021\/07\/cropped-Design-sem-nome-300x193-1-e1627062664782.png\",\"width\":202,\"height\":155,\"caption\":\"Full Solutions\"},\"image\":{\"@id\":\"https:\/\/fullsolutions.info\/#\/schema\/logo\/image\/\"},\"sameAs\":[\"https:\/\/www.linkedin.com\/company\/full-solutions-equipment\"]}]}<\/script>\n<!-- \/ Yoast SEO plugin. -->","yoast_head_json":{"title":"Chalmit Protecta III (PRSE \u2013 Padr\u00e3o e Emerg\u00eancia) - Full Solutions","robots":{"index":"index","follow":"follow","max-snippet":"max-snippet:-1","max-image-preview":"max-image-preview:large","max-video-preview":"max-video-preview:-1"},"canonical":"https:\/\/fullsolutions.info\/en\/product\/chalmit-protecta-iii-prse-padrao-e-emergencia\/","og_locale":"en_US","og_type":"article","og_title":"Chalmit Protecta III (PRSE \u2013 Padr\u00e3o e Emerg\u00eancia) - Full Solutions","og_description":"Descri\u00e7\u00e3o Linear fluorescente com corpo de a\u00e7o inoxid\u00e1vel para Zona 1 e 21 O Protecta III em a\u00e7o inoxid\u00e1vel de emerg\u00eancia compartilha as caracter\u00edsticas t\u00e9cnicas da linha de carrocerias GRP, mas oferece maior prote\u00e7\u00e3o mec\u00e2nica para as condi\u00e7\u00f5es ambientais mais adversas.\u00a0A durabilidade do Protecta em a\u00e7o inoxid\u00e1vel \u00e9 garantida devido \u00e0 sua constru\u00e7\u00e3o em a\u00e7o inoxid\u00e1vel de alta qualidade e um difusor em policarbonato.\u00a0O produto destina-se a aplica\u00e7\u00f5es onde exista risco de danos mec\u00e2nicos ou exposi\u00e7\u00e3o a agentes qu\u00edmicos. Corpo em a\u00e7o inoxid\u00e1vel 316 e barra de fixa\u00e7\u00e3o. O reator avan\u00e7ado oferece opera\u00e7\u00e3o em 50\/60 Hz, fator de corre\u00e7\u00e3o de alta pot\u00eancia e sa\u00edda de l\u00e2mpada regulada que \u00e9 20% maior a -20 \u00b0 C. Desenergiza\u00e7\u00e3o autom\u00e1tica da l\u00e2mpada ao abrir. Resist\u00eancia \u00e0s flutua\u00e7\u00f5es de tens\u00e3o. Gerenciamento de bateria, monitoramento e autoteste autom\u00e1tico. opera\u00e7\u00e3o dc. Capacidade de detectar e indicar o fim iminente da vida \u00fatil da l\u00e2mpada de emerg\u00eancia antes da falha real. Prote\u00e7\u00e3o de fim de vida (EOL) para IEC 60079-7. O inv\u00f3lucro de a\u00e7o inoxid\u00e1vel Protecta III oferece o alto grau de prote\u00e7\u00e3o contra entrada (IP66) necess\u00e1rio para uso em \u00e1reas perigosas da Zona 1 e Zona 21.\u00a0O projeto oferece facilidade de acesso \u00e0s l\u00e2mpadas e reatores, garantindo que a instala\u00e7\u00e3o e a manuten\u00e7\u00e3o industrial sejam conclu\u00eddas de forma r\u00e1pida e eficiente.","og_url":"https:\/\/fullsolutions.info\/en\/product\/chalmit-protecta-iii-prse-padrao-e-emergencia\/","og_site_name":"Full Solutions","article_modified_time":"2024-02-19T16:16:01+00:00","og_image":[{"width":560,"height":315,"url":"https:\/\/mlhff0prgoxu.i.optimole.com\/cb:s0sM.767\/w:auto\/h:auto\/q:mauto\/f:best\/https:\/\/fullsolutions.info\/wp-content\/uploads\/2023\/11\/68-min.png","type":"image\/png"}],"twitter_card":"summary_large_image","twitter_misc":{"Est. reading time":"1 minute"},"schema":{"@context":"https:\/\/schema.org","@graph":[{"@type":"WebPage","@id":"https:\/\/fullsolutions.info\/produto\/chalmit-protecta-iii-prse-padrao-e-emergencia\/","url":"https:\/\/fullsolutions.info\/produto\/chalmit-protecta-iii-prse-padrao-e-emergencia\/","name":"Chalmit Protecta III (PRSE \u2013 Padr\u00e3o e Emerg\u00eancia) - Full Solutions","isPartOf":{"@id":"https:\/\/fullsolutions.info\/#website"},"primaryImageOfPage":{"@id":"https:\/\/fullsolutions.info\/produto\/chalmit-protecta-iii-prse-padrao-e-emergencia\/#primaryimage"},"image":{"@id":"https:\/\/fullsolutions.info\/produto\/chalmit-protecta-iii-prse-padrao-e-emergencia\/#primaryimage"},"thumbnailUrl":"https:\/\/mlhff0prgoxu.i.optimole.com\/cb:s0sM.767\/w:auto\/h:auto\/q:mauto\/f:best\/https:\/\/fullsolutions.info\/wp-content\/uploads\/2023\/11\/68-min.png","datePublished":"2023-11-01T12:31:29+00:00","dateModified":"2024-02-19T16:16:01+00:00","breadcrumb":{"@id":"https:\/\/fullsolutions.info\/produto\/chalmit-protecta-iii-prse-padrao-e-emergencia\/#breadcrumb"},"inLanguage":"en-US","potentialAction":[{"@type":"ReadAction","target":["https:\/\/fullsolutions.info\/produto\/chalmit-protecta-iii-prse-padrao-e-emergencia\/"]}]},{"@type":"ImageObject","inLanguage":"en-US","@id":"https:\/\/fullsolutions.info\/produto\/chalmit-protecta-iii-prse-padrao-e-emergencia\/#primaryimage","url":"https:\/\/mlhff0prgoxu.i.optimole.com\/cb:s0sM.767\/w:auto\/h:auto\/q:mauto\/f:best\/https:\/\/fullsolutions.info\/wp-content\/uploads\/2023\/11\/68-min.png","contentUrl":"https:\/\/mlhff0prgoxu.i.optimole.com\/cb:s0sM.767\/w:auto\/h:auto\/q:mauto\/f:best\/https:\/\/fullsolutions.info\/wp-content\/uploads\/2023\/11\/68-min.png","width":560,"height":315},{"@type":"BreadcrumbList","@id":"https:\/\/fullsolutions.info\/produto\/chalmit-protecta-iii-prse-padrao-e-emergencia\/#breadcrumb","itemListElement":[{"@type":"ListItem","position":1,"name":"In\u00edcio","item":"https:\/\/fullsolutions.info\/"},{"@type":"ListItem","position":2,"name":"Produtos","item":"https:\/\/fullsolutions.info\/shop\/"},{"@type":"ListItem","position":3,"name":"Chalmit Protecta III (PRSE \u2013 Padr\u00e3o e Emerg\u00eancia)"}]},{"@type":"WebSite","@id":"https:\/\/fullsolutions.info\/#website","url":"https:\/\/fullsolutions.info\/","name":"Full Solutions","description":"Empresa na \u00c1rea de Procurement","publisher":{"@id":"https:\/\/fullsolutions.info\/#organization"},"potentialAction":[{"@type":"SearchAction","target":{"@type":"EntryPoint","urlTemplate":"https:\/\/fullsolutions.info\/?s={search_term_string}"},"query-input":{"@type":"PropertyValueSpecification","valueRequired":true,"valueName":"search_term_string"}}],"inLanguage":"en-US"},{"@type":"Organization","@id":"https:\/\/fullsolutions.info\/#organization","name":"Full Solutions","url":"https:\/\/fullsolutions.info\/","logo":{"@type":"ImageObject","inLanguage":"en-US","@id":"https:\/\/fullsolutions.info\/#\/schema\/logo\/image\/","url":"https:\/\/mlhff0prgoxu.i.optimole.com\/cb:s0sM.767\/w:auto\/h:auto\/q:mauto\/f:best\/https:\/\/fullsolutions.info\/wp-content\/uploads\/2021\/07\/cropped-Design-sem-nome-300x193-1-e1627062664782.png","contentUrl":"https:\/\/mlhff0prgoxu.i.optimole.com\/cb:s0sM.767\/w:auto\/h:auto\/q:mauto\/f:best\/https:\/\/fullsolutions.info\/wp-content\/uploads\/2021\/07\/cropped-Design-sem-nome-300x193-1-e1627062664782.png","width":202,"height":155,"caption":"Full Solutions"},"image":{"@id":"https:\/\/fullsolutions.info\/#\/schema\/logo\/image\/"},"sameAs":["https:\/\/www.linkedin.com\/company\/full-solutions-equipment"]}]}},"_links":{"self":[{"href":"https:\/\/fullsolutions.info\/en\/wp-json\/wp\/v2\/product\/3674","targetHints":{"allow":["GET"]}}],"collection":[{"href":"https:\/\/fullsolutions.info\/en\/wp-json\/wp\/v2\/product"}],"about":[{"href":"https:\/\/fullsolutions.info\/en\/wp-json\/wp\/v2\/types\/product"}],"replies":[{"embeddable":true,"href":"https:\/\/fullsolutions.info\/en\/wp-json\/wp\/v2\/comments?post=3674"}],"wp:featuredmedia":[{"embeddable":true,"href":"https:\/\/fullsolutions.info\/en\/wp-json\/wp\/v2\/media\/3675"}],"wp:attachment":[{"href":"https:\/\/fullsolutions.info\/en\/wp-json\/wp\/v2\/media?parent=3674"}],"wp:term":[{"taxonomy":"product_brand","embeddable":true,"href":"https:\/\/fullsolutions.info\/en\/wp-json\/wp\/v2\/product_brand?post=3674"},{"taxonomy":"product_cat","embeddable":true,"href":"https:\/\/fullsolutions.info\/en\/wp-json\/wp\/v2\/product_cat?post=3674"},{"taxonomy":"product_tag","embeddable":true,"href":"https:\/\/fullsolutions.info\/en\/wp-json\/wp\/v2\/product_tag?post=3674"},{"taxonomy":"marca","embeddable":true,"href":"https:\/\/fullsolutions.info\/en\/wp-json\/wp\/v2\/marca?post=3674"}],"curies":[{"name":"wp","href":"https:\/\/api.w.org\/{rel}","templated":true}]}}