{"id":3672,"date":"2023-11-01T12:30:48","date_gmt":"2023-11-01T12:30:48","guid":{"rendered":"https:\/\/fullsolutionsequip.com\/?post_type=product&#038;p=3672"},"modified":"2024-02-19T16:16:02","modified_gmt":"2024-02-19T16:16:02","slug":"chalmit-protecta-iii-prge-padrao","status":"publish","type":"product","link":"https:\/\/fullsolutions.info\/en\/product\/chalmit-protecta-iii-prge-padrao\/","title":{"rendered":"Chalmit Protecta III (PRGE \u2013 Padr\u00e3o)"},"content":{"rendered":"<div class=\"elementor-element elementor-element-b17befe elementor-widget elementor-widget-heading\" data-id=\"b17befe\" data-element_type=\"widget\" data-widget_type=\"heading.default\">\n<div class=\"elementor-widget-container\">\n<p class=\"elementor-heading-title elementor-size-default\"><strong>Descri\u00e7\u00e3o<\/strong><\/p>\n<\/div>\n<\/div>\n<div class=\"elementor-element elementor-element-2dbd9d0 elementor-widget elementor-widget-text-editor\" data-id=\"2dbd9d0\" data-element_type=\"widget\" data-widget_type=\"text-editor.default\">\n<div class=\"elementor-widget-container\">\n<div class=\"elementor-text-editor elementor-clearfix\">\n<p>Fluorescente linear com corpo GRP para Zona 1 e 21<\/p>\n<p>A Protecta III \u00e9 uma lumin\u00e1ria fluorescente T8 comprovada e confi\u00e1vel.\u00a0A constru\u00e7\u00e3o robusta e resistente \u00e0 corros\u00e3o do Protecta (IP66 \/ IP67) combinada com um reator avan\u00e7ado de alta frequ\u00eancia garantem a manuten\u00e7\u00e3o m\u00ednima do produto.\u00a0Quando o acesso \u00e9 necess\u00e1rio, o Protecta III apresenta uma barra de fixa\u00e7\u00e3o de f\u00e1cil acesso e desenergiza\u00e7\u00e3o autom\u00e1tica da l\u00e2mpada.<\/p>\n<ul>\n<li>Constru\u00e7\u00e3o simples e robusta.<\/li>\n<li>O reator avan\u00e7ado oferece opera\u00e7\u00e3o em 50\/60 Hz, alto fator de corre\u00e7\u00e3o de pot\u00eancia e sa\u00edda de l\u00e2mpada regulada que \u00e9 20% maior a -20 \u00b0 C do que os concorrentes.<\/li>\n<li>Resistente a flutua\u00e7\u00f5es de tens\u00e3o.<\/li>\n<li>opera\u00e7\u00e3o dc.<\/li>\n<li>Terminais de alimenta\u00e7\u00e3o de libera\u00e7\u00e3o r\u00e1pida.<\/li>\n<li>Dil\u00favio DTS-01 testado.<\/li>\n<li>Vibra\u00e7\u00e3o testada em conformidade com Lloyds \/ DNV.<\/li>\n<li>Prote\u00e7\u00e3o de fim de vida (EOL) para IEC 60079-7.<\/li>\n<\/ul>\n<\/div>\n<\/div>\n<\/div>","protected":false},"excerpt":{"rendered":"<p>Descri\u00e7\u00e3o Fluorescente linear com corpo GRP para Zona 1 e 21 A Protecta III \u00e9 uma lumin\u00e1ria fluorescente T8 comprovada e confi\u00e1vel.\u00a0A constru\u00e7\u00e3o robusta e resistente \u00e0 corros\u00e3o do Protecta (IP66 \/ IP67) combinada com um reator avan\u00e7ado de alta frequ\u00eancia garantem a manuten\u00e7\u00e3o m\u00ednima do produto.\u00a0Quando o acesso \u00e9 necess\u00e1rio, o Protecta III apresenta uma barra de fixa\u00e7\u00e3o de f\u00e1cil acesso e desenergiza\u00e7\u00e3o autom\u00e1tica da l\u00e2mpada. Constru\u00e7\u00e3o simples e robusta. O reator avan\u00e7ado oferece opera\u00e7\u00e3o em 50\/60 Hz, alto fator de corre\u00e7\u00e3o de pot\u00eancia e sa\u00edda de l\u00e2mpada regulada que \u00e9 20% maior a -20 \u00b0 C do que os concorrentes. Resistente a flutua\u00e7\u00f5es de tens\u00e3o. opera\u00e7\u00e3o dc. Terminais de alimenta\u00e7\u00e3o de libera\u00e7\u00e3o r\u00e1pida. Dil\u00favio DTS-01 testado. Vibra\u00e7\u00e3o testada em conformidade com Lloyds \/ DNV. Prote\u00e7\u00e3o de fim de vida (EOL) para IEC 60079-7.<\/p>","protected":false},"featured_media":3673,"comment_status":"open","ping_status":"closed","template":"","meta":{"_joinchat":[]},"product_brand":[],"product_cat":[135],"product_tag":[],"marca":[83],"class_list":{"0":"post-3672","1":"product","2":"type-product","3":"status-publish","4":"has-post-thumbnail","6":"product_cat-iluminacao","7":"marca-chalmit","9":"first","10":"instock","11":"shipping-taxable","12":"purchasable","13":"product-type-simple"},"yoast_head":"<!-- This site is optimized with the Yoast SEO plugin v27.2 - https:\/\/yoast.com\/product\/yoast-seo-wordpress\/ -->\n<title>Chalmit Protecta III (PRGE \u2013 Padr\u00e3o) - Full Solutions<\/title>\n<meta name=\"robots\" content=\"index, follow, max-snippet:-1, max-image-preview:large, max-video-preview:-1\" \/>\n<link rel=\"canonical\" href=\"https:\/\/fullsolutions.info\/en\/product\/chalmit-protecta-iii-prge-padrao\/\" \/>\n<meta property=\"og:locale\" content=\"en_US\" \/>\n<meta property=\"og:type\" content=\"article\" \/>\n<meta property=\"og:title\" content=\"Chalmit Protecta III (PRGE \u2013 Padr\u00e3o) - Full Solutions\" \/>\n<meta property=\"og:description\" content=\"Descri\u00e7\u00e3o Fluorescente linear com corpo GRP para Zona 1 e 21 A Protecta III \u00e9 uma lumin\u00e1ria fluorescente T8 comprovada e confi\u00e1vel.\u00a0A constru\u00e7\u00e3o robusta e resistente \u00e0 corros\u00e3o do Protecta (IP66 \/ IP67) combinada com um reator avan\u00e7ado de alta frequ\u00eancia garantem a manuten\u00e7\u00e3o m\u00ednima do produto.\u00a0Quando o acesso \u00e9 necess\u00e1rio, o Protecta III apresenta uma barra de fixa\u00e7\u00e3o de f\u00e1cil acesso e desenergiza\u00e7\u00e3o autom\u00e1tica da l\u00e2mpada. Constru\u00e7\u00e3o simples e robusta. O reator avan\u00e7ado oferece opera\u00e7\u00e3o em 50\/60 Hz, alto fator de corre\u00e7\u00e3o de pot\u00eancia e sa\u00edda de l\u00e2mpada regulada que \u00e9 20% maior a -20 \u00b0 C do que os concorrentes. Resistente a flutua\u00e7\u00f5es de tens\u00e3o. opera\u00e7\u00e3o dc. Terminais de alimenta\u00e7\u00e3o de libera\u00e7\u00e3o r\u00e1pida. Dil\u00favio DTS-01 testado. Vibra\u00e7\u00e3o testada em conformidade com Lloyds \/ DNV. Prote\u00e7\u00e3o de fim de vida (EOL) para IEC 60079-7.\" \/>\n<meta property=\"og:url\" content=\"https:\/\/fullsolutions.info\/en\/product\/chalmit-protecta-iii-prge-padrao\/\" \/>\n<meta property=\"og:site_name\" content=\"Full Solutions\" \/>\n<meta property=\"article:modified_time\" content=\"2024-02-19T16:16:02+00:00\" \/>\n<meta property=\"og:image\" content=\"https:\/\/mlhff0prgoxu.i.optimole.com\/cb:s0sM.767\/w:auto\/h:auto\/q:mauto\/f:best\/https:\/\/fullsolutions.info\/wp-content\/uploads\/2023\/11\/67-min.png\" \/>\n\t<meta property=\"og:image:width\" content=\"560\" \/>\n\t<meta property=\"og:image:height\" content=\"315\" \/>\n\t<meta property=\"og:image:type\" content=\"image\/png\" \/>\n<meta name=\"twitter:card\" content=\"summary_large_image\" \/>\n<meta name=\"twitter:label1\" content=\"Est. reading time\" \/>\n\t<meta name=\"twitter:data1\" content=\"1 minute\" \/>\n<script type=\"application\/ld+json\" class=\"yoast-schema-graph\">{\"@context\":\"https:\/\/schema.org\",\"@graph\":[{\"@type\":\"WebPage\",\"@id\":\"https:\/\/fullsolutions.info\/produto\/chalmit-protecta-iii-prge-padrao\/\",\"url\":\"https:\/\/fullsolutions.info\/produto\/chalmit-protecta-iii-prge-padrao\/\",\"name\":\"Chalmit Protecta III (PRGE \u2013 Padr\u00e3o) - Full Solutions\",\"isPartOf\":{\"@id\":\"https:\/\/fullsolutions.info\/#website\"},\"primaryImageOfPage\":{\"@id\":\"https:\/\/fullsolutions.info\/produto\/chalmit-protecta-iii-prge-padrao\/#primaryimage\"},\"image\":{\"@id\":\"https:\/\/fullsolutions.info\/produto\/chalmit-protecta-iii-prge-padrao\/#primaryimage\"},\"thumbnailUrl\":\"https:\/\/mlhff0prgoxu.i.optimole.com\/cb:s0sM.767\/w:auto\/h:auto\/q:mauto\/f:best\/https:\/\/fullsolutions.info\/wp-content\/uploads\/2023\/11\/67-min.png\",\"datePublished\":\"2023-11-01T12:30:48+00:00\",\"dateModified\":\"2024-02-19T16:16:02+00:00\",\"breadcrumb\":{\"@id\":\"https:\/\/fullsolutions.info\/produto\/chalmit-protecta-iii-prge-padrao\/#breadcrumb\"},\"inLanguage\":\"en-US\",\"potentialAction\":[{\"@type\":\"ReadAction\",\"target\":[\"https:\/\/fullsolutions.info\/produto\/chalmit-protecta-iii-prge-padrao\/\"]}]},{\"@type\":\"ImageObject\",\"inLanguage\":\"en-US\",\"@id\":\"https:\/\/fullsolutions.info\/produto\/chalmit-protecta-iii-prge-padrao\/#primaryimage\",\"url\":\"https:\/\/mlhff0prgoxu.i.optimole.com\/cb:s0sM.767\/w:auto\/h:auto\/q:mauto\/f:best\/https:\/\/fullsolutions.info\/wp-content\/uploads\/2023\/11\/67-min.png\",\"contentUrl\":\"https:\/\/mlhff0prgoxu.i.optimole.com\/cb:s0sM.767\/w:auto\/h:auto\/q:mauto\/f:best\/https:\/\/fullsolutions.info\/wp-content\/uploads\/2023\/11\/67-min.png\",\"width\":560,\"height\":315},{\"@type\":\"BreadcrumbList\",\"@id\":\"https:\/\/fullsolutions.info\/produto\/chalmit-protecta-iii-prge-padrao\/#breadcrumb\",\"itemListElement\":[{\"@type\":\"ListItem\",\"position\":1,\"name\":\"In\u00edcio\",\"item\":\"https:\/\/fullsolutions.info\/\"},{\"@type\":\"ListItem\",\"position\":2,\"name\":\"Produtos\",\"item\":\"https:\/\/fullsolutions.info\/shop\/\"},{\"@type\":\"ListItem\",\"position\":3,\"name\":\"Chalmit Protecta III (PRGE \u2013 Padr\u00e3o)\"}]},{\"@type\":\"WebSite\",\"@id\":\"https:\/\/fullsolutions.info\/#website\",\"url\":\"https:\/\/fullsolutions.info\/\",\"name\":\"Full Solutions\",\"description\":\"Empresa na \u00c1rea de Procurement\",\"publisher\":{\"@id\":\"https:\/\/fullsolutions.info\/#organization\"},\"potentialAction\":[{\"@type\":\"SearchAction\",\"target\":{\"@type\":\"EntryPoint\",\"urlTemplate\":\"https:\/\/fullsolutions.info\/?s={search_term_string}\"},\"query-input\":{\"@type\":\"PropertyValueSpecification\",\"valueRequired\":true,\"valueName\":\"search_term_string\"}}],\"inLanguage\":\"en-US\"},{\"@type\":\"Organization\",\"@id\":\"https:\/\/fullsolutions.info\/#organization\",\"name\":\"Full Solutions\",\"url\":\"https:\/\/fullsolutions.info\/\",\"logo\":{\"@type\":\"ImageObject\",\"inLanguage\":\"en-US\",\"@id\":\"https:\/\/fullsolutions.info\/#\/schema\/logo\/image\/\",\"url\":\"https:\/\/mlhff0prgoxu.i.optimole.com\/cb:s0sM.767\/w:auto\/h:auto\/q:mauto\/f:best\/https:\/\/fullsolutions.info\/wp-content\/uploads\/2021\/07\/cropped-Design-sem-nome-300x193-1-e1627062664782.png\",\"contentUrl\":\"https:\/\/mlhff0prgoxu.i.optimole.com\/cb:s0sM.767\/w:auto\/h:auto\/q:mauto\/f:best\/https:\/\/fullsolutions.info\/wp-content\/uploads\/2021\/07\/cropped-Design-sem-nome-300x193-1-e1627062664782.png\",\"width\":202,\"height\":155,\"caption\":\"Full Solutions\"},\"image\":{\"@id\":\"https:\/\/fullsolutions.info\/#\/schema\/logo\/image\/\"},\"sameAs\":[\"https:\/\/www.linkedin.com\/company\/full-solutions-equipment\"]}]}<\/script>\n<!-- \/ Yoast SEO plugin. -->","yoast_head_json":{"title":"Chalmit Protecta III (PRGE \u2013 Padr\u00e3o) - Full Solutions","robots":{"index":"index","follow":"follow","max-snippet":"max-snippet:-1","max-image-preview":"max-image-preview:large","max-video-preview":"max-video-preview:-1"},"canonical":"https:\/\/fullsolutions.info\/en\/product\/chalmit-protecta-iii-prge-padrao\/","og_locale":"en_US","og_type":"article","og_title":"Chalmit Protecta III (PRGE \u2013 Padr\u00e3o) - Full Solutions","og_description":"Descri\u00e7\u00e3o Fluorescente linear com corpo GRP para Zona 1 e 21 A Protecta III \u00e9 uma lumin\u00e1ria fluorescente T8 comprovada e confi\u00e1vel.\u00a0A constru\u00e7\u00e3o robusta e resistente \u00e0 corros\u00e3o do Protecta (IP66 \/ IP67) combinada com um reator avan\u00e7ado de alta frequ\u00eancia garantem a manuten\u00e7\u00e3o m\u00ednima do produto.\u00a0Quando o acesso \u00e9 necess\u00e1rio, o Protecta III apresenta uma barra de fixa\u00e7\u00e3o de f\u00e1cil acesso e desenergiza\u00e7\u00e3o autom\u00e1tica da l\u00e2mpada. Constru\u00e7\u00e3o simples e robusta. O reator avan\u00e7ado oferece opera\u00e7\u00e3o em 50\/60 Hz, alto fator de corre\u00e7\u00e3o de pot\u00eancia e sa\u00edda de l\u00e2mpada regulada que \u00e9 20% maior a -20 \u00b0 C do que os concorrentes. Resistente a flutua\u00e7\u00f5es de tens\u00e3o. opera\u00e7\u00e3o dc. Terminais de alimenta\u00e7\u00e3o de libera\u00e7\u00e3o r\u00e1pida. Dil\u00favio DTS-01 testado. Vibra\u00e7\u00e3o testada em conformidade com Lloyds \/ DNV. Prote\u00e7\u00e3o de fim de vida (EOL) para IEC 60079-7.","og_url":"https:\/\/fullsolutions.info\/en\/product\/chalmit-protecta-iii-prge-padrao\/","og_site_name":"Full Solutions","article_modified_time":"2024-02-19T16:16:02+00:00","og_image":[{"width":560,"height":315,"url":"https:\/\/mlhff0prgoxu.i.optimole.com\/cb:s0sM.767\/w:auto\/h:auto\/q:mauto\/f:best\/https:\/\/fullsolutions.info\/wp-content\/uploads\/2023\/11\/67-min.png","type":"image\/png"}],"twitter_card":"summary_large_image","twitter_misc":{"Est. reading time":"1 minute"},"schema":{"@context":"https:\/\/schema.org","@graph":[{"@type":"WebPage","@id":"https:\/\/fullsolutions.info\/produto\/chalmit-protecta-iii-prge-padrao\/","url":"https:\/\/fullsolutions.info\/produto\/chalmit-protecta-iii-prge-padrao\/","name":"Chalmit Protecta III (PRGE \u2013 Padr\u00e3o) - Full Solutions","isPartOf":{"@id":"https:\/\/fullsolutions.info\/#website"},"primaryImageOfPage":{"@id":"https:\/\/fullsolutions.info\/produto\/chalmit-protecta-iii-prge-padrao\/#primaryimage"},"image":{"@id":"https:\/\/fullsolutions.info\/produto\/chalmit-protecta-iii-prge-padrao\/#primaryimage"},"thumbnailUrl":"https:\/\/mlhff0prgoxu.i.optimole.com\/cb:s0sM.767\/w:auto\/h:auto\/q:mauto\/f:best\/https:\/\/fullsolutions.info\/wp-content\/uploads\/2023\/11\/67-min.png","datePublished":"2023-11-01T12:30:48+00:00","dateModified":"2024-02-19T16:16:02+00:00","breadcrumb":{"@id":"https:\/\/fullsolutions.info\/produto\/chalmit-protecta-iii-prge-padrao\/#breadcrumb"},"inLanguage":"en-US","potentialAction":[{"@type":"ReadAction","target":["https:\/\/fullsolutions.info\/produto\/chalmit-protecta-iii-prge-padrao\/"]}]},{"@type":"ImageObject","inLanguage":"en-US","@id":"https:\/\/fullsolutions.info\/produto\/chalmit-protecta-iii-prge-padrao\/#primaryimage","url":"https:\/\/mlhff0prgoxu.i.optimole.com\/cb:s0sM.767\/w:auto\/h:auto\/q:mauto\/f:best\/https:\/\/fullsolutions.info\/wp-content\/uploads\/2023\/11\/67-min.png","contentUrl":"https:\/\/mlhff0prgoxu.i.optimole.com\/cb:s0sM.767\/w:auto\/h:auto\/q:mauto\/f:best\/https:\/\/fullsolutions.info\/wp-content\/uploads\/2023\/11\/67-min.png","width":560,"height":315},{"@type":"BreadcrumbList","@id":"https:\/\/fullsolutions.info\/produto\/chalmit-protecta-iii-prge-padrao\/#breadcrumb","itemListElement":[{"@type":"ListItem","position":1,"name":"In\u00edcio","item":"https:\/\/fullsolutions.info\/"},{"@type":"ListItem","position":2,"name":"Produtos","item":"https:\/\/fullsolutions.info\/shop\/"},{"@type":"ListItem","position":3,"name":"Chalmit Protecta III (PRGE \u2013 Padr\u00e3o)"}]},{"@type":"WebSite","@id":"https:\/\/fullsolutions.info\/#website","url":"https:\/\/fullsolutions.info\/","name":"Full Solutions","description":"Empresa na \u00c1rea de Procurement","publisher":{"@id":"https:\/\/fullsolutions.info\/#organization"},"potentialAction":[{"@type":"SearchAction","target":{"@type":"EntryPoint","urlTemplate":"https:\/\/fullsolutions.info\/?s={search_term_string}"},"query-input":{"@type":"PropertyValueSpecification","valueRequired":true,"valueName":"search_term_string"}}],"inLanguage":"en-US"},{"@type":"Organization","@id":"https:\/\/fullsolutions.info\/#organization","name":"Full Solutions","url":"https:\/\/fullsolutions.info\/","logo":{"@type":"ImageObject","inLanguage":"en-US","@id":"https:\/\/fullsolutions.info\/#\/schema\/logo\/image\/","url":"https:\/\/mlhff0prgoxu.i.optimole.com\/cb:s0sM.767\/w:auto\/h:auto\/q:mauto\/f:best\/https:\/\/fullsolutions.info\/wp-content\/uploads\/2021\/07\/cropped-Design-sem-nome-300x193-1-e1627062664782.png","contentUrl":"https:\/\/mlhff0prgoxu.i.optimole.com\/cb:s0sM.767\/w:auto\/h:auto\/q:mauto\/f:best\/https:\/\/fullsolutions.info\/wp-content\/uploads\/2021\/07\/cropped-Design-sem-nome-300x193-1-e1627062664782.png","width":202,"height":155,"caption":"Full Solutions"},"image":{"@id":"https:\/\/fullsolutions.info\/#\/schema\/logo\/image\/"},"sameAs":["https:\/\/www.linkedin.com\/company\/full-solutions-equipment"]}]}},"_links":{"self":[{"href":"https:\/\/fullsolutions.info\/en\/wp-json\/wp\/v2\/product\/3672","targetHints":{"allow":["GET"]}}],"collection":[{"href":"https:\/\/fullsolutions.info\/en\/wp-json\/wp\/v2\/product"}],"about":[{"href":"https:\/\/fullsolutions.info\/en\/wp-json\/wp\/v2\/types\/product"}],"replies":[{"embeddable":true,"href":"https:\/\/fullsolutions.info\/en\/wp-json\/wp\/v2\/comments?post=3672"}],"wp:featuredmedia":[{"embeddable":true,"href":"https:\/\/fullsolutions.info\/en\/wp-json\/wp\/v2\/media\/3673"}],"wp:attachment":[{"href":"https:\/\/fullsolutions.info\/en\/wp-json\/wp\/v2\/media?parent=3672"}],"wp:term":[{"taxonomy":"product_brand","embeddable":true,"href":"https:\/\/fullsolutions.info\/en\/wp-json\/wp\/v2\/product_brand?post=3672"},{"taxonomy":"product_cat","embeddable":true,"href":"https:\/\/fullsolutions.info\/en\/wp-json\/wp\/v2\/product_cat?post=3672"},{"taxonomy":"product_tag","embeddable":true,"href":"https:\/\/fullsolutions.info\/en\/wp-json\/wp\/v2\/product_tag?post=3672"},{"taxonomy":"marca","embeddable":true,"href":"https:\/\/fullsolutions.info\/en\/wp-json\/wp\/v2\/marca?post=3672"}],"curies":[{"name":"wp","href":"https:\/\/api.w.org\/{rel}","templated":true}]}}