{"id":3653,"date":"2023-11-01T12:23:32","date_gmt":"2023-11-01T12:23:32","guid":{"rendered":"https:\/\/fullsolutionsequip.com\/?post_type=product&#038;p=3653"},"modified":"2024-02-19T16:16:23","modified_gmt":"2024-02-19T16:16:23","slug":"ceag-ellb-luz-de-teto-embutida","status":"publish","type":"product","link":"https:\/\/fullsolutions.info\/en\/product\/ceag-ellb-luz-de-teto-embutida\/","title":{"rendered":"CEAG eLLB luz de teto embutida"},"content":{"rendered":"<div class=\"elementor-element elementor-element-b17befe elementor-widget elementor-widget-heading\" data-id=\"b17befe\" data-element_type=\"widget\" data-widget_type=\"heading.default\">\n<div class=\"elementor-widget-container\">\n<p class=\"elementor-heading-title elementor-size-default\"><strong>Descri\u00e7\u00e3o<\/strong><\/p>\n<\/div>\n<\/div>\n<div class=\"elementor-element elementor-element-2dbd9d0 elementor-widget elementor-widget-text-editor\" data-id=\"2dbd9d0\" data-element_type=\"widget\" data-widget_type=\"text-editor.default\">\n<div class=\"elementor-widget-container\">\n<div class=\"elementor-text-editor elementor-clearfix\">\n<p>As lumin\u00e1rias de embutir no teto da s\u00e9rie eLLB 20 s\u00e3o equipadas com reatores eletr\u00f4nicos EVG 09 e s\u00e3o adequadas para l\u00e2mpadas fluorescentes de dois pinos.<\/p>\n<h5>Recursos<\/h5>\n<ul>\n<li>Balastro de canal duplo padr\u00e3o com monitoramento EOL<\/li>\n<li>Instala\u00e7\u00e3o de descarga, especialmente para salas limpas<\/li>\n<li>Dispon\u00edvel em chapa de a\u00e7o pintada ou a\u00e7o inoxid\u00e1vel<\/li>\n<li>Intertravamento de seguran\u00e7a devido ao seccionador autom\u00e1tico integrado<\/li>\n<li>Adequado para tetos resistentes ao fogo B15<\/li>\n<li>Alto grau de prote\u00e7\u00e3o IP66<\/li>\n<\/ul>\n<\/div>\n<\/div>\n<\/div>","protected":false},"excerpt":{"rendered":"<p>Descri\u00e7\u00e3o As lumin\u00e1rias de embutir no teto da s\u00e9rie eLLB 20 s\u00e3o equipadas com reatores eletr\u00f4nicos EVG 09 e s\u00e3o adequadas para l\u00e2mpadas fluorescentes de dois pinos. Recursos Balastro de canal duplo padr\u00e3o com monitoramento EOL Instala\u00e7\u00e3o de descarga, especialmente para salas limpas Dispon\u00edvel em chapa de a\u00e7o pintada ou a\u00e7o inoxid\u00e1vel Intertravamento de seguran\u00e7a devido ao seccionador autom\u00e1tico integrado Adequado para tetos resistentes ao fogo B15 Alto grau de prote\u00e7\u00e3o IP66<\/p>","protected":false},"featured_media":3654,"comment_status":"open","ping_status":"closed","template":"","meta":{"_joinchat":[]},"product_brand":[],"product_cat":[135],"product_tag":[],"marca":[84],"class_list":{"0":"post-3653","1":"product","2":"type-product","3":"status-publish","4":"has-post-thumbnail","6":"product_cat-iluminacao","7":"marca-eaton","9":"first","10":"instock","11":"shipping-taxable","12":"purchasable","13":"product-type-simple"},"yoast_head":"<!-- This site is optimized with the Yoast SEO plugin v27.2 - https:\/\/yoast.com\/product\/yoast-seo-wordpress\/ -->\n<title>CEAG eLLB luz de teto embutida - Full Solutions<\/title>\n<meta name=\"robots\" content=\"index, follow, max-snippet:-1, max-image-preview:large, max-video-preview:-1\" \/>\n<link rel=\"canonical\" href=\"https:\/\/fullsolutions.info\/en\/product\/ceag-ellb-luz-de-teto-embutida\/\" \/>\n<meta property=\"og:locale\" content=\"en_US\" \/>\n<meta property=\"og:type\" content=\"article\" \/>\n<meta property=\"og:title\" content=\"CEAG eLLB luz de teto embutida - Full Solutions\" \/>\n<meta property=\"og:description\" content=\"Descri\u00e7\u00e3o As lumin\u00e1rias de embutir no teto da s\u00e9rie eLLB 20 s\u00e3o equipadas com reatores eletr\u00f4nicos EVG 09 e s\u00e3o adequadas para l\u00e2mpadas fluorescentes de dois pinos. Recursos Balastro de canal duplo padr\u00e3o com monitoramento EOL Instala\u00e7\u00e3o de descarga, especialmente para salas limpas Dispon\u00edvel em chapa de a\u00e7o pintada ou a\u00e7o inoxid\u00e1vel Intertravamento de seguran\u00e7a devido ao seccionador autom\u00e1tico integrado Adequado para tetos resistentes ao fogo B15 Alto grau de prote\u00e7\u00e3o IP66\" \/>\n<meta property=\"og:url\" content=\"https:\/\/fullsolutions.info\/en\/product\/ceag-ellb-luz-de-teto-embutida\/\" \/>\n<meta property=\"og:site_name\" content=\"Full Solutions\" \/>\n<meta property=\"article:modified_time\" content=\"2024-02-19T16:16:23+00:00\" \/>\n<meta property=\"og:image\" content=\"https:\/\/mlhff0prgoxu.i.optimole.com\/cb:s0sM.767\/w:auto\/h:auto\/q:mauto\/f:best\/https:\/\/fullsolutions.info\/wp-content\/uploads\/2023\/11\/59-min.png\" \/>\n\t<meta property=\"og:image:width\" content=\"560\" \/>\n\t<meta property=\"og:image:height\" content=\"315\" \/>\n\t<meta property=\"og:image:type\" content=\"image\/png\" \/>\n<meta name=\"twitter:card\" content=\"summary_large_image\" \/>\n<script type=\"application\/ld+json\" class=\"yoast-schema-graph\">{\"@context\":\"https:\/\/schema.org\",\"@graph\":[{\"@type\":\"WebPage\",\"@id\":\"https:\/\/fullsolutions.info\/produto\/ceag-ellb-luz-de-teto-embutida\/\",\"url\":\"https:\/\/fullsolutions.info\/produto\/ceag-ellb-luz-de-teto-embutida\/\",\"name\":\"CEAG eLLB luz de teto embutida - Full Solutions\",\"isPartOf\":{\"@id\":\"https:\/\/fullsolutions.info\/#website\"},\"primaryImageOfPage\":{\"@id\":\"https:\/\/fullsolutions.info\/produto\/ceag-ellb-luz-de-teto-embutida\/#primaryimage\"},\"image\":{\"@id\":\"https:\/\/fullsolutions.info\/produto\/ceag-ellb-luz-de-teto-embutida\/#primaryimage\"},\"thumbnailUrl\":\"https:\/\/mlhff0prgoxu.i.optimole.com\/cb:s0sM.767\/w:auto\/h:auto\/q:mauto\/f:best\/https:\/\/fullsolutions.info\/wp-content\/uploads\/2023\/11\/59-min.png\",\"datePublished\":\"2023-11-01T12:23:32+00:00\",\"dateModified\":\"2024-02-19T16:16:23+00:00\",\"breadcrumb\":{\"@id\":\"https:\/\/fullsolutions.info\/produto\/ceag-ellb-luz-de-teto-embutida\/#breadcrumb\"},\"inLanguage\":\"en-US\",\"potentialAction\":[{\"@type\":\"ReadAction\",\"target\":[\"https:\/\/fullsolutions.info\/produto\/ceag-ellb-luz-de-teto-embutida\/\"]}]},{\"@type\":\"ImageObject\",\"inLanguage\":\"en-US\",\"@id\":\"https:\/\/fullsolutions.info\/produto\/ceag-ellb-luz-de-teto-embutida\/#primaryimage\",\"url\":\"https:\/\/mlhff0prgoxu.i.optimole.com\/cb:s0sM.767\/w:auto\/h:auto\/q:mauto\/f:best\/https:\/\/fullsolutions.info\/wp-content\/uploads\/2023\/11\/59-min.png\",\"contentUrl\":\"https:\/\/mlhff0prgoxu.i.optimole.com\/cb:s0sM.767\/w:auto\/h:auto\/q:mauto\/f:best\/https:\/\/fullsolutions.info\/wp-content\/uploads\/2023\/11\/59-min.png\",\"width\":560,\"height\":315},{\"@type\":\"BreadcrumbList\",\"@id\":\"https:\/\/fullsolutions.info\/produto\/ceag-ellb-luz-de-teto-embutida\/#breadcrumb\",\"itemListElement\":[{\"@type\":\"ListItem\",\"position\":1,\"name\":\"In\u00edcio\",\"item\":\"https:\/\/fullsolutions.info\/\"},{\"@type\":\"ListItem\",\"position\":2,\"name\":\"Produtos\",\"item\":\"https:\/\/fullsolutions.info\/shop\/\"},{\"@type\":\"ListItem\",\"position\":3,\"name\":\"CEAG eLLB luz de teto embutida\"}]},{\"@type\":\"WebSite\",\"@id\":\"https:\/\/fullsolutions.info\/#website\",\"url\":\"https:\/\/fullsolutions.info\/\",\"name\":\"Full Solutions\",\"description\":\"Empresa na \u00c1rea de Procurement\",\"publisher\":{\"@id\":\"https:\/\/fullsolutions.info\/#organization\"},\"potentialAction\":[{\"@type\":\"SearchAction\",\"target\":{\"@type\":\"EntryPoint\",\"urlTemplate\":\"https:\/\/fullsolutions.info\/?s={search_term_string}\"},\"query-input\":{\"@type\":\"PropertyValueSpecification\",\"valueRequired\":true,\"valueName\":\"search_term_string\"}}],\"inLanguage\":\"en-US\"},{\"@type\":\"Organization\",\"@id\":\"https:\/\/fullsolutions.info\/#organization\",\"name\":\"Full Solutions\",\"url\":\"https:\/\/fullsolutions.info\/\",\"logo\":{\"@type\":\"ImageObject\",\"inLanguage\":\"en-US\",\"@id\":\"https:\/\/fullsolutions.info\/#\/schema\/logo\/image\/\",\"url\":\"https:\/\/mlhff0prgoxu.i.optimole.com\/cb:s0sM.767\/w:auto\/h:auto\/q:mauto\/f:best\/https:\/\/fullsolutions.info\/wp-content\/uploads\/2021\/07\/cropped-Design-sem-nome-300x193-1-e1627062664782.png\",\"contentUrl\":\"https:\/\/mlhff0prgoxu.i.optimole.com\/cb:s0sM.767\/w:auto\/h:auto\/q:mauto\/f:best\/https:\/\/fullsolutions.info\/wp-content\/uploads\/2021\/07\/cropped-Design-sem-nome-300x193-1-e1627062664782.png\",\"width\":202,\"height\":155,\"caption\":\"Full Solutions\"},\"image\":{\"@id\":\"https:\/\/fullsolutions.info\/#\/schema\/logo\/image\/\"},\"sameAs\":[\"https:\/\/www.linkedin.com\/company\/full-solutions-equipment\"]}]}<\/script>\n<!-- \/ Yoast SEO plugin. -->","yoast_head_json":{"title":"CEAG eLLB luz de teto embutida - Full Solutions","robots":{"index":"index","follow":"follow","max-snippet":"max-snippet:-1","max-image-preview":"max-image-preview:large","max-video-preview":"max-video-preview:-1"},"canonical":"https:\/\/fullsolutions.info\/en\/product\/ceag-ellb-luz-de-teto-embutida\/","og_locale":"en_US","og_type":"article","og_title":"CEAG eLLB luz de teto embutida - Full Solutions","og_description":"Descri\u00e7\u00e3o As lumin\u00e1rias de embutir no teto da s\u00e9rie eLLB 20 s\u00e3o equipadas com reatores eletr\u00f4nicos EVG 09 e s\u00e3o adequadas para l\u00e2mpadas fluorescentes de dois pinos. Recursos Balastro de canal duplo padr\u00e3o com monitoramento EOL Instala\u00e7\u00e3o de descarga, especialmente para salas limpas Dispon\u00edvel em chapa de a\u00e7o pintada ou a\u00e7o inoxid\u00e1vel Intertravamento de seguran\u00e7a devido ao seccionador autom\u00e1tico integrado Adequado para tetos resistentes ao fogo B15 Alto grau de prote\u00e7\u00e3o IP66","og_url":"https:\/\/fullsolutions.info\/en\/product\/ceag-ellb-luz-de-teto-embutida\/","og_site_name":"Full Solutions","article_modified_time":"2024-02-19T16:16:23+00:00","og_image":[{"width":560,"height":315,"url":"https:\/\/mlhff0prgoxu.i.optimole.com\/cb:s0sM.767\/w:auto\/h:auto\/q:mauto\/f:best\/https:\/\/fullsolutions.info\/wp-content\/uploads\/2023\/11\/59-min.png","type":"image\/png"}],"twitter_card":"summary_large_image","schema":{"@context":"https:\/\/schema.org","@graph":[{"@type":"WebPage","@id":"https:\/\/fullsolutions.info\/produto\/ceag-ellb-luz-de-teto-embutida\/","url":"https:\/\/fullsolutions.info\/produto\/ceag-ellb-luz-de-teto-embutida\/","name":"CEAG eLLB luz de teto embutida - Full Solutions","isPartOf":{"@id":"https:\/\/fullsolutions.info\/#website"},"primaryImageOfPage":{"@id":"https:\/\/fullsolutions.info\/produto\/ceag-ellb-luz-de-teto-embutida\/#primaryimage"},"image":{"@id":"https:\/\/fullsolutions.info\/produto\/ceag-ellb-luz-de-teto-embutida\/#primaryimage"},"thumbnailUrl":"https:\/\/mlhff0prgoxu.i.optimole.com\/cb:s0sM.767\/w:auto\/h:auto\/q:mauto\/f:best\/https:\/\/fullsolutions.info\/wp-content\/uploads\/2023\/11\/59-min.png","datePublished":"2023-11-01T12:23:32+00:00","dateModified":"2024-02-19T16:16:23+00:00","breadcrumb":{"@id":"https:\/\/fullsolutions.info\/produto\/ceag-ellb-luz-de-teto-embutida\/#breadcrumb"},"inLanguage":"en-US","potentialAction":[{"@type":"ReadAction","target":["https:\/\/fullsolutions.info\/produto\/ceag-ellb-luz-de-teto-embutida\/"]}]},{"@type":"ImageObject","inLanguage":"en-US","@id":"https:\/\/fullsolutions.info\/produto\/ceag-ellb-luz-de-teto-embutida\/#primaryimage","url":"https:\/\/mlhff0prgoxu.i.optimole.com\/cb:s0sM.767\/w:auto\/h:auto\/q:mauto\/f:best\/https:\/\/fullsolutions.info\/wp-content\/uploads\/2023\/11\/59-min.png","contentUrl":"https:\/\/mlhff0prgoxu.i.optimole.com\/cb:s0sM.767\/w:auto\/h:auto\/q:mauto\/f:best\/https:\/\/fullsolutions.info\/wp-content\/uploads\/2023\/11\/59-min.png","width":560,"height":315},{"@type":"BreadcrumbList","@id":"https:\/\/fullsolutions.info\/produto\/ceag-ellb-luz-de-teto-embutida\/#breadcrumb","itemListElement":[{"@type":"ListItem","position":1,"name":"In\u00edcio","item":"https:\/\/fullsolutions.info\/"},{"@type":"ListItem","position":2,"name":"Produtos","item":"https:\/\/fullsolutions.info\/shop\/"},{"@type":"ListItem","position":3,"name":"CEAG eLLB luz de teto embutida"}]},{"@type":"WebSite","@id":"https:\/\/fullsolutions.info\/#website","url":"https:\/\/fullsolutions.info\/","name":"Full Solutions","description":"Empresa na \u00c1rea de Procurement","publisher":{"@id":"https:\/\/fullsolutions.info\/#organization"},"potentialAction":[{"@type":"SearchAction","target":{"@type":"EntryPoint","urlTemplate":"https:\/\/fullsolutions.info\/?s={search_term_string}"},"query-input":{"@type":"PropertyValueSpecification","valueRequired":true,"valueName":"search_term_string"}}],"inLanguage":"en-US"},{"@type":"Organization","@id":"https:\/\/fullsolutions.info\/#organization","name":"Full Solutions","url":"https:\/\/fullsolutions.info\/","logo":{"@type":"ImageObject","inLanguage":"en-US","@id":"https:\/\/fullsolutions.info\/#\/schema\/logo\/image\/","url":"https:\/\/mlhff0prgoxu.i.optimole.com\/cb:s0sM.767\/w:auto\/h:auto\/q:mauto\/f:best\/https:\/\/fullsolutions.info\/wp-content\/uploads\/2021\/07\/cropped-Design-sem-nome-300x193-1-e1627062664782.png","contentUrl":"https:\/\/mlhff0prgoxu.i.optimole.com\/cb:s0sM.767\/w:auto\/h:auto\/q:mauto\/f:best\/https:\/\/fullsolutions.info\/wp-content\/uploads\/2021\/07\/cropped-Design-sem-nome-300x193-1-e1627062664782.png","width":202,"height":155,"caption":"Full Solutions"},"image":{"@id":"https:\/\/fullsolutions.info\/#\/schema\/logo\/image\/"},"sameAs":["https:\/\/www.linkedin.com\/company\/full-solutions-equipment"]}]}},"_links":{"self":[{"href":"https:\/\/fullsolutions.info\/en\/wp-json\/wp\/v2\/product\/3653","targetHints":{"allow":["GET"]}}],"collection":[{"href":"https:\/\/fullsolutions.info\/en\/wp-json\/wp\/v2\/product"}],"about":[{"href":"https:\/\/fullsolutions.info\/en\/wp-json\/wp\/v2\/types\/product"}],"replies":[{"embeddable":true,"href":"https:\/\/fullsolutions.info\/en\/wp-json\/wp\/v2\/comments?post=3653"}],"wp:featuredmedia":[{"embeddable":true,"href":"https:\/\/fullsolutions.info\/en\/wp-json\/wp\/v2\/media\/3654"}],"wp:attachment":[{"href":"https:\/\/fullsolutions.info\/en\/wp-json\/wp\/v2\/media?parent=3653"}],"wp:term":[{"taxonomy":"product_brand","embeddable":true,"href":"https:\/\/fullsolutions.info\/en\/wp-json\/wp\/v2\/product_brand?post=3653"},{"taxonomy":"product_cat","embeddable":true,"href":"https:\/\/fullsolutions.info\/en\/wp-json\/wp\/v2\/product_cat?post=3653"},{"taxonomy":"product_tag","embeddable":true,"href":"https:\/\/fullsolutions.info\/en\/wp-json\/wp\/v2\/product_tag?post=3653"},{"taxonomy":"marca","embeddable":true,"href":"https:\/\/fullsolutions.info\/en\/wp-json\/wp\/v2\/marca?post=3653"}],"curies":[{"name":"wp","href":"https:\/\/api.w.org\/{rel}","templated":true}]}}