{"id":3649,"date":"2023-11-01T12:21:57","date_gmt":"2023-11-01T12:21:57","guid":{"rendered":"https:\/\/fullsolutionsequip.com\/?post_type=product&#038;p=3649"},"modified":"2024-02-19T16:16:23","modified_gmt":"2024-02-19T16:16:23","slug":"ceag-nllk-15-led-600-1200-1500","status":"publish","type":"product","link":"https:\/\/fullsolutions.info\/en\/product\/ceag-nllk-15-led-600-1200-1500\/","title":{"rendered":"CEAG nLLK 15 LED 600\/1200\/1500"},"content":{"rendered":"<div class=\"elementor-element elementor-element-b17befe elementor-widget elementor-widget-heading\" data-id=\"b17befe\" data-element_type=\"widget\" data-widget_type=\"heading.default\">\n<div class=\"elementor-widget-container\">\n<p class=\"elementor-heading-title elementor-size-default\"><strong>Descri\u00e7\u00e3o<\/strong><\/p>\n<\/div>\n<\/div>\n<div class=\"elementor-element elementor-element-2dbd9d0 elementor-widget elementor-widget-text-editor\" data-id=\"2dbd9d0\" data-element_type=\"widget\" data-widget_type=\"text-editor.default\">\n<div class=\"elementor-widget-container\">\n<div class=\"elementor-text-editor elementor-clearfix\">\n<p>Combina a mais recente engenharia de ilumina\u00e7\u00e3o com os requisitos de ambientes agressivos e perigosos.<\/p>\n<p>As lumin\u00e1rias com prote\u00e7\u00e3o contra explos\u00e3o s\u00e3o aprovadas para uso em \u00e1reas com g\u00e1s e poeira Ex, atendendo aos requisitos da diretiva ATEX 2014\/34 \/ UE.<\/p>\n<p>Eles s\u00e3o projetados e testados de acordo com os padr\u00f5es mais recentes para equipamentos Ex para uso em \u00e1reas Ex de g\u00e1s Zona 2 e Zona 22 de \u00e1reas Ex de poeira.<\/p>\n<p><strong>Recursos<\/strong><\/p>\n<ul>\n<li>Driver substitu\u00edvel e fonte de luz<\/li>\n<li>Vers\u00e3o de bateria independente dispon\u00edvel<\/li>\n<li>Conex\u00e3o aos sistemas de monitoramento de luz de emerg\u00eancia CEAG\u00a0dispon\u00edveis (V-CG-S)<\/li>\n<li>Controle de luz via interface DALI como op\u00e7\u00e3o (DALI)<\/li>\n<li>Instala\u00e7\u00e3o econ\u00f4mica devido \u00e0 fia\u00e7\u00e3o unilateral<\/li>\n<li>F\u00e1cil manuten\u00e7\u00e3o por trava de seguran\u00e7a de dupla face<\/li>\n<li>Alta produ\u00e7\u00e3o de l\u00famen<\/li>\n<li>Alto grau de prote\u00e7\u00e3o IP 66<\/li>\n<li>Dispon\u00edvel com interruptor de seguran\u00e7a a pedido<\/li>\n<\/ul>\n<\/div>\n<\/div>\n<\/div>","protected":false},"excerpt":{"rendered":"<p>Descri\u00e7\u00e3o Combina a mais recente engenharia de ilumina\u00e7\u00e3o com os requisitos de ambientes agressivos e perigosos. As lumin\u00e1rias com prote\u00e7\u00e3o contra explos\u00e3o s\u00e3o aprovadas para uso em \u00e1reas com g\u00e1s e poeira Ex, atendendo aos requisitos da diretiva ATEX 2014\/34 \/ UE. Eles s\u00e3o projetados e testados de acordo com os padr\u00f5es mais recentes para equipamentos Ex para uso em \u00e1reas Ex de g\u00e1s Zona 2 e Zona 22 de \u00e1reas Ex de poeira. Recursos Driver substitu\u00edvel e fonte de luz Vers\u00e3o de bateria independente dispon\u00edvel Conex\u00e3o aos sistemas de monitoramento de luz de emerg\u00eancia CEAG\u00a0dispon\u00edveis (V-CG-S) Controle de luz via interface DALI como op\u00e7\u00e3o (DALI) Instala\u00e7\u00e3o econ\u00f4mica devido \u00e0 fia\u00e7\u00e3o unilateral F\u00e1cil manuten\u00e7\u00e3o por trava de seguran\u00e7a de dupla face Alta produ\u00e7\u00e3o de l\u00famen Alto grau de prote\u00e7\u00e3o IP 66 Dispon\u00edvel com interruptor de seguran\u00e7a a pedido<\/p>","protected":false},"featured_media":3650,"comment_status":"open","ping_status":"closed","template":"","meta":{"_joinchat":[]},"product_brand":[],"product_cat":[135],"product_tag":[],"marca":[84],"class_list":{"0":"post-3649","1":"product","2":"type-product","3":"status-publish","4":"has-post-thumbnail","6":"product_cat-iluminacao","7":"marca-eaton","9":"first","10":"instock","11":"shipping-taxable","12":"purchasable","13":"product-type-simple"},"yoast_head":"<!-- This site is optimized with the Yoast SEO plugin v27.2 - https:\/\/yoast.com\/product\/yoast-seo-wordpress\/ -->\n<title>CEAG nLLK 15 LED 600\/1200\/1500 - Full Solutions<\/title>\n<meta name=\"robots\" content=\"index, follow, max-snippet:-1, max-image-preview:large, max-video-preview:-1\" \/>\n<link rel=\"canonical\" href=\"https:\/\/fullsolutions.info\/en\/product\/ceag-nllk-15-led-600-1200-1500\/\" \/>\n<meta property=\"og:locale\" content=\"en_US\" \/>\n<meta property=\"og:type\" content=\"article\" \/>\n<meta property=\"og:title\" content=\"CEAG nLLK 15 LED 600\/1200\/1500 - Full Solutions\" \/>\n<meta property=\"og:description\" content=\"Descri\u00e7\u00e3o Combina a mais recente engenharia de ilumina\u00e7\u00e3o com os requisitos de ambientes agressivos e perigosos. As lumin\u00e1rias com prote\u00e7\u00e3o contra explos\u00e3o s\u00e3o aprovadas para uso em \u00e1reas com g\u00e1s e poeira Ex, atendendo aos requisitos da diretiva ATEX 2014\/34 \/ UE. Eles s\u00e3o projetados e testados de acordo com os padr\u00f5es mais recentes para equipamentos Ex para uso em \u00e1reas Ex de g\u00e1s Zona 2 e Zona 22 de \u00e1reas Ex de poeira. Recursos Driver substitu\u00edvel e fonte de luz Vers\u00e3o de bateria independente dispon\u00edvel Conex\u00e3o aos sistemas de monitoramento de luz de emerg\u00eancia CEAG\u00a0dispon\u00edveis (V-CG-S) Controle de luz via interface DALI como op\u00e7\u00e3o (DALI) Instala\u00e7\u00e3o econ\u00f4mica devido \u00e0 fia\u00e7\u00e3o unilateral F\u00e1cil manuten\u00e7\u00e3o por trava de seguran\u00e7a de dupla face Alta produ\u00e7\u00e3o de l\u00famen Alto grau de prote\u00e7\u00e3o IP 66 Dispon\u00edvel com interruptor de seguran\u00e7a a pedido\" \/>\n<meta property=\"og:url\" content=\"https:\/\/fullsolutions.info\/en\/product\/ceag-nllk-15-led-600-1200-1500\/\" \/>\n<meta property=\"og:site_name\" content=\"Full Solutions\" \/>\n<meta property=\"article:modified_time\" content=\"2024-02-19T16:16:23+00:00\" \/>\n<meta property=\"og:image\" content=\"https:\/\/mlhff0prgoxu.i.optimole.com\/cb:s0sM.767\/w:auto\/h:auto\/q:mauto\/f:best\/https:\/\/fullsolutions.info\/wp-content\/uploads\/2023\/11\/57-min.png\" \/>\n\t<meta property=\"og:image:width\" content=\"560\" \/>\n\t<meta property=\"og:image:height\" content=\"315\" \/>\n\t<meta property=\"og:image:type\" content=\"image\/png\" \/>\n<meta name=\"twitter:card\" content=\"summary_large_image\" \/>\n<meta name=\"twitter:label1\" content=\"Est. reading time\" \/>\n\t<meta name=\"twitter:data1\" content=\"1 minute\" \/>\n<script type=\"application\/ld+json\" class=\"yoast-schema-graph\">{\"@context\":\"https:\/\/schema.org\",\"@graph\":[{\"@type\":\"WebPage\",\"@id\":\"https:\/\/fullsolutions.info\/produto\/ceag-nllk-15-led-600-1200-1500\/\",\"url\":\"https:\/\/fullsolutions.info\/produto\/ceag-nllk-15-led-600-1200-1500\/\",\"name\":\"CEAG nLLK 15 LED 600\/1200\/1500 - Full Solutions\",\"isPartOf\":{\"@id\":\"https:\/\/fullsolutions.info\/#website\"},\"primaryImageOfPage\":{\"@id\":\"https:\/\/fullsolutions.info\/produto\/ceag-nllk-15-led-600-1200-1500\/#primaryimage\"},\"image\":{\"@id\":\"https:\/\/fullsolutions.info\/produto\/ceag-nllk-15-led-600-1200-1500\/#primaryimage\"},\"thumbnailUrl\":\"https:\/\/mlhff0prgoxu.i.optimole.com\/cb:s0sM.767\/w:auto\/h:auto\/q:mauto\/f:best\/https:\/\/fullsolutions.info\/wp-content\/uploads\/2023\/11\/57-min.png\",\"datePublished\":\"2023-11-01T12:21:57+00:00\",\"dateModified\":\"2024-02-19T16:16:23+00:00\",\"breadcrumb\":{\"@id\":\"https:\/\/fullsolutions.info\/produto\/ceag-nllk-15-led-600-1200-1500\/#breadcrumb\"},\"inLanguage\":\"en-US\",\"potentialAction\":[{\"@type\":\"ReadAction\",\"target\":[\"https:\/\/fullsolutions.info\/produto\/ceag-nllk-15-led-600-1200-1500\/\"]}]},{\"@type\":\"ImageObject\",\"inLanguage\":\"en-US\",\"@id\":\"https:\/\/fullsolutions.info\/produto\/ceag-nllk-15-led-600-1200-1500\/#primaryimage\",\"url\":\"https:\/\/mlhff0prgoxu.i.optimole.com\/cb:s0sM.767\/w:auto\/h:auto\/q:mauto\/f:best\/https:\/\/fullsolutions.info\/wp-content\/uploads\/2023\/11\/57-min.png\",\"contentUrl\":\"https:\/\/mlhff0prgoxu.i.optimole.com\/cb:s0sM.767\/w:auto\/h:auto\/q:mauto\/f:best\/https:\/\/fullsolutions.info\/wp-content\/uploads\/2023\/11\/57-min.png\",\"width\":560,\"height\":315},{\"@type\":\"BreadcrumbList\",\"@id\":\"https:\/\/fullsolutions.info\/produto\/ceag-nllk-15-led-600-1200-1500\/#breadcrumb\",\"itemListElement\":[{\"@type\":\"ListItem\",\"position\":1,\"name\":\"In\u00edcio\",\"item\":\"https:\/\/fullsolutions.info\/\"},{\"@type\":\"ListItem\",\"position\":2,\"name\":\"Produtos\",\"item\":\"https:\/\/fullsolutions.info\/shop\/\"},{\"@type\":\"ListItem\",\"position\":3,\"name\":\"CEAG nLLK 15 LED 600\/1200\/1500\"}]},{\"@type\":\"WebSite\",\"@id\":\"https:\/\/fullsolutions.info\/#website\",\"url\":\"https:\/\/fullsolutions.info\/\",\"name\":\"Full Solutions\",\"description\":\"Empresa na \u00c1rea de Procurement\",\"publisher\":{\"@id\":\"https:\/\/fullsolutions.info\/#organization\"},\"potentialAction\":[{\"@type\":\"SearchAction\",\"target\":{\"@type\":\"EntryPoint\",\"urlTemplate\":\"https:\/\/fullsolutions.info\/?s={search_term_string}\"},\"query-input\":{\"@type\":\"PropertyValueSpecification\",\"valueRequired\":true,\"valueName\":\"search_term_string\"}}],\"inLanguage\":\"en-US\"},{\"@type\":\"Organization\",\"@id\":\"https:\/\/fullsolutions.info\/#organization\",\"name\":\"Full Solutions\",\"url\":\"https:\/\/fullsolutions.info\/\",\"logo\":{\"@type\":\"ImageObject\",\"inLanguage\":\"en-US\",\"@id\":\"https:\/\/fullsolutions.info\/#\/schema\/logo\/image\/\",\"url\":\"https:\/\/mlhff0prgoxu.i.optimole.com\/cb:s0sM.767\/w:auto\/h:auto\/q:mauto\/f:best\/https:\/\/fullsolutions.info\/wp-content\/uploads\/2021\/07\/cropped-Design-sem-nome-300x193-1-e1627062664782.png\",\"contentUrl\":\"https:\/\/mlhff0prgoxu.i.optimole.com\/cb:s0sM.767\/w:auto\/h:auto\/q:mauto\/f:best\/https:\/\/fullsolutions.info\/wp-content\/uploads\/2021\/07\/cropped-Design-sem-nome-300x193-1-e1627062664782.png\",\"width\":202,\"height\":155,\"caption\":\"Full Solutions\"},\"image\":{\"@id\":\"https:\/\/fullsolutions.info\/#\/schema\/logo\/image\/\"},\"sameAs\":[\"https:\/\/www.linkedin.com\/company\/full-solutions-equipment\"]}]}<\/script>\n<!-- \/ Yoast SEO plugin. -->","yoast_head_json":{"title":"CEAG nLLK 15 LED 600\/1200\/1500 - Full Solutions","robots":{"index":"index","follow":"follow","max-snippet":"max-snippet:-1","max-image-preview":"max-image-preview:large","max-video-preview":"max-video-preview:-1"},"canonical":"https:\/\/fullsolutions.info\/en\/product\/ceag-nllk-15-led-600-1200-1500\/","og_locale":"en_US","og_type":"article","og_title":"CEAG nLLK 15 LED 600\/1200\/1500 - Full Solutions","og_description":"Descri\u00e7\u00e3o Combina a mais recente engenharia de ilumina\u00e7\u00e3o com os requisitos de ambientes agressivos e perigosos. As lumin\u00e1rias com prote\u00e7\u00e3o contra explos\u00e3o s\u00e3o aprovadas para uso em \u00e1reas com g\u00e1s e poeira Ex, atendendo aos requisitos da diretiva ATEX 2014\/34 \/ UE. Eles s\u00e3o projetados e testados de acordo com os padr\u00f5es mais recentes para equipamentos Ex para uso em \u00e1reas Ex de g\u00e1s Zona 2 e Zona 22 de \u00e1reas Ex de poeira. Recursos Driver substitu\u00edvel e fonte de luz Vers\u00e3o de bateria independente dispon\u00edvel Conex\u00e3o aos sistemas de monitoramento de luz de emerg\u00eancia CEAG\u00a0dispon\u00edveis (V-CG-S) Controle de luz via interface DALI como op\u00e7\u00e3o (DALI) Instala\u00e7\u00e3o econ\u00f4mica devido \u00e0 fia\u00e7\u00e3o unilateral F\u00e1cil manuten\u00e7\u00e3o por trava de seguran\u00e7a de dupla face Alta produ\u00e7\u00e3o de l\u00famen Alto grau de prote\u00e7\u00e3o IP 66 Dispon\u00edvel com interruptor de seguran\u00e7a a pedido","og_url":"https:\/\/fullsolutions.info\/en\/product\/ceag-nllk-15-led-600-1200-1500\/","og_site_name":"Full Solutions","article_modified_time":"2024-02-19T16:16:23+00:00","og_image":[{"width":560,"height":315,"url":"https:\/\/mlhff0prgoxu.i.optimole.com\/cb:s0sM.767\/w:auto\/h:auto\/q:mauto\/f:best\/https:\/\/fullsolutions.info\/wp-content\/uploads\/2023\/11\/57-min.png","type":"image\/png"}],"twitter_card":"summary_large_image","twitter_misc":{"Est. reading time":"1 minute"},"schema":{"@context":"https:\/\/schema.org","@graph":[{"@type":"WebPage","@id":"https:\/\/fullsolutions.info\/produto\/ceag-nllk-15-led-600-1200-1500\/","url":"https:\/\/fullsolutions.info\/produto\/ceag-nllk-15-led-600-1200-1500\/","name":"CEAG nLLK 15 LED 600\/1200\/1500 - Full Solutions","isPartOf":{"@id":"https:\/\/fullsolutions.info\/#website"},"primaryImageOfPage":{"@id":"https:\/\/fullsolutions.info\/produto\/ceag-nllk-15-led-600-1200-1500\/#primaryimage"},"image":{"@id":"https:\/\/fullsolutions.info\/produto\/ceag-nllk-15-led-600-1200-1500\/#primaryimage"},"thumbnailUrl":"https:\/\/mlhff0prgoxu.i.optimole.com\/cb:s0sM.767\/w:auto\/h:auto\/q:mauto\/f:best\/https:\/\/fullsolutions.info\/wp-content\/uploads\/2023\/11\/57-min.png","datePublished":"2023-11-01T12:21:57+00:00","dateModified":"2024-02-19T16:16:23+00:00","breadcrumb":{"@id":"https:\/\/fullsolutions.info\/produto\/ceag-nllk-15-led-600-1200-1500\/#breadcrumb"},"inLanguage":"en-US","potentialAction":[{"@type":"ReadAction","target":["https:\/\/fullsolutions.info\/produto\/ceag-nllk-15-led-600-1200-1500\/"]}]},{"@type":"ImageObject","inLanguage":"en-US","@id":"https:\/\/fullsolutions.info\/produto\/ceag-nllk-15-led-600-1200-1500\/#primaryimage","url":"https:\/\/mlhff0prgoxu.i.optimole.com\/cb:s0sM.767\/w:auto\/h:auto\/q:mauto\/f:best\/https:\/\/fullsolutions.info\/wp-content\/uploads\/2023\/11\/57-min.png","contentUrl":"https:\/\/mlhff0prgoxu.i.optimole.com\/cb:s0sM.767\/w:auto\/h:auto\/q:mauto\/f:best\/https:\/\/fullsolutions.info\/wp-content\/uploads\/2023\/11\/57-min.png","width":560,"height":315},{"@type":"BreadcrumbList","@id":"https:\/\/fullsolutions.info\/produto\/ceag-nllk-15-led-600-1200-1500\/#breadcrumb","itemListElement":[{"@type":"ListItem","position":1,"name":"In\u00edcio","item":"https:\/\/fullsolutions.info\/"},{"@type":"ListItem","position":2,"name":"Produtos","item":"https:\/\/fullsolutions.info\/shop\/"},{"@type":"ListItem","position":3,"name":"CEAG nLLK 15 LED 600\/1200\/1500"}]},{"@type":"WebSite","@id":"https:\/\/fullsolutions.info\/#website","url":"https:\/\/fullsolutions.info\/","name":"Full Solutions","description":"Empresa na \u00c1rea de Procurement","publisher":{"@id":"https:\/\/fullsolutions.info\/#organization"},"potentialAction":[{"@type":"SearchAction","target":{"@type":"EntryPoint","urlTemplate":"https:\/\/fullsolutions.info\/?s={search_term_string}"},"query-input":{"@type":"PropertyValueSpecification","valueRequired":true,"valueName":"search_term_string"}}],"inLanguage":"en-US"},{"@type":"Organization","@id":"https:\/\/fullsolutions.info\/#organization","name":"Full Solutions","url":"https:\/\/fullsolutions.info\/","logo":{"@type":"ImageObject","inLanguage":"en-US","@id":"https:\/\/fullsolutions.info\/#\/schema\/logo\/image\/","url":"https:\/\/mlhff0prgoxu.i.optimole.com\/cb:s0sM.767\/w:auto\/h:auto\/q:mauto\/f:best\/https:\/\/fullsolutions.info\/wp-content\/uploads\/2021\/07\/cropped-Design-sem-nome-300x193-1-e1627062664782.png","contentUrl":"https:\/\/mlhff0prgoxu.i.optimole.com\/cb:s0sM.767\/w:auto\/h:auto\/q:mauto\/f:best\/https:\/\/fullsolutions.info\/wp-content\/uploads\/2021\/07\/cropped-Design-sem-nome-300x193-1-e1627062664782.png","width":202,"height":155,"caption":"Full Solutions"},"image":{"@id":"https:\/\/fullsolutions.info\/#\/schema\/logo\/image\/"},"sameAs":["https:\/\/www.linkedin.com\/company\/full-solutions-equipment"]}]}},"_links":{"self":[{"href":"https:\/\/fullsolutions.info\/en\/wp-json\/wp\/v2\/product\/3649","targetHints":{"allow":["GET"]}}],"collection":[{"href":"https:\/\/fullsolutions.info\/en\/wp-json\/wp\/v2\/product"}],"about":[{"href":"https:\/\/fullsolutions.info\/en\/wp-json\/wp\/v2\/types\/product"}],"replies":[{"embeddable":true,"href":"https:\/\/fullsolutions.info\/en\/wp-json\/wp\/v2\/comments?post=3649"}],"wp:featuredmedia":[{"embeddable":true,"href":"https:\/\/fullsolutions.info\/en\/wp-json\/wp\/v2\/media\/3650"}],"wp:attachment":[{"href":"https:\/\/fullsolutions.info\/en\/wp-json\/wp\/v2\/media?parent=3649"}],"wp:term":[{"taxonomy":"product_brand","embeddable":true,"href":"https:\/\/fullsolutions.info\/en\/wp-json\/wp\/v2\/product_brand?post=3649"},{"taxonomy":"product_cat","embeddable":true,"href":"https:\/\/fullsolutions.info\/en\/wp-json\/wp\/v2\/product_cat?post=3649"},{"taxonomy":"product_tag","embeddable":true,"href":"https:\/\/fullsolutions.info\/en\/wp-json\/wp\/v2\/product_tag?post=3649"},{"taxonomy":"marca","embeddable":true,"href":"https:\/\/fullsolutions.info\/en\/wp-json\/wp\/v2\/marca?post=3649"}],"curies":[{"name":"wp","href":"https:\/\/api.w.org\/{rel}","templated":true}]}}