{"id":3647,"date":"2023-11-01T12:21:06","date_gmt":"2023-11-01T12:21:06","guid":{"rendered":"https:\/\/fullsolutionsequip.com\/?post_type=product&#038;p=3647"},"modified":"2024-02-19T16:16:23","modified_gmt":"2024-02-19T16:16:23","slug":"ceag-ellk-m-92-led-400a-800a-padrao-e-emergencia","status":"publish","type":"product","link":"https:\/\/fullsolutions.info\/en\/product\/ceag-ellk-m-92-led-400a-800a-padrao-e-emergencia\/","title":{"rendered":"CEAG eLLK \/ M 92 LED 400A \/ 800A Padr\u00e3o e Emerg\u00eancia"},"content":{"rendered":"<div class=\"elementor-element elementor-element-b17befe elementor-widget elementor-widget-heading\" data-id=\"b17befe\" data-element_type=\"widget\" data-widget_type=\"heading.default\">\n<div class=\"elementor-widget-container\">\n<p class=\"elementor-heading-title elementor-size-default\"><strong>Descri\u00e7\u00e3o<\/strong><\/p>\n<\/div>\n<\/div>\n<div class=\"elementor-element elementor-element-2dbd9d0 elementor-widget elementor-widget-text-editor\" data-id=\"2dbd9d0\" data-element_type=\"widget\" data-widget_type=\"text-editor.default\">\n<div class=\"elementor-widget-container\">\n<div class=\"elementor-text-editor elementor-clearfix\">\n<p>Combina a mais recente tecnologia de LED com a prote\u00e7\u00e3o de uma solu\u00e7\u00e3o de inv\u00f3lucro confi\u00e1vel.\u00a0Como resultado, esta s\u00e9rie de acess\u00f3rios de ilumina\u00e7\u00e3o \u00e9 a solu\u00e7\u00e3o ideal para tarefas de ilumina\u00e7\u00e3o em ambientes agressivos e perigosos.<\/p>\n<p><strong>Recursos<\/strong><\/p>\n<ul>\n<li>&gt; 20% de economia de energia em compara\u00e7\u00e3o com lumin\u00e1rias fluorescentes semelhantes<\/li>\n<li>Design especial de LED com distribui\u00e7\u00e3o direta de luz<\/li>\n<li>Tecnologia comprovada.\u00a0O EVG 09 tem sido usado como driver por mais de 20 anos<\/li>\n<li>V\u00e1rias temperaturas de cor da luz dispon\u00edveis \u2013 4000 K \/ 5700 K<\/li>\n<li>Chips de LED selecionados com binning perfeito, baixa perda de energia e longa vida<\/li>\n<li>Tecnologia Ex-e para f\u00e1cil manuten\u00e7\u00e3o<\/li>\n<li>Para temperaturas ambientes de -25 \u00b0 C a +55 \u00b0 C<\/li>\n<\/ul>\n<\/div>\n<\/div>\n<\/div>","protected":false},"excerpt":{"rendered":"<p>Descri\u00e7\u00e3o Combina a mais recente tecnologia de LED com a prote\u00e7\u00e3o de uma solu\u00e7\u00e3o de inv\u00f3lucro confi\u00e1vel.\u00a0Como resultado, esta s\u00e9rie de acess\u00f3rios de ilumina\u00e7\u00e3o \u00e9 a solu\u00e7\u00e3o ideal para tarefas de ilumina\u00e7\u00e3o em ambientes agressivos e perigosos. Recursos &gt; 20% de economia de energia em compara\u00e7\u00e3o com lumin\u00e1rias fluorescentes semelhantes Design especial de LED com distribui\u00e7\u00e3o direta de luz Tecnologia comprovada.\u00a0O EVG 09 tem sido usado como driver por mais de 20 anos V\u00e1rias temperaturas de cor da luz dispon\u00edveis \u2013 4000 K \/ 5700 K Chips de LED selecionados com binning perfeito, baixa perda de energia e longa vida Tecnologia Ex-e para f\u00e1cil manuten\u00e7\u00e3o Para temperaturas ambientes de -25 \u00b0 C a +55 \u00b0 C<\/p>","protected":false},"featured_media":3648,"comment_status":"open","ping_status":"closed","template":"","meta":{"_joinchat":[]},"product_brand":[],"product_cat":[135],"product_tag":[],"marca":[84],"class_list":{"0":"post-3647","1":"product","2":"type-product","3":"status-publish","4":"has-post-thumbnail","6":"product_cat-iluminacao","7":"marca-eaton","9":"first","10":"instock","11":"shipping-taxable","12":"purchasable","13":"product-type-simple"},"yoast_head":"<!-- This site is optimized with the Yoast SEO plugin v27.2 - https:\/\/yoast.com\/product\/yoast-seo-wordpress\/ -->\n<title>CEAG eLLK \/ M 92 LED 400A \/ 800A Padr\u00e3o e Emerg\u00eancia - Full Solutions<\/title>\n<meta name=\"robots\" content=\"index, follow, max-snippet:-1, max-image-preview:large, max-video-preview:-1\" \/>\n<link rel=\"canonical\" href=\"https:\/\/fullsolutions.info\/en\/product\/ceag-ellk-m-92-led-400a-800a-padrao-e-emergencia\/\" \/>\n<meta property=\"og:locale\" content=\"en_US\" \/>\n<meta property=\"og:type\" content=\"article\" \/>\n<meta property=\"og:title\" content=\"CEAG eLLK \/ M 92 LED 400A \/ 800A Padr\u00e3o e Emerg\u00eancia - Full Solutions\" \/>\n<meta property=\"og:description\" content=\"Descri\u00e7\u00e3o Combina a mais recente tecnologia de LED com a prote\u00e7\u00e3o de uma solu\u00e7\u00e3o de inv\u00f3lucro confi\u00e1vel.\u00a0Como resultado, esta s\u00e9rie de acess\u00f3rios de ilumina\u00e7\u00e3o \u00e9 a solu\u00e7\u00e3o ideal para tarefas de ilumina\u00e7\u00e3o em ambientes agressivos e perigosos. Recursos &gt; 20% de economia de energia em compara\u00e7\u00e3o com lumin\u00e1rias fluorescentes semelhantes Design especial de LED com distribui\u00e7\u00e3o direta de luz Tecnologia comprovada.\u00a0O EVG 09 tem sido usado como driver por mais de 20 anos V\u00e1rias temperaturas de cor da luz dispon\u00edveis \u2013 4000 K \/ 5700 K Chips de LED selecionados com binning perfeito, baixa perda de energia e longa vida Tecnologia Ex-e para f\u00e1cil manuten\u00e7\u00e3o Para temperaturas ambientes de -25 \u00b0 C a +55 \u00b0 C\" \/>\n<meta property=\"og:url\" content=\"https:\/\/fullsolutions.info\/en\/product\/ceag-ellk-m-92-led-400a-800a-padrao-e-emergencia\/\" \/>\n<meta property=\"og:site_name\" content=\"Full Solutions\" \/>\n<meta property=\"article:modified_time\" content=\"2024-02-19T16:16:23+00:00\" \/>\n<meta property=\"og:image\" content=\"https:\/\/mlhff0prgoxu.i.optimole.com\/cb:s0sM.767\/w:auto\/h:auto\/q:mauto\/f:best\/https:\/\/fullsolutions.info\/wp-content\/uploads\/2023\/11\/56-min.png\" \/>\n\t<meta property=\"og:image:width\" content=\"560\" \/>\n\t<meta property=\"og:image:height\" content=\"315\" \/>\n\t<meta property=\"og:image:type\" content=\"image\/png\" \/>\n<meta name=\"twitter:card\" content=\"summary_large_image\" \/>\n<meta name=\"twitter:label1\" content=\"Est. reading time\" \/>\n\t<meta name=\"twitter:data1\" content=\"1 minute\" \/>\n<script type=\"application\/ld+json\" class=\"yoast-schema-graph\">{\"@context\":\"https:\/\/schema.org\",\"@graph\":[{\"@type\":\"WebPage\",\"@id\":\"https:\/\/fullsolutions.info\/produto\/ceag-ellk-m-92-led-400a-800a-padrao-e-emergencia\/\",\"url\":\"https:\/\/fullsolutions.info\/produto\/ceag-ellk-m-92-led-400a-800a-padrao-e-emergencia\/\",\"name\":\"CEAG eLLK \/ M 92 LED 400A \/ 800A Padr\u00e3o e Emerg\u00eancia - Full Solutions\",\"isPartOf\":{\"@id\":\"https:\/\/fullsolutions.info\/#website\"},\"primaryImageOfPage\":{\"@id\":\"https:\/\/fullsolutions.info\/produto\/ceag-ellk-m-92-led-400a-800a-padrao-e-emergencia\/#primaryimage\"},\"image\":{\"@id\":\"https:\/\/fullsolutions.info\/produto\/ceag-ellk-m-92-led-400a-800a-padrao-e-emergencia\/#primaryimage\"},\"thumbnailUrl\":\"https:\/\/mlhff0prgoxu.i.optimole.com\/cb:s0sM.767\/w:auto\/h:auto\/q:mauto\/f:best\/https:\/\/fullsolutions.info\/wp-content\/uploads\/2023\/11\/56-min.png\",\"datePublished\":\"2023-11-01T12:21:06+00:00\",\"dateModified\":\"2024-02-19T16:16:23+00:00\",\"breadcrumb\":{\"@id\":\"https:\/\/fullsolutions.info\/produto\/ceag-ellk-m-92-led-400a-800a-padrao-e-emergencia\/#breadcrumb\"},\"inLanguage\":\"en-US\",\"potentialAction\":[{\"@type\":\"ReadAction\",\"target\":[\"https:\/\/fullsolutions.info\/produto\/ceag-ellk-m-92-led-400a-800a-padrao-e-emergencia\/\"]}]},{\"@type\":\"ImageObject\",\"inLanguage\":\"en-US\",\"@id\":\"https:\/\/fullsolutions.info\/produto\/ceag-ellk-m-92-led-400a-800a-padrao-e-emergencia\/#primaryimage\",\"url\":\"https:\/\/mlhff0prgoxu.i.optimole.com\/cb:s0sM.767\/w:auto\/h:auto\/q:mauto\/f:best\/https:\/\/fullsolutions.info\/wp-content\/uploads\/2023\/11\/56-min.png\",\"contentUrl\":\"https:\/\/mlhff0prgoxu.i.optimole.com\/cb:s0sM.767\/w:auto\/h:auto\/q:mauto\/f:best\/https:\/\/fullsolutions.info\/wp-content\/uploads\/2023\/11\/56-min.png\",\"width\":560,\"height\":315},{\"@type\":\"BreadcrumbList\",\"@id\":\"https:\/\/fullsolutions.info\/produto\/ceag-ellk-m-92-led-400a-800a-padrao-e-emergencia\/#breadcrumb\",\"itemListElement\":[{\"@type\":\"ListItem\",\"position\":1,\"name\":\"In\u00edcio\",\"item\":\"https:\/\/fullsolutions.info\/\"},{\"@type\":\"ListItem\",\"position\":2,\"name\":\"Produtos\",\"item\":\"https:\/\/fullsolutions.info\/shop\/\"},{\"@type\":\"ListItem\",\"position\":3,\"name\":\"CEAG eLLK \/ M 92 LED 400A \/ 800A Padr\u00e3o e Emerg\u00eancia\"}]},{\"@type\":\"WebSite\",\"@id\":\"https:\/\/fullsolutions.info\/#website\",\"url\":\"https:\/\/fullsolutions.info\/\",\"name\":\"Full Solutions\",\"description\":\"Empresa na \u00c1rea de Procurement\",\"publisher\":{\"@id\":\"https:\/\/fullsolutions.info\/#organization\"},\"potentialAction\":[{\"@type\":\"SearchAction\",\"target\":{\"@type\":\"EntryPoint\",\"urlTemplate\":\"https:\/\/fullsolutions.info\/?s={search_term_string}\"},\"query-input\":{\"@type\":\"PropertyValueSpecification\",\"valueRequired\":true,\"valueName\":\"search_term_string\"}}],\"inLanguage\":\"en-US\"},{\"@type\":\"Organization\",\"@id\":\"https:\/\/fullsolutions.info\/#organization\",\"name\":\"Full Solutions\",\"url\":\"https:\/\/fullsolutions.info\/\",\"logo\":{\"@type\":\"ImageObject\",\"inLanguage\":\"en-US\",\"@id\":\"https:\/\/fullsolutions.info\/#\/schema\/logo\/image\/\",\"url\":\"https:\/\/mlhff0prgoxu.i.optimole.com\/cb:s0sM.767\/w:auto\/h:auto\/q:mauto\/f:best\/https:\/\/fullsolutions.info\/wp-content\/uploads\/2021\/07\/cropped-Design-sem-nome-300x193-1-e1627062664782.png\",\"contentUrl\":\"https:\/\/mlhff0prgoxu.i.optimole.com\/cb:s0sM.767\/w:auto\/h:auto\/q:mauto\/f:best\/https:\/\/fullsolutions.info\/wp-content\/uploads\/2021\/07\/cropped-Design-sem-nome-300x193-1-e1627062664782.png\",\"width\":202,\"height\":155,\"caption\":\"Full Solutions\"},\"image\":{\"@id\":\"https:\/\/fullsolutions.info\/#\/schema\/logo\/image\/\"},\"sameAs\":[\"https:\/\/www.linkedin.com\/company\/full-solutions-equipment\"]}]}<\/script>\n<!-- \/ Yoast SEO plugin. -->","yoast_head_json":{"title":"CEAG eLLK \/ M 92 LED 400A \/ 800A Padr\u00e3o e Emerg\u00eancia - Full Solutions","robots":{"index":"index","follow":"follow","max-snippet":"max-snippet:-1","max-image-preview":"max-image-preview:large","max-video-preview":"max-video-preview:-1"},"canonical":"https:\/\/fullsolutions.info\/en\/product\/ceag-ellk-m-92-led-400a-800a-padrao-e-emergencia\/","og_locale":"en_US","og_type":"article","og_title":"CEAG eLLK \/ M 92 LED 400A \/ 800A Padr\u00e3o e Emerg\u00eancia - Full Solutions","og_description":"Descri\u00e7\u00e3o Combina a mais recente tecnologia de LED com a prote\u00e7\u00e3o de uma solu\u00e7\u00e3o de inv\u00f3lucro confi\u00e1vel.\u00a0Como resultado, esta s\u00e9rie de acess\u00f3rios de ilumina\u00e7\u00e3o \u00e9 a solu\u00e7\u00e3o ideal para tarefas de ilumina\u00e7\u00e3o em ambientes agressivos e perigosos. Recursos &gt; 20% de economia de energia em compara\u00e7\u00e3o com lumin\u00e1rias fluorescentes semelhantes Design especial de LED com distribui\u00e7\u00e3o direta de luz Tecnologia comprovada.\u00a0O EVG 09 tem sido usado como driver por mais de 20 anos V\u00e1rias temperaturas de cor da luz dispon\u00edveis \u2013 4000 K \/ 5700 K Chips de LED selecionados com binning perfeito, baixa perda de energia e longa vida Tecnologia Ex-e para f\u00e1cil manuten\u00e7\u00e3o Para temperaturas ambientes de -25 \u00b0 C a +55 \u00b0 C","og_url":"https:\/\/fullsolutions.info\/en\/product\/ceag-ellk-m-92-led-400a-800a-padrao-e-emergencia\/","og_site_name":"Full Solutions","article_modified_time":"2024-02-19T16:16:23+00:00","og_image":[{"width":560,"height":315,"url":"https:\/\/mlhff0prgoxu.i.optimole.com\/cb:s0sM.767\/w:auto\/h:auto\/q:mauto\/f:best\/https:\/\/fullsolutions.info\/wp-content\/uploads\/2023\/11\/56-min.png","type":"image\/png"}],"twitter_card":"summary_large_image","twitter_misc":{"Est. reading time":"1 minute"},"schema":{"@context":"https:\/\/schema.org","@graph":[{"@type":"WebPage","@id":"https:\/\/fullsolutions.info\/produto\/ceag-ellk-m-92-led-400a-800a-padrao-e-emergencia\/","url":"https:\/\/fullsolutions.info\/produto\/ceag-ellk-m-92-led-400a-800a-padrao-e-emergencia\/","name":"CEAG eLLK \/ M 92 LED 400A \/ 800A Padr\u00e3o e Emerg\u00eancia - Full Solutions","isPartOf":{"@id":"https:\/\/fullsolutions.info\/#website"},"primaryImageOfPage":{"@id":"https:\/\/fullsolutions.info\/produto\/ceag-ellk-m-92-led-400a-800a-padrao-e-emergencia\/#primaryimage"},"image":{"@id":"https:\/\/fullsolutions.info\/produto\/ceag-ellk-m-92-led-400a-800a-padrao-e-emergencia\/#primaryimage"},"thumbnailUrl":"https:\/\/mlhff0prgoxu.i.optimole.com\/cb:s0sM.767\/w:auto\/h:auto\/q:mauto\/f:best\/https:\/\/fullsolutions.info\/wp-content\/uploads\/2023\/11\/56-min.png","datePublished":"2023-11-01T12:21:06+00:00","dateModified":"2024-02-19T16:16:23+00:00","breadcrumb":{"@id":"https:\/\/fullsolutions.info\/produto\/ceag-ellk-m-92-led-400a-800a-padrao-e-emergencia\/#breadcrumb"},"inLanguage":"en-US","potentialAction":[{"@type":"ReadAction","target":["https:\/\/fullsolutions.info\/produto\/ceag-ellk-m-92-led-400a-800a-padrao-e-emergencia\/"]}]},{"@type":"ImageObject","inLanguage":"en-US","@id":"https:\/\/fullsolutions.info\/produto\/ceag-ellk-m-92-led-400a-800a-padrao-e-emergencia\/#primaryimage","url":"https:\/\/mlhff0prgoxu.i.optimole.com\/cb:s0sM.767\/w:auto\/h:auto\/q:mauto\/f:best\/https:\/\/fullsolutions.info\/wp-content\/uploads\/2023\/11\/56-min.png","contentUrl":"https:\/\/mlhff0prgoxu.i.optimole.com\/cb:s0sM.767\/w:auto\/h:auto\/q:mauto\/f:best\/https:\/\/fullsolutions.info\/wp-content\/uploads\/2023\/11\/56-min.png","width":560,"height":315},{"@type":"BreadcrumbList","@id":"https:\/\/fullsolutions.info\/produto\/ceag-ellk-m-92-led-400a-800a-padrao-e-emergencia\/#breadcrumb","itemListElement":[{"@type":"ListItem","position":1,"name":"In\u00edcio","item":"https:\/\/fullsolutions.info\/"},{"@type":"ListItem","position":2,"name":"Produtos","item":"https:\/\/fullsolutions.info\/shop\/"},{"@type":"ListItem","position":3,"name":"CEAG eLLK \/ M 92 LED 400A \/ 800A Padr\u00e3o e Emerg\u00eancia"}]},{"@type":"WebSite","@id":"https:\/\/fullsolutions.info\/#website","url":"https:\/\/fullsolutions.info\/","name":"Full Solutions","description":"Empresa na \u00c1rea de Procurement","publisher":{"@id":"https:\/\/fullsolutions.info\/#organization"},"potentialAction":[{"@type":"SearchAction","target":{"@type":"EntryPoint","urlTemplate":"https:\/\/fullsolutions.info\/?s={search_term_string}"},"query-input":{"@type":"PropertyValueSpecification","valueRequired":true,"valueName":"search_term_string"}}],"inLanguage":"en-US"},{"@type":"Organization","@id":"https:\/\/fullsolutions.info\/#organization","name":"Full Solutions","url":"https:\/\/fullsolutions.info\/","logo":{"@type":"ImageObject","inLanguage":"en-US","@id":"https:\/\/fullsolutions.info\/#\/schema\/logo\/image\/","url":"https:\/\/mlhff0prgoxu.i.optimole.com\/cb:s0sM.767\/w:auto\/h:auto\/q:mauto\/f:best\/https:\/\/fullsolutions.info\/wp-content\/uploads\/2021\/07\/cropped-Design-sem-nome-300x193-1-e1627062664782.png","contentUrl":"https:\/\/mlhff0prgoxu.i.optimole.com\/cb:s0sM.767\/w:auto\/h:auto\/q:mauto\/f:best\/https:\/\/fullsolutions.info\/wp-content\/uploads\/2021\/07\/cropped-Design-sem-nome-300x193-1-e1627062664782.png","width":202,"height":155,"caption":"Full Solutions"},"image":{"@id":"https:\/\/fullsolutions.info\/#\/schema\/logo\/image\/"},"sameAs":["https:\/\/www.linkedin.com\/company\/full-solutions-equipment"]}]}},"_links":{"self":[{"href":"https:\/\/fullsolutions.info\/en\/wp-json\/wp\/v2\/product\/3647","targetHints":{"allow":["GET"]}}],"collection":[{"href":"https:\/\/fullsolutions.info\/en\/wp-json\/wp\/v2\/product"}],"about":[{"href":"https:\/\/fullsolutions.info\/en\/wp-json\/wp\/v2\/types\/product"}],"replies":[{"embeddable":true,"href":"https:\/\/fullsolutions.info\/en\/wp-json\/wp\/v2\/comments?post=3647"}],"wp:featuredmedia":[{"embeddable":true,"href":"https:\/\/fullsolutions.info\/en\/wp-json\/wp\/v2\/media\/3648"}],"wp:attachment":[{"href":"https:\/\/fullsolutions.info\/en\/wp-json\/wp\/v2\/media?parent=3647"}],"wp:term":[{"taxonomy":"product_brand","embeddable":true,"href":"https:\/\/fullsolutions.info\/en\/wp-json\/wp\/v2\/product_brand?post=3647"},{"taxonomy":"product_cat","embeddable":true,"href":"https:\/\/fullsolutions.info\/en\/wp-json\/wp\/v2\/product_cat?post=3647"},{"taxonomy":"product_tag","embeddable":true,"href":"https:\/\/fullsolutions.info\/en\/wp-json\/wp\/v2\/product_tag?post=3647"},{"taxonomy":"marca","embeddable":true,"href":"https:\/\/fullsolutions.info\/en\/wp-json\/wp\/v2\/marca?post=3647"}],"curies":[{"name":"wp","href":"https:\/\/api.w.org\/{rel}","templated":true}]}}