{"id":3643,"date":"2023-11-01T12:16:29","date_gmt":"2023-11-01T12:16:29","guid":{"rendered":"https:\/\/fullsolutionsequip.com\/?post_type=product&#038;p=3643"},"modified":"2024-02-19T16:16:24","modified_gmt":"2024-02-19T16:16:24","slug":"chalmit-protecta-iii-led-prge-padrao-e-emergencia","status":"publish","type":"product","link":"https:\/\/fullsolutions.info\/en\/product\/chalmit-protecta-iii-led-prge-padrao-e-emergencia\/","title":{"rendered":"Chalmit Protecta III LED (PRGE \u2013 Padr\u00e3o e Emerg\u00eancia)"},"content":{"rendered":"<div class=\"elementor-element elementor-element-b17befe elementor-widget elementor-widget-heading\" data-id=\"b17befe\" data-element_type=\"widget\" data-widget_type=\"heading.default\">\n<div class=\"elementor-widget-container\">\n<p class=\"elementor-heading-title elementor-size-default\"><strong>Descri\u00e7\u00e3o<\/strong><\/p>\n<\/div>\n<\/div>\n<div class=\"elementor-element elementor-element-2dbd9d0 elementor-widget elementor-widget-text-editor\" data-id=\"2dbd9d0\" data-element_type=\"widget\" data-widget_type=\"text-editor.default\">\n<div class=\"elementor-widget-container\">\n<div class=\"elementor-text-editor elementor-clearfix\">\n<div class=\"product-description\">O Protecta III LED Linear oferece \u00e0 ind\u00fastria desempenho e fotometria incompar\u00e1veis, trazendo todos os benef\u00edcios reconhecidos da linha Protecta; \u00a0excelente IP e recursos de baixa manuten\u00e7\u00e3o. Com tiras de LED e driver totalmente substitu\u00edveis, oferecemos um produto exclusivo com capacidade de manuten\u00e7\u00e3o eficaz de longo prazo.<\/div>\n<div class=\"product-features\">\n<ul>\n<li>Altamente eficiente em termos de energia.<\/li>\n<li>Bra\u00e7adeira de difusor de f\u00e1cil acesso de comprimento total.<\/li>\n<li>Terminais de alimenta\u00e7\u00e3o sem parafusos.<\/li>\n<li>\u00a0DTS-01 testado.<\/li>\n<\/ul>\n<p>Os recursos agregados das lumin\u00e1rias LED Protecta III encontram alta aplica\u00e7\u00e3o no campo da ind\u00fastria industrial e de \u00f3leo e g\u00e1s.\u00a0Clique no link \u2018Fale conosco\u2019 acima para entrar em contato conosco e discutir como a linha de lumin\u00e1rias LED Protecta III pode funcionar para voc\u00ea.<\/p>\n<\/div>\n<\/div>\n<\/div>\n<\/div>","protected":false},"excerpt":{"rendered":"<p>Descri\u00e7\u00e3o O Protecta III LED Linear oferece \u00e0 ind\u00fastria desempenho e fotometria incompar\u00e1veis, trazendo todos os benef\u00edcios reconhecidos da linha Protecta; \u00a0excelente IP e recursos de baixa manuten\u00e7\u00e3o. Com tiras de LED e driver totalmente substitu\u00edveis, oferecemos um produto exclusivo com capacidade de manuten\u00e7\u00e3o eficaz de longo prazo. Altamente eficiente em termos de energia. Bra\u00e7adeira de difusor de f\u00e1cil acesso de comprimento total. Terminais de alimenta\u00e7\u00e3o sem parafusos. \u00a0DTS-01 testado. Os recursos agregados das lumin\u00e1rias LED Protecta III encontram alta aplica\u00e7\u00e3o no campo da ind\u00fastria industrial e de \u00f3leo e g\u00e1s.\u00a0Clique no link \u2018Fale conosco\u2019 acima para entrar em contato conosco e discutir como a linha de lumin\u00e1rias LED Protecta III pode funcionar para voc\u00ea.<\/p>","protected":false},"featured_media":3644,"comment_status":"open","ping_status":"closed","template":"","meta":{"_joinchat":[]},"product_brand":[],"product_cat":[135],"product_tag":[],"marca":[83],"class_list":{"0":"post-3643","1":"product","2":"type-product","3":"status-publish","4":"has-post-thumbnail","6":"product_cat-iluminacao","7":"marca-chalmit","9":"first","10":"instock","11":"shipping-taxable","12":"purchasable","13":"product-type-simple"},"yoast_head":"<!-- This site is optimized with the Yoast SEO plugin v27.2 - https:\/\/yoast.com\/product\/yoast-seo-wordpress\/ -->\n<title>Chalmit Protecta III LED (PRGE \u2013 Padr\u00e3o e Emerg\u00eancia) - Full Solutions<\/title>\n<meta name=\"robots\" content=\"index, follow, max-snippet:-1, max-image-preview:large, max-video-preview:-1\" \/>\n<link rel=\"canonical\" href=\"https:\/\/fullsolutions.info\/en\/product\/chalmit-protecta-iii-led-prge-padrao-e-emergencia\/\" \/>\n<meta property=\"og:locale\" content=\"en_US\" \/>\n<meta property=\"og:type\" content=\"article\" \/>\n<meta property=\"og:title\" content=\"Chalmit Protecta III LED (PRGE \u2013 Padr\u00e3o e Emerg\u00eancia) - Full Solutions\" \/>\n<meta property=\"og:description\" content=\"Descri\u00e7\u00e3o O Protecta III LED Linear oferece \u00e0 ind\u00fastria desempenho e fotometria incompar\u00e1veis, trazendo todos os benef\u00edcios reconhecidos da linha Protecta; \u00a0excelente IP e recursos de baixa manuten\u00e7\u00e3o. Com tiras de LED e driver totalmente substitu\u00edveis, oferecemos um produto exclusivo com capacidade de manuten\u00e7\u00e3o eficaz de longo prazo. Altamente eficiente em termos de energia. Bra\u00e7adeira de difusor de f\u00e1cil acesso de comprimento total. Terminais de alimenta\u00e7\u00e3o sem parafusos. \u00a0DTS-01 testado. Os recursos agregados das lumin\u00e1rias LED Protecta III encontram alta aplica\u00e7\u00e3o no campo da ind\u00fastria industrial e de \u00f3leo e g\u00e1s.\u00a0Clique no link \u2018Fale conosco\u2019 acima para entrar em contato conosco e discutir como a linha de lumin\u00e1rias LED Protecta III pode funcionar para voc\u00ea.\" \/>\n<meta property=\"og:url\" content=\"https:\/\/fullsolutions.info\/en\/product\/chalmit-protecta-iii-led-prge-padrao-e-emergencia\/\" \/>\n<meta property=\"og:site_name\" content=\"Full Solutions\" \/>\n<meta property=\"article:modified_time\" content=\"2024-02-19T16:16:24+00:00\" \/>\n<meta property=\"og:image\" content=\"https:\/\/mlhff0prgoxu.i.optimole.com\/cb:s0sM.767\/w:auto\/h:auto\/q:mauto\/f:best\/https:\/\/fullsolutions.info\/wp-content\/uploads\/2023\/11\/54-min.png\" \/>\n\t<meta property=\"og:image:width\" content=\"560\" \/>\n\t<meta property=\"og:image:height\" content=\"315\" \/>\n\t<meta property=\"og:image:type\" content=\"image\/png\" \/>\n<meta name=\"twitter:card\" content=\"summary_large_image\" \/>\n<meta name=\"twitter:label1\" content=\"Est. reading time\" \/>\n\t<meta name=\"twitter:data1\" content=\"1 minute\" \/>\n<script type=\"application\/ld+json\" class=\"yoast-schema-graph\">{\"@context\":\"https:\/\/schema.org\",\"@graph\":[{\"@type\":\"WebPage\",\"@id\":\"https:\/\/fullsolutions.info\/produto\/chalmit-protecta-iii-led-prge-padrao-e-emergencia\/\",\"url\":\"https:\/\/fullsolutions.info\/produto\/chalmit-protecta-iii-led-prge-padrao-e-emergencia\/\",\"name\":\"Chalmit Protecta III LED (PRGE \u2013 Padr\u00e3o e Emerg\u00eancia) - Full Solutions\",\"isPartOf\":{\"@id\":\"https:\/\/fullsolutions.info\/#website\"},\"primaryImageOfPage\":{\"@id\":\"https:\/\/fullsolutions.info\/produto\/chalmit-protecta-iii-led-prge-padrao-e-emergencia\/#primaryimage\"},\"image\":{\"@id\":\"https:\/\/fullsolutions.info\/produto\/chalmit-protecta-iii-led-prge-padrao-e-emergencia\/#primaryimage\"},\"thumbnailUrl\":\"https:\/\/mlhff0prgoxu.i.optimole.com\/cb:s0sM.767\/w:auto\/h:auto\/q:mauto\/f:best\/https:\/\/fullsolutions.info\/wp-content\/uploads\/2023\/11\/54-min.png\",\"datePublished\":\"2023-11-01T12:16:29+00:00\",\"dateModified\":\"2024-02-19T16:16:24+00:00\",\"breadcrumb\":{\"@id\":\"https:\/\/fullsolutions.info\/produto\/chalmit-protecta-iii-led-prge-padrao-e-emergencia\/#breadcrumb\"},\"inLanguage\":\"en-US\",\"potentialAction\":[{\"@type\":\"ReadAction\",\"target\":[\"https:\/\/fullsolutions.info\/produto\/chalmit-protecta-iii-led-prge-padrao-e-emergencia\/\"]}]},{\"@type\":\"ImageObject\",\"inLanguage\":\"en-US\",\"@id\":\"https:\/\/fullsolutions.info\/produto\/chalmit-protecta-iii-led-prge-padrao-e-emergencia\/#primaryimage\",\"url\":\"https:\/\/mlhff0prgoxu.i.optimole.com\/cb:s0sM.767\/w:auto\/h:auto\/q:mauto\/f:best\/https:\/\/fullsolutions.info\/wp-content\/uploads\/2023\/11\/54-min.png\",\"contentUrl\":\"https:\/\/mlhff0prgoxu.i.optimole.com\/cb:s0sM.767\/w:auto\/h:auto\/q:mauto\/f:best\/https:\/\/fullsolutions.info\/wp-content\/uploads\/2023\/11\/54-min.png\",\"width\":560,\"height\":315},{\"@type\":\"BreadcrumbList\",\"@id\":\"https:\/\/fullsolutions.info\/produto\/chalmit-protecta-iii-led-prge-padrao-e-emergencia\/#breadcrumb\",\"itemListElement\":[{\"@type\":\"ListItem\",\"position\":1,\"name\":\"In\u00edcio\",\"item\":\"https:\/\/fullsolutions.info\/\"},{\"@type\":\"ListItem\",\"position\":2,\"name\":\"Produtos\",\"item\":\"https:\/\/fullsolutions.info\/shop\/\"},{\"@type\":\"ListItem\",\"position\":3,\"name\":\"Chalmit Protecta III LED (PRGE \u2013 Padr\u00e3o e Emerg\u00eancia)\"}]},{\"@type\":\"WebSite\",\"@id\":\"https:\/\/fullsolutions.info\/#website\",\"url\":\"https:\/\/fullsolutions.info\/\",\"name\":\"Full Solutions\",\"description\":\"Empresa na \u00c1rea de Procurement\",\"publisher\":{\"@id\":\"https:\/\/fullsolutions.info\/#organization\"},\"potentialAction\":[{\"@type\":\"SearchAction\",\"target\":{\"@type\":\"EntryPoint\",\"urlTemplate\":\"https:\/\/fullsolutions.info\/?s={search_term_string}\"},\"query-input\":{\"@type\":\"PropertyValueSpecification\",\"valueRequired\":true,\"valueName\":\"search_term_string\"}}],\"inLanguage\":\"en-US\"},{\"@type\":\"Organization\",\"@id\":\"https:\/\/fullsolutions.info\/#organization\",\"name\":\"Full Solutions\",\"url\":\"https:\/\/fullsolutions.info\/\",\"logo\":{\"@type\":\"ImageObject\",\"inLanguage\":\"en-US\",\"@id\":\"https:\/\/fullsolutions.info\/#\/schema\/logo\/image\/\",\"url\":\"https:\/\/mlhff0prgoxu.i.optimole.com\/cb:s0sM.767\/w:auto\/h:auto\/q:mauto\/f:best\/https:\/\/fullsolutions.info\/wp-content\/uploads\/2021\/07\/cropped-Design-sem-nome-300x193-1-e1627062664782.png\",\"contentUrl\":\"https:\/\/mlhff0prgoxu.i.optimole.com\/cb:s0sM.767\/w:auto\/h:auto\/q:mauto\/f:best\/https:\/\/fullsolutions.info\/wp-content\/uploads\/2021\/07\/cropped-Design-sem-nome-300x193-1-e1627062664782.png\",\"width\":202,\"height\":155,\"caption\":\"Full Solutions\"},\"image\":{\"@id\":\"https:\/\/fullsolutions.info\/#\/schema\/logo\/image\/\"},\"sameAs\":[\"https:\/\/www.linkedin.com\/company\/full-solutions-equipment\"]}]}<\/script>\n<!-- \/ Yoast SEO plugin. -->","yoast_head_json":{"title":"Chalmit Protecta III LED (PRGE \u2013 Padr\u00e3o e Emerg\u00eancia) - Full Solutions","robots":{"index":"index","follow":"follow","max-snippet":"max-snippet:-1","max-image-preview":"max-image-preview:large","max-video-preview":"max-video-preview:-1"},"canonical":"https:\/\/fullsolutions.info\/en\/product\/chalmit-protecta-iii-led-prge-padrao-e-emergencia\/","og_locale":"en_US","og_type":"article","og_title":"Chalmit Protecta III LED (PRGE \u2013 Padr\u00e3o e Emerg\u00eancia) - Full Solutions","og_description":"Descri\u00e7\u00e3o O Protecta III LED Linear oferece \u00e0 ind\u00fastria desempenho e fotometria incompar\u00e1veis, trazendo todos os benef\u00edcios reconhecidos da linha Protecta; \u00a0excelente IP e recursos de baixa manuten\u00e7\u00e3o. Com tiras de LED e driver totalmente substitu\u00edveis, oferecemos um produto exclusivo com capacidade de manuten\u00e7\u00e3o eficaz de longo prazo. Altamente eficiente em termos de energia. Bra\u00e7adeira de difusor de f\u00e1cil acesso de comprimento total. Terminais de alimenta\u00e7\u00e3o sem parafusos. \u00a0DTS-01 testado. Os recursos agregados das lumin\u00e1rias LED Protecta III encontram alta aplica\u00e7\u00e3o no campo da ind\u00fastria industrial e de \u00f3leo e g\u00e1s.\u00a0Clique no link \u2018Fale conosco\u2019 acima para entrar em contato conosco e discutir como a linha de lumin\u00e1rias LED Protecta III pode funcionar para voc\u00ea.","og_url":"https:\/\/fullsolutions.info\/en\/product\/chalmit-protecta-iii-led-prge-padrao-e-emergencia\/","og_site_name":"Full Solutions","article_modified_time":"2024-02-19T16:16:24+00:00","og_image":[{"width":560,"height":315,"url":"https:\/\/mlhff0prgoxu.i.optimole.com\/cb:s0sM.767\/w:auto\/h:auto\/q:mauto\/f:best\/https:\/\/fullsolutions.info\/wp-content\/uploads\/2023\/11\/54-min.png","type":"image\/png"}],"twitter_card":"summary_large_image","twitter_misc":{"Est. reading time":"1 minute"},"schema":{"@context":"https:\/\/schema.org","@graph":[{"@type":"WebPage","@id":"https:\/\/fullsolutions.info\/produto\/chalmit-protecta-iii-led-prge-padrao-e-emergencia\/","url":"https:\/\/fullsolutions.info\/produto\/chalmit-protecta-iii-led-prge-padrao-e-emergencia\/","name":"Chalmit Protecta III LED (PRGE \u2013 Padr\u00e3o e Emerg\u00eancia) - Full Solutions","isPartOf":{"@id":"https:\/\/fullsolutions.info\/#website"},"primaryImageOfPage":{"@id":"https:\/\/fullsolutions.info\/produto\/chalmit-protecta-iii-led-prge-padrao-e-emergencia\/#primaryimage"},"image":{"@id":"https:\/\/fullsolutions.info\/produto\/chalmit-protecta-iii-led-prge-padrao-e-emergencia\/#primaryimage"},"thumbnailUrl":"https:\/\/mlhff0prgoxu.i.optimole.com\/cb:s0sM.767\/w:auto\/h:auto\/q:mauto\/f:best\/https:\/\/fullsolutions.info\/wp-content\/uploads\/2023\/11\/54-min.png","datePublished":"2023-11-01T12:16:29+00:00","dateModified":"2024-02-19T16:16:24+00:00","breadcrumb":{"@id":"https:\/\/fullsolutions.info\/produto\/chalmit-protecta-iii-led-prge-padrao-e-emergencia\/#breadcrumb"},"inLanguage":"en-US","potentialAction":[{"@type":"ReadAction","target":["https:\/\/fullsolutions.info\/produto\/chalmit-protecta-iii-led-prge-padrao-e-emergencia\/"]}]},{"@type":"ImageObject","inLanguage":"en-US","@id":"https:\/\/fullsolutions.info\/produto\/chalmit-protecta-iii-led-prge-padrao-e-emergencia\/#primaryimage","url":"https:\/\/mlhff0prgoxu.i.optimole.com\/cb:s0sM.767\/w:auto\/h:auto\/q:mauto\/f:best\/https:\/\/fullsolutions.info\/wp-content\/uploads\/2023\/11\/54-min.png","contentUrl":"https:\/\/mlhff0prgoxu.i.optimole.com\/cb:s0sM.767\/w:auto\/h:auto\/q:mauto\/f:best\/https:\/\/fullsolutions.info\/wp-content\/uploads\/2023\/11\/54-min.png","width":560,"height":315},{"@type":"BreadcrumbList","@id":"https:\/\/fullsolutions.info\/produto\/chalmit-protecta-iii-led-prge-padrao-e-emergencia\/#breadcrumb","itemListElement":[{"@type":"ListItem","position":1,"name":"In\u00edcio","item":"https:\/\/fullsolutions.info\/"},{"@type":"ListItem","position":2,"name":"Produtos","item":"https:\/\/fullsolutions.info\/shop\/"},{"@type":"ListItem","position":3,"name":"Chalmit Protecta III LED (PRGE \u2013 Padr\u00e3o e Emerg\u00eancia)"}]},{"@type":"WebSite","@id":"https:\/\/fullsolutions.info\/#website","url":"https:\/\/fullsolutions.info\/","name":"Full Solutions","description":"Empresa na \u00c1rea de Procurement","publisher":{"@id":"https:\/\/fullsolutions.info\/#organization"},"potentialAction":[{"@type":"SearchAction","target":{"@type":"EntryPoint","urlTemplate":"https:\/\/fullsolutions.info\/?s={search_term_string}"},"query-input":{"@type":"PropertyValueSpecification","valueRequired":true,"valueName":"search_term_string"}}],"inLanguage":"en-US"},{"@type":"Organization","@id":"https:\/\/fullsolutions.info\/#organization","name":"Full Solutions","url":"https:\/\/fullsolutions.info\/","logo":{"@type":"ImageObject","inLanguage":"en-US","@id":"https:\/\/fullsolutions.info\/#\/schema\/logo\/image\/","url":"https:\/\/mlhff0prgoxu.i.optimole.com\/cb:s0sM.767\/w:auto\/h:auto\/q:mauto\/f:best\/https:\/\/fullsolutions.info\/wp-content\/uploads\/2021\/07\/cropped-Design-sem-nome-300x193-1-e1627062664782.png","contentUrl":"https:\/\/mlhff0prgoxu.i.optimole.com\/cb:s0sM.767\/w:auto\/h:auto\/q:mauto\/f:best\/https:\/\/fullsolutions.info\/wp-content\/uploads\/2021\/07\/cropped-Design-sem-nome-300x193-1-e1627062664782.png","width":202,"height":155,"caption":"Full Solutions"},"image":{"@id":"https:\/\/fullsolutions.info\/#\/schema\/logo\/image\/"},"sameAs":["https:\/\/www.linkedin.com\/company\/full-solutions-equipment"]}]}},"_links":{"self":[{"href":"https:\/\/fullsolutions.info\/en\/wp-json\/wp\/v2\/product\/3643","targetHints":{"allow":["GET"]}}],"collection":[{"href":"https:\/\/fullsolutions.info\/en\/wp-json\/wp\/v2\/product"}],"about":[{"href":"https:\/\/fullsolutions.info\/en\/wp-json\/wp\/v2\/types\/product"}],"replies":[{"embeddable":true,"href":"https:\/\/fullsolutions.info\/en\/wp-json\/wp\/v2\/comments?post=3643"}],"wp:featuredmedia":[{"embeddable":true,"href":"https:\/\/fullsolutions.info\/en\/wp-json\/wp\/v2\/media\/3644"}],"wp:attachment":[{"href":"https:\/\/fullsolutions.info\/en\/wp-json\/wp\/v2\/media?parent=3643"}],"wp:term":[{"taxonomy":"product_brand","embeddable":true,"href":"https:\/\/fullsolutions.info\/en\/wp-json\/wp\/v2\/product_brand?post=3643"},{"taxonomy":"product_cat","embeddable":true,"href":"https:\/\/fullsolutions.info\/en\/wp-json\/wp\/v2\/product_cat?post=3643"},{"taxonomy":"product_tag","embeddable":true,"href":"https:\/\/fullsolutions.info\/en\/wp-json\/wp\/v2\/product_tag?post=3643"},{"taxonomy":"marca","embeddable":true,"href":"https:\/\/fullsolutions.info\/en\/wp-json\/wp\/v2\/marca?post=3643"}],"curies":[{"name":"wp","href":"https:\/\/api.w.org\/{rel}","templated":true}]}}