{"id":3639,"date":"2023-10-31T20:05:29","date_gmt":"2023-10-31T20:05:29","guid":{"rendered":"https:\/\/fullsolutionsequip.com\/?post_type=product&#038;p=3639"},"modified":"2024-02-19T16:16:24","modified_gmt":"2024-02-19T16:16:24","slug":"luz-de-status-medc-sl5","status":"publish","type":"product","link":"https:\/\/fullsolutions.info\/en\/product\/luz-de-status-medc-sl5\/","title":{"rendered":"Luz de status MEDC SL5"},"content":{"rendered":"<div class=\"elementor-element elementor-element-b17befe elementor-widget elementor-widget-heading\" data-id=\"b17befe\" data-element_type=\"widget\" data-widget_type=\"heading.default\">\n<div class=\"elementor-widget-container\">\n<p class=\"elementor-heading-title elementor-size-default\"><strong>Descri\u00e7\u00e3o<\/strong><\/p>\n<\/div>\n<\/div>\n<div class=\"elementor-element elementor-element-2dbd9d0 elementor-widget elementor-widget-text-editor\" data-id=\"2dbd9d0\" data-element_type=\"widget\" data-widget_type=\"text-editor.default\">\n<div class=\"elementor-widget-container\">\n<div class=\"elementor-text-editor elementor-clearfix\">\n<p>Fabricadas em GRP, com alta prote\u00e7\u00e3o de ingresso e alta sa\u00edda de luz, essas l\u00e2mpadas de status foram projetadas para uso em atmosferas potencialmente explosivas e condi\u00e7\u00f5es ambientais adversas, como as encontradas offshore e onshore nas ind\u00fastrias petroqu\u00edmicas.<\/p>\n<p>Uma vers\u00e3o LED de longa dura\u00e7\u00e3o e alta intensidade est\u00e1 agora dispon\u00edvel.<\/p>\n<p><strong>Recursos<\/strong><\/p>\n<ul>\n<li>Uso da Zona 1 e Zona 2.<\/li>\n<li>Exe (m) II T3 \/ T4.<\/li>\n<li>Aprovado pela ATEX, Ex II 2G.<\/li>\n<li>Gb com certifica\u00e7\u00e3o IECEx.<\/li>\n<li>Certificado chin\u00eas (CQST).<\/li>\n<li>IP66 e IP67.<\/li>\n<li>Temperatura certificada: \u201340\u00baC a + 55\u00baC *.<\/li>\n<li>GRP resistente \u00e0 corros\u00e3o.<\/li>\n<li>At\u00e9 5 maneiras.<\/li>\n<li>Vers\u00f5es Xenon, LED e Filamento dispon\u00edveis.<\/li>\n<li>V\u00e1rias cores de l\u00e2mpadas.<\/li>\n<li>Leve.<\/li>\n<li>Parafusos da tampa de a\u00e7o inoxid\u00e1vel retidos.<br \/>\n* Dependente do modelo.<\/li>\n<\/ul>\n<\/div>\n<\/div>\n<\/div>","protected":false},"excerpt":{"rendered":"<p>Descri\u00e7\u00e3o Fabricadas em GRP, com alta prote\u00e7\u00e3o de ingresso e alta sa\u00edda de luz, essas l\u00e2mpadas de status foram projetadas para uso em atmosferas potencialmente explosivas e condi\u00e7\u00f5es ambientais adversas, como as encontradas offshore e onshore nas ind\u00fastrias petroqu\u00edmicas. Uma vers\u00e3o LED de longa dura\u00e7\u00e3o e alta intensidade est\u00e1 agora dispon\u00edvel. Recursos Uso da Zona 1 e Zona 2. Exe (m) II T3 \/ T4. Aprovado pela ATEX, Ex II 2G. Gb com certifica\u00e7\u00e3o IECEx. Certificado chin\u00eas (CQST). IP66 e IP67. Temperatura certificada: \u201340\u00baC a + 55\u00baC *. GRP resistente \u00e0 corros\u00e3o. At\u00e9 5 maneiras. Vers\u00f5es Xenon, LED e Filamento dispon\u00edveis. V\u00e1rias cores de l\u00e2mpadas. Leve. Parafusos da tampa de a\u00e7o inoxid\u00e1vel retidos. * Dependente do modelo.<\/p>","protected":false},"featured_media":3640,"comment_status":"open","ping_status":"closed","template":"","meta":{"_joinchat":[]},"product_brand":[],"product_cat":[131],"product_tag":[],"marca":[74],"class_list":{"0":"post-3639","1":"product","2":"type-product","3":"status-publish","4":"has-post-thumbnail","6":"product_cat-farois-luzes-estroboscopicas","7":"marca-medc","9":"first","10":"instock","11":"shipping-taxable","12":"purchasable","13":"product-type-simple"},"yoast_head":"<!-- This site is optimized with the Yoast SEO plugin v27.2 - https:\/\/yoast.com\/product\/yoast-seo-wordpress\/ -->\n<title>Luz de status MEDC SL5 - Full Solutions<\/title>\n<meta name=\"robots\" content=\"index, follow, max-snippet:-1, max-image-preview:large, max-video-preview:-1\" \/>\n<link rel=\"canonical\" href=\"https:\/\/fullsolutions.info\/en\/product\/luz-de-status-medc-sl5\/\" \/>\n<meta property=\"og:locale\" content=\"en_US\" \/>\n<meta property=\"og:type\" content=\"article\" \/>\n<meta property=\"og:title\" content=\"Luz de status MEDC SL5 - Full Solutions\" \/>\n<meta property=\"og:description\" content=\"Descri\u00e7\u00e3o Fabricadas em GRP, com alta prote\u00e7\u00e3o de ingresso e alta sa\u00edda de luz, essas l\u00e2mpadas de status foram projetadas para uso em atmosferas potencialmente explosivas e condi\u00e7\u00f5es ambientais adversas, como as encontradas offshore e onshore nas ind\u00fastrias petroqu\u00edmicas. Uma vers\u00e3o LED de longa dura\u00e7\u00e3o e alta intensidade est\u00e1 agora dispon\u00edvel. Recursos Uso da Zona 1 e Zona 2. Exe (m) II T3 \/ T4. Aprovado pela ATEX, Ex II 2G. Gb com certifica\u00e7\u00e3o IECEx. Certificado chin\u00eas (CQST). IP66 e IP67. Temperatura certificada: \u201340\u00baC a + 55\u00baC *. GRP resistente \u00e0 corros\u00e3o. At\u00e9 5 maneiras. Vers\u00f5es Xenon, LED e Filamento dispon\u00edveis. V\u00e1rias cores de l\u00e2mpadas. Leve. Parafusos da tampa de a\u00e7o inoxid\u00e1vel retidos. * Dependente do modelo.\" \/>\n<meta property=\"og:url\" content=\"https:\/\/fullsolutions.info\/en\/product\/luz-de-status-medc-sl5\/\" \/>\n<meta property=\"og:site_name\" content=\"Full Solutions\" \/>\n<meta property=\"article:modified_time\" content=\"2024-02-19T16:16:24+00:00\" \/>\n<meta property=\"og:image\" content=\"https:\/\/mlhff0prgoxu.i.optimole.com\/cb:s0sM.767\/w:auto\/h:auto\/q:mauto\/f:best\/https:\/\/fullsolutions.info\/wp-content\/uploads\/2023\/10\/32.png\" \/>\n\t<meta property=\"og:image:width\" content=\"560\" \/>\n\t<meta property=\"og:image:height\" content=\"315\" \/>\n\t<meta property=\"og:image:type\" content=\"image\/png\" \/>\n<meta name=\"twitter:card\" content=\"summary_large_image\" \/>\n<meta name=\"twitter:label1\" content=\"Est. reading time\" \/>\n\t<meta name=\"twitter:data1\" content=\"1 minute\" \/>\n<script type=\"application\/ld+json\" class=\"yoast-schema-graph\">{\"@context\":\"https:\/\/schema.org\",\"@graph\":[{\"@type\":\"WebPage\",\"@id\":\"https:\/\/fullsolutions.info\/produto\/luz-de-status-medc-sl5\/\",\"url\":\"https:\/\/fullsolutions.info\/produto\/luz-de-status-medc-sl5\/\",\"name\":\"Luz de status MEDC SL5 - Full Solutions\",\"isPartOf\":{\"@id\":\"https:\/\/fullsolutions.info\/#website\"},\"primaryImageOfPage\":{\"@id\":\"https:\/\/fullsolutions.info\/produto\/luz-de-status-medc-sl5\/#primaryimage\"},\"image\":{\"@id\":\"https:\/\/fullsolutions.info\/produto\/luz-de-status-medc-sl5\/#primaryimage\"},\"thumbnailUrl\":\"https:\/\/mlhff0prgoxu.i.optimole.com\/cb:s0sM.767\/w:auto\/h:auto\/q:mauto\/f:best\/https:\/\/fullsolutions.info\/wp-content\/uploads\/2023\/10\/32.png\",\"datePublished\":\"2023-10-31T20:05:29+00:00\",\"dateModified\":\"2024-02-19T16:16:24+00:00\",\"breadcrumb\":{\"@id\":\"https:\/\/fullsolutions.info\/produto\/luz-de-status-medc-sl5\/#breadcrumb\"},\"inLanguage\":\"en-US\",\"potentialAction\":[{\"@type\":\"ReadAction\",\"target\":[\"https:\/\/fullsolutions.info\/produto\/luz-de-status-medc-sl5\/\"]}]},{\"@type\":\"ImageObject\",\"inLanguage\":\"en-US\",\"@id\":\"https:\/\/fullsolutions.info\/produto\/luz-de-status-medc-sl5\/#primaryimage\",\"url\":\"https:\/\/mlhff0prgoxu.i.optimole.com\/cb:s0sM.767\/w:auto\/h:auto\/q:mauto\/f:best\/https:\/\/fullsolutions.info\/wp-content\/uploads\/2023\/10\/32.png\",\"contentUrl\":\"https:\/\/mlhff0prgoxu.i.optimole.com\/cb:s0sM.767\/w:auto\/h:auto\/q:mauto\/f:best\/https:\/\/fullsolutions.info\/wp-content\/uploads\/2023\/10\/32.png\",\"width\":560,\"height\":315},{\"@type\":\"BreadcrumbList\",\"@id\":\"https:\/\/fullsolutions.info\/produto\/luz-de-status-medc-sl5\/#breadcrumb\",\"itemListElement\":[{\"@type\":\"ListItem\",\"position\":1,\"name\":\"In\u00edcio\",\"item\":\"https:\/\/fullsolutions.info\/\"},{\"@type\":\"ListItem\",\"position\":2,\"name\":\"Produtos\",\"item\":\"https:\/\/fullsolutions.info\/shop\/\"},{\"@type\":\"ListItem\",\"position\":3,\"name\":\"Luz de status MEDC SL5\"}]},{\"@type\":\"WebSite\",\"@id\":\"https:\/\/fullsolutions.info\/#website\",\"url\":\"https:\/\/fullsolutions.info\/\",\"name\":\"Full Solutions\",\"description\":\"Empresa na \u00c1rea de Procurement\",\"publisher\":{\"@id\":\"https:\/\/fullsolutions.info\/#organization\"},\"potentialAction\":[{\"@type\":\"SearchAction\",\"target\":{\"@type\":\"EntryPoint\",\"urlTemplate\":\"https:\/\/fullsolutions.info\/?s={search_term_string}\"},\"query-input\":{\"@type\":\"PropertyValueSpecification\",\"valueRequired\":true,\"valueName\":\"search_term_string\"}}],\"inLanguage\":\"en-US\"},{\"@type\":\"Organization\",\"@id\":\"https:\/\/fullsolutions.info\/#organization\",\"name\":\"Full Solutions\",\"url\":\"https:\/\/fullsolutions.info\/\",\"logo\":{\"@type\":\"ImageObject\",\"inLanguage\":\"en-US\",\"@id\":\"https:\/\/fullsolutions.info\/#\/schema\/logo\/image\/\",\"url\":\"https:\/\/mlhff0prgoxu.i.optimole.com\/cb:s0sM.767\/w:auto\/h:auto\/q:mauto\/f:best\/https:\/\/fullsolutions.info\/wp-content\/uploads\/2021\/07\/cropped-Design-sem-nome-300x193-1-e1627062664782.png\",\"contentUrl\":\"https:\/\/mlhff0prgoxu.i.optimole.com\/cb:s0sM.767\/w:auto\/h:auto\/q:mauto\/f:best\/https:\/\/fullsolutions.info\/wp-content\/uploads\/2021\/07\/cropped-Design-sem-nome-300x193-1-e1627062664782.png\",\"width\":202,\"height\":155,\"caption\":\"Full Solutions\"},\"image\":{\"@id\":\"https:\/\/fullsolutions.info\/#\/schema\/logo\/image\/\"},\"sameAs\":[\"https:\/\/www.linkedin.com\/company\/full-solutions-equipment\"]}]}<\/script>\n<!-- \/ Yoast SEO plugin. -->","yoast_head_json":{"title":"Luz de status MEDC SL5 - Full Solutions","robots":{"index":"index","follow":"follow","max-snippet":"max-snippet:-1","max-image-preview":"max-image-preview:large","max-video-preview":"max-video-preview:-1"},"canonical":"https:\/\/fullsolutions.info\/en\/product\/luz-de-status-medc-sl5\/","og_locale":"en_US","og_type":"article","og_title":"Luz de status MEDC SL5 - Full Solutions","og_description":"Descri\u00e7\u00e3o Fabricadas em GRP, com alta prote\u00e7\u00e3o de ingresso e alta sa\u00edda de luz, essas l\u00e2mpadas de status foram projetadas para uso em atmosferas potencialmente explosivas e condi\u00e7\u00f5es ambientais adversas, como as encontradas offshore e onshore nas ind\u00fastrias petroqu\u00edmicas. Uma vers\u00e3o LED de longa dura\u00e7\u00e3o e alta intensidade est\u00e1 agora dispon\u00edvel. Recursos Uso da Zona 1 e Zona 2. Exe (m) II T3 \/ T4. Aprovado pela ATEX, Ex II 2G. Gb com certifica\u00e7\u00e3o IECEx. Certificado chin\u00eas (CQST). IP66 e IP67. Temperatura certificada: \u201340\u00baC a + 55\u00baC *. GRP resistente \u00e0 corros\u00e3o. At\u00e9 5 maneiras. Vers\u00f5es Xenon, LED e Filamento dispon\u00edveis. V\u00e1rias cores de l\u00e2mpadas. Leve. Parafusos da tampa de a\u00e7o inoxid\u00e1vel retidos. * Dependente do modelo.","og_url":"https:\/\/fullsolutions.info\/en\/product\/luz-de-status-medc-sl5\/","og_site_name":"Full Solutions","article_modified_time":"2024-02-19T16:16:24+00:00","og_image":[{"width":560,"height":315,"url":"https:\/\/mlhff0prgoxu.i.optimole.com\/cb:s0sM.767\/w:auto\/h:auto\/q:mauto\/f:best\/https:\/\/fullsolutions.info\/wp-content\/uploads\/2023\/10\/32.png","type":"image\/png"}],"twitter_card":"summary_large_image","twitter_misc":{"Est. reading time":"1 minute"},"schema":{"@context":"https:\/\/schema.org","@graph":[{"@type":"WebPage","@id":"https:\/\/fullsolutions.info\/produto\/luz-de-status-medc-sl5\/","url":"https:\/\/fullsolutions.info\/produto\/luz-de-status-medc-sl5\/","name":"Luz de status MEDC SL5 - Full Solutions","isPartOf":{"@id":"https:\/\/fullsolutions.info\/#website"},"primaryImageOfPage":{"@id":"https:\/\/fullsolutions.info\/produto\/luz-de-status-medc-sl5\/#primaryimage"},"image":{"@id":"https:\/\/fullsolutions.info\/produto\/luz-de-status-medc-sl5\/#primaryimage"},"thumbnailUrl":"https:\/\/mlhff0prgoxu.i.optimole.com\/cb:s0sM.767\/w:auto\/h:auto\/q:mauto\/f:best\/https:\/\/fullsolutions.info\/wp-content\/uploads\/2023\/10\/32.png","datePublished":"2023-10-31T20:05:29+00:00","dateModified":"2024-02-19T16:16:24+00:00","breadcrumb":{"@id":"https:\/\/fullsolutions.info\/produto\/luz-de-status-medc-sl5\/#breadcrumb"},"inLanguage":"en-US","potentialAction":[{"@type":"ReadAction","target":["https:\/\/fullsolutions.info\/produto\/luz-de-status-medc-sl5\/"]}]},{"@type":"ImageObject","inLanguage":"en-US","@id":"https:\/\/fullsolutions.info\/produto\/luz-de-status-medc-sl5\/#primaryimage","url":"https:\/\/mlhff0prgoxu.i.optimole.com\/cb:s0sM.767\/w:auto\/h:auto\/q:mauto\/f:best\/https:\/\/fullsolutions.info\/wp-content\/uploads\/2023\/10\/32.png","contentUrl":"https:\/\/mlhff0prgoxu.i.optimole.com\/cb:s0sM.767\/w:auto\/h:auto\/q:mauto\/f:best\/https:\/\/fullsolutions.info\/wp-content\/uploads\/2023\/10\/32.png","width":560,"height":315},{"@type":"BreadcrumbList","@id":"https:\/\/fullsolutions.info\/produto\/luz-de-status-medc-sl5\/#breadcrumb","itemListElement":[{"@type":"ListItem","position":1,"name":"In\u00edcio","item":"https:\/\/fullsolutions.info\/"},{"@type":"ListItem","position":2,"name":"Produtos","item":"https:\/\/fullsolutions.info\/shop\/"},{"@type":"ListItem","position":3,"name":"Luz de status MEDC SL5"}]},{"@type":"WebSite","@id":"https:\/\/fullsolutions.info\/#website","url":"https:\/\/fullsolutions.info\/","name":"Full Solutions","description":"Empresa na \u00c1rea de Procurement","publisher":{"@id":"https:\/\/fullsolutions.info\/#organization"},"potentialAction":[{"@type":"SearchAction","target":{"@type":"EntryPoint","urlTemplate":"https:\/\/fullsolutions.info\/?s={search_term_string}"},"query-input":{"@type":"PropertyValueSpecification","valueRequired":true,"valueName":"search_term_string"}}],"inLanguage":"en-US"},{"@type":"Organization","@id":"https:\/\/fullsolutions.info\/#organization","name":"Full Solutions","url":"https:\/\/fullsolutions.info\/","logo":{"@type":"ImageObject","inLanguage":"en-US","@id":"https:\/\/fullsolutions.info\/#\/schema\/logo\/image\/","url":"https:\/\/mlhff0prgoxu.i.optimole.com\/cb:s0sM.767\/w:auto\/h:auto\/q:mauto\/f:best\/https:\/\/fullsolutions.info\/wp-content\/uploads\/2021\/07\/cropped-Design-sem-nome-300x193-1-e1627062664782.png","contentUrl":"https:\/\/mlhff0prgoxu.i.optimole.com\/cb:s0sM.767\/w:auto\/h:auto\/q:mauto\/f:best\/https:\/\/fullsolutions.info\/wp-content\/uploads\/2021\/07\/cropped-Design-sem-nome-300x193-1-e1627062664782.png","width":202,"height":155,"caption":"Full Solutions"},"image":{"@id":"https:\/\/fullsolutions.info\/#\/schema\/logo\/image\/"},"sameAs":["https:\/\/www.linkedin.com\/company\/full-solutions-equipment"]}]}},"_links":{"self":[{"href":"https:\/\/fullsolutions.info\/en\/wp-json\/wp\/v2\/product\/3639","targetHints":{"allow":["GET"]}}],"collection":[{"href":"https:\/\/fullsolutions.info\/en\/wp-json\/wp\/v2\/product"}],"about":[{"href":"https:\/\/fullsolutions.info\/en\/wp-json\/wp\/v2\/types\/product"}],"replies":[{"embeddable":true,"href":"https:\/\/fullsolutions.info\/en\/wp-json\/wp\/v2\/comments?post=3639"}],"wp:featuredmedia":[{"embeddable":true,"href":"https:\/\/fullsolutions.info\/en\/wp-json\/wp\/v2\/media\/3640"}],"wp:attachment":[{"href":"https:\/\/fullsolutions.info\/en\/wp-json\/wp\/v2\/media?parent=3639"}],"wp:term":[{"taxonomy":"product_brand","embeddable":true,"href":"https:\/\/fullsolutions.info\/en\/wp-json\/wp\/v2\/product_brand?post=3639"},{"taxonomy":"product_cat","embeddable":true,"href":"https:\/\/fullsolutions.info\/en\/wp-json\/wp\/v2\/product_cat?post=3639"},{"taxonomy":"product_tag","embeddable":true,"href":"https:\/\/fullsolutions.info\/en\/wp-json\/wp\/v2\/product_tag?post=3639"},{"taxonomy":"marca","embeddable":true,"href":"https:\/\/fullsolutions.info\/en\/wp-json\/wp\/v2\/marca?post=3639"}],"curies":[{"name":"wp","href":"https:\/\/api.w.org\/{rel}","templated":true}]}}