{"id":3637,"date":"2023-10-31T20:03:24","date_gmt":"2023-10-31T20:03:24","guid":{"rendered":"https:\/\/fullsolutionsequip.com\/?post_type=product&#038;p=3637"},"modified":"2024-02-19T16:16:24","modified_gmt":"2024-02-19T16:16:24","slug":"luz-de-status-medc-xb12sl","status":"publish","type":"product","link":"https:\/\/fullsolutions.info\/en\/product\/luz-de-status-medc-xb12sl\/","title":{"rendered":"Luz de status MEDC XB12SL"},"content":{"rendered":"<div class=\"elementor-element elementor-element-b17befe elementor-widget elementor-widget-heading\" data-id=\"b17befe\" data-element_type=\"widget\" data-widget_type=\"heading.default\">\n<div class=\"elementor-widget-container\">\n<p class=\"elementor-heading-title elementor-size-default\"><strong>Descri\u00e7\u00e3o<\/strong><\/p>\n<\/div>\n<\/div>\n<div class=\"elementor-element elementor-element-2dbd9d0 elementor-widget elementor-widget-text-editor\" data-id=\"2dbd9d0\" data-element_type=\"widget\" data-widget_type=\"text-editor.default\">\n<div class=\"elementor-widget-container\">\n<div class=\"elementor-text-editor elementor-clearfix\">\n<p>Esta gama de luzes de status vers\u00e1teis foi projetada para se adequar a v\u00e1rias aplica\u00e7\u00f5es offshore e onshore.<\/p>\n<p>Dispon\u00edvel como xen\u00f4nio, filamento e far\u00f3is \/ strobes fluorescentes.<\/p>\n<p>A linha SM87 SL \u00e9 fabricada em liga de grau mar\u00edtimo e o XB12 SL em GRP livre de corros\u00e3o para fornecer uma ampla gama de luzes de status para atender aos requisitos dos clientes.<\/p>\n<p>Todas as unidades podem ser fornecidas como 1, 2, 3, 4 ou 5 vias.<\/p>\n<p><strong>Nota: as unidades mostradas s\u00e3o apenas para fins ilustrativos; outras variantes est\u00e3o dispon\u00edveis.<\/strong><\/p>\n<p><strong>Recursos<\/strong><\/p>\n<ul>\n<li>* UL listado para EUA e Canad\u00e1.<\/li>\n<li>Classe I, Div.\u00a01 e 2, Grupos C e D.<\/li>\n<li>Classe I, Zona 1, AExd IIB T6.<\/li>\n<li>* Certifica\u00e7\u00e3o CSA.<\/li>\n<li>Aprovado pela ATEX.<\/li>\n<li>Certificado IECEx.<\/li>\n<li>* Xenon, fluorescente, filamento.<\/li>\n<li>NEMA 4x e 6, IP66 e 67.<\/li>\n<li>Temperatura certificada:\n<ul>\n<li>\u201367\u00baF a + 131\u00baF.<\/li>\n<li>\u201355\u00baC a + 55\u00baC.<\/li>\n<\/ul>\n<\/li>\n<li>* 4 Conex\u00e3o monitorada por fio.<\/li>\n<li>Liga de grau mar\u00edtimo ou GRP.<\/li>\n<li>Close-coupled e pr\u00e9-cabeado de acordo com os requisitos do cliente.<br \/>\n* Depende do modelo.<\/li>\n<\/ul>\n<\/div>\n<\/div>\n<\/div>","protected":false},"excerpt":{"rendered":"<p>Descri\u00e7\u00e3o Esta gama de luzes de status vers\u00e1teis foi projetada para se adequar a v\u00e1rias aplica\u00e7\u00f5es offshore e onshore. Dispon\u00edvel como xen\u00f4nio, filamento e far\u00f3is \/ strobes fluorescentes. A linha SM87 SL \u00e9 fabricada em liga de grau mar\u00edtimo e o XB12 SL em GRP livre de corros\u00e3o para fornecer uma ampla gama de luzes de status para atender aos requisitos dos clientes. Todas as unidades podem ser fornecidas como 1, 2, 3, 4 ou 5 vias. Nota: as unidades mostradas s\u00e3o apenas para fins ilustrativos; outras variantes est\u00e3o dispon\u00edveis. Recursos * UL listado para EUA e Canad\u00e1. Classe I, Div.\u00a01 e 2, Grupos C e D. Classe I, Zona 1, AExd IIB T6. * Certifica\u00e7\u00e3o CSA. Aprovado pela ATEX. Certificado IECEx. * Xenon, fluorescente, filamento. NEMA 4x e 6, IP66 e 67. Temperatura certificada: \u201367\u00baF a + 131\u00baF. \u201355\u00baC a + 55\u00baC. * 4 Conex\u00e3o monitorada por fio. Liga de grau mar\u00edtimo ou GRP. Close-coupled e pr\u00e9-cabeado de acordo com os requisitos do cliente. * Depende do modelo.<\/p>","protected":false},"featured_media":3638,"comment_status":"open","ping_status":"closed","template":"","meta":{"_joinchat":[]},"product_brand":[],"product_cat":[131],"product_tag":[],"marca":[74],"class_list":{"0":"post-3637","1":"product","2":"type-product","3":"status-publish","4":"has-post-thumbnail","6":"product_cat-farois-luzes-estroboscopicas","7":"marca-medc","9":"first","10":"instock","11":"shipping-taxable","12":"purchasable","13":"product-type-simple"},"yoast_head":"<!-- This site is optimized with the Yoast SEO plugin v27.2 - https:\/\/yoast.com\/product\/yoast-seo-wordpress\/ -->\n<title>Luz de status MEDC XB12SL - Full Solutions<\/title>\n<meta name=\"robots\" content=\"index, follow, max-snippet:-1, max-image-preview:large, max-video-preview:-1\" \/>\n<link rel=\"canonical\" href=\"https:\/\/fullsolutions.info\/en\/product\/luz-de-status-medc-xb12sl\/\" \/>\n<meta property=\"og:locale\" content=\"en_US\" \/>\n<meta property=\"og:type\" content=\"article\" \/>\n<meta property=\"og:title\" content=\"Luz de status MEDC XB12SL - Full Solutions\" \/>\n<meta property=\"og:description\" content=\"Descri\u00e7\u00e3o Esta gama de luzes de status vers\u00e1teis foi projetada para se adequar a v\u00e1rias aplica\u00e7\u00f5es offshore e onshore. Dispon\u00edvel como xen\u00f4nio, filamento e far\u00f3is \/ strobes fluorescentes. A linha SM87 SL \u00e9 fabricada em liga de grau mar\u00edtimo e o XB12 SL em GRP livre de corros\u00e3o para fornecer uma ampla gama de luzes de status para atender aos requisitos dos clientes. Todas as unidades podem ser fornecidas como 1, 2, 3, 4 ou 5 vias. Nota: as unidades mostradas s\u00e3o apenas para fins ilustrativos; outras variantes est\u00e3o dispon\u00edveis. Recursos * UL listado para EUA e Canad\u00e1. Classe I, Div.\u00a01 e 2, Grupos C e D. Classe I, Zona 1, AExd IIB T6. * Certifica\u00e7\u00e3o CSA. Aprovado pela ATEX. Certificado IECEx. * Xenon, fluorescente, filamento. NEMA 4x e 6, IP66 e 67. Temperatura certificada: \u201367\u00baF a + 131\u00baF. \u201355\u00baC a + 55\u00baC. * 4 Conex\u00e3o monitorada por fio. Liga de grau mar\u00edtimo ou GRP. Close-coupled e pr\u00e9-cabeado de acordo com os requisitos do cliente. * Depende do modelo.\" \/>\n<meta property=\"og:url\" content=\"https:\/\/fullsolutions.info\/en\/product\/luz-de-status-medc-xb12sl\/\" \/>\n<meta property=\"og:site_name\" content=\"Full Solutions\" \/>\n<meta property=\"article:modified_time\" content=\"2024-02-19T16:16:24+00:00\" \/>\n<meta property=\"og:image\" content=\"https:\/\/mlhff0prgoxu.i.optimole.com\/cb:s0sM.767\/w:auto\/h:auto\/q:mauto\/f:best\/https:\/\/fullsolutions.info\/wp-content\/uploads\/2023\/10\/31.png\" \/>\n\t<meta property=\"og:image:width\" content=\"560\" \/>\n\t<meta property=\"og:image:height\" content=\"315\" \/>\n\t<meta property=\"og:image:type\" content=\"image\/png\" \/>\n<meta name=\"twitter:card\" content=\"summary_large_image\" \/>\n<meta name=\"twitter:label1\" content=\"Est. reading time\" \/>\n\t<meta name=\"twitter:data1\" content=\"1 minute\" \/>\n<script type=\"application\/ld+json\" class=\"yoast-schema-graph\">{\"@context\":\"https:\/\/schema.org\",\"@graph\":[{\"@type\":\"WebPage\",\"@id\":\"https:\/\/fullsolutions.info\/produto\/luz-de-status-medc-xb12sl\/\",\"url\":\"https:\/\/fullsolutions.info\/produto\/luz-de-status-medc-xb12sl\/\",\"name\":\"Luz de status MEDC XB12SL - Full Solutions\",\"isPartOf\":{\"@id\":\"https:\/\/fullsolutions.info\/#website\"},\"primaryImageOfPage\":{\"@id\":\"https:\/\/fullsolutions.info\/produto\/luz-de-status-medc-xb12sl\/#primaryimage\"},\"image\":{\"@id\":\"https:\/\/fullsolutions.info\/produto\/luz-de-status-medc-xb12sl\/#primaryimage\"},\"thumbnailUrl\":\"https:\/\/mlhff0prgoxu.i.optimole.com\/cb:s0sM.767\/w:auto\/h:auto\/q:mauto\/f:best\/https:\/\/fullsolutions.info\/wp-content\/uploads\/2023\/10\/31.png\",\"datePublished\":\"2023-10-31T20:03:24+00:00\",\"dateModified\":\"2024-02-19T16:16:24+00:00\",\"breadcrumb\":{\"@id\":\"https:\/\/fullsolutions.info\/produto\/luz-de-status-medc-xb12sl\/#breadcrumb\"},\"inLanguage\":\"en-US\",\"potentialAction\":[{\"@type\":\"ReadAction\",\"target\":[\"https:\/\/fullsolutions.info\/produto\/luz-de-status-medc-xb12sl\/\"]}]},{\"@type\":\"ImageObject\",\"inLanguage\":\"en-US\",\"@id\":\"https:\/\/fullsolutions.info\/produto\/luz-de-status-medc-xb12sl\/#primaryimage\",\"url\":\"https:\/\/mlhff0prgoxu.i.optimole.com\/cb:s0sM.767\/w:auto\/h:auto\/q:mauto\/f:best\/https:\/\/fullsolutions.info\/wp-content\/uploads\/2023\/10\/31.png\",\"contentUrl\":\"https:\/\/mlhff0prgoxu.i.optimole.com\/cb:s0sM.767\/w:auto\/h:auto\/q:mauto\/f:best\/https:\/\/fullsolutions.info\/wp-content\/uploads\/2023\/10\/31.png\",\"width\":560,\"height\":315},{\"@type\":\"BreadcrumbList\",\"@id\":\"https:\/\/fullsolutions.info\/produto\/luz-de-status-medc-xb12sl\/#breadcrumb\",\"itemListElement\":[{\"@type\":\"ListItem\",\"position\":1,\"name\":\"In\u00edcio\",\"item\":\"https:\/\/fullsolutions.info\/\"},{\"@type\":\"ListItem\",\"position\":2,\"name\":\"Produtos\",\"item\":\"https:\/\/fullsolutions.info\/shop\/\"},{\"@type\":\"ListItem\",\"position\":3,\"name\":\"Luz de status MEDC XB12SL\"}]},{\"@type\":\"WebSite\",\"@id\":\"https:\/\/fullsolutions.info\/#website\",\"url\":\"https:\/\/fullsolutions.info\/\",\"name\":\"Full Solutions\",\"description\":\"Empresa na \u00c1rea de Procurement\",\"publisher\":{\"@id\":\"https:\/\/fullsolutions.info\/#organization\"},\"potentialAction\":[{\"@type\":\"SearchAction\",\"target\":{\"@type\":\"EntryPoint\",\"urlTemplate\":\"https:\/\/fullsolutions.info\/?s={search_term_string}\"},\"query-input\":{\"@type\":\"PropertyValueSpecification\",\"valueRequired\":true,\"valueName\":\"search_term_string\"}}],\"inLanguage\":\"en-US\"},{\"@type\":\"Organization\",\"@id\":\"https:\/\/fullsolutions.info\/#organization\",\"name\":\"Full Solutions\",\"url\":\"https:\/\/fullsolutions.info\/\",\"logo\":{\"@type\":\"ImageObject\",\"inLanguage\":\"en-US\",\"@id\":\"https:\/\/fullsolutions.info\/#\/schema\/logo\/image\/\",\"url\":\"https:\/\/mlhff0prgoxu.i.optimole.com\/cb:s0sM.767\/w:auto\/h:auto\/q:mauto\/f:best\/https:\/\/fullsolutions.info\/wp-content\/uploads\/2021\/07\/cropped-Design-sem-nome-300x193-1-e1627062664782.png\",\"contentUrl\":\"https:\/\/mlhff0prgoxu.i.optimole.com\/cb:s0sM.767\/w:auto\/h:auto\/q:mauto\/f:best\/https:\/\/fullsolutions.info\/wp-content\/uploads\/2021\/07\/cropped-Design-sem-nome-300x193-1-e1627062664782.png\",\"width\":202,\"height\":155,\"caption\":\"Full Solutions\"},\"image\":{\"@id\":\"https:\/\/fullsolutions.info\/#\/schema\/logo\/image\/\"},\"sameAs\":[\"https:\/\/www.linkedin.com\/company\/full-solutions-equipment\"]}]}<\/script>\n<!-- \/ Yoast SEO plugin. -->","yoast_head_json":{"title":"Luz de status MEDC XB12SL - Full Solutions","robots":{"index":"index","follow":"follow","max-snippet":"max-snippet:-1","max-image-preview":"max-image-preview:large","max-video-preview":"max-video-preview:-1"},"canonical":"https:\/\/fullsolutions.info\/en\/product\/luz-de-status-medc-xb12sl\/","og_locale":"en_US","og_type":"article","og_title":"Luz de status MEDC XB12SL - Full Solutions","og_description":"Descri\u00e7\u00e3o Esta gama de luzes de status vers\u00e1teis foi projetada para se adequar a v\u00e1rias aplica\u00e7\u00f5es offshore e onshore. Dispon\u00edvel como xen\u00f4nio, filamento e far\u00f3is \/ strobes fluorescentes. A linha SM87 SL \u00e9 fabricada em liga de grau mar\u00edtimo e o XB12 SL em GRP livre de corros\u00e3o para fornecer uma ampla gama de luzes de status para atender aos requisitos dos clientes. Todas as unidades podem ser fornecidas como 1, 2, 3, 4 ou 5 vias. Nota: as unidades mostradas s\u00e3o apenas para fins ilustrativos; outras variantes est\u00e3o dispon\u00edveis. Recursos * UL listado para EUA e Canad\u00e1. Classe I, Div.\u00a01 e 2, Grupos C e D. Classe I, Zona 1, AExd IIB T6. * Certifica\u00e7\u00e3o CSA. Aprovado pela ATEX. Certificado IECEx. * Xenon, fluorescente, filamento. NEMA 4x e 6, IP66 e 67. Temperatura certificada: \u201367\u00baF a + 131\u00baF. \u201355\u00baC a + 55\u00baC. * 4 Conex\u00e3o monitorada por fio. Liga de grau mar\u00edtimo ou GRP. Close-coupled e pr\u00e9-cabeado de acordo com os requisitos do cliente. * Depende do modelo.","og_url":"https:\/\/fullsolutions.info\/en\/product\/luz-de-status-medc-xb12sl\/","og_site_name":"Full Solutions","article_modified_time":"2024-02-19T16:16:24+00:00","og_image":[{"width":560,"height":315,"url":"https:\/\/mlhff0prgoxu.i.optimole.com\/cb:s0sM.767\/w:auto\/h:auto\/q:mauto\/f:best\/https:\/\/fullsolutions.info\/wp-content\/uploads\/2023\/10\/31.png","type":"image\/png"}],"twitter_card":"summary_large_image","twitter_misc":{"Est. reading time":"1 minute"},"schema":{"@context":"https:\/\/schema.org","@graph":[{"@type":"WebPage","@id":"https:\/\/fullsolutions.info\/produto\/luz-de-status-medc-xb12sl\/","url":"https:\/\/fullsolutions.info\/produto\/luz-de-status-medc-xb12sl\/","name":"Luz de status MEDC XB12SL - Full Solutions","isPartOf":{"@id":"https:\/\/fullsolutions.info\/#website"},"primaryImageOfPage":{"@id":"https:\/\/fullsolutions.info\/produto\/luz-de-status-medc-xb12sl\/#primaryimage"},"image":{"@id":"https:\/\/fullsolutions.info\/produto\/luz-de-status-medc-xb12sl\/#primaryimage"},"thumbnailUrl":"https:\/\/mlhff0prgoxu.i.optimole.com\/cb:s0sM.767\/w:auto\/h:auto\/q:mauto\/f:best\/https:\/\/fullsolutions.info\/wp-content\/uploads\/2023\/10\/31.png","datePublished":"2023-10-31T20:03:24+00:00","dateModified":"2024-02-19T16:16:24+00:00","breadcrumb":{"@id":"https:\/\/fullsolutions.info\/produto\/luz-de-status-medc-xb12sl\/#breadcrumb"},"inLanguage":"en-US","potentialAction":[{"@type":"ReadAction","target":["https:\/\/fullsolutions.info\/produto\/luz-de-status-medc-xb12sl\/"]}]},{"@type":"ImageObject","inLanguage":"en-US","@id":"https:\/\/fullsolutions.info\/produto\/luz-de-status-medc-xb12sl\/#primaryimage","url":"https:\/\/mlhff0prgoxu.i.optimole.com\/cb:s0sM.767\/w:auto\/h:auto\/q:mauto\/f:best\/https:\/\/fullsolutions.info\/wp-content\/uploads\/2023\/10\/31.png","contentUrl":"https:\/\/mlhff0prgoxu.i.optimole.com\/cb:s0sM.767\/w:auto\/h:auto\/q:mauto\/f:best\/https:\/\/fullsolutions.info\/wp-content\/uploads\/2023\/10\/31.png","width":560,"height":315},{"@type":"BreadcrumbList","@id":"https:\/\/fullsolutions.info\/produto\/luz-de-status-medc-xb12sl\/#breadcrumb","itemListElement":[{"@type":"ListItem","position":1,"name":"In\u00edcio","item":"https:\/\/fullsolutions.info\/"},{"@type":"ListItem","position":2,"name":"Produtos","item":"https:\/\/fullsolutions.info\/shop\/"},{"@type":"ListItem","position":3,"name":"Luz de status MEDC XB12SL"}]},{"@type":"WebSite","@id":"https:\/\/fullsolutions.info\/#website","url":"https:\/\/fullsolutions.info\/","name":"Full Solutions","description":"Empresa na \u00c1rea de Procurement","publisher":{"@id":"https:\/\/fullsolutions.info\/#organization"},"potentialAction":[{"@type":"SearchAction","target":{"@type":"EntryPoint","urlTemplate":"https:\/\/fullsolutions.info\/?s={search_term_string}"},"query-input":{"@type":"PropertyValueSpecification","valueRequired":true,"valueName":"search_term_string"}}],"inLanguage":"en-US"},{"@type":"Organization","@id":"https:\/\/fullsolutions.info\/#organization","name":"Full Solutions","url":"https:\/\/fullsolutions.info\/","logo":{"@type":"ImageObject","inLanguage":"en-US","@id":"https:\/\/fullsolutions.info\/#\/schema\/logo\/image\/","url":"https:\/\/mlhff0prgoxu.i.optimole.com\/cb:s0sM.767\/w:auto\/h:auto\/q:mauto\/f:best\/https:\/\/fullsolutions.info\/wp-content\/uploads\/2021\/07\/cropped-Design-sem-nome-300x193-1-e1627062664782.png","contentUrl":"https:\/\/mlhff0prgoxu.i.optimole.com\/cb:s0sM.767\/w:auto\/h:auto\/q:mauto\/f:best\/https:\/\/fullsolutions.info\/wp-content\/uploads\/2021\/07\/cropped-Design-sem-nome-300x193-1-e1627062664782.png","width":202,"height":155,"caption":"Full Solutions"},"image":{"@id":"https:\/\/fullsolutions.info\/#\/schema\/logo\/image\/"},"sameAs":["https:\/\/www.linkedin.com\/company\/full-solutions-equipment"]}]}},"_links":{"self":[{"href":"https:\/\/fullsolutions.info\/en\/wp-json\/wp\/v2\/product\/3637","targetHints":{"allow":["GET"]}}],"collection":[{"href":"https:\/\/fullsolutions.info\/en\/wp-json\/wp\/v2\/product"}],"about":[{"href":"https:\/\/fullsolutions.info\/en\/wp-json\/wp\/v2\/types\/product"}],"replies":[{"embeddable":true,"href":"https:\/\/fullsolutions.info\/en\/wp-json\/wp\/v2\/comments?post=3637"}],"wp:featuredmedia":[{"embeddable":true,"href":"https:\/\/fullsolutions.info\/en\/wp-json\/wp\/v2\/media\/3638"}],"wp:attachment":[{"href":"https:\/\/fullsolutions.info\/en\/wp-json\/wp\/v2\/media?parent=3637"}],"wp:term":[{"taxonomy":"product_brand","embeddable":true,"href":"https:\/\/fullsolutions.info\/en\/wp-json\/wp\/v2\/product_brand?post=3637"},{"taxonomy":"product_cat","embeddable":true,"href":"https:\/\/fullsolutions.info\/en\/wp-json\/wp\/v2\/product_cat?post=3637"},{"taxonomy":"product_tag","embeddable":true,"href":"https:\/\/fullsolutions.info\/en\/wp-json\/wp\/v2\/product_tag?post=3637"},{"taxonomy":"marca","embeddable":true,"href":"https:\/\/fullsolutions.info\/en\/wp-json\/wp\/v2\/marca?post=3637"}],"curies":[{"name":"wp","href":"https:\/\/api.w.org\/{rel}","templated":true}]}}