{"id":3633,"date":"2023-10-31T20:01:28","date_gmt":"2023-10-31T20:01:28","guid":{"rendered":"https:\/\/fullsolutionsequip.com\/?post_type=product&#038;p=3633"},"modified":"2024-02-19T16:16:24","modified_gmt":"2024-02-19T16:16:24","slug":"luz-de-status-medc-sm87slluz-de-status-medc-sm87sl","status":"publish","type":"product","link":"https:\/\/fullsolutions.info\/en\/product\/luz-de-status-medc-sm87slluz-de-status-medc-sm87sl\/","title":{"rendered":"Luz de status MEDC SM87SLLuz de status MEDC SM87SL"},"content":{"rendered":"<div class=\"elementor-element elementor-element-b17befe elementor-widget elementor-widget-heading\" data-id=\"b17befe\" data-element_type=\"widget\" data-widget_type=\"heading.default\">\n<div class=\"elementor-widget-container\">\n<p class=\"elementor-heading-title elementor-size-default\"><strong>Descri\u00e7\u00e3o<\/strong><\/p>\n<\/div>\n<\/div>\n<div class=\"elementor-element elementor-element-2dbd9d0 elementor-widget elementor-widget-text-editor\" data-id=\"2dbd9d0\" data-element_type=\"widget\" data-widget_type=\"text-editor.default\">\n<div class=\"elementor-widget-container\">\n<div class=\"elementor-text-editor elementor-clearfix\">\n<p>Esta gama de luzes de status vers\u00e1teis foi projetada para se adequar a v\u00e1rias aplica\u00e7\u00f5es offshore e onshore.<\/p>\n<p>Dispon\u00edvel como LED, xen\u00f4nio, filamento e far\u00f3is fluorescentes.<\/p>\n<p>A linha SM87 SL \u00e9 fabricada em liga de grau mar\u00edtimo ou a\u00e7o inoxid\u00e1vel e o XB11 SL em GRP livre de corros\u00e3o para fornecer uma ampla gama de luzes de status para atender aos requisitos dos clientes.<\/p>\n<p>Todas as unidades podem ser fornecidas como 1, 2, 3, 4 ou 5 vias.<\/p>\n<p><strong>Recursos<\/strong><\/p>\n<ul>\n<li>Uso da Zona 1 e Zona 2.<\/li>\n<li>Exd.<\/li>\n<li>* Aprovado pela ATEX, Ex II 2GD.<\/li>\n<li>* Certificado BASEEFA.<\/li>\n<li>Gb, Db com certifica\u00e7\u00e3o IECEx.<\/li>\n<li>* UL listado para EUA e Canad\u00e1:\n<ul>\n<li>Classe I, Div.\u00a01 e 2, Grupos C e D.<\/li>\n<li>Classe I, Zona 1, AExd IIB T6.<\/li>\n<\/ul>\n<\/li>\n<li>* Certifica\u00e7\u00e3o CSA.<\/li>\n<li>Certificado pela CUTR<\/li>\n<li>* Certificado chin\u00eas (CQST).<\/li>\n<li>Certificado brasileiro (Inmetro).<\/li>\n<li>IP66 e 67.<\/li>\n<li>* Temperatura certificada: \u201355\u00baC a + 70\u00baC.<\/li>\n<li>* LED, xen\u00f4nio, fluorescente, filamento.<\/li>\n<li>Liga de grau mar\u00edtimo, op\u00e7\u00e3o de a\u00e7o inoxid\u00e1vel ou GRP.<\/li>\n<li>Close-coupled e pr\u00e9-cabeado de acordo com os requisitos do cliente.<br \/>\n* Depende do modelo.<\/li>\n<\/ul>\n<\/div>\n<\/div>\n<\/div>","protected":false},"excerpt":{"rendered":"<p>Descri\u00e7\u00e3o Esta gama de luzes de status vers\u00e1teis foi projetada para se adequar a v\u00e1rias aplica\u00e7\u00f5es offshore e onshore. Dispon\u00edvel como LED, xen\u00f4nio, filamento e far\u00f3is fluorescentes. A linha SM87 SL \u00e9 fabricada em liga de grau mar\u00edtimo ou a\u00e7o inoxid\u00e1vel e o XB11 SL em GRP livre de corros\u00e3o para fornecer uma ampla gama de luzes de status para atender aos requisitos dos clientes. Todas as unidades podem ser fornecidas como 1, 2, 3, 4 ou 5 vias. Recursos Uso da Zona 1 e Zona 2. Exd. * Aprovado pela ATEX, Ex II 2GD. * Certificado BASEEFA. Gb, Db com certifica\u00e7\u00e3o IECEx. * UL listado para EUA e Canad\u00e1: Classe I, Div.\u00a01 e 2, Grupos C e D. Classe I, Zona 1, AExd IIB T6. * Certifica\u00e7\u00e3o CSA. Certificado pela CUTR * Certificado chin\u00eas (CQST). Certificado brasileiro (Inmetro). IP66 e 67. * Temperatura certificada: \u201355\u00baC a + 70\u00baC. * LED, xen\u00f4nio, fluorescente, filamento. Liga de grau mar\u00edtimo, op\u00e7\u00e3o de a\u00e7o inoxid\u00e1vel ou GRP. Close-coupled e pr\u00e9-cabeado de acordo com os requisitos do cliente. * Depende do modelo.<\/p>","protected":false},"featured_media":3634,"comment_status":"open","ping_status":"closed","template":"","meta":{"_joinchat":[]},"product_brand":[],"product_cat":[131],"product_tag":[],"marca":[74],"class_list":{"0":"post-3633","1":"product","2":"type-product","3":"status-publish","4":"has-post-thumbnail","6":"product_cat-farois-luzes-estroboscopicas","7":"marca-medc","9":"first","10":"instock","11":"shipping-taxable","12":"purchasable","13":"product-type-simple"},"yoast_head":"<!-- This site is optimized with the Yoast SEO plugin v27.2 - https:\/\/yoast.com\/product\/yoast-seo-wordpress\/ -->\n<title>Luz de status MEDC SM87SLLuz de status MEDC SM87SL - Full Solutions<\/title>\n<meta name=\"robots\" content=\"index, follow, max-snippet:-1, max-image-preview:large, max-video-preview:-1\" \/>\n<link rel=\"canonical\" href=\"https:\/\/fullsolutions.info\/en\/product\/luz-de-status-medc-sm87slluz-de-status-medc-sm87sl\/\" \/>\n<meta property=\"og:locale\" content=\"en_US\" \/>\n<meta property=\"og:type\" content=\"article\" \/>\n<meta property=\"og:title\" content=\"Luz de status MEDC SM87SLLuz de status MEDC SM87SL - Full Solutions\" \/>\n<meta property=\"og:description\" content=\"Descri\u00e7\u00e3o Esta gama de luzes de status vers\u00e1teis foi projetada para se adequar a v\u00e1rias aplica\u00e7\u00f5es offshore e onshore. Dispon\u00edvel como LED, xen\u00f4nio, filamento e far\u00f3is fluorescentes. A linha SM87 SL \u00e9 fabricada em liga de grau mar\u00edtimo ou a\u00e7o inoxid\u00e1vel e o XB11 SL em GRP livre de corros\u00e3o para fornecer uma ampla gama de luzes de status para atender aos requisitos dos clientes. Todas as unidades podem ser fornecidas como 1, 2, 3, 4 ou 5 vias. Recursos Uso da Zona 1 e Zona 2. Exd. * Aprovado pela ATEX, Ex II 2GD. * Certificado BASEEFA. Gb, Db com certifica\u00e7\u00e3o IECEx. * UL listado para EUA e Canad\u00e1: Classe I, Div.\u00a01 e 2, Grupos C e D. Classe I, Zona 1, AExd IIB T6. * Certifica\u00e7\u00e3o CSA. Certificado pela CUTR * Certificado chin\u00eas (CQST). Certificado brasileiro (Inmetro). IP66 e 67. * Temperatura certificada: \u201355\u00baC a + 70\u00baC. * LED, xen\u00f4nio, fluorescente, filamento. Liga de grau mar\u00edtimo, op\u00e7\u00e3o de a\u00e7o inoxid\u00e1vel ou GRP. Close-coupled e pr\u00e9-cabeado de acordo com os requisitos do cliente. * Depende do modelo.\" \/>\n<meta property=\"og:url\" content=\"https:\/\/fullsolutions.info\/en\/product\/luz-de-status-medc-sm87slluz-de-status-medc-sm87sl\/\" \/>\n<meta property=\"og:site_name\" content=\"Full Solutions\" \/>\n<meta property=\"article:modified_time\" content=\"2024-02-19T16:16:24+00:00\" \/>\n<meta property=\"og:image\" content=\"https:\/\/mlhff0prgoxu.i.optimole.com\/cb:s0sM.767\/w:auto\/h:auto\/q:mauto\/f:best\/https:\/\/fullsolutions.info\/wp-content\/uploads\/2023\/10\/29.png\" \/>\n\t<meta property=\"og:image:width\" content=\"560\" \/>\n\t<meta property=\"og:image:height\" content=\"315\" \/>\n\t<meta property=\"og:image:type\" content=\"image\/png\" \/>\n<meta name=\"twitter:card\" content=\"summary_large_image\" \/>\n<meta name=\"twitter:label1\" content=\"Est. reading time\" \/>\n\t<meta name=\"twitter:data1\" content=\"1 minute\" \/>\n<script type=\"application\/ld+json\" class=\"yoast-schema-graph\">{\"@context\":\"https:\/\/schema.org\",\"@graph\":[{\"@type\":\"WebPage\",\"@id\":\"https:\/\/fullsolutions.info\/produto\/luz-de-status-medc-sm87slluz-de-status-medc-sm87sl\/\",\"url\":\"https:\/\/fullsolutions.info\/produto\/luz-de-status-medc-sm87slluz-de-status-medc-sm87sl\/\",\"name\":\"Luz de status MEDC SM87SLLuz de status MEDC SM87SL - Full Solutions\",\"isPartOf\":{\"@id\":\"https:\/\/fullsolutions.info\/#website\"},\"primaryImageOfPage\":{\"@id\":\"https:\/\/fullsolutions.info\/produto\/luz-de-status-medc-sm87slluz-de-status-medc-sm87sl\/#primaryimage\"},\"image\":{\"@id\":\"https:\/\/fullsolutions.info\/produto\/luz-de-status-medc-sm87slluz-de-status-medc-sm87sl\/#primaryimage\"},\"thumbnailUrl\":\"https:\/\/mlhff0prgoxu.i.optimole.com\/cb:s0sM.767\/w:auto\/h:auto\/q:mauto\/f:best\/https:\/\/fullsolutions.info\/wp-content\/uploads\/2023\/10\/29.png\",\"datePublished\":\"2023-10-31T20:01:28+00:00\",\"dateModified\":\"2024-02-19T16:16:24+00:00\",\"breadcrumb\":{\"@id\":\"https:\/\/fullsolutions.info\/produto\/luz-de-status-medc-sm87slluz-de-status-medc-sm87sl\/#breadcrumb\"},\"inLanguage\":\"en-US\",\"potentialAction\":[{\"@type\":\"ReadAction\",\"target\":[\"https:\/\/fullsolutions.info\/produto\/luz-de-status-medc-sm87slluz-de-status-medc-sm87sl\/\"]}]},{\"@type\":\"ImageObject\",\"inLanguage\":\"en-US\",\"@id\":\"https:\/\/fullsolutions.info\/produto\/luz-de-status-medc-sm87slluz-de-status-medc-sm87sl\/#primaryimage\",\"url\":\"https:\/\/mlhff0prgoxu.i.optimole.com\/cb:s0sM.767\/w:auto\/h:auto\/q:mauto\/f:best\/https:\/\/fullsolutions.info\/wp-content\/uploads\/2023\/10\/29.png\",\"contentUrl\":\"https:\/\/mlhff0prgoxu.i.optimole.com\/cb:s0sM.767\/w:auto\/h:auto\/q:mauto\/f:best\/https:\/\/fullsolutions.info\/wp-content\/uploads\/2023\/10\/29.png\",\"width\":560,\"height\":315},{\"@type\":\"BreadcrumbList\",\"@id\":\"https:\/\/fullsolutions.info\/produto\/luz-de-status-medc-sm87slluz-de-status-medc-sm87sl\/#breadcrumb\",\"itemListElement\":[{\"@type\":\"ListItem\",\"position\":1,\"name\":\"In\u00edcio\",\"item\":\"https:\/\/fullsolutions.info\/\"},{\"@type\":\"ListItem\",\"position\":2,\"name\":\"Produtos\",\"item\":\"https:\/\/fullsolutions.info\/shop\/\"},{\"@type\":\"ListItem\",\"position\":3,\"name\":\"Luz de status MEDC SM87SLLuz de status MEDC SM87SL\"}]},{\"@type\":\"WebSite\",\"@id\":\"https:\/\/fullsolutions.info\/#website\",\"url\":\"https:\/\/fullsolutions.info\/\",\"name\":\"Full Solutions\",\"description\":\"Empresa na \u00c1rea de Procurement\",\"publisher\":{\"@id\":\"https:\/\/fullsolutions.info\/#organization\"},\"potentialAction\":[{\"@type\":\"SearchAction\",\"target\":{\"@type\":\"EntryPoint\",\"urlTemplate\":\"https:\/\/fullsolutions.info\/?s={search_term_string}\"},\"query-input\":{\"@type\":\"PropertyValueSpecification\",\"valueRequired\":true,\"valueName\":\"search_term_string\"}}],\"inLanguage\":\"en-US\"},{\"@type\":\"Organization\",\"@id\":\"https:\/\/fullsolutions.info\/#organization\",\"name\":\"Full Solutions\",\"url\":\"https:\/\/fullsolutions.info\/\",\"logo\":{\"@type\":\"ImageObject\",\"inLanguage\":\"en-US\",\"@id\":\"https:\/\/fullsolutions.info\/#\/schema\/logo\/image\/\",\"url\":\"https:\/\/mlhff0prgoxu.i.optimole.com\/cb:s0sM.767\/w:auto\/h:auto\/q:mauto\/f:best\/https:\/\/fullsolutions.info\/wp-content\/uploads\/2021\/07\/cropped-Design-sem-nome-300x193-1-e1627062664782.png\",\"contentUrl\":\"https:\/\/mlhff0prgoxu.i.optimole.com\/cb:s0sM.767\/w:auto\/h:auto\/q:mauto\/f:best\/https:\/\/fullsolutions.info\/wp-content\/uploads\/2021\/07\/cropped-Design-sem-nome-300x193-1-e1627062664782.png\",\"width\":202,\"height\":155,\"caption\":\"Full Solutions\"},\"image\":{\"@id\":\"https:\/\/fullsolutions.info\/#\/schema\/logo\/image\/\"},\"sameAs\":[\"https:\/\/www.linkedin.com\/company\/full-solutions-equipment\"]}]}<\/script>\n<!-- \/ Yoast SEO plugin. -->","yoast_head_json":{"title":"Luz de status MEDC SM87SLLuz de status MEDC SM87SL - Full Solutions","robots":{"index":"index","follow":"follow","max-snippet":"max-snippet:-1","max-image-preview":"max-image-preview:large","max-video-preview":"max-video-preview:-1"},"canonical":"https:\/\/fullsolutions.info\/en\/product\/luz-de-status-medc-sm87slluz-de-status-medc-sm87sl\/","og_locale":"en_US","og_type":"article","og_title":"Luz de status MEDC SM87SLLuz de status MEDC SM87SL - Full Solutions","og_description":"Descri\u00e7\u00e3o Esta gama de luzes de status vers\u00e1teis foi projetada para se adequar a v\u00e1rias aplica\u00e7\u00f5es offshore e onshore. Dispon\u00edvel como LED, xen\u00f4nio, filamento e far\u00f3is fluorescentes. A linha SM87 SL \u00e9 fabricada em liga de grau mar\u00edtimo ou a\u00e7o inoxid\u00e1vel e o XB11 SL em GRP livre de corros\u00e3o para fornecer uma ampla gama de luzes de status para atender aos requisitos dos clientes. Todas as unidades podem ser fornecidas como 1, 2, 3, 4 ou 5 vias. Recursos Uso da Zona 1 e Zona 2. Exd. * Aprovado pela ATEX, Ex II 2GD. * Certificado BASEEFA. Gb, Db com certifica\u00e7\u00e3o IECEx. * UL listado para EUA e Canad\u00e1: Classe I, Div.\u00a01 e 2, Grupos C e D. Classe I, Zona 1, AExd IIB T6. * Certifica\u00e7\u00e3o CSA. Certificado pela CUTR * Certificado chin\u00eas (CQST). Certificado brasileiro (Inmetro). IP66 e 67. * Temperatura certificada: \u201355\u00baC a + 70\u00baC. * LED, xen\u00f4nio, fluorescente, filamento. Liga de grau mar\u00edtimo, op\u00e7\u00e3o de a\u00e7o inoxid\u00e1vel ou GRP. Close-coupled e pr\u00e9-cabeado de acordo com os requisitos do cliente. * Depende do modelo.","og_url":"https:\/\/fullsolutions.info\/en\/product\/luz-de-status-medc-sm87slluz-de-status-medc-sm87sl\/","og_site_name":"Full Solutions","article_modified_time":"2024-02-19T16:16:24+00:00","og_image":[{"width":560,"height":315,"url":"https:\/\/mlhff0prgoxu.i.optimole.com\/cb:s0sM.767\/w:auto\/h:auto\/q:mauto\/f:best\/https:\/\/fullsolutions.info\/wp-content\/uploads\/2023\/10\/29.png","type":"image\/png"}],"twitter_card":"summary_large_image","twitter_misc":{"Est. reading time":"1 minute"},"schema":{"@context":"https:\/\/schema.org","@graph":[{"@type":"WebPage","@id":"https:\/\/fullsolutions.info\/produto\/luz-de-status-medc-sm87slluz-de-status-medc-sm87sl\/","url":"https:\/\/fullsolutions.info\/produto\/luz-de-status-medc-sm87slluz-de-status-medc-sm87sl\/","name":"Luz de status MEDC SM87SLLuz de status MEDC SM87SL - Full Solutions","isPartOf":{"@id":"https:\/\/fullsolutions.info\/#website"},"primaryImageOfPage":{"@id":"https:\/\/fullsolutions.info\/produto\/luz-de-status-medc-sm87slluz-de-status-medc-sm87sl\/#primaryimage"},"image":{"@id":"https:\/\/fullsolutions.info\/produto\/luz-de-status-medc-sm87slluz-de-status-medc-sm87sl\/#primaryimage"},"thumbnailUrl":"https:\/\/mlhff0prgoxu.i.optimole.com\/cb:s0sM.767\/w:auto\/h:auto\/q:mauto\/f:best\/https:\/\/fullsolutions.info\/wp-content\/uploads\/2023\/10\/29.png","datePublished":"2023-10-31T20:01:28+00:00","dateModified":"2024-02-19T16:16:24+00:00","breadcrumb":{"@id":"https:\/\/fullsolutions.info\/produto\/luz-de-status-medc-sm87slluz-de-status-medc-sm87sl\/#breadcrumb"},"inLanguage":"en-US","potentialAction":[{"@type":"ReadAction","target":["https:\/\/fullsolutions.info\/produto\/luz-de-status-medc-sm87slluz-de-status-medc-sm87sl\/"]}]},{"@type":"ImageObject","inLanguage":"en-US","@id":"https:\/\/fullsolutions.info\/produto\/luz-de-status-medc-sm87slluz-de-status-medc-sm87sl\/#primaryimage","url":"https:\/\/mlhff0prgoxu.i.optimole.com\/cb:s0sM.767\/w:auto\/h:auto\/q:mauto\/f:best\/https:\/\/fullsolutions.info\/wp-content\/uploads\/2023\/10\/29.png","contentUrl":"https:\/\/mlhff0prgoxu.i.optimole.com\/cb:s0sM.767\/w:auto\/h:auto\/q:mauto\/f:best\/https:\/\/fullsolutions.info\/wp-content\/uploads\/2023\/10\/29.png","width":560,"height":315},{"@type":"BreadcrumbList","@id":"https:\/\/fullsolutions.info\/produto\/luz-de-status-medc-sm87slluz-de-status-medc-sm87sl\/#breadcrumb","itemListElement":[{"@type":"ListItem","position":1,"name":"In\u00edcio","item":"https:\/\/fullsolutions.info\/"},{"@type":"ListItem","position":2,"name":"Produtos","item":"https:\/\/fullsolutions.info\/shop\/"},{"@type":"ListItem","position":3,"name":"Luz de status MEDC SM87SLLuz de status MEDC SM87SL"}]},{"@type":"WebSite","@id":"https:\/\/fullsolutions.info\/#website","url":"https:\/\/fullsolutions.info\/","name":"Full Solutions","description":"Empresa na \u00c1rea de Procurement","publisher":{"@id":"https:\/\/fullsolutions.info\/#organization"},"potentialAction":[{"@type":"SearchAction","target":{"@type":"EntryPoint","urlTemplate":"https:\/\/fullsolutions.info\/?s={search_term_string}"},"query-input":{"@type":"PropertyValueSpecification","valueRequired":true,"valueName":"search_term_string"}}],"inLanguage":"en-US"},{"@type":"Organization","@id":"https:\/\/fullsolutions.info\/#organization","name":"Full Solutions","url":"https:\/\/fullsolutions.info\/","logo":{"@type":"ImageObject","inLanguage":"en-US","@id":"https:\/\/fullsolutions.info\/#\/schema\/logo\/image\/","url":"https:\/\/mlhff0prgoxu.i.optimole.com\/cb:s0sM.767\/w:auto\/h:auto\/q:mauto\/f:best\/https:\/\/fullsolutions.info\/wp-content\/uploads\/2021\/07\/cropped-Design-sem-nome-300x193-1-e1627062664782.png","contentUrl":"https:\/\/mlhff0prgoxu.i.optimole.com\/cb:s0sM.767\/w:auto\/h:auto\/q:mauto\/f:best\/https:\/\/fullsolutions.info\/wp-content\/uploads\/2021\/07\/cropped-Design-sem-nome-300x193-1-e1627062664782.png","width":202,"height":155,"caption":"Full Solutions"},"image":{"@id":"https:\/\/fullsolutions.info\/#\/schema\/logo\/image\/"},"sameAs":["https:\/\/www.linkedin.com\/company\/full-solutions-equipment"]}]}},"_links":{"self":[{"href":"https:\/\/fullsolutions.info\/en\/wp-json\/wp\/v2\/product\/3633","targetHints":{"allow":["GET"]}}],"collection":[{"href":"https:\/\/fullsolutions.info\/en\/wp-json\/wp\/v2\/product"}],"about":[{"href":"https:\/\/fullsolutions.info\/en\/wp-json\/wp\/v2\/types\/product"}],"replies":[{"embeddable":true,"href":"https:\/\/fullsolutions.info\/en\/wp-json\/wp\/v2\/comments?post=3633"}],"wp:featuredmedia":[{"embeddable":true,"href":"https:\/\/fullsolutions.info\/en\/wp-json\/wp\/v2\/media\/3634"}],"wp:attachment":[{"href":"https:\/\/fullsolutions.info\/en\/wp-json\/wp\/v2\/media?parent=3633"}],"wp:term":[{"taxonomy":"product_brand","embeddable":true,"href":"https:\/\/fullsolutions.info\/en\/wp-json\/wp\/v2\/product_brand?post=3633"},{"taxonomy":"product_cat","embeddable":true,"href":"https:\/\/fullsolutions.info\/en\/wp-json\/wp\/v2\/product_cat?post=3633"},{"taxonomy":"product_tag","embeddable":true,"href":"https:\/\/fullsolutions.info\/en\/wp-json\/wp\/v2\/product_tag?post=3633"},{"taxonomy":"marca","embeddable":true,"href":"https:\/\/fullsolutions.info\/en\/wp-json\/wp\/v2\/marca?post=3633"}],"curies":[{"name":"wp","href":"https:\/\/api.w.org\/{rel}","templated":true}]}}