{"id":3629,"date":"2023-10-31T19:59:19","date_gmt":"2023-10-31T19:59:19","guid":{"rendered":"https:\/\/fullsolutionsequip.com\/?post_type=product&#038;p=3629"},"modified":"2024-02-19T16:16:24","modified_gmt":"2024-02-19T16:16:24","slug":"medc-xb16-faixa-de-10-joule-xenon-beacons","status":"publish","type":"product","link":"https:\/\/fullsolutions.info\/en\/product\/medc-xb16-faixa-de-10-joule-xenon-beacons\/","title":{"rendered":"MEDC XB16 Faixa de 10 Joule Xenon Beacons"},"content":{"rendered":"<div class=\"elementor-element elementor-element-b17befe elementor-widget elementor-widget-heading\" data-id=\"b17befe\" data-element_type=\"widget\" data-widget_type=\"heading.default\">\n<div class=\"elementor-widget-container\">\n<p class=\"elementor-heading-title elementor-size-default\"><strong>Descri\u00e7\u00e3o<\/strong><\/p>\n<\/div>\n<\/div>\n<div class=\"elementor-element elementor-element-2dbd9d0 elementor-widget elementor-widget-text-editor\" data-id=\"2dbd9d0\" data-element_type=\"widget\" data-widget_type=\"text-editor.default\">\n<div class=\"elementor-widget-container\">\n<div class=\"elementor-text-editor elementor-clearfix\">\n<p>Esses far\u00f3is listados foram projetados para uso em atmosferas potencialmente explosivas e condi\u00e7\u00f5es ambientais adversas.\u00a0Os gabinetes s\u00e3o adequados para uso offshore ou onshore, onde \u00e9 necess\u00e1rio um peso leve combinado com resist\u00eancia \u00e0 corros\u00e3o.<\/p>\n<p>A caixa \u00e9 fabricada em poli\u00e9ster refor\u00e7ado com vidro, est\u00e1vel aos raios ultravioleta, e as lentes s\u00e3o fabricadas em policarbonato est\u00e1vel aos raios ultravioleta.\u00a0Parafusos de a\u00e7o inoxid\u00e1vel s\u00e3o usados \u200b\u200bgarantindo um produto totalmente livre de corros\u00e3o.<\/p>\n<p>O modelo XB16 cont\u00e9m diodo de supervis\u00e3o e quatro fios condutores para aplica\u00e7\u00f5es de alarme de inc\u00eandio.\u00a0Este farol tamb\u00e9m est\u00e1 dispon\u00edvel com certifica\u00e7\u00e3o UL 1971 (ADA) para aplica\u00e7\u00f5es para deficientes auditivos.<\/p>\n<p>As unidades podem ser pintadas de acordo com as especifica\u00e7\u00f5es do cliente e fornecidas com etiquetas de identifica\u00e7\u00e3o.<\/p>\n<p><strong>Recursos<\/strong><\/p>\n<ul>\n<li>listado para EUA e Canad\u00e1.\n<ul>\n<li>\u2013 Locais perigosos para os EUA e Canad\u00e1:\n<ul>\n<li>Classe I, Div.\u00a02, Grupos A, B, C e D *.<\/li>\n<li>Classe II, Div.\u00a02, Grupos F e G.<\/li>\n<li>Dispon\u00edvel vers\u00e3o compat\u00edvel com UL 1971 \u2020.<\/li>\n<\/ul>\n<\/li>\n<li>\u2013 Localiza\u00e7\u00f5es comuns: Dispositivo Visual Signa.l.<\/li>\n<li>\u2013 Dependente do modelo de avalia\u00e7\u00e3o \u2018T\u2019.<\/li>\n<\/ul>\n<\/li>\n<li>IP66 e 67.<\/li>\n<li>Temperatura certificada: \u201355\u00baC a + 70\u00baC.<\/li>\n<li>Montagem em tubo com entrada NPT de \u00be \u201d.<\/li>\n<li>Caixa de GRP livre de corros\u00e3o.<\/li>\n<li>580.000 candlepower de pico.<\/li>\n<li>Lente de policarbonato, v\u00e1rias cores dispon\u00edveis \u2020.<\/li>\n<li>Placa monitorada por diodo de 4 fios.<\/li>\n<li>Iniciar rel\u00e9 opcional.<\/li>\n<li>Protetor de lente opcional.<br \/>\n* Em conformidade com o padr\u00e3o UL ou tens\u00e3o regulada.<br \/>\n\u2020 Vers\u00e3o UL 1971 dispon\u00edvel apenas com lentes transparentes.<\/li>\n<\/ul>\n<\/div>\n<\/div>\n<\/div>","protected":false},"excerpt":{"rendered":"<p>Descri\u00e7\u00e3o Esses far\u00f3is listados foram projetados para uso em atmosferas potencialmente explosivas e condi\u00e7\u00f5es ambientais adversas.\u00a0Os gabinetes s\u00e3o adequados para uso offshore ou onshore, onde \u00e9 necess\u00e1rio um peso leve combinado com resist\u00eancia \u00e0 corros\u00e3o. A caixa \u00e9 fabricada em poli\u00e9ster refor\u00e7ado com vidro, est\u00e1vel aos raios ultravioleta, e as lentes s\u00e3o fabricadas em policarbonato est\u00e1vel aos raios ultravioleta.\u00a0Parafusos de a\u00e7o inoxid\u00e1vel s\u00e3o usados \u200b\u200bgarantindo um produto totalmente livre de corros\u00e3o. O modelo XB16 cont\u00e9m diodo de supervis\u00e3o e quatro fios condutores para aplica\u00e7\u00f5es de alarme de inc\u00eandio.\u00a0Este farol tamb\u00e9m est\u00e1 dispon\u00edvel com certifica\u00e7\u00e3o UL 1971 (ADA) para aplica\u00e7\u00f5es para deficientes auditivos. As unidades podem ser pintadas de acordo com as especifica\u00e7\u00f5es do cliente e fornecidas com etiquetas de identifica\u00e7\u00e3o. Recursos listado para EUA e Canad\u00e1. \u2013 Locais perigosos para os EUA e Canad\u00e1: Classe I, Div.\u00a02, Grupos A, B, C e D *. Classe II, Div.\u00a02, Grupos F e G. Dispon\u00edvel vers\u00e3o compat\u00edvel com UL 1971 \u2020. \u2013 Localiza\u00e7\u00f5es comuns: Dispositivo Visual Signa.l. \u2013 Dependente do modelo de avalia\u00e7\u00e3o \u2018T\u2019. IP66 e 67. Temperatura certificada: \u201355\u00baC a + 70\u00baC. Montagem em tubo com entrada NPT de \u00be \u201d. Caixa de GRP livre de corros\u00e3o. 580.000 candlepower de pico. Lente de policarbonato, v\u00e1rias cores dispon\u00edveis \u2020. Placa monitorada por diodo de 4 fios. Iniciar rel\u00e9 opcional. Protetor de lente opcional. * Em conformidade com o padr\u00e3o UL ou tens\u00e3o regulada. \u2020 Vers\u00e3o UL 1971 dispon\u00edvel apenas com lentes transparentes.<\/p>","protected":false},"featured_media":3630,"comment_status":"open","ping_status":"closed","template":"","meta":{"_joinchat":[]},"product_brand":[],"product_cat":[131],"product_tag":[],"marca":[74],"class_list":{"0":"post-3629","1":"product","2":"type-product","3":"status-publish","4":"has-post-thumbnail","6":"product_cat-farois-luzes-estroboscopicas","7":"marca-medc","9":"first","10":"instock","11":"shipping-taxable","12":"purchasable","13":"product-type-simple"},"yoast_head":"<!-- This site is optimized with the Yoast SEO plugin v27.2 - https:\/\/yoast.com\/product\/yoast-seo-wordpress\/ -->\n<title>MEDC XB16 Faixa de 10 Joule Xenon Beacons - Full Solutions<\/title>\n<meta name=\"robots\" content=\"index, follow, max-snippet:-1, max-image-preview:large, max-video-preview:-1\" \/>\n<link rel=\"canonical\" href=\"https:\/\/fullsolutions.info\/en\/product\/medc-xb16-faixa-de-10-joule-xenon-beacons\/\" \/>\n<meta property=\"og:locale\" content=\"en_US\" \/>\n<meta property=\"og:type\" content=\"article\" \/>\n<meta property=\"og:title\" content=\"MEDC XB16 Faixa de 10 Joule Xenon Beacons - Full Solutions\" \/>\n<meta property=\"og:description\" content=\"Descri\u00e7\u00e3o Esses far\u00f3is listados foram projetados para uso em atmosferas potencialmente explosivas e condi\u00e7\u00f5es ambientais adversas.\u00a0Os gabinetes s\u00e3o adequados para uso offshore ou onshore, onde \u00e9 necess\u00e1rio um peso leve combinado com resist\u00eancia \u00e0 corros\u00e3o. A caixa \u00e9 fabricada em poli\u00e9ster refor\u00e7ado com vidro, est\u00e1vel aos raios ultravioleta, e as lentes s\u00e3o fabricadas em policarbonato est\u00e1vel aos raios ultravioleta.\u00a0Parafusos de a\u00e7o inoxid\u00e1vel s\u00e3o usados \u200b\u200bgarantindo um produto totalmente livre de corros\u00e3o. O modelo XB16 cont\u00e9m diodo de supervis\u00e3o e quatro fios condutores para aplica\u00e7\u00f5es de alarme de inc\u00eandio.\u00a0Este farol tamb\u00e9m est\u00e1 dispon\u00edvel com certifica\u00e7\u00e3o UL 1971 (ADA) para aplica\u00e7\u00f5es para deficientes auditivos. As unidades podem ser pintadas de acordo com as especifica\u00e7\u00f5es do cliente e fornecidas com etiquetas de identifica\u00e7\u00e3o. Recursos listado para EUA e Canad\u00e1. \u2013 Locais perigosos para os EUA e Canad\u00e1: Classe I, Div.\u00a02, Grupos A, B, C e D *. Classe II, Div.\u00a02, Grupos F e G. Dispon\u00edvel vers\u00e3o compat\u00edvel com UL 1971 \u2020. \u2013 Localiza\u00e7\u00f5es comuns: Dispositivo Visual Signa.l. \u2013 Dependente do modelo de avalia\u00e7\u00e3o \u2018T\u2019. IP66 e 67. Temperatura certificada: \u201355\u00baC a + 70\u00baC. Montagem em tubo com entrada NPT de \u00be \u201d. Caixa de GRP livre de corros\u00e3o. 580.000 candlepower de pico. Lente de policarbonato, v\u00e1rias cores dispon\u00edveis \u2020. Placa monitorada por diodo de 4 fios. Iniciar rel\u00e9 opcional. Protetor de lente opcional. * Em conformidade com o padr\u00e3o UL ou tens\u00e3o regulada. \u2020 Vers\u00e3o UL 1971 dispon\u00edvel apenas com lentes transparentes.\" \/>\n<meta property=\"og:url\" content=\"https:\/\/fullsolutions.info\/en\/product\/medc-xb16-faixa-de-10-joule-xenon-beacons\/\" \/>\n<meta property=\"og:site_name\" content=\"Full Solutions\" \/>\n<meta property=\"article:modified_time\" content=\"2024-02-19T16:16:24+00:00\" \/>\n<meta property=\"og:image\" content=\"https:\/\/mlhff0prgoxu.i.optimole.com\/cb:s0sM.767\/w:auto\/h:auto\/q:mauto\/f:best\/https:\/\/fullsolutions.info\/wp-content\/uploads\/2023\/10\/27.png\" \/>\n\t<meta property=\"og:image:width\" content=\"560\" \/>\n\t<meta property=\"og:image:height\" content=\"315\" \/>\n\t<meta property=\"og:image:type\" content=\"image\/png\" \/>\n<meta name=\"twitter:card\" content=\"summary_large_image\" \/>\n<meta name=\"twitter:label1\" content=\"Est. reading time\" \/>\n\t<meta name=\"twitter:data1\" content=\"1 minute\" \/>\n<script type=\"application\/ld+json\" class=\"yoast-schema-graph\">{\"@context\":\"https:\/\/schema.org\",\"@graph\":[{\"@type\":\"WebPage\",\"@id\":\"https:\/\/fullsolutions.info\/produto\/medc-xb16-faixa-de-10-joule-xenon-beacons\/\",\"url\":\"https:\/\/fullsolutions.info\/produto\/medc-xb16-faixa-de-10-joule-xenon-beacons\/\",\"name\":\"MEDC XB16 Faixa de 10 Joule Xenon Beacons - Full Solutions\",\"isPartOf\":{\"@id\":\"https:\/\/fullsolutions.info\/#website\"},\"primaryImageOfPage\":{\"@id\":\"https:\/\/fullsolutions.info\/produto\/medc-xb16-faixa-de-10-joule-xenon-beacons\/#primaryimage\"},\"image\":{\"@id\":\"https:\/\/fullsolutions.info\/produto\/medc-xb16-faixa-de-10-joule-xenon-beacons\/#primaryimage\"},\"thumbnailUrl\":\"https:\/\/mlhff0prgoxu.i.optimole.com\/cb:s0sM.767\/w:auto\/h:auto\/q:mauto\/f:best\/https:\/\/fullsolutions.info\/wp-content\/uploads\/2023\/10\/27.png\",\"datePublished\":\"2023-10-31T19:59:19+00:00\",\"dateModified\":\"2024-02-19T16:16:24+00:00\",\"breadcrumb\":{\"@id\":\"https:\/\/fullsolutions.info\/produto\/medc-xb16-faixa-de-10-joule-xenon-beacons\/#breadcrumb\"},\"inLanguage\":\"en-US\",\"potentialAction\":[{\"@type\":\"ReadAction\",\"target\":[\"https:\/\/fullsolutions.info\/produto\/medc-xb16-faixa-de-10-joule-xenon-beacons\/\"]}]},{\"@type\":\"ImageObject\",\"inLanguage\":\"en-US\",\"@id\":\"https:\/\/fullsolutions.info\/produto\/medc-xb16-faixa-de-10-joule-xenon-beacons\/#primaryimage\",\"url\":\"https:\/\/mlhff0prgoxu.i.optimole.com\/cb:s0sM.767\/w:auto\/h:auto\/q:mauto\/f:best\/https:\/\/fullsolutions.info\/wp-content\/uploads\/2023\/10\/27.png\",\"contentUrl\":\"https:\/\/mlhff0prgoxu.i.optimole.com\/cb:s0sM.767\/w:auto\/h:auto\/q:mauto\/f:best\/https:\/\/fullsolutions.info\/wp-content\/uploads\/2023\/10\/27.png\",\"width\":560,\"height\":315},{\"@type\":\"BreadcrumbList\",\"@id\":\"https:\/\/fullsolutions.info\/produto\/medc-xb16-faixa-de-10-joule-xenon-beacons\/#breadcrumb\",\"itemListElement\":[{\"@type\":\"ListItem\",\"position\":1,\"name\":\"In\u00edcio\",\"item\":\"https:\/\/fullsolutions.info\/\"},{\"@type\":\"ListItem\",\"position\":2,\"name\":\"Produtos\",\"item\":\"https:\/\/fullsolutions.info\/shop\/\"},{\"@type\":\"ListItem\",\"position\":3,\"name\":\"MEDC XB16 Faixa de 10 Joule Xenon Beacons\"}]},{\"@type\":\"WebSite\",\"@id\":\"https:\/\/fullsolutions.info\/#website\",\"url\":\"https:\/\/fullsolutions.info\/\",\"name\":\"Full Solutions\",\"description\":\"Empresa na \u00c1rea de Procurement\",\"publisher\":{\"@id\":\"https:\/\/fullsolutions.info\/#organization\"},\"potentialAction\":[{\"@type\":\"SearchAction\",\"target\":{\"@type\":\"EntryPoint\",\"urlTemplate\":\"https:\/\/fullsolutions.info\/?s={search_term_string}\"},\"query-input\":{\"@type\":\"PropertyValueSpecification\",\"valueRequired\":true,\"valueName\":\"search_term_string\"}}],\"inLanguage\":\"en-US\"},{\"@type\":\"Organization\",\"@id\":\"https:\/\/fullsolutions.info\/#organization\",\"name\":\"Full Solutions\",\"url\":\"https:\/\/fullsolutions.info\/\",\"logo\":{\"@type\":\"ImageObject\",\"inLanguage\":\"en-US\",\"@id\":\"https:\/\/fullsolutions.info\/#\/schema\/logo\/image\/\",\"url\":\"https:\/\/mlhff0prgoxu.i.optimole.com\/cb:s0sM.767\/w:auto\/h:auto\/q:mauto\/f:best\/https:\/\/fullsolutions.info\/wp-content\/uploads\/2021\/07\/cropped-Design-sem-nome-300x193-1-e1627062664782.png\",\"contentUrl\":\"https:\/\/mlhff0prgoxu.i.optimole.com\/cb:s0sM.767\/w:auto\/h:auto\/q:mauto\/f:best\/https:\/\/fullsolutions.info\/wp-content\/uploads\/2021\/07\/cropped-Design-sem-nome-300x193-1-e1627062664782.png\",\"width\":202,\"height\":155,\"caption\":\"Full Solutions\"},\"image\":{\"@id\":\"https:\/\/fullsolutions.info\/#\/schema\/logo\/image\/\"},\"sameAs\":[\"https:\/\/www.linkedin.com\/company\/full-solutions-equipment\"]}]}<\/script>\n<!-- \/ Yoast SEO plugin. -->","yoast_head_json":{"title":"MEDC XB16 Faixa de 10 Joule Xenon Beacons - Full Solutions","robots":{"index":"index","follow":"follow","max-snippet":"max-snippet:-1","max-image-preview":"max-image-preview:large","max-video-preview":"max-video-preview:-1"},"canonical":"https:\/\/fullsolutions.info\/en\/product\/medc-xb16-faixa-de-10-joule-xenon-beacons\/","og_locale":"en_US","og_type":"article","og_title":"MEDC XB16 Faixa de 10 Joule Xenon Beacons - Full Solutions","og_description":"Descri\u00e7\u00e3o Esses far\u00f3is listados foram projetados para uso em atmosferas potencialmente explosivas e condi\u00e7\u00f5es ambientais adversas.\u00a0Os gabinetes s\u00e3o adequados para uso offshore ou onshore, onde \u00e9 necess\u00e1rio um peso leve combinado com resist\u00eancia \u00e0 corros\u00e3o. A caixa \u00e9 fabricada em poli\u00e9ster refor\u00e7ado com vidro, est\u00e1vel aos raios ultravioleta, e as lentes s\u00e3o fabricadas em policarbonato est\u00e1vel aos raios ultravioleta.\u00a0Parafusos de a\u00e7o inoxid\u00e1vel s\u00e3o usados \u200b\u200bgarantindo um produto totalmente livre de corros\u00e3o. O modelo XB16 cont\u00e9m diodo de supervis\u00e3o e quatro fios condutores para aplica\u00e7\u00f5es de alarme de inc\u00eandio.\u00a0Este farol tamb\u00e9m est\u00e1 dispon\u00edvel com certifica\u00e7\u00e3o UL 1971 (ADA) para aplica\u00e7\u00f5es para deficientes auditivos. As unidades podem ser pintadas de acordo com as especifica\u00e7\u00f5es do cliente e fornecidas com etiquetas de identifica\u00e7\u00e3o. Recursos listado para EUA e Canad\u00e1. \u2013 Locais perigosos para os EUA e Canad\u00e1: Classe I, Div.\u00a02, Grupos A, B, C e D *. Classe II, Div.\u00a02, Grupos F e G. Dispon\u00edvel vers\u00e3o compat\u00edvel com UL 1971 \u2020. \u2013 Localiza\u00e7\u00f5es comuns: Dispositivo Visual Signa.l. \u2013 Dependente do modelo de avalia\u00e7\u00e3o \u2018T\u2019. IP66 e 67. Temperatura certificada: \u201355\u00baC a + 70\u00baC. Montagem em tubo com entrada NPT de \u00be \u201d. Caixa de GRP livre de corros\u00e3o. 580.000 candlepower de pico. Lente de policarbonato, v\u00e1rias cores dispon\u00edveis \u2020. Placa monitorada por diodo de 4 fios. Iniciar rel\u00e9 opcional. Protetor de lente opcional. * Em conformidade com o padr\u00e3o UL ou tens\u00e3o regulada. \u2020 Vers\u00e3o UL 1971 dispon\u00edvel apenas com lentes transparentes.","og_url":"https:\/\/fullsolutions.info\/en\/product\/medc-xb16-faixa-de-10-joule-xenon-beacons\/","og_site_name":"Full Solutions","article_modified_time":"2024-02-19T16:16:24+00:00","og_image":[{"width":560,"height":315,"url":"https:\/\/mlhff0prgoxu.i.optimole.com\/cb:s0sM.767\/w:auto\/h:auto\/q:mauto\/f:best\/https:\/\/fullsolutions.info\/wp-content\/uploads\/2023\/10\/27.png","type":"image\/png"}],"twitter_card":"summary_large_image","twitter_misc":{"Est. reading time":"1 minute"},"schema":{"@context":"https:\/\/schema.org","@graph":[{"@type":"WebPage","@id":"https:\/\/fullsolutions.info\/produto\/medc-xb16-faixa-de-10-joule-xenon-beacons\/","url":"https:\/\/fullsolutions.info\/produto\/medc-xb16-faixa-de-10-joule-xenon-beacons\/","name":"MEDC XB16 Faixa de 10 Joule Xenon Beacons - Full Solutions","isPartOf":{"@id":"https:\/\/fullsolutions.info\/#website"},"primaryImageOfPage":{"@id":"https:\/\/fullsolutions.info\/produto\/medc-xb16-faixa-de-10-joule-xenon-beacons\/#primaryimage"},"image":{"@id":"https:\/\/fullsolutions.info\/produto\/medc-xb16-faixa-de-10-joule-xenon-beacons\/#primaryimage"},"thumbnailUrl":"https:\/\/mlhff0prgoxu.i.optimole.com\/cb:s0sM.767\/w:auto\/h:auto\/q:mauto\/f:best\/https:\/\/fullsolutions.info\/wp-content\/uploads\/2023\/10\/27.png","datePublished":"2023-10-31T19:59:19+00:00","dateModified":"2024-02-19T16:16:24+00:00","breadcrumb":{"@id":"https:\/\/fullsolutions.info\/produto\/medc-xb16-faixa-de-10-joule-xenon-beacons\/#breadcrumb"},"inLanguage":"en-US","potentialAction":[{"@type":"ReadAction","target":["https:\/\/fullsolutions.info\/produto\/medc-xb16-faixa-de-10-joule-xenon-beacons\/"]}]},{"@type":"ImageObject","inLanguage":"en-US","@id":"https:\/\/fullsolutions.info\/produto\/medc-xb16-faixa-de-10-joule-xenon-beacons\/#primaryimage","url":"https:\/\/mlhff0prgoxu.i.optimole.com\/cb:s0sM.767\/w:auto\/h:auto\/q:mauto\/f:best\/https:\/\/fullsolutions.info\/wp-content\/uploads\/2023\/10\/27.png","contentUrl":"https:\/\/mlhff0prgoxu.i.optimole.com\/cb:s0sM.767\/w:auto\/h:auto\/q:mauto\/f:best\/https:\/\/fullsolutions.info\/wp-content\/uploads\/2023\/10\/27.png","width":560,"height":315},{"@type":"BreadcrumbList","@id":"https:\/\/fullsolutions.info\/produto\/medc-xb16-faixa-de-10-joule-xenon-beacons\/#breadcrumb","itemListElement":[{"@type":"ListItem","position":1,"name":"In\u00edcio","item":"https:\/\/fullsolutions.info\/"},{"@type":"ListItem","position":2,"name":"Produtos","item":"https:\/\/fullsolutions.info\/shop\/"},{"@type":"ListItem","position":3,"name":"MEDC XB16 Faixa de 10 Joule Xenon Beacons"}]},{"@type":"WebSite","@id":"https:\/\/fullsolutions.info\/#website","url":"https:\/\/fullsolutions.info\/","name":"Full Solutions","description":"Empresa na \u00c1rea de Procurement","publisher":{"@id":"https:\/\/fullsolutions.info\/#organization"},"potentialAction":[{"@type":"SearchAction","target":{"@type":"EntryPoint","urlTemplate":"https:\/\/fullsolutions.info\/?s={search_term_string}"},"query-input":{"@type":"PropertyValueSpecification","valueRequired":true,"valueName":"search_term_string"}}],"inLanguage":"en-US"},{"@type":"Organization","@id":"https:\/\/fullsolutions.info\/#organization","name":"Full Solutions","url":"https:\/\/fullsolutions.info\/","logo":{"@type":"ImageObject","inLanguage":"en-US","@id":"https:\/\/fullsolutions.info\/#\/schema\/logo\/image\/","url":"https:\/\/mlhff0prgoxu.i.optimole.com\/cb:s0sM.767\/w:auto\/h:auto\/q:mauto\/f:best\/https:\/\/fullsolutions.info\/wp-content\/uploads\/2021\/07\/cropped-Design-sem-nome-300x193-1-e1627062664782.png","contentUrl":"https:\/\/mlhff0prgoxu.i.optimole.com\/cb:s0sM.767\/w:auto\/h:auto\/q:mauto\/f:best\/https:\/\/fullsolutions.info\/wp-content\/uploads\/2021\/07\/cropped-Design-sem-nome-300x193-1-e1627062664782.png","width":202,"height":155,"caption":"Full Solutions"},"image":{"@id":"https:\/\/fullsolutions.info\/#\/schema\/logo\/image\/"},"sameAs":["https:\/\/www.linkedin.com\/company\/full-solutions-equipment"]}]}},"_links":{"self":[{"href":"https:\/\/fullsolutions.info\/en\/wp-json\/wp\/v2\/product\/3629","targetHints":{"allow":["GET"]}}],"collection":[{"href":"https:\/\/fullsolutions.info\/en\/wp-json\/wp\/v2\/product"}],"about":[{"href":"https:\/\/fullsolutions.info\/en\/wp-json\/wp\/v2\/types\/product"}],"replies":[{"embeddable":true,"href":"https:\/\/fullsolutions.info\/en\/wp-json\/wp\/v2\/comments?post=3629"}],"wp:featuredmedia":[{"embeddable":true,"href":"https:\/\/fullsolutions.info\/en\/wp-json\/wp\/v2\/media\/3630"}],"wp:attachment":[{"href":"https:\/\/fullsolutions.info\/en\/wp-json\/wp\/v2\/media?parent=3629"}],"wp:term":[{"taxonomy":"product_brand","embeddable":true,"href":"https:\/\/fullsolutions.info\/en\/wp-json\/wp\/v2\/product_brand?post=3629"},{"taxonomy":"product_cat","embeddable":true,"href":"https:\/\/fullsolutions.info\/en\/wp-json\/wp\/v2\/product_cat?post=3629"},{"taxonomy":"product_tag","embeddable":true,"href":"https:\/\/fullsolutions.info\/en\/wp-json\/wp\/v2\/product_tag?post=3629"},{"taxonomy":"marca","embeddable":true,"href":"https:\/\/fullsolutions.info\/en\/wp-json\/wp\/v2\/marca?post=3629"}],"curies":[{"name":"wp","href":"https:\/\/api.w.org\/{rel}","templated":true}]}}