{"id":3627,"date":"2023-10-31T19:57:59","date_gmt":"2023-10-31T19:57:59","guid":{"rendered":"https:\/\/fullsolutionsequip.com\/?post_type=product&#038;p=3627"},"modified":"2024-02-19T16:16:24","modified_gmt":"2024-02-19T16:16:24","slug":"medc-xb10-10-e-15-joule-xenon-beacon-range","status":"publish","type":"product","link":"https:\/\/fullsolutions.info\/en\/product\/medc-xb10-10-e-15-joule-xenon-beacon-range\/","title":{"rendered":"MEDC XB10 10 e 15 Joule Xenon Beacon Range"},"content":{"rendered":"<div class=\"elementor-element elementor-element-b17befe elementor-widget elementor-widget-heading\" data-id=\"b17befe\" data-element_type=\"widget\" data-widget_type=\"heading.default\">\n<div class=\"elementor-widget-container\">\n<p class=\"elementor-heading-title elementor-size-default\"><strong>Descri\u00e7\u00e3o<\/strong><\/p>\n<\/div>\n<\/div>\n<div class=\"elementor-element elementor-element-2dbd9d0 elementor-widget elementor-widget-text-editor\" data-id=\"2dbd9d0\" data-element_type=\"widget\" data-widget_type=\"text-editor.default\">\n<div class=\"elementor-widget-container\">\n<div class=\"elementor-text-editor elementor-clearfix\">\n<p>Esses far\u00f3is compactos e leves de 10 e 15 Joule foram projetados para uso em atmosferas potencialmente explosivas e em condi\u00e7\u00f5es ambientais adversas.\u00a0O inv\u00f3lucro do farol, incluindo os caminhos das chamas, \u00e9 totalmente fabricado em poli\u00e9ster refor\u00e7ado com vidro est\u00e1vel aos raios ultravioleta, ideal para uso offshore e onshore.<\/p>\n<p>Parafusos de a\u00e7o inoxid\u00e1vel e suporte de montagem s\u00e3o incorporados garantindo uma unidade totalmente livre de corros\u00e3o.\u00a0Uma bra\u00e7adeira de corpo adicional est\u00e1 dispon\u00edvel para ambientes de alta vibra\u00e7\u00e3o.\u00a0As unidades podem ser pintadas de acordo com as especifica\u00e7\u00f5es do cliente e fornecidas com etiquetas de identifica\u00e7\u00e3o.<\/p>\n<p><strong>Recursos<\/strong><\/p>\n<ul>\n<li>Uso da Zona 1 e Zona 2<\/li>\n<li>Ex d (e) IIB T4<\/li>\n<li>Aprovado pela ATEX, Ex II 2G<\/li>\n<li>Gb certificado IECEx<\/li>\n<li>TR CU certificado<\/li>\n<li>Certificado brasileiro (INMETRO)<\/li>\n<li>IP66 e IP67<\/li>\n<li>Temperatura certificada \u201355\u00baC a + 55\u00baC *<\/li>\n<li>Vers\u00e3o de 10 Joule de baixa corrente dispon\u00edvel<\/li>\n<li>GRP livre de corros\u00e3o<\/li>\n<li>V\u00e1rias cores de lente<\/li>\n<li>Protetor de lente instalado como padr\u00e3o<\/li>\n<li>Suporte e parafusos de montagem de a\u00e7o inoxid\u00e1vel<\/li>\n<li>Tubos g\u00eameos substitu\u00edveis<\/li>\n<li>Iniciar por telefone opcional<\/li>\n<li>Continuidade de terra opcional<br \/>\n* Dependente do modelo<\/li>\n<\/ul>\n<\/div>\n<\/div>\n<\/div>","protected":false},"excerpt":{"rendered":"<p>Descri\u00e7\u00e3o Esses far\u00f3is compactos e leves de 10 e 15 Joule foram projetados para uso em atmosferas potencialmente explosivas e em condi\u00e7\u00f5es ambientais adversas.\u00a0O inv\u00f3lucro do farol, incluindo os caminhos das chamas, \u00e9 totalmente fabricado em poli\u00e9ster refor\u00e7ado com vidro est\u00e1vel aos raios ultravioleta, ideal para uso offshore e onshore. Parafusos de a\u00e7o inoxid\u00e1vel e suporte de montagem s\u00e3o incorporados garantindo uma unidade totalmente livre de corros\u00e3o.\u00a0Uma bra\u00e7adeira de corpo adicional est\u00e1 dispon\u00edvel para ambientes de alta vibra\u00e7\u00e3o.\u00a0As unidades podem ser pintadas de acordo com as especifica\u00e7\u00f5es do cliente e fornecidas com etiquetas de identifica\u00e7\u00e3o. Recursos Uso da Zona 1 e Zona 2 Ex d (e) IIB T4 Aprovado pela ATEX, Ex II 2G Gb certificado IECEx TR CU certificado Certificado brasileiro (INMETRO) IP66 e IP67 Temperatura certificada \u201355\u00baC a + 55\u00baC * Vers\u00e3o de 10 Joule de baixa corrente dispon\u00edvel GRP livre de corros\u00e3o V\u00e1rias cores de lente Protetor de lente instalado como padr\u00e3o Suporte e parafusos de montagem de a\u00e7o inoxid\u00e1vel Tubos g\u00eameos substitu\u00edveis Iniciar por telefone opcional Continuidade de terra opcional * Dependente do modelo<\/p>","protected":false},"featured_media":3628,"comment_status":"open","ping_status":"closed","template":"","meta":{"_joinchat":[]},"product_brand":[],"product_cat":[131],"product_tag":[],"marca":[74],"class_list":{"0":"post-3627","1":"product","2":"type-product","3":"status-publish","4":"has-post-thumbnail","6":"product_cat-farois-luzes-estroboscopicas","7":"marca-medc","9":"first","10":"instock","11":"shipping-taxable","12":"purchasable","13":"product-type-simple"},"yoast_head":"<!-- This site is optimized with the Yoast SEO plugin v27.2 - https:\/\/yoast.com\/product\/yoast-seo-wordpress\/ -->\n<title>MEDC XB10 10 e 15 Joule Xenon Beacon Range - Full Solutions<\/title>\n<meta name=\"robots\" content=\"index, follow, max-snippet:-1, max-image-preview:large, max-video-preview:-1\" \/>\n<link rel=\"canonical\" href=\"https:\/\/fullsolutions.info\/en\/product\/medc-xb10-10-e-15-joule-xenon-beacon-range\/\" \/>\n<meta property=\"og:locale\" content=\"en_US\" \/>\n<meta property=\"og:type\" content=\"article\" \/>\n<meta property=\"og:title\" content=\"MEDC XB10 10 e 15 Joule Xenon Beacon Range - Full Solutions\" \/>\n<meta property=\"og:description\" content=\"Descri\u00e7\u00e3o Esses far\u00f3is compactos e leves de 10 e 15 Joule foram projetados para uso em atmosferas potencialmente explosivas e em condi\u00e7\u00f5es ambientais adversas.\u00a0O inv\u00f3lucro do farol, incluindo os caminhos das chamas, \u00e9 totalmente fabricado em poli\u00e9ster refor\u00e7ado com vidro est\u00e1vel aos raios ultravioleta, ideal para uso offshore e onshore. Parafusos de a\u00e7o inoxid\u00e1vel e suporte de montagem s\u00e3o incorporados garantindo uma unidade totalmente livre de corros\u00e3o.\u00a0Uma bra\u00e7adeira de corpo adicional est\u00e1 dispon\u00edvel para ambientes de alta vibra\u00e7\u00e3o.\u00a0As unidades podem ser pintadas de acordo com as especifica\u00e7\u00f5es do cliente e fornecidas com etiquetas de identifica\u00e7\u00e3o. Recursos Uso da Zona 1 e Zona 2 Ex d (e) IIB T4 Aprovado pela ATEX, Ex II 2G Gb certificado IECEx TR CU certificado Certificado brasileiro (INMETRO) IP66 e IP67 Temperatura certificada \u201355\u00baC a + 55\u00baC * Vers\u00e3o de 10 Joule de baixa corrente dispon\u00edvel GRP livre de corros\u00e3o V\u00e1rias cores de lente Protetor de lente instalado como padr\u00e3o Suporte e parafusos de montagem de a\u00e7o inoxid\u00e1vel Tubos g\u00eameos substitu\u00edveis Iniciar por telefone opcional Continuidade de terra opcional * Dependente do modelo\" \/>\n<meta property=\"og:url\" content=\"https:\/\/fullsolutions.info\/en\/product\/medc-xb10-10-e-15-joule-xenon-beacon-range\/\" \/>\n<meta property=\"og:site_name\" content=\"Full Solutions\" \/>\n<meta property=\"article:modified_time\" content=\"2024-02-19T16:16:24+00:00\" \/>\n<meta property=\"og:image\" content=\"https:\/\/mlhff0prgoxu.i.optimole.com\/cb:s0sM.767\/w:auto\/h:auto\/q:mauto\/f:best\/https:\/\/fullsolutions.info\/wp-content\/uploads\/2023\/10\/26.png\" \/>\n\t<meta property=\"og:image:width\" content=\"560\" \/>\n\t<meta property=\"og:image:height\" content=\"315\" \/>\n\t<meta property=\"og:image:type\" content=\"image\/png\" \/>\n<meta name=\"twitter:card\" content=\"summary_large_image\" \/>\n<meta name=\"twitter:label1\" content=\"Est. reading time\" \/>\n\t<meta name=\"twitter:data1\" content=\"1 minute\" \/>\n<script type=\"application\/ld+json\" class=\"yoast-schema-graph\">{\"@context\":\"https:\/\/schema.org\",\"@graph\":[{\"@type\":\"WebPage\",\"@id\":\"https:\/\/fullsolutions.info\/produto\/medc-xb10-10-e-15-joule-xenon-beacon-range\/\",\"url\":\"https:\/\/fullsolutions.info\/produto\/medc-xb10-10-e-15-joule-xenon-beacon-range\/\",\"name\":\"MEDC XB10 10 e 15 Joule Xenon Beacon Range - Full Solutions\",\"isPartOf\":{\"@id\":\"https:\/\/fullsolutions.info\/#website\"},\"primaryImageOfPage\":{\"@id\":\"https:\/\/fullsolutions.info\/produto\/medc-xb10-10-e-15-joule-xenon-beacon-range\/#primaryimage\"},\"image\":{\"@id\":\"https:\/\/fullsolutions.info\/produto\/medc-xb10-10-e-15-joule-xenon-beacon-range\/#primaryimage\"},\"thumbnailUrl\":\"https:\/\/mlhff0prgoxu.i.optimole.com\/cb:s0sM.767\/w:auto\/h:auto\/q:mauto\/f:best\/https:\/\/fullsolutions.info\/wp-content\/uploads\/2023\/10\/26.png\",\"datePublished\":\"2023-10-31T19:57:59+00:00\",\"dateModified\":\"2024-02-19T16:16:24+00:00\",\"breadcrumb\":{\"@id\":\"https:\/\/fullsolutions.info\/produto\/medc-xb10-10-e-15-joule-xenon-beacon-range\/#breadcrumb\"},\"inLanguage\":\"en-US\",\"potentialAction\":[{\"@type\":\"ReadAction\",\"target\":[\"https:\/\/fullsolutions.info\/produto\/medc-xb10-10-e-15-joule-xenon-beacon-range\/\"]}]},{\"@type\":\"ImageObject\",\"inLanguage\":\"en-US\",\"@id\":\"https:\/\/fullsolutions.info\/produto\/medc-xb10-10-e-15-joule-xenon-beacon-range\/#primaryimage\",\"url\":\"https:\/\/mlhff0prgoxu.i.optimole.com\/cb:s0sM.767\/w:auto\/h:auto\/q:mauto\/f:best\/https:\/\/fullsolutions.info\/wp-content\/uploads\/2023\/10\/26.png\",\"contentUrl\":\"https:\/\/mlhff0prgoxu.i.optimole.com\/cb:s0sM.767\/w:auto\/h:auto\/q:mauto\/f:best\/https:\/\/fullsolutions.info\/wp-content\/uploads\/2023\/10\/26.png\",\"width\":560,\"height\":315},{\"@type\":\"BreadcrumbList\",\"@id\":\"https:\/\/fullsolutions.info\/produto\/medc-xb10-10-e-15-joule-xenon-beacon-range\/#breadcrumb\",\"itemListElement\":[{\"@type\":\"ListItem\",\"position\":1,\"name\":\"In\u00edcio\",\"item\":\"https:\/\/fullsolutions.info\/\"},{\"@type\":\"ListItem\",\"position\":2,\"name\":\"Produtos\",\"item\":\"https:\/\/fullsolutions.info\/shop\/\"},{\"@type\":\"ListItem\",\"position\":3,\"name\":\"MEDC XB10 10 e 15 Joule Xenon Beacon Range\"}]},{\"@type\":\"WebSite\",\"@id\":\"https:\/\/fullsolutions.info\/#website\",\"url\":\"https:\/\/fullsolutions.info\/\",\"name\":\"Full Solutions\",\"description\":\"Empresa na \u00c1rea de Procurement\",\"publisher\":{\"@id\":\"https:\/\/fullsolutions.info\/#organization\"},\"potentialAction\":[{\"@type\":\"SearchAction\",\"target\":{\"@type\":\"EntryPoint\",\"urlTemplate\":\"https:\/\/fullsolutions.info\/?s={search_term_string}\"},\"query-input\":{\"@type\":\"PropertyValueSpecification\",\"valueRequired\":true,\"valueName\":\"search_term_string\"}}],\"inLanguage\":\"en-US\"},{\"@type\":\"Organization\",\"@id\":\"https:\/\/fullsolutions.info\/#organization\",\"name\":\"Full Solutions\",\"url\":\"https:\/\/fullsolutions.info\/\",\"logo\":{\"@type\":\"ImageObject\",\"inLanguage\":\"en-US\",\"@id\":\"https:\/\/fullsolutions.info\/#\/schema\/logo\/image\/\",\"url\":\"https:\/\/mlhff0prgoxu.i.optimole.com\/cb:s0sM.767\/w:auto\/h:auto\/q:mauto\/f:best\/https:\/\/fullsolutions.info\/wp-content\/uploads\/2021\/07\/cropped-Design-sem-nome-300x193-1-e1627062664782.png\",\"contentUrl\":\"https:\/\/mlhff0prgoxu.i.optimole.com\/cb:s0sM.767\/w:auto\/h:auto\/q:mauto\/f:best\/https:\/\/fullsolutions.info\/wp-content\/uploads\/2021\/07\/cropped-Design-sem-nome-300x193-1-e1627062664782.png\",\"width\":202,\"height\":155,\"caption\":\"Full Solutions\"},\"image\":{\"@id\":\"https:\/\/fullsolutions.info\/#\/schema\/logo\/image\/\"},\"sameAs\":[\"https:\/\/www.linkedin.com\/company\/full-solutions-equipment\"]}]}<\/script>\n<!-- \/ Yoast SEO plugin. -->","yoast_head_json":{"title":"MEDC XB10 10 e 15 Joule Xenon Beacon Range - Full Solutions","robots":{"index":"index","follow":"follow","max-snippet":"max-snippet:-1","max-image-preview":"max-image-preview:large","max-video-preview":"max-video-preview:-1"},"canonical":"https:\/\/fullsolutions.info\/en\/product\/medc-xb10-10-e-15-joule-xenon-beacon-range\/","og_locale":"en_US","og_type":"article","og_title":"MEDC XB10 10 e 15 Joule Xenon Beacon Range - Full Solutions","og_description":"Descri\u00e7\u00e3o Esses far\u00f3is compactos e leves de 10 e 15 Joule foram projetados para uso em atmosferas potencialmente explosivas e em condi\u00e7\u00f5es ambientais adversas.\u00a0O inv\u00f3lucro do farol, incluindo os caminhos das chamas, \u00e9 totalmente fabricado em poli\u00e9ster refor\u00e7ado com vidro est\u00e1vel aos raios ultravioleta, ideal para uso offshore e onshore. Parafusos de a\u00e7o inoxid\u00e1vel e suporte de montagem s\u00e3o incorporados garantindo uma unidade totalmente livre de corros\u00e3o.\u00a0Uma bra\u00e7adeira de corpo adicional est\u00e1 dispon\u00edvel para ambientes de alta vibra\u00e7\u00e3o.\u00a0As unidades podem ser pintadas de acordo com as especifica\u00e7\u00f5es do cliente e fornecidas com etiquetas de identifica\u00e7\u00e3o. Recursos Uso da Zona 1 e Zona 2 Ex d (e) IIB T4 Aprovado pela ATEX, Ex II 2G Gb certificado IECEx TR CU certificado Certificado brasileiro (INMETRO) IP66 e IP67 Temperatura certificada \u201355\u00baC a + 55\u00baC * Vers\u00e3o de 10 Joule de baixa corrente dispon\u00edvel GRP livre de corros\u00e3o V\u00e1rias cores de lente Protetor de lente instalado como padr\u00e3o Suporte e parafusos de montagem de a\u00e7o inoxid\u00e1vel Tubos g\u00eameos substitu\u00edveis Iniciar por telefone opcional Continuidade de terra opcional * Dependente do modelo","og_url":"https:\/\/fullsolutions.info\/en\/product\/medc-xb10-10-e-15-joule-xenon-beacon-range\/","og_site_name":"Full Solutions","article_modified_time":"2024-02-19T16:16:24+00:00","og_image":[{"width":560,"height":315,"url":"https:\/\/mlhff0prgoxu.i.optimole.com\/cb:s0sM.767\/w:auto\/h:auto\/q:mauto\/f:best\/https:\/\/fullsolutions.info\/wp-content\/uploads\/2023\/10\/26.png","type":"image\/png"}],"twitter_card":"summary_large_image","twitter_misc":{"Est. reading time":"1 minute"},"schema":{"@context":"https:\/\/schema.org","@graph":[{"@type":"WebPage","@id":"https:\/\/fullsolutions.info\/produto\/medc-xb10-10-e-15-joule-xenon-beacon-range\/","url":"https:\/\/fullsolutions.info\/produto\/medc-xb10-10-e-15-joule-xenon-beacon-range\/","name":"MEDC XB10 10 e 15 Joule Xenon Beacon Range - Full Solutions","isPartOf":{"@id":"https:\/\/fullsolutions.info\/#website"},"primaryImageOfPage":{"@id":"https:\/\/fullsolutions.info\/produto\/medc-xb10-10-e-15-joule-xenon-beacon-range\/#primaryimage"},"image":{"@id":"https:\/\/fullsolutions.info\/produto\/medc-xb10-10-e-15-joule-xenon-beacon-range\/#primaryimage"},"thumbnailUrl":"https:\/\/mlhff0prgoxu.i.optimole.com\/cb:s0sM.767\/w:auto\/h:auto\/q:mauto\/f:best\/https:\/\/fullsolutions.info\/wp-content\/uploads\/2023\/10\/26.png","datePublished":"2023-10-31T19:57:59+00:00","dateModified":"2024-02-19T16:16:24+00:00","breadcrumb":{"@id":"https:\/\/fullsolutions.info\/produto\/medc-xb10-10-e-15-joule-xenon-beacon-range\/#breadcrumb"},"inLanguage":"en-US","potentialAction":[{"@type":"ReadAction","target":["https:\/\/fullsolutions.info\/produto\/medc-xb10-10-e-15-joule-xenon-beacon-range\/"]}]},{"@type":"ImageObject","inLanguage":"en-US","@id":"https:\/\/fullsolutions.info\/produto\/medc-xb10-10-e-15-joule-xenon-beacon-range\/#primaryimage","url":"https:\/\/mlhff0prgoxu.i.optimole.com\/cb:s0sM.767\/w:auto\/h:auto\/q:mauto\/f:best\/https:\/\/fullsolutions.info\/wp-content\/uploads\/2023\/10\/26.png","contentUrl":"https:\/\/mlhff0prgoxu.i.optimole.com\/cb:s0sM.767\/w:auto\/h:auto\/q:mauto\/f:best\/https:\/\/fullsolutions.info\/wp-content\/uploads\/2023\/10\/26.png","width":560,"height":315},{"@type":"BreadcrumbList","@id":"https:\/\/fullsolutions.info\/produto\/medc-xb10-10-e-15-joule-xenon-beacon-range\/#breadcrumb","itemListElement":[{"@type":"ListItem","position":1,"name":"In\u00edcio","item":"https:\/\/fullsolutions.info\/"},{"@type":"ListItem","position":2,"name":"Produtos","item":"https:\/\/fullsolutions.info\/shop\/"},{"@type":"ListItem","position":3,"name":"MEDC XB10 10 e 15 Joule Xenon Beacon Range"}]},{"@type":"WebSite","@id":"https:\/\/fullsolutions.info\/#website","url":"https:\/\/fullsolutions.info\/","name":"Full Solutions","description":"Empresa na \u00c1rea de Procurement","publisher":{"@id":"https:\/\/fullsolutions.info\/#organization"},"potentialAction":[{"@type":"SearchAction","target":{"@type":"EntryPoint","urlTemplate":"https:\/\/fullsolutions.info\/?s={search_term_string}"},"query-input":{"@type":"PropertyValueSpecification","valueRequired":true,"valueName":"search_term_string"}}],"inLanguage":"en-US"},{"@type":"Organization","@id":"https:\/\/fullsolutions.info\/#organization","name":"Full Solutions","url":"https:\/\/fullsolutions.info\/","logo":{"@type":"ImageObject","inLanguage":"en-US","@id":"https:\/\/fullsolutions.info\/#\/schema\/logo\/image\/","url":"https:\/\/mlhff0prgoxu.i.optimole.com\/cb:s0sM.767\/w:auto\/h:auto\/q:mauto\/f:best\/https:\/\/fullsolutions.info\/wp-content\/uploads\/2021\/07\/cropped-Design-sem-nome-300x193-1-e1627062664782.png","contentUrl":"https:\/\/mlhff0prgoxu.i.optimole.com\/cb:s0sM.767\/w:auto\/h:auto\/q:mauto\/f:best\/https:\/\/fullsolutions.info\/wp-content\/uploads\/2021\/07\/cropped-Design-sem-nome-300x193-1-e1627062664782.png","width":202,"height":155,"caption":"Full Solutions"},"image":{"@id":"https:\/\/fullsolutions.info\/#\/schema\/logo\/image\/"},"sameAs":["https:\/\/www.linkedin.com\/company\/full-solutions-equipment"]}]}},"_links":{"self":[{"href":"https:\/\/fullsolutions.info\/en\/wp-json\/wp\/v2\/product\/3627","targetHints":{"allow":["GET"]}}],"collection":[{"href":"https:\/\/fullsolutions.info\/en\/wp-json\/wp\/v2\/product"}],"about":[{"href":"https:\/\/fullsolutions.info\/en\/wp-json\/wp\/v2\/types\/product"}],"replies":[{"embeddable":true,"href":"https:\/\/fullsolutions.info\/en\/wp-json\/wp\/v2\/comments?post=3627"}],"wp:featuredmedia":[{"embeddable":true,"href":"https:\/\/fullsolutions.info\/en\/wp-json\/wp\/v2\/media\/3628"}],"wp:attachment":[{"href":"https:\/\/fullsolutions.info\/en\/wp-json\/wp\/v2\/media?parent=3627"}],"wp:term":[{"taxonomy":"product_brand","embeddable":true,"href":"https:\/\/fullsolutions.info\/en\/wp-json\/wp\/v2\/product_brand?post=3627"},{"taxonomy":"product_cat","embeddable":true,"href":"https:\/\/fullsolutions.info\/en\/wp-json\/wp\/v2\/product_cat?post=3627"},{"taxonomy":"product_tag","embeddable":true,"href":"https:\/\/fullsolutions.info\/en\/wp-json\/wp\/v2\/product_tag?post=3627"},{"taxonomy":"marca","embeddable":true,"href":"https:\/\/fullsolutions.info\/en\/wp-json\/wp\/v2\/marca?post=3627"}],"curies":[{"name":"wp","href":"https:\/\/api.w.org\/{rel}","templated":true}]}}