{"id":3623,"date":"2023-10-31T19:55:21","date_gmt":"2023-10-31T19:55:21","guid":{"rendered":"https:\/\/fullsolutionsequip.com\/?post_type=product&#038;p=3623"},"modified":"2024-02-19T16:16:25","modified_gmt":"2024-02-19T16:16:25","slug":"faixa-de-farol-led-de-alta-intensidade-medc-sm87led","status":"publish","type":"product","link":"https:\/\/fullsolutions.info\/en\/product\/faixa-de-farol-led-de-alta-intensidade-medc-sm87led\/","title":{"rendered":"Faixa de farol LED de alta intensidade MEDC SM87LED"},"content":{"rendered":"<div class=\"elementor-element elementor-element-b17befe elementor-widget elementor-widget-heading\" data-id=\"b17befe\" data-element_type=\"widget\" data-widget_type=\"heading.default\">\n<div class=\"elementor-widget-container\">\n<p class=\"elementor-heading-title elementor-size-default\"><strong>Descri\u00e7\u00e3o<\/strong><\/p>\n<\/div>\n<\/div>\n<div class=\"elementor-element elementor-element-2dbd9d0 elementor-widget elementor-widget-text-editor\" data-id=\"2dbd9d0\" data-element_type=\"widget\" data-widget_type=\"text-editor.default\">\n<div class=\"elementor-widget-container\">\n<div class=\"elementor-text-editor elementor-clearfix\">\n<p>Esses far\u00f3is certificados foram projetados para uso em condi\u00e7\u00f5es ambientais adversas.\u00a0Os\u00a0inv\u00f3lucros de\u00a0a\u00e7o inoxid\u00e1vel ou liga de grau mar\u00edtimo\u00a0s\u00e3o adequados para uso offshore ou onshore, onde o peso leve combinado com resist\u00eancia \u00e0 corros\u00e3o e resist\u00eancia \u00e9 necess\u00e1rio.\u00a0As unidades podem ser pintadas de acordo com as especifica\u00e7\u00f5es do cliente e equipadas com etiquetas de identifica\u00e7\u00e3o.<\/p>\n<p>Dispon\u00edvel vers\u00e3o LED, oferecendo vida \u00fatil prolongada.<\/p>\n<p>Uma vers\u00e3o de alta temperatura est\u00e1 dispon\u00edvel.<\/p>\n<p>O a\u00e7o inoxid\u00e1vel, um dos materiais mais dur\u00e1veis \u200b\u200bdispon\u00edveis no<br \/>\nmercado, \u00e9 resistente ao desgaste e \u00e0 corros\u00e3o, aumentando a vida \u00fatil dos produtos em ambientes agressivos e, portanto, reduzindo os custos de manuten\u00e7\u00e3o.<\/p>\n<p><strong>Recursos<\/strong><\/p>\n<ul>\n<li>Uso da Zona 1 e Zona 2<\/li>\n<li>Ex d IIC T4 \/ T5 \/ T6<\/li>\n<li>Aprovado pela ATEX, Ex II 2GD<\/li>\n<li>Gb, Db certificado IECEx<\/li>\n<li>UL listado para EUA e Canad\u00e1<\/li>\n<li>Classe I, Divis\u00e3o 2, Grupos C e D<\/li>\n<li>Classe I, Zona 1 e 2, AExd IIB<\/li>\n<li>Certificado CSA<\/li>\n<li>TR CU certificado<\/li>\n<li>Certificado CQST *<\/li>\n<li>Certificado pelo INMETRO *<\/li>\n<li>Certificado SIL 2<\/li>\n<li>Certificado CCOE<\/li>\n<li>IP66 e IP67<\/li>\n<li>Temperatura certificada: \u201355\u00baC a + 70\u00baC *<\/li>\n<li>Vers\u00e3o para alta temperatura (at\u00e9 85\u00baC) dispon\u00edvel \u2020<\/li>\n<li>A\u00e7o inoxid\u00e1vel ou liga de grau mar\u00edtimo<\/li>\n<li>Vers\u00f5es Xenon ou LED<\/li>\n<li>V\u00e1rias cores de lente<\/li>\n<li>Protetor de lente opcional<\/li>\n<li>Telefone ou rel\u00e9 iniciado<br \/>\n* Dependendo da vers\u00e3o<\/li>\n<\/ul>\n<\/div>\n<\/div>\n<\/div>","protected":false},"excerpt":{"rendered":"<p>Descri\u00e7\u00e3o Esses far\u00f3is certificados foram projetados para uso em condi\u00e7\u00f5es ambientais adversas.\u00a0Os\u00a0inv\u00f3lucros de\u00a0a\u00e7o inoxid\u00e1vel ou liga de grau mar\u00edtimo\u00a0s\u00e3o adequados para uso offshore ou onshore, onde o peso leve combinado com resist\u00eancia \u00e0 corros\u00e3o e resist\u00eancia \u00e9 necess\u00e1rio.\u00a0As unidades podem ser pintadas de acordo com as especifica\u00e7\u00f5es do cliente e equipadas com etiquetas de identifica\u00e7\u00e3o. Dispon\u00edvel vers\u00e3o LED, oferecendo vida \u00fatil prolongada. Uma vers\u00e3o de alta temperatura est\u00e1 dispon\u00edvel. O a\u00e7o inoxid\u00e1vel, um dos materiais mais dur\u00e1veis \u200b\u200bdispon\u00edveis no mercado, \u00e9 resistente ao desgaste e \u00e0 corros\u00e3o, aumentando a vida \u00fatil dos produtos em ambientes agressivos e, portanto, reduzindo os custos de manuten\u00e7\u00e3o. Recursos Uso da Zona 1 e Zona 2 Ex d IIC T4 \/ T5 \/ T6 Aprovado pela ATEX, Ex II 2GD Gb, Db certificado IECEx UL listado para EUA e Canad\u00e1 Classe I, Divis\u00e3o 2, Grupos C e D Classe I, Zona 1 e 2, AExd IIB Certificado CSA TR CU certificado Certificado CQST * Certificado pelo INMETRO * Certificado SIL 2 Certificado CCOE IP66 e IP67 Temperatura certificada: \u201355\u00baC a + 70\u00baC * Vers\u00e3o para alta temperatura (at\u00e9 85\u00baC) dispon\u00edvel \u2020 A\u00e7o inoxid\u00e1vel ou liga de grau mar\u00edtimo Vers\u00f5es Xenon ou LED V\u00e1rias cores de lente Protetor de lente opcional Telefone ou rel\u00e9 iniciado * Dependendo da vers\u00e3o<\/p>","protected":false},"featured_media":3624,"comment_status":"open","ping_status":"closed","template":"","meta":{"_joinchat":[]},"product_brand":[],"product_cat":[131],"product_tag":[],"marca":[74],"class_list":{"0":"post-3623","1":"product","2":"type-product","3":"status-publish","4":"has-post-thumbnail","6":"product_cat-farois-luzes-estroboscopicas","7":"marca-medc","9":"first","10":"instock","11":"shipping-taxable","12":"purchasable","13":"product-type-simple"},"yoast_head":"<!-- This site is optimized with the Yoast SEO plugin v27.2 - https:\/\/yoast.com\/product\/yoast-seo-wordpress\/ -->\n<title>Faixa de farol LED de alta intensidade MEDC SM87LED - Full Solutions<\/title>\n<meta name=\"robots\" content=\"index, follow, max-snippet:-1, max-image-preview:large, max-video-preview:-1\" \/>\n<link rel=\"canonical\" href=\"https:\/\/fullsolutions.info\/en\/product\/faixa-de-farol-led-de-alta-intensidade-medc-sm87led\/\" \/>\n<meta property=\"og:locale\" content=\"en_US\" \/>\n<meta property=\"og:type\" content=\"article\" \/>\n<meta property=\"og:title\" content=\"Faixa de farol LED de alta intensidade MEDC SM87LED - Full Solutions\" \/>\n<meta property=\"og:description\" content=\"Descri\u00e7\u00e3o Esses far\u00f3is certificados foram projetados para uso em condi\u00e7\u00f5es ambientais adversas.\u00a0Os\u00a0inv\u00f3lucros de\u00a0a\u00e7o inoxid\u00e1vel ou liga de grau mar\u00edtimo\u00a0s\u00e3o adequados para uso offshore ou onshore, onde o peso leve combinado com resist\u00eancia \u00e0 corros\u00e3o e resist\u00eancia \u00e9 necess\u00e1rio.\u00a0As unidades podem ser pintadas de acordo com as especifica\u00e7\u00f5es do cliente e equipadas com etiquetas de identifica\u00e7\u00e3o. Dispon\u00edvel vers\u00e3o LED, oferecendo vida \u00fatil prolongada. Uma vers\u00e3o de alta temperatura est\u00e1 dispon\u00edvel. O a\u00e7o inoxid\u00e1vel, um dos materiais mais dur\u00e1veis \u200b\u200bdispon\u00edveis no mercado, \u00e9 resistente ao desgaste e \u00e0 corros\u00e3o, aumentando a vida \u00fatil dos produtos em ambientes agressivos e, portanto, reduzindo os custos de manuten\u00e7\u00e3o. Recursos Uso da Zona 1 e Zona 2 Ex d IIC T4 \/ T5 \/ T6 Aprovado pela ATEX, Ex II 2GD Gb, Db certificado IECEx UL listado para EUA e Canad\u00e1 Classe I, Divis\u00e3o 2, Grupos C e D Classe I, Zona 1 e 2, AExd IIB Certificado CSA TR CU certificado Certificado CQST * Certificado pelo INMETRO * Certificado SIL 2 Certificado CCOE IP66 e IP67 Temperatura certificada: \u201355\u00baC a + 70\u00baC * Vers\u00e3o para alta temperatura (at\u00e9 85\u00baC) dispon\u00edvel \u2020 A\u00e7o inoxid\u00e1vel ou liga de grau mar\u00edtimo Vers\u00f5es Xenon ou LED V\u00e1rias cores de lente Protetor de lente opcional Telefone ou rel\u00e9 iniciado * Dependendo da vers\u00e3o\" \/>\n<meta property=\"og:url\" content=\"https:\/\/fullsolutions.info\/en\/product\/faixa-de-farol-led-de-alta-intensidade-medc-sm87led\/\" \/>\n<meta property=\"og:site_name\" content=\"Full Solutions\" \/>\n<meta property=\"article:modified_time\" content=\"2024-02-19T16:16:25+00:00\" \/>\n<meta property=\"og:image\" content=\"https:\/\/mlhff0prgoxu.i.optimole.com\/cb:s0sM.767\/w:auto\/h:auto\/q:mauto\/f:best\/https:\/\/fullsolutions.info\/wp-content\/uploads\/2023\/10\/24.png\" \/>\n\t<meta property=\"og:image:width\" content=\"560\" \/>\n\t<meta property=\"og:image:height\" content=\"315\" \/>\n\t<meta property=\"og:image:type\" content=\"image\/png\" \/>\n<meta name=\"twitter:card\" content=\"summary_large_image\" \/>\n<meta name=\"twitter:label1\" content=\"Est. reading time\" \/>\n\t<meta name=\"twitter:data1\" content=\"1 minute\" \/>\n<script type=\"application\/ld+json\" class=\"yoast-schema-graph\">{\"@context\":\"https:\/\/schema.org\",\"@graph\":[{\"@type\":\"WebPage\",\"@id\":\"https:\/\/fullsolutions.info\/produto\/faixa-de-farol-led-de-alta-intensidade-medc-sm87led\/\",\"url\":\"https:\/\/fullsolutions.info\/produto\/faixa-de-farol-led-de-alta-intensidade-medc-sm87led\/\",\"name\":\"Faixa de farol LED de alta intensidade MEDC SM87LED - Full Solutions\",\"isPartOf\":{\"@id\":\"https:\/\/fullsolutions.info\/#website\"},\"primaryImageOfPage\":{\"@id\":\"https:\/\/fullsolutions.info\/produto\/faixa-de-farol-led-de-alta-intensidade-medc-sm87led\/#primaryimage\"},\"image\":{\"@id\":\"https:\/\/fullsolutions.info\/produto\/faixa-de-farol-led-de-alta-intensidade-medc-sm87led\/#primaryimage\"},\"thumbnailUrl\":\"https:\/\/mlhff0prgoxu.i.optimole.com\/cb:s0sM.767\/w:auto\/h:auto\/q:mauto\/f:best\/https:\/\/fullsolutions.info\/wp-content\/uploads\/2023\/10\/24.png\",\"datePublished\":\"2023-10-31T19:55:21+00:00\",\"dateModified\":\"2024-02-19T16:16:25+00:00\",\"breadcrumb\":{\"@id\":\"https:\/\/fullsolutions.info\/produto\/faixa-de-farol-led-de-alta-intensidade-medc-sm87led\/#breadcrumb\"},\"inLanguage\":\"en-US\",\"potentialAction\":[{\"@type\":\"ReadAction\",\"target\":[\"https:\/\/fullsolutions.info\/produto\/faixa-de-farol-led-de-alta-intensidade-medc-sm87led\/\"]}]},{\"@type\":\"ImageObject\",\"inLanguage\":\"en-US\",\"@id\":\"https:\/\/fullsolutions.info\/produto\/faixa-de-farol-led-de-alta-intensidade-medc-sm87led\/#primaryimage\",\"url\":\"https:\/\/mlhff0prgoxu.i.optimole.com\/cb:s0sM.767\/w:auto\/h:auto\/q:mauto\/f:best\/https:\/\/fullsolutions.info\/wp-content\/uploads\/2023\/10\/24.png\",\"contentUrl\":\"https:\/\/mlhff0prgoxu.i.optimole.com\/cb:s0sM.767\/w:auto\/h:auto\/q:mauto\/f:best\/https:\/\/fullsolutions.info\/wp-content\/uploads\/2023\/10\/24.png\",\"width\":560,\"height\":315},{\"@type\":\"BreadcrumbList\",\"@id\":\"https:\/\/fullsolutions.info\/produto\/faixa-de-farol-led-de-alta-intensidade-medc-sm87led\/#breadcrumb\",\"itemListElement\":[{\"@type\":\"ListItem\",\"position\":1,\"name\":\"In\u00edcio\",\"item\":\"https:\/\/fullsolutions.info\/\"},{\"@type\":\"ListItem\",\"position\":2,\"name\":\"Produtos\",\"item\":\"https:\/\/fullsolutions.info\/shop\/\"},{\"@type\":\"ListItem\",\"position\":3,\"name\":\"Faixa de farol LED de alta intensidade MEDC SM87LED\"}]},{\"@type\":\"WebSite\",\"@id\":\"https:\/\/fullsolutions.info\/#website\",\"url\":\"https:\/\/fullsolutions.info\/\",\"name\":\"Full Solutions\",\"description\":\"Empresa na \u00c1rea de Procurement\",\"publisher\":{\"@id\":\"https:\/\/fullsolutions.info\/#organization\"},\"potentialAction\":[{\"@type\":\"SearchAction\",\"target\":{\"@type\":\"EntryPoint\",\"urlTemplate\":\"https:\/\/fullsolutions.info\/?s={search_term_string}\"},\"query-input\":{\"@type\":\"PropertyValueSpecification\",\"valueRequired\":true,\"valueName\":\"search_term_string\"}}],\"inLanguage\":\"en-US\"},{\"@type\":\"Organization\",\"@id\":\"https:\/\/fullsolutions.info\/#organization\",\"name\":\"Full Solutions\",\"url\":\"https:\/\/fullsolutions.info\/\",\"logo\":{\"@type\":\"ImageObject\",\"inLanguage\":\"en-US\",\"@id\":\"https:\/\/fullsolutions.info\/#\/schema\/logo\/image\/\",\"url\":\"https:\/\/mlhff0prgoxu.i.optimole.com\/cb:s0sM.767\/w:auto\/h:auto\/q:mauto\/f:best\/https:\/\/fullsolutions.info\/wp-content\/uploads\/2021\/07\/cropped-Design-sem-nome-300x193-1-e1627062664782.png\",\"contentUrl\":\"https:\/\/mlhff0prgoxu.i.optimole.com\/cb:s0sM.767\/w:auto\/h:auto\/q:mauto\/f:best\/https:\/\/fullsolutions.info\/wp-content\/uploads\/2021\/07\/cropped-Design-sem-nome-300x193-1-e1627062664782.png\",\"width\":202,\"height\":155,\"caption\":\"Full Solutions\"},\"image\":{\"@id\":\"https:\/\/fullsolutions.info\/#\/schema\/logo\/image\/\"},\"sameAs\":[\"https:\/\/www.linkedin.com\/company\/full-solutions-equipment\"]}]}<\/script>\n<!-- \/ Yoast SEO plugin. -->","yoast_head_json":{"title":"Faixa de farol LED de alta intensidade MEDC SM87LED - Full Solutions","robots":{"index":"index","follow":"follow","max-snippet":"max-snippet:-1","max-image-preview":"max-image-preview:large","max-video-preview":"max-video-preview:-1"},"canonical":"https:\/\/fullsolutions.info\/en\/product\/faixa-de-farol-led-de-alta-intensidade-medc-sm87led\/","og_locale":"en_US","og_type":"article","og_title":"Faixa de farol LED de alta intensidade MEDC SM87LED - Full Solutions","og_description":"Descri\u00e7\u00e3o Esses far\u00f3is certificados foram projetados para uso em condi\u00e7\u00f5es ambientais adversas.\u00a0Os\u00a0inv\u00f3lucros de\u00a0a\u00e7o inoxid\u00e1vel ou liga de grau mar\u00edtimo\u00a0s\u00e3o adequados para uso offshore ou onshore, onde o peso leve combinado com resist\u00eancia \u00e0 corros\u00e3o e resist\u00eancia \u00e9 necess\u00e1rio.\u00a0As unidades podem ser pintadas de acordo com as especifica\u00e7\u00f5es do cliente e equipadas com etiquetas de identifica\u00e7\u00e3o. Dispon\u00edvel vers\u00e3o LED, oferecendo vida \u00fatil prolongada. Uma vers\u00e3o de alta temperatura est\u00e1 dispon\u00edvel. O a\u00e7o inoxid\u00e1vel, um dos materiais mais dur\u00e1veis \u200b\u200bdispon\u00edveis no mercado, \u00e9 resistente ao desgaste e \u00e0 corros\u00e3o, aumentando a vida \u00fatil dos produtos em ambientes agressivos e, portanto, reduzindo os custos de manuten\u00e7\u00e3o. Recursos Uso da Zona 1 e Zona 2 Ex d IIC T4 \/ T5 \/ T6 Aprovado pela ATEX, Ex II 2GD Gb, Db certificado IECEx UL listado para EUA e Canad\u00e1 Classe I, Divis\u00e3o 2, Grupos C e D Classe I, Zona 1 e 2, AExd IIB Certificado CSA TR CU certificado Certificado CQST * Certificado pelo INMETRO * Certificado SIL 2 Certificado CCOE IP66 e IP67 Temperatura certificada: \u201355\u00baC a + 70\u00baC * Vers\u00e3o para alta temperatura (at\u00e9 85\u00baC) dispon\u00edvel \u2020 A\u00e7o inoxid\u00e1vel ou liga de grau mar\u00edtimo Vers\u00f5es Xenon ou LED V\u00e1rias cores de lente Protetor de lente opcional Telefone ou rel\u00e9 iniciado * Dependendo da vers\u00e3o","og_url":"https:\/\/fullsolutions.info\/en\/product\/faixa-de-farol-led-de-alta-intensidade-medc-sm87led\/","og_site_name":"Full Solutions","article_modified_time":"2024-02-19T16:16:25+00:00","og_image":[{"width":560,"height":315,"url":"https:\/\/mlhff0prgoxu.i.optimole.com\/cb:s0sM.767\/w:auto\/h:auto\/q:mauto\/f:best\/https:\/\/fullsolutions.info\/wp-content\/uploads\/2023\/10\/24.png","type":"image\/png"}],"twitter_card":"summary_large_image","twitter_misc":{"Est. reading time":"1 minute"},"schema":{"@context":"https:\/\/schema.org","@graph":[{"@type":"WebPage","@id":"https:\/\/fullsolutions.info\/produto\/faixa-de-farol-led-de-alta-intensidade-medc-sm87led\/","url":"https:\/\/fullsolutions.info\/produto\/faixa-de-farol-led-de-alta-intensidade-medc-sm87led\/","name":"Faixa de farol LED de alta intensidade MEDC SM87LED - Full Solutions","isPartOf":{"@id":"https:\/\/fullsolutions.info\/#website"},"primaryImageOfPage":{"@id":"https:\/\/fullsolutions.info\/produto\/faixa-de-farol-led-de-alta-intensidade-medc-sm87led\/#primaryimage"},"image":{"@id":"https:\/\/fullsolutions.info\/produto\/faixa-de-farol-led-de-alta-intensidade-medc-sm87led\/#primaryimage"},"thumbnailUrl":"https:\/\/mlhff0prgoxu.i.optimole.com\/cb:s0sM.767\/w:auto\/h:auto\/q:mauto\/f:best\/https:\/\/fullsolutions.info\/wp-content\/uploads\/2023\/10\/24.png","datePublished":"2023-10-31T19:55:21+00:00","dateModified":"2024-02-19T16:16:25+00:00","breadcrumb":{"@id":"https:\/\/fullsolutions.info\/produto\/faixa-de-farol-led-de-alta-intensidade-medc-sm87led\/#breadcrumb"},"inLanguage":"en-US","potentialAction":[{"@type":"ReadAction","target":["https:\/\/fullsolutions.info\/produto\/faixa-de-farol-led-de-alta-intensidade-medc-sm87led\/"]}]},{"@type":"ImageObject","inLanguage":"en-US","@id":"https:\/\/fullsolutions.info\/produto\/faixa-de-farol-led-de-alta-intensidade-medc-sm87led\/#primaryimage","url":"https:\/\/mlhff0prgoxu.i.optimole.com\/cb:s0sM.767\/w:auto\/h:auto\/q:mauto\/f:best\/https:\/\/fullsolutions.info\/wp-content\/uploads\/2023\/10\/24.png","contentUrl":"https:\/\/mlhff0prgoxu.i.optimole.com\/cb:s0sM.767\/w:auto\/h:auto\/q:mauto\/f:best\/https:\/\/fullsolutions.info\/wp-content\/uploads\/2023\/10\/24.png","width":560,"height":315},{"@type":"BreadcrumbList","@id":"https:\/\/fullsolutions.info\/produto\/faixa-de-farol-led-de-alta-intensidade-medc-sm87led\/#breadcrumb","itemListElement":[{"@type":"ListItem","position":1,"name":"In\u00edcio","item":"https:\/\/fullsolutions.info\/"},{"@type":"ListItem","position":2,"name":"Produtos","item":"https:\/\/fullsolutions.info\/shop\/"},{"@type":"ListItem","position":3,"name":"Faixa de farol LED de alta intensidade MEDC SM87LED"}]},{"@type":"WebSite","@id":"https:\/\/fullsolutions.info\/#website","url":"https:\/\/fullsolutions.info\/","name":"Full Solutions","description":"Empresa na \u00c1rea de Procurement","publisher":{"@id":"https:\/\/fullsolutions.info\/#organization"},"potentialAction":[{"@type":"SearchAction","target":{"@type":"EntryPoint","urlTemplate":"https:\/\/fullsolutions.info\/?s={search_term_string}"},"query-input":{"@type":"PropertyValueSpecification","valueRequired":true,"valueName":"search_term_string"}}],"inLanguage":"en-US"},{"@type":"Organization","@id":"https:\/\/fullsolutions.info\/#organization","name":"Full Solutions","url":"https:\/\/fullsolutions.info\/","logo":{"@type":"ImageObject","inLanguage":"en-US","@id":"https:\/\/fullsolutions.info\/#\/schema\/logo\/image\/","url":"https:\/\/mlhff0prgoxu.i.optimole.com\/cb:s0sM.767\/w:auto\/h:auto\/q:mauto\/f:best\/https:\/\/fullsolutions.info\/wp-content\/uploads\/2021\/07\/cropped-Design-sem-nome-300x193-1-e1627062664782.png","contentUrl":"https:\/\/mlhff0prgoxu.i.optimole.com\/cb:s0sM.767\/w:auto\/h:auto\/q:mauto\/f:best\/https:\/\/fullsolutions.info\/wp-content\/uploads\/2021\/07\/cropped-Design-sem-nome-300x193-1-e1627062664782.png","width":202,"height":155,"caption":"Full Solutions"},"image":{"@id":"https:\/\/fullsolutions.info\/#\/schema\/logo\/image\/"},"sameAs":["https:\/\/www.linkedin.com\/company\/full-solutions-equipment"]}]}},"_links":{"self":[{"href":"https:\/\/fullsolutions.info\/en\/wp-json\/wp\/v2\/product\/3623","targetHints":{"allow":["GET"]}}],"collection":[{"href":"https:\/\/fullsolutions.info\/en\/wp-json\/wp\/v2\/product"}],"about":[{"href":"https:\/\/fullsolutions.info\/en\/wp-json\/wp\/v2\/types\/product"}],"replies":[{"embeddable":true,"href":"https:\/\/fullsolutions.info\/en\/wp-json\/wp\/v2\/comments?post=3623"}],"wp:featuredmedia":[{"embeddable":true,"href":"https:\/\/fullsolutions.info\/en\/wp-json\/wp\/v2\/media\/3624"}],"wp:attachment":[{"href":"https:\/\/fullsolutions.info\/en\/wp-json\/wp\/v2\/media?parent=3623"}],"wp:term":[{"taxonomy":"product_brand","embeddable":true,"href":"https:\/\/fullsolutions.info\/en\/wp-json\/wp\/v2\/product_brand?post=3623"},{"taxonomy":"product_cat","embeddable":true,"href":"https:\/\/fullsolutions.info\/en\/wp-json\/wp\/v2\/product_cat?post=3623"},{"taxonomy":"product_tag","embeddable":true,"href":"https:\/\/fullsolutions.info\/en\/wp-json\/wp\/v2\/product_tag?post=3623"},{"taxonomy":"marca","embeddable":true,"href":"https:\/\/fullsolutions.info\/en\/wp-json\/wp\/v2\/marca?post=3623"}],"curies":[{"name":"wp","href":"https:\/\/api.w.org\/{rel}","templated":true}]}}