{"id":3621,"date":"2023-10-31T19:50:08","date_gmt":"2023-10-31T19:50:08","guid":{"rendered":"https:\/\/fullsolutionsequip.com\/?post_type=product&#038;p=3621"},"modified":"2024-02-19T16:16:25","modified_gmt":"2024-02-19T16:16:25","slug":"medc-fb12-e-fl12-faixa-de-farois-estaveis","status":"publish","type":"product","link":"https:\/\/fullsolutions.info\/en\/product\/medc-fb12-e-fl12-faixa-de-farois-estaveis\/","title":{"rendered":"MEDC FB12 e FL12 Faixa de Far\u00f3is Est\u00e1veis"},"content":{"rendered":"<div class=\"elementor-element elementor-element-b17befe elementor-widget elementor-widget-heading\" data-id=\"b17befe\" data-element_type=\"widget\" data-widget_type=\"heading.default\">\n<div class=\"elementor-widget-container\">\n<p class=\"elementor-heading-title elementor-size-default\"><strong>Descri\u00e7\u00e3o<\/strong><\/p>\n<\/div>\n<\/div>\n<div class=\"elementor-element elementor-element-2dbd9d0 elementor-widget elementor-widget-text-editor\" data-id=\"2dbd9d0\" data-element_type=\"widget\" data-widget_type=\"text-editor.default\">\n<div class=\"elementor-widget-container\">\n<div class=\"elementor-text-editor elementor-clearfix\">\n<p>Esses far\u00f3is est\u00e1veis \u200b\u200bcertificados foram projetados para uso em atmosferas potencialmente explosivas e condi\u00e7\u00f5es ambientais adversas.\u00a0Os gabinetes s\u00e3o adequados para uso offshore ou onshore, onde \u00e9 necess\u00e1rio um peso leve combinado com resist\u00eancia \u00e0 corros\u00e3o.<\/p>\n<p>A caixa do farol \u00e9 totalmente fabricada em poli\u00e9ster refor\u00e7ado com vidro, est\u00e1vel aos raios ultravioleta.<\/p>\n<p>Parafusos de a\u00e7o inoxid\u00e1vel e suporte de montagem est\u00e3o dispon\u00edveis garantindo um produto totalmente livre de corros\u00e3o.<\/p>\n<p>As unidades podem ser pintadas de acordo com as especifica\u00e7\u00f5es do cliente e fornecidas com etiquetas de identifica\u00e7\u00e3o.<\/p>\n<p><strong>Recursos<\/strong><\/p>\n<ul>\n<li>Uso da Zona 1 e Zona 2.<\/li>\n<li>Ex d IIB T3 \/ T4 \/ T5 \/ T6.<\/li>\n<li>Aprovado pela ATEX, Ex II 2GD *.<\/li>\n<li>UL listado para EUA e Canad\u00e1 *:<\/li>\n<li>Cass I, Div.\u00a02, Grupos C e D.<\/li>\n<li>Classe I, Zona 1, AExd IIB T4 \/ T5.<\/li>\n<li>Certificado BASEEFA.<\/li>\n<li>Gb, Db * com certifica\u00e7\u00e3o IECEx.<\/li>\n<li>Certifica\u00e7\u00e3o CUTR.<\/li>\n<li>Certificado brasileiro (Inmetro).<\/li>\n<li>Fluorescente.<\/li>\n<li>Filamento.<\/li>\n<li>IP66 e IP67.<\/li>\n<li>Temperatura certificada: \u201355\u00baC a + 70\u00baC *.<\/li>\n<li>GRP resistente \u00e0 corros\u00e3o.<\/li>\n<li>Correia traseira de a\u00e7o inoxid\u00e1vel opcional.<\/li>\n<li>V\u00e1rias cores de lente.<\/li>\n<li>Protetor de lente opcional.<\/li>\n<li>2 entradas de cabo M20 ou 2 x 1\/2 \u201dNPT.<\/li>\n<li>Op\u00e7\u00e3o de continuidade de terra.<br \/>\n* Depende do modelo.<\/li>\n<\/ul>\n<\/div>\n<\/div>\n<\/div>","protected":false},"excerpt":{"rendered":"<p>Descri\u00e7\u00e3o Esses far\u00f3is est\u00e1veis \u200b\u200bcertificados foram projetados para uso em atmosferas potencialmente explosivas e condi\u00e7\u00f5es ambientais adversas.\u00a0Os gabinetes s\u00e3o adequados para uso offshore ou onshore, onde \u00e9 necess\u00e1rio um peso leve combinado com resist\u00eancia \u00e0 corros\u00e3o. A caixa do farol \u00e9 totalmente fabricada em poli\u00e9ster refor\u00e7ado com vidro, est\u00e1vel aos raios ultravioleta. Parafusos de a\u00e7o inoxid\u00e1vel e suporte de montagem est\u00e3o dispon\u00edveis garantindo um produto totalmente livre de corros\u00e3o. As unidades podem ser pintadas de acordo com as especifica\u00e7\u00f5es do cliente e fornecidas com etiquetas de identifica\u00e7\u00e3o. Recursos Uso da Zona 1 e Zona 2. Ex d IIB T3 \/ T4 \/ T5 \/ T6. Aprovado pela ATEX, Ex II 2GD *. UL listado para EUA e Canad\u00e1 *: Cass I, Div.\u00a02, Grupos C e D. Classe I, Zona 1, AExd IIB T4 \/ T5. Certificado BASEEFA. Gb, Db * com certifica\u00e7\u00e3o IECEx. Certifica\u00e7\u00e3o CUTR. Certificado brasileiro (Inmetro). Fluorescente. Filamento. IP66 e IP67. Temperatura certificada: \u201355\u00baC a + 70\u00baC *. GRP resistente \u00e0 corros\u00e3o. Correia traseira de a\u00e7o inoxid\u00e1vel opcional. V\u00e1rias cores de lente. Protetor de lente opcional. 2 entradas de cabo M20 ou 2 x 1\/2 \u201dNPT. Op\u00e7\u00e3o de continuidade de terra. * Depende do modelo.<\/p>","protected":false},"featured_media":3622,"comment_status":"open","ping_status":"closed","template":"","meta":{"_joinchat":[]},"product_brand":[],"product_cat":[131],"product_tag":[],"marca":[74],"class_list":{"0":"post-3621","1":"product","2":"type-product","3":"status-publish","4":"has-post-thumbnail","6":"product_cat-farois-luzes-estroboscopicas","7":"marca-medc","9":"first","10":"instock","11":"shipping-taxable","12":"purchasable","13":"product-type-simple"},"yoast_head":"<!-- This site is optimized with the Yoast SEO plugin v27.2 - https:\/\/yoast.com\/product\/yoast-seo-wordpress\/ -->\n<title>MEDC FB12 e FL12 Faixa de Far\u00f3is Est\u00e1veis - Full Solutions<\/title>\n<meta name=\"robots\" content=\"index, follow, max-snippet:-1, max-image-preview:large, max-video-preview:-1\" \/>\n<link rel=\"canonical\" href=\"https:\/\/fullsolutions.info\/en\/product\/medc-fb12-e-fl12-faixa-de-farois-estaveis\/\" \/>\n<meta property=\"og:locale\" content=\"en_US\" \/>\n<meta property=\"og:type\" content=\"article\" \/>\n<meta property=\"og:title\" content=\"MEDC FB12 e FL12 Faixa de Far\u00f3is Est\u00e1veis - Full Solutions\" \/>\n<meta property=\"og:description\" content=\"Descri\u00e7\u00e3o Esses far\u00f3is est\u00e1veis \u200b\u200bcertificados foram projetados para uso em atmosferas potencialmente explosivas e condi\u00e7\u00f5es ambientais adversas.\u00a0Os gabinetes s\u00e3o adequados para uso offshore ou onshore, onde \u00e9 necess\u00e1rio um peso leve combinado com resist\u00eancia \u00e0 corros\u00e3o. A caixa do farol \u00e9 totalmente fabricada em poli\u00e9ster refor\u00e7ado com vidro, est\u00e1vel aos raios ultravioleta. Parafusos de a\u00e7o inoxid\u00e1vel e suporte de montagem est\u00e3o dispon\u00edveis garantindo um produto totalmente livre de corros\u00e3o. As unidades podem ser pintadas de acordo com as especifica\u00e7\u00f5es do cliente e fornecidas com etiquetas de identifica\u00e7\u00e3o. Recursos Uso da Zona 1 e Zona 2. Ex d IIB T3 \/ T4 \/ T5 \/ T6. Aprovado pela ATEX, Ex II 2GD *. UL listado para EUA e Canad\u00e1 *: Cass I, Div.\u00a02, Grupos C e D. Classe I, Zona 1, AExd IIB T4 \/ T5. Certificado BASEEFA. Gb, Db * com certifica\u00e7\u00e3o IECEx. Certifica\u00e7\u00e3o CUTR. Certificado brasileiro (Inmetro). Fluorescente. Filamento. IP66 e IP67. Temperatura certificada: \u201355\u00baC a + 70\u00baC *. GRP resistente \u00e0 corros\u00e3o. Correia traseira de a\u00e7o inoxid\u00e1vel opcional. V\u00e1rias cores de lente. Protetor de lente opcional. 2 entradas de cabo M20 ou 2 x 1\/2 \u201dNPT. Op\u00e7\u00e3o de continuidade de terra. * Depende do modelo.\" \/>\n<meta property=\"og:url\" content=\"https:\/\/fullsolutions.info\/en\/product\/medc-fb12-e-fl12-faixa-de-farois-estaveis\/\" \/>\n<meta property=\"og:site_name\" content=\"Full Solutions\" \/>\n<meta property=\"article:modified_time\" content=\"2024-02-19T16:16:25+00:00\" \/>\n<meta property=\"og:image\" content=\"https:\/\/mlhff0prgoxu.i.optimole.com\/cb:s0sM.767\/w:auto\/h:auto\/q:mauto\/f:best\/https:\/\/fullsolutions.info\/wp-content\/uploads\/2023\/10\/23.png\" \/>\n\t<meta property=\"og:image:width\" content=\"560\" \/>\n\t<meta property=\"og:image:height\" content=\"315\" \/>\n\t<meta property=\"og:image:type\" content=\"image\/png\" \/>\n<meta name=\"twitter:card\" content=\"summary_large_image\" \/>\n<meta name=\"twitter:label1\" content=\"Est. reading time\" \/>\n\t<meta name=\"twitter:data1\" content=\"1 minute\" \/>\n<script type=\"application\/ld+json\" class=\"yoast-schema-graph\">{\"@context\":\"https:\/\/schema.org\",\"@graph\":[{\"@type\":\"WebPage\",\"@id\":\"https:\/\/fullsolutions.info\/produto\/medc-fb12-e-fl12-faixa-de-farois-estaveis\/\",\"url\":\"https:\/\/fullsolutions.info\/produto\/medc-fb12-e-fl12-faixa-de-farois-estaveis\/\",\"name\":\"MEDC FB12 e FL12 Faixa de Far\u00f3is Est\u00e1veis - Full Solutions\",\"isPartOf\":{\"@id\":\"https:\/\/fullsolutions.info\/#website\"},\"primaryImageOfPage\":{\"@id\":\"https:\/\/fullsolutions.info\/produto\/medc-fb12-e-fl12-faixa-de-farois-estaveis\/#primaryimage\"},\"image\":{\"@id\":\"https:\/\/fullsolutions.info\/produto\/medc-fb12-e-fl12-faixa-de-farois-estaveis\/#primaryimage\"},\"thumbnailUrl\":\"https:\/\/mlhff0prgoxu.i.optimole.com\/cb:s0sM.767\/w:auto\/h:auto\/q:mauto\/f:best\/https:\/\/fullsolutions.info\/wp-content\/uploads\/2023\/10\/23.png\",\"datePublished\":\"2023-10-31T19:50:08+00:00\",\"dateModified\":\"2024-02-19T16:16:25+00:00\",\"breadcrumb\":{\"@id\":\"https:\/\/fullsolutions.info\/produto\/medc-fb12-e-fl12-faixa-de-farois-estaveis\/#breadcrumb\"},\"inLanguage\":\"en-US\",\"potentialAction\":[{\"@type\":\"ReadAction\",\"target\":[\"https:\/\/fullsolutions.info\/produto\/medc-fb12-e-fl12-faixa-de-farois-estaveis\/\"]}]},{\"@type\":\"ImageObject\",\"inLanguage\":\"en-US\",\"@id\":\"https:\/\/fullsolutions.info\/produto\/medc-fb12-e-fl12-faixa-de-farois-estaveis\/#primaryimage\",\"url\":\"https:\/\/mlhff0prgoxu.i.optimole.com\/cb:s0sM.767\/w:auto\/h:auto\/q:mauto\/f:best\/https:\/\/fullsolutions.info\/wp-content\/uploads\/2023\/10\/23.png\",\"contentUrl\":\"https:\/\/mlhff0prgoxu.i.optimole.com\/cb:s0sM.767\/w:auto\/h:auto\/q:mauto\/f:best\/https:\/\/fullsolutions.info\/wp-content\/uploads\/2023\/10\/23.png\",\"width\":560,\"height\":315},{\"@type\":\"BreadcrumbList\",\"@id\":\"https:\/\/fullsolutions.info\/produto\/medc-fb12-e-fl12-faixa-de-farois-estaveis\/#breadcrumb\",\"itemListElement\":[{\"@type\":\"ListItem\",\"position\":1,\"name\":\"In\u00edcio\",\"item\":\"https:\/\/fullsolutions.info\/\"},{\"@type\":\"ListItem\",\"position\":2,\"name\":\"Produtos\",\"item\":\"https:\/\/fullsolutions.info\/shop\/\"},{\"@type\":\"ListItem\",\"position\":3,\"name\":\"MEDC FB12 e FL12 Faixa de Far\u00f3is Est\u00e1veis\"}]},{\"@type\":\"WebSite\",\"@id\":\"https:\/\/fullsolutions.info\/#website\",\"url\":\"https:\/\/fullsolutions.info\/\",\"name\":\"Full Solutions\",\"description\":\"Empresa na \u00c1rea de Procurement\",\"publisher\":{\"@id\":\"https:\/\/fullsolutions.info\/#organization\"},\"potentialAction\":[{\"@type\":\"SearchAction\",\"target\":{\"@type\":\"EntryPoint\",\"urlTemplate\":\"https:\/\/fullsolutions.info\/?s={search_term_string}\"},\"query-input\":{\"@type\":\"PropertyValueSpecification\",\"valueRequired\":true,\"valueName\":\"search_term_string\"}}],\"inLanguage\":\"en-US\"},{\"@type\":\"Organization\",\"@id\":\"https:\/\/fullsolutions.info\/#organization\",\"name\":\"Full Solutions\",\"url\":\"https:\/\/fullsolutions.info\/\",\"logo\":{\"@type\":\"ImageObject\",\"inLanguage\":\"en-US\",\"@id\":\"https:\/\/fullsolutions.info\/#\/schema\/logo\/image\/\",\"url\":\"https:\/\/mlhff0prgoxu.i.optimole.com\/cb:s0sM.767\/w:auto\/h:auto\/q:mauto\/f:best\/https:\/\/fullsolutions.info\/wp-content\/uploads\/2021\/07\/cropped-Design-sem-nome-300x193-1-e1627062664782.png\",\"contentUrl\":\"https:\/\/mlhff0prgoxu.i.optimole.com\/cb:s0sM.767\/w:auto\/h:auto\/q:mauto\/f:best\/https:\/\/fullsolutions.info\/wp-content\/uploads\/2021\/07\/cropped-Design-sem-nome-300x193-1-e1627062664782.png\",\"width\":202,\"height\":155,\"caption\":\"Full Solutions\"},\"image\":{\"@id\":\"https:\/\/fullsolutions.info\/#\/schema\/logo\/image\/\"},\"sameAs\":[\"https:\/\/www.linkedin.com\/company\/full-solutions-equipment\"]}]}<\/script>\n<!-- \/ Yoast SEO plugin. -->","yoast_head_json":{"title":"MEDC FB12 e FL12 Faixa de Far\u00f3is Est\u00e1veis - Full Solutions","robots":{"index":"index","follow":"follow","max-snippet":"max-snippet:-1","max-image-preview":"max-image-preview:large","max-video-preview":"max-video-preview:-1"},"canonical":"https:\/\/fullsolutions.info\/en\/product\/medc-fb12-e-fl12-faixa-de-farois-estaveis\/","og_locale":"en_US","og_type":"article","og_title":"MEDC FB12 e FL12 Faixa de Far\u00f3is Est\u00e1veis - Full Solutions","og_description":"Descri\u00e7\u00e3o Esses far\u00f3is est\u00e1veis \u200b\u200bcertificados foram projetados para uso em atmosferas potencialmente explosivas e condi\u00e7\u00f5es ambientais adversas.\u00a0Os gabinetes s\u00e3o adequados para uso offshore ou onshore, onde \u00e9 necess\u00e1rio um peso leve combinado com resist\u00eancia \u00e0 corros\u00e3o. A caixa do farol \u00e9 totalmente fabricada em poli\u00e9ster refor\u00e7ado com vidro, est\u00e1vel aos raios ultravioleta. Parafusos de a\u00e7o inoxid\u00e1vel e suporte de montagem est\u00e3o dispon\u00edveis garantindo um produto totalmente livre de corros\u00e3o. As unidades podem ser pintadas de acordo com as especifica\u00e7\u00f5es do cliente e fornecidas com etiquetas de identifica\u00e7\u00e3o. Recursos Uso da Zona 1 e Zona 2. Ex d IIB T3 \/ T4 \/ T5 \/ T6. Aprovado pela ATEX, Ex II 2GD *. UL listado para EUA e Canad\u00e1 *: Cass I, Div.\u00a02, Grupos C e D. Classe I, Zona 1, AExd IIB T4 \/ T5. Certificado BASEEFA. Gb, Db * com certifica\u00e7\u00e3o IECEx. Certifica\u00e7\u00e3o CUTR. Certificado brasileiro (Inmetro). Fluorescente. Filamento. IP66 e IP67. Temperatura certificada: \u201355\u00baC a + 70\u00baC *. GRP resistente \u00e0 corros\u00e3o. Correia traseira de a\u00e7o inoxid\u00e1vel opcional. V\u00e1rias cores de lente. Protetor de lente opcional. 2 entradas de cabo M20 ou 2 x 1\/2 \u201dNPT. Op\u00e7\u00e3o de continuidade de terra. * Depende do modelo.","og_url":"https:\/\/fullsolutions.info\/en\/product\/medc-fb12-e-fl12-faixa-de-farois-estaveis\/","og_site_name":"Full Solutions","article_modified_time":"2024-02-19T16:16:25+00:00","og_image":[{"width":560,"height":315,"url":"https:\/\/mlhff0prgoxu.i.optimole.com\/cb:s0sM.767\/w:auto\/h:auto\/q:mauto\/f:best\/https:\/\/fullsolutions.info\/wp-content\/uploads\/2023\/10\/23.png","type":"image\/png"}],"twitter_card":"summary_large_image","twitter_misc":{"Est. reading time":"1 minute"},"schema":{"@context":"https:\/\/schema.org","@graph":[{"@type":"WebPage","@id":"https:\/\/fullsolutions.info\/produto\/medc-fb12-e-fl12-faixa-de-farois-estaveis\/","url":"https:\/\/fullsolutions.info\/produto\/medc-fb12-e-fl12-faixa-de-farois-estaveis\/","name":"MEDC FB12 e FL12 Faixa de Far\u00f3is Est\u00e1veis - Full Solutions","isPartOf":{"@id":"https:\/\/fullsolutions.info\/#website"},"primaryImageOfPage":{"@id":"https:\/\/fullsolutions.info\/produto\/medc-fb12-e-fl12-faixa-de-farois-estaveis\/#primaryimage"},"image":{"@id":"https:\/\/fullsolutions.info\/produto\/medc-fb12-e-fl12-faixa-de-farois-estaveis\/#primaryimage"},"thumbnailUrl":"https:\/\/mlhff0prgoxu.i.optimole.com\/cb:s0sM.767\/w:auto\/h:auto\/q:mauto\/f:best\/https:\/\/fullsolutions.info\/wp-content\/uploads\/2023\/10\/23.png","datePublished":"2023-10-31T19:50:08+00:00","dateModified":"2024-02-19T16:16:25+00:00","breadcrumb":{"@id":"https:\/\/fullsolutions.info\/produto\/medc-fb12-e-fl12-faixa-de-farois-estaveis\/#breadcrumb"},"inLanguage":"en-US","potentialAction":[{"@type":"ReadAction","target":["https:\/\/fullsolutions.info\/produto\/medc-fb12-e-fl12-faixa-de-farois-estaveis\/"]}]},{"@type":"ImageObject","inLanguage":"en-US","@id":"https:\/\/fullsolutions.info\/produto\/medc-fb12-e-fl12-faixa-de-farois-estaveis\/#primaryimage","url":"https:\/\/mlhff0prgoxu.i.optimole.com\/cb:s0sM.767\/w:auto\/h:auto\/q:mauto\/f:best\/https:\/\/fullsolutions.info\/wp-content\/uploads\/2023\/10\/23.png","contentUrl":"https:\/\/mlhff0prgoxu.i.optimole.com\/cb:s0sM.767\/w:auto\/h:auto\/q:mauto\/f:best\/https:\/\/fullsolutions.info\/wp-content\/uploads\/2023\/10\/23.png","width":560,"height":315},{"@type":"BreadcrumbList","@id":"https:\/\/fullsolutions.info\/produto\/medc-fb12-e-fl12-faixa-de-farois-estaveis\/#breadcrumb","itemListElement":[{"@type":"ListItem","position":1,"name":"In\u00edcio","item":"https:\/\/fullsolutions.info\/"},{"@type":"ListItem","position":2,"name":"Produtos","item":"https:\/\/fullsolutions.info\/shop\/"},{"@type":"ListItem","position":3,"name":"MEDC FB12 e FL12 Faixa de Far\u00f3is Est\u00e1veis"}]},{"@type":"WebSite","@id":"https:\/\/fullsolutions.info\/#website","url":"https:\/\/fullsolutions.info\/","name":"Full Solutions","description":"Empresa na \u00c1rea de Procurement","publisher":{"@id":"https:\/\/fullsolutions.info\/#organization"},"potentialAction":[{"@type":"SearchAction","target":{"@type":"EntryPoint","urlTemplate":"https:\/\/fullsolutions.info\/?s={search_term_string}"},"query-input":{"@type":"PropertyValueSpecification","valueRequired":true,"valueName":"search_term_string"}}],"inLanguage":"en-US"},{"@type":"Organization","@id":"https:\/\/fullsolutions.info\/#organization","name":"Full Solutions","url":"https:\/\/fullsolutions.info\/","logo":{"@type":"ImageObject","inLanguage":"en-US","@id":"https:\/\/fullsolutions.info\/#\/schema\/logo\/image\/","url":"https:\/\/mlhff0prgoxu.i.optimole.com\/cb:s0sM.767\/w:auto\/h:auto\/q:mauto\/f:best\/https:\/\/fullsolutions.info\/wp-content\/uploads\/2021\/07\/cropped-Design-sem-nome-300x193-1-e1627062664782.png","contentUrl":"https:\/\/mlhff0prgoxu.i.optimole.com\/cb:s0sM.767\/w:auto\/h:auto\/q:mauto\/f:best\/https:\/\/fullsolutions.info\/wp-content\/uploads\/2021\/07\/cropped-Design-sem-nome-300x193-1-e1627062664782.png","width":202,"height":155,"caption":"Full Solutions"},"image":{"@id":"https:\/\/fullsolutions.info\/#\/schema\/logo\/image\/"},"sameAs":["https:\/\/www.linkedin.com\/company\/full-solutions-equipment"]}]}},"_links":{"self":[{"href":"https:\/\/fullsolutions.info\/en\/wp-json\/wp\/v2\/product\/3621","targetHints":{"allow":["GET"]}}],"collection":[{"href":"https:\/\/fullsolutions.info\/en\/wp-json\/wp\/v2\/product"}],"about":[{"href":"https:\/\/fullsolutions.info\/en\/wp-json\/wp\/v2\/types\/product"}],"replies":[{"embeddable":true,"href":"https:\/\/fullsolutions.info\/en\/wp-json\/wp\/v2\/comments?post=3621"}],"wp:featuredmedia":[{"embeddable":true,"href":"https:\/\/fullsolutions.info\/en\/wp-json\/wp\/v2\/media\/3622"}],"wp:attachment":[{"href":"https:\/\/fullsolutions.info\/en\/wp-json\/wp\/v2\/media?parent=3621"}],"wp:term":[{"taxonomy":"product_brand","embeddable":true,"href":"https:\/\/fullsolutions.info\/en\/wp-json\/wp\/v2\/product_brand?post=3621"},{"taxonomy":"product_cat","embeddable":true,"href":"https:\/\/fullsolutions.info\/en\/wp-json\/wp\/v2\/product_cat?post=3621"},{"taxonomy":"product_tag","embeddable":true,"href":"https:\/\/fullsolutions.info\/en\/wp-json\/wp\/v2\/product_tag?post=3621"},{"taxonomy":"marca","embeddable":true,"href":"https:\/\/fullsolutions.info\/en\/wp-json\/wp\/v2\/marca?post=3621"}],"curies":[{"name":"wp","href":"https:\/\/api.w.org\/{rel}","templated":true}]}}