{"id":3608,"date":"2023-10-31T19:43:43","date_gmt":"2023-10-31T19:43:43","guid":{"rendered":"https:\/\/fullsolutionsequip.com\/?post_type=product&#038;p=3608"},"modified":"2024-02-19T16:16:25","modified_gmt":"2024-02-19T16:16:25","slug":"medc-ex-signal-light-dslb-20-led-beacon","status":"publish","type":"product","link":"https:\/\/fullsolutions.info\/en\/product\/medc-ex-signal-light-dslb-20-led-beacon\/","title":{"rendered":"MEDC Ex-Signal Light dSLB 20 Led Beacon"},"content":{"rendered":"<div class=\"elementor-element elementor-element-b17befe elementor-widget elementor-widget-heading\" data-id=\"b17befe\" data-element_type=\"widget\" data-widget_type=\"heading.default\">\n<div class=\"elementor-widget-container\">\n<p class=\"elementor-heading-title elementor-size-default\"><strong>Descri\u00e7\u00e3o<\/strong><\/p>\n<\/div>\n<\/div>\n<div class=\"elementor-element elementor-element-2dbd9d0 elementor-widget elementor-widget-text-editor\" data-id=\"2dbd9d0\" data-element_type=\"widget\" data-widget_type=\"text-editor.default\">\n<div class=\"elementor-widget-container\">\n<div class=\"elementor-text-editor elementor-clearfix\">\n<p>O farol LED dSLB 20 pode ser usado para fins de advert\u00eancia, indica\u00e7\u00e3o e sinaliza\u00e7\u00e3o em \u00e1reas com atmosferas explosivas.<\/p>\n<p>A luz de sinaliza\u00e7\u00e3o LED dSLB 20 \u00e9 ativada ao ligar a fonte de alimenta\u00e7\u00e3o e est\u00e1 dispon\u00edvel com v\u00e1rias tens\u00f5es nominais.\u00a0A caixa resistente \u00e9 adequada para instala\u00e7\u00e3o interna e externa.<\/p>\n<p><strong>Recursos<\/strong><\/p>\n<ul>\n<li>4 modos diferentes:\n<ul>\n<li>cont\u00ednuo, estrobosc\u00f3pico, piscando ou girando<\/li>\n<\/ul>\n<\/li>\n<li>Constru\u00e7\u00e3o compacta<\/li>\n<li>Vers\u00e1til<\/li>\n<li>Grau de prote\u00e7\u00e3o IP 66\/67<\/li>\n<li>Classe de prote\u00e7\u00e3o contra explos\u00e3o:\n<ul>\n<li>II 2D Ex tb IIIC IP66 T95\u00baC, T80\u00baC \u2013 Db<\/li>\n<li>II 2G Ex de IIC T5, T6 \u2013 Gb<\/li>\n<\/ul>\n<\/li>\n<\/ul>\n<\/div>\n<\/div>\n<\/div>","protected":false},"excerpt":{"rendered":"<p>Descri\u00e7\u00e3o O farol LED dSLB 20 pode ser usado para fins de advert\u00eancia, indica\u00e7\u00e3o e sinaliza\u00e7\u00e3o em \u00e1reas com atmosferas explosivas. A luz de sinaliza\u00e7\u00e3o LED dSLB 20 \u00e9 ativada ao ligar a fonte de alimenta\u00e7\u00e3o e est\u00e1 dispon\u00edvel com v\u00e1rias tens\u00f5es nominais.\u00a0A caixa resistente \u00e9 adequada para instala\u00e7\u00e3o interna e externa. Recursos 4 modos diferentes: cont\u00ednuo, estrobosc\u00f3pico, piscando ou girando Constru\u00e7\u00e3o compacta Vers\u00e1til Grau de prote\u00e7\u00e3o IP 66\/67 Classe de prote\u00e7\u00e3o contra explos\u00e3o: II 2D Ex tb IIIC IP66 T95\u00baC, T80\u00baC \u2013 Db II 2G Ex de IIC T5, T6 \u2013 Gb<\/p>","protected":false},"featured_media":3609,"comment_status":"open","ping_status":"closed","template":"","meta":{"_joinchat":[]},"product_brand":[],"product_cat":[131],"product_tag":[],"marca":[74],"class_list":{"0":"post-3608","1":"product","2":"type-product","3":"status-publish","4":"has-post-thumbnail","6":"product_cat-farois-luzes-estroboscopicas","7":"marca-medc","9":"first","10":"instock","11":"shipping-taxable","12":"purchasable","13":"product-type-simple"},"yoast_head":"<!-- This site is optimized with the Yoast SEO plugin v27.2 - https:\/\/yoast.com\/product\/yoast-seo-wordpress\/ -->\n<title>MEDC Ex-Signal Light dSLB 20 Led Beacon - Full Solutions<\/title>\n<meta name=\"robots\" content=\"index, follow, max-snippet:-1, max-image-preview:large, max-video-preview:-1\" \/>\n<link rel=\"canonical\" href=\"https:\/\/fullsolutions.info\/en\/product\/medc-ex-signal-light-dslb-20-led-beacon\/\" \/>\n<meta property=\"og:locale\" content=\"en_US\" \/>\n<meta property=\"og:type\" content=\"article\" \/>\n<meta property=\"og:title\" content=\"MEDC Ex-Signal Light dSLB 20 Led Beacon - Full Solutions\" \/>\n<meta property=\"og:description\" content=\"Descri\u00e7\u00e3o O farol LED dSLB 20 pode ser usado para fins de advert\u00eancia, indica\u00e7\u00e3o e sinaliza\u00e7\u00e3o em \u00e1reas com atmosferas explosivas. A luz de sinaliza\u00e7\u00e3o LED dSLB 20 \u00e9 ativada ao ligar a fonte de alimenta\u00e7\u00e3o e est\u00e1 dispon\u00edvel com v\u00e1rias tens\u00f5es nominais.\u00a0A caixa resistente \u00e9 adequada para instala\u00e7\u00e3o interna e externa. Recursos 4 modos diferentes: cont\u00ednuo, estrobosc\u00f3pico, piscando ou girando Constru\u00e7\u00e3o compacta Vers\u00e1til Grau de prote\u00e7\u00e3o IP 66\/67 Classe de prote\u00e7\u00e3o contra explos\u00e3o: II 2D Ex tb IIIC IP66 T95\u00baC, T80\u00baC \u2013 Db II 2G Ex de IIC T5, T6 \u2013 Gb\" \/>\n<meta property=\"og:url\" content=\"https:\/\/fullsolutions.info\/en\/product\/medc-ex-signal-light-dslb-20-led-beacon\/\" \/>\n<meta property=\"og:site_name\" content=\"Full Solutions\" \/>\n<meta property=\"article:modified_time\" content=\"2024-02-19T16:16:25+00:00\" \/>\n<meta property=\"og:image\" content=\"https:\/\/mlhff0prgoxu.i.optimole.com\/cb:s0sM.767\/w:auto\/h:auto\/q:mauto\/f:best\/https:\/\/fullsolutions.info\/wp-content\/uploads\/2023\/10\/17.png\" \/>\n\t<meta property=\"og:image:width\" content=\"560\" \/>\n\t<meta property=\"og:image:height\" content=\"315\" \/>\n\t<meta property=\"og:image:type\" content=\"image\/png\" \/>\n<meta name=\"twitter:card\" content=\"summary_large_image\" \/>\n<meta name=\"twitter:label1\" content=\"Est. reading time\" \/>\n\t<meta name=\"twitter:data1\" content=\"1 minute\" \/>\n<script type=\"application\/ld+json\" class=\"yoast-schema-graph\">{\"@context\":\"https:\/\/schema.org\",\"@graph\":[{\"@type\":\"WebPage\",\"@id\":\"https:\/\/fullsolutions.info\/produto\/medc-ex-signal-light-dslb-20-led-beacon\/\",\"url\":\"https:\/\/fullsolutions.info\/produto\/medc-ex-signal-light-dslb-20-led-beacon\/\",\"name\":\"MEDC Ex-Signal Light dSLB 20 Led Beacon - Full Solutions\",\"isPartOf\":{\"@id\":\"https:\/\/fullsolutions.info\/#website\"},\"primaryImageOfPage\":{\"@id\":\"https:\/\/fullsolutions.info\/produto\/medc-ex-signal-light-dslb-20-led-beacon\/#primaryimage\"},\"image\":{\"@id\":\"https:\/\/fullsolutions.info\/produto\/medc-ex-signal-light-dslb-20-led-beacon\/#primaryimage\"},\"thumbnailUrl\":\"https:\/\/mlhff0prgoxu.i.optimole.com\/cb:s0sM.767\/w:auto\/h:auto\/q:mauto\/f:best\/https:\/\/fullsolutions.info\/wp-content\/uploads\/2023\/10\/17.png\",\"datePublished\":\"2023-10-31T19:43:43+00:00\",\"dateModified\":\"2024-02-19T16:16:25+00:00\",\"breadcrumb\":{\"@id\":\"https:\/\/fullsolutions.info\/produto\/medc-ex-signal-light-dslb-20-led-beacon\/#breadcrumb\"},\"inLanguage\":\"en-US\",\"potentialAction\":[{\"@type\":\"ReadAction\",\"target\":[\"https:\/\/fullsolutions.info\/produto\/medc-ex-signal-light-dslb-20-led-beacon\/\"]}]},{\"@type\":\"ImageObject\",\"inLanguage\":\"en-US\",\"@id\":\"https:\/\/fullsolutions.info\/produto\/medc-ex-signal-light-dslb-20-led-beacon\/#primaryimage\",\"url\":\"https:\/\/mlhff0prgoxu.i.optimole.com\/cb:s0sM.767\/w:auto\/h:auto\/q:mauto\/f:best\/https:\/\/fullsolutions.info\/wp-content\/uploads\/2023\/10\/17.png\",\"contentUrl\":\"https:\/\/mlhff0prgoxu.i.optimole.com\/cb:s0sM.767\/w:auto\/h:auto\/q:mauto\/f:best\/https:\/\/fullsolutions.info\/wp-content\/uploads\/2023\/10\/17.png\",\"width\":560,\"height\":315},{\"@type\":\"BreadcrumbList\",\"@id\":\"https:\/\/fullsolutions.info\/produto\/medc-ex-signal-light-dslb-20-led-beacon\/#breadcrumb\",\"itemListElement\":[{\"@type\":\"ListItem\",\"position\":1,\"name\":\"In\u00edcio\",\"item\":\"https:\/\/fullsolutions.info\/\"},{\"@type\":\"ListItem\",\"position\":2,\"name\":\"Produtos\",\"item\":\"https:\/\/fullsolutions.info\/shop\/\"},{\"@type\":\"ListItem\",\"position\":3,\"name\":\"MEDC Ex-Signal Light dSLB 20 Led Beacon\"}]},{\"@type\":\"WebSite\",\"@id\":\"https:\/\/fullsolutions.info\/#website\",\"url\":\"https:\/\/fullsolutions.info\/\",\"name\":\"Full Solutions\",\"description\":\"Empresa na \u00c1rea de Procurement\",\"publisher\":{\"@id\":\"https:\/\/fullsolutions.info\/#organization\"},\"potentialAction\":[{\"@type\":\"SearchAction\",\"target\":{\"@type\":\"EntryPoint\",\"urlTemplate\":\"https:\/\/fullsolutions.info\/?s={search_term_string}\"},\"query-input\":{\"@type\":\"PropertyValueSpecification\",\"valueRequired\":true,\"valueName\":\"search_term_string\"}}],\"inLanguage\":\"en-US\"},{\"@type\":\"Organization\",\"@id\":\"https:\/\/fullsolutions.info\/#organization\",\"name\":\"Full Solutions\",\"url\":\"https:\/\/fullsolutions.info\/\",\"logo\":{\"@type\":\"ImageObject\",\"inLanguage\":\"en-US\",\"@id\":\"https:\/\/fullsolutions.info\/#\/schema\/logo\/image\/\",\"url\":\"https:\/\/mlhff0prgoxu.i.optimole.com\/cb:s0sM.767\/w:auto\/h:auto\/q:mauto\/f:best\/https:\/\/fullsolutions.info\/wp-content\/uploads\/2021\/07\/cropped-Design-sem-nome-300x193-1-e1627062664782.png\",\"contentUrl\":\"https:\/\/mlhff0prgoxu.i.optimole.com\/cb:s0sM.767\/w:auto\/h:auto\/q:mauto\/f:best\/https:\/\/fullsolutions.info\/wp-content\/uploads\/2021\/07\/cropped-Design-sem-nome-300x193-1-e1627062664782.png\",\"width\":202,\"height\":155,\"caption\":\"Full Solutions\"},\"image\":{\"@id\":\"https:\/\/fullsolutions.info\/#\/schema\/logo\/image\/\"},\"sameAs\":[\"https:\/\/www.linkedin.com\/company\/full-solutions-equipment\"]}]}<\/script>\n<!-- \/ Yoast SEO plugin. -->","yoast_head_json":{"title":"MEDC Ex-Signal Light dSLB 20 Led Beacon - Full Solutions","robots":{"index":"index","follow":"follow","max-snippet":"max-snippet:-1","max-image-preview":"max-image-preview:large","max-video-preview":"max-video-preview:-1"},"canonical":"https:\/\/fullsolutions.info\/en\/product\/medc-ex-signal-light-dslb-20-led-beacon\/","og_locale":"en_US","og_type":"article","og_title":"MEDC Ex-Signal Light dSLB 20 Led Beacon - Full Solutions","og_description":"Descri\u00e7\u00e3o O farol LED dSLB 20 pode ser usado para fins de advert\u00eancia, indica\u00e7\u00e3o e sinaliza\u00e7\u00e3o em \u00e1reas com atmosferas explosivas. A luz de sinaliza\u00e7\u00e3o LED dSLB 20 \u00e9 ativada ao ligar a fonte de alimenta\u00e7\u00e3o e est\u00e1 dispon\u00edvel com v\u00e1rias tens\u00f5es nominais.\u00a0A caixa resistente \u00e9 adequada para instala\u00e7\u00e3o interna e externa. Recursos 4 modos diferentes: cont\u00ednuo, estrobosc\u00f3pico, piscando ou girando Constru\u00e7\u00e3o compacta Vers\u00e1til Grau de prote\u00e7\u00e3o IP 66\/67 Classe de prote\u00e7\u00e3o contra explos\u00e3o: II 2D Ex tb IIIC IP66 T95\u00baC, T80\u00baC \u2013 Db II 2G Ex de IIC T5, T6 \u2013 Gb","og_url":"https:\/\/fullsolutions.info\/en\/product\/medc-ex-signal-light-dslb-20-led-beacon\/","og_site_name":"Full Solutions","article_modified_time":"2024-02-19T16:16:25+00:00","og_image":[{"width":560,"height":315,"url":"https:\/\/mlhff0prgoxu.i.optimole.com\/cb:s0sM.767\/w:auto\/h:auto\/q:mauto\/f:best\/https:\/\/fullsolutions.info\/wp-content\/uploads\/2023\/10\/17.png","type":"image\/png"}],"twitter_card":"summary_large_image","twitter_misc":{"Est. reading time":"1 minute"},"schema":{"@context":"https:\/\/schema.org","@graph":[{"@type":"WebPage","@id":"https:\/\/fullsolutions.info\/produto\/medc-ex-signal-light-dslb-20-led-beacon\/","url":"https:\/\/fullsolutions.info\/produto\/medc-ex-signal-light-dslb-20-led-beacon\/","name":"MEDC Ex-Signal Light dSLB 20 Led Beacon - Full Solutions","isPartOf":{"@id":"https:\/\/fullsolutions.info\/#website"},"primaryImageOfPage":{"@id":"https:\/\/fullsolutions.info\/produto\/medc-ex-signal-light-dslb-20-led-beacon\/#primaryimage"},"image":{"@id":"https:\/\/fullsolutions.info\/produto\/medc-ex-signal-light-dslb-20-led-beacon\/#primaryimage"},"thumbnailUrl":"https:\/\/mlhff0prgoxu.i.optimole.com\/cb:s0sM.767\/w:auto\/h:auto\/q:mauto\/f:best\/https:\/\/fullsolutions.info\/wp-content\/uploads\/2023\/10\/17.png","datePublished":"2023-10-31T19:43:43+00:00","dateModified":"2024-02-19T16:16:25+00:00","breadcrumb":{"@id":"https:\/\/fullsolutions.info\/produto\/medc-ex-signal-light-dslb-20-led-beacon\/#breadcrumb"},"inLanguage":"en-US","potentialAction":[{"@type":"ReadAction","target":["https:\/\/fullsolutions.info\/produto\/medc-ex-signal-light-dslb-20-led-beacon\/"]}]},{"@type":"ImageObject","inLanguage":"en-US","@id":"https:\/\/fullsolutions.info\/produto\/medc-ex-signal-light-dslb-20-led-beacon\/#primaryimage","url":"https:\/\/mlhff0prgoxu.i.optimole.com\/cb:s0sM.767\/w:auto\/h:auto\/q:mauto\/f:best\/https:\/\/fullsolutions.info\/wp-content\/uploads\/2023\/10\/17.png","contentUrl":"https:\/\/mlhff0prgoxu.i.optimole.com\/cb:s0sM.767\/w:auto\/h:auto\/q:mauto\/f:best\/https:\/\/fullsolutions.info\/wp-content\/uploads\/2023\/10\/17.png","width":560,"height":315},{"@type":"BreadcrumbList","@id":"https:\/\/fullsolutions.info\/produto\/medc-ex-signal-light-dslb-20-led-beacon\/#breadcrumb","itemListElement":[{"@type":"ListItem","position":1,"name":"In\u00edcio","item":"https:\/\/fullsolutions.info\/"},{"@type":"ListItem","position":2,"name":"Produtos","item":"https:\/\/fullsolutions.info\/shop\/"},{"@type":"ListItem","position":3,"name":"MEDC Ex-Signal Light dSLB 20 Led Beacon"}]},{"@type":"WebSite","@id":"https:\/\/fullsolutions.info\/#website","url":"https:\/\/fullsolutions.info\/","name":"Full Solutions","description":"Empresa na \u00c1rea de Procurement","publisher":{"@id":"https:\/\/fullsolutions.info\/#organization"},"potentialAction":[{"@type":"SearchAction","target":{"@type":"EntryPoint","urlTemplate":"https:\/\/fullsolutions.info\/?s={search_term_string}"},"query-input":{"@type":"PropertyValueSpecification","valueRequired":true,"valueName":"search_term_string"}}],"inLanguage":"en-US"},{"@type":"Organization","@id":"https:\/\/fullsolutions.info\/#organization","name":"Full Solutions","url":"https:\/\/fullsolutions.info\/","logo":{"@type":"ImageObject","inLanguage":"en-US","@id":"https:\/\/fullsolutions.info\/#\/schema\/logo\/image\/","url":"https:\/\/mlhff0prgoxu.i.optimole.com\/cb:s0sM.767\/w:auto\/h:auto\/q:mauto\/f:best\/https:\/\/fullsolutions.info\/wp-content\/uploads\/2021\/07\/cropped-Design-sem-nome-300x193-1-e1627062664782.png","contentUrl":"https:\/\/mlhff0prgoxu.i.optimole.com\/cb:s0sM.767\/w:auto\/h:auto\/q:mauto\/f:best\/https:\/\/fullsolutions.info\/wp-content\/uploads\/2021\/07\/cropped-Design-sem-nome-300x193-1-e1627062664782.png","width":202,"height":155,"caption":"Full Solutions"},"image":{"@id":"https:\/\/fullsolutions.info\/#\/schema\/logo\/image\/"},"sameAs":["https:\/\/www.linkedin.com\/company\/full-solutions-equipment"]}]}},"_links":{"self":[{"href":"https:\/\/fullsolutions.info\/en\/wp-json\/wp\/v2\/product\/3608","targetHints":{"allow":["GET"]}}],"collection":[{"href":"https:\/\/fullsolutions.info\/en\/wp-json\/wp\/v2\/product"}],"about":[{"href":"https:\/\/fullsolutions.info\/en\/wp-json\/wp\/v2\/types\/product"}],"replies":[{"embeddable":true,"href":"https:\/\/fullsolutions.info\/en\/wp-json\/wp\/v2\/comments?post=3608"}],"wp:featuredmedia":[{"embeddable":true,"href":"https:\/\/fullsolutions.info\/en\/wp-json\/wp\/v2\/media\/3609"}],"wp:attachment":[{"href":"https:\/\/fullsolutions.info\/en\/wp-json\/wp\/v2\/media?parent=3608"}],"wp:term":[{"taxonomy":"product_brand","embeddable":true,"href":"https:\/\/fullsolutions.info\/en\/wp-json\/wp\/v2\/product_brand?post=3608"},{"taxonomy":"product_cat","embeddable":true,"href":"https:\/\/fullsolutions.info\/en\/wp-json\/wp\/v2\/product_cat?post=3608"},{"taxonomy":"product_tag","embeddable":true,"href":"https:\/\/fullsolutions.info\/en\/wp-json\/wp\/v2\/product_tag?post=3608"},{"taxonomy":"marca","embeddable":true,"href":"https:\/\/fullsolutions.info\/en\/wp-json\/wp\/v2\/marca?post=3608"}],"curies":[{"name":"wp","href":"https:\/\/api.w.org\/{rel}","templated":true}]}}