{"id":3604,"date":"2023-10-31T19:40:06","date_gmt":"2023-10-31T19:40:06","guid":{"rendered":"https:\/\/fullsolutionsequip.com\/?post_type=product&#038;p=3604"},"modified":"2024-02-19T16:16:25","modified_gmt":"2024-02-19T16:16:25","slug":"dispositivo-de-sinalizacao-led-medc-expertline","status":"publish","type":"product","link":"https:\/\/fullsolutions.info\/en\/product\/dispositivo-de-sinalizacao-led-medc-expertline\/","title":{"rendered":"Dispositivo de sinaliza\u00e7\u00e3o LED MEDC Expertline"},"content":{"rendered":"<div class=\"elementor-element elementor-element-b17befe elementor-widget elementor-widget-heading\" data-id=\"b17befe\" data-element_type=\"widget\" data-widget_type=\"heading.default\">\n<div class=\"elementor-widget-container\">\n<p class=\"elementor-heading-title elementor-size-default\"><strong>Descri\u00e7\u00e3o<\/strong><\/p>\n<\/div>\n<\/div>\n<div class=\"elementor-element elementor-element-2dbd9d0 elementor-widget elementor-widget-text-editor\" data-id=\"2dbd9d0\" data-element_type=\"widget\" data-widget_type=\"text-editor.default\">\n<div class=\"elementor-widget-container\">\n<div class=\"elementor-text-editor elementor-clearfix\">\n<p>\u00a0Os modos de opera\u00e7\u00e3o dispon\u00edveis s\u00e3o luz cont\u00ednua, luz estrobosc\u00f3pica, luz intermitente e luz girat\u00f3ria, e ligar a tens\u00e3o de alimenta\u00e7\u00e3o ativa ao dispositivo. O Ex-light \u00e9 equipado com diodos emissores de luz (LEDs) de alto desempenho e vem nas cores branco, vermelho, amarelo, verde e azul.\u00a0A caixa est\u00e1 em conformidade com o grau de prote\u00e7\u00e3o IP66 e \u00e9 adequada para uso interno e externo.<\/p>\n<p>A caixa de pl\u00e1stico e a c\u00fapula consistem em policarbonato resistente a impactos.\u00a0A c\u00fapula com os LEDs \u00e9 totalmente preenchida com composto transparente.\u00a0A eletr\u00f4nica completa tamb\u00e9m est\u00e1 encapsulada no composto.\u00a0Assim, o tipo de prote\u00e7\u00e3o \u2018encapsulamento\u2019 \u00e9 estabelecido.\u00a0A sala do terminal foi projetada de acordo com o tipo de prote\u00e7\u00e3o de \u2018seguran\u00e7a aumentada\u2019.<\/p>\n<p>As chaves DIP para ajuste dos modos de opera\u00e7\u00e3o possuem o tipo de prote\u00e7\u00e3o \u2018intrinsecamente seguro\u2019.<\/p>\n<p>Um suporte de metal V4A serve como montagem na parede.\u00a0O dispositivo pode ser operado em qualquer posi\u00e7\u00e3o.<\/p>\n<p><strong>Recursos<\/strong><\/p>\n<ul>\n<li>Carca\u00e7a de policarbonato (preto)<\/li>\n<li>Todas as pe\u00e7as de metal de a\u00e7o inoxid\u00e1vel V4A<\/li>\n<li>Grau de prote\u00e7\u00e3o IP 66 acc.\u00a0para IEC 60529<\/li>\n<li>II 2 G Ex emb (ib) IIC T4<br \/>\nII 2 D Ex mbD tD A21 IP66 T 130 \u00b0 C<\/li>\n<li>4 modos de opera\u00e7\u00e3o diferentes (cont\u00ednuo, piscando, estrobosc\u00f3pio e luz rotativa)<\/li>\n<li>Cores dispon\u00edveis:<br \/>\nbranco, vermelho, amarelo, verde e azul<\/li>\n<\/ul>\n<\/div>\n<\/div>\n<\/div>","protected":false},"excerpt":{"rendered":"<p>Descri\u00e7\u00e3o \u00a0Os modos de opera\u00e7\u00e3o dispon\u00edveis s\u00e3o luz cont\u00ednua, luz estrobosc\u00f3pica, luz intermitente e luz girat\u00f3ria, e ligar a tens\u00e3o de alimenta\u00e7\u00e3o ativa ao dispositivo. O Ex-light \u00e9 equipado com diodos emissores de luz (LEDs) de alto desempenho e vem nas cores branco, vermelho, amarelo, verde e azul.\u00a0A caixa est\u00e1 em conformidade com o grau de prote\u00e7\u00e3o IP66 e \u00e9 adequada para uso interno e externo. A caixa de pl\u00e1stico e a c\u00fapula consistem em policarbonato resistente a impactos.\u00a0A c\u00fapula com os LEDs \u00e9 totalmente preenchida com composto transparente.\u00a0A eletr\u00f4nica completa tamb\u00e9m est\u00e1 encapsulada no composto.\u00a0Assim, o tipo de prote\u00e7\u00e3o \u2018encapsulamento\u2019 \u00e9 estabelecido.\u00a0A sala do terminal foi projetada de acordo com o tipo de prote\u00e7\u00e3o de \u2018seguran\u00e7a aumentada\u2019. As chaves DIP para ajuste dos modos de opera\u00e7\u00e3o possuem o tipo de prote\u00e7\u00e3o \u2018intrinsecamente seguro\u2019. Um suporte de metal V4A serve como montagem na parede.\u00a0O dispositivo pode ser operado em qualquer posi\u00e7\u00e3o. Recursos Carca\u00e7a de policarbonato (preto) Todas as pe\u00e7as de metal de a\u00e7o inoxid\u00e1vel V4A Grau de prote\u00e7\u00e3o IP 66 acc.\u00a0para IEC 60529 II 2 G Ex emb (ib) IIC T4 II 2 D Ex mbD tD A21 IP66 T 130 \u00b0 C 4 modos de opera\u00e7\u00e3o diferentes (cont\u00ednuo, piscando, estrobosc\u00f3pio e luz rotativa) Cores dispon\u00edveis: branco, vermelho, amarelo, verde e azul<\/p>","protected":false},"featured_media":3605,"comment_status":"open","ping_status":"closed","template":"","meta":{"_joinchat":[]},"product_brand":[],"product_cat":[131],"product_tag":[],"marca":[74],"class_list":{"0":"post-3604","1":"product","2":"type-product","3":"status-publish","4":"has-post-thumbnail","6":"product_cat-farois-luzes-estroboscopicas","7":"marca-medc","9":"first","10":"instock","11":"shipping-taxable","12":"purchasable","13":"product-type-simple"},"yoast_head":"<!-- This site is optimized with the Yoast SEO plugin v27.2 - https:\/\/yoast.com\/product\/yoast-seo-wordpress\/ -->\n<title>Dispositivo de sinaliza\u00e7\u00e3o LED MEDC Expertline - Full Solutions<\/title>\n<meta name=\"robots\" content=\"index, follow, max-snippet:-1, max-image-preview:large, max-video-preview:-1\" \/>\n<link rel=\"canonical\" href=\"https:\/\/fullsolutions.info\/en\/product\/dispositivo-de-sinalizacao-led-medc-expertline\/\" \/>\n<meta property=\"og:locale\" content=\"en_US\" \/>\n<meta property=\"og:type\" content=\"article\" \/>\n<meta property=\"og:title\" content=\"Dispositivo de sinaliza\u00e7\u00e3o LED MEDC Expertline - Full Solutions\" \/>\n<meta property=\"og:description\" content=\"Descri\u00e7\u00e3o \u00a0Os modos de opera\u00e7\u00e3o dispon\u00edveis s\u00e3o luz cont\u00ednua, luz estrobosc\u00f3pica, luz intermitente e luz girat\u00f3ria, e ligar a tens\u00e3o de alimenta\u00e7\u00e3o ativa ao dispositivo. O Ex-light \u00e9 equipado com diodos emissores de luz (LEDs) de alto desempenho e vem nas cores branco, vermelho, amarelo, verde e azul.\u00a0A caixa est\u00e1 em conformidade com o grau de prote\u00e7\u00e3o IP66 e \u00e9 adequada para uso interno e externo. A caixa de pl\u00e1stico e a c\u00fapula consistem em policarbonato resistente a impactos.\u00a0A c\u00fapula com os LEDs \u00e9 totalmente preenchida com composto transparente.\u00a0A eletr\u00f4nica completa tamb\u00e9m est\u00e1 encapsulada no composto.\u00a0Assim, o tipo de prote\u00e7\u00e3o \u2018encapsulamento\u2019 \u00e9 estabelecido.\u00a0A sala do terminal foi projetada de acordo com o tipo de prote\u00e7\u00e3o de \u2018seguran\u00e7a aumentada\u2019. As chaves DIP para ajuste dos modos de opera\u00e7\u00e3o possuem o tipo de prote\u00e7\u00e3o \u2018intrinsecamente seguro\u2019. Um suporte de metal V4A serve como montagem na parede.\u00a0O dispositivo pode ser operado em qualquer posi\u00e7\u00e3o. Recursos Carca\u00e7a de policarbonato (preto) Todas as pe\u00e7as de metal de a\u00e7o inoxid\u00e1vel V4A Grau de prote\u00e7\u00e3o IP 66 acc.\u00a0para IEC 60529 II 2 G Ex emb (ib) IIC T4 II 2 D Ex mbD tD A21 IP66 T 130 \u00b0 C 4 modos de opera\u00e7\u00e3o diferentes (cont\u00ednuo, piscando, estrobosc\u00f3pio e luz rotativa) Cores dispon\u00edveis: branco, vermelho, amarelo, verde e azul\" \/>\n<meta property=\"og:url\" content=\"https:\/\/fullsolutions.info\/en\/product\/dispositivo-de-sinalizacao-led-medc-expertline\/\" \/>\n<meta property=\"og:site_name\" content=\"Full Solutions\" \/>\n<meta property=\"article:modified_time\" content=\"2024-02-19T16:16:25+00:00\" \/>\n<meta property=\"og:image\" content=\"https:\/\/mlhff0prgoxu.i.optimole.com\/cb:s0sM.767\/w:auto\/h:auto\/q:mauto\/f:best\/https:\/\/fullsolutions.info\/wp-content\/uploads\/2023\/10\/15.png\" \/>\n\t<meta property=\"og:image:width\" content=\"560\" \/>\n\t<meta property=\"og:image:height\" content=\"315\" \/>\n\t<meta property=\"og:image:type\" content=\"image\/png\" \/>\n<meta name=\"twitter:card\" content=\"summary_large_image\" \/>\n<meta name=\"twitter:label1\" content=\"Est. reading time\" \/>\n\t<meta name=\"twitter:data1\" content=\"1 minute\" \/>\n<script type=\"application\/ld+json\" class=\"yoast-schema-graph\">{\"@context\":\"https:\/\/schema.org\",\"@graph\":[{\"@type\":\"WebPage\",\"@id\":\"https:\/\/fullsolutions.info\/produto\/dispositivo-de-sinalizacao-led-medc-expertline\/\",\"url\":\"https:\/\/fullsolutions.info\/produto\/dispositivo-de-sinalizacao-led-medc-expertline\/\",\"name\":\"Dispositivo de sinaliza\u00e7\u00e3o LED MEDC Expertline - Full Solutions\",\"isPartOf\":{\"@id\":\"https:\/\/fullsolutions.info\/#website\"},\"primaryImageOfPage\":{\"@id\":\"https:\/\/fullsolutions.info\/produto\/dispositivo-de-sinalizacao-led-medc-expertline\/#primaryimage\"},\"image\":{\"@id\":\"https:\/\/fullsolutions.info\/produto\/dispositivo-de-sinalizacao-led-medc-expertline\/#primaryimage\"},\"thumbnailUrl\":\"https:\/\/mlhff0prgoxu.i.optimole.com\/cb:s0sM.767\/w:auto\/h:auto\/q:mauto\/f:best\/https:\/\/fullsolutions.info\/wp-content\/uploads\/2023\/10\/15.png\",\"datePublished\":\"2023-10-31T19:40:06+00:00\",\"dateModified\":\"2024-02-19T16:16:25+00:00\",\"breadcrumb\":{\"@id\":\"https:\/\/fullsolutions.info\/produto\/dispositivo-de-sinalizacao-led-medc-expertline\/#breadcrumb\"},\"inLanguage\":\"en-US\",\"potentialAction\":[{\"@type\":\"ReadAction\",\"target\":[\"https:\/\/fullsolutions.info\/produto\/dispositivo-de-sinalizacao-led-medc-expertline\/\"]}]},{\"@type\":\"ImageObject\",\"inLanguage\":\"en-US\",\"@id\":\"https:\/\/fullsolutions.info\/produto\/dispositivo-de-sinalizacao-led-medc-expertline\/#primaryimage\",\"url\":\"https:\/\/mlhff0prgoxu.i.optimole.com\/cb:s0sM.767\/w:auto\/h:auto\/q:mauto\/f:best\/https:\/\/fullsolutions.info\/wp-content\/uploads\/2023\/10\/15.png\",\"contentUrl\":\"https:\/\/mlhff0prgoxu.i.optimole.com\/cb:s0sM.767\/w:auto\/h:auto\/q:mauto\/f:best\/https:\/\/fullsolutions.info\/wp-content\/uploads\/2023\/10\/15.png\",\"width\":560,\"height\":315},{\"@type\":\"BreadcrumbList\",\"@id\":\"https:\/\/fullsolutions.info\/produto\/dispositivo-de-sinalizacao-led-medc-expertline\/#breadcrumb\",\"itemListElement\":[{\"@type\":\"ListItem\",\"position\":1,\"name\":\"In\u00edcio\",\"item\":\"https:\/\/fullsolutions.info\/\"},{\"@type\":\"ListItem\",\"position\":2,\"name\":\"Produtos\",\"item\":\"https:\/\/fullsolutions.info\/shop\/\"},{\"@type\":\"ListItem\",\"position\":3,\"name\":\"Dispositivo de sinaliza\u00e7\u00e3o LED MEDC Expertline\"}]},{\"@type\":\"WebSite\",\"@id\":\"https:\/\/fullsolutions.info\/#website\",\"url\":\"https:\/\/fullsolutions.info\/\",\"name\":\"Full Solutions\",\"description\":\"Empresa na \u00c1rea de Procurement\",\"publisher\":{\"@id\":\"https:\/\/fullsolutions.info\/#organization\"},\"potentialAction\":[{\"@type\":\"SearchAction\",\"target\":{\"@type\":\"EntryPoint\",\"urlTemplate\":\"https:\/\/fullsolutions.info\/?s={search_term_string}\"},\"query-input\":{\"@type\":\"PropertyValueSpecification\",\"valueRequired\":true,\"valueName\":\"search_term_string\"}}],\"inLanguage\":\"en-US\"},{\"@type\":\"Organization\",\"@id\":\"https:\/\/fullsolutions.info\/#organization\",\"name\":\"Full Solutions\",\"url\":\"https:\/\/fullsolutions.info\/\",\"logo\":{\"@type\":\"ImageObject\",\"inLanguage\":\"en-US\",\"@id\":\"https:\/\/fullsolutions.info\/#\/schema\/logo\/image\/\",\"url\":\"https:\/\/mlhff0prgoxu.i.optimole.com\/cb:s0sM.767\/w:auto\/h:auto\/q:mauto\/f:best\/https:\/\/fullsolutions.info\/wp-content\/uploads\/2021\/07\/cropped-Design-sem-nome-300x193-1-e1627062664782.png\",\"contentUrl\":\"https:\/\/mlhff0prgoxu.i.optimole.com\/cb:s0sM.767\/w:auto\/h:auto\/q:mauto\/f:best\/https:\/\/fullsolutions.info\/wp-content\/uploads\/2021\/07\/cropped-Design-sem-nome-300x193-1-e1627062664782.png\",\"width\":202,\"height\":155,\"caption\":\"Full Solutions\"},\"image\":{\"@id\":\"https:\/\/fullsolutions.info\/#\/schema\/logo\/image\/\"},\"sameAs\":[\"https:\/\/www.linkedin.com\/company\/full-solutions-equipment\"]}]}<\/script>\n<!-- \/ Yoast SEO plugin. -->","yoast_head_json":{"title":"Dispositivo de sinaliza\u00e7\u00e3o LED MEDC Expertline - Full Solutions","robots":{"index":"index","follow":"follow","max-snippet":"max-snippet:-1","max-image-preview":"max-image-preview:large","max-video-preview":"max-video-preview:-1"},"canonical":"https:\/\/fullsolutions.info\/en\/product\/dispositivo-de-sinalizacao-led-medc-expertline\/","og_locale":"en_US","og_type":"article","og_title":"Dispositivo de sinaliza\u00e7\u00e3o LED MEDC Expertline - Full Solutions","og_description":"Descri\u00e7\u00e3o \u00a0Os modos de opera\u00e7\u00e3o dispon\u00edveis s\u00e3o luz cont\u00ednua, luz estrobosc\u00f3pica, luz intermitente e luz girat\u00f3ria, e ligar a tens\u00e3o de alimenta\u00e7\u00e3o ativa ao dispositivo. O Ex-light \u00e9 equipado com diodos emissores de luz (LEDs) de alto desempenho e vem nas cores branco, vermelho, amarelo, verde e azul.\u00a0A caixa est\u00e1 em conformidade com o grau de prote\u00e7\u00e3o IP66 e \u00e9 adequada para uso interno e externo. A caixa de pl\u00e1stico e a c\u00fapula consistem em policarbonato resistente a impactos.\u00a0A c\u00fapula com os LEDs \u00e9 totalmente preenchida com composto transparente.\u00a0A eletr\u00f4nica completa tamb\u00e9m est\u00e1 encapsulada no composto.\u00a0Assim, o tipo de prote\u00e7\u00e3o \u2018encapsulamento\u2019 \u00e9 estabelecido.\u00a0A sala do terminal foi projetada de acordo com o tipo de prote\u00e7\u00e3o de \u2018seguran\u00e7a aumentada\u2019. As chaves DIP para ajuste dos modos de opera\u00e7\u00e3o possuem o tipo de prote\u00e7\u00e3o \u2018intrinsecamente seguro\u2019. Um suporte de metal V4A serve como montagem na parede.\u00a0O dispositivo pode ser operado em qualquer posi\u00e7\u00e3o. Recursos Carca\u00e7a de policarbonato (preto) Todas as pe\u00e7as de metal de a\u00e7o inoxid\u00e1vel V4A Grau de prote\u00e7\u00e3o IP 66 acc.\u00a0para IEC 60529 II 2 G Ex emb (ib) IIC T4 II 2 D Ex mbD tD A21 IP66 T 130 \u00b0 C 4 modos de opera\u00e7\u00e3o diferentes (cont\u00ednuo, piscando, estrobosc\u00f3pio e luz rotativa) Cores dispon\u00edveis: branco, vermelho, amarelo, verde e azul","og_url":"https:\/\/fullsolutions.info\/en\/product\/dispositivo-de-sinalizacao-led-medc-expertline\/","og_site_name":"Full Solutions","article_modified_time":"2024-02-19T16:16:25+00:00","og_image":[{"width":560,"height":315,"url":"https:\/\/mlhff0prgoxu.i.optimole.com\/cb:s0sM.767\/w:auto\/h:auto\/q:mauto\/f:best\/https:\/\/fullsolutions.info\/wp-content\/uploads\/2023\/10\/15.png","type":"image\/png"}],"twitter_card":"summary_large_image","twitter_misc":{"Est. reading time":"1 minute"},"schema":{"@context":"https:\/\/schema.org","@graph":[{"@type":"WebPage","@id":"https:\/\/fullsolutions.info\/produto\/dispositivo-de-sinalizacao-led-medc-expertline\/","url":"https:\/\/fullsolutions.info\/produto\/dispositivo-de-sinalizacao-led-medc-expertline\/","name":"Dispositivo de sinaliza\u00e7\u00e3o LED MEDC Expertline - Full Solutions","isPartOf":{"@id":"https:\/\/fullsolutions.info\/#website"},"primaryImageOfPage":{"@id":"https:\/\/fullsolutions.info\/produto\/dispositivo-de-sinalizacao-led-medc-expertline\/#primaryimage"},"image":{"@id":"https:\/\/fullsolutions.info\/produto\/dispositivo-de-sinalizacao-led-medc-expertline\/#primaryimage"},"thumbnailUrl":"https:\/\/mlhff0prgoxu.i.optimole.com\/cb:s0sM.767\/w:auto\/h:auto\/q:mauto\/f:best\/https:\/\/fullsolutions.info\/wp-content\/uploads\/2023\/10\/15.png","datePublished":"2023-10-31T19:40:06+00:00","dateModified":"2024-02-19T16:16:25+00:00","breadcrumb":{"@id":"https:\/\/fullsolutions.info\/produto\/dispositivo-de-sinalizacao-led-medc-expertline\/#breadcrumb"},"inLanguage":"en-US","potentialAction":[{"@type":"ReadAction","target":["https:\/\/fullsolutions.info\/produto\/dispositivo-de-sinalizacao-led-medc-expertline\/"]}]},{"@type":"ImageObject","inLanguage":"en-US","@id":"https:\/\/fullsolutions.info\/produto\/dispositivo-de-sinalizacao-led-medc-expertline\/#primaryimage","url":"https:\/\/mlhff0prgoxu.i.optimole.com\/cb:s0sM.767\/w:auto\/h:auto\/q:mauto\/f:best\/https:\/\/fullsolutions.info\/wp-content\/uploads\/2023\/10\/15.png","contentUrl":"https:\/\/mlhff0prgoxu.i.optimole.com\/cb:s0sM.767\/w:auto\/h:auto\/q:mauto\/f:best\/https:\/\/fullsolutions.info\/wp-content\/uploads\/2023\/10\/15.png","width":560,"height":315},{"@type":"BreadcrumbList","@id":"https:\/\/fullsolutions.info\/produto\/dispositivo-de-sinalizacao-led-medc-expertline\/#breadcrumb","itemListElement":[{"@type":"ListItem","position":1,"name":"In\u00edcio","item":"https:\/\/fullsolutions.info\/"},{"@type":"ListItem","position":2,"name":"Produtos","item":"https:\/\/fullsolutions.info\/shop\/"},{"@type":"ListItem","position":3,"name":"Dispositivo de sinaliza\u00e7\u00e3o LED MEDC Expertline"}]},{"@type":"WebSite","@id":"https:\/\/fullsolutions.info\/#website","url":"https:\/\/fullsolutions.info\/","name":"Full Solutions","description":"Empresa na \u00c1rea de Procurement","publisher":{"@id":"https:\/\/fullsolutions.info\/#organization"},"potentialAction":[{"@type":"SearchAction","target":{"@type":"EntryPoint","urlTemplate":"https:\/\/fullsolutions.info\/?s={search_term_string}"},"query-input":{"@type":"PropertyValueSpecification","valueRequired":true,"valueName":"search_term_string"}}],"inLanguage":"en-US"},{"@type":"Organization","@id":"https:\/\/fullsolutions.info\/#organization","name":"Full Solutions","url":"https:\/\/fullsolutions.info\/","logo":{"@type":"ImageObject","inLanguage":"en-US","@id":"https:\/\/fullsolutions.info\/#\/schema\/logo\/image\/","url":"https:\/\/mlhff0prgoxu.i.optimole.com\/cb:s0sM.767\/w:auto\/h:auto\/q:mauto\/f:best\/https:\/\/fullsolutions.info\/wp-content\/uploads\/2021\/07\/cropped-Design-sem-nome-300x193-1-e1627062664782.png","contentUrl":"https:\/\/mlhff0prgoxu.i.optimole.com\/cb:s0sM.767\/w:auto\/h:auto\/q:mauto\/f:best\/https:\/\/fullsolutions.info\/wp-content\/uploads\/2021\/07\/cropped-Design-sem-nome-300x193-1-e1627062664782.png","width":202,"height":155,"caption":"Full Solutions"},"image":{"@id":"https:\/\/fullsolutions.info\/#\/schema\/logo\/image\/"},"sameAs":["https:\/\/www.linkedin.com\/company\/full-solutions-equipment"]}]}},"_links":{"self":[{"href":"https:\/\/fullsolutions.info\/en\/wp-json\/wp\/v2\/product\/3604","targetHints":{"allow":["GET"]}}],"collection":[{"href":"https:\/\/fullsolutions.info\/en\/wp-json\/wp\/v2\/product"}],"about":[{"href":"https:\/\/fullsolutions.info\/en\/wp-json\/wp\/v2\/types\/product"}],"replies":[{"embeddable":true,"href":"https:\/\/fullsolutions.info\/en\/wp-json\/wp\/v2\/comments?post=3604"}],"wp:featuredmedia":[{"embeddable":true,"href":"https:\/\/fullsolutions.info\/en\/wp-json\/wp\/v2\/media\/3605"}],"wp:attachment":[{"href":"https:\/\/fullsolutions.info\/en\/wp-json\/wp\/v2\/media?parent=3604"}],"wp:term":[{"taxonomy":"product_brand","embeddable":true,"href":"https:\/\/fullsolutions.info\/en\/wp-json\/wp\/v2\/product_brand?post=3604"},{"taxonomy":"product_cat","embeddable":true,"href":"https:\/\/fullsolutions.info\/en\/wp-json\/wp\/v2\/product_cat?post=3604"},{"taxonomy":"product_tag","embeddable":true,"href":"https:\/\/fullsolutions.info\/en\/wp-json\/wp\/v2\/product_tag?post=3604"},{"taxonomy":"marca","embeddable":true,"href":"https:\/\/fullsolutions.info\/en\/wp-json\/wp\/v2\/marca?post=3604"}],"curies":[{"name":"wp","href":"https:\/\/api.w.org\/{rel}","templated":true}]}}