{"id":3598,"date":"2023-10-31T19:37:20","date_gmt":"2023-10-31T19:37:20","guid":{"rendered":"https:\/\/fullsolutionsequip.com\/?post_type=product&#038;p=3598"},"modified":"2024-02-19T16:16:25","modified_gmt":"2024-02-19T16:16:25","slug":"medc-xb15-faixa-de-5-10-e-15-joule-xenon-beacons","status":"publish","type":"product","link":"https:\/\/fullsolutions.info\/en\/product\/medc-xb15-faixa-de-5-10-e-15-joule-xenon-beacons\/","title":{"rendered":"MEDC XB15 Faixa de 5, 10 e 15 Joule Xenon Beacons"},"content":{"rendered":"<div class=\"elementor-element elementor-element-b17befe elementor-widget elementor-widget-heading\" data-id=\"b17befe\" data-element_type=\"widget\" data-widget_type=\"heading.default\">\n<div class=\"elementor-widget-container\">\n<p class=\"elementor-heading-title elementor-size-default\"><strong>Descri\u00e7\u00e3o<\/strong><\/p>\n<\/div>\n<\/div>\n<div class=\"elementor-element elementor-element-2dbd9d0 elementor-widget elementor-widget-text-editor\" data-id=\"2dbd9d0\" data-element_type=\"widget\" data-widget_type=\"text-editor.default\">\n<div class=\"elementor-widget-container\">\n<div class=\"elementor-text-editor elementor-clearfix\">\n<p>Esses far\u00f3is certificados foram projetados para uso em atmosferas potencialmente explosivas e condi\u00e7\u00f5es ambientais adversas.\u00a0Os gabinetes s\u00e3o adequados para uso offshore ou onshore, onde<br \/>\n\u00e9 necess\u00e1rio um peso\u00a0leve\u00a0combinado com resist\u00eancia \u00e0 corros\u00e3o.<\/p>\n<p>As caixas s\u00e3o totalmente fabricadas em poli\u00e9ster refor\u00e7ado com vidro, est\u00e1vel aos raios ultravioleta.\u00a0Parafusos de a\u00e7o inoxid\u00e1vel e suporte de montagem s\u00e3o incorporados garantindo um produto totalmente livre de corros\u00e3o.<\/p>\n<p>O modelo XB15 cont\u00e9m um diodo de supervis\u00e3o e conex\u00f5es de quatro fios para aplica\u00e7\u00f5es de alarme.<\/p>\n<p>As unidades podem ser pintadas de acordo com as especifica\u00e7\u00f5es do cliente e fornecidas com etiquetas de identifica\u00e7\u00e3o.<\/p>\n<p>Al\u00e9m dos certificados padr\u00e3o mundiais, EN54-23 e SIL1 j\u00e1 est\u00e3o dispon\u00edveis.\u00a0Al\u00e9m de o XB15 ser certificado de -55 \u00b0 C a + 70 \u00b0 C, os novos circuitos de controle foram projetados para<br \/>\nenergizar consistentemente a \u201355 \u00b0 C.<\/p>\n<p><strong>Recursos<\/strong><\/p>\n<ul>\n<li>Zonas 1, 2, 21 e 22<\/li>\n<li>Exd IIC, T4 \/ T5 \/ T6<\/li>\n<li>Certificado ATEX, Ex II 2GD<\/li>\n<li>Gb, Db certificado IECEx<\/li>\n<li>Certificado UL para EUA e Canad\u00e1:<br \/>\n\u2013 Locais perigosos:<br \/>\nClasse I, Div.\u00a02, Grupos A, B, f C e D<br \/>\nClasse II, Div 2 Grupos F e G<br \/>\nClasse I, Zona 1, AExd IIC T4 \/ T5 \/ T6<br \/>\n\u2013 Locais comuns: dispositivo de sinal visual<br \/>\n\u2013 listado na Marinha<\/li>\n<li>ULC certificado pelos padr\u00f5es de seguran\u00e7a canadenses<\/li>\n<li>TR CU certificado<\/li>\n<li>Certificado CCCF<\/li>\n<li>Certificado CQST<\/li>\n<li>Certificado pelo INMETRO<\/li>\n<li>Certificado CCOE<\/li>\n<li>IP66 e 67<\/li>\n<li>EN54-23 certificado<\/li>\n<li>Certificado SIL 1<\/li>\n<li>Temperatura certificada de \u201355\u00baC a + 70\u00baC<\/li>\n<li>Vers\u00f5es 5, 10 e 15J dispon\u00edveis<\/li>\n<li>Montagem em tubo ou caixa de montagem direta<\/li>\n<li>GRP livre de corros\u00e3o<\/li>\n<li>Quatro fios e diodo de supervis\u00e3o<\/li>\n<li>Al\u00e7a traseira de a\u00e7o inoxid\u00e1vel opcional<\/li>\n<li>V\u00e1rias cores de lente<\/li>\n<li>Rel\u00e9 opcional ou inicializa\u00e7\u00e3o por telefone<\/li>\n<li>Protetor de lente elenco ou fio opcional<\/li>\n<li>At\u00e9 3 entradas M20 ou 3 x M25<\/li>\n<li>Vers\u00e3o LED dispon\u00edvel (ver folha de dados para LD15)<\/li>\n<li>Caracter\u00edsticas de corrente de inrush aprimoradas<\/li>\n<li>Inicializa\u00e7\u00e3o consistente de temperaturas extremas<\/li>\n<\/ul>\n<\/div>\n<\/div>\n<\/div>","protected":false},"excerpt":{"rendered":"<p>Descri\u00e7\u00e3o Esses far\u00f3is certificados foram projetados para uso em atmosferas potencialmente explosivas e condi\u00e7\u00f5es ambientais adversas.\u00a0Os gabinetes s\u00e3o adequados para uso offshore ou onshore, onde \u00e9 necess\u00e1rio um peso\u00a0leve\u00a0combinado com resist\u00eancia \u00e0 corros\u00e3o. As caixas s\u00e3o totalmente fabricadas em poli\u00e9ster refor\u00e7ado com vidro, est\u00e1vel aos raios ultravioleta.\u00a0Parafusos de a\u00e7o inoxid\u00e1vel e suporte de montagem s\u00e3o incorporados garantindo um produto totalmente livre de corros\u00e3o. O modelo XB15 cont\u00e9m um diodo de supervis\u00e3o e conex\u00f5es de quatro fios para aplica\u00e7\u00f5es de alarme. As unidades podem ser pintadas de acordo com as especifica\u00e7\u00f5es do cliente e fornecidas com etiquetas de identifica\u00e7\u00e3o. Al\u00e9m dos certificados padr\u00e3o mundiais, EN54-23 e SIL1 j\u00e1 est\u00e3o dispon\u00edveis.\u00a0Al\u00e9m de o XB15 ser certificado de -55 \u00b0 C a + 70 \u00b0 C, os novos circuitos de controle foram projetados para energizar consistentemente a \u201355 \u00b0 C. Recursos Zonas 1, 2, 21 e 22 Exd IIC, T4 \/ T5 \/ T6 Certificado ATEX, Ex II 2GD Gb, Db certificado IECEx Certificado UL para EUA e Canad\u00e1: \u2013 Locais perigosos: Classe I, Div.\u00a02, Grupos A, B, f C e D Classe II, Div 2 Grupos F e G Classe I, Zona 1, AExd IIC T4 \/ T5 \/ T6 \u2013 Locais comuns: dispositivo de sinal visual \u2013 listado na Marinha ULC certificado pelos padr\u00f5es de seguran\u00e7a canadenses TR CU certificado Certificado CCCF Certificado CQST Certificado pelo INMETRO Certificado CCOE IP66 e 67 EN54-23 certificado Certificado SIL 1 Temperatura certificada de \u201355\u00baC a + 70\u00baC Vers\u00f5es 5, 10 e 15J dispon\u00edveis Montagem em tubo ou caixa de montagem direta GRP livre de corros\u00e3o Quatro fios e diodo de supervis\u00e3o Al\u00e7a traseira de a\u00e7o inoxid\u00e1vel opcional V\u00e1rias cores de lente Rel\u00e9 opcional ou inicializa\u00e7\u00e3o por telefone Protetor de lente elenco ou fio opcional At\u00e9 3 entradas M20 ou 3 x M25 Vers\u00e3o LED dispon\u00edvel (ver folha de dados para LD15) Caracter\u00edsticas de corrente de inrush aprimoradas Inicializa\u00e7\u00e3o consistente de temperaturas extremas<\/p>","protected":false},"featured_media":3599,"comment_status":"open","ping_status":"closed","template":"","meta":{"_joinchat":[]},"product_brand":[],"product_cat":[131],"product_tag":[],"marca":[74],"class_list":{"0":"post-3598","1":"product","2":"type-product","3":"status-publish","4":"has-post-thumbnail","6":"product_cat-farois-luzes-estroboscopicas","7":"marca-medc","9":"first","10":"instock","11":"shipping-taxable","12":"purchasable","13":"product-type-simple"},"yoast_head":"<!-- This site is optimized with the Yoast SEO plugin v27.2 - https:\/\/yoast.com\/product\/yoast-seo-wordpress\/ -->\n<title>MEDC XB15 Faixa de 5, 10 e 15 Joule Xenon Beacons - Full Solutions<\/title>\n<meta name=\"robots\" content=\"index, follow, max-snippet:-1, max-image-preview:large, max-video-preview:-1\" \/>\n<link rel=\"canonical\" href=\"https:\/\/fullsolutions.info\/en\/product\/medc-xb15-faixa-de-5-10-e-15-joule-xenon-beacons\/\" \/>\n<meta property=\"og:locale\" content=\"en_US\" \/>\n<meta property=\"og:type\" content=\"article\" \/>\n<meta property=\"og:title\" content=\"MEDC XB15 Faixa de 5, 10 e 15 Joule Xenon Beacons - Full Solutions\" \/>\n<meta property=\"og:description\" content=\"Descri\u00e7\u00e3o Esses far\u00f3is certificados foram projetados para uso em atmosferas potencialmente explosivas e condi\u00e7\u00f5es ambientais adversas.\u00a0Os gabinetes s\u00e3o adequados para uso offshore ou onshore, onde \u00e9 necess\u00e1rio um peso\u00a0leve\u00a0combinado com resist\u00eancia \u00e0 corros\u00e3o. As caixas s\u00e3o totalmente fabricadas em poli\u00e9ster refor\u00e7ado com vidro, est\u00e1vel aos raios ultravioleta.\u00a0Parafusos de a\u00e7o inoxid\u00e1vel e suporte de montagem s\u00e3o incorporados garantindo um produto totalmente livre de corros\u00e3o. O modelo XB15 cont\u00e9m um diodo de supervis\u00e3o e conex\u00f5es de quatro fios para aplica\u00e7\u00f5es de alarme. As unidades podem ser pintadas de acordo com as especifica\u00e7\u00f5es do cliente e fornecidas com etiquetas de identifica\u00e7\u00e3o. Al\u00e9m dos certificados padr\u00e3o mundiais, EN54-23 e SIL1 j\u00e1 est\u00e3o dispon\u00edveis.\u00a0Al\u00e9m de o XB15 ser certificado de -55 \u00b0 C a + 70 \u00b0 C, os novos circuitos de controle foram projetados para energizar consistentemente a \u201355 \u00b0 C. Recursos Zonas 1, 2, 21 e 22 Exd IIC, T4 \/ T5 \/ T6 Certificado ATEX, Ex II 2GD Gb, Db certificado IECEx Certificado UL para EUA e Canad\u00e1: \u2013 Locais perigosos: Classe I, Div.\u00a02, Grupos A, B, f C e D Classe II, Div 2 Grupos F e G Classe I, Zona 1, AExd IIC T4 \/ T5 \/ T6 \u2013 Locais comuns: dispositivo de sinal visual \u2013 listado na Marinha ULC certificado pelos padr\u00f5es de seguran\u00e7a canadenses TR CU certificado Certificado CCCF Certificado CQST Certificado pelo INMETRO Certificado CCOE IP66 e 67 EN54-23 certificado Certificado SIL 1 Temperatura certificada de \u201355\u00baC a + 70\u00baC Vers\u00f5es 5, 10 e 15J dispon\u00edveis Montagem em tubo ou caixa de montagem direta GRP livre de corros\u00e3o Quatro fios e diodo de supervis\u00e3o Al\u00e7a traseira de a\u00e7o inoxid\u00e1vel opcional V\u00e1rias cores de lente Rel\u00e9 opcional ou inicializa\u00e7\u00e3o por telefone Protetor de lente elenco ou fio opcional At\u00e9 3 entradas M20 ou 3 x M25 Vers\u00e3o LED dispon\u00edvel (ver folha de dados para LD15) Caracter\u00edsticas de corrente de inrush aprimoradas Inicializa\u00e7\u00e3o consistente de temperaturas extremas\" \/>\n<meta property=\"og:url\" content=\"https:\/\/fullsolutions.info\/en\/product\/medc-xb15-faixa-de-5-10-e-15-joule-xenon-beacons\/\" \/>\n<meta property=\"og:site_name\" content=\"Full Solutions\" \/>\n<meta property=\"article:modified_time\" content=\"2024-02-19T16:16:25+00:00\" \/>\n<meta property=\"og:image\" content=\"https:\/\/mlhff0prgoxu.i.optimole.com\/cb:s0sM.767\/w:auto\/h:auto\/q:mauto\/f:best\/https:\/\/fullsolutions.info\/wp-content\/uploads\/2023\/10\/12.png\" \/>\n\t<meta property=\"og:image:width\" content=\"560\" \/>\n\t<meta property=\"og:image:height\" content=\"315\" \/>\n\t<meta property=\"og:image:type\" content=\"image\/png\" \/>\n<meta name=\"twitter:card\" content=\"summary_large_image\" \/>\n<meta name=\"twitter:label1\" content=\"Est. reading time\" \/>\n\t<meta name=\"twitter:data1\" content=\"2 minutes\" \/>\n<script type=\"application\/ld+json\" class=\"yoast-schema-graph\">{\"@context\":\"https:\/\/schema.org\",\"@graph\":[{\"@type\":\"WebPage\",\"@id\":\"https:\/\/fullsolutions.info\/produto\/medc-xb15-faixa-de-5-10-e-15-joule-xenon-beacons\/\",\"url\":\"https:\/\/fullsolutions.info\/produto\/medc-xb15-faixa-de-5-10-e-15-joule-xenon-beacons\/\",\"name\":\"MEDC XB15 Faixa de 5, 10 e 15 Joule Xenon Beacons - Full Solutions\",\"isPartOf\":{\"@id\":\"https:\/\/fullsolutions.info\/#website\"},\"primaryImageOfPage\":{\"@id\":\"https:\/\/fullsolutions.info\/produto\/medc-xb15-faixa-de-5-10-e-15-joule-xenon-beacons\/#primaryimage\"},\"image\":{\"@id\":\"https:\/\/fullsolutions.info\/produto\/medc-xb15-faixa-de-5-10-e-15-joule-xenon-beacons\/#primaryimage\"},\"thumbnailUrl\":\"https:\/\/mlhff0prgoxu.i.optimole.com\/cb:s0sM.767\/w:auto\/h:auto\/q:mauto\/f:best\/https:\/\/fullsolutions.info\/wp-content\/uploads\/2023\/10\/12.png\",\"datePublished\":\"2023-10-31T19:37:20+00:00\",\"dateModified\":\"2024-02-19T16:16:25+00:00\",\"breadcrumb\":{\"@id\":\"https:\/\/fullsolutions.info\/produto\/medc-xb15-faixa-de-5-10-e-15-joule-xenon-beacons\/#breadcrumb\"},\"inLanguage\":\"en-US\",\"potentialAction\":[{\"@type\":\"ReadAction\",\"target\":[\"https:\/\/fullsolutions.info\/produto\/medc-xb15-faixa-de-5-10-e-15-joule-xenon-beacons\/\"]}]},{\"@type\":\"ImageObject\",\"inLanguage\":\"en-US\",\"@id\":\"https:\/\/fullsolutions.info\/produto\/medc-xb15-faixa-de-5-10-e-15-joule-xenon-beacons\/#primaryimage\",\"url\":\"https:\/\/mlhff0prgoxu.i.optimole.com\/cb:s0sM.767\/w:auto\/h:auto\/q:mauto\/f:best\/https:\/\/fullsolutions.info\/wp-content\/uploads\/2023\/10\/12.png\",\"contentUrl\":\"https:\/\/mlhff0prgoxu.i.optimole.com\/cb:s0sM.767\/w:auto\/h:auto\/q:mauto\/f:best\/https:\/\/fullsolutions.info\/wp-content\/uploads\/2023\/10\/12.png\",\"width\":560,\"height\":315},{\"@type\":\"BreadcrumbList\",\"@id\":\"https:\/\/fullsolutions.info\/produto\/medc-xb15-faixa-de-5-10-e-15-joule-xenon-beacons\/#breadcrumb\",\"itemListElement\":[{\"@type\":\"ListItem\",\"position\":1,\"name\":\"In\u00edcio\",\"item\":\"https:\/\/fullsolutions.info\/\"},{\"@type\":\"ListItem\",\"position\":2,\"name\":\"Produtos\",\"item\":\"https:\/\/fullsolutions.info\/shop\/\"},{\"@type\":\"ListItem\",\"position\":3,\"name\":\"MEDC XB15 Faixa de 5, 10 e 15 Joule Xenon Beacons\"}]},{\"@type\":\"WebSite\",\"@id\":\"https:\/\/fullsolutions.info\/#website\",\"url\":\"https:\/\/fullsolutions.info\/\",\"name\":\"Full Solutions\",\"description\":\"Empresa na \u00c1rea de Procurement\",\"publisher\":{\"@id\":\"https:\/\/fullsolutions.info\/#organization\"},\"potentialAction\":[{\"@type\":\"SearchAction\",\"target\":{\"@type\":\"EntryPoint\",\"urlTemplate\":\"https:\/\/fullsolutions.info\/?s={search_term_string}\"},\"query-input\":{\"@type\":\"PropertyValueSpecification\",\"valueRequired\":true,\"valueName\":\"search_term_string\"}}],\"inLanguage\":\"en-US\"},{\"@type\":\"Organization\",\"@id\":\"https:\/\/fullsolutions.info\/#organization\",\"name\":\"Full Solutions\",\"url\":\"https:\/\/fullsolutions.info\/\",\"logo\":{\"@type\":\"ImageObject\",\"inLanguage\":\"en-US\",\"@id\":\"https:\/\/fullsolutions.info\/#\/schema\/logo\/image\/\",\"url\":\"https:\/\/mlhff0prgoxu.i.optimole.com\/cb:s0sM.767\/w:auto\/h:auto\/q:mauto\/f:best\/https:\/\/fullsolutions.info\/wp-content\/uploads\/2021\/07\/cropped-Design-sem-nome-300x193-1-e1627062664782.png\",\"contentUrl\":\"https:\/\/mlhff0prgoxu.i.optimole.com\/cb:s0sM.767\/w:auto\/h:auto\/q:mauto\/f:best\/https:\/\/fullsolutions.info\/wp-content\/uploads\/2021\/07\/cropped-Design-sem-nome-300x193-1-e1627062664782.png\",\"width\":202,\"height\":155,\"caption\":\"Full Solutions\"},\"image\":{\"@id\":\"https:\/\/fullsolutions.info\/#\/schema\/logo\/image\/\"},\"sameAs\":[\"https:\/\/www.linkedin.com\/company\/full-solutions-equipment\"]}]}<\/script>\n<!-- \/ Yoast SEO plugin. -->","yoast_head_json":{"title":"MEDC XB15 Faixa de 5, 10 e 15 Joule Xenon Beacons - Full Solutions","robots":{"index":"index","follow":"follow","max-snippet":"max-snippet:-1","max-image-preview":"max-image-preview:large","max-video-preview":"max-video-preview:-1"},"canonical":"https:\/\/fullsolutions.info\/en\/product\/medc-xb15-faixa-de-5-10-e-15-joule-xenon-beacons\/","og_locale":"en_US","og_type":"article","og_title":"MEDC XB15 Faixa de 5, 10 e 15 Joule Xenon Beacons - Full Solutions","og_description":"Descri\u00e7\u00e3o Esses far\u00f3is certificados foram projetados para uso em atmosferas potencialmente explosivas e condi\u00e7\u00f5es ambientais adversas.\u00a0Os gabinetes s\u00e3o adequados para uso offshore ou onshore, onde \u00e9 necess\u00e1rio um peso\u00a0leve\u00a0combinado com resist\u00eancia \u00e0 corros\u00e3o. As caixas s\u00e3o totalmente fabricadas em poli\u00e9ster refor\u00e7ado com vidro, est\u00e1vel aos raios ultravioleta.\u00a0Parafusos de a\u00e7o inoxid\u00e1vel e suporte de montagem s\u00e3o incorporados garantindo um produto totalmente livre de corros\u00e3o. O modelo XB15 cont\u00e9m um diodo de supervis\u00e3o e conex\u00f5es de quatro fios para aplica\u00e7\u00f5es de alarme. As unidades podem ser pintadas de acordo com as especifica\u00e7\u00f5es do cliente e fornecidas com etiquetas de identifica\u00e7\u00e3o. Al\u00e9m dos certificados padr\u00e3o mundiais, EN54-23 e SIL1 j\u00e1 est\u00e3o dispon\u00edveis.\u00a0Al\u00e9m de o XB15 ser certificado de -55 \u00b0 C a + 70 \u00b0 C, os novos circuitos de controle foram projetados para energizar consistentemente a \u201355 \u00b0 C. Recursos Zonas 1, 2, 21 e 22 Exd IIC, T4 \/ T5 \/ T6 Certificado ATEX, Ex II 2GD Gb, Db certificado IECEx Certificado UL para EUA e Canad\u00e1: \u2013 Locais perigosos: Classe I, Div.\u00a02, Grupos A, B, f C e D Classe II, Div 2 Grupos F e G Classe I, Zona 1, AExd IIC T4 \/ T5 \/ T6 \u2013 Locais comuns: dispositivo de sinal visual \u2013 listado na Marinha ULC certificado pelos padr\u00f5es de seguran\u00e7a canadenses TR CU certificado Certificado CCCF Certificado CQST Certificado pelo INMETRO Certificado CCOE IP66 e 67 EN54-23 certificado Certificado SIL 1 Temperatura certificada de \u201355\u00baC a + 70\u00baC Vers\u00f5es 5, 10 e 15J dispon\u00edveis Montagem em tubo ou caixa de montagem direta GRP livre de corros\u00e3o Quatro fios e diodo de supervis\u00e3o Al\u00e7a traseira de a\u00e7o inoxid\u00e1vel opcional V\u00e1rias cores de lente Rel\u00e9 opcional ou inicializa\u00e7\u00e3o por telefone Protetor de lente elenco ou fio opcional At\u00e9 3 entradas M20 ou 3 x M25 Vers\u00e3o LED dispon\u00edvel (ver folha de dados para LD15) Caracter\u00edsticas de corrente de inrush aprimoradas Inicializa\u00e7\u00e3o consistente de temperaturas extremas","og_url":"https:\/\/fullsolutions.info\/en\/product\/medc-xb15-faixa-de-5-10-e-15-joule-xenon-beacons\/","og_site_name":"Full Solutions","article_modified_time":"2024-02-19T16:16:25+00:00","og_image":[{"width":560,"height":315,"url":"https:\/\/mlhff0prgoxu.i.optimole.com\/cb:s0sM.767\/w:auto\/h:auto\/q:mauto\/f:best\/https:\/\/fullsolutions.info\/wp-content\/uploads\/2023\/10\/12.png","type":"image\/png"}],"twitter_card":"summary_large_image","twitter_misc":{"Est. reading time":"2 minutes"},"schema":{"@context":"https:\/\/schema.org","@graph":[{"@type":"WebPage","@id":"https:\/\/fullsolutions.info\/produto\/medc-xb15-faixa-de-5-10-e-15-joule-xenon-beacons\/","url":"https:\/\/fullsolutions.info\/produto\/medc-xb15-faixa-de-5-10-e-15-joule-xenon-beacons\/","name":"MEDC XB15 Faixa de 5, 10 e 15 Joule Xenon Beacons - Full Solutions","isPartOf":{"@id":"https:\/\/fullsolutions.info\/#website"},"primaryImageOfPage":{"@id":"https:\/\/fullsolutions.info\/produto\/medc-xb15-faixa-de-5-10-e-15-joule-xenon-beacons\/#primaryimage"},"image":{"@id":"https:\/\/fullsolutions.info\/produto\/medc-xb15-faixa-de-5-10-e-15-joule-xenon-beacons\/#primaryimage"},"thumbnailUrl":"https:\/\/mlhff0prgoxu.i.optimole.com\/cb:s0sM.767\/w:auto\/h:auto\/q:mauto\/f:best\/https:\/\/fullsolutions.info\/wp-content\/uploads\/2023\/10\/12.png","datePublished":"2023-10-31T19:37:20+00:00","dateModified":"2024-02-19T16:16:25+00:00","breadcrumb":{"@id":"https:\/\/fullsolutions.info\/produto\/medc-xb15-faixa-de-5-10-e-15-joule-xenon-beacons\/#breadcrumb"},"inLanguage":"en-US","potentialAction":[{"@type":"ReadAction","target":["https:\/\/fullsolutions.info\/produto\/medc-xb15-faixa-de-5-10-e-15-joule-xenon-beacons\/"]}]},{"@type":"ImageObject","inLanguage":"en-US","@id":"https:\/\/fullsolutions.info\/produto\/medc-xb15-faixa-de-5-10-e-15-joule-xenon-beacons\/#primaryimage","url":"https:\/\/mlhff0prgoxu.i.optimole.com\/cb:s0sM.767\/w:auto\/h:auto\/q:mauto\/f:best\/https:\/\/fullsolutions.info\/wp-content\/uploads\/2023\/10\/12.png","contentUrl":"https:\/\/mlhff0prgoxu.i.optimole.com\/cb:s0sM.767\/w:auto\/h:auto\/q:mauto\/f:best\/https:\/\/fullsolutions.info\/wp-content\/uploads\/2023\/10\/12.png","width":560,"height":315},{"@type":"BreadcrumbList","@id":"https:\/\/fullsolutions.info\/produto\/medc-xb15-faixa-de-5-10-e-15-joule-xenon-beacons\/#breadcrumb","itemListElement":[{"@type":"ListItem","position":1,"name":"In\u00edcio","item":"https:\/\/fullsolutions.info\/"},{"@type":"ListItem","position":2,"name":"Produtos","item":"https:\/\/fullsolutions.info\/shop\/"},{"@type":"ListItem","position":3,"name":"MEDC XB15 Faixa de 5, 10 e 15 Joule Xenon Beacons"}]},{"@type":"WebSite","@id":"https:\/\/fullsolutions.info\/#website","url":"https:\/\/fullsolutions.info\/","name":"Full Solutions","description":"Empresa na \u00c1rea de Procurement","publisher":{"@id":"https:\/\/fullsolutions.info\/#organization"},"potentialAction":[{"@type":"SearchAction","target":{"@type":"EntryPoint","urlTemplate":"https:\/\/fullsolutions.info\/?s={search_term_string}"},"query-input":{"@type":"PropertyValueSpecification","valueRequired":true,"valueName":"search_term_string"}}],"inLanguage":"en-US"},{"@type":"Organization","@id":"https:\/\/fullsolutions.info\/#organization","name":"Full Solutions","url":"https:\/\/fullsolutions.info\/","logo":{"@type":"ImageObject","inLanguage":"en-US","@id":"https:\/\/fullsolutions.info\/#\/schema\/logo\/image\/","url":"https:\/\/mlhff0prgoxu.i.optimole.com\/cb:s0sM.767\/w:auto\/h:auto\/q:mauto\/f:best\/https:\/\/fullsolutions.info\/wp-content\/uploads\/2021\/07\/cropped-Design-sem-nome-300x193-1-e1627062664782.png","contentUrl":"https:\/\/mlhff0prgoxu.i.optimole.com\/cb:s0sM.767\/w:auto\/h:auto\/q:mauto\/f:best\/https:\/\/fullsolutions.info\/wp-content\/uploads\/2021\/07\/cropped-Design-sem-nome-300x193-1-e1627062664782.png","width":202,"height":155,"caption":"Full Solutions"},"image":{"@id":"https:\/\/fullsolutions.info\/#\/schema\/logo\/image\/"},"sameAs":["https:\/\/www.linkedin.com\/company\/full-solutions-equipment"]}]}},"_links":{"self":[{"href":"https:\/\/fullsolutions.info\/en\/wp-json\/wp\/v2\/product\/3598","targetHints":{"allow":["GET"]}}],"collection":[{"href":"https:\/\/fullsolutions.info\/en\/wp-json\/wp\/v2\/product"}],"about":[{"href":"https:\/\/fullsolutions.info\/en\/wp-json\/wp\/v2\/types\/product"}],"replies":[{"embeddable":true,"href":"https:\/\/fullsolutions.info\/en\/wp-json\/wp\/v2\/comments?post=3598"}],"wp:featuredmedia":[{"embeddable":true,"href":"https:\/\/fullsolutions.info\/en\/wp-json\/wp\/v2\/media\/3599"}],"wp:attachment":[{"href":"https:\/\/fullsolutions.info\/en\/wp-json\/wp\/v2\/media?parent=3598"}],"wp:term":[{"taxonomy":"product_brand","embeddable":true,"href":"https:\/\/fullsolutions.info\/en\/wp-json\/wp\/v2\/product_brand?post=3598"},{"taxonomy":"product_cat","embeddable":true,"href":"https:\/\/fullsolutions.info\/en\/wp-json\/wp\/v2\/product_cat?post=3598"},{"taxonomy":"product_tag","embeddable":true,"href":"https:\/\/fullsolutions.info\/en\/wp-json\/wp\/v2\/product_tag?post=3598"},{"taxonomy":"marca","embeddable":true,"href":"https:\/\/fullsolutions.info\/en\/wp-json\/wp\/v2\/marca?post=3598"}],"curies":[{"name":"wp","href":"https:\/\/api.w.org\/{rel}","templated":true}]}}