{"id":3596,"date":"2023-10-31T19:36:22","date_gmt":"2023-10-31T19:36:22","guid":{"rendered":"https:\/\/fullsolutionsequip.com\/?post_type=product&#038;p=3596"},"modified":"2024-02-19T16:16:25","modified_gmt":"2024-02-19T16:16:25","slug":"medc-xb9-faixa-de-5-joule-xenon-beacons","status":"publish","type":"product","link":"https:\/\/fullsolutions.info\/en\/product\/medc-xb9-faixa-de-5-joule-xenon-beacons\/","title":{"rendered":"MEDC XB9 Faixa de 5 Joule Xenon Beacons"},"content":{"rendered":"<div class=\"elementor-element elementor-element-b17befe elementor-widget elementor-widget-heading\" data-id=\"b17befe\" data-element_type=\"widget\" data-widget_type=\"heading.default\">\n<div class=\"elementor-widget-container\">\n<p class=\"elementor-heading-title elementor-size-default\"><strong>Descri\u00e7\u00e3o<\/strong><\/p>\n<\/div>\n<\/div>\n<div class=\"elementor-element elementor-element-2dbd9d0 elementor-widget elementor-widget-text-editor\" data-id=\"2dbd9d0\" data-element_type=\"widget\" data-widget_type=\"text-editor.default\">\n<div class=\"elementor-widget-container\">\n<div class=\"elementor-text-editor elementor-clearfix\">\n<p>5 Joule Xenon Beacons Exd, \u00e0 prova de intemp\u00e9ries<\/p>\n<p>Esses far\u00f3is compactos e leves foram projetados para uso em atmosferas potencialmente explosivas e condi\u00e7\u00f5es ambientais adversas. O inv\u00f3lucro do farol, incluindo os caminhos das chamas, \u00e9 totalmente fabricado em poli\u00e9ster refor\u00e7ado com vidro est\u00e1vel aos raios ultravioleta, ideal para uso offshore e onshore.<\/p>\n<p>Parafusos de a\u00e7o inoxid\u00e1vel e suporte de montagem s\u00e3o incorporados garantindo uma unidade totalmente livre de corros\u00e3o.<\/p>\n<p>As unidades podem ser pintadas de acordo com as especifica\u00e7\u00f5es do cliente e fornecidas com etiquetas de identifica\u00e7\u00e3o.<\/p>\n<p><strong>Recursos<\/strong><\/p>\n<ul>\n<li>Uso da Zona 1 e Zona 2.<\/li>\n<li>Ex d IIC T5 \/ T6.<\/li>\n<li>Aprovado pela ATEX, Ex II 2G.<\/li>\n<li>Gb com certifica\u00e7\u00e3o IECEx.<\/li>\n<li>Certifica\u00e7\u00e3o CUTR.<\/li>\n<li>Certificado chin\u00eas (CQST).<\/li>\n<li>Certificado brasileiro (Inmetro).<\/li>\n<li>IP66 e IP67.<\/li>\n<li>Temperatura certificada: \u201355\u00baC a + 55\u00baC.<\/li>\n<li>GRP livre de corros\u00e3o.<\/li>\n<li>V\u00e1rias cores de lente.<\/li>\n<li>Protetor de lente instalado como padr\u00e3o.<\/li>\n<li>Prensa-cabo opcional mais cauda do cabo.<\/li>\n<li>Suporte e parafusos de montagem em a\u00e7o inoxid\u00e1vel.<\/li>\n<li>Tubo substitu\u00edvel.<\/li>\n<\/ul>\n<\/div>\n<\/div>\n<\/div>","protected":false},"excerpt":{"rendered":"<p>Descri\u00e7\u00e3o 5 Joule Xenon Beacons Exd, \u00e0 prova de intemp\u00e9ries Esses far\u00f3is compactos e leves foram projetados para uso em atmosferas potencialmente explosivas e condi\u00e7\u00f5es ambientais adversas. O inv\u00f3lucro do farol, incluindo os caminhos das chamas, \u00e9 totalmente fabricado em poli\u00e9ster refor\u00e7ado com vidro est\u00e1vel aos raios ultravioleta, ideal para uso offshore e onshore. Parafusos de a\u00e7o inoxid\u00e1vel e suporte de montagem s\u00e3o incorporados garantindo uma unidade totalmente livre de corros\u00e3o. As unidades podem ser pintadas de acordo com as especifica\u00e7\u00f5es do cliente e fornecidas com etiquetas de identifica\u00e7\u00e3o. Recursos Uso da Zona 1 e Zona 2. Ex d IIC T5 \/ T6. Aprovado pela ATEX, Ex II 2G. Gb com certifica\u00e7\u00e3o IECEx. Certifica\u00e7\u00e3o CUTR. Certificado chin\u00eas (CQST). Certificado brasileiro (Inmetro). IP66 e IP67. Temperatura certificada: \u201355\u00baC a + 55\u00baC. GRP livre de corros\u00e3o. V\u00e1rias cores de lente. Protetor de lente instalado como padr\u00e3o. Prensa-cabo opcional mais cauda do cabo. Suporte e parafusos de montagem em a\u00e7o inoxid\u00e1vel. Tubo substitu\u00edvel.<\/p>","protected":false},"featured_media":3597,"comment_status":"open","ping_status":"closed","template":"","meta":{"_joinchat":[]},"product_brand":[],"product_cat":[131],"product_tag":[],"marca":[74],"class_list":{"0":"post-3596","1":"product","2":"type-product","3":"status-publish","4":"has-post-thumbnail","6":"product_cat-farois-luzes-estroboscopicas","7":"marca-medc","9":"first","10":"instock","11":"shipping-taxable","12":"purchasable","13":"product-type-simple"},"yoast_head":"<!-- This site is optimized with the Yoast SEO plugin v27.2 - https:\/\/yoast.com\/product\/yoast-seo-wordpress\/ -->\n<title>MEDC XB9 Faixa de 5 Joule Xenon Beacons - Full Solutions<\/title>\n<meta name=\"robots\" content=\"index, follow, max-snippet:-1, max-image-preview:large, max-video-preview:-1\" \/>\n<link rel=\"canonical\" href=\"https:\/\/fullsolutions.info\/en\/product\/medc-xb9-faixa-de-5-joule-xenon-beacons\/\" \/>\n<meta property=\"og:locale\" content=\"en_US\" \/>\n<meta property=\"og:type\" content=\"article\" \/>\n<meta property=\"og:title\" content=\"MEDC XB9 Faixa de 5 Joule Xenon Beacons - Full Solutions\" \/>\n<meta property=\"og:description\" content=\"Descri\u00e7\u00e3o 5 Joule Xenon Beacons Exd, \u00e0 prova de intemp\u00e9ries Esses far\u00f3is compactos e leves foram projetados para uso em atmosferas potencialmente explosivas e condi\u00e7\u00f5es ambientais adversas. O inv\u00f3lucro do farol, incluindo os caminhos das chamas, \u00e9 totalmente fabricado em poli\u00e9ster refor\u00e7ado com vidro est\u00e1vel aos raios ultravioleta, ideal para uso offshore e onshore. Parafusos de a\u00e7o inoxid\u00e1vel e suporte de montagem s\u00e3o incorporados garantindo uma unidade totalmente livre de corros\u00e3o. As unidades podem ser pintadas de acordo com as especifica\u00e7\u00f5es do cliente e fornecidas com etiquetas de identifica\u00e7\u00e3o. Recursos Uso da Zona 1 e Zona 2. Ex d IIC T5 \/ T6. Aprovado pela ATEX, Ex II 2G. Gb com certifica\u00e7\u00e3o IECEx. Certifica\u00e7\u00e3o CUTR. Certificado chin\u00eas (CQST). Certificado brasileiro (Inmetro). IP66 e IP67. Temperatura certificada: \u201355\u00baC a + 55\u00baC. GRP livre de corros\u00e3o. V\u00e1rias cores de lente. Protetor de lente instalado como padr\u00e3o. Prensa-cabo opcional mais cauda do cabo. Suporte e parafusos de montagem em a\u00e7o inoxid\u00e1vel. Tubo substitu\u00edvel.\" \/>\n<meta property=\"og:url\" content=\"https:\/\/fullsolutions.info\/en\/product\/medc-xb9-faixa-de-5-joule-xenon-beacons\/\" \/>\n<meta property=\"og:site_name\" content=\"Full Solutions\" \/>\n<meta property=\"article:modified_time\" content=\"2024-02-19T16:16:25+00:00\" \/>\n<meta property=\"og:image\" content=\"https:\/\/mlhff0prgoxu.i.optimole.com\/cb:s0sM.767\/w:auto\/h:auto\/q:mauto\/f:best\/https:\/\/fullsolutions.info\/wp-content\/uploads\/2023\/10\/11.png\" \/>\n\t<meta property=\"og:image:width\" content=\"560\" \/>\n\t<meta property=\"og:image:height\" content=\"315\" \/>\n\t<meta property=\"og:image:type\" content=\"image\/png\" \/>\n<meta name=\"twitter:card\" content=\"summary_large_image\" \/>\n<meta name=\"twitter:label1\" content=\"Est. reading time\" \/>\n\t<meta name=\"twitter:data1\" content=\"1 minute\" \/>\n<script type=\"application\/ld+json\" class=\"yoast-schema-graph\">{\"@context\":\"https:\/\/schema.org\",\"@graph\":[{\"@type\":\"WebPage\",\"@id\":\"https:\/\/fullsolutions.info\/produto\/medc-xb9-faixa-de-5-joule-xenon-beacons\/\",\"url\":\"https:\/\/fullsolutions.info\/produto\/medc-xb9-faixa-de-5-joule-xenon-beacons\/\",\"name\":\"MEDC XB9 Faixa de 5 Joule Xenon Beacons - Full Solutions\",\"isPartOf\":{\"@id\":\"https:\/\/fullsolutions.info\/#website\"},\"primaryImageOfPage\":{\"@id\":\"https:\/\/fullsolutions.info\/produto\/medc-xb9-faixa-de-5-joule-xenon-beacons\/#primaryimage\"},\"image\":{\"@id\":\"https:\/\/fullsolutions.info\/produto\/medc-xb9-faixa-de-5-joule-xenon-beacons\/#primaryimage\"},\"thumbnailUrl\":\"https:\/\/mlhff0prgoxu.i.optimole.com\/cb:s0sM.767\/w:auto\/h:auto\/q:mauto\/f:best\/https:\/\/fullsolutions.info\/wp-content\/uploads\/2023\/10\/11.png\",\"datePublished\":\"2023-10-31T19:36:22+00:00\",\"dateModified\":\"2024-02-19T16:16:25+00:00\",\"breadcrumb\":{\"@id\":\"https:\/\/fullsolutions.info\/produto\/medc-xb9-faixa-de-5-joule-xenon-beacons\/#breadcrumb\"},\"inLanguage\":\"en-US\",\"potentialAction\":[{\"@type\":\"ReadAction\",\"target\":[\"https:\/\/fullsolutions.info\/produto\/medc-xb9-faixa-de-5-joule-xenon-beacons\/\"]}]},{\"@type\":\"ImageObject\",\"inLanguage\":\"en-US\",\"@id\":\"https:\/\/fullsolutions.info\/produto\/medc-xb9-faixa-de-5-joule-xenon-beacons\/#primaryimage\",\"url\":\"https:\/\/mlhff0prgoxu.i.optimole.com\/cb:s0sM.767\/w:auto\/h:auto\/q:mauto\/f:best\/https:\/\/fullsolutions.info\/wp-content\/uploads\/2023\/10\/11.png\",\"contentUrl\":\"https:\/\/mlhff0prgoxu.i.optimole.com\/cb:s0sM.767\/w:auto\/h:auto\/q:mauto\/f:best\/https:\/\/fullsolutions.info\/wp-content\/uploads\/2023\/10\/11.png\",\"width\":560,\"height\":315},{\"@type\":\"BreadcrumbList\",\"@id\":\"https:\/\/fullsolutions.info\/produto\/medc-xb9-faixa-de-5-joule-xenon-beacons\/#breadcrumb\",\"itemListElement\":[{\"@type\":\"ListItem\",\"position\":1,\"name\":\"In\u00edcio\",\"item\":\"https:\/\/fullsolutions.info\/\"},{\"@type\":\"ListItem\",\"position\":2,\"name\":\"Produtos\",\"item\":\"https:\/\/fullsolutions.info\/shop\/\"},{\"@type\":\"ListItem\",\"position\":3,\"name\":\"MEDC XB9 Faixa de 5 Joule Xenon Beacons\"}]},{\"@type\":\"WebSite\",\"@id\":\"https:\/\/fullsolutions.info\/#website\",\"url\":\"https:\/\/fullsolutions.info\/\",\"name\":\"Full Solutions\",\"description\":\"Empresa na \u00c1rea de Procurement\",\"publisher\":{\"@id\":\"https:\/\/fullsolutions.info\/#organization\"},\"potentialAction\":[{\"@type\":\"SearchAction\",\"target\":{\"@type\":\"EntryPoint\",\"urlTemplate\":\"https:\/\/fullsolutions.info\/?s={search_term_string}\"},\"query-input\":{\"@type\":\"PropertyValueSpecification\",\"valueRequired\":true,\"valueName\":\"search_term_string\"}}],\"inLanguage\":\"en-US\"},{\"@type\":\"Organization\",\"@id\":\"https:\/\/fullsolutions.info\/#organization\",\"name\":\"Full Solutions\",\"url\":\"https:\/\/fullsolutions.info\/\",\"logo\":{\"@type\":\"ImageObject\",\"inLanguage\":\"en-US\",\"@id\":\"https:\/\/fullsolutions.info\/#\/schema\/logo\/image\/\",\"url\":\"https:\/\/mlhff0prgoxu.i.optimole.com\/cb:s0sM.767\/w:auto\/h:auto\/q:mauto\/f:best\/https:\/\/fullsolutions.info\/wp-content\/uploads\/2021\/07\/cropped-Design-sem-nome-300x193-1-e1627062664782.png\",\"contentUrl\":\"https:\/\/mlhff0prgoxu.i.optimole.com\/cb:s0sM.767\/w:auto\/h:auto\/q:mauto\/f:best\/https:\/\/fullsolutions.info\/wp-content\/uploads\/2021\/07\/cropped-Design-sem-nome-300x193-1-e1627062664782.png\",\"width\":202,\"height\":155,\"caption\":\"Full Solutions\"},\"image\":{\"@id\":\"https:\/\/fullsolutions.info\/#\/schema\/logo\/image\/\"},\"sameAs\":[\"https:\/\/www.linkedin.com\/company\/full-solutions-equipment\"]}]}<\/script>\n<!-- \/ Yoast SEO plugin. -->","yoast_head_json":{"title":"MEDC XB9 Faixa de 5 Joule Xenon Beacons - Full Solutions","robots":{"index":"index","follow":"follow","max-snippet":"max-snippet:-1","max-image-preview":"max-image-preview:large","max-video-preview":"max-video-preview:-1"},"canonical":"https:\/\/fullsolutions.info\/en\/product\/medc-xb9-faixa-de-5-joule-xenon-beacons\/","og_locale":"en_US","og_type":"article","og_title":"MEDC XB9 Faixa de 5 Joule Xenon Beacons - Full Solutions","og_description":"Descri\u00e7\u00e3o 5 Joule Xenon Beacons Exd, \u00e0 prova de intemp\u00e9ries Esses far\u00f3is compactos e leves foram projetados para uso em atmosferas potencialmente explosivas e condi\u00e7\u00f5es ambientais adversas. O inv\u00f3lucro do farol, incluindo os caminhos das chamas, \u00e9 totalmente fabricado em poli\u00e9ster refor\u00e7ado com vidro est\u00e1vel aos raios ultravioleta, ideal para uso offshore e onshore. Parafusos de a\u00e7o inoxid\u00e1vel e suporte de montagem s\u00e3o incorporados garantindo uma unidade totalmente livre de corros\u00e3o. As unidades podem ser pintadas de acordo com as especifica\u00e7\u00f5es do cliente e fornecidas com etiquetas de identifica\u00e7\u00e3o. Recursos Uso da Zona 1 e Zona 2. Ex d IIC T5 \/ T6. Aprovado pela ATEX, Ex II 2G. Gb com certifica\u00e7\u00e3o IECEx. Certifica\u00e7\u00e3o CUTR. Certificado chin\u00eas (CQST). Certificado brasileiro (Inmetro). IP66 e IP67. Temperatura certificada: \u201355\u00baC a + 55\u00baC. GRP livre de corros\u00e3o. V\u00e1rias cores de lente. Protetor de lente instalado como padr\u00e3o. Prensa-cabo opcional mais cauda do cabo. Suporte e parafusos de montagem em a\u00e7o inoxid\u00e1vel. Tubo substitu\u00edvel.","og_url":"https:\/\/fullsolutions.info\/en\/product\/medc-xb9-faixa-de-5-joule-xenon-beacons\/","og_site_name":"Full Solutions","article_modified_time":"2024-02-19T16:16:25+00:00","og_image":[{"width":560,"height":315,"url":"https:\/\/mlhff0prgoxu.i.optimole.com\/cb:s0sM.767\/w:auto\/h:auto\/q:mauto\/f:best\/https:\/\/fullsolutions.info\/wp-content\/uploads\/2023\/10\/11.png","type":"image\/png"}],"twitter_card":"summary_large_image","twitter_misc":{"Est. reading time":"1 minute"},"schema":{"@context":"https:\/\/schema.org","@graph":[{"@type":"WebPage","@id":"https:\/\/fullsolutions.info\/produto\/medc-xb9-faixa-de-5-joule-xenon-beacons\/","url":"https:\/\/fullsolutions.info\/produto\/medc-xb9-faixa-de-5-joule-xenon-beacons\/","name":"MEDC XB9 Faixa de 5 Joule Xenon Beacons - Full Solutions","isPartOf":{"@id":"https:\/\/fullsolutions.info\/#website"},"primaryImageOfPage":{"@id":"https:\/\/fullsolutions.info\/produto\/medc-xb9-faixa-de-5-joule-xenon-beacons\/#primaryimage"},"image":{"@id":"https:\/\/fullsolutions.info\/produto\/medc-xb9-faixa-de-5-joule-xenon-beacons\/#primaryimage"},"thumbnailUrl":"https:\/\/mlhff0prgoxu.i.optimole.com\/cb:s0sM.767\/w:auto\/h:auto\/q:mauto\/f:best\/https:\/\/fullsolutions.info\/wp-content\/uploads\/2023\/10\/11.png","datePublished":"2023-10-31T19:36:22+00:00","dateModified":"2024-02-19T16:16:25+00:00","breadcrumb":{"@id":"https:\/\/fullsolutions.info\/produto\/medc-xb9-faixa-de-5-joule-xenon-beacons\/#breadcrumb"},"inLanguage":"en-US","potentialAction":[{"@type":"ReadAction","target":["https:\/\/fullsolutions.info\/produto\/medc-xb9-faixa-de-5-joule-xenon-beacons\/"]}]},{"@type":"ImageObject","inLanguage":"en-US","@id":"https:\/\/fullsolutions.info\/produto\/medc-xb9-faixa-de-5-joule-xenon-beacons\/#primaryimage","url":"https:\/\/mlhff0prgoxu.i.optimole.com\/cb:s0sM.767\/w:auto\/h:auto\/q:mauto\/f:best\/https:\/\/fullsolutions.info\/wp-content\/uploads\/2023\/10\/11.png","contentUrl":"https:\/\/mlhff0prgoxu.i.optimole.com\/cb:s0sM.767\/w:auto\/h:auto\/q:mauto\/f:best\/https:\/\/fullsolutions.info\/wp-content\/uploads\/2023\/10\/11.png","width":560,"height":315},{"@type":"BreadcrumbList","@id":"https:\/\/fullsolutions.info\/produto\/medc-xb9-faixa-de-5-joule-xenon-beacons\/#breadcrumb","itemListElement":[{"@type":"ListItem","position":1,"name":"In\u00edcio","item":"https:\/\/fullsolutions.info\/"},{"@type":"ListItem","position":2,"name":"Produtos","item":"https:\/\/fullsolutions.info\/shop\/"},{"@type":"ListItem","position":3,"name":"MEDC XB9 Faixa de 5 Joule Xenon Beacons"}]},{"@type":"WebSite","@id":"https:\/\/fullsolutions.info\/#website","url":"https:\/\/fullsolutions.info\/","name":"Full Solutions","description":"Empresa na \u00c1rea de Procurement","publisher":{"@id":"https:\/\/fullsolutions.info\/#organization"},"potentialAction":[{"@type":"SearchAction","target":{"@type":"EntryPoint","urlTemplate":"https:\/\/fullsolutions.info\/?s={search_term_string}"},"query-input":{"@type":"PropertyValueSpecification","valueRequired":true,"valueName":"search_term_string"}}],"inLanguage":"en-US"},{"@type":"Organization","@id":"https:\/\/fullsolutions.info\/#organization","name":"Full Solutions","url":"https:\/\/fullsolutions.info\/","logo":{"@type":"ImageObject","inLanguage":"en-US","@id":"https:\/\/fullsolutions.info\/#\/schema\/logo\/image\/","url":"https:\/\/mlhff0prgoxu.i.optimole.com\/cb:s0sM.767\/w:auto\/h:auto\/q:mauto\/f:best\/https:\/\/fullsolutions.info\/wp-content\/uploads\/2021\/07\/cropped-Design-sem-nome-300x193-1-e1627062664782.png","contentUrl":"https:\/\/mlhff0prgoxu.i.optimole.com\/cb:s0sM.767\/w:auto\/h:auto\/q:mauto\/f:best\/https:\/\/fullsolutions.info\/wp-content\/uploads\/2021\/07\/cropped-Design-sem-nome-300x193-1-e1627062664782.png","width":202,"height":155,"caption":"Full Solutions"},"image":{"@id":"https:\/\/fullsolutions.info\/#\/schema\/logo\/image\/"},"sameAs":["https:\/\/www.linkedin.com\/company\/full-solutions-equipment"]}]}},"_links":{"self":[{"href":"https:\/\/fullsolutions.info\/en\/wp-json\/wp\/v2\/product\/3596","targetHints":{"allow":["GET"]}}],"collection":[{"href":"https:\/\/fullsolutions.info\/en\/wp-json\/wp\/v2\/product"}],"about":[{"href":"https:\/\/fullsolutions.info\/en\/wp-json\/wp\/v2\/types\/product"}],"replies":[{"embeddable":true,"href":"https:\/\/fullsolutions.info\/en\/wp-json\/wp\/v2\/comments?post=3596"}],"wp:featuredmedia":[{"embeddable":true,"href":"https:\/\/fullsolutions.info\/en\/wp-json\/wp\/v2\/media\/3597"}],"wp:attachment":[{"href":"https:\/\/fullsolutions.info\/en\/wp-json\/wp\/v2\/media?parent=3596"}],"wp:term":[{"taxonomy":"product_brand","embeddable":true,"href":"https:\/\/fullsolutions.info\/en\/wp-json\/wp\/v2\/product_brand?post=3596"},{"taxonomy":"product_cat","embeddable":true,"href":"https:\/\/fullsolutions.info\/en\/wp-json\/wp\/v2\/product_cat?post=3596"},{"taxonomy":"product_tag","embeddable":true,"href":"https:\/\/fullsolutions.info\/en\/wp-json\/wp\/v2\/product_tag?post=3596"},{"taxonomy":"marca","embeddable":true,"href":"https:\/\/fullsolutions.info\/en\/wp-json\/wp\/v2\/marca?post=3596"}],"curies":[{"name":"wp","href":"https:\/\/api.w.org\/{rel}","templated":true}]}}