{"id":3592,"date":"2023-10-31T19:34:12","date_gmt":"2023-10-31T19:34:12","guid":{"rendered":"https:\/\/fullsolutionsequip.com\/?post_type=product&#038;p=3592"},"modified":"2024-02-19T16:16:26","modified_gmt":"2024-02-19T16:16:26","slug":"medc-sm87hxb-5-joule-xenon-beacon-2","status":"publish","type":"product","link":"https:\/\/fullsolutions.info\/en\/product\/medc-sm87hxb-5-joule-xenon-beacon-2\/","title":{"rendered":"MEDC SM87HXB 5 Joule Xenon Beacon"},"content":{"rendered":"<div class=\"elementor-element elementor-element-b17befe elementor-widget elementor-widget-heading\" data-id=\"b17befe\" data-element_type=\"widget\" data-widget_type=\"heading.default\">\n<div class=\"elementor-widget-container\">\n<p class=\"elementor-heading-title elementor-size-default\"><strong>Descri\u00e7\u00e3o<\/strong><\/p>\n<\/div>\n<\/div>\n<div class=\"elementor-element elementor-element-2dbd9d0 elementor-widget elementor-widget-text-editor\" data-id=\"2dbd9d0\" data-element_type=\"widget\" data-widget_type=\"text-editor.default\">\n<div class=\"elementor-widget-container\">\n<div class=\"elementor-text-editor elementor-clearfix\">\n<p>5 Joule Xenon \u2013 Exd, \u00e0 prova de intemp\u00e9ries<\/p>\n<p>Esses far\u00f3is certificados foram projetados para uso em condi\u00e7\u00f5es ambientais adversas.\u00a0Os inv\u00f3lucros de a\u00e7o inoxid\u00e1vel ou liga de grau mar\u00edtimo s\u00e3o adequados para uso offshore ou onshore, onde o<br \/>\npeso leve combinado com resist\u00eancia \u00e0 corros\u00e3o e resist\u00eancia \u00e9 necess\u00e1rio.\u00a0As unidades podem ser pintadas de acordo com as especifica\u00e7\u00f5es do cliente e equipadas com etiquetas de identifica\u00e7\u00e3o.<\/p>\n<p>Dispon\u00edvel vers\u00e3o LED, oferecendo vida \u00fatil prolongada.<\/p>\n<p>Uma vers\u00e3o de alta temperatura est\u00e1 dispon\u00edvel.<\/p>\n<p>O a\u00e7o inoxid\u00e1vel, um dos materiais mais dur\u00e1veis \u200b\u200bdispon\u00edveis no mercado, \u00e9 resistente ao desgaste e \u00e0 corros\u00e3o, aumentando a vida \u00fatil dos produtos em ambientes agressivos e, portanto, reduzindo os custos de manuten\u00e7\u00e3o.<\/p>\n<p><strong>Recursos<\/strong><\/p>\n<ul>\n<li>Uso da Zona 1 e Zona 2<\/li>\n<li>Ex d IIC T4 \/ T5 \/ T6<\/li>\n<li>Aprovado pela ATEX, Ex II 2GD<\/li>\n<li>Gb, Db certificado IECEx<\/li>\n<li>UL listado para EUA e Canad\u00e1<br \/>\nClasse I, Div 2, Grupos C e D<br \/>\nClasse I, Zona 1 e 2, AExd IIB<\/li>\n<li>Certificado CSA<\/li>\n<li>TR CU certificado<\/li>\n<li>Certificado CQST<\/li>\n<li>Certificado pelo INMETRO<\/li>\n<li>Certificado SIL 2<\/li>\n<li>Certificado CCOE<\/li>\n<li>IP66 e IP67<\/li>\n<li>Temperatura certificada: \u201355\u00baC a + 70\u00baC<\/li>\n<li>Vers\u00e3o para alta temperatura (at\u00e9 85\u00baC) dispon\u00edvel<\/li>\n<li>A\u00e7o inoxid\u00e1vel ou liga de grau mar\u00edtimo<\/li>\n<li>Vers\u00f5es Xenon ou LED<\/li>\n<li>V\u00e1rias cores de lente<\/li>\n<li>Protetor de lente opcional<\/li>\n<\/ul>\n<\/div>\n<\/div>\n<\/div>","protected":false},"excerpt":{"rendered":"<p>Descri\u00e7\u00e3o 5 Joule Xenon \u2013 Exd, \u00e0 prova de intemp\u00e9ries Esses far\u00f3is certificados foram projetados para uso em condi\u00e7\u00f5es ambientais adversas.\u00a0Os inv\u00f3lucros de a\u00e7o inoxid\u00e1vel ou liga de grau mar\u00edtimo s\u00e3o adequados para uso offshore ou onshore, onde o peso leve combinado com resist\u00eancia \u00e0 corros\u00e3o e resist\u00eancia \u00e9 necess\u00e1rio.\u00a0As unidades podem ser pintadas de acordo com as especifica\u00e7\u00f5es do cliente e equipadas com etiquetas de identifica\u00e7\u00e3o. Dispon\u00edvel vers\u00e3o LED, oferecendo vida \u00fatil prolongada. Uma vers\u00e3o de alta temperatura est\u00e1 dispon\u00edvel. O a\u00e7o inoxid\u00e1vel, um dos materiais mais dur\u00e1veis \u200b\u200bdispon\u00edveis no mercado, \u00e9 resistente ao desgaste e \u00e0 corros\u00e3o, aumentando a vida \u00fatil dos produtos em ambientes agressivos e, portanto, reduzindo os custos de manuten\u00e7\u00e3o. Recursos Uso da Zona 1 e Zona 2 Ex d IIC T4 \/ T5 \/ T6 Aprovado pela ATEX, Ex II 2GD Gb, Db certificado IECEx UL listado para EUA e Canad\u00e1 Classe I, Div 2, Grupos C e D Classe I, Zona 1 e 2, AExd IIB Certificado CSA TR CU certificado Certificado CQST Certificado pelo INMETRO Certificado SIL 2 Certificado CCOE IP66 e IP67 Temperatura certificada: \u201355\u00baC a + 70\u00baC Vers\u00e3o para alta temperatura (at\u00e9 85\u00baC) dispon\u00edvel A\u00e7o inoxid\u00e1vel ou liga de grau mar\u00edtimo Vers\u00f5es Xenon ou LED V\u00e1rias cores de lente Protetor de lente opcional<\/p>","protected":false},"featured_media":3593,"comment_status":"open","ping_status":"closed","template":"","meta":{"_joinchat":[]},"product_brand":[],"product_cat":[131],"product_tag":[],"marca":[74],"class_list":{"0":"post-3592","1":"product","2":"type-product","3":"status-publish","4":"has-post-thumbnail","6":"product_cat-farois-luzes-estroboscopicas","7":"marca-medc","9":"first","10":"instock","11":"shipping-taxable","12":"purchasable","13":"product-type-simple"},"yoast_head":"<!-- This site is optimized with the Yoast SEO plugin v27.2 - https:\/\/yoast.com\/product\/yoast-seo-wordpress\/ -->\n<title>MEDC SM87HXB 5 Joule Xenon Beacon - Full Solutions<\/title>\n<meta name=\"robots\" content=\"index, follow, max-snippet:-1, max-image-preview:large, max-video-preview:-1\" \/>\n<link rel=\"canonical\" href=\"https:\/\/fullsolutions.info\/en\/product\/medc-sm87hxb-5-joule-xenon-beacon-2\/\" \/>\n<meta property=\"og:locale\" content=\"en_US\" \/>\n<meta property=\"og:type\" content=\"article\" \/>\n<meta property=\"og:title\" content=\"MEDC SM87HXB 5 Joule Xenon Beacon - Full Solutions\" \/>\n<meta property=\"og:description\" content=\"Descri\u00e7\u00e3o 5 Joule Xenon \u2013 Exd, \u00e0 prova de intemp\u00e9ries Esses far\u00f3is certificados foram projetados para uso em condi\u00e7\u00f5es ambientais adversas.\u00a0Os inv\u00f3lucros de a\u00e7o inoxid\u00e1vel ou liga de grau mar\u00edtimo s\u00e3o adequados para uso offshore ou onshore, onde o peso leve combinado com resist\u00eancia \u00e0 corros\u00e3o e resist\u00eancia \u00e9 necess\u00e1rio.\u00a0As unidades podem ser pintadas de acordo com as especifica\u00e7\u00f5es do cliente e equipadas com etiquetas de identifica\u00e7\u00e3o. Dispon\u00edvel vers\u00e3o LED, oferecendo vida \u00fatil prolongada. Uma vers\u00e3o de alta temperatura est\u00e1 dispon\u00edvel. O a\u00e7o inoxid\u00e1vel, um dos materiais mais dur\u00e1veis \u200b\u200bdispon\u00edveis no mercado, \u00e9 resistente ao desgaste e \u00e0 corros\u00e3o, aumentando a vida \u00fatil dos produtos em ambientes agressivos e, portanto, reduzindo os custos de manuten\u00e7\u00e3o. Recursos Uso da Zona 1 e Zona 2 Ex d IIC T4 \/ T5 \/ T6 Aprovado pela ATEX, Ex II 2GD Gb, Db certificado IECEx UL listado para EUA e Canad\u00e1 Classe I, Div 2, Grupos C e D Classe I, Zona 1 e 2, AExd IIB Certificado CSA TR CU certificado Certificado CQST Certificado pelo INMETRO Certificado SIL 2 Certificado CCOE IP66 e IP67 Temperatura certificada: \u201355\u00baC a + 70\u00baC Vers\u00e3o para alta temperatura (at\u00e9 85\u00baC) dispon\u00edvel A\u00e7o inoxid\u00e1vel ou liga de grau mar\u00edtimo Vers\u00f5es Xenon ou LED V\u00e1rias cores de lente Protetor de lente opcional\" \/>\n<meta property=\"og:url\" content=\"https:\/\/fullsolutions.info\/en\/product\/medc-sm87hxb-5-joule-xenon-beacon-2\/\" \/>\n<meta property=\"og:site_name\" content=\"Full Solutions\" \/>\n<meta property=\"article:modified_time\" content=\"2024-02-19T16:16:26+00:00\" \/>\n<meta property=\"og:image\" content=\"https:\/\/mlhff0prgoxu.i.optimole.com\/cb:s0sM.767\/w:auto\/h:auto\/q:mauto\/f:best\/https:\/\/fullsolutions.info\/wp-content\/uploads\/2023\/10\/9.png\" \/>\n\t<meta property=\"og:image:width\" content=\"560\" \/>\n\t<meta property=\"og:image:height\" content=\"315\" \/>\n\t<meta property=\"og:image:type\" content=\"image\/png\" \/>\n<meta name=\"twitter:card\" content=\"summary_large_image\" \/>\n<meta name=\"twitter:label1\" content=\"Est. reading time\" \/>\n\t<meta name=\"twitter:data1\" content=\"1 minute\" \/>\n<script type=\"application\/ld+json\" class=\"yoast-schema-graph\">{\"@context\":\"https:\/\/schema.org\",\"@graph\":[{\"@type\":\"WebPage\",\"@id\":\"https:\/\/fullsolutions.info\/produto\/medc-sm87hxb-5-joule-xenon-beacon-2\/\",\"url\":\"https:\/\/fullsolutions.info\/produto\/medc-sm87hxb-5-joule-xenon-beacon-2\/\",\"name\":\"MEDC SM87HXB 5 Joule Xenon Beacon - Full Solutions\",\"isPartOf\":{\"@id\":\"https:\/\/fullsolutions.info\/#website\"},\"primaryImageOfPage\":{\"@id\":\"https:\/\/fullsolutions.info\/produto\/medc-sm87hxb-5-joule-xenon-beacon-2\/#primaryimage\"},\"image\":{\"@id\":\"https:\/\/fullsolutions.info\/produto\/medc-sm87hxb-5-joule-xenon-beacon-2\/#primaryimage\"},\"thumbnailUrl\":\"https:\/\/mlhff0prgoxu.i.optimole.com\/cb:s0sM.767\/w:auto\/h:auto\/q:mauto\/f:best\/https:\/\/fullsolutions.info\/wp-content\/uploads\/2023\/10\/9.png\",\"datePublished\":\"2023-10-31T19:34:12+00:00\",\"dateModified\":\"2024-02-19T16:16:26+00:00\",\"breadcrumb\":{\"@id\":\"https:\/\/fullsolutions.info\/produto\/medc-sm87hxb-5-joule-xenon-beacon-2\/#breadcrumb\"},\"inLanguage\":\"en-US\",\"potentialAction\":[{\"@type\":\"ReadAction\",\"target\":[\"https:\/\/fullsolutions.info\/produto\/medc-sm87hxb-5-joule-xenon-beacon-2\/\"]}]},{\"@type\":\"ImageObject\",\"inLanguage\":\"en-US\",\"@id\":\"https:\/\/fullsolutions.info\/produto\/medc-sm87hxb-5-joule-xenon-beacon-2\/#primaryimage\",\"url\":\"https:\/\/mlhff0prgoxu.i.optimole.com\/cb:s0sM.767\/w:auto\/h:auto\/q:mauto\/f:best\/https:\/\/fullsolutions.info\/wp-content\/uploads\/2023\/10\/9.png\",\"contentUrl\":\"https:\/\/mlhff0prgoxu.i.optimole.com\/cb:s0sM.767\/w:auto\/h:auto\/q:mauto\/f:best\/https:\/\/fullsolutions.info\/wp-content\/uploads\/2023\/10\/9.png\",\"width\":560,\"height\":315},{\"@type\":\"BreadcrumbList\",\"@id\":\"https:\/\/fullsolutions.info\/produto\/medc-sm87hxb-5-joule-xenon-beacon-2\/#breadcrumb\",\"itemListElement\":[{\"@type\":\"ListItem\",\"position\":1,\"name\":\"In\u00edcio\",\"item\":\"https:\/\/fullsolutions.info\/\"},{\"@type\":\"ListItem\",\"position\":2,\"name\":\"Produtos\",\"item\":\"https:\/\/fullsolutions.info\/shop\/\"},{\"@type\":\"ListItem\",\"position\":3,\"name\":\"MEDC SM87HXB 5 Joule Xenon Beacon\"}]},{\"@type\":\"WebSite\",\"@id\":\"https:\/\/fullsolutions.info\/#website\",\"url\":\"https:\/\/fullsolutions.info\/\",\"name\":\"Full Solutions\",\"description\":\"Empresa na \u00c1rea de Procurement\",\"publisher\":{\"@id\":\"https:\/\/fullsolutions.info\/#organization\"},\"potentialAction\":[{\"@type\":\"SearchAction\",\"target\":{\"@type\":\"EntryPoint\",\"urlTemplate\":\"https:\/\/fullsolutions.info\/?s={search_term_string}\"},\"query-input\":{\"@type\":\"PropertyValueSpecification\",\"valueRequired\":true,\"valueName\":\"search_term_string\"}}],\"inLanguage\":\"en-US\"},{\"@type\":\"Organization\",\"@id\":\"https:\/\/fullsolutions.info\/#organization\",\"name\":\"Full Solutions\",\"url\":\"https:\/\/fullsolutions.info\/\",\"logo\":{\"@type\":\"ImageObject\",\"inLanguage\":\"en-US\",\"@id\":\"https:\/\/fullsolutions.info\/#\/schema\/logo\/image\/\",\"url\":\"https:\/\/mlhff0prgoxu.i.optimole.com\/cb:s0sM.767\/w:auto\/h:auto\/q:mauto\/f:best\/https:\/\/fullsolutions.info\/wp-content\/uploads\/2021\/07\/cropped-Design-sem-nome-300x193-1-e1627062664782.png\",\"contentUrl\":\"https:\/\/mlhff0prgoxu.i.optimole.com\/cb:s0sM.767\/w:auto\/h:auto\/q:mauto\/f:best\/https:\/\/fullsolutions.info\/wp-content\/uploads\/2021\/07\/cropped-Design-sem-nome-300x193-1-e1627062664782.png\",\"width\":202,\"height\":155,\"caption\":\"Full Solutions\"},\"image\":{\"@id\":\"https:\/\/fullsolutions.info\/#\/schema\/logo\/image\/\"},\"sameAs\":[\"https:\/\/www.linkedin.com\/company\/full-solutions-equipment\"]}]}<\/script>\n<!-- \/ Yoast SEO plugin. -->","yoast_head_json":{"title":"MEDC SM87HXB 5 Joule Xenon Beacon - Full Solutions","robots":{"index":"index","follow":"follow","max-snippet":"max-snippet:-1","max-image-preview":"max-image-preview:large","max-video-preview":"max-video-preview:-1"},"canonical":"https:\/\/fullsolutions.info\/en\/product\/medc-sm87hxb-5-joule-xenon-beacon-2\/","og_locale":"en_US","og_type":"article","og_title":"MEDC SM87HXB 5 Joule Xenon Beacon - Full Solutions","og_description":"Descri\u00e7\u00e3o 5 Joule Xenon \u2013 Exd, \u00e0 prova de intemp\u00e9ries Esses far\u00f3is certificados foram projetados para uso em condi\u00e7\u00f5es ambientais adversas.\u00a0Os inv\u00f3lucros de a\u00e7o inoxid\u00e1vel ou liga de grau mar\u00edtimo s\u00e3o adequados para uso offshore ou onshore, onde o peso leve combinado com resist\u00eancia \u00e0 corros\u00e3o e resist\u00eancia \u00e9 necess\u00e1rio.\u00a0As unidades podem ser pintadas de acordo com as especifica\u00e7\u00f5es do cliente e equipadas com etiquetas de identifica\u00e7\u00e3o. Dispon\u00edvel vers\u00e3o LED, oferecendo vida \u00fatil prolongada. Uma vers\u00e3o de alta temperatura est\u00e1 dispon\u00edvel. O a\u00e7o inoxid\u00e1vel, um dos materiais mais dur\u00e1veis \u200b\u200bdispon\u00edveis no mercado, \u00e9 resistente ao desgaste e \u00e0 corros\u00e3o, aumentando a vida \u00fatil dos produtos em ambientes agressivos e, portanto, reduzindo os custos de manuten\u00e7\u00e3o. Recursos Uso da Zona 1 e Zona 2 Ex d IIC T4 \/ T5 \/ T6 Aprovado pela ATEX, Ex II 2GD Gb, Db certificado IECEx UL listado para EUA e Canad\u00e1 Classe I, Div 2, Grupos C e D Classe I, Zona 1 e 2, AExd IIB Certificado CSA TR CU certificado Certificado CQST Certificado pelo INMETRO Certificado SIL 2 Certificado CCOE IP66 e IP67 Temperatura certificada: \u201355\u00baC a + 70\u00baC Vers\u00e3o para alta temperatura (at\u00e9 85\u00baC) dispon\u00edvel A\u00e7o inoxid\u00e1vel ou liga de grau mar\u00edtimo Vers\u00f5es Xenon ou LED V\u00e1rias cores de lente Protetor de lente opcional","og_url":"https:\/\/fullsolutions.info\/en\/product\/medc-sm87hxb-5-joule-xenon-beacon-2\/","og_site_name":"Full Solutions","article_modified_time":"2024-02-19T16:16:26+00:00","og_image":[{"width":560,"height":315,"url":"https:\/\/mlhff0prgoxu.i.optimole.com\/cb:s0sM.767\/w:auto\/h:auto\/q:mauto\/f:best\/https:\/\/fullsolutions.info\/wp-content\/uploads\/2023\/10\/9.png","type":"image\/png"}],"twitter_card":"summary_large_image","twitter_misc":{"Est. reading time":"1 minute"},"schema":{"@context":"https:\/\/schema.org","@graph":[{"@type":"WebPage","@id":"https:\/\/fullsolutions.info\/produto\/medc-sm87hxb-5-joule-xenon-beacon-2\/","url":"https:\/\/fullsolutions.info\/produto\/medc-sm87hxb-5-joule-xenon-beacon-2\/","name":"MEDC SM87HXB 5 Joule Xenon Beacon - Full Solutions","isPartOf":{"@id":"https:\/\/fullsolutions.info\/#website"},"primaryImageOfPage":{"@id":"https:\/\/fullsolutions.info\/produto\/medc-sm87hxb-5-joule-xenon-beacon-2\/#primaryimage"},"image":{"@id":"https:\/\/fullsolutions.info\/produto\/medc-sm87hxb-5-joule-xenon-beacon-2\/#primaryimage"},"thumbnailUrl":"https:\/\/mlhff0prgoxu.i.optimole.com\/cb:s0sM.767\/w:auto\/h:auto\/q:mauto\/f:best\/https:\/\/fullsolutions.info\/wp-content\/uploads\/2023\/10\/9.png","datePublished":"2023-10-31T19:34:12+00:00","dateModified":"2024-02-19T16:16:26+00:00","breadcrumb":{"@id":"https:\/\/fullsolutions.info\/produto\/medc-sm87hxb-5-joule-xenon-beacon-2\/#breadcrumb"},"inLanguage":"en-US","potentialAction":[{"@type":"ReadAction","target":["https:\/\/fullsolutions.info\/produto\/medc-sm87hxb-5-joule-xenon-beacon-2\/"]}]},{"@type":"ImageObject","inLanguage":"en-US","@id":"https:\/\/fullsolutions.info\/produto\/medc-sm87hxb-5-joule-xenon-beacon-2\/#primaryimage","url":"https:\/\/mlhff0prgoxu.i.optimole.com\/cb:s0sM.767\/w:auto\/h:auto\/q:mauto\/f:best\/https:\/\/fullsolutions.info\/wp-content\/uploads\/2023\/10\/9.png","contentUrl":"https:\/\/mlhff0prgoxu.i.optimole.com\/cb:s0sM.767\/w:auto\/h:auto\/q:mauto\/f:best\/https:\/\/fullsolutions.info\/wp-content\/uploads\/2023\/10\/9.png","width":560,"height":315},{"@type":"BreadcrumbList","@id":"https:\/\/fullsolutions.info\/produto\/medc-sm87hxb-5-joule-xenon-beacon-2\/#breadcrumb","itemListElement":[{"@type":"ListItem","position":1,"name":"In\u00edcio","item":"https:\/\/fullsolutions.info\/"},{"@type":"ListItem","position":2,"name":"Produtos","item":"https:\/\/fullsolutions.info\/shop\/"},{"@type":"ListItem","position":3,"name":"MEDC SM87HXB 5 Joule Xenon Beacon"}]},{"@type":"WebSite","@id":"https:\/\/fullsolutions.info\/#website","url":"https:\/\/fullsolutions.info\/","name":"Full Solutions","description":"Empresa na \u00c1rea de Procurement","publisher":{"@id":"https:\/\/fullsolutions.info\/#organization"},"potentialAction":[{"@type":"SearchAction","target":{"@type":"EntryPoint","urlTemplate":"https:\/\/fullsolutions.info\/?s={search_term_string}"},"query-input":{"@type":"PropertyValueSpecification","valueRequired":true,"valueName":"search_term_string"}}],"inLanguage":"en-US"},{"@type":"Organization","@id":"https:\/\/fullsolutions.info\/#organization","name":"Full Solutions","url":"https:\/\/fullsolutions.info\/","logo":{"@type":"ImageObject","inLanguage":"en-US","@id":"https:\/\/fullsolutions.info\/#\/schema\/logo\/image\/","url":"https:\/\/mlhff0prgoxu.i.optimole.com\/cb:s0sM.767\/w:auto\/h:auto\/q:mauto\/f:best\/https:\/\/fullsolutions.info\/wp-content\/uploads\/2021\/07\/cropped-Design-sem-nome-300x193-1-e1627062664782.png","contentUrl":"https:\/\/mlhff0prgoxu.i.optimole.com\/cb:s0sM.767\/w:auto\/h:auto\/q:mauto\/f:best\/https:\/\/fullsolutions.info\/wp-content\/uploads\/2021\/07\/cropped-Design-sem-nome-300x193-1-e1627062664782.png","width":202,"height":155,"caption":"Full Solutions"},"image":{"@id":"https:\/\/fullsolutions.info\/#\/schema\/logo\/image\/"},"sameAs":["https:\/\/www.linkedin.com\/company\/full-solutions-equipment"]}]}},"_links":{"self":[{"href":"https:\/\/fullsolutions.info\/en\/wp-json\/wp\/v2\/product\/3592","targetHints":{"allow":["GET"]}}],"collection":[{"href":"https:\/\/fullsolutions.info\/en\/wp-json\/wp\/v2\/product"}],"about":[{"href":"https:\/\/fullsolutions.info\/en\/wp-json\/wp\/v2\/types\/product"}],"replies":[{"embeddable":true,"href":"https:\/\/fullsolutions.info\/en\/wp-json\/wp\/v2\/comments?post=3592"}],"wp:featuredmedia":[{"embeddable":true,"href":"https:\/\/fullsolutions.info\/en\/wp-json\/wp\/v2\/media\/3593"}],"wp:attachment":[{"href":"https:\/\/fullsolutions.info\/en\/wp-json\/wp\/v2\/media?parent=3592"}],"wp:term":[{"taxonomy":"product_brand","embeddable":true,"href":"https:\/\/fullsolutions.info\/en\/wp-json\/wp\/v2\/product_brand?post=3592"},{"taxonomy":"product_cat","embeddable":true,"href":"https:\/\/fullsolutions.info\/en\/wp-json\/wp\/v2\/product_cat?post=3592"},{"taxonomy":"product_tag","embeddable":true,"href":"https:\/\/fullsolutions.info\/en\/wp-json\/wp\/v2\/product_tag?post=3592"},{"taxonomy":"marca","embeddable":true,"href":"https:\/\/fullsolutions.info\/en\/wp-json\/wp\/v2\/marca?post=3592"}],"curies":[{"name":"wp","href":"https:\/\/api.w.org\/{rel}","templated":true}]}}