{"id":3590,"date":"2023-10-31T19:33:08","date_gmt":"2023-10-31T19:33:08","guid":{"rendered":"https:\/\/fullsolutionsequip.com\/?post_type=product&#038;p=3590"},"modified":"2024-02-19T16:16:26","modified_gmt":"2024-02-19T16:16:26","slug":"farol-led-de-alta-intensidade-medc-ld15","status":"publish","type":"product","link":"https:\/\/fullsolutions.info\/en\/product\/farol-led-de-alta-intensidade-medc-ld15\/","title":{"rendered":"Farol LED de alta intensidade MEDC LD15"},"content":{"rendered":"<div class=\"elementor-element elementor-element-b17befe elementor-widget elementor-widget-heading\" data-id=\"b17befe\" data-element_type=\"widget\" data-widget_type=\"heading.default\">\n<div class=\"elementor-widget-container\">\n<p class=\"elementor-heading-title elementor-size-default\"><strong>Descri\u00e7\u00e3o<\/strong><\/p>\n<\/div>\n<\/div>\n<div class=\"elementor-element elementor-element-2dbd9d0 elementor-widget elementor-widget-text-editor\" data-id=\"2dbd9d0\" data-element_type=\"widget\" data-widget_type=\"text-editor.default\">\n<div class=\"elementor-widget-container\">\n<div class=\"elementor-text-editor elementor-clearfix\">\n<p>Esses far\u00f3is de LED certificados foram projetados para uso em atmosferas potencialmente explosivas e condi\u00e7\u00f5es ambientais adversas.<\/p>\n<p>Os gabinetes s\u00e3o adequados para uso offshore ou onshore, onde \u00e9 necess\u00e1rio um peso leve combinado com resist\u00eancia \u00e0 corros\u00e3o.<\/p>\n<p>As caixas s\u00e3o totalmente fabricadas em poli\u00e9ster refor\u00e7ado com vidro est\u00e1vel aos raios ultravioleta.\u00a0Parafusos de a\u00e7o inoxid\u00e1vel e suporte de montagem s\u00e3o incorporados garantindo um produto totalmente livre de corros\u00e3o.<\/p>\n<p>O LD15 incorpora uma matriz de LED inovadora de baixa manuten\u00e7\u00e3o, que tem uma vida \u00fatil de at\u00e9 54.000 horas.<\/p>\n<p>O design de baixo consumo de corrente permite uma solu\u00e7\u00e3o com efici\u00eancia energ\u00e9tica sem comprometer a sa\u00edda de luz.\u00a0As unidades podem ser pintadas de acordo com as especifica\u00e7\u00f5es do cliente e fornecidas com etiquetas de identifica\u00e7\u00e3o.<\/p>\n<p><strong>Recursos<\/strong><\/p>\n<ul>\n<li>Zona 1, 2, 21 e 22<\/li>\n<li>Ex d IIC T6 \/ T5<\/li>\n<li>Certificado ATEX Ex II 2GD<\/li>\n<li>Gb, Db certificado IECEx<\/li>\n<li>Certificado UL para EUA e Canad\u00e1<br \/>\n\u2013 Locais perigosos:<br \/>\nClasse I, Div.\u00a02, Grupos A, B ,.\u00a0C&amp;D<br \/>\nClasse II, Div.\u00a02 Grupos F e G<br \/>\nClasse I, Zona 1, AExd, IIC T6 \/ T5<br \/>\n\u2013 Locais comuns: dispositivo de sinal visual<\/li>\n<li>TR CU certificado<\/li>\n<li>Certificado CQST<\/li>\n<li>Certificado pelo INMETRO<\/li>\n<li>IP66 e 67<\/li>\n<li>Certificado SIL1<\/li>\n<li>Temperatura certificada -55 \u00b0 C a + 70 \u00b0 C<\/li>\n<li>GRP livre de corros\u00e3o<\/li>\n<li>Correia traseira de a\u00e7o inoxid\u00e1vel opcional<\/li>\n<li>V\u00e1rias cores de lente<\/li>\n<li>Alum\u00ednio fundido opcional ou prote\u00e7\u00e3o de fio de a\u00e7o inoxid\u00e1vel<\/li>\n<li>At\u00e9 3 entradas M20 ou 3 x M25<\/li>\n<li>5 fun\u00e7\u00f5es selecion\u00e1veis \u200b\u200bpelo usu\u00e1rio:<br \/>\n\u2013 60 fpm<br \/>\n\u2013 80 fpm<br \/>\n\u2013 120 fpm<br \/>\n\u2013\u00a0Flash\u00a0duplo<br \/>\n\u2013 constante<\/li>\n<li>Sele\u00e7\u00e3o de fun\u00e7\u00e3o remota e local<\/li>\n<\/ul>\n<\/div>\n<\/div>\n<\/div>","protected":false},"excerpt":{"rendered":"<p>Descri\u00e7\u00e3o Esses far\u00f3is de LED certificados foram projetados para uso em atmosferas potencialmente explosivas e condi\u00e7\u00f5es ambientais adversas. Os gabinetes s\u00e3o adequados para uso offshore ou onshore, onde \u00e9 necess\u00e1rio um peso leve combinado com resist\u00eancia \u00e0 corros\u00e3o. As caixas s\u00e3o totalmente fabricadas em poli\u00e9ster refor\u00e7ado com vidro est\u00e1vel aos raios ultravioleta.\u00a0Parafusos de a\u00e7o inoxid\u00e1vel e suporte de montagem s\u00e3o incorporados garantindo um produto totalmente livre de corros\u00e3o. O LD15 incorpora uma matriz de LED inovadora de baixa manuten\u00e7\u00e3o, que tem uma vida \u00fatil de at\u00e9 54.000 horas. O design de baixo consumo de corrente permite uma solu\u00e7\u00e3o com efici\u00eancia energ\u00e9tica sem comprometer a sa\u00edda de luz.\u00a0As unidades podem ser pintadas de acordo com as especifica\u00e7\u00f5es do cliente e fornecidas com etiquetas de identifica\u00e7\u00e3o. Recursos Zona 1, 2, 21 e 22 Ex d IIC T6 \/ T5 Certificado ATEX Ex II 2GD Gb, Db certificado IECEx Certificado UL para EUA e Canad\u00e1 \u2013 Locais perigosos: Classe I, Div.\u00a02, Grupos A, B ,.\u00a0C&amp;D Classe II, Div.\u00a02 Grupos F e G Classe I, Zona 1, AExd, IIC T6 \/ T5 \u2013 Locais comuns: dispositivo de sinal visual TR CU certificado Certificado CQST Certificado pelo INMETRO IP66 e 67 Certificado SIL1 Temperatura certificada -55 \u00b0 C a + 70 \u00b0 C GRP livre de corros\u00e3o Correia traseira de a\u00e7o inoxid\u00e1vel opcional V\u00e1rias cores de lente Alum\u00ednio fundido opcional ou prote\u00e7\u00e3o de fio de a\u00e7o inoxid\u00e1vel At\u00e9 3 entradas M20 ou 3 x M25 5 fun\u00e7\u00f5es selecion\u00e1veis \u200b\u200bpelo usu\u00e1rio: \u2013 60 fpm \u2013 80 fpm \u2013 120 fpm \u2013\u00a0Flash\u00a0duplo \u2013 constante Sele\u00e7\u00e3o de fun\u00e7\u00e3o remota e local<\/p>","protected":false},"featured_media":3591,"comment_status":"open","ping_status":"closed","template":"","meta":{"_joinchat":[]},"product_brand":[],"product_cat":[131],"product_tag":[],"marca":[74],"class_list":{"0":"post-3590","1":"product","2":"type-product","3":"status-publish","4":"has-post-thumbnail","6":"product_cat-farois-luzes-estroboscopicas","7":"marca-medc","9":"first","10":"instock","11":"shipping-taxable","12":"purchasable","13":"product-type-simple"},"yoast_head":"<!-- This site is optimized with the Yoast SEO plugin v27.2 - https:\/\/yoast.com\/product\/yoast-seo-wordpress\/ -->\n<title>Farol LED de alta intensidade MEDC LD15 - Full Solutions<\/title>\n<meta name=\"robots\" content=\"index, follow, max-snippet:-1, max-image-preview:large, max-video-preview:-1\" \/>\n<link rel=\"canonical\" href=\"https:\/\/fullsolutions.info\/en\/product\/farol-led-de-alta-intensidade-medc-ld15\/\" \/>\n<meta property=\"og:locale\" content=\"en_US\" \/>\n<meta property=\"og:type\" content=\"article\" \/>\n<meta property=\"og:title\" content=\"Farol LED de alta intensidade MEDC LD15 - Full Solutions\" \/>\n<meta property=\"og:description\" content=\"Descri\u00e7\u00e3o Esses far\u00f3is de LED certificados foram projetados para uso em atmosferas potencialmente explosivas e condi\u00e7\u00f5es ambientais adversas. Os gabinetes s\u00e3o adequados para uso offshore ou onshore, onde \u00e9 necess\u00e1rio um peso leve combinado com resist\u00eancia \u00e0 corros\u00e3o. As caixas s\u00e3o totalmente fabricadas em poli\u00e9ster refor\u00e7ado com vidro est\u00e1vel aos raios ultravioleta.\u00a0Parafusos de a\u00e7o inoxid\u00e1vel e suporte de montagem s\u00e3o incorporados garantindo um produto totalmente livre de corros\u00e3o. O LD15 incorpora uma matriz de LED inovadora de baixa manuten\u00e7\u00e3o, que tem uma vida \u00fatil de at\u00e9 54.000 horas. O design de baixo consumo de corrente permite uma solu\u00e7\u00e3o com efici\u00eancia energ\u00e9tica sem comprometer a sa\u00edda de luz.\u00a0As unidades podem ser pintadas de acordo com as especifica\u00e7\u00f5es do cliente e fornecidas com etiquetas de identifica\u00e7\u00e3o. Recursos Zona 1, 2, 21 e 22 Ex d IIC T6 \/ T5 Certificado ATEX Ex II 2GD Gb, Db certificado IECEx Certificado UL para EUA e Canad\u00e1 \u2013 Locais perigosos: Classe I, Div.\u00a02, Grupos A, B ,.\u00a0C&amp;D Classe II, Div.\u00a02 Grupos F e G Classe I, Zona 1, AExd, IIC T6 \/ T5 \u2013 Locais comuns: dispositivo de sinal visual TR CU certificado Certificado CQST Certificado pelo INMETRO IP66 e 67 Certificado SIL1 Temperatura certificada -55 \u00b0 C a + 70 \u00b0 C GRP livre de corros\u00e3o Correia traseira de a\u00e7o inoxid\u00e1vel opcional V\u00e1rias cores de lente Alum\u00ednio fundido opcional ou prote\u00e7\u00e3o de fio de a\u00e7o inoxid\u00e1vel At\u00e9 3 entradas M20 ou 3 x M25 5 fun\u00e7\u00f5es selecion\u00e1veis \u200b\u200bpelo usu\u00e1rio: \u2013 60 fpm \u2013 80 fpm \u2013 120 fpm \u2013\u00a0Flash\u00a0duplo \u2013 constante Sele\u00e7\u00e3o de fun\u00e7\u00e3o remota e local\" \/>\n<meta property=\"og:url\" content=\"https:\/\/fullsolutions.info\/en\/product\/farol-led-de-alta-intensidade-medc-ld15\/\" \/>\n<meta property=\"og:site_name\" content=\"Full Solutions\" \/>\n<meta property=\"article:modified_time\" content=\"2024-02-19T16:16:26+00:00\" \/>\n<meta property=\"og:image\" content=\"https:\/\/mlhff0prgoxu.i.optimole.com\/cb:s0sM.767\/w:auto\/h:auto\/q:mauto\/f:best\/https:\/\/fullsolutions.info\/wp-content\/uploads\/2023\/10\/8.png\" \/>\n\t<meta property=\"og:image:width\" content=\"560\" \/>\n\t<meta property=\"og:image:height\" content=\"315\" \/>\n\t<meta property=\"og:image:type\" content=\"image\/png\" \/>\n<meta name=\"twitter:card\" content=\"summary_large_image\" \/>\n<meta name=\"twitter:label1\" content=\"Est. reading time\" \/>\n\t<meta name=\"twitter:data1\" content=\"1 minute\" \/>\n<script type=\"application\/ld+json\" class=\"yoast-schema-graph\">{\"@context\":\"https:\/\/schema.org\",\"@graph\":[{\"@type\":\"WebPage\",\"@id\":\"https:\/\/fullsolutions.info\/produto\/farol-led-de-alta-intensidade-medc-ld15\/\",\"url\":\"https:\/\/fullsolutions.info\/produto\/farol-led-de-alta-intensidade-medc-ld15\/\",\"name\":\"Farol LED de alta intensidade MEDC LD15 - Full Solutions\",\"isPartOf\":{\"@id\":\"https:\/\/fullsolutions.info\/#website\"},\"primaryImageOfPage\":{\"@id\":\"https:\/\/fullsolutions.info\/produto\/farol-led-de-alta-intensidade-medc-ld15\/#primaryimage\"},\"image\":{\"@id\":\"https:\/\/fullsolutions.info\/produto\/farol-led-de-alta-intensidade-medc-ld15\/#primaryimage\"},\"thumbnailUrl\":\"https:\/\/mlhff0prgoxu.i.optimole.com\/cb:s0sM.767\/w:auto\/h:auto\/q:mauto\/f:best\/https:\/\/fullsolutions.info\/wp-content\/uploads\/2023\/10\/8.png\",\"datePublished\":\"2023-10-31T19:33:08+00:00\",\"dateModified\":\"2024-02-19T16:16:26+00:00\",\"breadcrumb\":{\"@id\":\"https:\/\/fullsolutions.info\/produto\/farol-led-de-alta-intensidade-medc-ld15\/#breadcrumb\"},\"inLanguage\":\"en-US\",\"potentialAction\":[{\"@type\":\"ReadAction\",\"target\":[\"https:\/\/fullsolutions.info\/produto\/farol-led-de-alta-intensidade-medc-ld15\/\"]}]},{\"@type\":\"ImageObject\",\"inLanguage\":\"en-US\",\"@id\":\"https:\/\/fullsolutions.info\/produto\/farol-led-de-alta-intensidade-medc-ld15\/#primaryimage\",\"url\":\"https:\/\/mlhff0prgoxu.i.optimole.com\/cb:s0sM.767\/w:auto\/h:auto\/q:mauto\/f:best\/https:\/\/fullsolutions.info\/wp-content\/uploads\/2023\/10\/8.png\",\"contentUrl\":\"https:\/\/mlhff0prgoxu.i.optimole.com\/cb:s0sM.767\/w:auto\/h:auto\/q:mauto\/f:best\/https:\/\/fullsolutions.info\/wp-content\/uploads\/2023\/10\/8.png\",\"width\":560,\"height\":315},{\"@type\":\"BreadcrumbList\",\"@id\":\"https:\/\/fullsolutions.info\/produto\/farol-led-de-alta-intensidade-medc-ld15\/#breadcrumb\",\"itemListElement\":[{\"@type\":\"ListItem\",\"position\":1,\"name\":\"In\u00edcio\",\"item\":\"https:\/\/fullsolutions.info\/\"},{\"@type\":\"ListItem\",\"position\":2,\"name\":\"Produtos\",\"item\":\"https:\/\/fullsolutions.info\/shop\/\"},{\"@type\":\"ListItem\",\"position\":3,\"name\":\"Farol LED de alta intensidade MEDC LD15\"}]},{\"@type\":\"WebSite\",\"@id\":\"https:\/\/fullsolutions.info\/#website\",\"url\":\"https:\/\/fullsolutions.info\/\",\"name\":\"Full Solutions\",\"description\":\"Empresa na \u00c1rea de Procurement\",\"publisher\":{\"@id\":\"https:\/\/fullsolutions.info\/#organization\"},\"potentialAction\":[{\"@type\":\"SearchAction\",\"target\":{\"@type\":\"EntryPoint\",\"urlTemplate\":\"https:\/\/fullsolutions.info\/?s={search_term_string}\"},\"query-input\":{\"@type\":\"PropertyValueSpecification\",\"valueRequired\":true,\"valueName\":\"search_term_string\"}}],\"inLanguage\":\"en-US\"},{\"@type\":\"Organization\",\"@id\":\"https:\/\/fullsolutions.info\/#organization\",\"name\":\"Full Solutions\",\"url\":\"https:\/\/fullsolutions.info\/\",\"logo\":{\"@type\":\"ImageObject\",\"inLanguage\":\"en-US\",\"@id\":\"https:\/\/fullsolutions.info\/#\/schema\/logo\/image\/\",\"url\":\"https:\/\/mlhff0prgoxu.i.optimole.com\/cb:s0sM.767\/w:auto\/h:auto\/q:mauto\/f:best\/https:\/\/fullsolutions.info\/wp-content\/uploads\/2021\/07\/cropped-Design-sem-nome-300x193-1-e1627062664782.png\",\"contentUrl\":\"https:\/\/mlhff0prgoxu.i.optimole.com\/cb:s0sM.767\/w:auto\/h:auto\/q:mauto\/f:best\/https:\/\/fullsolutions.info\/wp-content\/uploads\/2021\/07\/cropped-Design-sem-nome-300x193-1-e1627062664782.png\",\"width\":202,\"height\":155,\"caption\":\"Full Solutions\"},\"image\":{\"@id\":\"https:\/\/fullsolutions.info\/#\/schema\/logo\/image\/\"},\"sameAs\":[\"https:\/\/www.linkedin.com\/company\/full-solutions-equipment\"]}]}<\/script>\n<!-- \/ Yoast SEO plugin. -->","yoast_head_json":{"title":"Farol LED de alta intensidade MEDC LD15 - Full Solutions","robots":{"index":"index","follow":"follow","max-snippet":"max-snippet:-1","max-image-preview":"max-image-preview:large","max-video-preview":"max-video-preview:-1"},"canonical":"https:\/\/fullsolutions.info\/en\/product\/farol-led-de-alta-intensidade-medc-ld15\/","og_locale":"en_US","og_type":"article","og_title":"Farol LED de alta intensidade MEDC LD15 - Full Solutions","og_description":"Descri\u00e7\u00e3o Esses far\u00f3is de LED certificados foram projetados para uso em atmosferas potencialmente explosivas e condi\u00e7\u00f5es ambientais adversas. Os gabinetes s\u00e3o adequados para uso offshore ou onshore, onde \u00e9 necess\u00e1rio um peso leve combinado com resist\u00eancia \u00e0 corros\u00e3o. As caixas s\u00e3o totalmente fabricadas em poli\u00e9ster refor\u00e7ado com vidro est\u00e1vel aos raios ultravioleta.\u00a0Parafusos de a\u00e7o inoxid\u00e1vel e suporte de montagem s\u00e3o incorporados garantindo um produto totalmente livre de corros\u00e3o. O LD15 incorpora uma matriz de LED inovadora de baixa manuten\u00e7\u00e3o, que tem uma vida \u00fatil de at\u00e9 54.000 horas. O design de baixo consumo de corrente permite uma solu\u00e7\u00e3o com efici\u00eancia energ\u00e9tica sem comprometer a sa\u00edda de luz.\u00a0As unidades podem ser pintadas de acordo com as especifica\u00e7\u00f5es do cliente e fornecidas com etiquetas de identifica\u00e7\u00e3o. Recursos Zona 1, 2, 21 e 22 Ex d IIC T6 \/ T5 Certificado ATEX Ex II 2GD Gb, Db certificado IECEx Certificado UL para EUA e Canad\u00e1 \u2013 Locais perigosos: Classe I, Div.\u00a02, Grupos A, B ,.\u00a0C&amp;D Classe II, Div.\u00a02 Grupos F e G Classe I, Zona 1, AExd, IIC T6 \/ T5 \u2013 Locais comuns: dispositivo de sinal visual TR CU certificado Certificado CQST Certificado pelo INMETRO IP66 e 67 Certificado SIL1 Temperatura certificada -55 \u00b0 C a + 70 \u00b0 C GRP livre de corros\u00e3o Correia traseira de a\u00e7o inoxid\u00e1vel opcional V\u00e1rias cores de lente Alum\u00ednio fundido opcional ou prote\u00e7\u00e3o de fio de a\u00e7o inoxid\u00e1vel At\u00e9 3 entradas M20 ou 3 x M25 5 fun\u00e7\u00f5es selecion\u00e1veis \u200b\u200bpelo usu\u00e1rio: \u2013 60 fpm \u2013 80 fpm \u2013 120 fpm \u2013\u00a0Flash\u00a0duplo \u2013 constante Sele\u00e7\u00e3o de fun\u00e7\u00e3o remota e local","og_url":"https:\/\/fullsolutions.info\/en\/product\/farol-led-de-alta-intensidade-medc-ld15\/","og_site_name":"Full Solutions","article_modified_time":"2024-02-19T16:16:26+00:00","og_image":[{"width":560,"height":315,"url":"https:\/\/mlhff0prgoxu.i.optimole.com\/cb:s0sM.767\/w:auto\/h:auto\/q:mauto\/f:best\/https:\/\/fullsolutions.info\/wp-content\/uploads\/2023\/10\/8.png","type":"image\/png"}],"twitter_card":"summary_large_image","twitter_misc":{"Est. reading time":"1 minute"},"schema":{"@context":"https:\/\/schema.org","@graph":[{"@type":"WebPage","@id":"https:\/\/fullsolutions.info\/produto\/farol-led-de-alta-intensidade-medc-ld15\/","url":"https:\/\/fullsolutions.info\/produto\/farol-led-de-alta-intensidade-medc-ld15\/","name":"Farol LED de alta intensidade MEDC LD15 - Full Solutions","isPartOf":{"@id":"https:\/\/fullsolutions.info\/#website"},"primaryImageOfPage":{"@id":"https:\/\/fullsolutions.info\/produto\/farol-led-de-alta-intensidade-medc-ld15\/#primaryimage"},"image":{"@id":"https:\/\/fullsolutions.info\/produto\/farol-led-de-alta-intensidade-medc-ld15\/#primaryimage"},"thumbnailUrl":"https:\/\/mlhff0prgoxu.i.optimole.com\/cb:s0sM.767\/w:auto\/h:auto\/q:mauto\/f:best\/https:\/\/fullsolutions.info\/wp-content\/uploads\/2023\/10\/8.png","datePublished":"2023-10-31T19:33:08+00:00","dateModified":"2024-02-19T16:16:26+00:00","breadcrumb":{"@id":"https:\/\/fullsolutions.info\/produto\/farol-led-de-alta-intensidade-medc-ld15\/#breadcrumb"},"inLanguage":"en-US","potentialAction":[{"@type":"ReadAction","target":["https:\/\/fullsolutions.info\/produto\/farol-led-de-alta-intensidade-medc-ld15\/"]}]},{"@type":"ImageObject","inLanguage":"en-US","@id":"https:\/\/fullsolutions.info\/produto\/farol-led-de-alta-intensidade-medc-ld15\/#primaryimage","url":"https:\/\/mlhff0prgoxu.i.optimole.com\/cb:s0sM.767\/w:auto\/h:auto\/q:mauto\/f:best\/https:\/\/fullsolutions.info\/wp-content\/uploads\/2023\/10\/8.png","contentUrl":"https:\/\/mlhff0prgoxu.i.optimole.com\/cb:s0sM.767\/w:auto\/h:auto\/q:mauto\/f:best\/https:\/\/fullsolutions.info\/wp-content\/uploads\/2023\/10\/8.png","width":560,"height":315},{"@type":"BreadcrumbList","@id":"https:\/\/fullsolutions.info\/produto\/farol-led-de-alta-intensidade-medc-ld15\/#breadcrumb","itemListElement":[{"@type":"ListItem","position":1,"name":"In\u00edcio","item":"https:\/\/fullsolutions.info\/"},{"@type":"ListItem","position":2,"name":"Produtos","item":"https:\/\/fullsolutions.info\/shop\/"},{"@type":"ListItem","position":3,"name":"Farol LED de alta intensidade MEDC LD15"}]},{"@type":"WebSite","@id":"https:\/\/fullsolutions.info\/#website","url":"https:\/\/fullsolutions.info\/","name":"Full Solutions","description":"Empresa na \u00c1rea de Procurement","publisher":{"@id":"https:\/\/fullsolutions.info\/#organization"},"potentialAction":[{"@type":"SearchAction","target":{"@type":"EntryPoint","urlTemplate":"https:\/\/fullsolutions.info\/?s={search_term_string}"},"query-input":{"@type":"PropertyValueSpecification","valueRequired":true,"valueName":"search_term_string"}}],"inLanguage":"en-US"},{"@type":"Organization","@id":"https:\/\/fullsolutions.info\/#organization","name":"Full Solutions","url":"https:\/\/fullsolutions.info\/","logo":{"@type":"ImageObject","inLanguage":"en-US","@id":"https:\/\/fullsolutions.info\/#\/schema\/logo\/image\/","url":"https:\/\/mlhff0prgoxu.i.optimole.com\/cb:s0sM.767\/w:auto\/h:auto\/q:mauto\/f:best\/https:\/\/fullsolutions.info\/wp-content\/uploads\/2021\/07\/cropped-Design-sem-nome-300x193-1-e1627062664782.png","contentUrl":"https:\/\/mlhff0prgoxu.i.optimole.com\/cb:s0sM.767\/w:auto\/h:auto\/q:mauto\/f:best\/https:\/\/fullsolutions.info\/wp-content\/uploads\/2021\/07\/cropped-Design-sem-nome-300x193-1-e1627062664782.png","width":202,"height":155,"caption":"Full Solutions"},"image":{"@id":"https:\/\/fullsolutions.info\/#\/schema\/logo\/image\/"},"sameAs":["https:\/\/www.linkedin.com\/company\/full-solutions-equipment"]}]}},"_links":{"self":[{"href":"https:\/\/fullsolutions.info\/en\/wp-json\/wp\/v2\/product\/3590","targetHints":{"allow":["GET"]}}],"collection":[{"href":"https:\/\/fullsolutions.info\/en\/wp-json\/wp\/v2\/product"}],"about":[{"href":"https:\/\/fullsolutions.info\/en\/wp-json\/wp\/v2\/types\/product"}],"replies":[{"embeddable":true,"href":"https:\/\/fullsolutions.info\/en\/wp-json\/wp\/v2\/comments?post=3590"}],"wp:featuredmedia":[{"embeddable":true,"href":"https:\/\/fullsolutions.info\/en\/wp-json\/wp\/v2\/media\/3591"}],"wp:attachment":[{"href":"https:\/\/fullsolutions.info\/en\/wp-json\/wp\/v2\/media?parent=3590"}],"wp:term":[{"taxonomy":"product_brand","embeddable":true,"href":"https:\/\/fullsolutions.info\/en\/wp-json\/wp\/v2\/product_brand?post=3590"},{"taxonomy":"product_cat","embeddable":true,"href":"https:\/\/fullsolutions.info\/en\/wp-json\/wp\/v2\/product_cat?post=3590"},{"taxonomy":"product_tag","embeddable":true,"href":"https:\/\/fullsolutions.info\/en\/wp-json\/wp\/v2\/product_tag?post=3590"},{"taxonomy":"marca","embeddable":true,"href":"https:\/\/fullsolutions.info\/en\/wp-json\/wp\/v2\/marca?post=3590"}],"curies":[{"name":"wp","href":"https:\/\/api.w.org\/{rel}","templated":true}]}}