{"id":3560,"date":"2023-10-31T18:59:26","date_gmt":"2023-10-31T18:59:26","guid":{"rendered":"https:\/\/fullsolutionsequip.com\/?post_type=product&#038;p=3560"},"modified":"2024-02-19T16:16:27","modified_gmt":"2024-02-19T16:16:27","slug":"medc-hd1-detector-de-calor","status":"publish","type":"product","link":"https:\/\/fullsolutions.info\/en\/product\/medc-hd1-detector-de-calor\/","title":{"rendered":"MEDC HD1 Detector de Calor"},"content":{"rendered":"<div class=\"elementor-element elementor-element-b17befe elementor-widget elementor-widget-heading\" data-id=\"b17befe\" data-element_type=\"widget\" data-widget_type=\"heading.default\">\n<div class=\"elementor-widget-container\">\n<h2 class=\"elementor-heading-title elementor-size-default\">Descri\u00e7\u00e3o<\/h2>\n<\/div>\n<\/div>\n<div class=\"elementor-element elementor-element-2dbd9d0 elementor-widget elementor-widget-text-editor\" data-id=\"2dbd9d0\" data-element_type=\"widget\" data-widget_type=\"text-editor.default\">\n<div class=\"elementor-widget-container\">\n<div class=\"elementor-text-editor elementor-clearfix\">\n<p>O detector de calor MEDC foi projetado para uso em ambientes perigosos.\u00a0Essas unidades s\u00e3o adequadas para alarmes de inc\u00eandio e \/ ou sistemas de supress\u00e3o em aplica\u00e7\u00f5es offshore e onshore, incluindo cabines de pintura, dep\u00f3sitos de materiais inflam\u00e1veis, salas de turbinas, dutos de extra\u00e7\u00e3o e outras \u00e1reas perigosas nas ind\u00fastrias de petr\u00f3leo e g\u00e1s, petroqu\u00edmica e de processo.<\/p>\n<p>Composto por um detector de taxa compensada Fenwal com constru\u00e7\u00e3o externa totalmente em a\u00e7o inoxid\u00e1vel, montado em um gabinete de liga de grau mar\u00edtimo SM87 (vers\u00e3o Exd) ou gabinete de GRP livre de corros\u00e3o JB10 (vers\u00f5es Exia, Exem \/ UL).<\/p>\n<p><strong>Recursos<\/strong><\/p>\n<ul>\n<li>Uso da Zona 0, Zona 1 e Zona 2.<\/li>\n<li>Certificado ATEX.\n<ul>\n<li>EExd IIB T3 \/ T6.<\/li>\n<li>Exd IIC T6.<\/li>\n<li>EExem II T4 \/ T6.<\/li>\n<li>Ex ia IIC T4 \/ T6.<\/li>\n<\/ul>\n<\/li>\n<li>Certificado IECEx.<\/li>\n<li>Ex ia IIC T4 \/ T6 Ga.<\/li>\n<li>UL listado para EUA e Canad\u00e1:<\/li>\n<li>Classe I, Div 2, Grupos AD.<\/li>\n<li>Certifica\u00e7\u00e3o CUTR.<\/li>\n<li>Certificado chin\u00eas (CQST)<\/li>\n<li>Certificado brasileiro (Inmetro).<\/li>\n<li>Certificado SIL 2.<\/li>\n<li>IP66 e IP67.<\/li>\n<li>Temperatura certificada:\n<ul>\n<li>\u201320\u00baC a + 125\u00baC (Exd) *.<\/li>\n<li>\u201320\u00baC a + 55\u00baC (Exem \/ UL).<\/li>\n<li>\u201355\u00baC a + 55\u00baC (Exia).<\/li>\n<\/ul>\n<\/li>\n<li>Sonda de a\u00e7o inoxid\u00e1vel.<\/li>\n<li>Configura\u00e7\u00f5es de temperatura do detector: 60\u00baC a 385\u00baC, (140\u00baF a 725\u00baF).<\/li>\n<li>Liga de grau mar\u00edtimo ou gabinete GRP.<\/li>\n<li>Prote\u00e7\u00e3o opcional em a\u00e7o inoxid\u00e1vel.<br \/>\n* Depende do modelo.<\/li>\n<\/ul>\n<\/div>\n<\/div>\n<\/div>","protected":false},"excerpt":{"rendered":"<p>Descri\u00e7\u00e3o O detector de calor MEDC foi projetado para uso em ambientes perigosos.\u00a0Essas unidades s\u00e3o adequadas para alarmes de inc\u00eandio e \/ ou sistemas de supress\u00e3o em aplica\u00e7\u00f5es offshore e onshore, incluindo cabines de pintura, dep\u00f3sitos de materiais inflam\u00e1veis, salas de turbinas, dutos de extra\u00e7\u00e3o e outras \u00e1reas perigosas nas ind\u00fastrias de petr\u00f3leo e g\u00e1s, petroqu\u00edmica e de processo. Composto por um detector de taxa compensada Fenwal com constru\u00e7\u00e3o externa totalmente em a\u00e7o inoxid\u00e1vel, montado em um gabinete de liga de grau mar\u00edtimo SM87 (vers\u00e3o Exd) ou gabinete de GRP livre de corros\u00e3o JB10 (vers\u00f5es Exia, Exem \/ UL). Recursos Uso da Zona 0, Zona 1 e Zona 2. Certificado ATEX. EExd IIB T3 \/ T6. Exd IIC T6. EExem II T4 \/ T6. Ex ia IIC T4 \/ T6. Certificado IECEx. Ex ia IIC T4 \/ T6 Ga. UL listado para EUA e Canad\u00e1: Classe I, Div 2, Grupos AD. Certifica\u00e7\u00e3o CUTR. Certificado chin\u00eas (CQST) Certificado brasileiro (Inmetro). Certificado SIL 2. IP66 e IP67. Temperatura certificada: \u201320\u00baC a + 125\u00baC (Exd) *. \u201320\u00baC a + 55\u00baC (Exem \/ UL). \u201355\u00baC a + 55\u00baC (Exia). Sonda de a\u00e7o inoxid\u00e1vel. Configura\u00e7\u00f5es de temperatura do detector: 60\u00baC a 385\u00baC, (140\u00baF a 725\u00baF). Liga de grau mar\u00edtimo ou gabinete GRP. Prote\u00e7\u00e3o opcional em a\u00e7o inoxid\u00e1vel. * Depende do modelo.<\/p>","protected":false},"featured_media":3576,"comment_status":"open","ping_status":"closed","template":"","meta":{"_joinchat":[]},"product_brand":[],"product_cat":[134],"product_tag":[],"marca":[74],"class_list":{"0":"post-3560","1":"product","2":"type-product","3":"status-publish","4":"has-post-thumbnail","6":"product_cat-controle-e-distribuicao","7":"marca-medc","9":"first","10":"instock","11":"shipping-taxable","12":"purchasable","13":"product-type-simple"},"yoast_head":"<!-- This site is optimized with the Yoast SEO plugin v27.2 - https:\/\/yoast.com\/product\/yoast-seo-wordpress\/ -->\n<title>MEDC HD1 Detector de Calor - Full Solutions<\/title>\n<meta name=\"robots\" content=\"index, follow, max-snippet:-1, max-image-preview:large, max-video-preview:-1\" \/>\n<link rel=\"canonical\" href=\"https:\/\/fullsolutions.info\/en\/product\/medc-hd1-detector-de-calor\/\" \/>\n<meta property=\"og:locale\" content=\"en_US\" \/>\n<meta property=\"og:type\" content=\"article\" \/>\n<meta property=\"og:title\" content=\"MEDC HD1 Detector de Calor - Full Solutions\" \/>\n<meta property=\"og:description\" content=\"Descri\u00e7\u00e3o O detector de calor MEDC foi projetado para uso em ambientes perigosos.\u00a0Essas unidades s\u00e3o adequadas para alarmes de inc\u00eandio e \/ ou sistemas de supress\u00e3o em aplica\u00e7\u00f5es offshore e onshore, incluindo cabines de pintura, dep\u00f3sitos de materiais inflam\u00e1veis, salas de turbinas, dutos de extra\u00e7\u00e3o e outras \u00e1reas perigosas nas ind\u00fastrias de petr\u00f3leo e g\u00e1s, petroqu\u00edmica e de processo. Composto por um detector de taxa compensada Fenwal com constru\u00e7\u00e3o externa totalmente em a\u00e7o inoxid\u00e1vel, montado em um gabinete de liga de grau mar\u00edtimo SM87 (vers\u00e3o Exd) ou gabinete de GRP livre de corros\u00e3o JB10 (vers\u00f5es Exia, Exem \/ UL). Recursos Uso da Zona 0, Zona 1 e Zona 2. Certificado ATEX. EExd IIB T3 \/ T6. Exd IIC T6. EExem II T4 \/ T6. Ex ia IIC T4 \/ T6. Certificado IECEx. Ex ia IIC T4 \/ T6 Ga. UL listado para EUA e Canad\u00e1: Classe I, Div 2, Grupos AD. Certifica\u00e7\u00e3o CUTR. Certificado chin\u00eas (CQST) Certificado brasileiro (Inmetro). Certificado SIL 2. IP66 e IP67. Temperatura certificada: \u201320\u00baC a + 125\u00baC (Exd) *. \u201320\u00baC a + 55\u00baC (Exem \/ UL). \u201355\u00baC a + 55\u00baC (Exia). Sonda de a\u00e7o inoxid\u00e1vel. Configura\u00e7\u00f5es de temperatura do detector: 60\u00baC a 385\u00baC, (140\u00baF a 725\u00baF). Liga de grau mar\u00edtimo ou gabinete GRP. Prote\u00e7\u00e3o opcional em a\u00e7o inoxid\u00e1vel. * Depende do modelo.\" \/>\n<meta property=\"og:url\" content=\"https:\/\/fullsolutions.info\/en\/product\/medc-hd1-detector-de-calor\/\" \/>\n<meta property=\"og:site_name\" content=\"Full Solutions\" \/>\n<meta property=\"article:modified_time\" content=\"2024-02-19T16:16:27+00:00\" \/>\n<meta property=\"og:image\" content=\"https:\/\/mlhff0prgoxu.i.optimole.com\/cb:s0sM.767\/w:auto\/h:auto\/q:mauto\/f:best\/https:\/\/fullsolutions.info\/wp-content\/uploads\/2023\/10\/38.png\" \/>\n\t<meta property=\"og:image:width\" content=\"560\" \/>\n\t<meta property=\"og:image:height\" content=\"315\" \/>\n\t<meta property=\"og:image:type\" content=\"image\/png\" \/>\n<meta name=\"twitter:card\" content=\"summary_large_image\" \/>\n<meta name=\"twitter:label1\" content=\"Est. reading time\" \/>\n\t<meta name=\"twitter:data1\" content=\"1 minute\" \/>\n<script type=\"application\/ld+json\" class=\"yoast-schema-graph\">{\"@context\":\"https:\/\/schema.org\",\"@graph\":[{\"@type\":\"WebPage\",\"@id\":\"https:\/\/fullsolutions.info\/produto\/medc-hd1-detector-de-calor\/\",\"url\":\"https:\/\/fullsolutions.info\/produto\/medc-hd1-detector-de-calor\/\",\"name\":\"MEDC HD1 Detector de Calor - Full Solutions\",\"isPartOf\":{\"@id\":\"https:\/\/fullsolutions.info\/#website\"},\"primaryImageOfPage\":{\"@id\":\"https:\/\/fullsolutions.info\/produto\/medc-hd1-detector-de-calor\/#primaryimage\"},\"image\":{\"@id\":\"https:\/\/fullsolutions.info\/produto\/medc-hd1-detector-de-calor\/#primaryimage\"},\"thumbnailUrl\":\"https:\/\/mlhff0prgoxu.i.optimole.com\/cb:s0sM.767\/w:auto\/h:auto\/q:mauto\/f:best\/https:\/\/fullsolutions.info\/wp-content\/uploads\/2023\/10\/38.png\",\"datePublished\":\"2023-10-31T18:59:26+00:00\",\"dateModified\":\"2024-02-19T16:16:27+00:00\",\"breadcrumb\":{\"@id\":\"https:\/\/fullsolutions.info\/produto\/medc-hd1-detector-de-calor\/#breadcrumb\"},\"inLanguage\":\"en-US\",\"potentialAction\":[{\"@type\":\"ReadAction\",\"target\":[\"https:\/\/fullsolutions.info\/produto\/medc-hd1-detector-de-calor\/\"]}]},{\"@type\":\"ImageObject\",\"inLanguage\":\"en-US\",\"@id\":\"https:\/\/fullsolutions.info\/produto\/medc-hd1-detector-de-calor\/#primaryimage\",\"url\":\"https:\/\/mlhff0prgoxu.i.optimole.com\/cb:s0sM.767\/w:auto\/h:auto\/q:mauto\/f:best\/https:\/\/fullsolutions.info\/wp-content\/uploads\/2023\/10\/38.png\",\"contentUrl\":\"https:\/\/mlhff0prgoxu.i.optimole.com\/cb:s0sM.767\/w:auto\/h:auto\/q:mauto\/f:best\/https:\/\/fullsolutions.info\/wp-content\/uploads\/2023\/10\/38.png\",\"width\":560,\"height\":315},{\"@type\":\"BreadcrumbList\",\"@id\":\"https:\/\/fullsolutions.info\/produto\/medc-hd1-detector-de-calor\/#breadcrumb\",\"itemListElement\":[{\"@type\":\"ListItem\",\"position\":1,\"name\":\"In\u00edcio\",\"item\":\"https:\/\/fullsolutions.info\/\"},{\"@type\":\"ListItem\",\"position\":2,\"name\":\"Produtos\",\"item\":\"https:\/\/fullsolutions.info\/shop\/\"},{\"@type\":\"ListItem\",\"position\":3,\"name\":\"MEDC HD1 Detector de Calor\"}]},{\"@type\":\"WebSite\",\"@id\":\"https:\/\/fullsolutions.info\/#website\",\"url\":\"https:\/\/fullsolutions.info\/\",\"name\":\"Full Solutions\",\"description\":\"Empresa na \u00c1rea de Procurement\",\"publisher\":{\"@id\":\"https:\/\/fullsolutions.info\/#organization\"},\"potentialAction\":[{\"@type\":\"SearchAction\",\"target\":{\"@type\":\"EntryPoint\",\"urlTemplate\":\"https:\/\/fullsolutions.info\/?s={search_term_string}\"},\"query-input\":{\"@type\":\"PropertyValueSpecification\",\"valueRequired\":true,\"valueName\":\"search_term_string\"}}],\"inLanguage\":\"en-US\"},{\"@type\":\"Organization\",\"@id\":\"https:\/\/fullsolutions.info\/#organization\",\"name\":\"Full Solutions\",\"url\":\"https:\/\/fullsolutions.info\/\",\"logo\":{\"@type\":\"ImageObject\",\"inLanguage\":\"en-US\",\"@id\":\"https:\/\/fullsolutions.info\/#\/schema\/logo\/image\/\",\"url\":\"https:\/\/mlhff0prgoxu.i.optimole.com\/cb:s0sM.767\/w:auto\/h:auto\/q:mauto\/f:best\/https:\/\/fullsolutions.info\/wp-content\/uploads\/2021\/07\/cropped-Design-sem-nome-300x193-1-e1627062664782.png\",\"contentUrl\":\"https:\/\/mlhff0prgoxu.i.optimole.com\/cb:s0sM.767\/w:auto\/h:auto\/q:mauto\/f:best\/https:\/\/fullsolutions.info\/wp-content\/uploads\/2021\/07\/cropped-Design-sem-nome-300x193-1-e1627062664782.png\",\"width\":202,\"height\":155,\"caption\":\"Full Solutions\"},\"image\":{\"@id\":\"https:\/\/fullsolutions.info\/#\/schema\/logo\/image\/\"},\"sameAs\":[\"https:\/\/www.linkedin.com\/company\/full-solutions-equipment\"]}]}<\/script>\n<!-- \/ Yoast SEO plugin. -->","yoast_head_json":{"title":"MEDC HD1 Detector de Calor - Full Solutions","robots":{"index":"index","follow":"follow","max-snippet":"max-snippet:-1","max-image-preview":"max-image-preview:large","max-video-preview":"max-video-preview:-1"},"canonical":"https:\/\/fullsolutions.info\/en\/product\/medc-hd1-detector-de-calor\/","og_locale":"en_US","og_type":"article","og_title":"MEDC HD1 Detector de Calor - Full Solutions","og_description":"Descri\u00e7\u00e3o O detector de calor MEDC foi projetado para uso em ambientes perigosos.\u00a0Essas unidades s\u00e3o adequadas para alarmes de inc\u00eandio e \/ ou sistemas de supress\u00e3o em aplica\u00e7\u00f5es offshore e onshore, incluindo cabines de pintura, dep\u00f3sitos de materiais inflam\u00e1veis, salas de turbinas, dutos de extra\u00e7\u00e3o e outras \u00e1reas perigosas nas ind\u00fastrias de petr\u00f3leo e g\u00e1s, petroqu\u00edmica e de processo. Composto por um detector de taxa compensada Fenwal com constru\u00e7\u00e3o externa totalmente em a\u00e7o inoxid\u00e1vel, montado em um gabinete de liga de grau mar\u00edtimo SM87 (vers\u00e3o Exd) ou gabinete de GRP livre de corros\u00e3o JB10 (vers\u00f5es Exia, Exem \/ UL). Recursos Uso da Zona 0, Zona 1 e Zona 2. Certificado ATEX. EExd IIB T3 \/ T6. Exd IIC T6. EExem II T4 \/ T6. Ex ia IIC T4 \/ T6. Certificado IECEx. Ex ia IIC T4 \/ T6 Ga. UL listado para EUA e Canad\u00e1: Classe I, Div 2, Grupos AD. Certifica\u00e7\u00e3o CUTR. Certificado chin\u00eas (CQST) Certificado brasileiro (Inmetro). Certificado SIL 2. IP66 e IP67. Temperatura certificada: \u201320\u00baC a + 125\u00baC (Exd) *. \u201320\u00baC a + 55\u00baC (Exem \/ UL). \u201355\u00baC a + 55\u00baC (Exia). Sonda de a\u00e7o inoxid\u00e1vel. Configura\u00e7\u00f5es de temperatura do detector: 60\u00baC a 385\u00baC, (140\u00baF a 725\u00baF). Liga de grau mar\u00edtimo ou gabinete GRP. Prote\u00e7\u00e3o opcional em a\u00e7o inoxid\u00e1vel. * Depende do modelo.","og_url":"https:\/\/fullsolutions.info\/en\/product\/medc-hd1-detector-de-calor\/","og_site_name":"Full Solutions","article_modified_time":"2024-02-19T16:16:27+00:00","og_image":[{"width":560,"height":315,"url":"https:\/\/mlhff0prgoxu.i.optimole.com\/cb:s0sM.767\/w:auto\/h:auto\/q:mauto\/f:best\/https:\/\/fullsolutions.info\/wp-content\/uploads\/2023\/10\/38.png","type":"image\/png"}],"twitter_card":"summary_large_image","twitter_misc":{"Est. reading time":"1 minute"},"schema":{"@context":"https:\/\/schema.org","@graph":[{"@type":"WebPage","@id":"https:\/\/fullsolutions.info\/produto\/medc-hd1-detector-de-calor\/","url":"https:\/\/fullsolutions.info\/produto\/medc-hd1-detector-de-calor\/","name":"MEDC HD1 Detector de Calor - Full Solutions","isPartOf":{"@id":"https:\/\/fullsolutions.info\/#website"},"primaryImageOfPage":{"@id":"https:\/\/fullsolutions.info\/produto\/medc-hd1-detector-de-calor\/#primaryimage"},"image":{"@id":"https:\/\/fullsolutions.info\/produto\/medc-hd1-detector-de-calor\/#primaryimage"},"thumbnailUrl":"https:\/\/mlhff0prgoxu.i.optimole.com\/cb:s0sM.767\/w:auto\/h:auto\/q:mauto\/f:best\/https:\/\/fullsolutions.info\/wp-content\/uploads\/2023\/10\/38.png","datePublished":"2023-10-31T18:59:26+00:00","dateModified":"2024-02-19T16:16:27+00:00","breadcrumb":{"@id":"https:\/\/fullsolutions.info\/produto\/medc-hd1-detector-de-calor\/#breadcrumb"},"inLanguage":"en-US","potentialAction":[{"@type":"ReadAction","target":["https:\/\/fullsolutions.info\/produto\/medc-hd1-detector-de-calor\/"]}]},{"@type":"ImageObject","inLanguage":"en-US","@id":"https:\/\/fullsolutions.info\/produto\/medc-hd1-detector-de-calor\/#primaryimage","url":"https:\/\/mlhff0prgoxu.i.optimole.com\/cb:s0sM.767\/w:auto\/h:auto\/q:mauto\/f:best\/https:\/\/fullsolutions.info\/wp-content\/uploads\/2023\/10\/38.png","contentUrl":"https:\/\/mlhff0prgoxu.i.optimole.com\/cb:s0sM.767\/w:auto\/h:auto\/q:mauto\/f:best\/https:\/\/fullsolutions.info\/wp-content\/uploads\/2023\/10\/38.png","width":560,"height":315},{"@type":"BreadcrumbList","@id":"https:\/\/fullsolutions.info\/produto\/medc-hd1-detector-de-calor\/#breadcrumb","itemListElement":[{"@type":"ListItem","position":1,"name":"In\u00edcio","item":"https:\/\/fullsolutions.info\/"},{"@type":"ListItem","position":2,"name":"Produtos","item":"https:\/\/fullsolutions.info\/shop\/"},{"@type":"ListItem","position":3,"name":"MEDC HD1 Detector de Calor"}]},{"@type":"WebSite","@id":"https:\/\/fullsolutions.info\/#website","url":"https:\/\/fullsolutions.info\/","name":"Full Solutions","description":"Empresa na \u00c1rea de Procurement","publisher":{"@id":"https:\/\/fullsolutions.info\/#organization"},"potentialAction":[{"@type":"SearchAction","target":{"@type":"EntryPoint","urlTemplate":"https:\/\/fullsolutions.info\/?s={search_term_string}"},"query-input":{"@type":"PropertyValueSpecification","valueRequired":true,"valueName":"search_term_string"}}],"inLanguage":"en-US"},{"@type":"Organization","@id":"https:\/\/fullsolutions.info\/#organization","name":"Full Solutions","url":"https:\/\/fullsolutions.info\/","logo":{"@type":"ImageObject","inLanguage":"en-US","@id":"https:\/\/fullsolutions.info\/#\/schema\/logo\/image\/","url":"https:\/\/mlhff0prgoxu.i.optimole.com\/cb:s0sM.767\/w:auto\/h:auto\/q:mauto\/f:best\/https:\/\/fullsolutions.info\/wp-content\/uploads\/2021\/07\/cropped-Design-sem-nome-300x193-1-e1627062664782.png","contentUrl":"https:\/\/mlhff0prgoxu.i.optimole.com\/cb:s0sM.767\/w:auto\/h:auto\/q:mauto\/f:best\/https:\/\/fullsolutions.info\/wp-content\/uploads\/2021\/07\/cropped-Design-sem-nome-300x193-1-e1627062664782.png","width":202,"height":155,"caption":"Full Solutions"},"image":{"@id":"https:\/\/fullsolutions.info\/#\/schema\/logo\/image\/"},"sameAs":["https:\/\/www.linkedin.com\/company\/full-solutions-equipment"]}]}},"_links":{"self":[{"href":"https:\/\/fullsolutions.info\/en\/wp-json\/wp\/v2\/product\/3560","targetHints":{"allow":["GET"]}}],"collection":[{"href":"https:\/\/fullsolutions.info\/en\/wp-json\/wp\/v2\/product"}],"about":[{"href":"https:\/\/fullsolutions.info\/en\/wp-json\/wp\/v2\/types\/product"}],"replies":[{"embeddable":true,"href":"https:\/\/fullsolutions.info\/en\/wp-json\/wp\/v2\/comments?post=3560"}],"wp:featuredmedia":[{"embeddable":true,"href":"https:\/\/fullsolutions.info\/en\/wp-json\/wp\/v2\/media\/3576"}],"wp:attachment":[{"href":"https:\/\/fullsolutions.info\/en\/wp-json\/wp\/v2\/media?parent=3560"}],"wp:term":[{"taxonomy":"product_brand","embeddable":true,"href":"https:\/\/fullsolutions.info\/en\/wp-json\/wp\/v2\/product_brand?post=3560"},{"taxonomy":"product_cat","embeddable":true,"href":"https:\/\/fullsolutions.info\/en\/wp-json\/wp\/v2\/product_cat?post=3560"},{"taxonomy":"product_tag","embeddable":true,"href":"https:\/\/fullsolutions.info\/en\/wp-json\/wp\/v2\/product_tag?post=3560"},{"taxonomy":"marca","embeddable":true,"href":"https:\/\/fullsolutions.info\/en\/wp-json\/wp\/v2\/marca?post=3560"}],"curies":[{"name":"wp","href":"https:\/\/api.w.org\/{rel}","templated":true}]}}