{"id":3555,"date":"2023-10-31T18:55:54","date_gmt":"2023-10-31T18:55:54","guid":{"rendered":"https:\/\/fullsolutionsequip.com\/?post_type=product&#038;p=3555"},"modified":"2024-02-19T16:16:47","modified_gmt":"2024-02-19T16:16:47","slug":"acionador-de-alarme-manual-medc-bg","status":"publish","type":"product","link":"https:\/\/fullsolutions.info\/en\/product\/acionador-de-alarme-manual-medc-bg\/","title":{"rendered":"Acionador de alarme manual MEDC BG"},"content":{"rendered":"<div class=\"elementor-element elementor-element-b17befe elementor-widget elementor-widget-heading\" data-id=\"b17befe\" data-element_type=\"widget\" data-widget_type=\"heading.default\">\n<div class=\"elementor-widget-container\">\n<h2 class=\"elementor-heading-title elementor-size-default\"><strong style=\"font-size: 16px;\">Descri\u00e7\u00e3o<\/strong><\/h2>\n<\/div>\n<\/div>\n<div class=\"elementor-element elementor-element-2dbd9d0 elementor-widget elementor-widget-text-editor\" data-id=\"2dbd9d0\" data-element_type=\"widget\" data-widget_type=\"text-editor.default\">\n<div class=\"elementor-widget-container\">\n<div class=\"elementor-text-editor elementor-clearfix\">\n<p>Esses bot\u00f5es de alarme manuais foram projetados para uso em locais perigosos e condi\u00e7\u00f5es ambientais adversas.<\/p>\n<p>O vidro quebrado \u00e9 coberto por uma membrana que protege o operador de fragmentos de vidro, o que significa que nenhum martelo \u00e9 necess\u00e1rio para ativar a unidade.\u00a0Um \u201cvidro quebrado\u201d de pl\u00e1stico ou elemento operacional deform\u00e1vel est\u00e1 dispon\u00edvel para substituir o vidro quebrado.\u00a0Assim que o elemento flex\u00edvel for pressionado, ele se dobrar\u00e1, mas n\u00e3o se quebrar\u00e1.\u00a0A unidade \u00e9 reinicializada reposicionando o elemento.<\/p>\n<p><strong>Recursos<\/strong><\/p>\n<ul>\n<li>Certificado ATEX<\/li>\n<li>Certificado IECEx<\/li>\n<li>Certificado UL para Haz locs<\/li>\n<li>Certifica\u00e7\u00e3o UL para Ord locs<\/li>\n<li>TR CU certificado<\/li>\n<li>Certificado CQST<\/li>\n<li>Certificado brasileiro (INMETRO)<\/li>\n<li>Certificado CCOE<\/li>\n<li>Certifica\u00e7\u00e3o chinesa obrigat\u00f3ria para sistemas de inc\u00eandio (CCCF)<\/li>\n<li>IP66 e IP67<\/li>\n<li>Constru\u00e7\u00e3o GRP livre de corros\u00e3o<\/li>\n<li>Certificado SIL 2<\/li>\n<li>Uma variedade de cores dispon\u00edveis<\/li>\n<li>At\u00e9 9 terminais dispon\u00edveis<\/li>\n<li>LED opcional \u2013 indica que a unidade foi operada<\/li>\n<li>Op\u00e7\u00e3o de continuidade de terra para gl\u00e2ndulas de metal<\/li>\n<li>1 ou 2 interruptores de transi\u00e7\u00e3o<\/li>\n<li>Parafusos da tampa cativa<\/li>\n<li>Instala\u00e7\u00e3o de teste operada por chave \u2013 simples, mas segura<\/li>\n<li>Martelo Breakglass dispon\u00edvel<\/li>\n<\/ul>\n<\/div>\n<\/div>\n<\/div>","protected":false},"excerpt":{"rendered":"<p>Descri\u00e7\u00e3o Esses bot\u00f5es de alarme manuais foram projetados para uso em locais perigosos e condi\u00e7\u00f5es ambientais adversas. O vidro quebrado \u00e9 coberto por uma membrana que protege o operador de fragmentos de vidro, o que significa que nenhum martelo \u00e9 necess\u00e1rio para ativar a unidade.\u00a0Um \u201cvidro quebrado\u201d de pl\u00e1stico ou elemento operacional deform\u00e1vel est\u00e1 dispon\u00edvel para substituir o vidro quebrado.\u00a0Assim que o elemento flex\u00edvel for pressionado, ele se dobrar\u00e1, mas n\u00e3o se quebrar\u00e1.\u00a0A unidade \u00e9 reinicializada reposicionando o elemento. Recursos Certificado ATEX Certificado IECEx Certificado UL para Haz locs Certifica\u00e7\u00e3o UL para Ord locs TR CU certificado Certificado CQST Certificado brasileiro (INMETRO) Certificado CCOE Certifica\u00e7\u00e3o chinesa obrigat\u00f3ria para sistemas de inc\u00eandio (CCCF) IP66 e IP67 Constru\u00e7\u00e3o GRP livre de corros\u00e3o Certificado SIL 2 Uma variedade de cores dispon\u00edveis At\u00e9 9 terminais dispon\u00edveis LED opcional \u2013 indica que a unidade foi operada Op\u00e7\u00e3o de continuidade de terra para gl\u00e2ndulas de metal 1 ou 2 interruptores de transi\u00e7\u00e3o Parafusos da tampa cativa Instala\u00e7\u00e3o de teste operada por chave \u2013 simples, mas segura Martelo Breakglass dispon\u00edvel<\/p>","protected":false},"featured_media":3557,"comment_status":"open","ping_status":"closed","template":"","meta":{"_joinchat":[]},"product_brand":[],"product_cat":[132],"product_tag":[],"marca":[74],"class_list":{"0":"post-3555","1":"product","2":"type-product","3":"status-publish","4":"has-post-thumbnail","6":"product_cat-acionador-manual","7":"marca-medc","9":"first","10":"instock","11":"shipping-taxable","12":"purchasable","13":"product-type-simple"},"yoast_head":"<!-- This site is optimized with the Yoast SEO plugin v27.2 - https:\/\/yoast.com\/product\/yoast-seo-wordpress\/ -->\n<title>Acionador de alarme manual MEDC BG - Full Solutions<\/title>\n<meta name=\"robots\" content=\"index, follow, max-snippet:-1, max-image-preview:large, max-video-preview:-1\" \/>\n<link rel=\"canonical\" href=\"https:\/\/fullsolutions.info\/en\/product\/acionador-de-alarme-manual-medc-bg\/\" \/>\n<meta property=\"og:locale\" content=\"en_US\" \/>\n<meta property=\"og:type\" content=\"article\" \/>\n<meta property=\"og:title\" content=\"Acionador de alarme manual MEDC BG - Full Solutions\" \/>\n<meta property=\"og:description\" content=\"Descri\u00e7\u00e3o Esses bot\u00f5es de alarme manuais foram projetados para uso em locais perigosos e condi\u00e7\u00f5es ambientais adversas. O vidro quebrado \u00e9 coberto por uma membrana que protege o operador de fragmentos de vidro, o que significa que nenhum martelo \u00e9 necess\u00e1rio para ativar a unidade.\u00a0Um \u201cvidro quebrado\u201d de pl\u00e1stico ou elemento operacional deform\u00e1vel est\u00e1 dispon\u00edvel para substituir o vidro quebrado.\u00a0Assim que o elemento flex\u00edvel for pressionado, ele se dobrar\u00e1, mas n\u00e3o se quebrar\u00e1.\u00a0A unidade \u00e9 reinicializada reposicionando o elemento. Recursos Certificado ATEX Certificado IECEx Certificado UL para Haz locs Certifica\u00e7\u00e3o UL para Ord locs TR CU certificado Certificado CQST Certificado brasileiro (INMETRO) Certificado CCOE Certifica\u00e7\u00e3o chinesa obrigat\u00f3ria para sistemas de inc\u00eandio (CCCF) IP66 e IP67 Constru\u00e7\u00e3o GRP livre de corros\u00e3o Certificado SIL 2 Uma variedade de cores dispon\u00edveis At\u00e9 9 terminais dispon\u00edveis LED opcional \u2013 indica que a unidade foi operada Op\u00e7\u00e3o de continuidade de terra para gl\u00e2ndulas de metal 1 ou 2 interruptores de transi\u00e7\u00e3o Parafusos da tampa cativa Instala\u00e7\u00e3o de teste operada por chave \u2013 simples, mas segura Martelo Breakglass dispon\u00edvel\" \/>\n<meta property=\"og:url\" content=\"https:\/\/fullsolutions.info\/en\/product\/acionador-de-alarme-manual-medc-bg\/\" \/>\n<meta property=\"og:site_name\" content=\"Full Solutions\" \/>\n<meta property=\"article:modified_time\" content=\"2024-02-19T16:16:47+00:00\" \/>\n<meta property=\"og:image\" content=\"https:\/\/mlhff0prgoxu.i.optimole.com\/cb:s0sM.767\/w:auto\/h:auto\/q:mauto\/f:best\/https:\/\/fullsolutions.info\/wp-content\/uploads\/2023\/10\/7.png\" \/>\n\t<meta property=\"og:image:width\" content=\"560\" \/>\n\t<meta property=\"og:image:height\" content=\"315\" \/>\n\t<meta property=\"og:image:type\" content=\"image\/png\" \/>\n<meta name=\"twitter:card\" content=\"summary_large_image\" \/>\n<meta name=\"twitter:label1\" content=\"Est. reading time\" \/>\n\t<meta name=\"twitter:data1\" content=\"1 minute\" \/>\n<script type=\"application\/ld+json\" class=\"yoast-schema-graph\">{\"@context\":\"https:\/\/schema.org\",\"@graph\":[{\"@type\":\"WebPage\",\"@id\":\"https:\/\/fullsolutions.info\/produto\/acionador-de-alarme-manual-medc-bg\/\",\"url\":\"https:\/\/fullsolutions.info\/produto\/acionador-de-alarme-manual-medc-bg\/\",\"name\":\"Acionador de alarme manual MEDC BG - Full Solutions\",\"isPartOf\":{\"@id\":\"https:\/\/fullsolutions.info\/#website\"},\"primaryImageOfPage\":{\"@id\":\"https:\/\/fullsolutions.info\/produto\/acionador-de-alarme-manual-medc-bg\/#primaryimage\"},\"image\":{\"@id\":\"https:\/\/fullsolutions.info\/produto\/acionador-de-alarme-manual-medc-bg\/#primaryimage\"},\"thumbnailUrl\":\"https:\/\/mlhff0prgoxu.i.optimole.com\/cb:s0sM.767\/w:auto\/h:auto\/q:mauto\/f:best\/https:\/\/fullsolutions.info\/wp-content\/uploads\/2023\/10\/7.png\",\"datePublished\":\"2023-10-31T18:55:54+00:00\",\"dateModified\":\"2024-02-19T16:16:47+00:00\",\"breadcrumb\":{\"@id\":\"https:\/\/fullsolutions.info\/produto\/acionador-de-alarme-manual-medc-bg\/#breadcrumb\"},\"inLanguage\":\"en-US\",\"potentialAction\":[{\"@type\":\"ReadAction\",\"target\":[\"https:\/\/fullsolutions.info\/produto\/acionador-de-alarme-manual-medc-bg\/\"]}]},{\"@type\":\"ImageObject\",\"inLanguage\":\"en-US\",\"@id\":\"https:\/\/fullsolutions.info\/produto\/acionador-de-alarme-manual-medc-bg\/#primaryimage\",\"url\":\"https:\/\/mlhff0prgoxu.i.optimole.com\/cb:s0sM.767\/w:auto\/h:auto\/q:mauto\/f:best\/https:\/\/fullsolutions.info\/wp-content\/uploads\/2023\/10\/7.png\",\"contentUrl\":\"https:\/\/mlhff0prgoxu.i.optimole.com\/cb:s0sM.767\/w:auto\/h:auto\/q:mauto\/f:best\/https:\/\/fullsolutions.info\/wp-content\/uploads\/2023\/10\/7.png\",\"width\":560,\"height\":315},{\"@type\":\"BreadcrumbList\",\"@id\":\"https:\/\/fullsolutions.info\/produto\/acionador-de-alarme-manual-medc-bg\/#breadcrumb\",\"itemListElement\":[{\"@type\":\"ListItem\",\"position\":1,\"name\":\"In\u00edcio\",\"item\":\"https:\/\/fullsolutions.info\/\"},{\"@type\":\"ListItem\",\"position\":2,\"name\":\"Produtos\",\"item\":\"https:\/\/fullsolutions.info\/shop\/\"},{\"@type\":\"ListItem\",\"position\":3,\"name\":\"Acionador de alarme manual MEDC BG\"}]},{\"@type\":\"WebSite\",\"@id\":\"https:\/\/fullsolutions.info\/#website\",\"url\":\"https:\/\/fullsolutions.info\/\",\"name\":\"Full Solutions\",\"description\":\"Empresa na \u00c1rea de Procurement\",\"publisher\":{\"@id\":\"https:\/\/fullsolutions.info\/#organization\"},\"potentialAction\":[{\"@type\":\"SearchAction\",\"target\":{\"@type\":\"EntryPoint\",\"urlTemplate\":\"https:\/\/fullsolutions.info\/?s={search_term_string}\"},\"query-input\":{\"@type\":\"PropertyValueSpecification\",\"valueRequired\":true,\"valueName\":\"search_term_string\"}}],\"inLanguage\":\"en-US\"},{\"@type\":\"Organization\",\"@id\":\"https:\/\/fullsolutions.info\/#organization\",\"name\":\"Full Solutions\",\"url\":\"https:\/\/fullsolutions.info\/\",\"logo\":{\"@type\":\"ImageObject\",\"inLanguage\":\"en-US\",\"@id\":\"https:\/\/fullsolutions.info\/#\/schema\/logo\/image\/\",\"url\":\"https:\/\/mlhff0prgoxu.i.optimole.com\/cb:s0sM.767\/w:auto\/h:auto\/q:mauto\/f:best\/https:\/\/fullsolutions.info\/wp-content\/uploads\/2021\/07\/cropped-Design-sem-nome-300x193-1-e1627062664782.png\",\"contentUrl\":\"https:\/\/mlhff0prgoxu.i.optimole.com\/cb:s0sM.767\/w:auto\/h:auto\/q:mauto\/f:best\/https:\/\/fullsolutions.info\/wp-content\/uploads\/2021\/07\/cropped-Design-sem-nome-300x193-1-e1627062664782.png\",\"width\":202,\"height\":155,\"caption\":\"Full Solutions\"},\"image\":{\"@id\":\"https:\/\/fullsolutions.info\/#\/schema\/logo\/image\/\"},\"sameAs\":[\"https:\/\/www.linkedin.com\/company\/full-solutions-equipment\"]}]}<\/script>\n<!-- \/ Yoast SEO plugin. -->","yoast_head_json":{"title":"Acionador de alarme manual MEDC BG - Full Solutions","robots":{"index":"index","follow":"follow","max-snippet":"max-snippet:-1","max-image-preview":"max-image-preview:large","max-video-preview":"max-video-preview:-1"},"canonical":"https:\/\/fullsolutions.info\/en\/product\/acionador-de-alarme-manual-medc-bg\/","og_locale":"en_US","og_type":"article","og_title":"Acionador de alarme manual MEDC BG - Full Solutions","og_description":"Descri\u00e7\u00e3o Esses bot\u00f5es de alarme manuais foram projetados para uso em locais perigosos e condi\u00e7\u00f5es ambientais adversas. O vidro quebrado \u00e9 coberto por uma membrana que protege o operador de fragmentos de vidro, o que significa que nenhum martelo \u00e9 necess\u00e1rio para ativar a unidade.\u00a0Um \u201cvidro quebrado\u201d de pl\u00e1stico ou elemento operacional deform\u00e1vel est\u00e1 dispon\u00edvel para substituir o vidro quebrado.\u00a0Assim que o elemento flex\u00edvel for pressionado, ele se dobrar\u00e1, mas n\u00e3o se quebrar\u00e1.\u00a0A unidade \u00e9 reinicializada reposicionando o elemento. Recursos Certificado ATEX Certificado IECEx Certificado UL para Haz locs Certifica\u00e7\u00e3o UL para Ord locs TR CU certificado Certificado CQST Certificado brasileiro (INMETRO) Certificado CCOE Certifica\u00e7\u00e3o chinesa obrigat\u00f3ria para sistemas de inc\u00eandio (CCCF) IP66 e IP67 Constru\u00e7\u00e3o GRP livre de corros\u00e3o Certificado SIL 2 Uma variedade de cores dispon\u00edveis At\u00e9 9 terminais dispon\u00edveis LED opcional \u2013 indica que a unidade foi operada Op\u00e7\u00e3o de continuidade de terra para gl\u00e2ndulas de metal 1 ou 2 interruptores de transi\u00e7\u00e3o Parafusos da tampa cativa Instala\u00e7\u00e3o de teste operada por chave \u2013 simples, mas segura Martelo Breakglass dispon\u00edvel","og_url":"https:\/\/fullsolutions.info\/en\/product\/acionador-de-alarme-manual-medc-bg\/","og_site_name":"Full Solutions","article_modified_time":"2024-02-19T16:16:47+00:00","og_image":[{"width":560,"height":315,"url":"https:\/\/mlhff0prgoxu.i.optimole.com\/cb:s0sM.767\/w:auto\/h:auto\/q:mauto\/f:best\/https:\/\/fullsolutions.info\/wp-content\/uploads\/2023\/10\/7.png","type":"image\/png"}],"twitter_card":"summary_large_image","twitter_misc":{"Est. reading time":"1 minute"},"schema":{"@context":"https:\/\/schema.org","@graph":[{"@type":"WebPage","@id":"https:\/\/fullsolutions.info\/produto\/acionador-de-alarme-manual-medc-bg\/","url":"https:\/\/fullsolutions.info\/produto\/acionador-de-alarme-manual-medc-bg\/","name":"Acionador de alarme manual MEDC BG - Full Solutions","isPartOf":{"@id":"https:\/\/fullsolutions.info\/#website"},"primaryImageOfPage":{"@id":"https:\/\/fullsolutions.info\/produto\/acionador-de-alarme-manual-medc-bg\/#primaryimage"},"image":{"@id":"https:\/\/fullsolutions.info\/produto\/acionador-de-alarme-manual-medc-bg\/#primaryimage"},"thumbnailUrl":"https:\/\/mlhff0prgoxu.i.optimole.com\/cb:s0sM.767\/w:auto\/h:auto\/q:mauto\/f:best\/https:\/\/fullsolutions.info\/wp-content\/uploads\/2023\/10\/7.png","datePublished":"2023-10-31T18:55:54+00:00","dateModified":"2024-02-19T16:16:47+00:00","breadcrumb":{"@id":"https:\/\/fullsolutions.info\/produto\/acionador-de-alarme-manual-medc-bg\/#breadcrumb"},"inLanguage":"en-US","potentialAction":[{"@type":"ReadAction","target":["https:\/\/fullsolutions.info\/produto\/acionador-de-alarme-manual-medc-bg\/"]}]},{"@type":"ImageObject","inLanguage":"en-US","@id":"https:\/\/fullsolutions.info\/produto\/acionador-de-alarme-manual-medc-bg\/#primaryimage","url":"https:\/\/mlhff0prgoxu.i.optimole.com\/cb:s0sM.767\/w:auto\/h:auto\/q:mauto\/f:best\/https:\/\/fullsolutions.info\/wp-content\/uploads\/2023\/10\/7.png","contentUrl":"https:\/\/mlhff0prgoxu.i.optimole.com\/cb:s0sM.767\/w:auto\/h:auto\/q:mauto\/f:best\/https:\/\/fullsolutions.info\/wp-content\/uploads\/2023\/10\/7.png","width":560,"height":315},{"@type":"BreadcrumbList","@id":"https:\/\/fullsolutions.info\/produto\/acionador-de-alarme-manual-medc-bg\/#breadcrumb","itemListElement":[{"@type":"ListItem","position":1,"name":"In\u00edcio","item":"https:\/\/fullsolutions.info\/"},{"@type":"ListItem","position":2,"name":"Produtos","item":"https:\/\/fullsolutions.info\/shop\/"},{"@type":"ListItem","position":3,"name":"Acionador de alarme manual MEDC BG"}]},{"@type":"WebSite","@id":"https:\/\/fullsolutions.info\/#website","url":"https:\/\/fullsolutions.info\/","name":"Full Solutions","description":"Empresa na \u00c1rea de Procurement","publisher":{"@id":"https:\/\/fullsolutions.info\/#organization"},"potentialAction":[{"@type":"SearchAction","target":{"@type":"EntryPoint","urlTemplate":"https:\/\/fullsolutions.info\/?s={search_term_string}"},"query-input":{"@type":"PropertyValueSpecification","valueRequired":true,"valueName":"search_term_string"}}],"inLanguage":"en-US"},{"@type":"Organization","@id":"https:\/\/fullsolutions.info\/#organization","name":"Full Solutions","url":"https:\/\/fullsolutions.info\/","logo":{"@type":"ImageObject","inLanguage":"en-US","@id":"https:\/\/fullsolutions.info\/#\/schema\/logo\/image\/","url":"https:\/\/mlhff0prgoxu.i.optimole.com\/cb:s0sM.767\/w:auto\/h:auto\/q:mauto\/f:best\/https:\/\/fullsolutions.info\/wp-content\/uploads\/2021\/07\/cropped-Design-sem-nome-300x193-1-e1627062664782.png","contentUrl":"https:\/\/mlhff0prgoxu.i.optimole.com\/cb:s0sM.767\/w:auto\/h:auto\/q:mauto\/f:best\/https:\/\/fullsolutions.info\/wp-content\/uploads\/2021\/07\/cropped-Design-sem-nome-300x193-1-e1627062664782.png","width":202,"height":155,"caption":"Full Solutions"},"image":{"@id":"https:\/\/fullsolutions.info\/#\/schema\/logo\/image\/"},"sameAs":["https:\/\/www.linkedin.com\/company\/full-solutions-equipment"]}]}},"_links":{"self":[{"href":"https:\/\/fullsolutions.info\/en\/wp-json\/wp\/v2\/product\/3555","targetHints":{"allow":["GET"]}}],"collection":[{"href":"https:\/\/fullsolutions.info\/en\/wp-json\/wp\/v2\/product"}],"about":[{"href":"https:\/\/fullsolutions.info\/en\/wp-json\/wp\/v2\/types\/product"}],"replies":[{"embeddable":true,"href":"https:\/\/fullsolutions.info\/en\/wp-json\/wp\/v2\/comments?post=3555"}],"wp:featuredmedia":[{"embeddable":true,"href":"https:\/\/fullsolutions.info\/en\/wp-json\/wp\/v2\/media\/3557"}],"wp:attachment":[{"href":"https:\/\/fullsolutions.info\/en\/wp-json\/wp\/v2\/media?parent=3555"}],"wp:term":[{"taxonomy":"product_brand","embeddable":true,"href":"https:\/\/fullsolutions.info\/en\/wp-json\/wp\/v2\/product_brand?post=3555"},{"taxonomy":"product_cat","embeddable":true,"href":"https:\/\/fullsolutions.info\/en\/wp-json\/wp\/v2\/product_cat?post=3555"},{"taxonomy":"product_tag","embeddable":true,"href":"https:\/\/fullsolutions.info\/en\/wp-json\/wp\/v2\/product_tag?post=3555"},{"taxonomy":"marca","embeddable":true,"href":"https:\/\/fullsolutions.info\/en\/wp-json\/wp\/v2\/marca?post=3555"}],"curies":[{"name":"wp","href":"https:\/\/api.w.org\/{rel}","templated":true}]}}