{"id":3554,"date":"2023-10-31T18:53:24","date_gmt":"2023-10-31T18:53:24","guid":{"rendered":"https:\/\/fullsolutionsequip.com\/?post_type=product&#038;p=3554"},"modified":"2024-02-19T16:16:47","modified_gmt":"2024-02-19T16:16:47","slug":"alto-falante-medc-db18","status":"publish","type":"product","link":"https:\/\/fullsolutions.info\/en\/product\/alto-falante-medc-db18\/","title":{"rendered":"Alto-falante MEDC DB18"},"content":{"rendered":"<div class=\"elementor-element elementor-element-b17befe elementor-widget elementor-widget-heading\" data-id=\"b17befe\" data-element_type=\"widget\" data-widget_type=\"heading.default\">\n<div class=\"elementor-widget-container\">\n<p class=\"elementor-heading-title elementor-size-default\"><strong>Descri\u00e7\u00e3o<\/strong><\/p>\n<\/div>\n<\/div>\n<div class=\"elementor-element elementor-element-2dbd9d0 elementor-widget elementor-widget-text-editor\" data-id=\"2dbd9d0\" data-element_type=\"widget\" data-widget_type=\"text-editor.default\">\n<div class=\"elementor-widget-container\">\n<div class=\"elementor-text-editor elementor-clearfix\">\n<p>\u00c0 prova de explos\u00e3o para \u00e1reas perigosas.<\/p>\n<p>Esta linha de alto-falantes, destinada ao uso em atmosferas potencialmente explosivas, tem uma classifica\u00e7\u00e3o de pot\u00eancia de at\u00e9 8 Watts e \u00e9 adequada para uso em condi\u00e7\u00f5es ambientais adversas encontradas offshore e onshore nas ind\u00fastrias de petr\u00f3leo, g\u00e1s e petroqu\u00edmica.<\/p>\n<p>O corpo e a tampa s\u00e3o fabricados em poli\u00e9ster refor\u00e7ado com vidro est\u00e1vel aos raios ultravioleta.\u00a0O flare \u00e9 fabricado em ABS est\u00e1vel aos raios ultravioleta.<\/p>\n<p>Parafusos de a\u00e7o inoxid\u00e1vel e estribo de montagem s\u00e3o incorporados para garantir um produto livre de corros\u00e3o.<\/p>\n<p><strong>Recursos<\/strong><\/p>\n<ul>\n<li>Zona 1 e 2 (e Zona 21 e 22: vers\u00e3o IIC) mais uso n\u00e3o Ex.<\/li>\n<li>ATEX aprovado.<\/li>\n<li>Ex II 2G Ex de IIB T3 \/ T4.<\/li>\n<li>Dispon\u00edvel vers\u00e3o IIC Gas Group e Dust aprovada.<\/li>\n<li>Certificado brasileiro (Inmetro).<\/li>\n<li>Certifica\u00e7\u00e3o CUTR.<\/li>\n<li>IECEx aprovado.<\/li>\n<li>IP66 e IP67.<\/li>\n<li>Temperatura certificada: \u201350\u00baC a + 70\u00baC *.<\/li>\n<li>Caminho da chama livre de corros\u00e3o GRP.<\/li>\n<li>112dB (A) a 8 watts a 1 metro (vers\u00e3o IIB).<\/li>\n<li>Deriva\u00e7\u00f5es de energia via transformador integral.<\/li>\n<li>Estribo de montagem girat\u00f3rio com catraca.<\/li>\n<li>Acess\u00f3rios de a\u00e7o inoxid\u00e1vel.<\/li>\n<li>Linha 100V ou 70V e vers\u00f5es 8\u03a9 dispon\u00edveis.<\/li>\n<li>Continuidade da terra dispon\u00edvel.<\/li>\n<li>Op\u00e7\u00e3o de 8 terminais para facilitar a fia\u00e7\u00e3o \u2018loop in e loop out\u2019.<br \/>\n* A classe de temperatura est\u00e1 relacionada \u00e0 temperatura ambiente<\/li>\n<\/ul>\n<\/div>\n<\/div>\n<\/div>","protected":false},"excerpt":{"rendered":"<p>Descri\u00e7\u00e3o \u00c0 prova de explos\u00e3o para \u00e1reas perigosas. Esta linha de alto-falantes, destinada ao uso em atmosferas potencialmente explosivas, tem uma classifica\u00e7\u00e3o de pot\u00eancia de at\u00e9 8 Watts e \u00e9 adequada para uso em condi\u00e7\u00f5es ambientais adversas encontradas offshore e onshore nas ind\u00fastrias de petr\u00f3leo, g\u00e1s e petroqu\u00edmica. O corpo e a tampa s\u00e3o fabricados em poli\u00e9ster refor\u00e7ado com vidro est\u00e1vel aos raios ultravioleta.\u00a0O flare \u00e9 fabricado em ABS est\u00e1vel aos raios ultravioleta. Parafusos de a\u00e7o inoxid\u00e1vel e estribo de montagem s\u00e3o incorporados para garantir um produto livre de corros\u00e3o. Recursos Zona 1 e 2 (e Zona 21 e 22: vers\u00e3o IIC) mais uso n\u00e3o Ex. ATEX aprovado. Ex II 2G Ex de IIB T3 \/ T4. Dispon\u00edvel vers\u00e3o IIC Gas Group e Dust aprovada. Certificado brasileiro (Inmetro). Certifica\u00e7\u00e3o CUTR. IECEx aprovado. IP66 e IP67. Temperatura certificada: \u201350\u00baC a + 70\u00baC *. Caminho da chama livre de corros\u00e3o GRP. 112dB (A) a 8 watts a 1 metro (vers\u00e3o IIB). Deriva\u00e7\u00f5es de energia via transformador integral. Estribo de montagem girat\u00f3rio com catraca. Acess\u00f3rios de a\u00e7o inoxid\u00e1vel. Linha 100V ou 70V e vers\u00f5es 8\u03a9 dispon\u00edveis. Continuidade da terra dispon\u00edvel. Op\u00e7\u00e3o de 8 terminais para facilitar a fia\u00e7\u00e3o \u2018loop in e loop out\u2019. * A classe de temperatura est\u00e1 relacionada \u00e0 temperatura ambiente<\/p>","protected":false},"featured_media":3556,"comment_status":"open","ping_status":"closed","template":"","meta":{"_joinchat":[]},"product_brand":[],"product_cat":[133],"product_tag":[],"marca":[74],"class_list":{"0":"post-3554","1":"product","2":"type-product","3":"status-publish","4":"has-post-thumbnail","6":"product_cat-alto-falantes","7":"marca-medc","9":"first","10":"instock","11":"shipping-taxable","12":"purchasable","13":"product-type-simple"},"yoast_head":"<!-- This site is optimized with the Yoast SEO plugin v27.2 - https:\/\/yoast.com\/product\/yoast-seo-wordpress\/ -->\n<title>Alto-falante MEDC DB18 - Full Solutions<\/title>\n<meta name=\"robots\" content=\"index, follow, max-snippet:-1, max-image-preview:large, max-video-preview:-1\" \/>\n<link rel=\"canonical\" href=\"https:\/\/fullsolutions.info\/en\/product\/alto-falante-medc-db18\/\" \/>\n<meta property=\"og:locale\" content=\"en_US\" \/>\n<meta property=\"og:type\" content=\"article\" \/>\n<meta property=\"og:title\" content=\"Alto-falante MEDC DB18 - Full Solutions\" \/>\n<meta property=\"og:description\" content=\"Descri\u00e7\u00e3o \u00c0 prova de explos\u00e3o para \u00e1reas perigosas. Esta linha de alto-falantes, destinada ao uso em atmosferas potencialmente explosivas, tem uma classifica\u00e7\u00e3o de pot\u00eancia de at\u00e9 8 Watts e \u00e9 adequada para uso em condi\u00e7\u00f5es ambientais adversas encontradas offshore e onshore nas ind\u00fastrias de petr\u00f3leo, g\u00e1s e petroqu\u00edmica. O corpo e a tampa s\u00e3o fabricados em poli\u00e9ster refor\u00e7ado com vidro est\u00e1vel aos raios ultravioleta.\u00a0O flare \u00e9 fabricado em ABS est\u00e1vel aos raios ultravioleta. Parafusos de a\u00e7o inoxid\u00e1vel e estribo de montagem s\u00e3o incorporados para garantir um produto livre de corros\u00e3o. Recursos Zona 1 e 2 (e Zona 21 e 22: vers\u00e3o IIC) mais uso n\u00e3o Ex. ATEX aprovado. Ex II 2G Ex de IIB T3 \/ T4. Dispon\u00edvel vers\u00e3o IIC Gas Group e Dust aprovada. Certificado brasileiro (Inmetro). Certifica\u00e7\u00e3o CUTR. IECEx aprovado. IP66 e IP67. Temperatura certificada: \u201350\u00baC a + 70\u00baC *. Caminho da chama livre de corros\u00e3o GRP. 112dB (A) a 8 watts a 1 metro (vers\u00e3o IIB). Deriva\u00e7\u00f5es de energia via transformador integral. Estribo de montagem girat\u00f3rio com catraca. Acess\u00f3rios de a\u00e7o inoxid\u00e1vel. Linha 100V ou 70V e vers\u00f5es 8\u03a9 dispon\u00edveis. Continuidade da terra dispon\u00edvel. Op\u00e7\u00e3o de 8 terminais para facilitar a fia\u00e7\u00e3o \u2018loop in e loop out\u2019. * A classe de temperatura est\u00e1 relacionada \u00e0 temperatura ambiente\" \/>\n<meta property=\"og:url\" content=\"https:\/\/fullsolutions.info\/en\/product\/alto-falante-medc-db18\/\" \/>\n<meta property=\"og:site_name\" content=\"Full Solutions\" \/>\n<meta property=\"article:modified_time\" content=\"2024-02-19T16:16:47+00:00\" \/>\n<meta property=\"og:image\" content=\"https:\/\/mlhff0prgoxu.i.optimole.com\/cb:s0sM.767\/w:auto\/h:auto\/q:mauto\/f:best\/https:\/\/fullsolutions.info\/wp-content\/uploads\/2023\/10\/48-min-1.png\" \/>\n\t<meta property=\"og:image:width\" content=\"560\" \/>\n\t<meta property=\"og:image:height\" content=\"315\" \/>\n\t<meta property=\"og:image:type\" content=\"image\/png\" \/>\n<meta name=\"twitter:card\" content=\"summary_large_image\" \/>\n<meta name=\"twitter:label1\" content=\"Est. reading time\" \/>\n\t<meta name=\"twitter:data1\" content=\"1 minute\" \/>\n<script type=\"application\/ld+json\" class=\"yoast-schema-graph\">{\"@context\":\"https:\/\/schema.org\",\"@graph\":[{\"@type\":\"WebPage\",\"@id\":\"https:\/\/fullsolutions.info\/produto\/alto-falante-medc-db18\/\",\"url\":\"https:\/\/fullsolutions.info\/produto\/alto-falante-medc-db18\/\",\"name\":\"Alto-falante MEDC DB18 - Full Solutions\",\"isPartOf\":{\"@id\":\"https:\/\/fullsolutions.info\/#website\"},\"primaryImageOfPage\":{\"@id\":\"https:\/\/fullsolutions.info\/produto\/alto-falante-medc-db18\/#primaryimage\"},\"image\":{\"@id\":\"https:\/\/fullsolutions.info\/produto\/alto-falante-medc-db18\/#primaryimage\"},\"thumbnailUrl\":\"https:\/\/mlhff0prgoxu.i.optimole.com\/cb:s0sM.767\/w:auto\/h:auto\/q:mauto\/f:best\/https:\/\/fullsolutions.info\/wp-content\/uploads\/2023\/10\/48-min-1.png\",\"datePublished\":\"2023-10-31T18:53:24+00:00\",\"dateModified\":\"2024-02-19T16:16:47+00:00\",\"breadcrumb\":{\"@id\":\"https:\/\/fullsolutions.info\/produto\/alto-falante-medc-db18\/#breadcrumb\"},\"inLanguage\":\"en-US\",\"potentialAction\":[{\"@type\":\"ReadAction\",\"target\":[\"https:\/\/fullsolutions.info\/produto\/alto-falante-medc-db18\/\"]}]},{\"@type\":\"ImageObject\",\"inLanguage\":\"en-US\",\"@id\":\"https:\/\/fullsolutions.info\/produto\/alto-falante-medc-db18\/#primaryimage\",\"url\":\"https:\/\/mlhff0prgoxu.i.optimole.com\/cb:s0sM.767\/w:auto\/h:auto\/q:mauto\/f:best\/https:\/\/fullsolutions.info\/wp-content\/uploads\/2023\/10\/48-min-1.png\",\"contentUrl\":\"https:\/\/mlhff0prgoxu.i.optimole.com\/cb:s0sM.767\/w:auto\/h:auto\/q:mauto\/f:best\/https:\/\/fullsolutions.info\/wp-content\/uploads\/2023\/10\/48-min-1.png\",\"width\":560,\"height\":315},{\"@type\":\"BreadcrumbList\",\"@id\":\"https:\/\/fullsolutions.info\/produto\/alto-falante-medc-db18\/#breadcrumb\",\"itemListElement\":[{\"@type\":\"ListItem\",\"position\":1,\"name\":\"In\u00edcio\",\"item\":\"https:\/\/fullsolutions.info\/\"},{\"@type\":\"ListItem\",\"position\":2,\"name\":\"Produtos\",\"item\":\"https:\/\/fullsolutions.info\/shop\/\"},{\"@type\":\"ListItem\",\"position\":3,\"name\":\"Alto-falante MEDC DB18\"}]},{\"@type\":\"WebSite\",\"@id\":\"https:\/\/fullsolutions.info\/#website\",\"url\":\"https:\/\/fullsolutions.info\/\",\"name\":\"Full Solutions\",\"description\":\"Empresa na \u00c1rea de Procurement\",\"publisher\":{\"@id\":\"https:\/\/fullsolutions.info\/#organization\"},\"potentialAction\":[{\"@type\":\"SearchAction\",\"target\":{\"@type\":\"EntryPoint\",\"urlTemplate\":\"https:\/\/fullsolutions.info\/?s={search_term_string}\"},\"query-input\":{\"@type\":\"PropertyValueSpecification\",\"valueRequired\":true,\"valueName\":\"search_term_string\"}}],\"inLanguage\":\"en-US\"},{\"@type\":\"Organization\",\"@id\":\"https:\/\/fullsolutions.info\/#organization\",\"name\":\"Full Solutions\",\"url\":\"https:\/\/fullsolutions.info\/\",\"logo\":{\"@type\":\"ImageObject\",\"inLanguage\":\"en-US\",\"@id\":\"https:\/\/fullsolutions.info\/#\/schema\/logo\/image\/\",\"url\":\"https:\/\/mlhff0prgoxu.i.optimole.com\/cb:s0sM.767\/w:auto\/h:auto\/q:mauto\/f:best\/https:\/\/fullsolutions.info\/wp-content\/uploads\/2021\/07\/cropped-Design-sem-nome-300x193-1-e1627062664782.png\",\"contentUrl\":\"https:\/\/mlhff0prgoxu.i.optimole.com\/cb:s0sM.767\/w:auto\/h:auto\/q:mauto\/f:best\/https:\/\/fullsolutions.info\/wp-content\/uploads\/2021\/07\/cropped-Design-sem-nome-300x193-1-e1627062664782.png\",\"width\":202,\"height\":155,\"caption\":\"Full Solutions\"},\"image\":{\"@id\":\"https:\/\/fullsolutions.info\/#\/schema\/logo\/image\/\"},\"sameAs\":[\"https:\/\/www.linkedin.com\/company\/full-solutions-equipment\"]}]}<\/script>\n<!-- \/ Yoast SEO plugin. -->","yoast_head_json":{"title":"Alto-falante MEDC DB18 - Full Solutions","robots":{"index":"index","follow":"follow","max-snippet":"max-snippet:-1","max-image-preview":"max-image-preview:large","max-video-preview":"max-video-preview:-1"},"canonical":"https:\/\/fullsolutions.info\/en\/product\/alto-falante-medc-db18\/","og_locale":"en_US","og_type":"article","og_title":"Alto-falante MEDC DB18 - Full Solutions","og_description":"Descri\u00e7\u00e3o \u00c0 prova de explos\u00e3o para \u00e1reas perigosas. Esta linha de alto-falantes, destinada ao uso em atmosferas potencialmente explosivas, tem uma classifica\u00e7\u00e3o de pot\u00eancia de at\u00e9 8 Watts e \u00e9 adequada para uso em condi\u00e7\u00f5es ambientais adversas encontradas offshore e onshore nas ind\u00fastrias de petr\u00f3leo, g\u00e1s e petroqu\u00edmica. O corpo e a tampa s\u00e3o fabricados em poli\u00e9ster refor\u00e7ado com vidro est\u00e1vel aos raios ultravioleta.\u00a0O flare \u00e9 fabricado em ABS est\u00e1vel aos raios ultravioleta. Parafusos de a\u00e7o inoxid\u00e1vel e estribo de montagem s\u00e3o incorporados para garantir um produto livre de corros\u00e3o. Recursos Zona 1 e 2 (e Zona 21 e 22: vers\u00e3o IIC) mais uso n\u00e3o Ex. ATEX aprovado. Ex II 2G Ex de IIB T3 \/ T4. Dispon\u00edvel vers\u00e3o IIC Gas Group e Dust aprovada. Certificado brasileiro (Inmetro). Certifica\u00e7\u00e3o CUTR. IECEx aprovado. IP66 e IP67. Temperatura certificada: \u201350\u00baC a + 70\u00baC *. Caminho da chama livre de corros\u00e3o GRP. 112dB (A) a 8 watts a 1 metro (vers\u00e3o IIB). Deriva\u00e7\u00f5es de energia via transformador integral. Estribo de montagem girat\u00f3rio com catraca. Acess\u00f3rios de a\u00e7o inoxid\u00e1vel. Linha 100V ou 70V e vers\u00f5es 8\u03a9 dispon\u00edveis. Continuidade da terra dispon\u00edvel. Op\u00e7\u00e3o de 8 terminais para facilitar a fia\u00e7\u00e3o \u2018loop in e loop out\u2019. * A classe de temperatura est\u00e1 relacionada \u00e0 temperatura ambiente","og_url":"https:\/\/fullsolutions.info\/en\/product\/alto-falante-medc-db18\/","og_site_name":"Full Solutions","article_modified_time":"2024-02-19T16:16:47+00:00","og_image":[{"width":560,"height":315,"url":"https:\/\/mlhff0prgoxu.i.optimole.com\/cb:s0sM.767\/w:auto\/h:auto\/q:mauto\/f:best\/https:\/\/fullsolutions.info\/wp-content\/uploads\/2023\/10\/48-min-1.png","type":"image\/png"}],"twitter_card":"summary_large_image","twitter_misc":{"Est. reading time":"1 minute"},"schema":{"@context":"https:\/\/schema.org","@graph":[{"@type":"WebPage","@id":"https:\/\/fullsolutions.info\/produto\/alto-falante-medc-db18\/","url":"https:\/\/fullsolutions.info\/produto\/alto-falante-medc-db18\/","name":"Alto-falante MEDC DB18 - Full Solutions","isPartOf":{"@id":"https:\/\/fullsolutions.info\/#website"},"primaryImageOfPage":{"@id":"https:\/\/fullsolutions.info\/produto\/alto-falante-medc-db18\/#primaryimage"},"image":{"@id":"https:\/\/fullsolutions.info\/produto\/alto-falante-medc-db18\/#primaryimage"},"thumbnailUrl":"https:\/\/mlhff0prgoxu.i.optimole.com\/cb:s0sM.767\/w:auto\/h:auto\/q:mauto\/f:best\/https:\/\/fullsolutions.info\/wp-content\/uploads\/2023\/10\/48-min-1.png","datePublished":"2023-10-31T18:53:24+00:00","dateModified":"2024-02-19T16:16:47+00:00","breadcrumb":{"@id":"https:\/\/fullsolutions.info\/produto\/alto-falante-medc-db18\/#breadcrumb"},"inLanguage":"en-US","potentialAction":[{"@type":"ReadAction","target":["https:\/\/fullsolutions.info\/produto\/alto-falante-medc-db18\/"]}]},{"@type":"ImageObject","inLanguage":"en-US","@id":"https:\/\/fullsolutions.info\/produto\/alto-falante-medc-db18\/#primaryimage","url":"https:\/\/mlhff0prgoxu.i.optimole.com\/cb:s0sM.767\/w:auto\/h:auto\/q:mauto\/f:best\/https:\/\/fullsolutions.info\/wp-content\/uploads\/2023\/10\/48-min-1.png","contentUrl":"https:\/\/mlhff0prgoxu.i.optimole.com\/cb:s0sM.767\/w:auto\/h:auto\/q:mauto\/f:best\/https:\/\/fullsolutions.info\/wp-content\/uploads\/2023\/10\/48-min-1.png","width":560,"height":315},{"@type":"BreadcrumbList","@id":"https:\/\/fullsolutions.info\/produto\/alto-falante-medc-db18\/#breadcrumb","itemListElement":[{"@type":"ListItem","position":1,"name":"In\u00edcio","item":"https:\/\/fullsolutions.info\/"},{"@type":"ListItem","position":2,"name":"Produtos","item":"https:\/\/fullsolutions.info\/shop\/"},{"@type":"ListItem","position":3,"name":"Alto-falante MEDC DB18"}]},{"@type":"WebSite","@id":"https:\/\/fullsolutions.info\/#website","url":"https:\/\/fullsolutions.info\/","name":"Full Solutions","description":"Empresa na \u00c1rea de Procurement","publisher":{"@id":"https:\/\/fullsolutions.info\/#organization"},"potentialAction":[{"@type":"SearchAction","target":{"@type":"EntryPoint","urlTemplate":"https:\/\/fullsolutions.info\/?s={search_term_string}"},"query-input":{"@type":"PropertyValueSpecification","valueRequired":true,"valueName":"search_term_string"}}],"inLanguage":"en-US"},{"@type":"Organization","@id":"https:\/\/fullsolutions.info\/#organization","name":"Full Solutions","url":"https:\/\/fullsolutions.info\/","logo":{"@type":"ImageObject","inLanguage":"en-US","@id":"https:\/\/fullsolutions.info\/#\/schema\/logo\/image\/","url":"https:\/\/mlhff0prgoxu.i.optimole.com\/cb:s0sM.767\/w:auto\/h:auto\/q:mauto\/f:best\/https:\/\/fullsolutions.info\/wp-content\/uploads\/2021\/07\/cropped-Design-sem-nome-300x193-1-e1627062664782.png","contentUrl":"https:\/\/mlhff0prgoxu.i.optimole.com\/cb:s0sM.767\/w:auto\/h:auto\/q:mauto\/f:best\/https:\/\/fullsolutions.info\/wp-content\/uploads\/2021\/07\/cropped-Design-sem-nome-300x193-1-e1627062664782.png","width":202,"height":155,"caption":"Full Solutions"},"image":{"@id":"https:\/\/fullsolutions.info\/#\/schema\/logo\/image\/"},"sameAs":["https:\/\/www.linkedin.com\/company\/full-solutions-equipment"]}]}},"_links":{"self":[{"href":"https:\/\/fullsolutions.info\/en\/wp-json\/wp\/v2\/product\/3554","targetHints":{"allow":["GET"]}}],"collection":[{"href":"https:\/\/fullsolutions.info\/en\/wp-json\/wp\/v2\/product"}],"about":[{"href":"https:\/\/fullsolutions.info\/en\/wp-json\/wp\/v2\/types\/product"}],"replies":[{"embeddable":true,"href":"https:\/\/fullsolutions.info\/en\/wp-json\/wp\/v2\/comments?post=3554"}],"wp:featuredmedia":[{"embeddable":true,"href":"https:\/\/fullsolutions.info\/en\/wp-json\/wp\/v2\/media\/3556"}],"wp:attachment":[{"href":"https:\/\/fullsolutions.info\/en\/wp-json\/wp\/v2\/media?parent=3554"}],"wp:term":[{"taxonomy":"product_brand","embeddable":true,"href":"https:\/\/fullsolutions.info\/en\/wp-json\/wp\/v2\/product_brand?post=3554"},{"taxonomy":"product_cat","embeddable":true,"href":"https:\/\/fullsolutions.info\/en\/wp-json\/wp\/v2\/product_cat?post=3554"},{"taxonomy":"product_tag","embeddable":true,"href":"https:\/\/fullsolutions.info\/en\/wp-json\/wp\/v2\/product_tag?post=3554"},{"taxonomy":"marca","embeddable":true,"href":"https:\/\/fullsolutions.info\/en\/wp-json\/wp\/v2\/marca?post=3554"}],"curies":[{"name":"wp","href":"https:\/\/api.w.org\/{rel}","templated":true}]}}