{"id":3551,"date":"2023-10-31T18:51:41","date_gmt":"2023-10-31T18:51:41","guid":{"rendered":"https:\/\/fullsolutionsequip.com\/?post_type=product&#038;p=3551"},"modified":"2024-02-19T16:16:47","modified_gmt":"2024-02-19T16:16:47","slug":"alto-falante-medc-db10","status":"publish","type":"product","link":"https:\/\/fullsolutions.info\/en\/product\/alto-falante-medc-db10\/","title":{"rendered":"Alto-falante MEDC DB10"},"content":{"rendered":"<div class=\"elementor-element elementor-element-b17befe elementor-widget elementor-widget-heading\" data-id=\"b17befe\" data-element_type=\"widget\" data-widget_type=\"heading.default\">\n<div class=\"elementor-widget-container\">\n<h2 class=\"elementor-heading-title elementor-size-default\"><b style=\"font-size: 16px;\">Descri\u00e7\u00e3o<\/b><\/h2>\n<\/div>\n<\/div>\n<div class=\"elementor-element elementor-element-2dbd9d0 elementor-widget elementor-widget-text-editor\" data-id=\"2dbd9d0\" data-element_type=\"widget\" data-widget_type=\"text-editor.default\">\n<div class=\"elementor-widget-container\">\n<div class=\"elementor-text-editor elementor-clearfix\">\n<p>De at\u00e9 15 Watts Ex, \u00e0 prova de intemp\u00e9ries.<\/p>\n<p>Esta linha de alto-falantes, destinada ao uso em atmosferas de g\u00e1s potencialmente explosivas, tem uma classifica\u00e7\u00e3o de pot\u00eancia de at\u00e9 15 Watts e \u00e9 adequada para uso em grupos de g\u00e1s IIB mais hidrog\u00eanio e IIC.<\/p>\n<p>Os caminhos da chama, flare e corpo s\u00e3o fabricados em poli\u00e9ster refor\u00e7ado com vidro est\u00e1vel aos raios ultravioleta.\u00a0Parafusos de a\u00e7o inoxid\u00e1vel e estribo de montagem s\u00e3o incorporados para garantir um produto livre de corros\u00e3o.<\/p>\n<p><strong>Recursos<\/strong><\/p>\n<ul>\n<li>Zona 1, Zona 2 e uso n\u00e3o Ex.<\/li>\n<li>Ex de IIB + H2 ou IIC T4 \/ T5 \/ T6.<\/li>\n<li>Certificado ATEX, Ex II 2G.<\/li>\n<li>Certificado IECEx, Gb.\u00a04 Certificado pela BASEEFA.<\/li>\n<li>Certificado CUTR. * 4 Certificado chin\u00eas (CQST). *<\/li>\n<li>Certificado brasileiro (Inmetro). *<\/li>\n<li>IP66 e IP67.<\/li>\n<li>Temperatura certificada: -40\u00baC a + 65\u00baC. **<\/li>\n<li>Caminho da chama livre de corros\u00e3o GRP.<\/li>\n<li>115dB (A) a 15 Watts a 1 metro.<\/li>\n<li>Vers\u00f5es de 8 e 15 watts.<\/li>\n<li>Deriva\u00e7\u00f5es de energia via transformador integral.<\/li>\n<li>Estribo de montagem girat\u00f3rio com catraca.<\/li>\n<li>Equipado com acess\u00f3rios de a\u00e7o inoxid\u00e1vel 316L.<\/li>\n<li>Continuidade da terra dispon\u00edvel.<\/li>\n<li>Parafusos da tampa retidos.<\/li>\n<li>Viga interna de aterramento instalada como padr\u00e3o.<\/li>\n<\/ul>\n<\/div>\n<\/div>\n<\/div>","protected":false},"excerpt":{"rendered":"<p>Descri\u00e7\u00e3o De at\u00e9 15 Watts Ex, \u00e0 prova de intemp\u00e9ries. Esta linha de alto-falantes, destinada ao uso em atmosferas de g\u00e1s potencialmente explosivas, tem uma classifica\u00e7\u00e3o de pot\u00eancia de at\u00e9 15 Watts e \u00e9 adequada para uso em grupos de g\u00e1s IIB mais hidrog\u00eanio e IIC. Os caminhos da chama, flare e corpo s\u00e3o fabricados em poli\u00e9ster refor\u00e7ado com vidro est\u00e1vel aos raios ultravioleta.\u00a0Parafusos de a\u00e7o inoxid\u00e1vel e estribo de montagem s\u00e3o incorporados para garantir um produto livre de corros\u00e3o. Recursos Zona 1, Zona 2 e uso n\u00e3o Ex. Ex de IIB + H2 ou IIC T4 \/ T5 \/ T6. Certificado ATEX, Ex II 2G. Certificado IECEx, Gb.\u00a04 Certificado pela BASEEFA. Certificado CUTR. * 4 Certificado chin\u00eas (CQST). * Certificado brasileiro (Inmetro). * IP66 e IP67. Temperatura certificada: -40\u00baC a + 65\u00baC. ** Caminho da chama livre de corros\u00e3o GRP. 115dB (A) a 15 Watts a 1 metro. Vers\u00f5es de 8 e 15 watts. Deriva\u00e7\u00f5es de energia via transformador integral. Estribo de montagem girat\u00f3rio com catraca. Equipado com acess\u00f3rios de a\u00e7o inoxid\u00e1vel 316L. Continuidade da terra dispon\u00edvel. Parafusos da tampa retidos. Viga interna de aterramento instalada como padr\u00e3o.<\/p>","protected":false},"featured_media":3552,"comment_status":"open","ping_status":"closed","template":"","meta":{"_joinchat":[]},"product_brand":[],"product_cat":[133],"product_tag":[],"marca":[74],"class_list":{"0":"post-3551","1":"product","2":"type-product","3":"status-publish","4":"has-post-thumbnail","6":"product_cat-alto-falantes","7":"marca-medc","9":"first","10":"instock","11":"shipping-taxable","12":"purchasable","13":"product-type-simple"},"yoast_head":"<!-- This site is optimized with the Yoast SEO plugin v27.2 - https:\/\/yoast.com\/product\/yoast-seo-wordpress\/ -->\n<title>Alto-falante MEDC DB10 - Full Solutions<\/title>\n<meta name=\"robots\" content=\"index, follow, max-snippet:-1, max-image-preview:large, max-video-preview:-1\" \/>\n<link rel=\"canonical\" href=\"https:\/\/fullsolutions.info\/en\/product\/alto-falante-medc-db10\/\" \/>\n<meta property=\"og:locale\" content=\"en_US\" \/>\n<meta property=\"og:type\" content=\"article\" \/>\n<meta property=\"og:title\" content=\"Alto-falante MEDC DB10 - Full Solutions\" \/>\n<meta property=\"og:description\" content=\"Descri\u00e7\u00e3o De at\u00e9 15 Watts Ex, \u00e0 prova de intemp\u00e9ries. Esta linha de alto-falantes, destinada ao uso em atmosferas de g\u00e1s potencialmente explosivas, tem uma classifica\u00e7\u00e3o de pot\u00eancia de at\u00e9 15 Watts e \u00e9 adequada para uso em grupos de g\u00e1s IIB mais hidrog\u00eanio e IIC. Os caminhos da chama, flare e corpo s\u00e3o fabricados em poli\u00e9ster refor\u00e7ado com vidro est\u00e1vel aos raios ultravioleta.\u00a0Parafusos de a\u00e7o inoxid\u00e1vel e estribo de montagem s\u00e3o incorporados para garantir um produto livre de corros\u00e3o. Recursos Zona 1, Zona 2 e uso n\u00e3o Ex. Ex de IIB + H2 ou IIC T4 \/ T5 \/ T6. Certificado ATEX, Ex II 2G. Certificado IECEx, Gb.\u00a04 Certificado pela BASEEFA. Certificado CUTR. * 4 Certificado chin\u00eas (CQST). * Certificado brasileiro (Inmetro). * IP66 e IP67. Temperatura certificada: -40\u00baC a + 65\u00baC. ** Caminho da chama livre de corros\u00e3o GRP. 115dB (A) a 15 Watts a 1 metro. Vers\u00f5es de 8 e 15 watts. Deriva\u00e7\u00f5es de energia via transformador integral. Estribo de montagem girat\u00f3rio com catraca. Equipado com acess\u00f3rios de a\u00e7o inoxid\u00e1vel 316L. Continuidade da terra dispon\u00edvel. Parafusos da tampa retidos. Viga interna de aterramento instalada como padr\u00e3o.\" \/>\n<meta property=\"og:url\" content=\"https:\/\/fullsolutions.info\/en\/product\/alto-falante-medc-db10\/\" \/>\n<meta property=\"og:site_name\" content=\"Full Solutions\" \/>\n<meta property=\"article:modified_time\" content=\"2024-02-19T16:16:47+00:00\" \/>\n<meta property=\"og:image\" content=\"https:\/\/mlhff0prgoxu.i.optimole.com\/cb:s0sM.767\/w:auto\/h:auto\/q:mauto\/f:best\/https:\/\/fullsolutions.info\/wp-content\/uploads\/2023\/10\/48-min.png\" \/>\n\t<meta property=\"og:image:width\" content=\"560\" \/>\n\t<meta property=\"og:image:height\" content=\"315\" \/>\n\t<meta property=\"og:image:type\" content=\"image\/png\" \/>\n<meta name=\"twitter:card\" content=\"summary_large_image\" \/>\n<meta name=\"twitter:label1\" content=\"Est. reading time\" \/>\n\t<meta name=\"twitter:data1\" content=\"1 minute\" \/>\n<script type=\"application\/ld+json\" class=\"yoast-schema-graph\">{\"@context\":\"https:\/\/schema.org\",\"@graph\":[{\"@type\":\"WebPage\",\"@id\":\"https:\/\/fullsolutions.info\/produto\/alto-falante-medc-db10\/\",\"url\":\"https:\/\/fullsolutions.info\/produto\/alto-falante-medc-db10\/\",\"name\":\"Alto-falante MEDC DB10 - Full Solutions\",\"isPartOf\":{\"@id\":\"https:\/\/fullsolutions.info\/#website\"},\"primaryImageOfPage\":{\"@id\":\"https:\/\/fullsolutions.info\/produto\/alto-falante-medc-db10\/#primaryimage\"},\"image\":{\"@id\":\"https:\/\/fullsolutions.info\/produto\/alto-falante-medc-db10\/#primaryimage\"},\"thumbnailUrl\":\"https:\/\/mlhff0prgoxu.i.optimole.com\/cb:s0sM.767\/w:auto\/h:auto\/q:mauto\/f:best\/https:\/\/fullsolutions.info\/wp-content\/uploads\/2023\/10\/48-min.png\",\"datePublished\":\"2023-10-31T18:51:41+00:00\",\"dateModified\":\"2024-02-19T16:16:47+00:00\",\"breadcrumb\":{\"@id\":\"https:\/\/fullsolutions.info\/produto\/alto-falante-medc-db10\/#breadcrumb\"},\"inLanguage\":\"en-US\",\"potentialAction\":[{\"@type\":\"ReadAction\",\"target\":[\"https:\/\/fullsolutions.info\/produto\/alto-falante-medc-db10\/\"]}]},{\"@type\":\"ImageObject\",\"inLanguage\":\"en-US\",\"@id\":\"https:\/\/fullsolutions.info\/produto\/alto-falante-medc-db10\/#primaryimage\",\"url\":\"https:\/\/mlhff0prgoxu.i.optimole.com\/cb:s0sM.767\/w:auto\/h:auto\/q:mauto\/f:best\/https:\/\/fullsolutions.info\/wp-content\/uploads\/2023\/10\/48-min.png\",\"contentUrl\":\"https:\/\/mlhff0prgoxu.i.optimole.com\/cb:s0sM.767\/w:auto\/h:auto\/q:mauto\/f:best\/https:\/\/fullsolutions.info\/wp-content\/uploads\/2023\/10\/48-min.png\",\"width\":560,\"height\":315},{\"@type\":\"BreadcrumbList\",\"@id\":\"https:\/\/fullsolutions.info\/produto\/alto-falante-medc-db10\/#breadcrumb\",\"itemListElement\":[{\"@type\":\"ListItem\",\"position\":1,\"name\":\"In\u00edcio\",\"item\":\"https:\/\/fullsolutions.info\/\"},{\"@type\":\"ListItem\",\"position\":2,\"name\":\"Produtos\",\"item\":\"https:\/\/fullsolutions.info\/shop\/\"},{\"@type\":\"ListItem\",\"position\":3,\"name\":\"Alto-falante MEDC DB10\"}]},{\"@type\":\"WebSite\",\"@id\":\"https:\/\/fullsolutions.info\/#website\",\"url\":\"https:\/\/fullsolutions.info\/\",\"name\":\"Full Solutions\",\"description\":\"Empresa na \u00c1rea de Procurement\",\"publisher\":{\"@id\":\"https:\/\/fullsolutions.info\/#organization\"},\"potentialAction\":[{\"@type\":\"SearchAction\",\"target\":{\"@type\":\"EntryPoint\",\"urlTemplate\":\"https:\/\/fullsolutions.info\/?s={search_term_string}\"},\"query-input\":{\"@type\":\"PropertyValueSpecification\",\"valueRequired\":true,\"valueName\":\"search_term_string\"}}],\"inLanguage\":\"en-US\"},{\"@type\":\"Organization\",\"@id\":\"https:\/\/fullsolutions.info\/#organization\",\"name\":\"Full Solutions\",\"url\":\"https:\/\/fullsolutions.info\/\",\"logo\":{\"@type\":\"ImageObject\",\"inLanguage\":\"en-US\",\"@id\":\"https:\/\/fullsolutions.info\/#\/schema\/logo\/image\/\",\"url\":\"https:\/\/mlhff0prgoxu.i.optimole.com\/cb:s0sM.767\/w:auto\/h:auto\/q:mauto\/f:best\/https:\/\/fullsolutions.info\/wp-content\/uploads\/2021\/07\/cropped-Design-sem-nome-300x193-1-e1627062664782.png\",\"contentUrl\":\"https:\/\/mlhff0prgoxu.i.optimole.com\/cb:s0sM.767\/w:auto\/h:auto\/q:mauto\/f:best\/https:\/\/fullsolutions.info\/wp-content\/uploads\/2021\/07\/cropped-Design-sem-nome-300x193-1-e1627062664782.png\",\"width\":202,\"height\":155,\"caption\":\"Full Solutions\"},\"image\":{\"@id\":\"https:\/\/fullsolutions.info\/#\/schema\/logo\/image\/\"},\"sameAs\":[\"https:\/\/www.linkedin.com\/company\/full-solutions-equipment\"]}]}<\/script>\n<!-- \/ Yoast SEO plugin. -->","yoast_head_json":{"title":"Alto-falante MEDC DB10 - Full Solutions","robots":{"index":"index","follow":"follow","max-snippet":"max-snippet:-1","max-image-preview":"max-image-preview:large","max-video-preview":"max-video-preview:-1"},"canonical":"https:\/\/fullsolutions.info\/en\/product\/alto-falante-medc-db10\/","og_locale":"en_US","og_type":"article","og_title":"Alto-falante MEDC DB10 - Full Solutions","og_description":"Descri\u00e7\u00e3o De at\u00e9 15 Watts Ex, \u00e0 prova de intemp\u00e9ries. Esta linha de alto-falantes, destinada ao uso em atmosferas de g\u00e1s potencialmente explosivas, tem uma classifica\u00e7\u00e3o de pot\u00eancia de at\u00e9 15 Watts e \u00e9 adequada para uso em grupos de g\u00e1s IIB mais hidrog\u00eanio e IIC. Os caminhos da chama, flare e corpo s\u00e3o fabricados em poli\u00e9ster refor\u00e7ado com vidro est\u00e1vel aos raios ultravioleta.\u00a0Parafusos de a\u00e7o inoxid\u00e1vel e estribo de montagem s\u00e3o incorporados para garantir um produto livre de corros\u00e3o. Recursos Zona 1, Zona 2 e uso n\u00e3o Ex. Ex de IIB + H2 ou IIC T4 \/ T5 \/ T6. Certificado ATEX, Ex II 2G. Certificado IECEx, Gb.\u00a04 Certificado pela BASEEFA. Certificado CUTR. * 4 Certificado chin\u00eas (CQST). * Certificado brasileiro (Inmetro). * IP66 e IP67. Temperatura certificada: -40\u00baC a + 65\u00baC. ** Caminho da chama livre de corros\u00e3o GRP. 115dB (A) a 15 Watts a 1 metro. Vers\u00f5es de 8 e 15 watts. Deriva\u00e7\u00f5es de energia via transformador integral. Estribo de montagem girat\u00f3rio com catraca. Equipado com acess\u00f3rios de a\u00e7o inoxid\u00e1vel 316L. Continuidade da terra dispon\u00edvel. Parafusos da tampa retidos. Viga interna de aterramento instalada como padr\u00e3o.","og_url":"https:\/\/fullsolutions.info\/en\/product\/alto-falante-medc-db10\/","og_site_name":"Full Solutions","article_modified_time":"2024-02-19T16:16:47+00:00","og_image":[{"width":560,"height":315,"url":"https:\/\/mlhff0prgoxu.i.optimole.com\/cb:s0sM.767\/w:auto\/h:auto\/q:mauto\/f:best\/https:\/\/fullsolutions.info\/wp-content\/uploads\/2023\/10\/48-min.png","type":"image\/png"}],"twitter_card":"summary_large_image","twitter_misc":{"Est. reading time":"1 minute"},"schema":{"@context":"https:\/\/schema.org","@graph":[{"@type":"WebPage","@id":"https:\/\/fullsolutions.info\/produto\/alto-falante-medc-db10\/","url":"https:\/\/fullsolutions.info\/produto\/alto-falante-medc-db10\/","name":"Alto-falante MEDC DB10 - Full Solutions","isPartOf":{"@id":"https:\/\/fullsolutions.info\/#website"},"primaryImageOfPage":{"@id":"https:\/\/fullsolutions.info\/produto\/alto-falante-medc-db10\/#primaryimage"},"image":{"@id":"https:\/\/fullsolutions.info\/produto\/alto-falante-medc-db10\/#primaryimage"},"thumbnailUrl":"https:\/\/mlhff0prgoxu.i.optimole.com\/cb:s0sM.767\/w:auto\/h:auto\/q:mauto\/f:best\/https:\/\/fullsolutions.info\/wp-content\/uploads\/2023\/10\/48-min.png","datePublished":"2023-10-31T18:51:41+00:00","dateModified":"2024-02-19T16:16:47+00:00","breadcrumb":{"@id":"https:\/\/fullsolutions.info\/produto\/alto-falante-medc-db10\/#breadcrumb"},"inLanguage":"en-US","potentialAction":[{"@type":"ReadAction","target":["https:\/\/fullsolutions.info\/produto\/alto-falante-medc-db10\/"]}]},{"@type":"ImageObject","inLanguage":"en-US","@id":"https:\/\/fullsolutions.info\/produto\/alto-falante-medc-db10\/#primaryimage","url":"https:\/\/mlhff0prgoxu.i.optimole.com\/cb:s0sM.767\/w:auto\/h:auto\/q:mauto\/f:best\/https:\/\/fullsolutions.info\/wp-content\/uploads\/2023\/10\/48-min.png","contentUrl":"https:\/\/mlhff0prgoxu.i.optimole.com\/cb:s0sM.767\/w:auto\/h:auto\/q:mauto\/f:best\/https:\/\/fullsolutions.info\/wp-content\/uploads\/2023\/10\/48-min.png","width":560,"height":315},{"@type":"BreadcrumbList","@id":"https:\/\/fullsolutions.info\/produto\/alto-falante-medc-db10\/#breadcrumb","itemListElement":[{"@type":"ListItem","position":1,"name":"In\u00edcio","item":"https:\/\/fullsolutions.info\/"},{"@type":"ListItem","position":2,"name":"Produtos","item":"https:\/\/fullsolutions.info\/shop\/"},{"@type":"ListItem","position":3,"name":"Alto-falante MEDC DB10"}]},{"@type":"WebSite","@id":"https:\/\/fullsolutions.info\/#website","url":"https:\/\/fullsolutions.info\/","name":"Full Solutions","description":"Empresa na \u00c1rea de Procurement","publisher":{"@id":"https:\/\/fullsolutions.info\/#organization"},"potentialAction":[{"@type":"SearchAction","target":{"@type":"EntryPoint","urlTemplate":"https:\/\/fullsolutions.info\/?s={search_term_string}"},"query-input":{"@type":"PropertyValueSpecification","valueRequired":true,"valueName":"search_term_string"}}],"inLanguage":"en-US"},{"@type":"Organization","@id":"https:\/\/fullsolutions.info\/#organization","name":"Full Solutions","url":"https:\/\/fullsolutions.info\/","logo":{"@type":"ImageObject","inLanguage":"en-US","@id":"https:\/\/fullsolutions.info\/#\/schema\/logo\/image\/","url":"https:\/\/mlhff0prgoxu.i.optimole.com\/cb:s0sM.767\/w:auto\/h:auto\/q:mauto\/f:best\/https:\/\/fullsolutions.info\/wp-content\/uploads\/2021\/07\/cropped-Design-sem-nome-300x193-1-e1627062664782.png","contentUrl":"https:\/\/mlhff0prgoxu.i.optimole.com\/cb:s0sM.767\/w:auto\/h:auto\/q:mauto\/f:best\/https:\/\/fullsolutions.info\/wp-content\/uploads\/2021\/07\/cropped-Design-sem-nome-300x193-1-e1627062664782.png","width":202,"height":155,"caption":"Full Solutions"},"image":{"@id":"https:\/\/fullsolutions.info\/#\/schema\/logo\/image\/"},"sameAs":["https:\/\/www.linkedin.com\/company\/full-solutions-equipment"]}]}},"_links":{"self":[{"href":"https:\/\/fullsolutions.info\/en\/wp-json\/wp\/v2\/product\/3551","targetHints":{"allow":["GET"]}}],"collection":[{"href":"https:\/\/fullsolutions.info\/en\/wp-json\/wp\/v2\/product"}],"about":[{"href":"https:\/\/fullsolutions.info\/en\/wp-json\/wp\/v2\/types\/product"}],"replies":[{"embeddable":true,"href":"https:\/\/fullsolutions.info\/en\/wp-json\/wp\/v2\/comments?post=3551"}],"wp:featuredmedia":[{"embeddable":true,"href":"https:\/\/fullsolutions.info\/en\/wp-json\/wp\/v2\/media\/3552"}],"wp:attachment":[{"href":"https:\/\/fullsolutions.info\/en\/wp-json\/wp\/v2\/media?parent=3551"}],"wp:term":[{"taxonomy":"product_brand","embeddable":true,"href":"https:\/\/fullsolutions.info\/en\/wp-json\/wp\/v2\/product_brand?post=3551"},{"taxonomy":"product_cat","embeddable":true,"href":"https:\/\/fullsolutions.info\/en\/wp-json\/wp\/v2\/product_cat?post=3551"},{"taxonomy":"product_tag","embeddable":true,"href":"https:\/\/fullsolutions.info\/en\/wp-json\/wp\/v2\/product_tag?post=3551"},{"taxonomy":"marca","embeddable":true,"href":"https:\/\/fullsolutions.info\/en\/wp-json\/wp\/v2\/marca?post=3551"}],"curies":[{"name":"wp","href":"https:\/\/api.w.org\/{rel}","templated":true}]}}