{"id":3549,"date":"2023-10-31T18:52:42","date_gmt":"2023-10-31T18:52:42","guid":{"rendered":"https:\/\/fullsolutionsequip.com\/?post_type=product&#038;p=3549"},"modified":"2024-02-19T16:16:47","modified_gmt":"2024-02-19T16:16:47","slug":"acionador-de-alarme-manual-medc-bg3","status":"publish","type":"product","link":"https:\/\/fullsolutions.info\/en\/product\/acionador-de-alarme-manual-medc-bg3\/","title":{"rendered":"Acionador de alarme manual MEDC BG3"},"content":{"rendered":"<div class=\"elementor-element elementor-element-b17befe elementor-widget elementor-widget-heading\" data-id=\"b17befe\" data-element_type=\"widget\" data-widget_type=\"heading.default\">\n<div class=\"elementor-widget-container\">\n<h2 class=\"elementor-heading-title elementor-size-default\"><strong style=\"font-size: 16px;\">Descri\u00e7\u00e3o<\/strong><\/h2>\n<\/div>\n<\/div>\n<div class=\"elementor-element elementor-element-2dbd9d0 elementor-widget elementor-widget-text-editor\" data-id=\"2dbd9d0\" data-element_type=\"widget\" data-widget_type=\"text-editor.default\">\n<div class=\"elementor-widget-container\">\n<div class=\"elementor-text-editor elementor-clearfix\">\n<p>Exia (intrinsecamente seguro), \u00e0 prova de intemp\u00e9ries<\/p>\n<p>\u00c0 prova de intemp\u00e9ries para IP66 e IP67 e aparelhos certificados intrinsecamente seguros, simples ou n\u00e3o certificados dispon\u00edveis.<\/p>\n<p>As unidades s\u00e3o fabricadas em poli\u00e9ster refor\u00e7ado com vidro (GRP), que oferece uma constru\u00e7\u00e3o robusta e livre de corros\u00e3o e garante uma opera\u00e7\u00e3o eficaz e confi\u00e1vel em\u00a0ambientes\u00a0industriais e offshore adversos.<\/p>\n<p>As unidades s\u00e3o fornecidas em GRP vermelho natural ou pintadas de acordo com as especifica\u00e7\u00f5es do cliente.\u00a0A etiqueta de servi\u00e7o \u2018Burning House\u2019 \u00e9 fornecida como padr\u00e3o, outras etiquetas de servi\u00e7o e etiqueta podem ser fornecidas de acordo com as especifica\u00e7\u00f5es do cliente.<\/p>\n<p><strong>Recursos<\/strong><\/p>\n<ul>\n<li>Uso da zona 0, zona 1 e zona 2<\/li>\n<li>Certificado ATEX<\/li>\n<li>IP66 e IP67<\/li>\n<li>Temperatura certificada: \u201355\u00baC a + 55\u00baC<\/li>\n<li>GRP livre de corros\u00e3o<\/li>\n<li>Opcional em linha \/ resistores \/ diodos de fim de linha<\/li>\n<li>Indicador LED opcional<\/li>\n<li>Aba de eleva\u00e7\u00e3o opcional<\/li>\n<li>Instala\u00e7\u00e3o de teste operada por chave<\/li>\n<li>V\u00e1rias cores de carroceria dispon\u00edveis<\/li>\n<\/ul>\n<\/div>\n<\/div>\n<\/div>","protected":false},"excerpt":{"rendered":"<p>Descri\u00e7\u00e3o Exia (intrinsecamente seguro), \u00e0 prova de intemp\u00e9ries \u00c0 prova de intemp\u00e9ries para IP66 e IP67 e aparelhos certificados intrinsecamente seguros, simples ou n\u00e3o certificados dispon\u00edveis. As unidades s\u00e3o fabricadas em poli\u00e9ster refor\u00e7ado com vidro (GRP), que oferece uma constru\u00e7\u00e3o robusta e livre de corros\u00e3o e garante uma opera\u00e7\u00e3o eficaz e confi\u00e1vel em\u00a0ambientes\u00a0industriais e offshore adversos. As unidades s\u00e3o fornecidas em GRP vermelho natural ou pintadas de acordo com as especifica\u00e7\u00f5es do cliente.\u00a0A etiqueta de servi\u00e7o \u2018Burning House\u2019 \u00e9 fornecida como padr\u00e3o, outras etiquetas de servi\u00e7o e etiqueta podem ser fornecidas de acordo com as especifica\u00e7\u00f5es do cliente. Recursos Uso da zona 0, zona 1 e zona 2 Certificado ATEX IP66 e IP67 Temperatura certificada: \u201355\u00baC a + 55\u00baC GRP livre de corros\u00e3o Opcional em linha \/ resistores \/ diodos de fim de linha Indicador LED opcional Aba de eleva\u00e7\u00e3o opcional Instala\u00e7\u00e3o de teste operada por chave V\u00e1rias cores de carroceria dispon\u00edveis<\/p>","protected":false},"featured_media":3553,"comment_status":"open","ping_status":"closed","template":"","meta":{"_joinchat":[]},"product_brand":[],"product_cat":[132],"product_tag":[],"marca":[74],"class_list":{"0":"post-3549","1":"product","2":"type-product","3":"status-publish","4":"has-post-thumbnail","6":"product_cat-acionador-manual","7":"marca-medc","9":"first","10":"instock","11":"shipping-taxable","12":"purchasable","13":"product-type-simple"},"yoast_head":"<!-- This site is optimized with the Yoast SEO plugin v27.2 - https:\/\/yoast.com\/product\/yoast-seo-wordpress\/ -->\n<title>Acionador de alarme manual MEDC BG3 - Full Solutions<\/title>\n<meta name=\"robots\" content=\"index, follow, max-snippet:-1, max-image-preview:large, max-video-preview:-1\" \/>\n<link rel=\"canonical\" href=\"https:\/\/fullsolutions.info\/en\/product\/acionador-de-alarme-manual-medc-bg3\/\" \/>\n<meta property=\"og:locale\" content=\"en_US\" \/>\n<meta property=\"og:type\" content=\"article\" \/>\n<meta property=\"og:title\" content=\"Acionador de alarme manual MEDC BG3 - Full Solutions\" \/>\n<meta property=\"og:description\" content=\"Descri\u00e7\u00e3o Exia (intrinsecamente seguro), \u00e0 prova de intemp\u00e9ries \u00c0 prova de intemp\u00e9ries para IP66 e IP67 e aparelhos certificados intrinsecamente seguros, simples ou n\u00e3o certificados dispon\u00edveis. As unidades s\u00e3o fabricadas em poli\u00e9ster refor\u00e7ado com vidro (GRP), que oferece uma constru\u00e7\u00e3o robusta e livre de corros\u00e3o e garante uma opera\u00e7\u00e3o eficaz e confi\u00e1vel em\u00a0ambientes\u00a0industriais e offshore adversos. As unidades s\u00e3o fornecidas em GRP vermelho natural ou pintadas de acordo com as especifica\u00e7\u00f5es do cliente.\u00a0A etiqueta de servi\u00e7o \u2018Burning House\u2019 \u00e9 fornecida como padr\u00e3o, outras etiquetas de servi\u00e7o e etiqueta podem ser fornecidas de acordo com as especifica\u00e7\u00f5es do cliente. Recursos Uso da zona 0, zona 1 e zona 2 Certificado ATEX IP66 e IP67 Temperatura certificada: \u201355\u00baC a + 55\u00baC GRP livre de corros\u00e3o Opcional em linha \/ resistores \/ diodos de fim de linha Indicador LED opcional Aba de eleva\u00e7\u00e3o opcional Instala\u00e7\u00e3o de teste operada por chave V\u00e1rias cores de carroceria dispon\u00edveis\" \/>\n<meta property=\"og:url\" content=\"https:\/\/fullsolutions.info\/en\/product\/acionador-de-alarme-manual-medc-bg3\/\" \/>\n<meta property=\"og:site_name\" content=\"Full Solutions\" \/>\n<meta property=\"article:modified_time\" content=\"2024-02-19T16:16:47+00:00\" \/>\n<meta property=\"og:image\" content=\"https:\/\/mlhff0prgoxu.i.optimole.com\/cb:s0sM.767\/w:auto\/h:auto\/q:mauto\/f:best\/https:\/\/fullsolutions.info\/wp-content\/uploads\/2023\/10\/6.png\" \/>\n\t<meta property=\"og:image:width\" content=\"560\" \/>\n\t<meta property=\"og:image:height\" content=\"315\" \/>\n\t<meta property=\"og:image:type\" content=\"image\/png\" \/>\n<meta name=\"twitter:card\" content=\"summary_large_image\" \/>\n<meta name=\"twitter:label1\" content=\"Est. reading time\" \/>\n\t<meta name=\"twitter:data1\" content=\"1 minute\" \/>\n<script type=\"application\/ld+json\" class=\"yoast-schema-graph\">{\"@context\":\"https:\/\/schema.org\",\"@graph\":[{\"@type\":\"WebPage\",\"@id\":\"https:\/\/fullsolutions.info\/produto\/acionador-de-alarme-manual-medc-bg3\/\",\"url\":\"https:\/\/fullsolutions.info\/produto\/acionador-de-alarme-manual-medc-bg3\/\",\"name\":\"Acionador de alarme manual MEDC BG3 - Full Solutions\",\"isPartOf\":{\"@id\":\"https:\/\/fullsolutions.info\/#website\"},\"primaryImageOfPage\":{\"@id\":\"https:\/\/fullsolutions.info\/produto\/acionador-de-alarme-manual-medc-bg3\/#primaryimage\"},\"image\":{\"@id\":\"https:\/\/fullsolutions.info\/produto\/acionador-de-alarme-manual-medc-bg3\/#primaryimage\"},\"thumbnailUrl\":\"https:\/\/mlhff0prgoxu.i.optimole.com\/cb:s0sM.767\/w:auto\/h:auto\/q:mauto\/f:best\/https:\/\/fullsolutions.info\/wp-content\/uploads\/2023\/10\/6.png\",\"datePublished\":\"2023-10-31T18:52:42+00:00\",\"dateModified\":\"2024-02-19T16:16:47+00:00\",\"breadcrumb\":{\"@id\":\"https:\/\/fullsolutions.info\/produto\/acionador-de-alarme-manual-medc-bg3\/#breadcrumb\"},\"inLanguage\":\"en-US\",\"potentialAction\":[{\"@type\":\"ReadAction\",\"target\":[\"https:\/\/fullsolutions.info\/produto\/acionador-de-alarme-manual-medc-bg3\/\"]}]},{\"@type\":\"ImageObject\",\"inLanguage\":\"en-US\",\"@id\":\"https:\/\/fullsolutions.info\/produto\/acionador-de-alarme-manual-medc-bg3\/#primaryimage\",\"url\":\"https:\/\/mlhff0prgoxu.i.optimole.com\/cb:s0sM.767\/w:auto\/h:auto\/q:mauto\/f:best\/https:\/\/fullsolutions.info\/wp-content\/uploads\/2023\/10\/6.png\",\"contentUrl\":\"https:\/\/mlhff0prgoxu.i.optimole.com\/cb:s0sM.767\/w:auto\/h:auto\/q:mauto\/f:best\/https:\/\/fullsolutions.info\/wp-content\/uploads\/2023\/10\/6.png\",\"width\":560,\"height\":315},{\"@type\":\"BreadcrumbList\",\"@id\":\"https:\/\/fullsolutions.info\/produto\/acionador-de-alarme-manual-medc-bg3\/#breadcrumb\",\"itemListElement\":[{\"@type\":\"ListItem\",\"position\":1,\"name\":\"In\u00edcio\",\"item\":\"https:\/\/fullsolutions.info\/\"},{\"@type\":\"ListItem\",\"position\":2,\"name\":\"Produtos\",\"item\":\"https:\/\/fullsolutions.info\/shop\/\"},{\"@type\":\"ListItem\",\"position\":3,\"name\":\"Acionador de alarme manual MEDC BG3\"}]},{\"@type\":\"WebSite\",\"@id\":\"https:\/\/fullsolutions.info\/#website\",\"url\":\"https:\/\/fullsolutions.info\/\",\"name\":\"Full Solutions\",\"description\":\"Empresa na \u00c1rea de Procurement\",\"publisher\":{\"@id\":\"https:\/\/fullsolutions.info\/#organization\"},\"potentialAction\":[{\"@type\":\"SearchAction\",\"target\":{\"@type\":\"EntryPoint\",\"urlTemplate\":\"https:\/\/fullsolutions.info\/?s={search_term_string}\"},\"query-input\":{\"@type\":\"PropertyValueSpecification\",\"valueRequired\":true,\"valueName\":\"search_term_string\"}}],\"inLanguage\":\"en-US\"},{\"@type\":\"Organization\",\"@id\":\"https:\/\/fullsolutions.info\/#organization\",\"name\":\"Full Solutions\",\"url\":\"https:\/\/fullsolutions.info\/\",\"logo\":{\"@type\":\"ImageObject\",\"inLanguage\":\"en-US\",\"@id\":\"https:\/\/fullsolutions.info\/#\/schema\/logo\/image\/\",\"url\":\"https:\/\/mlhff0prgoxu.i.optimole.com\/cb:s0sM.767\/w:auto\/h:auto\/q:mauto\/f:best\/https:\/\/fullsolutions.info\/wp-content\/uploads\/2021\/07\/cropped-Design-sem-nome-300x193-1-e1627062664782.png\",\"contentUrl\":\"https:\/\/mlhff0prgoxu.i.optimole.com\/cb:s0sM.767\/w:auto\/h:auto\/q:mauto\/f:best\/https:\/\/fullsolutions.info\/wp-content\/uploads\/2021\/07\/cropped-Design-sem-nome-300x193-1-e1627062664782.png\",\"width\":202,\"height\":155,\"caption\":\"Full Solutions\"},\"image\":{\"@id\":\"https:\/\/fullsolutions.info\/#\/schema\/logo\/image\/\"},\"sameAs\":[\"https:\/\/www.linkedin.com\/company\/full-solutions-equipment\"]}]}<\/script>\n<!-- \/ Yoast SEO plugin. -->","yoast_head_json":{"title":"Acionador de alarme manual MEDC BG3 - Full Solutions","robots":{"index":"index","follow":"follow","max-snippet":"max-snippet:-1","max-image-preview":"max-image-preview:large","max-video-preview":"max-video-preview:-1"},"canonical":"https:\/\/fullsolutions.info\/en\/product\/acionador-de-alarme-manual-medc-bg3\/","og_locale":"en_US","og_type":"article","og_title":"Acionador de alarme manual MEDC BG3 - Full Solutions","og_description":"Descri\u00e7\u00e3o Exia (intrinsecamente seguro), \u00e0 prova de intemp\u00e9ries \u00c0 prova de intemp\u00e9ries para IP66 e IP67 e aparelhos certificados intrinsecamente seguros, simples ou n\u00e3o certificados dispon\u00edveis. As unidades s\u00e3o fabricadas em poli\u00e9ster refor\u00e7ado com vidro (GRP), que oferece uma constru\u00e7\u00e3o robusta e livre de corros\u00e3o e garante uma opera\u00e7\u00e3o eficaz e confi\u00e1vel em\u00a0ambientes\u00a0industriais e offshore adversos. As unidades s\u00e3o fornecidas em GRP vermelho natural ou pintadas de acordo com as especifica\u00e7\u00f5es do cliente.\u00a0A etiqueta de servi\u00e7o \u2018Burning House\u2019 \u00e9 fornecida como padr\u00e3o, outras etiquetas de servi\u00e7o e etiqueta podem ser fornecidas de acordo com as especifica\u00e7\u00f5es do cliente. Recursos Uso da zona 0, zona 1 e zona 2 Certificado ATEX IP66 e IP67 Temperatura certificada: \u201355\u00baC a + 55\u00baC GRP livre de corros\u00e3o Opcional em linha \/ resistores \/ diodos de fim de linha Indicador LED opcional Aba de eleva\u00e7\u00e3o opcional Instala\u00e7\u00e3o de teste operada por chave V\u00e1rias cores de carroceria dispon\u00edveis","og_url":"https:\/\/fullsolutions.info\/en\/product\/acionador-de-alarme-manual-medc-bg3\/","og_site_name":"Full Solutions","article_modified_time":"2024-02-19T16:16:47+00:00","og_image":[{"width":560,"height":315,"url":"https:\/\/mlhff0prgoxu.i.optimole.com\/cb:s0sM.767\/w:auto\/h:auto\/q:mauto\/f:best\/https:\/\/fullsolutions.info\/wp-content\/uploads\/2023\/10\/6.png","type":"image\/png"}],"twitter_card":"summary_large_image","twitter_misc":{"Est. reading time":"1 minute"},"schema":{"@context":"https:\/\/schema.org","@graph":[{"@type":"WebPage","@id":"https:\/\/fullsolutions.info\/produto\/acionador-de-alarme-manual-medc-bg3\/","url":"https:\/\/fullsolutions.info\/produto\/acionador-de-alarme-manual-medc-bg3\/","name":"Acionador de alarme manual MEDC BG3 - Full Solutions","isPartOf":{"@id":"https:\/\/fullsolutions.info\/#website"},"primaryImageOfPage":{"@id":"https:\/\/fullsolutions.info\/produto\/acionador-de-alarme-manual-medc-bg3\/#primaryimage"},"image":{"@id":"https:\/\/fullsolutions.info\/produto\/acionador-de-alarme-manual-medc-bg3\/#primaryimage"},"thumbnailUrl":"https:\/\/mlhff0prgoxu.i.optimole.com\/cb:s0sM.767\/w:auto\/h:auto\/q:mauto\/f:best\/https:\/\/fullsolutions.info\/wp-content\/uploads\/2023\/10\/6.png","datePublished":"2023-10-31T18:52:42+00:00","dateModified":"2024-02-19T16:16:47+00:00","breadcrumb":{"@id":"https:\/\/fullsolutions.info\/produto\/acionador-de-alarme-manual-medc-bg3\/#breadcrumb"},"inLanguage":"en-US","potentialAction":[{"@type":"ReadAction","target":["https:\/\/fullsolutions.info\/produto\/acionador-de-alarme-manual-medc-bg3\/"]}]},{"@type":"ImageObject","inLanguage":"en-US","@id":"https:\/\/fullsolutions.info\/produto\/acionador-de-alarme-manual-medc-bg3\/#primaryimage","url":"https:\/\/mlhff0prgoxu.i.optimole.com\/cb:s0sM.767\/w:auto\/h:auto\/q:mauto\/f:best\/https:\/\/fullsolutions.info\/wp-content\/uploads\/2023\/10\/6.png","contentUrl":"https:\/\/mlhff0prgoxu.i.optimole.com\/cb:s0sM.767\/w:auto\/h:auto\/q:mauto\/f:best\/https:\/\/fullsolutions.info\/wp-content\/uploads\/2023\/10\/6.png","width":560,"height":315},{"@type":"BreadcrumbList","@id":"https:\/\/fullsolutions.info\/produto\/acionador-de-alarme-manual-medc-bg3\/#breadcrumb","itemListElement":[{"@type":"ListItem","position":1,"name":"In\u00edcio","item":"https:\/\/fullsolutions.info\/"},{"@type":"ListItem","position":2,"name":"Produtos","item":"https:\/\/fullsolutions.info\/shop\/"},{"@type":"ListItem","position":3,"name":"Acionador de alarme manual MEDC BG3"}]},{"@type":"WebSite","@id":"https:\/\/fullsolutions.info\/#website","url":"https:\/\/fullsolutions.info\/","name":"Full Solutions","description":"Empresa na \u00c1rea de Procurement","publisher":{"@id":"https:\/\/fullsolutions.info\/#organization"},"potentialAction":[{"@type":"SearchAction","target":{"@type":"EntryPoint","urlTemplate":"https:\/\/fullsolutions.info\/?s={search_term_string}"},"query-input":{"@type":"PropertyValueSpecification","valueRequired":true,"valueName":"search_term_string"}}],"inLanguage":"en-US"},{"@type":"Organization","@id":"https:\/\/fullsolutions.info\/#organization","name":"Full Solutions","url":"https:\/\/fullsolutions.info\/","logo":{"@type":"ImageObject","inLanguage":"en-US","@id":"https:\/\/fullsolutions.info\/#\/schema\/logo\/image\/","url":"https:\/\/mlhff0prgoxu.i.optimole.com\/cb:s0sM.767\/w:auto\/h:auto\/q:mauto\/f:best\/https:\/\/fullsolutions.info\/wp-content\/uploads\/2021\/07\/cropped-Design-sem-nome-300x193-1-e1627062664782.png","contentUrl":"https:\/\/mlhff0prgoxu.i.optimole.com\/cb:s0sM.767\/w:auto\/h:auto\/q:mauto\/f:best\/https:\/\/fullsolutions.info\/wp-content\/uploads\/2021\/07\/cropped-Design-sem-nome-300x193-1-e1627062664782.png","width":202,"height":155,"caption":"Full Solutions"},"image":{"@id":"https:\/\/fullsolutions.info\/#\/schema\/logo\/image\/"},"sameAs":["https:\/\/www.linkedin.com\/company\/full-solutions-equipment"]}]}},"_links":{"self":[{"href":"https:\/\/fullsolutions.info\/en\/wp-json\/wp\/v2\/product\/3549","targetHints":{"allow":["GET"]}}],"collection":[{"href":"https:\/\/fullsolutions.info\/en\/wp-json\/wp\/v2\/product"}],"about":[{"href":"https:\/\/fullsolutions.info\/en\/wp-json\/wp\/v2\/types\/product"}],"replies":[{"embeddable":true,"href":"https:\/\/fullsolutions.info\/en\/wp-json\/wp\/v2\/comments?post=3549"}],"wp:featuredmedia":[{"embeddable":true,"href":"https:\/\/fullsolutions.info\/en\/wp-json\/wp\/v2\/media\/3553"}],"wp:attachment":[{"href":"https:\/\/fullsolutions.info\/en\/wp-json\/wp\/v2\/media?parent=3549"}],"wp:term":[{"taxonomy":"product_brand","embeddable":true,"href":"https:\/\/fullsolutions.info\/en\/wp-json\/wp\/v2\/product_brand?post=3549"},{"taxonomy":"product_cat","embeddable":true,"href":"https:\/\/fullsolutions.info\/en\/wp-json\/wp\/v2\/product_cat?post=3549"},{"taxonomy":"product_tag","embeddable":true,"href":"https:\/\/fullsolutions.info\/en\/wp-json\/wp\/v2\/product_tag?post=3549"},{"taxonomy":"marca","embeddable":true,"href":"https:\/\/fullsolutions.info\/en\/wp-json\/wp\/v2\/marca?post=3549"}],"curies":[{"name":"wp","href":"https:\/\/api.w.org\/{rel}","templated":true}]}}