{"id":3547,"date":"2023-10-31T18:50:11","date_gmt":"2023-10-31T18:50:11","guid":{"rendered":"https:\/\/fullsolutionsequip.com\/?post_type=product&#038;p=3547"},"modified":"2024-02-19T16:16:47","modified_gmt":"2024-02-19T16:16:47","slug":"alto-falante-medc-db4b","status":"publish","type":"product","link":"https:\/\/fullsolutions.info\/en\/product\/alto-falante-medc-db4b\/","title":{"rendered":"Alto-falante MEDC DB4B"},"content":{"rendered":"<div class=\"elementor-element elementor-element-b17befe elementor-widget elementor-widget-heading\" data-id=\"b17befe\" data-element_type=\"widget\" data-widget_type=\"heading.default\">\n<div class=\"elementor-widget-container\">\n<h2 class=\"elementor-heading-title elementor-size-default\"><b style=\"font-size: 16px;\">Descri\u00e7\u00e3o<\/b><\/h2>\n<\/div>\n<\/div>\n<div class=\"elementor-element elementor-element-2dbd9d0 elementor-widget elementor-widget-text-editor\" data-id=\"2dbd9d0\" data-element_type=\"widget\" data-widget_type=\"text-editor.default\">\n<div class=\"elementor-widget-container\">\n<div class=\"elementor-text-editor elementor-clearfix\">\n<p>De at\u00e9 25 Watts, Ex, \u00e0 \u200b\u200bprova de intemp\u00e9ries.<\/p>\n<p>O DB4B \u00e9 um alto-falante \u00e0 prova de explos\u00e3o de alta pot\u00eancia, apresentado como um substituto para o DB4 atual com inteligibilidade e desempenho ac\u00fastico aprimorados.\u00a0Certificado para uso em uma ampla faixa de temperaturas de -55 \u00b0 C a + 70 \u00b0 C, o gabinete Ex \u00e9 fabricado em GRP com um flare termopl\u00e1stico resistente que fornece um produto livre de corros\u00e3o e esteticamente agrad\u00e1vel.<\/p>\n<p><strong>Recursos<\/strong><\/p>\n<ul>\n<li>Ex d \/ Ex de IIC \/ IIIC T4 \/ T5 \/ T6<\/li>\n<li>Ex d IIC \/ AEx d IIC Gb<\/li>\n<li>Certificado ATEX<\/li>\n<li>Certificado IECEx<\/li>\n<li>Certifica\u00e7\u00e3o UL para EUA e Canad\u00e1\n<ul>\n<li>Classe I, Div 2, Grupos AD<\/li>\n<li>Classe I, Zona 1, Ex d IIC \/ AEx d IIC Gb<\/li>\n<li>Classe II, Div 2, Grupos F e G<\/li>\n<li>Zona 21, AEx tb IIIC<\/li>\n<li>Classe III, Div.\u00a01<\/li>\n<\/ul>\n<\/li>\n<li>TR CU certificado<\/li>\n<li>Certificado CQST<\/li>\n<li>Certificado pelo INMETRO<\/li>\n<li>Certificado CCOE<\/li>\n<li>Certificado SIL 2<\/li>\n<li>Tipo DNV aprovado (IEC60945)<\/li>\n<li>Certificado CSFM<\/li>\n<li>Temperatura certificada -55\u00baC a + 70\u00baC *<\/li>\n<li>IP66 e IP67 \/ NEMA 4X e 6<\/li>\n<li>C\u00e2mara de terminal Ex e opcional<\/li>\n<li>124dB a 25W, 1m *<\/li>\n<li>Vers\u00f5es 8W, 15W e 25W<\/li>\n<li>Tomadas de energia, via transformador integral<\/li>\n<li>Resposta de frequ\u00eancia 350Hz \u2013 8kHz<\/li>\n<li>Inv\u00f3lucro Ex \u2013 poli\u00e9ster refor\u00e7ado com vidro<\/li>\n<li>Flare \u2013 poli\u00e9ster termopl\u00e1stico de alto impacto<\/li>\n<li>Viga de terra interna instalada como padr\u00e3o<\/li>\n<li>Suporte de montagem de a\u00e7o inoxid\u00e1vel e parafusos de cobertura<\/li>\n<li>O suporte de montagem tem uma catraca como padr\u00e3o<\/li>\n<li>Suporte girat\u00f3rio opcional dispon\u00edvel<\/li>\n<li>Fus\u00edvel reajust\u00e1vel opcional \u2020<\/li>\n<\/ul>\n<\/div>\n<\/div>\n<\/div>","protected":false},"excerpt":{"rendered":"<p>Descri\u00e7\u00e3o De at\u00e9 25 Watts, Ex, \u00e0 \u200b\u200bprova de intemp\u00e9ries. O DB4B \u00e9 um alto-falante \u00e0 prova de explos\u00e3o de alta pot\u00eancia, apresentado como um substituto para o DB4 atual com inteligibilidade e desempenho ac\u00fastico aprimorados.\u00a0Certificado para uso em uma ampla faixa de temperaturas de -55 \u00b0 C a + 70 \u00b0 C, o gabinete Ex \u00e9 fabricado em GRP com um flare termopl\u00e1stico resistente que fornece um produto livre de corros\u00e3o e esteticamente agrad\u00e1vel. Recursos Ex d \/ Ex de IIC \/ IIIC T4 \/ T5 \/ T6 Ex d IIC \/ AEx d IIC Gb Certificado ATEX Certificado IECEx Certifica\u00e7\u00e3o UL para EUA e Canad\u00e1 Classe I, Div 2, Grupos AD Classe I, Zona 1, Ex d IIC \/ AEx d IIC Gb Classe II, Div 2, Grupos F e G Zona 21, AEx tb IIIC Classe III, Div.\u00a01 TR CU certificado Certificado CQST Certificado pelo INMETRO Certificado CCOE Certificado SIL 2 Tipo DNV aprovado (IEC60945) Certificado CSFM Temperatura certificada -55\u00baC a + 70\u00baC * IP66 e IP67 \/ NEMA 4X e 6 C\u00e2mara de terminal Ex e opcional 124dB a 25W, 1m * Vers\u00f5es 8W, 15W e 25W Tomadas de energia, via transformador integral Resposta de frequ\u00eancia 350Hz \u2013 8kHz Inv\u00f3lucro Ex \u2013 poli\u00e9ster refor\u00e7ado com vidro Flare \u2013 poli\u00e9ster termopl\u00e1stico de alto impacto Viga de terra interna instalada como padr\u00e3o Suporte de montagem de a\u00e7o inoxid\u00e1vel e parafusos de cobertura O suporte de montagem tem uma catraca como padr\u00e3o Suporte girat\u00f3rio opcional dispon\u00edvel Fus\u00edvel reajust\u00e1vel opcional \u2020<\/p>","protected":false},"featured_media":3550,"comment_status":"open","ping_status":"closed","template":"","meta":{"_joinchat":[]},"product_brand":[],"product_cat":[133],"product_tag":[],"marca":[74],"class_list":{"0":"post-3547","1":"product","2":"type-product","3":"status-publish","4":"has-post-thumbnail","6":"product_cat-alto-falantes","7":"marca-medc","9":"first","10":"instock","11":"shipping-taxable","12":"purchasable","13":"product-type-simple"},"yoast_head":"<!-- This site is optimized with the Yoast SEO plugin v27.2 - https:\/\/yoast.com\/product\/yoast-seo-wordpress\/ -->\n<title>Alto-falante MEDC DB4B - Full Solutions<\/title>\n<meta name=\"robots\" content=\"index, follow, max-snippet:-1, max-image-preview:large, max-video-preview:-1\" \/>\n<link rel=\"canonical\" href=\"https:\/\/fullsolutions.info\/en\/product\/alto-falante-medc-db4b\/\" \/>\n<meta property=\"og:locale\" content=\"en_US\" \/>\n<meta property=\"og:type\" content=\"article\" \/>\n<meta property=\"og:title\" content=\"Alto-falante MEDC DB4B - Full Solutions\" \/>\n<meta property=\"og:description\" content=\"Descri\u00e7\u00e3o De at\u00e9 25 Watts, Ex, \u00e0 \u200b\u200bprova de intemp\u00e9ries. O DB4B \u00e9 um alto-falante \u00e0 prova de explos\u00e3o de alta pot\u00eancia, apresentado como um substituto para o DB4 atual com inteligibilidade e desempenho ac\u00fastico aprimorados.\u00a0Certificado para uso em uma ampla faixa de temperaturas de -55 \u00b0 C a + 70 \u00b0 C, o gabinete Ex \u00e9 fabricado em GRP com um flare termopl\u00e1stico resistente que fornece um produto livre de corros\u00e3o e esteticamente agrad\u00e1vel. Recursos Ex d \/ Ex de IIC \/ IIIC T4 \/ T5 \/ T6 Ex d IIC \/ AEx d IIC Gb Certificado ATEX Certificado IECEx Certifica\u00e7\u00e3o UL para EUA e Canad\u00e1 Classe I, Div 2, Grupos AD Classe I, Zona 1, Ex d IIC \/ AEx d IIC Gb Classe II, Div 2, Grupos F e G Zona 21, AEx tb IIIC Classe III, Div.\u00a01 TR CU certificado Certificado CQST Certificado pelo INMETRO Certificado CCOE Certificado SIL 2 Tipo DNV aprovado (IEC60945) Certificado CSFM Temperatura certificada -55\u00baC a + 70\u00baC * IP66 e IP67 \/ NEMA 4X e 6 C\u00e2mara de terminal Ex e opcional 124dB a 25W, 1m * Vers\u00f5es 8W, 15W e 25W Tomadas de energia, via transformador integral Resposta de frequ\u00eancia 350Hz \u2013 8kHz Inv\u00f3lucro Ex \u2013 poli\u00e9ster refor\u00e7ado com vidro Flare \u2013 poli\u00e9ster termopl\u00e1stico de alto impacto Viga de terra interna instalada como padr\u00e3o Suporte de montagem de a\u00e7o inoxid\u00e1vel e parafusos de cobertura O suporte de montagem tem uma catraca como padr\u00e3o Suporte girat\u00f3rio opcional dispon\u00edvel Fus\u00edvel reajust\u00e1vel opcional \u2020\" \/>\n<meta property=\"og:url\" content=\"https:\/\/fullsolutions.info\/en\/product\/alto-falante-medc-db4b\/\" \/>\n<meta property=\"og:site_name\" content=\"Full Solutions\" \/>\n<meta property=\"article:modified_time\" content=\"2024-02-19T16:16:47+00:00\" \/>\n<meta property=\"og:image\" content=\"https:\/\/mlhff0prgoxu.i.optimole.com\/cb:s0sM.767\/w:auto\/h:auto\/q:mauto\/f:best\/https:\/\/fullsolutions.info\/wp-content\/uploads\/2023\/10\/47-min.png\" \/>\n\t<meta property=\"og:image:width\" content=\"560\" \/>\n\t<meta property=\"og:image:height\" content=\"315\" \/>\n\t<meta property=\"og:image:type\" content=\"image\/png\" \/>\n<meta name=\"twitter:card\" content=\"summary_large_image\" \/>\n<meta name=\"twitter:label1\" content=\"Est. reading time\" \/>\n\t<meta name=\"twitter:data1\" content=\"1 minute\" \/>\n<script type=\"application\/ld+json\" class=\"yoast-schema-graph\">{\"@context\":\"https:\/\/schema.org\",\"@graph\":[{\"@type\":\"WebPage\",\"@id\":\"https:\/\/fullsolutions.info\/produto\/alto-falante-medc-db4b\/\",\"url\":\"https:\/\/fullsolutions.info\/produto\/alto-falante-medc-db4b\/\",\"name\":\"Alto-falante MEDC DB4B - Full Solutions\",\"isPartOf\":{\"@id\":\"https:\/\/fullsolutions.info\/#website\"},\"primaryImageOfPage\":{\"@id\":\"https:\/\/fullsolutions.info\/produto\/alto-falante-medc-db4b\/#primaryimage\"},\"image\":{\"@id\":\"https:\/\/fullsolutions.info\/produto\/alto-falante-medc-db4b\/#primaryimage\"},\"thumbnailUrl\":\"https:\/\/mlhff0prgoxu.i.optimole.com\/cb:s0sM.767\/w:auto\/h:auto\/q:mauto\/f:best\/https:\/\/fullsolutions.info\/wp-content\/uploads\/2023\/10\/47-min.png\",\"datePublished\":\"2023-10-31T18:50:11+00:00\",\"dateModified\":\"2024-02-19T16:16:47+00:00\",\"breadcrumb\":{\"@id\":\"https:\/\/fullsolutions.info\/produto\/alto-falante-medc-db4b\/#breadcrumb\"},\"inLanguage\":\"en-US\",\"potentialAction\":[{\"@type\":\"ReadAction\",\"target\":[\"https:\/\/fullsolutions.info\/produto\/alto-falante-medc-db4b\/\"]}]},{\"@type\":\"ImageObject\",\"inLanguage\":\"en-US\",\"@id\":\"https:\/\/fullsolutions.info\/produto\/alto-falante-medc-db4b\/#primaryimage\",\"url\":\"https:\/\/mlhff0prgoxu.i.optimole.com\/cb:s0sM.767\/w:auto\/h:auto\/q:mauto\/f:best\/https:\/\/fullsolutions.info\/wp-content\/uploads\/2023\/10\/47-min.png\",\"contentUrl\":\"https:\/\/mlhff0prgoxu.i.optimole.com\/cb:s0sM.767\/w:auto\/h:auto\/q:mauto\/f:best\/https:\/\/fullsolutions.info\/wp-content\/uploads\/2023\/10\/47-min.png\",\"width\":560,\"height\":315},{\"@type\":\"BreadcrumbList\",\"@id\":\"https:\/\/fullsolutions.info\/produto\/alto-falante-medc-db4b\/#breadcrumb\",\"itemListElement\":[{\"@type\":\"ListItem\",\"position\":1,\"name\":\"In\u00edcio\",\"item\":\"https:\/\/fullsolutions.info\/\"},{\"@type\":\"ListItem\",\"position\":2,\"name\":\"Produtos\",\"item\":\"https:\/\/fullsolutions.info\/shop\/\"},{\"@type\":\"ListItem\",\"position\":3,\"name\":\"Alto-falante MEDC DB4B\"}]},{\"@type\":\"WebSite\",\"@id\":\"https:\/\/fullsolutions.info\/#website\",\"url\":\"https:\/\/fullsolutions.info\/\",\"name\":\"Full Solutions\",\"description\":\"Empresa na \u00c1rea de Procurement\",\"publisher\":{\"@id\":\"https:\/\/fullsolutions.info\/#organization\"},\"potentialAction\":[{\"@type\":\"SearchAction\",\"target\":{\"@type\":\"EntryPoint\",\"urlTemplate\":\"https:\/\/fullsolutions.info\/?s={search_term_string}\"},\"query-input\":{\"@type\":\"PropertyValueSpecification\",\"valueRequired\":true,\"valueName\":\"search_term_string\"}}],\"inLanguage\":\"en-US\"},{\"@type\":\"Organization\",\"@id\":\"https:\/\/fullsolutions.info\/#organization\",\"name\":\"Full Solutions\",\"url\":\"https:\/\/fullsolutions.info\/\",\"logo\":{\"@type\":\"ImageObject\",\"inLanguage\":\"en-US\",\"@id\":\"https:\/\/fullsolutions.info\/#\/schema\/logo\/image\/\",\"url\":\"https:\/\/mlhff0prgoxu.i.optimole.com\/cb:s0sM.767\/w:auto\/h:auto\/q:mauto\/f:best\/https:\/\/fullsolutions.info\/wp-content\/uploads\/2021\/07\/cropped-Design-sem-nome-300x193-1-e1627062664782.png\",\"contentUrl\":\"https:\/\/mlhff0prgoxu.i.optimole.com\/cb:s0sM.767\/w:auto\/h:auto\/q:mauto\/f:best\/https:\/\/fullsolutions.info\/wp-content\/uploads\/2021\/07\/cropped-Design-sem-nome-300x193-1-e1627062664782.png\",\"width\":202,\"height\":155,\"caption\":\"Full Solutions\"},\"image\":{\"@id\":\"https:\/\/fullsolutions.info\/#\/schema\/logo\/image\/\"},\"sameAs\":[\"https:\/\/www.linkedin.com\/company\/full-solutions-equipment\"]}]}<\/script>\n<!-- \/ Yoast SEO plugin. -->","yoast_head_json":{"title":"Alto-falante MEDC DB4B - Full Solutions","robots":{"index":"index","follow":"follow","max-snippet":"max-snippet:-1","max-image-preview":"max-image-preview:large","max-video-preview":"max-video-preview:-1"},"canonical":"https:\/\/fullsolutions.info\/en\/product\/alto-falante-medc-db4b\/","og_locale":"en_US","og_type":"article","og_title":"Alto-falante MEDC DB4B - Full Solutions","og_description":"Descri\u00e7\u00e3o De at\u00e9 25 Watts, Ex, \u00e0 \u200b\u200bprova de intemp\u00e9ries. O DB4B \u00e9 um alto-falante \u00e0 prova de explos\u00e3o de alta pot\u00eancia, apresentado como um substituto para o DB4 atual com inteligibilidade e desempenho ac\u00fastico aprimorados.\u00a0Certificado para uso em uma ampla faixa de temperaturas de -55 \u00b0 C a + 70 \u00b0 C, o gabinete Ex \u00e9 fabricado em GRP com um flare termopl\u00e1stico resistente que fornece um produto livre de corros\u00e3o e esteticamente agrad\u00e1vel. Recursos Ex d \/ Ex de IIC \/ IIIC T4 \/ T5 \/ T6 Ex d IIC \/ AEx d IIC Gb Certificado ATEX Certificado IECEx Certifica\u00e7\u00e3o UL para EUA e Canad\u00e1 Classe I, Div 2, Grupos AD Classe I, Zona 1, Ex d IIC \/ AEx d IIC Gb Classe II, Div 2, Grupos F e G Zona 21, AEx tb IIIC Classe III, Div.\u00a01 TR CU certificado Certificado CQST Certificado pelo INMETRO Certificado CCOE Certificado SIL 2 Tipo DNV aprovado (IEC60945) Certificado CSFM Temperatura certificada -55\u00baC a + 70\u00baC * IP66 e IP67 \/ NEMA 4X e 6 C\u00e2mara de terminal Ex e opcional 124dB a 25W, 1m * Vers\u00f5es 8W, 15W e 25W Tomadas de energia, via transformador integral Resposta de frequ\u00eancia 350Hz \u2013 8kHz Inv\u00f3lucro Ex \u2013 poli\u00e9ster refor\u00e7ado com vidro Flare \u2013 poli\u00e9ster termopl\u00e1stico de alto impacto Viga de terra interna instalada como padr\u00e3o Suporte de montagem de a\u00e7o inoxid\u00e1vel e parafusos de cobertura O suporte de montagem tem uma catraca como padr\u00e3o Suporte girat\u00f3rio opcional dispon\u00edvel Fus\u00edvel reajust\u00e1vel opcional \u2020","og_url":"https:\/\/fullsolutions.info\/en\/product\/alto-falante-medc-db4b\/","og_site_name":"Full Solutions","article_modified_time":"2024-02-19T16:16:47+00:00","og_image":[{"width":560,"height":315,"url":"https:\/\/mlhff0prgoxu.i.optimole.com\/cb:s0sM.767\/w:auto\/h:auto\/q:mauto\/f:best\/https:\/\/fullsolutions.info\/wp-content\/uploads\/2023\/10\/47-min.png","type":"image\/png"}],"twitter_card":"summary_large_image","twitter_misc":{"Est. reading time":"1 minute"},"schema":{"@context":"https:\/\/schema.org","@graph":[{"@type":"WebPage","@id":"https:\/\/fullsolutions.info\/produto\/alto-falante-medc-db4b\/","url":"https:\/\/fullsolutions.info\/produto\/alto-falante-medc-db4b\/","name":"Alto-falante MEDC DB4B - Full Solutions","isPartOf":{"@id":"https:\/\/fullsolutions.info\/#website"},"primaryImageOfPage":{"@id":"https:\/\/fullsolutions.info\/produto\/alto-falante-medc-db4b\/#primaryimage"},"image":{"@id":"https:\/\/fullsolutions.info\/produto\/alto-falante-medc-db4b\/#primaryimage"},"thumbnailUrl":"https:\/\/mlhff0prgoxu.i.optimole.com\/cb:s0sM.767\/w:auto\/h:auto\/q:mauto\/f:best\/https:\/\/fullsolutions.info\/wp-content\/uploads\/2023\/10\/47-min.png","datePublished":"2023-10-31T18:50:11+00:00","dateModified":"2024-02-19T16:16:47+00:00","breadcrumb":{"@id":"https:\/\/fullsolutions.info\/produto\/alto-falante-medc-db4b\/#breadcrumb"},"inLanguage":"en-US","potentialAction":[{"@type":"ReadAction","target":["https:\/\/fullsolutions.info\/produto\/alto-falante-medc-db4b\/"]}]},{"@type":"ImageObject","inLanguage":"en-US","@id":"https:\/\/fullsolutions.info\/produto\/alto-falante-medc-db4b\/#primaryimage","url":"https:\/\/mlhff0prgoxu.i.optimole.com\/cb:s0sM.767\/w:auto\/h:auto\/q:mauto\/f:best\/https:\/\/fullsolutions.info\/wp-content\/uploads\/2023\/10\/47-min.png","contentUrl":"https:\/\/mlhff0prgoxu.i.optimole.com\/cb:s0sM.767\/w:auto\/h:auto\/q:mauto\/f:best\/https:\/\/fullsolutions.info\/wp-content\/uploads\/2023\/10\/47-min.png","width":560,"height":315},{"@type":"BreadcrumbList","@id":"https:\/\/fullsolutions.info\/produto\/alto-falante-medc-db4b\/#breadcrumb","itemListElement":[{"@type":"ListItem","position":1,"name":"In\u00edcio","item":"https:\/\/fullsolutions.info\/"},{"@type":"ListItem","position":2,"name":"Produtos","item":"https:\/\/fullsolutions.info\/shop\/"},{"@type":"ListItem","position":3,"name":"Alto-falante MEDC DB4B"}]},{"@type":"WebSite","@id":"https:\/\/fullsolutions.info\/#website","url":"https:\/\/fullsolutions.info\/","name":"Full Solutions","description":"Empresa na \u00c1rea de Procurement","publisher":{"@id":"https:\/\/fullsolutions.info\/#organization"},"potentialAction":[{"@type":"SearchAction","target":{"@type":"EntryPoint","urlTemplate":"https:\/\/fullsolutions.info\/?s={search_term_string}"},"query-input":{"@type":"PropertyValueSpecification","valueRequired":true,"valueName":"search_term_string"}}],"inLanguage":"en-US"},{"@type":"Organization","@id":"https:\/\/fullsolutions.info\/#organization","name":"Full Solutions","url":"https:\/\/fullsolutions.info\/","logo":{"@type":"ImageObject","inLanguage":"en-US","@id":"https:\/\/fullsolutions.info\/#\/schema\/logo\/image\/","url":"https:\/\/mlhff0prgoxu.i.optimole.com\/cb:s0sM.767\/w:auto\/h:auto\/q:mauto\/f:best\/https:\/\/fullsolutions.info\/wp-content\/uploads\/2021\/07\/cropped-Design-sem-nome-300x193-1-e1627062664782.png","contentUrl":"https:\/\/mlhff0prgoxu.i.optimole.com\/cb:s0sM.767\/w:auto\/h:auto\/q:mauto\/f:best\/https:\/\/fullsolutions.info\/wp-content\/uploads\/2021\/07\/cropped-Design-sem-nome-300x193-1-e1627062664782.png","width":202,"height":155,"caption":"Full Solutions"},"image":{"@id":"https:\/\/fullsolutions.info\/#\/schema\/logo\/image\/"},"sameAs":["https:\/\/www.linkedin.com\/company\/full-solutions-equipment"]}]}},"_links":{"self":[{"href":"https:\/\/fullsolutions.info\/en\/wp-json\/wp\/v2\/product\/3547","targetHints":{"allow":["GET"]}}],"collection":[{"href":"https:\/\/fullsolutions.info\/en\/wp-json\/wp\/v2\/product"}],"about":[{"href":"https:\/\/fullsolutions.info\/en\/wp-json\/wp\/v2\/types\/product"}],"replies":[{"embeddable":true,"href":"https:\/\/fullsolutions.info\/en\/wp-json\/wp\/v2\/comments?post=3547"}],"wp:featuredmedia":[{"embeddable":true,"href":"https:\/\/fullsolutions.info\/en\/wp-json\/wp\/v2\/media\/3550"}],"wp:attachment":[{"href":"https:\/\/fullsolutions.info\/en\/wp-json\/wp\/v2\/media?parent=3547"}],"wp:term":[{"taxonomy":"product_brand","embeddable":true,"href":"https:\/\/fullsolutions.info\/en\/wp-json\/wp\/v2\/product_brand?post=3547"},{"taxonomy":"product_cat","embeddable":true,"href":"https:\/\/fullsolutions.info\/en\/wp-json\/wp\/v2\/product_cat?post=3547"},{"taxonomy":"product_tag","embeddable":true,"href":"https:\/\/fullsolutions.info\/en\/wp-json\/wp\/v2\/product_tag?post=3547"},{"taxonomy":"marca","embeddable":true,"href":"https:\/\/fullsolutions.info\/en\/wp-json\/wp\/v2\/marca?post=3547"}],"curies":[{"name":"wp","href":"https:\/\/api.w.org\/{rel}","templated":true}]}}