{"id":3542,"date":"2023-10-31T18:43:40","date_gmt":"2023-10-31T18:43:40","guid":{"rendered":"https:\/\/fullsolutionsequip.com\/?post_type=product&#038;p=3542"},"modified":"2024-02-19T16:16:47","modified_gmt":"2024-02-19T16:16:47","slug":"acionador-de-alarme-manual-medc-pb","status":"publish","type":"product","link":"https:\/\/fullsolutions.info\/en\/product\/acionador-de-alarme-manual-medc-pb\/","title":{"rendered":"Acionador de alarme manual MEDC PB"},"content":{"rendered":"<div class=\"elementor-element elementor-element-b17befe elementor-widget elementor-widget-heading\" data-id=\"b17befe\" data-element_type=\"widget\" data-widget_type=\"heading.default\">\n<div class=\"elementor-widget-container\">\n<h2 class=\"elementor-heading-title elementor-size-default\"><b style=\"font-size: 16px;\">Descri\u00e7\u00e3o<\/b><\/h2>\n<\/div>\n<\/div>\n<div class=\"elementor-element elementor-element-2dbd9d0 elementor-widget elementor-widget-text-editor\" data-id=\"2dbd9d0\" data-element_type=\"widget\" data-widget_type=\"text-editor.default\">\n<div class=\"elementor-widget-container\">\n<div class=\"elementor-text-editor elementor-clearfix\">\n<div class=\"elementor-element elementor-element-2dbd9d0 elementor-widget elementor-widget-text-editor\" data-id=\"2dbd9d0\" data-element_type=\"widget\" data-widget_type=\"text-editor.default\">\n<div class=\"elementor-widget-container\">\n<div class=\"elementor-text-editor elementor-clearfix\">\n<p>Projetado para uso em locais perigosos e condi\u00e7\u00f5es ambientais adversas.<\/p>\n<p>O gabinete GRP \u00e9 adequado para uso em terra ou no mar, onde \u00e9 necess\u00e1rio um peso leve combinado com um alto n\u00edvel de resist\u00eancia \u00e0 corros\u00e3o.<\/p>\n<p>A unidade \u00e9 fornecida com uma aba de eleva\u00e7\u00e3o que trava firmemente no lugar.<\/p>\n<p><strong>Recursos<\/strong><\/p>\n<ul>\n<li>Certificado ATEX<\/li>\n<li>Certificado IECEx<\/li>\n<li>Certificado UL para Haz locs<\/li>\n<li>Certifica\u00e7\u00e3o UL para Ord locs<\/li>\n<li>TR CU certificado<\/li>\n<li>Certificado chin\u00eas (CQST)<\/li>\n<li>Certificado brasileiro (INMETRO)<\/li>\n<li>Certificado CCOE<\/li>\n<li>Aprova\u00e7\u00e3o de tipo DNV (IEC 60945)<\/li>\n<li>Certificado SIL 2<\/li>\n<li>IP66 e IP67<\/li>\n<li>Constru\u00e7\u00e3o GRP livre de corros\u00e3o<\/li>\n<li>Variedade de cores dispon\u00edveis<\/li>\n<li>At\u00e9 9 terminais dispon\u00edveis<\/li>\n<li>LED opcional \u2013 indica que a unidade foi operada<\/li>\n<li>Op\u00e7\u00e3o de continuidade de terra para gl\u00e2ndulas de metal<\/li>\n<li>1 ou 2 interruptores de transi\u00e7\u00e3o<\/li>\n<li>Parafusos da tampa cativa<\/li>\n<li>Aba de levantamento como padr\u00e3o<\/li>\n<li>Travamento como padr\u00e3o.\u00a0Auto reset (moment\u00e2neo) dispon\u00edvel<\/li>\n<\/ul>\n<\/div>\n<\/div>\n<\/div>\n<p>Projetado para uso em locais perigosos e condi\u00e7\u00f5es ambientais adversas.<\/p>\n<p>O gabinete GRP \u00e9 adequado para uso em terra ou no mar, onde \u00e9 necess\u00e1rio um peso leve combinado com um alto n\u00edvel de resist\u00eancia \u00e0 corros\u00e3o.<\/p>\n<p>A unidade \u00e9 fornecida com uma aba de eleva\u00e7\u00e3o que trava firmemente no lugar.<\/p>\n<p><strong>Recursos<\/strong><\/p>\n<ul>\n<li>Certificado ATEX<\/li>\n<li>Certificado IECEx<\/li>\n<li>Certificado UL para Haz locs<\/li>\n<li>Certifica\u00e7\u00e3o UL para Ord locs<\/li>\n<li>TR CU certificado<\/li>\n<li>Certificado chin\u00eas (CQST)<\/li>\n<li>Certificado brasileiro (INMETRO)<\/li>\n<li>Certificado CCOE<\/li>\n<li>Aprova\u00e7\u00e3o de tipo DNV (IEC 60945)<\/li>\n<li>Certificado SIL 2<\/li>\n<li>IP66 e IP67<\/li>\n<li>Constru\u00e7\u00e3o GRP livre de corros\u00e3o<\/li>\n<li>Variedade de cores dispon\u00edveis<\/li>\n<li>At\u00e9 9 terminais dispon\u00edveis<\/li>\n<li>LED opcional \u2013 indica que a unidade foi operada<\/li>\n<li>Op\u00e7\u00e3o de continuidade de terra para gl\u00e2ndulas de metal<\/li>\n<li>1 ou 2 interruptores de transi\u00e7\u00e3o<\/li>\n<li>Parafusos da tampa cativa<\/li>\n<li>Aba de levantamento como padr\u00e3o<\/li>\n<li>Travamento como padr\u00e3o.\u00a0Auto reset (moment\u00e2neo) dispon\u00edvel<\/li>\n<\/ul>\n<\/div>\n<\/div>\n<\/div>","protected":false},"excerpt":{"rendered":"<p>Descri\u00e7\u00e3o Projetado para uso em locais perigosos e condi\u00e7\u00f5es ambientais adversas. O gabinete GRP \u00e9 adequado para uso em terra ou no mar, onde \u00e9 necess\u00e1rio um peso leve combinado com um alto n\u00edvel de resist\u00eancia \u00e0 corros\u00e3o. A unidade \u00e9 fornecida com uma aba de eleva\u00e7\u00e3o que trava firmemente no lugar. Recursos Certificado ATEX Certificado IECEx Certificado UL para Haz locs Certifica\u00e7\u00e3o UL para Ord locs TR CU certificado Certificado chin\u00eas (CQST) Certificado brasileiro (INMETRO) Certificado CCOE Aprova\u00e7\u00e3o de tipo DNV (IEC 60945) Certificado SIL 2 IP66 e IP67 Constru\u00e7\u00e3o GRP livre de corros\u00e3o Variedade de cores dispon\u00edveis At\u00e9 9 terminais dispon\u00edveis LED opcional \u2013 indica que a unidade foi operada Op\u00e7\u00e3o de continuidade de terra para gl\u00e2ndulas de metal 1 ou 2 interruptores de transi\u00e7\u00e3o Parafusos da tampa cativa Aba de levantamento como padr\u00e3o Travamento como padr\u00e3o.\u00a0Auto reset (moment\u00e2neo) dispon\u00edvel Projetado para uso em locais perigosos e condi\u00e7\u00f5es ambientais adversas. O gabinete GRP \u00e9 adequado para uso em terra ou no mar, onde \u00e9 necess\u00e1rio um peso leve combinado com um alto n\u00edvel de resist\u00eancia \u00e0 corros\u00e3o. A unidade \u00e9 fornecida com uma aba de eleva\u00e7\u00e3o que trava firmemente no lugar. Recursos Certificado ATEX Certificado IECEx Certificado UL para Haz locs Certifica\u00e7\u00e3o UL para Ord locs TR CU certificado Certificado chin\u00eas (CQST) Certificado brasileiro (INMETRO) Certificado CCOE Aprova\u00e7\u00e3o de tipo DNV (IEC 60945) Certificado SIL 2 IP66 e IP67 Constru\u00e7\u00e3o GRP livre de corros\u00e3o Variedade de cores dispon\u00edveis At\u00e9 9 terminais dispon\u00edveis LED opcional \u2013 indica que a unidade foi operada Op\u00e7\u00e3o de continuidade de terra para gl\u00e2ndulas de metal 1 ou 2 interruptores de transi\u00e7\u00e3o Parafusos da tampa cativa Aba de levantamento como padr\u00e3o Travamento como padr\u00e3o.\u00a0Auto reset (moment\u00e2neo) dispon\u00edvel<\/p>","protected":false},"featured_media":3543,"comment_status":"open","ping_status":"closed","template":"","meta":{"_joinchat":[]},"product_brand":[],"product_cat":[132],"product_tag":[],"marca":[74],"class_list":{"0":"post-3542","1":"product","2":"type-product","3":"status-publish","4":"has-post-thumbnail","6":"product_cat-acionador-manual","7":"marca-medc","9":"first","10":"instock","11":"shipping-taxable","12":"purchasable","13":"product-type-simple"},"yoast_head":"<!-- This site is optimized with the Yoast SEO plugin v27.2 - https:\/\/yoast.com\/product\/yoast-seo-wordpress\/ -->\n<title>Acionador de alarme manual MEDC PB - Full Solutions<\/title>\n<meta name=\"robots\" content=\"index, follow, max-snippet:-1, max-image-preview:large, max-video-preview:-1\" \/>\n<link rel=\"canonical\" href=\"https:\/\/fullsolutions.info\/en\/product\/acionador-de-alarme-manual-medc-pb\/\" \/>\n<meta property=\"og:locale\" content=\"en_US\" \/>\n<meta property=\"og:type\" content=\"article\" \/>\n<meta property=\"og:title\" content=\"Acionador de alarme manual MEDC PB - Full Solutions\" \/>\n<meta property=\"og:description\" content=\"Descri\u00e7\u00e3o Projetado para uso em locais perigosos e condi\u00e7\u00f5es ambientais adversas. O gabinete GRP \u00e9 adequado para uso em terra ou no mar, onde \u00e9 necess\u00e1rio um peso leve combinado com um alto n\u00edvel de resist\u00eancia \u00e0 corros\u00e3o. A unidade \u00e9 fornecida com uma aba de eleva\u00e7\u00e3o que trava firmemente no lugar. Recursos Certificado ATEX Certificado IECEx Certificado UL para Haz locs Certifica\u00e7\u00e3o UL para Ord locs TR CU certificado Certificado chin\u00eas (CQST) Certificado brasileiro (INMETRO) Certificado CCOE Aprova\u00e7\u00e3o de tipo DNV (IEC 60945) Certificado SIL 2 IP66 e IP67 Constru\u00e7\u00e3o GRP livre de corros\u00e3o Variedade de cores dispon\u00edveis At\u00e9 9 terminais dispon\u00edveis LED opcional \u2013 indica que a unidade foi operada Op\u00e7\u00e3o de continuidade de terra para gl\u00e2ndulas de metal 1 ou 2 interruptores de transi\u00e7\u00e3o Parafusos da tampa cativa Aba de levantamento como padr\u00e3o Travamento como padr\u00e3o.\u00a0Auto reset (moment\u00e2neo) dispon\u00edvel Projetado para uso em locais perigosos e condi\u00e7\u00f5es ambientais adversas. O gabinete GRP \u00e9 adequado para uso em terra ou no mar, onde \u00e9 necess\u00e1rio um peso leve combinado com um alto n\u00edvel de resist\u00eancia \u00e0 corros\u00e3o. A unidade \u00e9 fornecida com uma aba de eleva\u00e7\u00e3o que trava firmemente no lugar. Recursos Certificado ATEX Certificado IECEx Certificado UL para Haz locs Certifica\u00e7\u00e3o UL para Ord locs TR CU certificado Certificado chin\u00eas (CQST) Certificado brasileiro (INMETRO) Certificado CCOE Aprova\u00e7\u00e3o de tipo DNV (IEC 60945) Certificado SIL 2 IP66 e IP67 Constru\u00e7\u00e3o GRP livre de corros\u00e3o Variedade de cores dispon\u00edveis At\u00e9 9 terminais dispon\u00edveis LED opcional \u2013 indica que a unidade foi operada Op\u00e7\u00e3o de continuidade de terra para gl\u00e2ndulas de metal 1 ou 2 interruptores de transi\u00e7\u00e3o Parafusos da tampa cativa Aba de levantamento como padr\u00e3o Travamento como padr\u00e3o.\u00a0Auto reset (moment\u00e2neo) dispon\u00edvel\" \/>\n<meta property=\"og:url\" content=\"https:\/\/fullsolutions.info\/en\/product\/acionador-de-alarme-manual-medc-pb\/\" \/>\n<meta property=\"og:site_name\" content=\"Full Solutions\" \/>\n<meta property=\"article:modified_time\" content=\"2024-02-19T16:16:47+00:00\" \/>\n<meta property=\"og:image\" content=\"https:\/\/mlhff0prgoxu.i.optimole.com\/cb:s0sM.767\/w:auto\/h:auto\/q:mauto\/f:best\/https:\/\/fullsolutions.info\/wp-content\/uploads\/2023\/10\/4-1.png\" \/>\n\t<meta property=\"og:image:width\" content=\"560\" \/>\n\t<meta property=\"og:image:height\" content=\"315\" \/>\n\t<meta property=\"og:image:type\" content=\"image\/png\" \/>\n<meta name=\"twitter:card\" content=\"summary_large_image\" \/>\n<meta name=\"twitter:label1\" content=\"Est. reading time\" \/>\n\t<meta name=\"twitter:data1\" content=\"2 minutes\" \/>\n<script type=\"application\/ld+json\" class=\"yoast-schema-graph\">{\"@context\":\"https:\/\/schema.org\",\"@graph\":[{\"@type\":\"WebPage\",\"@id\":\"https:\/\/fullsolutions.info\/produto\/acionador-de-alarme-manual-medc-pb\/\",\"url\":\"https:\/\/fullsolutions.info\/produto\/acionador-de-alarme-manual-medc-pb\/\",\"name\":\"Acionador de alarme manual MEDC PB - Full Solutions\",\"isPartOf\":{\"@id\":\"https:\/\/fullsolutions.info\/#website\"},\"primaryImageOfPage\":{\"@id\":\"https:\/\/fullsolutions.info\/produto\/acionador-de-alarme-manual-medc-pb\/#primaryimage\"},\"image\":{\"@id\":\"https:\/\/fullsolutions.info\/produto\/acionador-de-alarme-manual-medc-pb\/#primaryimage\"},\"thumbnailUrl\":\"https:\/\/mlhff0prgoxu.i.optimole.com\/cb:s0sM.767\/w:auto\/h:auto\/q:mauto\/f:best\/https:\/\/fullsolutions.info\/wp-content\/uploads\/2023\/10\/4-1.png\",\"datePublished\":\"2023-10-31T18:43:40+00:00\",\"dateModified\":\"2024-02-19T16:16:47+00:00\",\"breadcrumb\":{\"@id\":\"https:\/\/fullsolutions.info\/produto\/acionador-de-alarme-manual-medc-pb\/#breadcrumb\"},\"inLanguage\":\"en-US\",\"potentialAction\":[{\"@type\":\"ReadAction\",\"target\":[\"https:\/\/fullsolutions.info\/produto\/acionador-de-alarme-manual-medc-pb\/\"]}]},{\"@type\":\"ImageObject\",\"inLanguage\":\"en-US\",\"@id\":\"https:\/\/fullsolutions.info\/produto\/acionador-de-alarme-manual-medc-pb\/#primaryimage\",\"url\":\"https:\/\/mlhff0prgoxu.i.optimole.com\/cb:s0sM.767\/w:auto\/h:auto\/q:mauto\/f:best\/https:\/\/fullsolutions.info\/wp-content\/uploads\/2023\/10\/4-1.png\",\"contentUrl\":\"https:\/\/mlhff0prgoxu.i.optimole.com\/cb:s0sM.767\/w:auto\/h:auto\/q:mauto\/f:best\/https:\/\/fullsolutions.info\/wp-content\/uploads\/2023\/10\/4-1.png\",\"width\":560,\"height\":315},{\"@type\":\"BreadcrumbList\",\"@id\":\"https:\/\/fullsolutions.info\/produto\/acionador-de-alarme-manual-medc-pb\/#breadcrumb\",\"itemListElement\":[{\"@type\":\"ListItem\",\"position\":1,\"name\":\"In\u00edcio\",\"item\":\"https:\/\/fullsolutions.info\/\"},{\"@type\":\"ListItem\",\"position\":2,\"name\":\"Produtos\",\"item\":\"https:\/\/fullsolutions.info\/shop\/\"},{\"@type\":\"ListItem\",\"position\":3,\"name\":\"Acionador de alarme manual MEDC PB\"}]},{\"@type\":\"WebSite\",\"@id\":\"https:\/\/fullsolutions.info\/#website\",\"url\":\"https:\/\/fullsolutions.info\/\",\"name\":\"Full Solutions\",\"description\":\"Empresa na \u00c1rea de Procurement\",\"publisher\":{\"@id\":\"https:\/\/fullsolutions.info\/#organization\"},\"potentialAction\":[{\"@type\":\"SearchAction\",\"target\":{\"@type\":\"EntryPoint\",\"urlTemplate\":\"https:\/\/fullsolutions.info\/?s={search_term_string}\"},\"query-input\":{\"@type\":\"PropertyValueSpecification\",\"valueRequired\":true,\"valueName\":\"search_term_string\"}}],\"inLanguage\":\"en-US\"},{\"@type\":\"Organization\",\"@id\":\"https:\/\/fullsolutions.info\/#organization\",\"name\":\"Full Solutions\",\"url\":\"https:\/\/fullsolutions.info\/\",\"logo\":{\"@type\":\"ImageObject\",\"inLanguage\":\"en-US\",\"@id\":\"https:\/\/fullsolutions.info\/#\/schema\/logo\/image\/\",\"url\":\"https:\/\/mlhff0prgoxu.i.optimole.com\/cb:s0sM.767\/w:auto\/h:auto\/q:mauto\/f:best\/https:\/\/fullsolutions.info\/wp-content\/uploads\/2021\/07\/cropped-Design-sem-nome-300x193-1-e1627062664782.png\",\"contentUrl\":\"https:\/\/mlhff0prgoxu.i.optimole.com\/cb:s0sM.767\/w:auto\/h:auto\/q:mauto\/f:best\/https:\/\/fullsolutions.info\/wp-content\/uploads\/2021\/07\/cropped-Design-sem-nome-300x193-1-e1627062664782.png\",\"width\":202,\"height\":155,\"caption\":\"Full Solutions\"},\"image\":{\"@id\":\"https:\/\/fullsolutions.info\/#\/schema\/logo\/image\/\"},\"sameAs\":[\"https:\/\/www.linkedin.com\/company\/full-solutions-equipment\"]}]}<\/script>\n<!-- \/ Yoast SEO plugin. -->","yoast_head_json":{"title":"Acionador de alarme manual MEDC PB - Full Solutions","robots":{"index":"index","follow":"follow","max-snippet":"max-snippet:-1","max-image-preview":"max-image-preview:large","max-video-preview":"max-video-preview:-1"},"canonical":"https:\/\/fullsolutions.info\/en\/product\/acionador-de-alarme-manual-medc-pb\/","og_locale":"en_US","og_type":"article","og_title":"Acionador de alarme manual MEDC PB - Full Solutions","og_description":"Descri\u00e7\u00e3o Projetado para uso em locais perigosos e condi\u00e7\u00f5es ambientais adversas. O gabinete GRP \u00e9 adequado para uso em terra ou no mar, onde \u00e9 necess\u00e1rio um peso leve combinado com um alto n\u00edvel de resist\u00eancia \u00e0 corros\u00e3o. A unidade \u00e9 fornecida com uma aba de eleva\u00e7\u00e3o que trava firmemente no lugar. Recursos Certificado ATEX Certificado IECEx Certificado UL para Haz locs Certifica\u00e7\u00e3o UL para Ord locs TR CU certificado Certificado chin\u00eas (CQST) Certificado brasileiro (INMETRO) Certificado CCOE Aprova\u00e7\u00e3o de tipo DNV (IEC 60945) Certificado SIL 2 IP66 e IP67 Constru\u00e7\u00e3o GRP livre de corros\u00e3o Variedade de cores dispon\u00edveis At\u00e9 9 terminais dispon\u00edveis LED opcional \u2013 indica que a unidade foi operada Op\u00e7\u00e3o de continuidade de terra para gl\u00e2ndulas de metal 1 ou 2 interruptores de transi\u00e7\u00e3o Parafusos da tampa cativa Aba de levantamento como padr\u00e3o Travamento como padr\u00e3o.\u00a0Auto reset (moment\u00e2neo) dispon\u00edvel Projetado para uso em locais perigosos e condi\u00e7\u00f5es ambientais adversas. O gabinete GRP \u00e9 adequado para uso em terra ou no mar, onde \u00e9 necess\u00e1rio um peso leve combinado com um alto n\u00edvel de resist\u00eancia \u00e0 corros\u00e3o. A unidade \u00e9 fornecida com uma aba de eleva\u00e7\u00e3o que trava firmemente no lugar. Recursos Certificado ATEX Certificado IECEx Certificado UL para Haz locs Certifica\u00e7\u00e3o UL para Ord locs TR CU certificado Certificado chin\u00eas (CQST) Certificado brasileiro (INMETRO) Certificado CCOE Aprova\u00e7\u00e3o de tipo DNV (IEC 60945) Certificado SIL 2 IP66 e IP67 Constru\u00e7\u00e3o GRP livre de corros\u00e3o Variedade de cores dispon\u00edveis At\u00e9 9 terminais dispon\u00edveis LED opcional \u2013 indica que a unidade foi operada Op\u00e7\u00e3o de continuidade de terra para gl\u00e2ndulas de metal 1 ou 2 interruptores de transi\u00e7\u00e3o Parafusos da tampa cativa Aba de levantamento como padr\u00e3o Travamento como padr\u00e3o.\u00a0Auto reset (moment\u00e2neo) dispon\u00edvel","og_url":"https:\/\/fullsolutions.info\/en\/product\/acionador-de-alarme-manual-medc-pb\/","og_site_name":"Full Solutions","article_modified_time":"2024-02-19T16:16:47+00:00","og_image":[{"width":560,"height":315,"url":"https:\/\/mlhff0prgoxu.i.optimole.com\/cb:s0sM.767\/w:auto\/h:auto\/q:mauto\/f:best\/https:\/\/fullsolutions.info\/wp-content\/uploads\/2023\/10\/4-1.png","type":"image\/png"}],"twitter_card":"summary_large_image","twitter_misc":{"Est. reading time":"2 minutes"},"schema":{"@context":"https:\/\/schema.org","@graph":[{"@type":"WebPage","@id":"https:\/\/fullsolutions.info\/produto\/acionador-de-alarme-manual-medc-pb\/","url":"https:\/\/fullsolutions.info\/produto\/acionador-de-alarme-manual-medc-pb\/","name":"Acionador de alarme manual MEDC PB - Full Solutions","isPartOf":{"@id":"https:\/\/fullsolutions.info\/#website"},"primaryImageOfPage":{"@id":"https:\/\/fullsolutions.info\/produto\/acionador-de-alarme-manual-medc-pb\/#primaryimage"},"image":{"@id":"https:\/\/fullsolutions.info\/produto\/acionador-de-alarme-manual-medc-pb\/#primaryimage"},"thumbnailUrl":"https:\/\/mlhff0prgoxu.i.optimole.com\/cb:s0sM.767\/w:auto\/h:auto\/q:mauto\/f:best\/https:\/\/fullsolutions.info\/wp-content\/uploads\/2023\/10\/4-1.png","datePublished":"2023-10-31T18:43:40+00:00","dateModified":"2024-02-19T16:16:47+00:00","breadcrumb":{"@id":"https:\/\/fullsolutions.info\/produto\/acionador-de-alarme-manual-medc-pb\/#breadcrumb"},"inLanguage":"en-US","potentialAction":[{"@type":"ReadAction","target":["https:\/\/fullsolutions.info\/produto\/acionador-de-alarme-manual-medc-pb\/"]}]},{"@type":"ImageObject","inLanguage":"en-US","@id":"https:\/\/fullsolutions.info\/produto\/acionador-de-alarme-manual-medc-pb\/#primaryimage","url":"https:\/\/mlhff0prgoxu.i.optimole.com\/cb:s0sM.767\/w:auto\/h:auto\/q:mauto\/f:best\/https:\/\/fullsolutions.info\/wp-content\/uploads\/2023\/10\/4-1.png","contentUrl":"https:\/\/mlhff0prgoxu.i.optimole.com\/cb:s0sM.767\/w:auto\/h:auto\/q:mauto\/f:best\/https:\/\/fullsolutions.info\/wp-content\/uploads\/2023\/10\/4-1.png","width":560,"height":315},{"@type":"BreadcrumbList","@id":"https:\/\/fullsolutions.info\/produto\/acionador-de-alarme-manual-medc-pb\/#breadcrumb","itemListElement":[{"@type":"ListItem","position":1,"name":"In\u00edcio","item":"https:\/\/fullsolutions.info\/"},{"@type":"ListItem","position":2,"name":"Produtos","item":"https:\/\/fullsolutions.info\/shop\/"},{"@type":"ListItem","position":3,"name":"Acionador de alarme manual MEDC PB"}]},{"@type":"WebSite","@id":"https:\/\/fullsolutions.info\/#website","url":"https:\/\/fullsolutions.info\/","name":"Full Solutions","description":"Empresa na \u00c1rea de Procurement","publisher":{"@id":"https:\/\/fullsolutions.info\/#organization"},"potentialAction":[{"@type":"SearchAction","target":{"@type":"EntryPoint","urlTemplate":"https:\/\/fullsolutions.info\/?s={search_term_string}"},"query-input":{"@type":"PropertyValueSpecification","valueRequired":true,"valueName":"search_term_string"}}],"inLanguage":"en-US"},{"@type":"Organization","@id":"https:\/\/fullsolutions.info\/#organization","name":"Full Solutions","url":"https:\/\/fullsolutions.info\/","logo":{"@type":"ImageObject","inLanguage":"en-US","@id":"https:\/\/fullsolutions.info\/#\/schema\/logo\/image\/","url":"https:\/\/mlhff0prgoxu.i.optimole.com\/cb:s0sM.767\/w:auto\/h:auto\/q:mauto\/f:best\/https:\/\/fullsolutions.info\/wp-content\/uploads\/2021\/07\/cropped-Design-sem-nome-300x193-1-e1627062664782.png","contentUrl":"https:\/\/mlhff0prgoxu.i.optimole.com\/cb:s0sM.767\/w:auto\/h:auto\/q:mauto\/f:best\/https:\/\/fullsolutions.info\/wp-content\/uploads\/2021\/07\/cropped-Design-sem-nome-300x193-1-e1627062664782.png","width":202,"height":155,"caption":"Full Solutions"},"image":{"@id":"https:\/\/fullsolutions.info\/#\/schema\/logo\/image\/"},"sameAs":["https:\/\/www.linkedin.com\/company\/full-solutions-equipment"]}]}},"_links":{"self":[{"href":"https:\/\/fullsolutions.info\/en\/wp-json\/wp\/v2\/product\/3542","targetHints":{"allow":["GET"]}}],"collection":[{"href":"https:\/\/fullsolutions.info\/en\/wp-json\/wp\/v2\/product"}],"about":[{"href":"https:\/\/fullsolutions.info\/en\/wp-json\/wp\/v2\/types\/product"}],"replies":[{"embeddable":true,"href":"https:\/\/fullsolutions.info\/en\/wp-json\/wp\/v2\/comments?post=3542"}],"wp:featuredmedia":[{"embeddable":true,"href":"https:\/\/fullsolutions.info\/en\/wp-json\/wp\/v2\/media\/3543"}],"wp:attachment":[{"href":"https:\/\/fullsolutions.info\/en\/wp-json\/wp\/v2\/media?parent=3542"}],"wp:term":[{"taxonomy":"product_brand","embeddable":true,"href":"https:\/\/fullsolutions.info\/en\/wp-json\/wp\/v2\/product_brand?post=3542"},{"taxonomy":"product_cat","embeddable":true,"href":"https:\/\/fullsolutions.info\/en\/wp-json\/wp\/v2\/product_cat?post=3542"},{"taxonomy":"product_tag","embeddable":true,"href":"https:\/\/fullsolutions.info\/en\/wp-json\/wp\/v2\/product_tag?post=3542"},{"taxonomy":"marca","embeddable":true,"href":"https:\/\/fullsolutions.info\/en\/wp-json\/wp\/v2\/marca?post=3542"}],"curies":[{"name":"wp","href":"https:\/\/api.w.org\/{rel}","templated":true}]}}