{"id":3540,"date":"2023-10-31T17:59:43","date_gmt":"2023-10-31T17:59:43","guid":{"rendered":"https:\/\/fullsolutionsequip.com\/?post_type=product&#038;p=3540"},"modified":"2024-02-19T16:16:48","modified_gmt":"2024-02-19T16:16:48","slug":"acionador-de-alarme-manual-medc-ph1","status":"publish","type":"product","link":"https:\/\/fullsolutions.info\/en\/product\/acionador-de-alarme-manual-medc-ph1\/","title":{"rendered":"Acionador de alarme manual MEDC PH1"},"content":{"rendered":"<div class=\"elementor-element elementor-element-b17befe elementor-widget elementor-widget-heading\" data-id=\"b17befe\" data-element_type=\"widget\" data-widget_type=\"heading.default\">\n<div class=\"elementor-widget-container\"><\/div>\n<\/div>\n<div class=\"elementor-element elementor-element-2dbd9d0 elementor-widget elementor-widget-text-editor\" data-id=\"2dbd9d0\" data-element_type=\"widget\" data-widget_type=\"text-editor.default\">\n<div class=\"elementor-widget-container\">\n<div class=\"elementor-text-editor elementor-clearfix\">\n<p><strong>Descri\u00e7\u00e3o<\/strong><\/p>\n<p>Projetada para uso em atmosferas inflam\u00e1veis \u200b\u200be condi\u00e7\u00f5es ambientais adversas.<\/p>\n<p>O gabinete GRP \u00e9 adequado para uso offshore ou onshore, onde \u00e9 necess\u00e1rio um peso leve combinado com um alto n\u00edvel de resist\u00eancia \u00e0 corros\u00e3o.<\/p>\n<p>Os grandes man\u00edpulos de GRP \u201cLevantar\u201d e \u201cPuxar\u201d podem ser operados sem esfor\u00e7o enquanto se usa luvas industriais e requerem uma a\u00e7\u00e3o dupla para disparar o alarme, evitando a ativa\u00e7\u00e3o acidental.<\/p>\n<p><strong>Recursos<\/strong><\/p>\n<ul>\n<li>Uso da Zona 1 e Zona 2.<\/li>\n<li>4 Listado pela UL para:<br \/>\n\u2013 Locais perigosos.<br \/>\n\u2013 Classe I, Divis\u00e3o 1. Grupos B, C e D.<br \/>\n\u2013 Classe I, Divis\u00e3o2.\u00a0Grupos AD.<br \/>\n\u2013 Zona 1.<br \/>\n\u2013 Locais comuns: caixas de alarme de inc\u00eandio.<\/li>\n<li>Ex d IIC T6 Gb.<\/li>\n<li>\u00a0Ex tb IIIC T85\u00baC Db.<\/li>\n<li>Gb, Db com certifica\u00e7\u00e3o IECEx.<\/li>\n<li>Certificado ATEX Ex II 2 GD.<\/li>\n<li>NEMA 4X e 6. IP66 e IP67.<\/li>\n<li>Temperatura certificada: -55\u00baC a + 70\u00baC<\/li>\n<li>Constru\u00e7\u00e3o de GRP livre de corros\u00e3o.<\/li>\n<li>Opcional em linha, resistores de fim de linha e diodos.<\/li>\n<li>Parafusos da tampa de a\u00e7o inoxid\u00e1vel retidos.<\/li>\n<\/ul>\n<\/div>\n<\/div>\n<\/div>","protected":false},"excerpt":{"rendered":"<p>Descri\u00e7\u00e3o Projetada para uso em atmosferas inflam\u00e1veis \u200b\u200be condi\u00e7\u00f5es ambientais adversas. O gabinete GRP \u00e9 adequado para uso offshore ou onshore, onde \u00e9 necess\u00e1rio um peso leve combinado com um alto n\u00edvel de resist\u00eancia \u00e0 corros\u00e3o. Os grandes man\u00edpulos de GRP \u201cLevantar\u201d e \u201cPuxar\u201d podem ser operados sem esfor\u00e7o enquanto se usa luvas industriais e requerem uma a\u00e7\u00e3o dupla para disparar o alarme, evitando a ativa\u00e7\u00e3o acidental. Recursos Uso da Zona 1 e Zona 2. 4 Listado pela UL para: \u2013 Locais perigosos. \u2013 Classe I, Divis\u00e3o 1. Grupos B, C e D. \u2013 Classe I, Divis\u00e3o2.\u00a0Grupos AD. \u2013 Zona 1. \u2013 Locais comuns: caixas de alarme de inc\u00eandio. Ex d IIC T6 Gb. \u00a0Ex tb IIIC T85\u00baC Db. Gb, Db com certifica\u00e7\u00e3o IECEx. Certificado ATEX Ex II 2 GD. NEMA 4X e 6. IP66 e IP67. Temperatura certificada: -55\u00baC a + 70\u00baC Constru\u00e7\u00e3o de GRP livre de corros\u00e3o. Opcional em linha, resistores de fim de linha e diodos. Parafusos da tampa de a\u00e7o inoxid\u00e1vel retidos.<\/p>","protected":false},"featured_media":3541,"comment_status":"open","ping_status":"closed","template":"","meta":{"_joinchat":[]},"product_brand":[],"product_cat":[132],"product_tag":[],"marca":[74],"class_list":{"0":"post-3540","1":"product","2":"type-product","3":"status-publish","4":"has-post-thumbnail","6":"product_cat-acionador-manual","7":"marca-medc","9":"first","10":"instock","11":"shipping-taxable","12":"purchasable","13":"product-type-simple"},"yoast_head":"<!-- This site is optimized with the Yoast SEO plugin v27.2 - https:\/\/yoast.com\/product\/yoast-seo-wordpress\/ -->\n<title>Acionador de alarme manual MEDC PH1 - Full Solutions<\/title>\n<meta name=\"robots\" content=\"index, follow, max-snippet:-1, max-image-preview:large, max-video-preview:-1\" \/>\n<link rel=\"canonical\" href=\"https:\/\/fullsolutions.info\/en\/product\/acionador-de-alarme-manual-medc-ph1\/\" \/>\n<meta property=\"og:locale\" content=\"en_US\" \/>\n<meta property=\"og:type\" content=\"article\" \/>\n<meta property=\"og:title\" content=\"Acionador de alarme manual MEDC PH1 - Full Solutions\" \/>\n<meta property=\"og:description\" content=\"Descri\u00e7\u00e3o Projetada para uso em atmosferas inflam\u00e1veis \u200b\u200be condi\u00e7\u00f5es ambientais adversas. O gabinete GRP \u00e9 adequado para uso offshore ou onshore, onde \u00e9 necess\u00e1rio um peso leve combinado com um alto n\u00edvel de resist\u00eancia \u00e0 corros\u00e3o. Os grandes man\u00edpulos de GRP \u201cLevantar\u201d e \u201cPuxar\u201d podem ser operados sem esfor\u00e7o enquanto se usa luvas industriais e requerem uma a\u00e7\u00e3o dupla para disparar o alarme, evitando a ativa\u00e7\u00e3o acidental. Recursos Uso da Zona 1 e Zona 2. 4 Listado pela UL para: \u2013 Locais perigosos. \u2013 Classe I, Divis\u00e3o 1. Grupos B, C e D. \u2013 Classe I, Divis\u00e3o2.\u00a0Grupos AD. \u2013 Zona 1. \u2013 Locais comuns: caixas de alarme de inc\u00eandio. Ex d IIC T6 Gb. \u00a0Ex tb IIIC T85\u00baC Db. Gb, Db com certifica\u00e7\u00e3o IECEx. Certificado ATEX Ex II 2 GD. NEMA 4X e 6. IP66 e IP67. Temperatura certificada: -55\u00baC a + 70\u00baC Constru\u00e7\u00e3o de GRP livre de corros\u00e3o. Opcional em linha, resistores de fim de linha e diodos. Parafusos da tampa de a\u00e7o inoxid\u00e1vel retidos.\" \/>\n<meta property=\"og:url\" content=\"https:\/\/fullsolutions.info\/en\/product\/acionador-de-alarme-manual-medc-ph1\/\" \/>\n<meta property=\"og:site_name\" content=\"Full Solutions\" \/>\n<meta property=\"article:modified_time\" content=\"2024-02-19T16:16:48+00:00\" \/>\n<meta property=\"og:image\" content=\"https:\/\/mlhff0prgoxu.i.optimole.com\/cb:s0sM.767\/w:auto\/h:auto\/q:mauto\/f:best\/https:\/\/fullsolutions.info\/wp-content\/uploads\/2023\/10\/4.png\" \/>\n\t<meta property=\"og:image:width\" content=\"560\" \/>\n\t<meta property=\"og:image:height\" content=\"315\" \/>\n\t<meta property=\"og:image:type\" content=\"image\/png\" \/>\n<meta name=\"twitter:card\" content=\"summary_large_image\" \/>\n<meta name=\"twitter:label1\" content=\"Est. reading time\" \/>\n\t<meta name=\"twitter:data1\" content=\"1 minute\" \/>\n<script type=\"application\/ld+json\" class=\"yoast-schema-graph\">{\"@context\":\"https:\/\/schema.org\",\"@graph\":[{\"@type\":\"WebPage\",\"@id\":\"https:\/\/fullsolutions.info\/produto\/acionador-de-alarme-manual-medc-ph1\/\",\"url\":\"https:\/\/fullsolutions.info\/produto\/acionador-de-alarme-manual-medc-ph1\/\",\"name\":\"Acionador de alarme manual MEDC PH1 - Full Solutions\",\"isPartOf\":{\"@id\":\"https:\/\/fullsolutions.info\/#website\"},\"primaryImageOfPage\":{\"@id\":\"https:\/\/fullsolutions.info\/produto\/acionador-de-alarme-manual-medc-ph1\/#primaryimage\"},\"image\":{\"@id\":\"https:\/\/fullsolutions.info\/produto\/acionador-de-alarme-manual-medc-ph1\/#primaryimage\"},\"thumbnailUrl\":\"https:\/\/mlhff0prgoxu.i.optimole.com\/cb:s0sM.767\/w:auto\/h:auto\/q:mauto\/f:best\/https:\/\/fullsolutions.info\/wp-content\/uploads\/2023\/10\/4.png\",\"datePublished\":\"2023-10-31T17:59:43+00:00\",\"dateModified\":\"2024-02-19T16:16:48+00:00\",\"breadcrumb\":{\"@id\":\"https:\/\/fullsolutions.info\/produto\/acionador-de-alarme-manual-medc-ph1\/#breadcrumb\"},\"inLanguage\":\"en-US\",\"potentialAction\":[{\"@type\":\"ReadAction\",\"target\":[\"https:\/\/fullsolutions.info\/produto\/acionador-de-alarme-manual-medc-ph1\/\"]}]},{\"@type\":\"ImageObject\",\"inLanguage\":\"en-US\",\"@id\":\"https:\/\/fullsolutions.info\/produto\/acionador-de-alarme-manual-medc-ph1\/#primaryimage\",\"url\":\"https:\/\/mlhff0prgoxu.i.optimole.com\/cb:s0sM.767\/w:auto\/h:auto\/q:mauto\/f:best\/https:\/\/fullsolutions.info\/wp-content\/uploads\/2023\/10\/4.png\",\"contentUrl\":\"https:\/\/mlhff0prgoxu.i.optimole.com\/cb:s0sM.767\/w:auto\/h:auto\/q:mauto\/f:best\/https:\/\/fullsolutions.info\/wp-content\/uploads\/2023\/10\/4.png\",\"width\":560,\"height\":315},{\"@type\":\"BreadcrumbList\",\"@id\":\"https:\/\/fullsolutions.info\/produto\/acionador-de-alarme-manual-medc-ph1\/#breadcrumb\",\"itemListElement\":[{\"@type\":\"ListItem\",\"position\":1,\"name\":\"In\u00edcio\",\"item\":\"https:\/\/fullsolutions.info\/\"},{\"@type\":\"ListItem\",\"position\":2,\"name\":\"Produtos\",\"item\":\"https:\/\/fullsolutions.info\/shop\/\"},{\"@type\":\"ListItem\",\"position\":3,\"name\":\"Acionador de alarme manual MEDC PH1\"}]},{\"@type\":\"WebSite\",\"@id\":\"https:\/\/fullsolutions.info\/#website\",\"url\":\"https:\/\/fullsolutions.info\/\",\"name\":\"Full Solutions\",\"description\":\"Empresa na \u00c1rea de Procurement\",\"publisher\":{\"@id\":\"https:\/\/fullsolutions.info\/#organization\"},\"potentialAction\":[{\"@type\":\"SearchAction\",\"target\":{\"@type\":\"EntryPoint\",\"urlTemplate\":\"https:\/\/fullsolutions.info\/?s={search_term_string}\"},\"query-input\":{\"@type\":\"PropertyValueSpecification\",\"valueRequired\":true,\"valueName\":\"search_term_string\"}}],\"inLanguage\":\"en-US\"},{\"@type\":\"Organization\",\"@id\":\"https:\/\/fullsolutions.info\/#organization\",\"name\":\"Full Solutions\",\"url\":\"https:\/\/fullsolutions.info\/\",\"logo\":{\"@type\":\"ImageObject\",\"inLanguage\":\"en-US\",\"@id\":\"https:\/\/fullsolutions.info\/#\/schema\/logo\/image\/\",\"url\":\"https:\/\/mlhff0prgoxu.i.optimole.com\/cb:s0sM.767\/w:auto\/h:auto\/q:mauto\/f:best\/https:\/\/fullsolutions.info\/wp-content\/uploads\/2021\/07\/cropped-Design-sem-nome-300x193-1-e1627062664782.png\",\"contentUrl\":\"https:\/\/mlhff0prgoxu.i.optimole.com\/cb:s0sM.767\/w:auto\/h:auto\/q:mauto\/f:best\/https:\/\/fullsolutions.info\/wp-content\/uploads\/2021\/07\/cropped-Design-sem-nome-300x193-1-e1627062664782.png\",\"width\":202,\"height\":155,\"caption\":\"Full Solutions\"},\"image\":{\"@id\":\"https:\/\/fullsolutions.info\/#\/schema\/logo\/image\/\"},\"sameAs\":[\"https:\/\/www.linkedin.com\/company\/full-solutions-equipment\"]}]}<\/script>\n<!-- \/ Yoast SEO plugin. -->","yoast_head_json":{"title":"Acionador de alarme manual MEDC PH1 - Full Solutions","robots":{"index":"index","follow":"follow","max-snippet":"max-snippet:-1","max-image-preview":"max-image-preview:large","max-video-preview":"max-video-preview:-1"},"canonical":"https:\/\/fullsolutions.info\/en\/product\/acionador-de-alarme-manual-medc-ph1\/","og_locale":"en_US","og_type":"article","og_title":"Acionador de alarme manual MEDC PH1 - Full Solutions","og_description":"Descri\u00e7\u00e3o Projetada para uso em atmosferas inflam\u00e1veis \u200b\u200be condi\u00e7\u00f5es ambientais adversas. O gabinete GRP \u00e9 adequado para uso offshore ou onshore, onde \u00e9 necess\u00e1rio um peso leve combinado com um alto n\u00edvel de resist\u00eancia \u00e0 corros\u00e3o. Os grandes man\u00edpulos de GRP \u201cLevantar\u201d e \u201cPuxar\u201d podem ser operados sem esfor\u00e7o enquanto se usa luvas industriais e requerem uma a\u00e7\u00e3o dupla para disparar o alarme, evitando a ativa\u00e7\u00e3o acidental. Recursos Uso da Zona 1 e Zona 2. 4 Listado pela UL para: \u2013 Locais perigosos. \u2013 Classe I, Divis\u00e3o 1. Grupos B, C e D. \u2013 Classe I, Divis\u00e3o2.\u00a0Grupos AD. \u2013 Zona 1. \u2013 Locais comuns: caixas de alarme de inc\u00eandio. Ex d IIC T6 Gb. \u00a0Ex tb IIIC T85\u00baC Db. Gb, Db com certifica\u00e7\u00e3o IECEx. Certificado ATEX Ex II 2 GD. NEMA 4X e 6. IP66 e IP67. Temperatura certificada: -55\u00baC a + 70\u00baC Constru\u00e7\u00e3o de GRP livre de corros\u00e3o. Opcional em linha, resistores de fim de linha e diodos. Parafusos da tampa de a\u00e7o inoxid\u00e1vel retidos.","og_url":"https:\/\/fullsolutions.info\/en\/product\/acionador-de-alarme-manual-medc-ph1\/","og_site_name":"Full Solutions","article_modified_time":"2024-02-19T16:16:48+00:00","og_image":[{"width":560,"height":315,"url":"https:\/\/mlhff0prgoxu.i.optimole.com\/cb:s0sM.767\/w:auto\/h:auto\/q:mauto\/f:best\/https:\/\/fullsolutions.info\/wp-content\/uploads\/2023\/10\/4.png","type":"image\/png"}],"twitter_card":"summary_large_image","twitter_misc":{"Est. reading time":"1 minute"},"schema":{"@context":"https:\/\/schema.org","@graph":[{"@type":"WebPage","@id":"https:\/\/fullsolutions.info\/produto\/acionador-de-alarme-manual-medc-ph1\/","url":"https:\/\/fullsolutions.info\/produto\/acionador-de-alarme-manual-medc-ph1\/","name":"Acionador de alarme manual MEDC PH1 - Full Solutions","isPartOf":{"@id":"https:\/\/fullsolutions.info\/#website"},"primaryImageOfPage":{"@id":"https:\/\/fullsolutions.info\/produto\/acionador-de-alarme-manual-medc-ph1\/#primaryimage"},"image":{"@id":"https:\/\/fullsolutions.info\/produto\/acionador-de-alarme-manual-medc-ph1\/#primaryimage"},"thumbnailUrl":"https:\/\/mlhff0prgoxu.i.optimole.com\/cb:s0sM.767\/w:auto\/h:auto\/q:mauto\/f:best\/https:\/\/fullsolutions.info\/wp-content\/uploads\/2023\/10\/4.png","datePublished":"2023-10-31T17:59:43+00:00","dateModified":"2024-02-19T16:16:48+00:00","breadcrumb":{"@id":"https:\/\/fullsolutions.info\/produto\/acionador-de-alarme-manual-medc-ph1\/#breadcrumb"},"inLanguage":"en-US","potentialAction":[{"@type":"ReadAction","target":["https:\/\/fullsolutions.info\/produto\/acionador-de-alarme-manual-medc-ph1\/"]}]},{"@type":"ImageObject","inLanguage":"en-US","@id":"https:\/\/fullsolutions.info\/produto\/acionador-de-alarme-manual-medc-ph1\/#primaryimage","url":"https:\/\/mlhff0prgoxu.i.optimole.com\/cb:s0sM.767\/w:auto\/h:auto\/q:mauto\/f:best\/https:\/\/fullsolutions.info\/wp-content\/uploads\/2023\/10\/4.png","contentUrl":"https:\/\/mlhff0prgoxu.i.optimole.com\/cb:s0sM.767\/w:auto\/h:auto\/q:mauto\/f:best\/https:\/\/fullsolutions.info\/wp-content\/uploads\/2023\/10\/4.png","width":560,"height":315},{"@type":"BreadcrumbList","@id":"https:\/\/fullsolutions.info\/produto\/acionador-de-alarme-manual-medc-ph1\/#breadcrumb","itemListElement":[{"@type":"ListItem","position":1,"name":"In\u00edcio","item":"https:\/\/fullsolutions.info\/"},{"@type":"ListItem","position":2,"name":"Produtos","item":"https:\/\/fullsolutions.info\/shop\/"},{"@type":"ListItem","position":3,"name":"Acionador de alarme manual MEDC PH1"}]},{"@type":"WebSite","@id":"https:\/\/fullsolutions.info\/#website","url":"https:\/\/fullsolutions.info\/","name":"Full Solutions","description":"Empresa na \u00c1rea de Procurement","publisher":{"@id":"https:\/\/fullsolutions.info\/#organization"},"potentialAction":[{"@type":"SearchAction","target":{"@type":"EntryPoint","urlTemplate":"https:\/\/fullsolutions.info\/?s={search_term_string}"},"query-input":{"@type":"PropertyValueSpecification","valueRequired":true,"valueName":"search_term_string"}}],"inLanguage":"en-US"},{"@type":"Organization","@id":"https:\/\/fullsolutions.info\/#organization","name":"Full Solutions","url":"https:\/\/fullsolutions.info\/","logo":{"@type":"ImageObject","inLanguage":"en-US","@id":"https:\/\/fullsolutions.info\/#\/schema\/logo\/image\/","url":"https:\/\/mlhff0prgoxu.i.optimole.com\/cb:s0sM.767\/w:auto\/h:auto\/q:mauto\/f:best\/https:\/\/fullsolutions.info\/wp-content\/uploads\/2021\/07\/cropped-Design-sem-nome-300x193-1-e1627062664782.png","contentUrl":"https:\/\/mlhff0prgoxu.i.optimole.com\/cb:s0sM.767\/w:auto\/h:auto\/q:mauto\/f:best\/https:\/\/fullsolutions.info\/wp-content\/uploads\/2021\/07\/cropped-Design-sem-nome-300x193-1-e1627062664782.png","width":202,"height":155,"caption":"Full Solutions"},"image":{"@id":"https:\/\/fullsolutions.info\/#\/schema\/logo\/image\/"},"sameAs":["https:\/\/www.linkedin.com\/company\/full-solutions-equipment"]}]}},"_links":{"self":[{"href":"https:\/\/fullsolutions.info\/en\/wp-json\/wp\/v2\/product\/3540","targetHints":{"allow":["GET"]}}],"collection":[{"href":"https:\/\/fullsolutions.info\/en\/wp-json\/wp\/v2\/product"}],"about":[{"href":"https:\/\/fullsolutions.info\/en\/wp-json\/wp\/v2\/types\/product"}],"replies":[{"embeddable":true,"href":"https:\/\/fullsolutions.info\/en\/wp-json\/wp\/v2\/comments?post=3540"}],"wp:featuredmedia":[{"embeddable":true,"href":"https:\/\/fullsolutions.info\/en\/wp-json\/wp\/v2\/media\/3541"}],"wp:attachment":[{"href":"https:\/\/fullsolutions.info\/en\/wp-json\/wp\/v2\/media?parent=3540"}],"wp:term":[{"taxonomy":"product_brand","embeddable":true,"href":"https:\/\/fullsolutions.info\/en\/wp-json\/wp\/v2\/product_brand?post=3540"},{"taxonomy":"product_cat","embeddable":true,"href":"https:\/\/fullsolutions.info\/en\/wp-json\/wp\/v2\/product_cat?post=3540"},{"taxonomy":"product_tag","embeddable":true,"href":"https:\/\/fullsolutions.info\/en\/wp-json\/wp\/v2\/product_tag?post=3540"},{"taxonomy":"marca","embeddable":true,"href":"https:\/\/fullsolutions.info\/en\/wp-json\/wp\/v2\/marca?post=3540"}],"curies":[{"name":"wp","href":"https:\/\/api.w.org\/{rel}","templated":true}]}}