{"id":3538,"date":"2023-10-31T17:54:07","date_gmt":"2023-10-31T17:54:07","guid":{"rendered":"https:\/\/fullsolutionsequip.com\/?post_type=product&#038;p=3538"},"modified":"2024-02-19T16:16:48","modified_gmt":"2024-02-19T16:16:48","slug":"acionador-de-alarme-manual-medc-sm87pb","status":"publish","type":"product","link":"https:\/\/fullsolutions.info\/en\/product\/acionador-de-alarme-manual-medc-sm87pb\/","title":{"rendered":"Acionador de alarme manual MEDC SM87PB"},"content":{"rendered":"<div class=\"elementor-element elementor-element-b17befe elementor-widget elementor-widget-heading\" data-id=\"b17befe\" data-element_type=\"widget\" data-widget_type=\"heading.default\">\n<div class=\"elementor-widget-container\"><\/div>\n<\/div>\n<div class=\"elementor-element elementor-element-2dbd9d0 elementor-widget elementor-widget-text-editor\" data-id=\"2dbd9d0\" data-element_type=\"widget\" data-widget_type=\"text-editor.default\">\n<div class=\"elementor-widget-container\">\n<div class=\"elementor-text-editor elementor-clearfix\">\n<p><strong>Descri\u00e7\u00e3o<\/strong><\/p>\n<p>Alarme de inc\u00eandio projetado para as condi\u00e7\u00f5es ambientais mais \u00e1rduas. As unidades s\u00e3o f\u00e1ceis de instalar e manter.\u00a0Est\u00e3o dispon\u00edveis vers\u00f5es Exia intrinsecamente seguras e Exd \u00e0 prova de chamas<\/p>\n<p>A escolha de a\u00e7o inoxid\u00e1vel ou liga torna a linha adequada para as ind\u00fastrias offshore ou onshore. O a\u00e7o inoxid\u00e1vel, um dos materiais mais dur\u00e1veis \u200b\u200bdispon\u00edveis no mercado, \u00e9 resistente ao desgaste e \u00e0 corros\u00e3o, aumentando a vida \u00fatil dos produtos em ambientes agressivos e, portanto, reduzindo os custos de manuten\u00e7\u00e3o.<\/p>\n<p><strong>Recursos<\/strong><\/p>\n<ul>\n<li>Zona 0, Zona 1 e Zona 2 usam *<\/li>\n<li>Ex d IIC T5 \/ T6 ou Ex ia IIC T4<\/li>\n<li>Aprovado pela ATEX, Ex II 1G (Ex ia) ou Ex II 2GD (Ex d)<\/li>\n<li>Listado pela UL para EUA e Canad\u00e1 (somente PB).\u00a0Classe I, Divis\u00e3o 1, Grupos C e D<\/li>\n<li>Certificado ULC para Classe I, Zona 1 Grupos C e D<\/li>\n<li>Certificado CSA<\/li>\n<li>Gb, Db certificado IECEx<\/li>\n<li>TR CU certificado<\/li>\n<li>Certificado chin\u00eas (CQST)<\/li>\n<li>Certificado brasileiro (INMETRO)<\/li>\n<li>Certificado CCOE<\/li>\n<li>Certificado SIL 2 (apenas SM87PB)<\/li>\n<li>IP66 e IP67<\/li>\n<li>Aprova\u00e7\u00e3o de tipo DNV (IEC 60945)<\/li>\n<li>(Apenas SM87PB)<\/li>\n<li>Temperatura certificada: \u201355\u00baC a + 70\u00baC *<\/li>\n<li>A\u00e7o inoxid\u00e1vel ou liga de grau mar\u00edtimo<\/li>\n<li>Robusto, mas leve<\/li>\n<li>F\u00e1cil de manter<\/li>\n<\/ul>\n<\/div>\n<\/div>\n<\/div>","protected":false},"excerpt":{"rendered":"<p>Descri\u00e7\u00e3o Alarme de inc\u00eandio projetado para as condi\u00e7\u00f5es ambientais mais \u00e1rduas. As unidades s\u00e3o f\u00e1ceis de instalar e manter.\u00a0Est\u00e3o dispon\u00edveis vers\u00f5es Exia intrinsecamente seguras e Exd \u00e0 prova de chamas A escolha de a\u00e7o inoxid\u00e1vel ou liga torna a linha adequada para as ind\u00fastrias offshore ou onshore. O a\u00e7o inoxid\u00e1vel, um dos materiais mais dur\u00e1veis \u200b\u200bdispon\u00edveis no mercado, \u00e9 resistente ao desgaste e \u00e0 corros\u00e3o, aumentando a vida \u00fatil dos produtos em ambientes agressivos e, portanto, reduzindo os custos de manuten\u00e7\u00e3o. Recursos Zona 0, Zona 1 e Zona 2 usam * Ex d IIC T5 \/ T6 ou Ex ia IIC T4 Aprovado pela ATEX, Ex II 1G (Ex ia) ou Ex II 2GD (Ex d) Listado pela UL para EUA e Canad\u00e1 (somente PB).\u00a0Classe I, Divis\u00e3o 1, Grupos C e D Certificado ULC para Classe I, Zona 1 Grupos C e D Certificado CSA Gb, Db certificado IECEx TR CU certificado Certificado chin\u00eas (CQST) Certificado brasileiro (INMETRO) Certificado CCOE Certificado SIL 2 (apenas SM87PB) IP66 e IP67 Aprova\u00e7\u00e3o de tipo DNV (IEC 60945) (Apenas SM87PB) Temperatura certificada: \u201355\u00baC a + 70\u00baC * A\u00e7o inoxid\u00e1vel ou liga de grau mar\u00edtimo Robusto, mas leve F\u00e1cil de manter<\/p>","protected":false},"featured_media":3539,"comment_status":"open","ping_status":"closed","template":"","meta":{"_joinchat":[]},"product_brand":[],"product_cat":[132],"product_tag":[],"marca":[74],"class_list":{"0":"post-3538","1":"product","2":"type-product","3":"status-publish","4":"has-post-thumbnail","6":"product_cat-acionador-manual","7":"marca-medc","9":"first","10":"instock","11":"shipping-taxable","12":"purchasable","13":"product-type-simple"},"yoast_head":"<!-- This site is optimized with the Yoast SEO plugin v27.2 - https:\/\/yoast.com\/product\/yoast-seo-wordpress\/ -->\n<title>Acionador de alarme manual MEDC SM87PB - Full Solutions<\/title>\n<meta name=\"robots\" content=\"index, follow, max-snippet:-1, max-image-preview:large, max-video-preview:-1\" \/>\n<link rel=\"canonical\" href=\"https:\/\/fullsolutions.info\/en\/product\/acionador-de-alarme-manual-medc-sm87pb\/\" \/>\n<meta property=\"og:locale\" content=\"en_US\" \/>\n<meta property=\"og:type\" content=\"article\" \/>\n<meta property=\"og:title\" content=\"Acionador de alarme manual MEDC SM87PB - Full Solutions\" \/>\n<meta property=\"og:description\" content=\"Descri\u00e7\u00e3o Alarme de inc\u00eandio projetado para as condi\u00e7\u00f5es ambientais mais \u00e1rduas. As unidades s\u00e3o f\u00e1ceis de instalar e manter.\u00a0Est\u00e3o dispon\u00edveis vers\u00f5es Exia intrinsecamente seguras e Exd \u00e0 prova de chamas A escolha de a\u00e7o inoxid\u00e1vel ou liga torna a linha adequada para as ind\u00fastrias offshore ou onshore. O a\u00e7o inoxid\u00e1vel, um dos materiais mais dur\u00e1veis \u200b\u200bdispon\u00edveis no mercado, \u00e9 resistente ao desgaste e \u00e0 corros\u00e3o, aumentando a vida \u00fatil dos produtos em ambientes agressivos e, portanto, reduzindo os custos de manuten\u00e7\u00e3o. Recursos Zona 0, Zona 1 e Zona 2 usam * Ex d IIC T5 \/ T6 ou Ex ia IIC T4 Aprovado pela ATEX, Ex II 1G (Ex ia) ou Ex II 2GD (Ex d) Listado pela UL para EUA e Canad\u00e1 (somente PB).\u00a0Classe I, Divis\u00e3o 1, Grupos C e D Certificado ULC para Classe I, Zona 1 Grupos C e D Certificado CSA Gb, Db certificado IECEx TR CU certificado Certificado chin\u00eas (CQST) Certificado brasileiro (INMETRO) Certificado CCOE Certificado SIL 2 (apenas SM87PB) IP66 e IP67 Aprova\u00e7\u00e3o de tipo DNV (IEC 60945) (Apenas SM87PB) Temperatura certificada: \u201355\u00baC a + 70\u00baC * A\u00e7o inoxid\u00e1vel ou liga de grau mar\u00edtimo Robusto, mas leve F\u00e1cil de manter\" \/>\n<meta property=\"og:url\" content=\"https:\/\/fullsolutions.info\/en\/product\/acionador-de-alarme-manual-medc-sm87pb\/\" \/>\n<meta property=\"og:site_name\" content=\"Full Solutions\" \/>\n<meta property=\"article:modified_time\" content=\"2024-02-19T16:16:48+00:00\" \/>\n<meta property=\"og:image\" content=\"https:\/\/mlhff0prgoxu.i.optimole.com\/cb:s0sM.767\/w:auto\/h:auto\/q:mauto\/f:best\/https:\/\/fullsolutions.info\/wp-content\/uploads\/2023\/10\/3.png\" \/>\n\t<meta property=\"og:image:width\" content=\"560\" \/>\n\t<meta property=\"og:image:height\" content=\"315\" \/>\n\t<meta property=\"og:image:type\" content=\"image\/png\" \/>\n<meta name=\"twitter:card\" content=\"summary_large_image\" \/>\n<meta name=\"twitter:label1\" content=\"Est. reading time\" \/>\n\t<meta name=\"twitter:data1\" content=\"1 minute\" \/>\n<script type=\"application\/ld+json\" class=\"yoast-schema-graph\">{\"@context\":\"https:\/\/schema.org\",\"@graph\":[{\"@type\":\"WebPage\",\"@id\":\"https:\/\/fullsolutions.info\/produto\/acionador-de-alarme-manual-medc-sm87pb\/\",\"url\":\"https:\/\/fullsolutions.info\/produto\/acionador-de-alarme-manual-medc-sm87pb\/\",\"name\":\"Acionador de alarme manual MEDC SM87PB - Full Solutions\",\"isPartOf\":{\"@id\":\"https:\/\/fullsolutions.info\/#website\"},\"primaryImageOfPage\":{\"@id\":\"https:\/\/fullsolutions.info\/produto\/acionador-de-alarme-manual-medc-sm87pb\/#primaryimage\"},\"image\":{\"@id\":\"https:\/\/fullsolutions.info\/produto\/acionador-de-alarme-manual-medc-sm87pb\/#primaryimage\"},\"thumbnailUrl\":\"https:\/\/mlhff0prgoxu.i.optimole.com\/cb:s0sM.767\/w:auto\/h:auto\/q:mauto\/f:best\/https:\/\/fullsolutions.info\/wp-content\/uploads\/2023\/10\/3.png\",\"datePublished\":\"2023-10-31T17:54:07+00:00\",\"dateModified\":\"2024-02-19T16:16:48+00:00\",\"breadcrumb\":{\"@id\":\"https:\/\/fullsolutions.info\/produto\/acionador-de-alarme-manual-medc-sm87pb\/#breadcrumb\"},\"inLanguage\":\"en-US\",\"potentialAction\":[{\"@type\":\"ReadAction\",\"target\":[\"https:\/\/fullsolutions.info\/produto\/acionador-de-alarme-manual-medc-sm87pb\/\"]}]},{\"@type\":\"ImageObject\",\"inLanguage\":\"en-US\",\"@id\":\"https:\/\/fullsolutions.info\/produto\/acionador-de-alarme-manual-medc-sm87pb\/#primaryimage\",\"url\":\"https:\/\/mlhff0prgoxu.i.optimole.com\/cb:s0sM.767\/w:auto\/h:auto\/q:mauto\/f:best\/https:\/\/fullsolutions.info\/wp-content\/uploads\/2023\/10\/3.png\",\"contentUrl\":\"https:\/\/mlhff0prgoxu.i.optimole.com\/cb:s0sM.767\/w:auto\/h:auto\/q:mauto\/f:best\/https:\/\/fullsolutions.info\/wp-content\/uploads\/2023\/10\/3.png\",\"width\":560,\"height\":315},{\"@type\":\"BreadcrumbList\",\"@id\":\"https:\/\/fullsolutions.info\/produto\/acionador-de-alarme-manual-medc-sm87pb\/#breadcrumb\",\"itemListElement\":[{\"@type\":\"ListItem\",\"position\":1,\"name\":\"In\u00edcio\",\"item\":\"https:\/\/fullsolutions.info\/\"},{\"@type\":\"ListItem\",\"position\":2,\"name\":\"Produtos\",\"item\":\"https:\/\/fullsolutions.info\/shop\/\"},{\"@type\":\"ListItem\",\"position\":3,\"name\":\"Acionador de alarme manual MEDC SM87PB\"}]},{\"@type\":\"WebSite\",\"@id\":\"https:\/\/fullsolutions.info\/#website\",\"url\":\"https:\/\/fullsolutions.info\/\",\"name\":\"Full Solutions\",\"description\":\"Empresa na \u00c1rea de Procurement\",\"publisher\":{\"@id\":\"https:\/\/fullsolutions.info\/#organization\"},\"potentialAction\":[{\"@type\":\"SearchAction\",\"target\":{\"@type\":\"EntryPoint\",\"urlTemplate\":\"https:\/\/fullsolutions.info\/?s={search_term_string}\"},\"query-input\":{\"@type\":\"PropertyValueSpecification\",\"valueRequired\":true,\"valueName\":\"search_term_string\"}}],\"inLanguage\":\"en-US\"},{\"@type\":\"Organization\",\"@id\":\"https:\/\/fullsolutions.info\/#organization\",\"name\":\"Full Solutions\",\"url\":\"https:\/\/fullsolutions.info\/\",\"logo\":{\"@type\":\"ImageObject\",\"inLanguage\":\"en-US\",\"@id\":\"https:\/\/fullsolutions.info\/#\/schema\/logo\/image\/\",\"url\":\"https:\/\/mlhff0prgoxu.i.optimole.com\/cb:s0sM.767\/w:auto\/h:auto\/q:mauto\/f:best\/https:\/\/fullsolutions.info\/wp-content\/uploads\/2021\/07\/cropped-Design-sem-nome-300x193-1-e1627062664782.png\",\"contentUrl\":\"https:\/\/mlhff0prgoxu.i.optimole.com\/cb:s0sM.767\/w:auto\/h:auto\/q:mauto\/f:best\/https:\/\/fullsolutions.info\/wp-content\/uploads\/2021\/07\/cropped-Design-sem-nome-300x193-1-e1627062664782.png\",\"width\":202,\"height\":155,\"caption\":\"Full Solutions\"},\"image\":{\"@id\":\"https:\/\/fullsolutions.info\/#\/schema\/logo\/image\/\"},\"sameAs\":[\"https:\/\/www.linkedin.com\/company\/full-solutions-equipment\"]}]}<\/script>\n<!-- \/ Yoast SEO plugin. -->","yoast_head_json":{"title":"Acionador de alarme manual MEDC SM87PB - Full Solutions","robots":{"index":"index","follow":"follow","max-snippet":"max-snippet:-1","max-image-preview":"max-image-preview:large","max-video-preview":"max-video-preview:-1"},"canonical":"https:\/\/fullsolutions.info\/en\/product\/acionador-de-alarme-manual-medc-sm87pb\/","og_locale":"en_US","og_type":"article","og_title":"Acionador de alarme manual MEDC SM87PB - Full Solutions","og_description":"Descri\u00e7\u00e3o Alarme de inc\u00eandio projetado para as condi\u00e7\u00f5es ambientais mais \u00e1rduas. As unidades s\u00e3o f\u00e1ceis de instalar e manter.\u00a0Est\u00e3o dispon\u00edveis vers\u00f5es Exia intrinsecamente seguras e Exd \u00e0 prova de chamas A escolha de a\u00e7o inoxid\u00e1vel ou liga torna a linha adequada para as ind\u00fastrias offshore ou onshore. O a\u00e7o inoxid\u00e1vel, um dos materiais mais dur\u00e1veis \u200b\u200bdispon\u00edveis no mercado, \u00e9 resistente ao desgaste e \u00e0 corros\u00e3o, aumentando a vida \u00fatil dos produtos em ambientes agressivos e, portanto, reduzindo os custos de manuten\u00e7\u00e3o. Recursos Zona 0, Zona 1 e Zona 2 usam * Ex d IIC T5 \/ T6 ou Ex ia IIC T4 Aprovado pela ATEX, Ex II 1G (Ex ia) ou Ex II 2GD (Ex d) Listado pela UL para EUA e Canad\u00e1 (somente PB).\u00a0Classe I, Divis\u00e3o 1, Grupos C e D Certificado ULC para Classe I, Zona 1 Grupos C e D Certificado CSA Gb, Db certificado IECEx TR CU certificado Certificado chin\u00eas (CQST) Certificado brasileiro (INMETRO) Certificado CCOE Certificado SIL 2 (apenas SM87PB) IP66 e IP67 Aprova\u00e7\u00e3o de tipo DNV (IEC 60945) (Apenas SM87PB) Temperatura certificada: \u201355\u00baC a + 70\u00baC * A\u00e7o inoxid\u00e1vel ou liga de grau mar\u00edtimo Robusto, mas leve F\u00e1cil de manter","og_url":"https:\/\/fullsolutions.info\/en\/product\/acionador-de-alarme-manual-medc-sm87pb\/","og_site_name":"Full Solutions","article_modified_time":"2024-02-19T16:16:48+00:00","og_image":[{"width":560,"height":315,"url":"https:\/\/mlhff0prgoxu.i.optimole.com\/cb:s0sM.767\/w:auto\/h:auto\/q:mauto\/f:best\/https:\/\/fullsolutions.info\/wp-content\/uploads\/2023\/10\/3.png","type":"image\/png"}],"twitter_card":"summary_large_image","twitter_misc":{"Est. reading time":"1 minute"},"schema":{"@context":"https:\/\/schema.org","@graph":[{"@type":"WebPage","@id":"https:\/\/fullsolutions.info\/produto\/acionador-de-alarme-manual-medc-sm87pb\/","url":"https:\/\/fullsolutions.info\/produto\/acionador-de-alarme-manual-medc-sm87pb\/","name":"Acionador de alarme manual MEDC SM87PB - Full Solutions","isPartOf":{"@id":"https:\/\/fullsolutions.info\/#website"},"primaryImageOfPage":{"@id":"https:\/\/fullsolutions.info\/produto\/acionador-de-alarme-manual-medc-sm87pb\/#primaryimage"},"image":{"@id":"https:\/\/fullsolutions.info\/produto\/acionador-de-alarme-manual-medc-sm87pb\/#primaryimage"},"thumbnailUrl":"https:\/\/mlhff0prgoxu.i.optimole.com\/cb:s0sM.767\/w:auto\/h:auto\/q:mauto\/f:best\/https:\/\/fullsolutions.info\/wp-content\/uploads\/2023\/10\/3.png","datePublished":"2023-10-31T17:54:07+00:00","dateModified":"2024-02-19T16:16:48+00:00","breadcrumb":{"@id":"https:\/\/fullsolutions.info\/produto\/acionador-de-alarme-manual-medc-sm87pb\/#breadcrumb"},"inLanguage":"en-US","potentialAction":[{"@type":"ReadAction","target":["https:\/\/fullsolutions.info\/produto\/acionador-de-alarme-manual-medc-sm87pb\/"]}]},{"@type":"ImageObject","inLanguage":"en-US","@id":"https:\/\/fullsolutions.info\/produto\/acionador-de-alarme-manual-medc-sm87pb\/#primaryimage","url":"https:\/\/mlhff0prgoxu.i.optimole.com\/cb:s0sM.767\/w:auto\/h:auto\/q:mauto\/f:best\/https:\/\/fullsolutions.info\/wp-content\/uploads\/2023\/10\/3.png","contentUrl":"https:\/\/mlhff0prgoxu.i.optimole.com\/cb:s0sM.767\/w:auto\/h:auto\/q:mauto\/f:best\/https:\/\/fullsolutions.info\/wp-content\/uploads\/2023\/10\/3.png","width":560,"height":315},{"@type":"BreadcrumbList","@id":"https:\/\/fullsolutions.info\/produto\/acionador-de-alarme-manual-medc-sm87pb\/#breadcrumb","itemListElement":[{"@type":"ListItem","position":1,"name":"In\u00edcio","item":"https:\/\/fullsolutions.info\/"},{"@type":"ListItem","position":2,"name":"Produtos","item":"https:\/\/fullsolutions.info\/shop\/"},{"@type":"ListItem","position":3,"name":"Acionador de alarme manual MEDC SM87PB"}]},{"@type":"WebSite","@id":"https:\/\/fullsolutions.info\/#website","url":"https:\/\/fullsolutions.info\/","name":"Full Solutions","description":"Empresa na \u00c1rea de Procurement","publisher":{"@id":"https:\/\/fullsolutions.info\/#organization"},"potentialAction":[{"@type":"SearchAction","target":{"@type":"EntryPoint","urlTemplate":"https:\/\/fullsolutions.info\/?s={search_term_string}"},"query-input":{"@type":"PropertyValueSpecification","valueRequired":true,"valueName":"search_term_string"}}],"inLanguage":"en-US"},{"@type":"Organization","@id":"https:\/\/fullsolutions.info\/#organization","name":"Full Solutions","url":"https:\/\/fullsolutions.info\/","logo":{"@type":"ImageObject","inLanguage":"en-US","@id":"https:\/\/fullsolutions.info\/#\/schema\/logo\/image\/","url":"https:\/\/mlhff0prgoxu.i.optimole.com\/cb:s0sM.767\/w:auto\/h:auto\/q:mauto\/f:best\/https:\/\/fullsolutions.info\/wp-content\/uploads\/2021\/07\/cropped-Design-sem-nome-300x193-1-e1627062664782.png","contentUrl":"https:\/\/mlhff0prgoxu.i.optimole.com\/cb:s0sM.767\/w:auto\/h:auto\/q:mauto\/f:best\/https:\/\/fullsolutions.info\/wp-content\/uploads\/2021\/07\/cropped-Design-sem-nome-300x193-1-e1627062664782.png","width":202,"height":155,"caption":"Full Solutions"},"image":{"@id":"https:\/\/fullsolutions.info\/#\/schema\/logo\/image\/"},"sameAs":["https:\/\/www.linkedin.com\/company\/full-solutions-equipment"]}]}},"_links":{"self":[{"href":"https:\/\/fullsolutions.info\/en\/wp-json\/wp\/v2\/product\/3538","targetHints":{"allow":["GET"]}}],"collection":[{"href":"https:\/\/fullsolutions.info\/en\/wp-json\/wp\/v2\/product"}],"about":[{"href":"https:\/\/fullsolutions.info\/en\/wp-json\/wp\/v2\/types\/product"}],"replies":[{"embeddable":true,"href":"https:\/\/fullsolutions.info\/en\/wp-json\/wp\/v2\/comments?post=3538"}],"wp:featuredmedia":[{"embeddable":true,"href":"https:\/\/fullsolutions.info\/en\/wp-json\/wp\/v2\/media\/3539"}],"wp:attachment":[{"href":"https:\/\/fullsolutions.info\/en\/wp-json\/wp\/v2\/media?parent=3538"}],"wp:term":[{"taxonomy":"product_brand","embeddable":true,"href":"https:\/\/fullsolutions.info\/en\/wp-json\/wp\/v2\/product_brand?post=3538"},{"taxonomy":"product_cat","embeddable":true,"href":"https:\/\/fullsolutions.info\/en\/wp-json\/wp\/v2\/product_cat?post=3538"},{"taxonomy":"product_tag","embeddable":true,"href":"https:\/\/fullsolutions.info\/en\/wp-json\/wp\/v2\/product_tag?post=3538"},{"taxonomy":"marca","embeddable":true,"href":"https:\/\/fullsolutions.info\/en\/wp-json\/wp\/v2\/marca?post=3538"}],"curies":[{"name":"wp","href":"https:\/\/api.w.org\/{rel}","templated":true}]}}